{"id":26,"date":"2019-03-23T12:42:06","date_gmt":"2019-03-23T11:42:06","guid":{"rendered":"http:\/\/navi-express.com\/?page_id=26"},"modified":"2025-07-22T09:35:33","modified_gmt":"2025-07-22T07:35:33","slug":"impressum","status":"publish","type":"page","link":"https:\/\/www.navi-express.com\/en\/impressum\/","title":{"rendered":"Impressum"},"content":{"rendered":"<div data-elementor-type=\"wp-post\" data-elementor-id=\"26\" class=\"elementor elementor-26\">\n\t\t\t\t\t\t<section class=\"elementor-section elementor-top-section elementor-element elementor-element-6ede92c elementor-section-boxed elementor-section-height-default elementor-section-height-default\" data-id=\"6ede92c\" data-element_type=\"section\" data-e-type=\"section\">\n\t\t\t\t\t\t<div class=\"elementor-container elementor-column-gap-default\">\n\t\t\t\t\t<div class=\"elementor-column elementor-col-100 elementor-top-column elementor-element elementor-element-c07ae77\" data-id=\"c07ae77\" data-element_type=\"column\" data-e-type=\"column\">\n\t\t\t<div class=\"elementor-widget-wrap elementor-element-populated\">\n\t\t\t\t\t\t<div class=\"elementor-element elementor-element-20c9431 elementor-widget elementor-widget-text-editor\" data-id=\"20c9431\" data-element_type=\"widget\" data-e-type=\"widget\" data-widget_type=\"text-editor.default\">\n\t\t\t\t<div class=\"elementor-widget-container\">\n\t\t\t\t\t\t\t\t\t<div class=\"editor-block-list__layout\"><div id=\"block-5372801e-a9de-46cc-8b6c-5adc4845d8d7\" class=\"wp-block editor-block-list__block\" tabindex=\"0\" data-type=\"core\/heading\" aria-label=\"Block: \u00dcberschrift\"><div class=\"editor-block-list__block-edit\"><div data-block=\"5372801e-a9de-46cc-8b6c-5adc4845d8d7\"><div class=\"wp-block-heading editor-rich-text\"><div><div><div class=\"components-autocomplete\"><h1 class=\"editor-rich-text__tinymce\" role=\"textbox\" contenteditable=\"true\" aria-label=\"Schreibe \u00dcberschrift\u2026\" aria-autocomplete=\"list\" aria-multiline=\"true\" data-is-placeholder-visible=\"false\">Angaben gem\u00e4\u00df \u00a7 5 TMG<\/h1><\/div><\/div><\/div><\/div><\/div><\/div><\/div><div id=\"block-388eec2d-220e-4306-9455-47049a0a864e\" class=\"wp-block editor-block-list__block\" tabindex=\"0\" data-type=\"core\/paragraph\" aria-label=\"Block: Absatz\"><div class=\"components-drop-zone editor-block-drop-zone\">David Bader<\/div><div class=\"editor-block-list__block-edit\"><div data-block=\"388eec2d-220e-4306-9455-47049a0a864e\"><div><div class=\"editor-rich-text\"><div><div><div class=\"components-autocomplete\"><p class=\"wp-block-paragraph has-text-color has-very-dark-gray-color editor-rich-text__tinymce\" role=\"textbox\" contenteditable=\"true\" aria-label=\"Absatz-Block\" aria-autocomplete=\"list\" aria-multiline=\"true\" data-is-placeholder-visible=\"false\">Lindenweg, 34<br \/>97941 Tauberbischofsheim<br \/>Baden-W\u00fcrttemberg<br \/>Deutschland<\/p><\/div><\/div><\/div><\/div><\/div><\/div><\/div><\/div><div id=\"block-7a709dc4-12c6-4107-be17-7053f764d5d5\" class=\"wp-block editor-block-list__block\" tabindex=\"0\" data-type=\"core\/paragraph\" aria-label=\"Block: Absatz\"><div class=\"editor-block-list__insertion-point\"><div class=\"editor-block-list__insertion-point-inserter\" tabindex=\"-1\">\u00a0<\/div><\/div><div class=\"editor-block-list__block-edit\"><div data-block=\"7a709dc4-12c6-4107-be17-7053f764d5d5\"><div><div class=\"editor-rich-text\"><div><div><div class=\"components-autocomplete\"><p><strong>Contact<\/strong><\/p><\/div><\/div><\/div><\/div><\/div><\/div><\/div><\/div><div id=\"block-1e819b59-18da-417a-9a77-b956357c4373\" class=\"wp-block editor-block-list__block\" tabindex=\"0\" data-type=\"core\/paragraph\" aria-label=\"Block: Absatz\"><div class=\"editor-block-list__insertion-point\"><div class=\"editor-block-list__insertion-point-inserter\" tabindex=\"-1\"><div class=\"editor-inserter\">Telefon: 0176 41762378<\/div><\/div><\/div><div class=\"editor-block-list__block-edit\"><div data-block=\"1e819b59-18da-417a-9a77-b956357c4373\"><div><div class=\"editor-rich-text\"><div><div><div class=\"components-autocomplete\"><p class=\"wp-block-paragraph has-text-color has-very-dark-gray-color editor-rich-text__tinymce\" role=\"textbox\" contenteditable=\"true\" aria-label=\"Absatz-Block\" aria-autocomplete=\"list\" aria-multiline=\"true\" data-is-placeholder-visible=\"false\">E-Mail: navi-express@web.de<\/p><\/div><\/div><\/div><\/div><\/div><\/div><\/div><\/div><div id=\"block-1a323b2c-2a11-42bc-af19-1535d92f9d9e\" class=\"wp-block editor-block-list__block\" tabindex=\"0\" data-type=\"core\/heading\" aria-label=\"Block: \u00dcberschrift\"><div class=\"editor-block-list__insertion-point\"><div class=\"editor-block-list__insertion-point-inserter\" tabindex=\"-1\"><div><span style=\"color: #333333; font-size: 20px; font-weight: 600;\">Lucid-Nr.<\/span><\/div><div>DE5300159388303<\/div><div>\u00a0<\/div><div class=\"editor-inserter\"><span style=\"color: #333333; font-size: 20px; font-weight: 600;\">Umsatzsteuer-ID<\/span><\/div><\/div><\/div><\/div><div id=\"block-b58fce08-642a-4038-9762-21f12f8c48e2\" class=\"wp-block editor-block-list__block\" tabindex=\"0\" data-type=\"core\/paragraph\" aria-label=\"Block: Absatz\"><div class=\"editor-block-list__insertion-point\"><div class=\"editor-block-list__insertion-point-inserter\" tabindex=\"-1\"><div class=\"editor-inserter\">\u00a0<\/div><\/div><\/div><div class=\"editor-block-list__block-edit\"><div data-block=\"b58fce08-642a-4038-9762-21f12f8c48e2\"><div><div class=\"editor-rich-text\"><div><div><div class=\"components-autocomplete\"><p class=\"wp-block-paragraph has-text-color has-very-dark-gray-color editor-rich-text__tinymce\" role=\"textbox\" contenteditable=\"true\" aria-label=\"Absatz-Block\" aria-autocomplete=\"list\" aria-multiline=\"true\" data-is-placeholder-visible=\"false\">Umsatzsteuer-Identifikationsnummer gem\u00e4\u00df \u00a727 a Umsatzsteuergesetz:<br \/>DE 337588744<br \/>Kleinunternehmer gem\u00e4\u00df \u00a7 19 UStG<\/p><\/div><\/div><\/div><\/div><\/div><\/div><\/div><\/div><div id=\"block-1eeefee7-4bcb-47f3-9688-bae6a39901f3\" class=\"wp-block editor-block-list__block\" tabindex=\"0\" data-type=\"core\/heading\" aria-label=\"Block: \u00dcberschrift\"><div class=\"editor-block-list__insertion-point\"><div class=\"editor-block-list__insertion-point-inserter\" tabindex=\"-1\"><div class=\"editor-inserter\">\u00a0<\/div><\/div><\/div><div class=\"components-drop-zone editor-block-drop-zone\"><span style=\"color: #333333; font-size: 20px; font-weight: 600;\">Streitschlichtung<\/span><\/div><\/div><div id=\"block-adfdc3af-ada3-423c-bd0f-5d5154df106b\" class=\"wp-block editor-block-list__block\" tabindex=\"0\" data-type=\"core\/paragraph\" aria-label=\"Block: Absatz\"><div class=\"editor-block-list__insertion-point\"><div class=\"editor-block-list__insertion-point-inserter\" tabindex=\"-1\"><div class=\"editor-inserter\">\u00a0<\/div><\/div><\/div><div class=\"editor-block-list__block-edit\"><div data-block=\"adfdc3af-ada3-423c-bd0f-5d5154df106b\"><div><div class=\"editor-rich-text\"><div><div><div class=\"components-autocomplete\"><p class=\"wp-block-paragraph has-text-color has-very-dark-gray-color editor-rich-text__tinymce\" role=\"textbox\" contenteditable=\"true\" aria-label=\"Absatz-Block\" aria-autocomplete=\"list\" aria-multiline=\"true\" data-is-placeholder-visible=\"false\">Wir sind bereit, an einem Streitbeilegungsverfahren vor einer Verbraucherschlichtungsstelle teilzunehmen. Zust\u00e4ndig ist die Allgemeine Verbraucherschlichtsstelle des Zentrums f\u00fcr Schlichtung e.V., Stra\u00dfburger Stra\u00dfe 8, 77694 Kehl am Rhein, <a href=\"http:\/\/www.verbraucher-schlichter.de\/\" target=\"_blank\" rel=\"noreferrer noopener\" aria-label=\"www.verbraucher-schlichter.de (opens in a new tab)\">www.verbraucher-schlichter.de<\/a><\/p><\/div><\/div><\/div><\/div><\/div><\/div><\/div><\/div><div id=\"block-77e3a910-49f7-43ce-bf7c-396b055d7b00\" class=\"wp-block editor-block-list__block\" tabindex=\"0\" data-type=\"core\/heading\" aria-label=\"Block: \u00dcberschrift\"><div class=\"editor-block-list__insertion-point\"><div class=\"editor-block-list__insertion-point-inserter\" tabindex=\"-1\"><div class=\"editor-inserter\">\u00a0<\/div><\/div><\/div><div class=\"editor-block-list__block-edit\"><div data-block=\"77e3a910-49f7-43ce-bf7c-396b055d7b00\"><div class=\"wp-block-heading editor-rich-text\"><div><div><div class=\"components-autocomplete\"><h3 class=\"editor-rich-text__tinymce\" role=\"textbox\" contenteditable=\"true\" aria-label=\"Schreibe \u00dcberschrift\u2026\" aria-autocomplete=\"list\" aria-multiline=\"true\" data-is-placeholder-visible=\"false\">Haftung f\u00fcr Inhalte<\/h3><\/div><\/div><\/div><\/div><\/div><\/div><\/div><div id=\"block-252e0f35-2f69-44ab-83d0-9a71e8297fd7\" class=\"wp-block editor-block-list__block\" tabindex=\"0\" data-type=\"core\/paragraph\" aria-label=\"Block: Absatz\"><div class=\"editor-block-list__insertion-point\"><div class=\"editor-block-list__insertion-point-inserter\" tabindex=\"-1\"><div class=\"editor-inserter\">Als Diensteanbieter sind wir gem\u00e4\u00df \u00a7 7 Abs.1 TMG f\u00fcr eigene Inhalte auf diesen Seiten nach den allgemeinen Gesetzen verantwortlich. Nach \u00a7\u00a7 8 bis 10 TMG sind wir als Diensteanbieter jedoch nicht verpflichtet, \u00fcbermittelte oder gespeicherte fremde Informationen zu \u00fcberwachen oder nach Umst\u00e4nden zu forschen, die auf eine rechtswidrige T\u00e4tigkeit hinweisen.<\/div><\/div><\/div><\/div><div id=\"block-488296b4-929f-404b-ac39-77b5b835752d\" class=\"wp-block editor-block-list__block\" tabindex=\"0\" data-type=\"core\/paragraph\" aria-label=\"Block: Absatz\"><div class=\"editor-block-list__insertion-point\"><div class=\"editor-block-list__insertion-point-inserter\" tabindex=\"-1\"><div class=\"editor-inserter\">Verpflichtungen zur Entfernung oder Sperrung der Nutzung von Informationen nach den allgemeinen Gesetzen bleiben hiervon unber\u00fchrt. Eine diesbez\u00fcgliche Haftung ist jedoch erst ab dem Zeitpunkt der Kenntnis einer konkreten Rechtsverletzung m\u00f6glich. Bei Bekanntwerden von entsprechenden Rechtsverletzungen werden wir diese Inhalte umgehend entfernen.<\/div><\/div><\/div><\/div><div id=\"block-68af678a-b22c-4400-9876-3d3622fd56f0\" class=\"wp-block editor-block-list__block\" tabindex=\"0\" data-type=\"core\/heading\" aria-label=\"Block: \u00dcberschrift\"><div class=\"editor-block-list__insertion-point\"><div class=\"editor-block-list__insertion-point-inserter\" tabindex=\"-1\"><div class=\"editor-inserter\">\u00a0<\/div><\/div><\/div><div class=\"components-drop-zone editor-block-drop-zone\">\u00a0<\/div><div class=\"editor-block-list__block-edit\"><div data-block=\"68af678a-b22c-4400-9876-3d3622fd56f0\"><div class=\"wp-block-heading editor-rich-text\"><div><div><div class=\"components-autocomplete\"><h3 class=\"editor-rich-text__tinymce\" role=\"textbox\" contenteditable=\"true\" aria-label=\"Schreibe \u00dcberschrift\u2026\" aria-autocomplete=\"list\" aria-multiline=\"true\" data-is-placeholder-visible=\"false\">Haftung f\u00fcr Links<\/h3><\/div><\/div><\/div><\/div><\/div><\/div><\/div><div id=\"block-052c38cd-1706-42c1-a763-292fa5159e04\" class=\"wp-block editor-block-list__block\" tabindex=\"0\" data-type=\"core\/paragraph\" aria-label=\"Block: Absatz\"><div class=\"editor-block-list__insertion-point\"><div class=\"editor-block-list__insertion-point-inserter\" tabindex=\"-1\"><div class=\"editor-inserter\">Unser Angebot enth\u00e4lt Links zu externen Websites Dritter, auf deren Inhalte wir keinen Einfluss haben. Deshalb k\u00f6nnen wir f\u00fcr diese fremden Inhalte auch keine Gew\u00e4hr \u00fcbernehmen. F\u00fcr die Inhalte der verlinkten Seiten ist stets der jeweilige Anbieter oder Betreiber der Seiten verantwortlich. Die verlinkten Seiten wurden zum Zeitpunkt der Verlinkung auf m\u00f6gliche Rechtsverst\u00f6\u00dfe \u00fcberpr\u00fcft. Rechtswidrige Inhalte waren zum Zeitpunkt der Verlinkung nicht erkennbar. Eine permanente inhaltliche Kontrolle der verlinkten Seiten ist jedoch ohne konkrete Anhaltspunkte einer Rechtsverletzung nicht zumutbar. Bei Bekanntwerden von Rechtsverletzungen werden wir derartige Links umgehend entfernen.<\/div><\/div><\/div><\/div><div id=\"block-c090d411-53c6-41fa-b274-bab77637e28f\" class=\"wp-block editor-block-list__block\" tabindex=\"0\" data-type=\"core\/heading\" aria-label=\"Block: \u00dcberschrift\"><div class=\"editor-block-list__insertion-point\"><div class=\"editor-block-list__insertion-point-inserter\" tabindex=\"-1\"><div class=\"editor-inserter\">\u00a0<\/div><\/div><\/div><div class=\"components-drop-zone editor-block-drop-zone\">\u00a0<\/div><div class=\"editor-block-list__block-edit\"><div data-block=\"c090d411-53c6-41fa-b274-bab77637e28f\"><div class=\"wp-block-heading editor-rich-text\"><div><div><div class=\"components-autocomplete\"><h2 class=\"editor-rich-text__tinymce\" role=\"textbox\" contenteditable=\"true\" aria-label=\"Schreibe \u00dcberschrift\u2026\" aria-autocomplete=\"list\" aria-multiline=\"true\" data-is-placeholder-visible=\"false\">Urheberrecht<\/h2><\/div><\/div><\/div><\/div><\/div><\/div><\/div><div id=\"block-fb8be512-55e8-446d-9b6c-5ae83ea7c965\" class=\"wp-block editor-block-list__block is-hovered\" tabindex=\"0\" data-type=\"core\/paragraph\" aria-label=\"Block: Absatz\"><div class=\"editor-block-list__insertion-point\"><div class=\"editor-block-list__insertion-point-inserter\" tabindex=\"-1\"><div class=\"editor-inserter\">Die durch die Seitenbetreiber erstellten Inhalte und Werke auf diesen Seiten unterliegen dem deutschen Urheberrecht. Die Vervielf\u00e4ltigung, Bearbeitung, Verbreitung und jede Art der Verwertung au\u00dferhalb der Grenzen des Urheberrechtes bed\u00fcrfen der schriftlichen Zustimmung des jeweiligen Autors bzw. Erstellers. Downloads und Kopien dieser Seite sind nur f\u00fcr den privaten, nicht kommerziellen Gebrauch gestattet. Soweit die Inhalte auf dieser Seite nicht vom Betreiber erstellt wurden, werden die Urheberrechte Dritter beachtet. Insbesondere werden Inhalte Dritter als solche gekennzeichnet. Sollten Sie trotzdem auf eine Urheberrechtsverletzung aufmerksam werden, bitten wir um einen entsprechenden Hinweis. Bei Bekanntwerden von Rechtsverletzungen werden wir derartige Inhalte umgehend entfernen.<\/div><\/div><\/div><\/div><div>\u00a0<\/div><\/div>\t\t\t\t\t\t\t\t<\/div>\n\t\t\t\t<\/div>\n\t\t\t\t\t<\/div>\n\t\t<\/div>\n\t\t\t\t\t<\/div>\n\t\t<\/section>\n\t\t\t\t<\/div>","protected":false},"excerpt":{"rendered":"<p>Angaben gem\u00e4\u00df \u00a7 5 TMG David Bader Lindenweg, 3497941 TauberbischofsheimBaden-W\u00fcrttembergDeutschland \u00a0 Kontakt Telefon: 0176 41762378 E-Mail: navi-express@web.de Lucid-Nr.DE5300159388303\u00a0Umsatzsteuer-ID\u00a0 Umsatzsteuer-Identifikationsnummer gem\u00e4\u00df \u00a727 a Umsatzsteuergesetz:DE 337588744Kleinunternehmer gem\u00e4\u00df \u00a7 19 UStG \u00a0Streitschlichtung\u00a0 Wir sind bereit, an einem Streitbeilegungsverfahren vor einer Verbraucherschlichtungsstelle teilzunehmen. Zust\u00e4ndig ist die Allgemeine Verbraucherschlichtsstelle des Zentrums f\u00fcr Schlichtung e.V., Stra\u00dfburger Stra\u00dfe 8, 77694 Kehl am [&hellip;]<\/p>\n","protected":false},"author":1,"featured_media":0,"parent":0,"menu_order":0,"comment_status":"closed","ping_status":"closed","template":"","meta":{"ocean_post_layout":"full-width","ocean_both_sidebars_style":"","ocean_both_sidebars_content_width":0,"ocean_both_sidebars_sidebars_width":0,"ocean_sidebar":"0","ocean_second_sidebar":"0","ocean_disable_margins":"enable","ocean_add_body_class":"","ocean_shortcode_before_top_bar":"","ocean_shortcode_after_top_bar":"","ocean_shortcode_before_header":"","ocean_shortcode_after_header":"","ocean_has_shortcode":"","ocean_shortcode_after_title":"","ocean_shortcode_before_footer_widgets":"","ocean_shortcode_after_footer_widgets":"","ocean_shortcode_before_footer_bottom":"","ocean_shortcode_after_footer_bottom":"","ocean_display_top_bar":"default","ocean_display_header":"default","ocean_header_style":"","ocean_center_header_left_menu":"0","ocean_custom_header_template":"0","ocean_custom_logo":0,"ocean_custom_retina_logo":0,"ocean_custom_logo_max_width":0,"ocean_custom_logo_tablet_max_width":0,"ocean_custom_logo_mobile_max_width":0,"ocean_custom_logo_max_height":0,"ocean_custom_logo_tablet_max_height":0,"ocean_custom_logo_mobile_max_height":0,"ocean_header_custom_menu":"0","ocean_menu_typo_font_family":"0","ocean_menu_typo_font_subset":"","ocean_menu_typo_font_size":0,"ocean_menu_typo_font_size_tablet":0,"ocean_menu_typo_font_size_mobile":0,"ocean_menu_typo_font_size_unit":"px","ocean_menu_typo_font_weight":"","ocean_menu_typo_font_weight_tablet":"","ocean_menu_typo_font_weight_mobile":"","ocean_menu_typo_transform":"","ocean_menu_typo_transform_tablet":"","ocean_menu_typo_transform_mobile":"","ocean_menu_typo_line_height":0,"ocean_menu_typo_line_height_tablet":0,"ocean_menu_typo_line_height_mobile":0,"ocean_menu_typo_line_height_unit":"","ocean_menu_typo_spacing":0,"ocean_menu_typo_spacing_tablet":0,"ocean_menu_typo_spacing_mobile":0,"ocean_menu_typo_spacing_unit":"","ocean_menu_link_color":"","ocean_menu_link_color_hover":"","ocean_menu_link_color_active":"","ocean_menu_link_background":"","ocean_menu_link_hover_background":"","ocean_menu_link_active_background":"","ocean_menu_social_links_bg":"","ocean_menu_social_hover_links_bg":"","ocean_menu_social_links_color":"","ocean_menu_social_hover_links_color":"","ocean_disable_title":"default","ocean_disable_heading":"default","ocean_post_title":"","ocean_post_subheading":"","ocean_post_title_style":"","ocean_post_title_background_color":"","ocean_post_title_background":0,"ocean_post_title_bg_image_position":"","ocean_post_title_bg_image_attachment":"","ocean_post_title_bg_image_repeat":"","ocean_post_title_bg_image_size":"","ocean_post_title_height":0,"ocean_post_title_bg_overlay":0.5,"ocean_post_title_bg_overlay_color":"","ocean_disable_breadcrumbs":"default","ocean_breadcrumbs_color":"","ocean_breadcrumbs_separator_color":"","ocean_breadcrumbs_links_color":"","ocean_breadcrumbs_links_hover_color":"","ocean_display_footer_widgets":"default","ocean_display_footer_bottom":"default","ocean_custom_footer_template":"0","footnotes":""},"class_list":["post-26","page","type-page","status-publish","hentry","entry","owp-thumbs-layout-horizontal","owp-btn-normal","owp-tabs-layout-horizontal","has-no-thumbnails"],"yoast_head":"<!-- This site is optimized with the Yoast SEO plugin v27.5 - https:\/\/yoast.com\/product\/yoast-seo-wordpress\/ -->\n<title>Impressum - Navi-Express<\/title>\n<meta name=\"robots\" content=\"index, follow, max-snippet:-1, max-image-preview:large, max-video-preview:-1\" \/>\n<link rel=\"canonical\" href=\"https:\/\/www.navi-express.com\/en\/impressum\/\" \/>\n<meta property=\"og:locale\" content=\"en_US\" \/>\n<meta property=\"og:type\" content=\"article\" \/>\n<meta property=\"og:title\" content=\"Impressum - Navi-Express\" \/>\n<meta property=\"og:description\" content=\"Angaben gem\u00e4\u00df \u00a7 5 TMG David Bader Lindenweg, 3497941 TauberbischofsheimBaden-W\u00fcrttembergDeutschland \u00a0 Kontakt Telefon: 0176 41762378 E-Mail: navi-express@web.de Lucid-Nr.DE5300159388303\u00a0Umsatzsteuer-ID\u00a0 Umsatzsteuer-Identifikationsnummer gem\u00e4\u00df \u00a727 a Umsatzsteuergesetz:DE 337588744Kleinunternehmer gem\u00e4\u00df \u00a7 19 UStG \u00a0Streitschlichtung\u00a0 Wir sind bereit, an einem Streitbeilegungsverfahren vor einer Verbraucherschlichtungsstelle teilzunehmen. Zust\u00e4ndig ist die Allgemeine Verbraucherschlichtsstelle des Zentrums f\u00fcr Schlichtung e.V., Stra\u00dfburger Stra\u00dfe 8, 77694 Kehl am [&hellip;]\" \/>\n<meta property=\"og:url\" content=\"https:\/\/www.navi-express.com\/en\/impressum\/\" \/>\n<meta property=\"og:site_name\" content=\"Navi-Express\" \/>\n<meta property=\"article:modified_time\" content=\"2025-07-22T07:35:33+00:00\" \/>\n<meta name=\"twitter:card\" content=\"summary_large_image\" \/>\n<meta name=\"twitter:label1\" content=\"Est. reading time\" \/>\n\t<meta name=\"twitter:data1\" content=\"2 minutes\" \/>\n<script type=\"application\/ld+json\" class=\"yoast-schema-graph\">{\"@context\":\"https:\\\/\\\/schema.org\",\"@graph\":[{\"@type\":\"WebPage\",\"@id\":\"https:\\\/\\\/www.navi-express.com\\\/impressum\\\/\",\"url\":\"https:\\\/\\\/www.navi-express.com\\\/impressum\\\/\",\"name\":\"Impressum - Navi-Express\",\"isPartOf\":{\"@id\":\"https:\\\/\\\/www.navi-express.com\\\/#website\"},\"datePublished\":\"2019-03-23T11:42:06+00:00\",\"dateModified\":\"2025-07-22T07:35:33+00:00\",\"breadcrumb\":{\"@id\":\"https:\\\/\\\/www.navi-express.com\\\/impressum\\\/#breadcrumb\"},\"inLanguage\":\"en-US\",\"potentialAction\":[{\"@type\":\"ReadAction\",\"target\":[\"https:\\\/\\\/www.navi-express.com\\\/impressum\\\/\"]}]},{\"@type\":\"BreadcrumbList\",\"@id\":\"https:\\\/\\\/www.navi-express.com\\\/impressum\\\/#breadcrumb\",\"itemListElement\":[{\"@type\":\"ListItem\",\"position\":1,\"name\":\"Startseite\",\"item\":\"https:\\\/\\\/www.navi-express.com\\\/\"},{\"@type\":\"ListItem\",\"position\":2,\"name\":\"Impressum\"}]},{\"@type\":\"WebSite\",\"@id\":\"https:\\\/\\\/www.navi-express.com\\\/#website\",\"url\":\"https:\\\/\\\/www.navi-express.com\\\/\",\"name\":\"Navi-Express\",\"description\":\"Ihr Experte f\u00fcr Navigation\",\"publisher\":{\"@id\":\"https:\\\/\\\/www.navi-express.com\\\/#organization\"},\"alternateName\":\"NE\",\"potentialAction\":[{\"@type\":\"SearchAction\",\"target\":{\"@type\":\"EntryPoint\",\"urlTemplate\":\"https:\\\/\\\/www.navi-express.com\\\/?s={search_term_string}\"},\"query-input\":{\"@type\":\"PropertyValueSpecification\",\"valueRequired\":true,\"valueName\":\"search_term_string\"}}],\"inLanguage\":\"en-US\"},{\"@type\":\"Organization\",\"@id\":\"https:\\\/\\\/www.navi-express.com\\\/#organization\",\"name\":\"Navi-Express\",\"alternateName\":\"NE\",\"url\":\"https:\\\/\\\/www.navi-express.com\\\/\",\"logo\":{\"@type\":\"ImageObject\",\"inLanguage\":\"en-US\",\"@id\":\"https:\\\/\\\/www.navi-express.com\\\/#\\\/schema\\\/logo\\\/image\\\/\",\"url\":\"https:\\\/\\\/www.navi-express.com\\\/wp-content\\\/uploads\\\/2019\\\/03\\\/cropped-logo-transpbearb-1.png\",\"contentUrl\":\"https:\\\/\\\/www.navi-express.com\\\/wp-content\\\/uploads\\\/2019\\\/03\\\/cropped-logo-transpbearb-1.png\",\"width\":512,\"height\":512,\"caption\":\"Navi-Express\"},\"image\":{\"@id\":\"https:\\\/\\\/www.navi-express.com\\\/#\\\/schema\\\/logo\\\/image\\\/\"}}]}<\/script>\n<!-- \/ Yoast SEO plugin. -->","yoast_head_json":{"title":"Impressum - Navi-Express","robots":{"index":"index","follow":"follow","max-snippet":"max-snippet:-1","max-image-preview":"max-image-preview:large","max-video-preview":"max-video-preview:-1"},"canonical":"https:\/\/www.navi-express.com\/en\/impressum\/","og_locale":"en_US","og_type":"article","og_title":"Impressum - Navi-Express","og_description":"Angaben gem\u00e4\u00df \u00a7 5 TMG David Bader Lindenweg, 3497941 TauberbischofsheimBaden-W\u00fcrttembergDeutschland \u00a0 Kontakt Telefon: 0176 41762378 E-Mail: navi-express@web.de Lucid-Nr.DE5300159388303\u00a0Umsatzsteuer-ID\u00a0 Umsatzsteuer-Identifikationsnummer gem\u00e4\u00df \u00a727 a Umsatzsteuergesetz:DE 337588744Kleinunternehmer gem\u00e4\u00df \u00a7 19 UStG \u00a0Streitschlichtung\u00a0 Wir sind bereit, an einem Streitbeilegungsverfahren vor einer Verbraucherschlichtungsstelle teilzunehmen. Zust\u00e4ndig ist die Allgemeine Verbraucherschlichtsstelle des Zentrums f\u00fcr Schlichtung e.V., Stra\u00dfburger Stra\u00dfe 8, 77694 Kehl am [&hellip;]","og_url":"https:\/\/www.navi-express.com\/en\/impressum\/","og_site_name":"Navi-Express","article_modified_time":"2025-07-22T07:35:33+00:00","twitter_card":"summary_large_image","twitter_misc":{"Est. reading time":"2 minutes"},"schema":{"@context":"https:\/\/schema.org","@graph":[{"@type":"WebPage","@id":"https:\/\/www.navi-express.com\/impressum\/","url":"https:\/\/www.navi-express.com\/impressum\/","name":"Impressum - Navi-Express","isPartOf":{"@id":"https:\/\/www.navi-express.com\/#website"},"datePublished":"2019-03-23T11:42:06+00:00","dateModified":"2025-07-22T07:35:33+00:00","breadcrumb":{"@id":"https:\/\/www.navi-express.com\/impressum\/#breadcrumb"},"inLanguage":"en-US","potentialAction":[{"@type":"ReadAction","target":["https:\/\/www.navi-express.com\/impressum\/"]}]},{"@type":"BreadcrumbList","@id":"https:\/\/www.navi-express.com\/impressum\/#breadcrumb","itemListElement":[{"@type":"ListItem","position":1,"name":"Startseite","item":"https:\/\/www.navi-express.com\/"},{"@type":"ListItem","position":2,"name":"Impressum"}]},{"@type":"WebSite","@id":"https:\/\/www.navi-express.com\/#website","url":"https:\/\/www.navi-express.com\/","name":"Navi-Express","description":"Ihr Experte f\u00fcr Navigation","publisher":{"@id":"https:\/\/www.navi-express.com\/#organization"},"alternateName":"NE","potentialAction":[{"@type":"SearchAction","target":{"@type":"EntryPoint","urlTemplate":"https:\/\/www.navi-express.com\/?s={search_term_string}"},"query-input":{"@type":"PropertyValueSpecification","valueRequired":true,"valueName":"search_term_string"}}],"inLanguage":"en-US"},{"@type":"Organization","@id":"https:\/\/www.navi-express.com\/#organization","name":"Navi-Express","alternateName":"NE","url":"https:\/\/www.navi-express.com\/","logo":{"@type":"ImageObject","inLanguage":"en-US","@id":"https:\/\/www.navi-express.com\/#\/schema\/logo\/image\/","url":"https:\/\/www.navi-express.com\/wp-content\/uploads\/2019\/03\/cropped-logo-transpbearb-1.png","contentUrl":"https:\/\/www.navi-express.com\/wp-content\/uploads\/2019\/03\/cropped-logo-transpbearb-1.png","width":512,"height":512,"caption":"Navi-Express"},"image":{"@id":"https:\/\/www.navi-express.com\/#\/schema\/logo\/image\/"}}]}},"_links":{"self":[{"href":"https:\/\/www.navi-express.com\/en\/wp-json\/wp\/v2\/pages\/26","targetHints":{"allow":["GET"]}}],"collection":[{"href":"https:\/\/www.navi-express.com\/en\/wp-json\/wp\/v2\/pages"}],"about":[{"href":"https:\/\/www.navi-express.com\/en\/wp-json\/wp\/v2\/types\/page"}],"author":[{"embeddable":true,"href":"https:\/\/www.navi-express.com\/en\/wp-json\/wp\/v2\/users\/1"}],"replies":[{"embeddable":true,"href":"https:\/\/www.navi-express.com\/en\/wp-json\/wp\/v2\/comments?post=26"}],"version-history":[{"count":12,"href":"https:\/\/www.navi-express.com\/en\/wp-json\/wp\/v2\/pages\/26\/revisions"}],"predecessor-version":[{"id":5091,"href":"https:\/\/www.navi-express.com\/en\/wp-json\/wp\/v2\/pages\/26\/revisions\/5091"}],"wp:attachment":[{"href":"https:\/\/www.navi-express.com\/en\/wp-json\/wp\/v2\/media?parent=26"}],"curies":[{"name":"wp","href":"https:\/\/api.w.org\/{rel}","templated":true}]}}