{"id":5702,"date":"2025-12-04T10:25:23","date_gmt":"2025-12-04T09:25:23","guid":{"rendered":"https:\/\/www.navi-express.com\/?page_id=5702"},"modified":"2025-12-04T11:12:09","modified_gmt":"2025-12-04T10:12:09","slug":"erklaerung-zur-barrierefreiheit-fuer-digitale-angebote","status":"publish","type":"page","link":"https:\/\/www.navi-express.com\/en\/erklaerung-zur-barrierefreiheit-fuer-digitale-angebote\/","title":{"rendered":"Barrierefreiheit"},"content":{"rendered":"<div data-elementor-type=\"wp-page\" data-elementor-id=\"5702\" class=\"elementor elementor-5702\">\n\t\t\t\t<section class=\"elementor-section elementor-top-section elementor-element elementor-element-6f630847 elementor-section-boxed elementor-section-height-default elementor-section-height-default\" data-id=\"6f630847\" data-element_type=\"section\" data-e-type=\"section\">\n\t\t\t\t\t\t<div class=\"elementor-container elementor-column-gap-default\">\n\t\t\t\t\t<div class=\"elementor-column elementor-col-100 elementor-top-column elementor-element elementor-element-3d7683b3\" data-id=\"3d7683b3\" data-element_type=\"column\" data-e-type=\"column\">\n\t\t\t<div class=\"elementor-widget-wrap elementor-element-populated\">\n\t\t\t\t\t\t<div class=\"elementor-element elementor-element-1e168723 elementor-widget elementor-widget-text-editor\" data-id=\"1e168723\" data-element_type=\"widget\" data-e-type=\"widget\" data-widget_type=\"text-editor.default\">\n\t\t\t\t<div class=\"elementor-widget-container\"><h3><span style=\"color: #000000;\"><strong>Erkl\u00e4rung zur Barrierefreiheit (f\u00fcr digitale Angebote)<\/strong><\/span><\/h3>\n<p><strong><\/strong><\/p>\n<p><span style=\"color: #000000;\">Unser Unternehmen ist gem\u00e4\u00df den gesetzlichen Bestimmungen vom Anwendungsbereich der Barrierefreiheitsanforderungen und somit von der Pflicht zur Erstellung und Bereitstellung einer Barrierefreiheitserkl\u00e4rung ausgenommen.<\/span><\/p>\n<p><span style=\"color: #000000;\"><\/span><\/p>\n<p><span style=\"color: #000000;\">Gerne k\u00f6nnen Sie uns \u00fcber das <\/span><a href=\"https:\/\/www.navi-express.com\/en\/kontakt\/\">Kontaktformular<\/a><span style=\"color: #000000;\"> oder per E-Mail an navi-express@web.de kontaktieren.<\/span><\/p>\n<p><span style=\"color: #000000;\"><\/span><\/p>\n<p><span style=\"color: #000000;\">Alle Kontaktinformationen finden Sie auch im Men\u00fcpunkt <\/span><a href=\"https:\/\/www.navi-express.com\/en\/kontakt\/\">Contact<\/a><span style=\"color: #000000;\">.<\/span><\/p>\n<p><span style=\"color: #000000;\"><\/span><\/p>\n<p><span style=\"color: #000000;\">Wir helfen Ihnen sehr gerne weiter!<\/span><\/p><\/div>\n\t\t\t\t<\/div>\n\t\t\t\t\t<\/div>\n\t\t<\/div>\n\t\t\t\t\t<\/div>\n\t\t<\/section>\t\t<\/div>","protected":false},"excerpt":{"rendered":"<p>Erkl\u00e4rung zur Barrierefreiheit (f\u00fcr digitale Angebote) Unser Unternehmen ist gem\u00e4\u00df den gesetzlichen Bestimmungen vom Anwendungsbereich der Barrierefreiheitsanforderungen und somit von der Pflicht zur Erstellung und Bereitstellung einer Barrierefreiheitserkl\u00e4rung ausgenommen. Gerne k\u00f6nnen Sie uns \u00fcber das Kontaktformular oder per E-Mail an navi-express@web.de kontaktieren. Alle Kontaktinformationen finden Sie auch im Men\u00fcpunkt Kontakt. Wir helfen Ihnen sehr gerne [&hellip;]<\/p>\n","protected":false},"author":1,"featured_media":0,"parent":0,"menu_order":0,"comment_status":"closed","ping_status":"closed","template":"","meta":{"ocean_post_layout":"full-width","ocean_both_sidebars_style":"","ocean_both_sidebars_content_width":0,"ocean_both_sidebars_sidebars_width":0,"ocean_sidebar":"","ocean_second_sidebar":"","ocean_disable_margins":"enable","ocean_add_body_class":"","ocean_shortcode_before_top_bar":"","ocean_shortcode_after_top_bar":"","ocean_shortcode_before_header":"","ocean_shortcode_after_header":"","ocean_has_shortcode":"","ocean_shortcode_after_title":"","ocean_shortcode_before_footer_widgets":"","ocean_shortcode_after_footer_widgets":"","ocean_shortcode_before_footer_bottom":"","ocean_shortcode_after_footer_bottom":"","ocean_display_top_bar":"default","ocean_display_header":"default","ocean_header_style":"","ocean_center_header_left_menu":"","ocean_custom_header_template":"","ocean_custom_logo":0,"ocean_custom_retina_logo":0,"ocean_custom_logo_max_width":0,"ocean_custom_logo_tablet_max_width":0,"ocean_custom_logo_mobile_max_width":0,"ocean_custom_logo_max_height":0,"ocean_custom_logo_tablet_max_height":0,"ocean_custom_logo_mobile_max_height":0,"ocean_header_custom_menu":"","ocean_menu_typo_font_family":"","ocean_menu_typo_font_subset":"","ocean_menu_typo_font_size":0,"ocean_menu_typo_font_size_tablet":0,"ocean_menu_typo_font_size_mobile":0,"ocean_menu_typo_font_size_unit":"px","ocean_menu_typo_font_weight":"","ocean_menu_typo_font_weight_tablet":"","ocean_menu_typo_font_weight_mobile":"","ocean_menu_typo_transform":"","ocean_menu_typo_transform_tablet":"","ocean_menu_typo_transform_mobile":"","ocean_menu_typo_line_height":0,"ocean_menu_typo_line_height_tablet":0,"ocean_menu_typo_line_height_mobile":0,"ocean_menu_typo_line_height_unit":"","ocean_menu_typo_spacing":0,"ocean_menu_typo_spacing_tablet":0,"ocean_menu_typo_spacing_mobile":0,"ocean_menu_typo_spacing_unit":"","ocean_menu_link_color":"","ocean_menu_link_color_hover":"","ocean_menu_link_color_active":"","ocean_menu_link_background":"","ocean_menu_link_hover_background":"","ocean_menu_link_active_background":"","ocean_menu_social_links_bg":"","ocean_menu_social_hover_links_bg":"","ocean_menu_social_links_color":"","ocean_menu_social_hover_links_color":"","ocean_disable_title":"default","ocean_disable_heading":"default","ocean_post_title":"","ocean_post_subheading":"","ocean_post_title_style":"","ocean_post_title_background_color":"","ocean_post_title_background":0,"ocean_post_title_bg_image_position":"","ocean_post_title_bg_image_attachment":"","ocean_post_title_bg_image_repeat":"","ocean_post_title_bg_image_size":"","ocean_post_title_height":0,"ocean_post_title_bg_overlay":0.5,"ocean_post_title_bg_overlay_color":"","ocean_disable_breadcrumbs":"default","ocean_breadcrumbs_color":"","ocean_breadcrumbs_separator_color":"","ocean_breadcrumbs_links_color":"","ocean_breadcrumbs_links_hover_color":"","ocean_display_footer_widgets":"default","ocean_display_footer_bottom":"default","ocean_custom_footer_template":"","footnotes":""},"class_list":["post-5702","page","type-page","status-publish","hentry","entry","owp-thumbs-layout-horizontal","owp-btn-normal","owp-tabs-layout-horizontal","has-no-thumbnails"],"yoast_head":"<!-- This site is optimized with the Yoast SEO plugin v27.4 - https:\/\/yoast.com\/product\/yoast-seo-wordpress\/ -->\n<title>Barrierefreiheit - Navi-Express<\/title>\n<meta name=\"robots\" content=\"index, follow, max-snippet:-1, max-image-preview:large, max-video-preview:-1\" \/>\n<link rel=\"canonical\" href=\"https:\/\/www.navi-express.com\/en\/erklaerung-zur-barrierefreiheit-fuer-digitale-angebote\/\" \/>\n<meta property=\"og:locale\" content=\"en_US\" \/>\n<meta property=\"og:type\" content=\"article\" \/>\n<meta property=\"og:title\" content=\"Barrierefreiheit - Navi-Express\" \/>\n<meta property=\"og:description\" content=\"Erkl\u00e4rung zur Barrierefreiheit (f\u00fcr digitale Angebote) Unser Unternehmen ist gem\u00e4\u00df den gesetzlichen Bestimmungen vom Anwendungsbereich der Barrierefreiheitsanforderungen und somit von der Pflicht zur Erstellung und Bereitstellung einer Barrierefreiheitserkl\u00e4rung ausgenommen. Gerne k\u00f6nnen Sie uns \u00fcber das Kontaktformular oder per E-Mail an navi-express@web.de kontaktieren. Alle Kontaktinformationen finden Sie auch im Men\u00fcpunkt Kontakt. Wir helfen Ihnen sehr gerne [&hellip;]\" \/>\n<meta property=\"og:url\" content=\"https:\/\/www.navi-express.com\/en\/erklaerung-zur-barrierefreiheit-fuer-digitale-angebote\/\" \/>\n<meta property=\"og:site_name\" content=\"Navi-Express\" \/>\n<meta property=\"article:modified_time\" content=\"2025-12-04T10:12:09+00:00\" \/>\n<meta name=\"twitter:card\" content=\"summary_large_image\" \/>\n<meta name=\"twitter:label1\" content=\"Est. reading time\" \/>\n\t<meta name=\"twitter:data1\" content=\"1 minute\" \/>\n<script type=\"application\/ld+json\" class=\"yoast-schema-graph\">{\"@context\":\"https:\\\/\\\/schema.org\",\"@graph\":[{\"@type\":\"WebPage\",\"@id\":\"https:\\\/\\\/www.navi-express.com\\\/erklaerung-zur-barrierefreiheit-fuer-digitale-angebote\\\/\",\"url\":\"https:\\\/\\\/www.navi-express.com\\\/erklaerung-zur-barrierefreiheit-fuer-digitale-angebote\\\/\",\"name\":\"Barrierefreiheit - Navi-Express\",\"isPartOf\":{\"@id\":\"https:\\\/\\\/www.navi-express.com\\\/#website\"},\"datePublished\":\"2025-12-04T09:25:23+00:00\",\"dateModified\":\"2025-12-04T10:12:09+00:00\",\"breadcrumb\":{\"@id\":\"https:\\\/\\\/www.navi-express.com\\\/erklaerung-zur-barrierefreiheit-fuer-digitale-angebote\\\/#breadcrumb\"},\"inLanguage\":\"en-US\",\"potentialAction\":[{\"@type\":\"ReadAction\",\"target\":[\"https:\\\/\\\/www.navi-express.com\\\/erklaerung-zur-barrierefreiheit-fuer-digitale-angebote\\\/\"]}]},{\"@type\":\"BreadcrumbList\",\"@id\":\"https:\\\/\\\/www.navi-express.com\\\/erklaerung-zur-barrierefreiheit-fuer-digitale-angebote\\\/#breadcrumb\",\"itemListElement\":[{\"@type\":\"ListItem\",\"position\":1,\"name\":\"Startseite\",\"item\":\"https:\\\/\\\/www.navi-express.com\\\/\"},{\"@type\":\"ListItem\",\"position\":2,\"name\":\"Barrierefreiheit\"}]},{\"@type\":\"WebSite\",\"@id\":\"https:\\\/\\\/www.navi-express.com\\\/#website\",\"url\":\"https:\\\/\\\/www.navi-express.com\\\/\",\"name\":\"Navi-Express\",\"description\":\"Ihr Experte f\u00fcr Navigation\",\"publisher\":{\"@id\":\"https:\\\/\\\/www.navi-express.com\\\/#organization\"},\"alternateName\":\"NE\",\"potentialAction\":[{\"@type\":\"SearchAction\",\"target\":{\"@type\":\"EntryPoint\",\"urlTemplate\":\"https:\\\/\\\/www.navi-express.com\\\/?s={search_term_string}\"},\"query-input\":{\"@type\":\"PropertyValueSpecification\",\"valueRequired\":true,\"valueName\":\"search_term_string\"}}],\"inLanguage\":\"en-US\"},{\"@type\":\"Organization\",\"@id\":\"https:\\\/\\\/www.navi-express.com\\\/#organization\",\"name\":\"Navi-Express\",\"alternateName\":\"NE\",\"url\":\"https:\\\/\\\/www.navi-express.com\\\/\",\"logo\":{\"@type\":\"ImageObject\",\"inLanguage\":\"en-US\",\"@id\":\"https:\\\/\\\/www.navi-express.com\\\/#\\\/schema\\\/logo\\\/image\\\/\",\"url\":\"https:\\\/\\\/www.navi-express.com\\\/wp-content\\\/uploads\\\/2019\\\/03\\\/cropped-logo-transpbearb-1.png\",\"contentUrl\":\"https:\\\/\\\/www.navi-express.com\\\/wp-content\\\/uploads\\\/2019\\\/03\\\/cropped-logo-transpbearb-1.png\",\"width\":512,\"height\":512,\"caption\":\"Navi-Express\"},\"image\":{\"@id\":\"https:\\\/\\\/www.navi-express.com\\\/#\\\/schema\\\/logo\\\/image\\\/\"}}]}<\/script>\n<!-- \/ Yoast SEO plugin. -->","yoast_head_json":{"title":"Barrierefreiheit - Navi-Express","robots":{"index":"index","follow":"follow","max-snippet":"max-snippet:-1","max-image-preview":"max-image-preview:large","max-video-preview":"max-video-preview:-1"},"canonical":"https:\/\/www.navi-express.com\/en\/erklaerung-zur-barrierefreiheit-fuer-digitale-angebote\/","og_locale":"en_US","og_type":"article","og_title":"Barrierefreiheit - Navi-Express","og_description":"Erkl\u00e4rung zur Barrierefreiheit (f\u00fcr digitale Angebote) Unser Unternehmen ist gem\u00e4\u00df den gesetzlichen Bestimmungen vom Anwendungsbereich der Barrierefreiheitsanforderungen und somit von der Pflicht zur Erstellung und Bereitstellung einer Barrierefreiheitserkl\u00e4rung ausgenommen. Gerne k\u00f6nnen Sie uns \u00fcber das Kontaktformular oder per E-Mail an navi-express@web.de kontaktieren. Alle Kontaktinformationen finden Sie auch im Men\u00fcpunkt Kontakt. Wir helfen Ihnen sehr gerne [&hellip;]","og_url":"https:\/\/www.navi-express.com\/en\/erklaerung-zur-barrierefreiheit-fuer-digitale-angebote\/","og_site_name":"Navi-Express","article_modified_time":"2025-12-04T10:12:09+00:00","twitter_card":"summary_large_image","twitter_misc":{"Est. reading time":"1 minute"},"schema":{"@context":"https:\/\/schema.org","@graph":[{"@type":"WebPage","@id":"https:\/\/www.navi-express.com\/erklaerung-zur-barrierefreiheit-fuer-digitale-angebote\/","url":"https:\/\/www.navi-express.com\/erklaerung-zur-barrierefreiheit-fuer-digitale-angebote\/","name":"Barrierefreiheit - Navi-Express","isPartOf":{"@id":"https:\/\/www.navi-express.com\/#website"},"datePublished":"2025-12-04T09:25:23+00:00","dateModified":"2025-12-04T10:12:09+00:00","breadcrumb":{"@id":"https:\/\/www.navi-express.com\/erklaerung-zur-barrierefreiheit-fuer-digitale-angebote\/#breadcrumb"},"inLanguage":"en-US","potentialAction":[{"@type":"ReadAction","target":["https:\/\/www.navi-express.com\/erklaerung-zur-barrierefreiheit-fuer-digitale-angebote\/"]}]},{"@type":"BreadcrumbList","@id":"https:\/\/www.navi-express.com\/erklaerung-zur-barrierefreiheit-fuer-digitale-angebote\/#breadcrumb","itemListElement":[{"@type":"ListItem","position":1,"name":"Startseite","item":"https:\/\/www.navi-express.com\/"},{"@type":"ListItem","position":2,"name":"Barrierefreiheit"}]},{"@type":"WebSite","@id":"https:\/\/www.navi-express.com\/#website","url":"https:\/\/www.navi-express.com\/","name":"Navi-Express","description":"Ihr Experte f\u00fcr Navigation","publisher":{"@id":"https:\/\/www.navi-express.com\/#organization"},"alternateName":"NE","potentialAction":[{"@type":"SearchAction","target":{"@type":"EntryPoint","urlTemplate":"https:\/\/www.navi-express.com\/?s={search_term_string}"},"query-input":{"@type":"PropertyValueSpecification","valueRequired":true,"valueName":"search_term_string"}}],"inLanguage":"en-US"},{"@type":"Organization","@id":"https:\/\/www.navi-express.com\/#organization","name":"Navi-Express","alternateName":"NE","url":"https:\/\/www.navi-express.com\/","logo":{"@type":"ImageObject","inLanguage":"en-US","@id":"https:\/\/www.navi-express.com\/#\/schema\/logo\/image\/","url":"https:\/\/www.navi-express.com\/wp-content\/uploads\/2019\/03\/cropped-logo-transpbearb-1.png","contentUrl":"https:\/\/www.navi-express.com\/wp-content\/uploads\/2019\/03\/cropped-logo-transpbearb-1.png","width":512,"height":512,"caption":"Navi-Express"},"image":{"@id":"https:\/\/www.navi-express.com\/#\/schema\/logo\/image\/"}}]}},"_links":{"self":[{"href":"https:\/\/www.navi-express.com\/en\/wp-json\/wp\/v2\/pages\/5702","targetHints":{"allow":["GET"]}}],"collection":[{"href":"https:\/\/www.navi-express.com\/en\/wp-json\/wp\/v2\/pages"}],"about":[{"href":"https:\/\/www.navi-express.com\/en\/wp-json\/wp\/v2\/types\/page"}],"author":[{"embeddable":true,"href":"https:\/\/www.navi-express.com\/en\/wp-json\/wp\/v2\/users\/1"}],"replies":[{"embeddable":true,"href":"https:\/\/www.navi-express.com\/en\/wp-json\/wp\/v2\/comments?post=5702"}],"version-history":[{"count":19,"href":"https:\/\/www.navi-express.com\/en\/wp-json\/wp\/v2\/pages\/5702\/revisions"}],"predecessor-version":[{"id":5725,"href":"https:\/\/www.navi-express.com\/en\/wp-json\/wp\/v2\/pages\/5702\/revisions\/5725"}],"wp:attachment":[{"href":"https:\/\/www.navi-express.com\/en\/wp-json\/wp\/v2\/media?parent=5702"}],"curies":[{"name":"wp","href":"https:\/\/api.w.org\/{rel}","templated":true}]}}