{"id":1498,"date":"2023-11-21T12:17:36","date_gmt":"2023-11-21T11:17:36","guid":{"rendered":"https:\/\/www.navi-express.com\/?post_type=product&#038;p=1498"},"modified":"2026-02-09T11:11:01","modified_gmt":"2026-02-09T10:11:01","slug":"erstinstallation-aktivierung-sd-karte-garmin-map-pilot-audio-20-ntg5-star2-europa-2017-2018","status":"publish","type":"product","link":"https:\/\/www.navi-express.com\/en\/shop\/mercedes-benz\/mercedes-benz-navigation-sd-karte-garmin-map-pilot\/ntg5-star2\/erstinstallation-aktivierung-sd-karte-garmin-map-pilot-audio-20-ntg5-star2-europa-2017-2018\/","title":{"rendered":"Erstinstallation Aktivierung SD Karte Garmin MAP PILOT Audio 20 NTG5 Star2 Europa 2017\/2018"},"content":{"rendered":"<p><span style=\"color: #000000;\"><strong>Original + NEU + IN FOLIE VERSCHWEI\u00dfT<\/strong><\/span><\/p>\n<p><span style=\"color: #000000;\"><strong>Mercedes-Benz\u00a0<\/strong><strong>Erstinstallation Erstinbetriebnahme Aktivierung SD Speicherkarte<\/strong><\/span><\/p>\n<p><span style=\"color: #000000;\"><strong>geeignet f\u00fcr GARMIN MAP PILOT NTG5 STAR2<\/strong><\/span><\/p>\n<p><span style=\"color: #000000;\"><strong>Die SD Karte beinhaltet Software-Daten zur Aktivierung sowie Europa Karten von 2017\/2018<\/strong><\/span><\/p>\n<p><span style=\"color: #000000;\"><strong>Navigations-Vorr\u00fcstung mit CODE 355 muss vorhanden sein<\/strong><\/span><\/p>\n<p><strong><span style=\"color: #000000;\">Wenn Ihr Navi-System \/ Head Unit gegen eine neue ersetzt \/ ausgetauscht wurde, dann ben\u00f6tigen Sie ebenfalls wieder eine Erstinstallation SD Karte<\/span><\/strong><\/p>\n<p>&nbsp;<\/p>\n<blockquote><p><span style=\"color: #000000;\"><strong>Wenn Sie Fragen haben, bitte uns vor Kauf gerne kontaktieren !<\/strong><\/span><\/p>\n<p><strong><span style=\"color: #000000;\">Installation kann ganz einfach selbst innerhalb ein paar Minuten und ohne irgendwelche zus\u00e4tzliche Codes etc. durchgef\u00fchrt werden !<\/span><\/strong><\/p><\/blockquote>\n<p>&nbsp;<\/p>\n<p><span style=\"color: #000000;\"><strong><u>Wichtige Hinweise:<\/u><\/strong><\/span><\/p>\n<ul>\n<li><span style=\"color: #000000;\"><strong>Dies ist eine Originale und Neue SD Karte f\u00fcr Garmin MAP PILOT NTG5 STAR2, welche Ihr Navigationsger\u00e4t aktiviert<\/strong><\/span><\/li>\n<li><span style=\"color: #000000;\"><strong>Diese SD Karte ist absolut NICHT geeignet f\u00fcr Audio 20 NTG5 Star1 , Audio 20 NTG5.5 , COMAND ONLINE oder andere Navigationssysteme!<\/strong><\/span><\/li>\n<li><span style=\"color: #000000;\"><strong>Nur passend bei vorhandener Vorr\u00fcstung ( Code 355 ) und Telematikgeneration NTG 5 Star 2<\/strong><\/span><\/li>\n<li><span style=\"color: #000000;\"><strong>Die SD Karte muss zur Navigation im entsprechenden Slot bleiben<\/strong><\/span><\/li>\n<li><span style=\"color: #000000;\"><strong>Da die SD Karte nach Einschub mit dem Fahrzeug bzw. dem Navigationssystem verheiratet wird, ist diese danach NICHT mehr in anderen Fahrzeugen nutzbar<\/strong><\/span><\/li>\n<\/ul>\n<p>&nbsp;<\/p>\n<p>&nbsp;<\/p>\n<p><span style=\"color: #000000;\"><strong><u>Geeignete Fahrzeuge mit NTG5 Star2 :<\/u><\/strong><\/span><\/p>\n<p><span style=\"color: #000000;\"><strong>C-Klasse Cabrio A205 ab Baujahr 09\/2016 \u2013 08\/2017<\/strong><\/span><\/p>\n<p><span style=\"color: #000000;\"><strong>C-Klasse W205 ab\u00a0Baujahr\u00a003\/2014 \u2013 08\/2017<\/strong><\/span><\/p>\n<p><span style=\"color: #000000;\"><strong>C-Klasse T-Modell S205 ab\u00a0Baujahr\u00a009\/2014 \u2013 08\/2017<\/strong><\/span><\/p>\n<p><span style=\"color: #000000;\"><strong>C-Klasse Coupe C205 ab\u00a0Baujahr\u00a012\/2015 \u2013 08\/2017<\/strong><\/span><\/p>\n<blockquote><p><span style=\"color: #000000;\"><strong>NICHT geeignet f\u00fcr die C-Klasse mit Code 506 (gr\u00f6\u00dferes Display \u2013 NTG5.5)<\/strong><\/span><\/p>\n<p><span style=\"color: #000000;\"><strong>Bitte anfragen bei C-Klasse !<\/strong><\/span><\/p><\/blockquote>\n<p>&nbsp;<\/p>\n<p><span style=\"color: #000000;\"><strong>E-Klasse W213 ab Baujahr 04\/2016 \u2013 05\/2018<\/strong><\/span><\/p>\n<p><span style=\"color: #000000;\"><strong>E-Klasse S213 ab Baujahr 10\/2016 \u2013 05\/2018<\/strong><\/span><\/p>\n<p><span style=\"color: #000000;\"><strong>E-Klasse A238 ab Baujahr 09\/2017 \u2013 05\/2018<\/strong><\/span><\/p>\n<p><span style=\"color: #000000;\"><strong>E-Klasse C238 ab Baujahr 04\/2017 \u2013 05\/2018<\/strong><\/span><\/p>\n<blockquote><p><span style=\"color: #000000;\"><strong>&gt; NICHT geeignet f\u00fcr die E-Klasse mit Code 506 (gr\u00f6\u00dferes Display \u2013 NTG5.5)<\/strong><\/span><\/p><\/blockquote>\n<p>&nbsp;<\/p>\n<p><span style=\"color: #000000;\"><strong>GLC X253 ab\u00a0Baujahr\u00a009\/2015 \u2013 08\/2017<\/strong><\/span><\/p>\n<p><span style=\"color: #000000;\"><strong>GLC C253 ab\u00a0Baujahr\u00a009\/2016 \u2013 08\/2017<\/strong><\/span><\/p>\n<p>&nbsp;<\/p>\n<p><span style=\"color: #000000;\"><strong>V-Klasse BR447 ab\u00a0Baujahr\u00a005\/2014 \u2013 06\/2019<\/strong><\/span><\/p>\n<p><span style=\"color: #000000;\"><strong>V-Klasse BR447 ab\u00a0Baujahr\u00a006\/2019 \u2013 \u2026<\/strong><\/span><\/p>\n<p>&nbsp;<\/p>\n<p><span style=\"color: #000000;\"><strong>X-Klasse BR470 ab Baujahr 11\/2017 \u2013 \u2026<\/strong><\/span><\/p>\n<p>&nbsp;<\/p>\n<p>&nbsp;<\/p>\n<p><span style=\"color: #000000;\"><strong><u>Enthaltene Kartendaten:<\/u><\/strong><\/span><\/p>\n<p><span style=\"color: #000000;\"><strong>\u00d6sterreich, Albanien, Andorra, Belgien, Bulgarien, Bosnien &amp; Herzegowina, Schweiz<\/strong><\/span><\/p>\n<p><span style=\"color: #000000;\"><strong>Tschechien, Deutschland , D\u00e4nemark, Spanien, Estland, Frankreich, Finnland, Liechtenstein<\/strong><\/span><\/p>\n<p><span style=\"color: #000000;\"><strong>Gro\u00dfbritannien, Gibraltar, Griechenland, Ungarn, Kroatien, Italien, Israel, Irland, Island<\/strong><\/span><\/p>\n<p><span style=\"color: #000000;\"><strong>Kasachstan, Luxemburg, Litauen, Lettland, Monaco, Nordmazedonien, Moldawien, Montenegro, Malta<\/strong><\/span><\/p>\n<p><span style=\"color: #000000;\"><strong>Norwegen, Niederlande, Portugal, Polen, Kosovo, Rum\u00e4nien, San Marino, Russland, Schweden<\/strong><\/span><\/p>\n<p><span style=\"color: #000000;\"><strong>Slowakei, Slowenien, Serbien, T\u00fcrkei, Ukraine, Vatikan und Wei\u00dfrussland<\/strong><\/span><\/p>\n<p><span style=\"color: #000000;\"><strong>* keine 100% Kartenabdeckung in Teilen Osteuropas und Russlands<\/strong><\/span><\/p>\n<p>&nbsp;<\/p>\n<p><span style=\"color: #0000ff;\"><strong>KEIN Live-Traffic verf\u00fcgbar mit dieser SD Karte.\u00a0<\/strong><\/span><\/p>\n<p><span style=\"color: #0000ff;\"><strong>Dies muss bei Mercedes extra dazu gebucht werden<\/strong><\/span><\/p>\n<p>&nbsp;<\/p>\n<p>&nbsp;<\/p>\n<p>____________________________________________________________________________________________________________________<\/p>\n<p><strong><span style=\"color: #000000;\"><u>Hersteller \/ EU verantwortliche Person:<\/u><\/span><\/strong><\/p>\n<p><strong><span style=\"color: #000000;\">Mercedes-Benz AG<\/span><\/strong><\/p>\n<p><strong><span style=\"color: #000000;\">Mercedesstra\u00dfe 120<\/span><\/strong><\/p>\n<p><strong><span style=\"color: #000000;\">70372 Stuttgart<\/span><\/strong><\/p>\n<p><strong><span style=\"color: #000000;\">Deutschland<\/span><\/strong><\/p>\n<p><strong><span style=\"color: #000000;\">Tel.: +49 711 17-0<\/span><\/strong><\/p>\n<p><strong><span style=\"color: #000000;\">E-Mail: dialog.mb@mercedes-benz.com<\/span><\/strong><\/p>","protected":false},"excerpt":{"rendered":"<p>Original + NEU + IN FOLIE VERSCHWEI\u00dfT Mercedes-Benz\u00a0Erstinstallation Erstinbetriebnahme Aktivierung SD Speicherkarte geeignet f\u00fcr GARMIN MAP PILOT NTG5 STAR2 Die SD Karte beinhaltet Software-Daten zur Aktivierung sowie Europa Karten von 2017\/2018 Navigations-Vorr\u00fcstung mit CODE 355 muss vorhanden sein Wenn Ihr Navi-System \/ Head Unit gegen eine neue ersetzt \/ ausgetauscht wurde, dann ben\u00f6tigen Sie ebenfalls [&hellip;]<\/p>\n","protected":false},"featured_media":2702,"template":"","meta":{"ocean_post_layout":"","ocean_both_sidebars_style":"","ocean_both_sidebars_content_width":0,"ocean_both_sidebars_sidebars_width":0,"ocean_sidebar":"0","ocean_second_sidebar":"0","ocean_disable_margins":"enable","ocean_add_body_class":"","ocean_shortcode_before_top_bar":"","ocean_shortcode_after_top_bar":"","ocean_shortcode_before_header":"","ocean_shortcode_after_header":"","ocean_has_shortcode":"","ocean_shortcode_after_title":"","ocean_shortcode_before_footer_widgets":"","ocean_shortcode_after_footer_widgets":"","ocean_shortcode_before_footer_bottom":"","ocean_shortcode_after_footer_bottom":"","ocean_display_top_bar":"default","ocean_display_header":"default","ocean_header_style":"","ocean_center_header_left_menu":"0","ocean_custom_header_template":"0","ocean_custom_logo":0,"ocean_custom_retina_logo":0,"ocean_custom_logo_max_width":0,"ocean_custom_logo_tablet_max_width":0,"ocean_custom_logo_mobile_max_width":0,"ocean_custom_logo_max_height":0,"ocean_custom_logo_tablet_max_height":0,"ocean_custom_logo_mobile_max_height":0,"ocean_header_custom_menu":"0","ocean_menu_typo_font_family":"0","ocean_menu_typo_font_subset":"","ocean_menu_typo_font_size":0,"ocean_menu_typo_font_size_tablet":0,"ocean_menu_typo_font_size_mobile":0,"ocean_menu_typo_font_size_unit":"px","ocean_menu_typo_font_weight":"","ocean_menu_typo_font_weight_tablet":"","ocean_menu_typo_font_weight_mobile":"","ocean_menu_typo_transform":"","ocean_menu_typo_transform_tablet":"","ocean_menu_typo_transform_mobile":"","ocean_menu_typo_line_height":0,"ocean_menu_typo_line_height_tablet":0,"ocean_menu_typo_line_height_mobile":0,"ocean_menu_typo_line_height_unit":"","ocean_menu_typo_spacing":0,"ocean_menu_typo_spacing_tablet":0,"ocean_menu_typo_spacing_mobile":0,"ocean_menu_typo_spacing_unit":"","ocean_menu_link_color":"","ocean_menu_link_color_hover":"","ocean_menu_link_color_active":"","ocean_menu_link_background":"","ocean_menu_link_hover_background":"","ocean_menu_link_active_background":"","ocean_menu_social_links_bg":"","ocean_menu_social_hover_links_bg":"","ocean_menu_social_links_color":"","ocean_menu_social_hover_links_color":"","ocean_disable_title":"default","ocean_disable_heading":"default","ocean_post_title":"","ocean_post_subheading":"","ocean_post_title_style":"","ocean_post_title_background_color":"","ocean_post_title_background":0,"ocean_post_title_bg_image_position":"","ocean_post_title_bg_image_attachment":"","ocean_post_title_bg_image_repeat":"","ocean_post_title_bg_image_size":"","ocean_post_title_height":0,"ocean_post_title_bg_overlay":0.5,"ocean_post_title_bg_overlay_color":"","ocean_disable_breadcrumbs":"default","ocean_breadcrumbs_color":"","ocean_breadcrumbs_separator_color":"","ocean_breadcrumbs_links_color":"","ocean_breadcrumbs_links_hover_color":"","ocean_display_footer_widgets":"default","ocean_display_footer_bottom":"default","ocean_custom_footer_template":"0"},"product_brand":[],"product_cat":[1090],"product_tag":[1156,183,535,231],"class_list":{"0":"post-1498","1":"product","2":"type-product","3":"status-publish","4":"has-post-thumbnail","6":"product_cat-ntg5-star2","7":"product_tag-erstinstallation-sd-karte","8":"product_tag-garmin-map-pilot","9":"product_tag-initial-sd-card","10":"product_tag-ntg5-star2","12":"entry","13":"has-media","15":"first","16":"instock","17":"purchasable","18":"product-type-simple","19":"col","20":"span_1_of_4","21":"owp-content-center","22":"item-entry","23":"owp-thumbs-layout-horizontal","24":"owp-btn-normal","25":"owp-tabs-layout-horizontal"},"yoast_head":"<!-- This site is optimized with the Yoast SEO plugin v27.4 - https:\/\/yoast.com\/product\/yoast-seo-wordpress\/ -->\n<title>Erstinstallation SD Karte Mercedes Garmin Map Pilot NTG5 Star2<\/title>\n<meta name=\"description\" content=\"Original Mercedes-Benz SD Karte zur Erstinstallation bzw. Aktivierung des Navigationssystems Garmin Map Pilot NTG5 Star2. Europa 2017\/2018.\" \/>\n<meta name=\"robots\" content=\"index, follow, max-snippet:-1, max-image-preview:large, max-video-preview:-1\" \/>\n<link rel=\"canonical\" href=\"https:\/\/www.navi-express.com\/en\/shop\/mercedes-benz\/mercedes-benz-navigation-sd-karte-garmin-map-pilot\/ntg5-star2\/erstinstallation-aktivierung-sd-karte-garmin-map-pilot-audio-20-ntg5-star2-europa-2017-2018\/\" \/>\n<meta property=\"og:locale\" content=\"en_US\" \/>\n<meta property=\"og:type\" content=\"article\" \/>\n<meta property=\"og:title\" content=\"Erstinstallation SD Karte Mercedes Garmin Map Pilot NTG5 Star2\" \/>\n<meta property=\"og:description\" content=\"Original Mercedes-Benz SD Karte zur Erstinstallation bzw. Aktivierung des Navigationssystems Garmin Map Pilot NTG5 Star2. Europa 2017\/2018.\" \/>\n<meta property=\"og:url\" content=\"https:\/\/www.navi-express.com\/en\/shop\/mercedes-benz\/mercedes-benz-navigation-sd-karte-garmin-map-pilot\/ntg5-star2\/erstinstallation-aktivierung-sd-karte-garmin-map-pilot-audio-20-ntg5-star2-europa-2017-2018\/\" \/>\n<meta property=\"og:site_name\" content=\"Navi-Express\" \/>\n<meta property=\"article:modified_time\" content=\"2026-02-09T10:11:01+00:00\" \/>\n<meta property=\"og:image\" content=\"https:\/\/www.navi-express.com\/wp-content\/uploads\/2023\/11\/IMG_20240820_141013-scaled.jpg\" \/>\n\t<meta property=\"og:image:width\" content=\"1920\" \/>\n\t<meta property=\"og:image:height\" content=\"2560\" \/>\n\t<meta property=\"og:image:type\" content=\"image\/jpeg\" \/>\n<meta name=\"twitter:card\" content=\"summary_large_image\" \/>\n<meta name=\"twitter:label1\" content=\"Est. reading time\" \/>\n\t<meta name=\"twitter:data1\" content=\"3 minutes\" \/>\n<script type=\"application\/ld+json\" class=\"yoast-schema-graph\">{\"@context\":\"https:\\\/\\\/schema.org\",\"@graph\":[{\"@type\":\"WebPage\",\"@id\":\"https:\\\/\\\/www.navi-express.com\\\/shop\\\/mercedes-benz\\\/mercedes-benz-navigation-sd-karte-garmin-map-pilot\\\/ntg5-star2\\\/erstinstallation-aktivierung-sd-karte-garmin-map-pilot-audio-20-ntg5-star2-europa-2017-2018\\\/\",\"url\":\"https:\\\/\\\/www.navi-express.com\\\/shop\\\/mercedes-benz\\\/mercedes-benz-navigation-sd-karte-garmin-map-pilot\\\/ntg5-star2\\\/erstinstallation-aktivierung-sd-karte-garmin-map-pilot-audio-20-ntg5-star2-europa-2017-2018\\\/\",\"name\":\"Erstinstallation SD Karte Mercedes Garmin Map Pilot NTG5 Star2\",\"isPartOf\":{\"@id\":\"https:\\\/\\\/www.navi-express.com\\\/#website\"},\"primaryImageOfPage\":{\"@id\":\"https:\\\/\\\/www.navi-express.com\\\/shop\\\/mercedes-benz\\\/mercedes-benz-navigation-sd-karte-garmin-map-pilot\\\/ntg5-star2\\\/erstinstallation-aktivierung-sd-karte-garmin-map-pilot-audio-20-ntg5-star2-europa-2017-2018\\\/#primaryimage\"},\"image\":{\"@id\":\"https:\\\/\\\/www.navi-express.com\\\/shop\\\/mercedes-benz\\\/mercedes-benz-navigation-sd-karte-garmin-map-pilot\\\/ntg5-star2\\\/erstinstallation-aktivierung-sd-karte-garmin-map-pilot-audio-20-ntg5-star2-europa-2017-2018\\\/#primaryimage\"},\"thumbnailUrl\":\"https:\\\/\\\/www.navi-express.com\\\/wp-content\\\/uploads\\\/2023\\\/11\\\/IMG_20240820_141013-scaled.jpg\",\"datePublished\":\"2023-11-21T11:17:36+00:00\",\"dateModified\":\"2026-02-09T10:11:01+00:00\",\"description\":\"Original Mercedes-Benz SD Karte zur Erstinstallation bzw. Aktivierung des Navigationssystems Garmin Map Pilot NTG5 Star2. Europa 2017\\\/2018.\",\"breadcrumb\":{\"@id\":\"https:\\\/\\\/www.navi-express.com\\\/shop\\\/mercedes-benz\\\/mercedes-benz-navigation-sd-karte-garmin-map-pilot\\\/ntg5-star2\\\/erstinstallation-aktivierung-sd-karte-garmin-map-pilot-audio-20-ntg5-star2-europa-2017-2018\\\/#breadcrumb\"},\"inLanguage\":\"en-US\",\"potentialAction\":[{\"@type\":\"ReadAction\",\"target\":[\"https:\\\/\\\/www.navi-express.com\\\/shop\\\/mercedes-benz\\\/mercedes-benz-navigation-sd-karte-garmin-map-pilot\\\/ntg5-star2\\\/erstinstallation-aktivierung-sd-karte-garmin-map-pilot-audio-20-ntg5-star2-europa-2017-2018\\\/\"]}]},{\"@type\":\"ImageObject\",\"inLanguage\":\"en-US\",\"@id\":\"https:\\\/\\\/www.navi-express.com\\\/shop\\\/mercedes-benz\\\/mercedes-benz-navigation-sd-karte-garmin-map-pilot\\\/ntg5-star2\\\/erstinstallation-aktivierung-sd-karte-garmin-map-pilot-audio-20-ntg5-star2-europa-2017-2018\\\/#primaryimage\",\"url\":\"https:\\\/\\\/www.navi-express.com\\\/wp-content\\\/uploads\\\/2023\\\/11\\\/IMG_20240820_141013-scaled.jpg\",\"contentUrl\":\"https:\\\/\\\/www.navi-express.com\\\/wp-content\\\/uploads\\\/2023\\\/11\\\/IMG_20240820_141013-scaled.jpg\",\"width\":1920,\"height\":2560},{\"@type\":\"BreadcrumbList\",\"@id\":\"https:\\\/\\\/www.navi-express.com\\\/shop\\\/mercedes-benz\\\/mercedes-benz-navigation-sd-karte-garmin-map-pilot\\\/ntg5-star2\\\/erstinstallation-aktivierung-sd-karte-garmin-map-pilot-audio-20-ntg5-star2-europa-2017-2018\\\/#breadcrumb\",\"itemListElement\":[{\"@type\":\"ListItem\",\"position\":1,\"name\":\"Startseite\",\"item\":\"https:\\\/\\\/www.navi-express.com\\\/\"},{\"@type\":\"ListItem\",\"position\":2,\"name\":\"Shop\",\"item\":\"https:\\\/\\\/www.navi-express.com\\\/shop\\\/\"},{\"@type\":\"ListItem\",\"position\":3,\"name\":\"Erstinstallation Aktivierung SD Karte Garmin MAP PILOT Audio 20 NTG5 Star2 Europa 2017\\\/2018\"}]},{\"@type\":\"WebSite\",\"@id\":\"https:\\\/\\\/www.navi-express.com\\\/#website\",\"url\":\"https:\\\/\\\/www.navi-express.com\\\/\",\"name\":\"Navi-Express\",\"description\":\"Ihr Experte f\u00fcr Navigation\",\"publisher\":{\"@id\":\"https:\\\/\\\/www.navi-express.com\\\/#organization\"},\"alternateName\":\"NE\",\"potentialAction\":[{\"@type\":\"SearchAction\",\"target\":{\"@type\":\"EntryPoint\",\"urlTemplate\":\"https:\\\/\\\/www.navi-express.com\\\/?s={search_term_string}\"},\"query-input\":{\"@type\":\"PropertyValueSpecification\",\"valueRequired\":true,\"valueName\":\"search_term_string\"}}],\"inLanguage\":\"en-US\"},{\"@type\":\"Organization\",\"@id\":\"https:\\\/\\\/www.navi-express.com\\\/#organization\",\"name\":\"Navi-Express\",\"alternateName\":\"NE\",\"url\":\"https:\\\/\\\/www.navi-express.com\\\/\",\"logo\":{\"@type\":\"ImageObject\",\"inLanguage\":\"en-US\",\"@id\":\"https:\\\/\\\/www.navi-express.com\\\/#\\\/schema\\\/logo\\\/image\\\/\",\"url\":\"https:\\\/\\\/www.navi-express.com\\\/wp-content\\\/uploads\\\/2019\\\/03\\\/cropped-logo-transpbearb-1.png\",\"contentUrl\":\"https:\\\/\\\/www.navi-express.com\\\/wp-content\\\/uploads\\\/2019\\\/03\\\/cropped-logo-transpbearb-1.png\",\"width\":512,\"height\":512,\"caption\":\"Navi-Express\"},\"image\":{\"@id\":\"https:\\\/\\\/www.navi-express.com\\\/#\\\/schema\\\/logo\\\/image\\\/\"}}]}<\/script>\n<!-- \/ Yoast SEO plugin. -->","yoast_head_json":{"title":"Erstinstallation SD Karte Mercedes Garmin Map Pilot NTG5 Star2","description":"Original Mercedes-Benz SD Karte zur Erstinstallation bzw. Aktivierung des Navigationssystems Garmin Map Pilot NTG5 Star2. Europa 2017\/2018.","robots":{"index":"index","follow":"follow","max-snippet":"max-snippet:-1","max-image-preview":"max-image-preview:large","max-video-preview":"max-video-preview:-1"},"canonical":"https:\/\/www.navi-express.com\/en\/shop\/mercedes-benz\/mercedes-benz-navigation-sd-karte-garmin-map-pilot\/ntg5-star2\/erstinstallation-aktivierung-sd-karte-garmin-map-pilot-audio-20-ntg5-star2-europa-2017-2018\/","og_locale":"en_US","og_type":"article","og_title":"Erstinstallation SD Karte Mercedes Garmin Map Pilot NTG5 Star2","og_description":"Original Mercedes-Benz SD Karte zur Erstinstallation bzw. Aktivierung des Navigationssystems Garmin Map Pilot NTG5 Star2. Europa 2017\/2018.","og_url":"https:\/\/www.navi-express.com\/en\/shop\/mercedes-benz\/mercedes-benz-navigation-sd-karte-garmin-map-pilot\/ntg5-star2\/erstinstallation-aktivierung-sd-karte-garmin-map-pilot-audio-20-ntg5-star2-europa-2017-2018\/","og_site_name":"Navi-Express","article_modified_time":"2026-02-09T10:11:01+00:00","og_image":[{"width":1920,"height":2560,"url":"https:\/\/www.navi-express.com\/wp-content\/uploads\/2023\/11\/IMG_20240820_141013-scaled.jpg","type":"image\/jpeg"}],"twitter_card":"summary_large_image","twitter_misc":{"Est. reading time":"3 minutes"},"schema":{"@context":"https:\/\/schema.org","@graph":[{"@type":"WebPage","@id":"https:\/\/www.navi-express.com\/shop\/mercedes-benz\/mercedes-benz-navigation-sd-karte-garmin-map-pilot\/ntg5-star2\/erstinstallation-aktivierung-sd-karte-garmin-map-pilot-audio-20-ntg5-star2-europa-2017-2018\/","url":"https:\/\/www.navi-express.com\/shop\/mercedes-benz\/mercedes-benz-navigation-sd-karte-garmin-map-pilot\/ntg5-star2\/erstinstallation-aktivierung-sd-karte-garmin-map-pilot-audio-20-ntg5-star2-europa-2017-2018\/","name":"Erstinstallation SD Karte Mercedes Garmin Map Pilot NTG5 Star2","isPartOf":{"@id":"https:\/\/www.navi-express.com\/#website"},"primaryImageOfPage":{"@id":"https:\/\/www.navi-express.com\/shop\/mercedes-benz\/mercedes-benz-navigation-sd-karte-garmin-map-pilot\/ntg5-star2\/erstinstallation-aktivierung-sd-karte-garmin-map-pilot-audio-20-ntg5-star2-europa-2017-2018\/#primaryimage"},"image":{"@id":"https:\/\/www.navi-express.com\/shop\/mercedes-benz\/mercedes-benz-navigation-sd-karte-garmin-map-pilot\/ntg5-star2\/erstinstallation-aktivierung-sd-karte-garmin-map-pilot-audio-20-ntg5-star2-europa-2017-2018\/#primaryimage"},"thumbnailUrl":"https:\/\/www.navi-express.com\/wp-content\/uploads\/2023\/11\/IMG_20240820_141013-scaled.jpg","datePublished":"2023-11-21T11:17:36+00:00","dateModified":"2026-02-09T10:11:01+00:00","description":"Original Mercedes-Benz SD Karte zur Erstinstallation bzw. Aktivierung des Navigationssystems Garmin Map Pilot NTG5 Star2. Europa 2017\/2018.","breadcrumb":{"@id":"https:\/\/www.navi-express.com\/shop\/mercedes-benz\/mercedes-benz-navigation-sd-karte-garmin-map-pilot\/ntg5-star2\/erstinstallation-aktivierung-sd-karte-garmin-map-pilot-audio-20-ntg5-star2-europa-2017-2018\/#breadcrumb"},"inLanguage":"en-US","potentialAction":[{"@type":"ReadAction","target":["https:\/\/www.navi-express.com\/shop\/mercedes-benz\/mercedes-benz-navigation-sd-karte-garmin-map-pilot\/ntg5-star2\/erstinstallation-aktivierung-sd-karte-garmin-map-pilot-audio-20-ntg5-star2-europa-2017-2018\/"]}]},{"@type":"ImageObject","inLanguage":"en-US","@id":"https:\/\/www.navi-express.com\/shop\/mercedes-benz\/mercedes-benz-navigation-sd-karte-garmin-map-pilot\/ntg5-star2\/erstinstallation-aktivierung-sd-karte-garmin-map-pilot-audio-20-ntg5-star2-europa-2017-2018\/#primaryimage","url":"https:\/\/www.navi-express.com\/wp-content\/uploads\/2023\/11\/IMG_20240820_141013-scaled.jpg","contentUrl":"https:\/\/www.navi-express.com\/wp-content\/uploads\/2023\/11\/IMG_20240820_141013-scaled.jpg","width":1920,"height":2560},{"@type":"BreadcrumbList","@id":"https:\/\/www.navi-express.com\/shop\/mercedes-benz\/mercedes-benz-navigation-sd-karte-garmin-map-pilot\/ntg5-star2\/erstinstallation-aktivierung-sd-karte-garmin-map-pilot-audio-20-ntg5-star2-europa-2017-2018\/#breadcrumb","itemListElement":[{"@type":"ListItem","position":1,"name":"Startseite","item":"https:\/\/www.navi-express.com\/"},{"@type":"ListItem","position":2,"name":"Shop","item":"https:\/\/www.navi-express.com\/shop\/"},{"@type":"ListItem","position":3,"name":"Erstinstallation Aktivierung SD Karte Garmin MAP PILOT Audio 20 NTG5 Star2 Europa 2017\/2018"}]},{"@type":"WebSite","@id":"https:\/\/www.navi-express.com\/#website","url":"https:\/\/www.navi-express.com\/","name":"Navi-Express","description":"Ihr Experte f\u00fcr Navigation","publisher":{"@id":"https:\/\/www.navi-express.com\/#organization"},"alternateName":"NE","potentialAction":[{"@type":"SearchAction","target":{"@type":"EntryPoint","urlTemplate":"https:\/\/www.navi-express.com\/?s={search_term_string}"},"query-input":{"@type":"PropertyValueSpecification","valueRequired":true,"valueName":"search_term_string"}}],"inLanguage":"en-US"},{"@type":"Organization","@id":"https:\/\/www.navi-express.com\/#organization","name":"Navi-Express","alternateName":"NE","url":"https:\/\/www.navi-express.com\/","logo":{"@type":"ImageObject","inLanguage":"en-US","@id":"https:\/\/www.navi-express.com\/#\/schema\/logo\/image\/","url":"https:\/\/www.navi-express.com\/wp-content\/uploads\/2019\/03\/cropped-logo-transpbearb-1.png","contentUrl":"https:\/\/www.navi-express.com\/wp-content\/uploads\/2019\/03\/cropped-logo-transpbearb-1.png","width":512,"height":512,"caption":"Navi-Express"},"image":{"@id":"https:\/\/www.navi-express.com\/#\/schema\/logo\/image\/"}}]}},"_links":{"self":[{"href":"https:\/\/www.navi-express.com\/en\/wp-json\/wp\/v2\/product\/1498","targetHints":{"allow":["GET"]}}],"collection":[{"href":"https:\/\/www.navi-express.com\/en\/wp-json\/wp\/v2\/product"}],"about":[{"href":"https:\/\/www.navi-express.com\/en\/wp-json\/wp\/v2\/types\/product"}],"wp:featuredmedia":[{"embeddable":true,"href":"https:\/\/www.navi-express.com\/en\/wp-json\/wp\/v2\/media\/2702"}],"wp:attachment":[{"href":"https:\/\/www.navi-express.com\/en\/wp-json\/wp\/v2\/media?parent=1498"}],"wp:term":[{"taxonomy":"product_brand","embeddable":true,"href":"https:\/\/www.navi-express.com\/en\/wp-json\/wp\/v2\/product_brand?post=1498"},{"taxonomy":"product_cat","embeddable":true,"href":"https:\/\/www.navi-express.com\/en\/wp-json\/wp\/v2\/product_cat?post=1498"},{"taxonomy":"product_tag","embeddable":true,"href":"https:\/\/www.navi-express.com\/en\/wp-json\/wp\/v2\/product_tag?post=1498"}],"curies":[{"name":"wp","href":"https:\/\/api.w.org\/{rel}","templated":true}]}}