{"id":1709,"date":"2024-05-03T10:22:25","date_gmt":"2024-05-03T08:22:25","guid":{"rendered":"https:\/\/www.navi-express.com\/?post_type=product&#038;p=1709"},"modified":"2025-08-04T09:05:44","modified_gmt":"2025-08-04T07:05:44","slug":"dvd-navigation-jaguar-deutschland-benelux-skandinavien-italien-2008-2009-denso-xf-x250-xk-x150","status":"publish","type":"product","link":"https:\/\/www.navi-express.com\/en\/shop\/jaguar\/denso-dvd-navigation\/dvd-navigation-jaguar-deutschland-benelux-skandinavien-italien-2008-2009-denso-xf-x250-xk-x150\/","title":{"rendered":"DVD Navigation JAGUAR Deutschland Benelux Skandinavien Italien 2008\/2009 DENSO XF X250 XK X150"},"content":{"rendered":"<p><strong><span style=\"color: #000000;\">Original Jaguar Navigations-DVD<\/span><\/strong><\/p>\n<p><strong><span style=\"color: #000000;\">geeignet f\u00fcr den Jaguar XF (X250) und XK (X150) mit DENSO MMM2 Navigationssystem<\/span><\/strong><\/p>\n<p><strong><span style=\"color: #000000;\">Karten f\u00fcr Deutschland Benelux Skandinavien Italien und weitere L\u00e4nder (siehe DVD Bild)<\/span><\/strong><\/p>\n<p><strong><span style=\"color: #000000;\">Version 2008\/2009<\/span><\/strong><\/p>\n<p>&nbsp;<\/p>\n<blockquote><p><strong><span style=\"color: #000000;\">Nicht geeignet f\u00fcr Navigationssysteme mit CD&#8217;s oder Systeme mit Festplatten<\/span><\/strong><\/p>\n<p><strong><span style=\"color: #000000;\">Bitte nicht kaufen, wenn Sie &#8222;Lesefehler&#8220; haben\/hatten<\/span><\/strong><\/p><\/blockquote>\n<p>&nbsp;<\/p>\n<p>____________________________________________________________________________________________________________________<\/p>\n<p><strong><span style=\"color: #000000;\"><u>Hersteller \/ EU verantwortliche Person:<\/u><\/span><\/strong><\/p>\n<p><strong><span style=\"color: #000000;\">Jaguar Land Rover Deutschland GmbH<\/span><\/strong><\/p>\n<p><strong><span style=\"color: #000000;\">Campus Kronberg 7<\/span><\/strong><\/p>\n<p><strong><span style=\"color: #000000;\">61476 Kronberg<\/span><\/strong><\/p>\n<p><strong><span style=\"color: #000000;\">Deutschland<\/span><\/strong><\/p>\n<p><strong><span style=\"color: #000000;\">Tel.: 00800 3386 7049<\/span><\/strong><\/p>\n<p><strong><span style=\"color: #000000;\">E-Mail: jaghilfe@jaguarlandrover.com<\/span><\/strong><\/p>","protected":false},"excerpt":{"rendered":"<p>Original Jaguar Navigations-DVD geeignet f\u00fcr den Jaguar XF (X250) und XK (X150) mit DENSO MMM2 Navigationssystem Karten f\u00fcr Deutschland Benelux Skandinavien Italien und weitere L\u00e4nder (siehe DVD Bild) Version 2008\/2009 &nbsp; Nicht geeignet f\u00fcr Navigationssysteme mit CD&#8217;s oder Systeme mit Festplatten Bitte nicht kaufen, wenn Sie &#8222;Lesefehler&#8220; haben\/hatten &nbsp; ____________________________________________________________________________________________________________________ Hersteller \/ EU verantwortliche Person: [&hellip;]<\/p>\n","protected":false},"featured_media":4784,"template":"","meta":{"ocean_post_layout":"","ocean_both_sidebars_style":"","ocean_both_sidebars_content_width":0,"ocean_both_sidebars_sidebars_width":0,"ocean_sidebar":"0","ocean_second_sidebar":"0","ocean_disable_margins":"enable","ocean_add_body_class":"","ocean_shortcode_before_top_bar":"","ocean_shortcode_after_top_bar":"","ocean_shortcode_before_header":"","ocean_shortcode_after_header":"","ocean_has_shortcode":"","ocean_shortcode_after_title":"","ocean_shortcode_before_footer_widgets":"","ocean_shortcode_after_footer_widgets":"","ocean_shortcode_before_footer_bottom":"","ocean_shortcode_after_footer_bottom":"","ocean_display_top_bar":"default","ocean_display_header":"default","ocean_header_style":"","ocean_center_header_left_menu":"0","ocean_custom_header_template":"0","ocean_custom_logo":0,"ocean_custom_retina_logo":0,"ocean_custom_logo_max_width":0,"ocean_custom_logo_tablet_max_width":0,"ocean_custom_logo_mobile_max_width":0,"ocean_custom_logo_max_height":0,"ocean_custom_logo_tablet_max_height":0,"ocean_custom_logo_mobile_max_height":0,"ocean_header_custom_menu":"0","ocean_menu_typo_font_family":"0","ocean_menu_typo_font_subset":"","ocean_menu_typo_font_size":0,"ocean_menu_typo_font_size_tablet":0,"ocean_menu_typo_font_size_mobile":0,"ocean_menu_typo_font_size_unit":"px","ocean_menu_typo_font_weight":"","ocean_menu_typo_font_weight_tablet":"","ocean_menu_typo_font_weight_mobile":"","ocean_menu_typo_transform":"","ocean_menu_typo_transform_tablet":"","ocean_menu_typo_transform_mobile":"","ocean_menu_typo_line_height":0,"ocean_menu_typo_line_height_tablet":0,"ocean_menu_typo_line_height_mobile":0,"ocean_menu_typo_line_height_unit":"","ocean_menu_typo_spacing":0,"ocean_menu_typo_spacing_tablet":0,"ocean_menu_typo_spacing_mobile":0,"ocean_menu_typo_spacing_unit":"","ocean_menu_link_color":"","ocean_menu_link_color_hover":"","ocean_menu_link_color_active":"","ocean_menu_link_background":"","ocean_menu_link_hover_background":"","ocean_menu_link_active_background":"","ocean_menu_social_links_bg":"","ocean_menu_social_hover_links_bg":"","ocean_menu_social_links_color":"","ocean_menu_social_hover_links_color":"","ocean_disable_title":"default","ocean_disable_heading":"default","ocean_post_title":"","ocean_post_subheading":"","ocean_post_title_style":"","ocean_post_title_background_color":"","ocean_post_title_background":0,"ocean_post_title_bg_image_position":"","ocean_post_title_bg_image_attachment":"","ocean_post_title_bg_image_repeat":"","ocean_post_title_bg_image_size":"","ocean_post_title_height":0,"ocean_post_title_bg_overlay":0.5,"ocean_post_title_bg_overlay_color":"","ocean_disable_breadcrumbs":"default","ocean_breadcrumbs_color":"","ocean_breadcrumbs_separator_color":"","ocean_breadcrumbs_links_color":"","ocean_breadcrumbs_links_hover_color":"","ocean_display_footer_widgets":"default","ocean_display_footer_bottom":"default","ocean_custom_footer_template":"0"},"product_brand":[],"product_cat":[542],"product_tag":[571,570,568,569],"class_list":{"0":"post-1709","1":"product","2":"type-product","3":"status-publish","4":"has-post-thumbnail","6":"product_cat-denso-dvd-navigation","7":"product_tag-464210-9820","8":"product_tag-6w83-10e898-ae","9":"product_tag-denso","10":"product_tag-jaguar-dvd","12":"entry","13":"has-media","15":"first","16":"outofstock","17":"purchasable","18":"product-type-simple","19":"col","20":"span_1_of_4","21":"owp-content-center","22":"item-entry","23":"owp-thumbs-layout-horizontal","24":"owp-btn-normal","25":"owp-tabs-layout-horizontal","26":"has-no-thumbnails"},"yoast_head":"<!-- This site is optimized with the Yoast SEO plugin v27.3 - https:\/\/yoast.com\/product\/yoast-seo-wordpress\/ -->\n<title>Navigation DVD Jaguar DENSO MMM2 Deutschland 2008\/2009<\/title>\n<meta name=\"description\" content=\"Original Jaguar Navigations-DVD geeignet f\u00fcr den Jaguar XF (X250) und XK (X150) mit DENSO MMM2 Navigationssystem. Detailkarten Deutschland 2008\/2009.\" \/>\n<meta name=\"robots\" content=\"index, follow, max-snippet:-1, max-image-preview:large, max-video-preview:-1\" \/>\n<link rel=\"canonical\" href=\"https:\/\/www.navi-express.com\/en\/shop\/jaguar\/denso-dvd-navigation\/dvd-navigation-jaguar-deutschland-benelux-skandinavien-italien-2008-2009-denso-xf-x250-xk-x150\/\" \/>\n<meta property=\"og:locale\" content=\"en_US\" \/>\n<meta property=\"og:type\" content=\"article\" \/>\n<meta property=\"og:title\" content=\"Navigation DVD Jaguar DENSO MMM2 Deutschland 2008\/2009\" \/>\n<meta property=\"og:description\" content=\"Original Jaguar Navigations-DVD geeignet f\u00fcr den Jaguar XF (X250) und XK (X150) mit DENSO MMM2 Navigationssystem. Detailkarten Deutschland 2008\/2009.\" \/>\n<meta property=\"og:url\" content=\"https:\/\/www.navi-express.com\/en\/shop\/jaguar\/denso-dvd-navigation\/dvd-navigation-jaguar-deutschland-benelux-skandinavien-italien-2008-2009-denso-xf-x250-xk-x150\/\" \/>\n<meta property=\"og:site_name\" content=\"Navi-Express\" \/>\n<meta property=\"article:modified_time\" content=\"2025-08-04T07:05:44+00:00\" \/>\n<meta property=\"og:image\" content=\"https:\/\/www.navi-express.com\/wp-content\/uploads\/2024\/05\/IMG_20250521_140612-scaled.jpg\" \/>\n\t<meta property=\"og:image:width\" content=\"2560\" \/>\n\t<meta property=\"og:image:height\" content=\"1920\" \/>\n\t<meta property=\"og:image:type\" content=\"image\/jpeg\" \/>\n<meta name=\"twitter:card\" content=\"summary_large_image\" \/>\n<meta name=\"twitter:label1\" content=\"Est. reading time\" \/>\n\t<meta name=\"twitter:data1\" content=\"1 minute\" \/>\n<script type=\"application\/ld+json\" class=\"yoast-schema-graph\">{\"@context\":\"https:\\\/\\\/schema.org\",\"@graph\":[{\"@type\":\"WebPage\",\"@id\":\"https:\\\/\\\/www.navi-express.com\\\/shop\\\/jaguar\\\/denso-dvd-navigation\\\/dvd-navigation-jaguar-deutschland-benelux-skandinavien-italien-2008-2009-denso-xf-x250-xk-x150\\\/\",\"url\":\"https:\\\/\\\/www.navi-express.com\\\/shop\\\/jaguar\\\/denso-dvd-navigation\\\/dvd-navigation-jaguar-deutschland-benelux-skandinavien-italien-2008-2009-denso-xf-x250-xk-x150\\\/\",\"name\":\"Navigation DVD Jaguar DENSO MMM2 Deutschland 2008\\\/2009\",\"isPartOf\":{\"@id\":\"https:\\\/\\\/www.navi-express.com\\\/#website\"},\"primaryImageOfPage\":{\"@id\":\"https:\\\/\\\/www.navi-express.com\\\/shop\\\/jaguar\\\/denso-dvd-navigation\\\/dvd-navigation-jaguar-deutschland-benelux-skandinavien-italien-2008-2009-denso-xf-x250-xk-x150\\\/#primaryimage\"},\"image\":{\"@id\":\"https:\\\/\\\/www.navi-express.com\\\/shop\\\/jaguar\\\/denso-dvd-navigation\\\/dvd-navigation-jaguar-deutschland-benelux-skandinavien-italien-2008-2009-denso-xf-x250-xk-x150\\\/#primaryimage\"},\"thumbnailUrl\":\"https:\\\/\\\/www.navi-express.com\\\/wp-content\\\/uploads\\\/2024\\\/05\\\/IMG_20250521_140612-scaled.jpg\",\"datePublished\":\"2024-05-03T08:22:25+00:00\",\"dateModified\":\"2025-08-04T07:05:44+00:00\",\"description\":\"Original Jaguar Navigations-DVD geeignet f\u00fcr den Jaguar XF (X250) und XK (X150) mit DENSO MMM2 Navigationssystem. Detailkarten Deutschland 2008\\\/2009.\",\"breadcrumb\":{\"@id\":\"https:\\\/\\\/www.navi-express.com\\\/shop\\\/jaguar\\\/denso-dvd-navigation\\\/dvd-navigation-jaguar-deutschland-benelux-skandinavien-italien-2008-2009-denso-xf-x250-xk-x150\\\/#breadcrumb\"},\"inLanguage\":\"en-US\",\"potentialAction\":[{\"@type\":\"ReadAction\",\"target\":[\"https:\\\/\\\/www.navi-express.com\\\/shop\\\/jaguar\\\/denso-dvd-navigation\\\/dvd-navigation-jaguar-deutschland-benelux-skandinavien-italien-2008-2009-denso-xf-x250-xk-x150\\\/\"]}]},{\"@type\":\"ImageObject\",\"inLanguage\":\"en-US\",\"@id\":\"https:\\\/\\\/www.navi-express.com\\\/shop\\\/jaguar\\\/denso-dvd-navigation\\\/dvd-navigation-jaguar-deutschland-benelux-skandinavien-italien-2008-2009-denso-xf-x250-xk-x150\\\/#primaryimage\",\"url\":\"https:\\\/\\\/www.navi-express.com\\\/wp-content\\\/uploads\\\/2024\\\/05\\\/IMG_20250521_140612-scaled.jpg\",\"contentUrl\":\"https:\\\/\\\/www.navi-express.com\\\/wp-content\\\/uploads\\\/2024\\\/05\\\/IMG_20250521_140612-scaled.jpg\",\"width\":2560,\"height\":1920},{\"@type\":\"BreadcrumbList\",\"@id\":\"https:\\\/\\\/www.navi-express.com\\\/shop\\\/jaguar\\\/denso-dvd-navigation\\\/dvd-navigation-jaguar-deutschland-benelux-skandinavien-italien-2008-2009-denso-xf-x250-xk-x150\\\/#breadcrumb\",\"itemListElement\":[{\"@type\":\"ListItem\",\"position\":1,\"name\":\"Startseite\",\"item\":\"https:\\\/\\\/www.navi-express.com\\\/\"},{\"@type\":\"ListItem\",\"position\":2,\"name\":\"Shop\",\"item\":\"https:\\\/\\\/www.navi-express.com\\\/shop\\\/\"},{\"@type\":\"ListItem\",\"position\":3,\"name\":\"DVD Navigation JAGUAR Deutschland Benelux Skandinavien Italien 2008\\\/2009 DENSO XF X250 XK X150\"}]},{\"@type\":\"WebSite\",\"@id\":\"https:\\\/\\\/www.navi-express.com\\\/#website\",\"url\":\"https:\\\/\\\/www.navi-express.com\\\/\",\"name\":\"Navi-Express\",\"description\":\"Ihr Experte f\u00fcr Navigation\",\"publisher\":{\"@id\":\"https:\\\/\\\/www.navi-express.com\\\/#organization\"},\"alternateName\":\"NE\",\"potentialAction\":[{\"@type\":\"SearchAction\",\"target\":{\"@type\":\"EntryPoint\",\"urlTemplate\":\"https:\\\/\\\/www.navi-express.com\\\/?s={search_term_string}\"},\"query-input\":{\"@type\":\"PropertyValueSpecification\",\"valueRequired\":true,\"valueName\":\"search_term_string\"}}],\"inLanguage\":\"en-US\"},{\"@type\":\"Organization\",\"@id\":\"https:\\\/\\\/www.navi-express.com\\\/#organization\",\"name\":\"Navi-Express\",\"alternateName\":\"NE\",\"url\":\"https:\\\/\\\/www.navi-express.com\\\/\",\"logo\":{\"@type\":\"ImageObject\",\"inLanguage\":\"en-US\",\"@id\":\"https:\\\/\\\/www.navi-express.com\\\/#\\\/schema\\\/logo\\\/image\\\/\",\"url\":\"https:\\\/\\\/www.navi-express.com\\\/wp-content\\\/uploads\\\/2019\\\/03\\\/cropped-logo-transpbearb-1.png\",\"contentUrl\":\"https:\\\/\\\/www.navi-express.com\\\/wp-content\\\/uploads\\\/2019\\\/03\\\/cropped-logo-transpbearb-1.png\",\"width\":512,\"height\":512,\"caption\":\"Navi-Express\"},\"image\":{\"@id\":\"https:\\\/\\\/www.navi-express.com\\\/#\\\/schema\\\/logo\\\/image\\\/\"}}]}<\/script>\n<!-- \/ Yoast SEO plugin. -->","yoast_head_json":{"title":"Navigation DVD Jaguar DENSO MMM2 Deutschland 2008\/2009","description":"Original Jaguar Navigations-DVD geeignet f\u00fcr den Jaguar XF (X250) und XK (X150) mit DENSO MMM2 Navigationssystem. Detailkarten Deutschland 2008\/2009.","robots":{"index":"index","follow":"follow","max-snippet":"max-snippet:-1","max-image-preview":"max-image-preview:large","max-video-preview":"max-video-preview:-1"},"canonical":"https:\/\/www.navi-express.com\/en\/shop\/jaguar\/denso-dvd-navigation\/dvd-navigation-jaguar-deutschland-benelux-skandinavien-italien-2008-2009-denso-xf-x250-xk-x150\/","og_locale":"en_US","og_type":"article","og_title":"Navigation DVD Jaguar DENSO MMM2 Deutschland 2008\/2009","og_description":"Original Jaguar Navigations-DVD geeignet f\u00fcr den Jaguar XF (X250) und XK (X150) mit DENSO MMM2 Navigationssystem. Detailkarten Deutschland 2008\/2009.","og_url":"https:\/\/www.navi-express.com\/en\/shop\/jaguar\/denso-dvd-navigation\/dvd-navigation-jaguar-deutschland-benelux-skandinavien-italien-2008-2009-denso-xf-x250-xk-x150\/","og_site_name":"Navi-Express","article_modified_time":"2025-08-04T07:05:44+00:00","og_image":[{"width":2560,"height":1920,"url":"https:\/\/www.navi-express.com\/wp-content\/uploads\/2024\/05\/IMG_20250521_140612-scaled.jpg","type":"image\/jpeg"}],"twitter_card":"summary_large_image","twitter_misc":{"Est. reading time":"1 minute"},"schema":{"@context":"https:\/\/schema.org","@graph":[{"@type":"WebPage","@id":"https:\/\/www.navi-express.com\/shop\/jaguar\/denso-dvd-navigation\/dvd-navigation-jaguar-deutschland-benelux-skandinavien-italien-2008-2009-denso-xf-x250-xk-x150\/","url":"https:\/\/www.navi-express.com\/shop\/jaguar\/denso-dvd-navigation\/dvd-navigation-jaguar-deutschland-benelux-skandinavien-italien-2008-2009-denso-xf-x250-xk-x150\/","name":"Navigation DVD Jaguar DENSO MMM2 Deutschland 2008\/2009","isPartOf":{"@id":"https:\/\/www.navi-express.com\/#website"},"primaryImageOfPage":{"@id":"https:\/\/www.navi-express.com\/shop\/jaguar\/denso-dvd-navigation\/dvd-navigation-jaguar-deutschland-benelux-skandinavien-italien-2008-2009-denso-xf-x250-xk-x150\/#primaryimage"},"image":{"@id":"https:\/\/www.navi-express.com\/shop\/jaguar\/denso-dvd-navigation\/dvd-navigation-jaguar-deutschland-benelux-skandinavien-italien-2008-2009-denso-xf-x250-xk-x150\/#primaryimage"},"thumbnailUrl":"https:\/\/www.navi-express.com\/wp-content\/uploads\/2024\/05\/IMG_20250521_140612-scaled.jpg","datePublished":"2024-05-03T08:22:25+00:00","dateModified":"2025-08-04T07:05:44+00:00","description":"Original Jaguar Navigations-DVD geeignet f\u00fcr den Jaguar XF (X250) und XK (X150) mit DENSO MMM2 Navigationssystem. Detailkarten Deutschland 2008\/2009.","breadcrumb":{"@id":"https:\/\/www.navi-express.com\/shop\/jaguar\/denso-dvd-navigation\/dvd-navigation-jaguar-deutschland-benelux-skandinavien-italien-2008-2009-denso-xf-x250-xk-x150\/#breadcrumb"},"inLanguage":"en-US","potentialAction":[{"@type":"ReadAction","target":["https:\/\/www.navi-express.com\/shop\/jaguar\/denso-dvd-navigation\/dvd-navigation-jaguar-deutschland-benelux-skandinavien-italien-2008-2009-denso-xf-x250-xk-x150\/"]}]},{"@type":"ImageObject","inLanguage":"en-US","@id":"https:\/\/www.navi-express.com\/shop\/jaguar\/denso-dvd-navigation\/dvd-navigation-jaguar-deutschland-benelux-skandinavien-italien-2008-2009-denso-xf-x250-xk-x150\/#primaryimage","url":"https:\/\/www.navi-express.com\/wp-content\/uploads\/2024\/05\/IMG_20250521_140612-scaled.jpg","contentUrl":"https:\/\/www.navi-express.com\/wp-content\/uploads\/2024\/05\/IMG_20250521_140612-scaled.jpg","width":2560,"height":1920},{"@type":"BreadcrumbList","@id":"https:\/\/www.navi-express.com\/shop\/jaguar\/denso-dvd-navigation\/dvd-navigation-jaguar-deutschland-benelux-skandinavien-italien-2008-2009-denso-xf-x250-xk-x150\/#breadcrumb","itemListElement":[{"@type":"ListItem","position":1,"name":"Startseite","item":"https:\/\/www.navi-express.com\/"},{"@type":"ListItem","position":2,"name":"Shop","item":"https:\/\/www.navi-express.com\/shop\/"},{"@type":"ListItem","position":3,"name":"DVD Navigation JAGUAR Deutschland Benelux Skandinavien Italien 2008\/2009 DENSO XF X250 XK X150"}]},{"@type":"WebSite","@id":"https:\/\/www.navi-express.com\/#website","url":"https:\/\/www.navi-express.com\/","name":"Navi-Express","description":"Ihr Experte f\u00fcr Navigation","publisher":{"@id":"https:\/\/www.navi-express.com\/#organization"},"alternateName":"NE","potentialAction":[{"@type":"SearchAction","target":{"@type":"EntryPoint","urlTemplate":"https:\/\/www.navi-express.com\/?s={search_term_string}"},"query-input":{"@type":"PropertyValueSpecification","valueRequired":true,"valueName":"search_term_string"}}],"inLanguage":"en-US"},{"@type":"Organization","@id":"https:\/\/www.navi-express.com\/#organization","name":"Navi-Express","alternateName":"NE","url":"https:\/\/www.navi-express.com\/","logo":{"@type":"ImageObject","inLanguage":"en-US","@id":"https:\/\/www.navi-express.com\/#\/schema\/logo\/image\/","url":"https:\/\/www.navi-express.com\/wp-content\/uploads\/2019\/03\/cropped-logo-transpbearb-1.png","contentUrl":"https:\/\/www.navi-express.com\/wp-content\/uploads\/2019\/03\/cropped-logo-transpbearb-1.png","width":512,"height":512,"caption":"Navi-Express"},"image":{"@id":"https:\/\/www.navi-express.com\/#\/schema\/logo\/image\/"}}]}},"_links":{"self":[{"href":"https:\/\/www.navi-express.com\/en\/wp-json\/wp\/v2\/product\/1709","targetHints":{"allow":["GET"]}}],"collection":[{"href":"https:\/\/www.navi-express.com\/en\/wp-json\/wp\/v2\/product"}],"about":[{"href":"https:\/\/www.navi-express.com\/en\/wp-json\/wp\/v2\/types\/product"}],"wp:featuredmedia":[{"embeddable":true,"href":"https:\/\/www.navi-express.com\/en\/wp-json\/wp\/v2\/media\/4784"}],"wp:attachment":[{"href":"https:\/\/www.navi-express.com\/en\/wp-json\/wp\/v2\/media?parent=1709"}],"wp:term":[{"taxonomy":"product_brand","embeddable":true,"href":"https:\/\/www.navi-express.com\/en\/wp-json\/wp\/v2\/product_brand?post=1709"},{"taxonomy":"product_cat","embeddable":true,"href":"https:\/\/www.navi-express.com\/en\/wp-json\/wp\/v2\/product_cat?post=1709"},{"taxonomy":"product_tag","embeddable":true,"href":"https:\/\/www.navi-express.com\/en\/wp-json\/wp\/v2\/product_tag?post=1709"}],"curies":[{"name":"wp","href":"https:\/\/api.w.org\/{rel}","templated":true}]}}