{"id":2014,"date":"2024-06-07T10:28:17","date_gmt":"2024-06-07T08:28:17","guid":{"rendered":"https:\/\/www.navi-express.com\/?post_type=product&#038;p=2014"},"modified":"2026-03-13T16:37:44","modified_gmt":"2026-03-13T15:37:44","slug":"original-tomtom-tmc-traffic-receiver-verkehrsfunkempfaenger-und-ladekabel-4uuc23-micro-usb","status":"publish","type":"product","link":"https:\/\/www.navi-express.com\/en\/shop\/tomtom\/zubehoer\/original-tomtom-tmc-traffic-receiver-verkehrsfunkempfaenger-und-ladekabel-4uuc23-micro-usb\/","title":{"rendered":"TomTom TMC Traffic Receiver Verkehrsfunkempf\u00e4nger und Ladekabel 4UUC23 (Micro USB)"},"content":{"rendered":"<div><\/div>\n<p>&nbsp;<\/p>\n<div><span style=\"color: #000000;\"><b><span style=\"font-size: large;\">Original TomTom TMC Verkehrsfunkempf\u00e4nger (Traffic Receiver) und Labekabel<\/span><\/b><\/span><\/div>\n<div><span style=\"color: #000000;\"><b><span style=\"font-size: large;\">f\u00fcr kostenlose Verkehrsinformationen \u00fcber TMC (Stauumfahrung)<\/span><\/b><\/span><\/div>\n<div><\/div>\n<p>&nbsp;<\/p>\n<div><strong><span style=\"color: #000000;\">TMC ist nur noch in ein paar europ\u00e4ischen L\u00e4ndern verf\u00fcgbar z.B. in Deutschland<\/span><\/strong><\/div>\n<div>(langsamer und nicht so aktuell wie Verkehrsinfos \u00fcber Internetverbindung)<\/div>\n<div><span style=\"color: #000000;\"><b>\u00a0<\/b><\/span><\/div>\n<div><span style=\"color: #000000;\"><b>Artikel befindet sich in einem gebrauchten Zustand mit gew\u00f6hnlichen Gebrauchsspuren und wurde zuvor getestet<\/b><\/span><\/div>\n<div><span style=\"color: #000000;\"><b>\u00a0<\/b><\/span><b style=\"color: #000000;\">\u00a0<\/b><\/div>\n<div><span style=\"color: #000000;\"><b>Um 90 Grad abgewinkelter Stecker<\/b><\/span><\/div>\n<div><span style=\"color: #000000;\"><b>\u00a0<\/b><\/span><\/div>\n<div><span style=\"color: #000000;\"><b>Herstellernummer: 4UUC23\u00a0 (4UUC.001.23)<\/b><\/span><\/div>\n<div><span style=\"color: #000000;\"><b>\u00a0<\/b><\/span><\/div>\n<div><\/div>\n<div><span style=\"color: #000000;\"><b><u>geeignet z.B. f\u00fcr die folgenden TomTom Ger\u00e4te:<\/u><\/b><\/span><\/div>\n<div>\n<ul>\n<li><span style=\"color: #000000;\"><b>Start 40 , Start 42 , Start 50 , Start 52 , Start 60 , Start 62<\/b><\/span><\/li>\n<li><strong><span style=\"color: #000000;\">Via 120 , Via 125 , Via 130 , Via 52 , Via 62<\/span><\/strong><\/li>\n<li><span style=\"color: #000000;\"><b>GO 40 , GO 400 , GO 50 , GO 500 , GO 510 , GO 520 , GO 60 , GO 600 , GO 610 , GO 620<\/b><\/span><\/li>\n<li><strong><span style=\"color: #000000;\">GO Professional 520 und GO Professional 620<\/span><\/strong><\/li>\n<li><strong><span style=\"color: #000000;\">Trucker 5000 und Trucker 6000<\/span><\/strong><\/li>\n<\/ul>\n<p><b>\u00a0<\/b><\/p>\n<div><b><span style=\"color: #0039f3;\">Achtung:<\/span><\/b><\/div>\n<\/div>\n<div><b><span style=\"color: #0039f3;\">Nicht geeignet f\u00fcr andere TomTom Ger\u00e4te ohne Micro-USB-Anschluss<\/span><\/b><\/div>\n<div><b><span style=\"color: #0039f3;\">Nicht geeignet f\u00fcr neuere TomTom Ger\u00e4te wie GO Discover , GO Superior &#8230;<\/span><\/b><\/div>\n<p>&nbsp;<\/p>\n<p>&nbsp;<\/p>\n<p>____________________________________________________________________________________________________________________<\/p>\n<p><strong><span style=\"color: #000000;\"><u>Hersteller \/ EU verantwortliche Person:<\/u><\/span><\/strong><\/p>\n<p><strong><span style=\"color: #000000;\">TomTom N.V.<\/span><\/strong><\/p>\n<p><strong><span style=\"color: #000000;\">De Ruijterkade 154<\/span><\/strong><\/p>\n<p><strong><span style=\"color: #000000;\">1011 AC Amsterdam<\/span><\/strong><\/p>\n<p><strong><span style=\"color: #000000;\">The Netherlands<\/span><\/strong><\/p>\n<p><strong><span style=\"color: #000000;\">Tel.: +31 20-757-5000<\/span><\/strong><\/p>\n<p><strong><span style=\"color: #000000;\">E-Mail: IR@tomtom.com<\/span><\/strong><\/p>","protected":false},"excerpt":{"rendered":"<p>&nbsp; Original TomTom TMC Verkehrsfunkempf\u00e4nger (Traffic Receiver) und Labekabel f\u00fcr kostenlose Verkehrsinformationen \u00fcber TMC (Stauumfahrung) &nbsp; TMC ist nur noch in ein paar europ\u00e4ischen L\u00e4ndern verf\u00fcgbar z.B. in Deutschland (langsamer und nicht so aktuell wie Verkehrsinfos \u00fcber Internetverbindung) \u00a0 Artikel befindet sich in einem gebrauchten Zustand mit gew\u00f6hnlichen Gebrauchsspuren und wurde zuvor getestet \u00a0\u00a0 Um [&hellip;]<\/p>\n","protected":false},"featured_media":6109,"template":"","meta":{"ocean_post_layout":"","ocean_both_sidebars_style":"","ocean_both_sidebars_content_width":0,"ocean_both_sidebars_sidebars_width":0,"ocean_sidebar":"0","ocean_second_sidebar":"0","ocean_disable_margins":"enable","ocean_add_body_class":"","ocean_shortcode_before_top_bar":"","ocean_shortcode_after_top_bar":"","ocean_shortcode_before_header":"","ocean_shortcode_after_header":"","ocean_has_shortcode":"","ocean_shortcode_after_title":"","ocean_shortcode_before_footer_widgets":"","ocean_shortcode_after_footer_widgets":"","ocean_shortcode_before_footer_bottom":"","ocean_shortcode_after_footer_bottom":"","ocean_display_top_bar":"default","ocean_display_header":"default","ocean_header_style":"","ocean_center_header_left_menu":"0","ocean_custom_header_template":"0","ocean_custom_logo":0,"ocean_custom_retina_logo":0,"ocean_custom_logo_max_width":0,"ocean_custom_logo_tablet_max_width":0,"ocean_custom_logo_mobile_max_width":0,"ocean_custom_logo_max_height":0,"ocean_custom_logo_tablet_max_height":0,"ocean_custom_logo_mobile_max_height":0,"ocean_header_custom_menu":"0","ocean_menu_typo_font_family":"0","ocean_menu_typo_font_subset":"","ocean_menu_typo_font_size":0,"ocean_menu_typo_font_size_tablet":0,"ocean_menu_typo_font_size_mobile":0,"ocean_menu_typo_font_size_unit":"px","ocean_menu_typo_font_weight":"","ocean_menu_typo_font_weight_tablet":"","ocean_menu_typo_font_weight_mobile":"","ocean_menu_typo_transform":"","ocean_menu_typo_transform_tablet":"","ocean_menu_typo_transform_mobile":"","ocean_menu_typo_line_height":0,"ocean_menu_typo_line_height_tablet":0,"ocean_menu_typo_line_height_mobile":0,"ocean_menu_typo_line_height_unit":"","ocean_menu_typo_spacing":0,"ocean_menu_typo_spacing_tablet":0,"ocean_menu_typo_spacing_mobile":0,"ocean_menu_typo_spacing_unit":"","ocean_menu_link_color":"","ocean_menu_link_color_hover":"","ocean_menu_link_color_active":"","ocean_menu_link_background":"","ocean_menu_link_hover_background":"","ocean_menu_link_active_background":"","ocean_menu_social_links_bg":"","ocean_menu_social_hover_links_bg":"","ocean_menu_social_links_color":"","ocean_menu_social_hover_links_color":"","ocean_disable_title":"default","ocean_disable_heading":"default","ocean_post_title":"","ocean_post_subheading":"","ocean_post_title_style":"","ocean_post_title_background_color":"","ocean_post_title_background":0,"ocean_post_title_bg_image_position":"","ocean_post_title_bg_image_attachment":"","ocean_post_title_bg_image_repeat":"","ocean_post_title_bg_image_size":"","ocean_post_title_height":0,"ocean_post_title_bg_overlay":0.5,"ocean_post_title_bg_overlay_color":"","ocean_disable_breadcrumbs":"default","ocean_breadcrumbs_color":"","ocean_breadcrumbs_separator_color":"","ocean_breadcrumbs_links_color":"","ocean_breadcrumbs_links_hover_color":"","ocean_display_footer_widgets":"default","ocean_display_footer_bottom":"default","ocean_custom_footer_template":"0"},"product_brand":[],"product_cat":[639],"product_tag":[678,677,675,641,676],"class_list":{"0":"post-2014","1":"product","2":"type-product","3":"status-publish","4":"has-post-thumbnail","6":"product_cat-zubehoer","7":"product_tag-4uuc23","8":"product_tag-ladekabel","9":"product_tag-tmc","10":"product_tag-tomtom","11":"product_tag-traffic-receiver","13":"entry","14":"has-media","16":"first","17":"instock","18":"purchasable","19":"product-type-simple","20":"col","21":"span_1_of_4","22":"owp-content-center","23":"item-entry","24":"owp-thumbs-layout-horizontal","25":"owp-btn-normal","26":"owp-tabs-layout-horizontal"},"yoast_head":"<!-- This site is optimized with the Yoast SEO plugin v27.5 - https:\/\/yoast.com\/product\/yoast-seo-wordpress\/ -->\n<title>TomTom TMC Verkehrsfunkempf\u00e4nger und Ladekabel 4UUC23<\/title>\n<meta name=\"description\" content=\"Original TomTom TMC Ladekabel und Verkehrsfunkempf\u00e4nger. Artikelnummer: 4UUC23 . F\u00fcr verschiedene mobile TomTom Navigationsger\u00e4te geeignet.\" \/>\n<meta name=\"robots\" content=\"index, follow, max-snippet:-1, max-image-preview:large, max-video-preview:-1\" \/>\n<link rel=\"canonical\" href=\"https:\/\/www.navi-express.com\/en\/shop\/tomtom\/zubehoer\/original-tomtom-tmc-traffic-receiver-verkehrsfunkempfaenger-und-ladekabel-4uuc23-micro-usb\/\" \/>\n<meta property=\"og:locale\" content=\"en_US\" \/>\n<meta property=\"og:type\" content=\"article\" \/>\n<meta property=\"og:title\" content=\"TomTom TMC Verkehrsfunkempf\u00e4nger und Ladekabel 4UUC23\" \/>\n<meta property=\"og:description\" content=\"Original TomTom TMC Ladekabel und Verkehrsfunkempf\u00e4nger. Artikelnummer: 4UUC23 . F\u00fcr verschiedene mobile TomTom Navigationsger\u00e4te geeignet.\" \/>\n<meta property=\"og:url\" content=\"https:\/\/www.navi-express.com\/en\/shop\/tomtom\/zubehoer\/original-tomtom-tmc-traffic-receiver-verkehrsfunkempfaenger-und-ladekabel-4uuc23-micro-usb\/\" \/>\n<meta property=\"og:site_name\" content=\"Navi-Express\" \/>\n<meta property=\"article:modified_time\" content=\"2026-03-13T15:37:44+00:00\" \/>\n<meta property=\"og:image\" content=\"https:\/\/www.navi-express.com\/wp-content\/uploads\/2024\/06\/IMG_20240824_100616-3-scaled.jpg\" \/>\n\t<meta property=\"og:image:width\" content=\"2560\" \/>\n\t<meta property=\"og:image:height\" content=\"1920\" \/>\n\t<meta property=\"og:image:type\" content=\"image\/jpeg\" \/>\n<meta name=\"twitter:card\" content=\"summary_large_image\" \/>\n<meta name=\"twitter:label1\" content=\"Est. reading time\" \/>\n\t<meta name=\"twitter:data1\" content=\"2 minutes\" \/>\n<script type=\"application\/ld+json\" class=\"yoast-schema-graph\">{\"@context\":\"https:\\\/\\\/schema.org\",\"@graph\":[{\"@type\":\"WebPage\",\"@id\":\"https:\\\/\\\/www.navi-express.com\\\/shop\\\/tomtom\\\/zubehoer\\\/original-tomtom-tmc-traffic-receiver-verkehrsfunkempfaenger-und-ladekabel-4uuc23-micro-usb\\\/\",\"url\":\"https:\\\/\\\/www.navi-express.com\\\/shop\\\/tomtom\\\/zubehoer\\\/original-tomtom-tmc-traffic-receiver-verkehrsfunkempfaenger-und-ladekabel-4uuc23-micro-usb\\\/\",\"name\":\"TomTom TMC Verkehrsfunkempf\u00e4nger und Ladekabel 4UUC23\",\"isPartOf\":{\"@id\":\"https:\\\/\\\/www.navi-express.com\\\/#website\"},\"primaryImageOfPage\":{\"@id\":\"https:\\\/\\\/www.navi-express.com\\\/shop\\\/tomtom\\\/zubehoer\\\/original-tomtom-tmc-traffic-receiver-verkehrsfunkempfaenger-und-ladekabel-4uuc23-micro-usb\\\/#primaryimage\"},\"image\":{\"@id\":\"https:\\\/\\\/www.navi-express.com\\\/shop\\\/tomtom\\\/zubehoer\\\/original-tomtom-tmc-traffic-receiver-verkehrsfunkempfaenger-und-ladekabel-4uuc23-micro-usb\\\/#primaryimage\"},\"thumbnailUrl\":\"https:\\\/\\\/www.navi-express.com\\\/wp-content\\\/uploads\\\/2024\\\/06\\\/IMG_20240824_100616-3-scaled.jpg\",\"datePublished\":\"2024-06-07T08:28:17+00:00\",\"dateModified\":\"2026-03-13T15:37:44+00:00\",\"description\":\"Original TomTom TMC Ladekabel und Verkehrsfunkempf\u00e4nger. Artikelnummer: 4UUC23 . F\u00fcr verschiedene mobile TomTom Navigationsger\u00e4te geeignet.\",\"breadcrumb\":{\"@id\":\"https:\\\/\\\/www.navi-express.com\\\/shop\\\/tomtom\\\/zubehoer\\\/original-tomtom-tmc-traffic-receiver-verkehrsfunkempfaenger-und-ladekabel-4uuc23-micro-usb\\\/#breadcrumb\"},\"inLanguage\":\"en-US\",\"potentialAction\":[{\"@type\":\"ReadAction\",\"target\":[\"https:\\\/\\\/www.navi-express.com\\\/shop\\\/tomtom\\\/zubehoer\\\/original-tomtom-tmc-traffic-receiver-verkehrsfunkempfaenger-und-ladekabel-4uuc23-micro-usb\\\/\"]}]},{\"@type\":\"ImageObject\",\"inLanguage\":\"en-US\",\"@id\":\"https:\\\/\\\/www.navi-express.com\\\/shop\\\/tomtom\\\/zubehoer\\\/original-tomtom-tmc-traffic-receiver-verkehrsfunkempfaenger-und-ladekabel-4uuc23-micro-usb\\\/#primaryimage\",\"url\":\"https:\\\/\\\/www.navi-express.com\\\/wp-content\\\/uploads\\\/2024\\\/06\\\/IMG_20240824_100616-3-scaled.jpg\",\"contentUrl\":\"https:\\\/\\\/www.navi-express.com\\\/wp-content\\\/uploads\\\/2024\\\/06\\\/IMG_20240824_100616-3-scaled.jpg\",\"width\":2560,\"height\":1920},{\"@type\":\"BreadcrumbList\",\"@id\":\"https:\\\/\\\/www.navi-express.com\\\/shop\\\/tomtom\\\/zubehoer\\\/original-tomtom-tmc-traffic-receiver-verkehrsfunkempfaenger-und-ladekabel-4uuc23-micro-usb\\\/#breadcrumb\",\"itemListElement\":[{\"@type\":\"ListItem\",\"position\":1,\"name\":\"Startseite\",\"item\":\"https:\\\/\\\/www.navi-express.com\\\/\"},{\"@type\":\"ListItem\",\"position\":2,\"name\":\"Shop\",\"item\":\"https:\\\/\\\/www.navi-express.com\\\/shop\\\/\"},{\"@type\":\"ListItem\",\"position\":3,\"name\":\"TomTom TMC Traffic Receiver Verkehrsfunkempf\u00e4nger und Ladekabel 4UUC23 (Micro USB)\"}]},{\"@type\":\"WebSite\",\"@id\":\"https:\\\/\\\/www.navi-express.com\\\/#website\",\"url\":\"https:\\\/\\\/www.navi-express.com\\\/\",\"name\":\"Navi-Express\",\"description\":\"Ihr Experte f\u00fcr Navigation\",\"publisher\":{\"@id\":\"https:\\\/\\\/www.navi-express.com\\\/#organization\"},\"alternateName\":\"NE\",\"potentialAction\":[{\"@type\":\"SearchAction\",\"target\":{\"@type\":\"EntryPoint\",\"urlTemplate\":\"https:\\\/\\\/www.navi-express.com\\\/?s={search_term_string}\"},\"query-input\":{\"@type\":\"PropertyValueSpecification\",\"valueRequired\":true,\"valueName\":\"search_term_string\"}}],\"inLanguage\":\"en-US\"},{\"@type\":\"Organization\",\"@id\":\"https:\\\/\\\/www.navi-express.com\\\/#organization\",\"name\":\"Navi-Express\",\"alternateName\":\"NE\",\"url\":\"https:\\\/\\\/www.navi-express.com\\\/\",\"logo\":{\"@type\":\"ImageObject\",\"inLanguage\":\"en-US\",\"@id\":\"https:\\\/\\\/www.navi-express.com\\\/#\\\/schema\\\/logo\\\/image\\\/\",\"url\":\"https:\\\/\\\/www.navi-express.com\\\/wp-content\\\/uploads\\\/2019\\\/03\\\/cropped-logo-transpbearb-1.png\",\"contentUrl\":\"https:\\\/\\\/www.navi-express.com\\\/wp-content\\\/uploads\\\/2019\\\/03\\\/cropped-logo-transpbearb-1.png\",\"width\":512,\"height\":512,\"caption\":\"Navi-Express\"},\"image\":{\"@id\":\"https:\\\/\\\/www.navi-express.com\\\/#\\\/schema\\\/logo\\\/image\\\/\"}}]}<\/script>\n<!-- \/ Yoast SEO plugin. -->","yoast_head_json":{"title":"TomTom TMC Verkehrsfunkempf\u00e4nger und Ladekabel 4UUC23","description":"Original TomTom TMC Ladekabel und Verkehrsfunkempf\u00e4nger. Artikelnummer: 4UUC23 . F\u00fcr verschiedene mobile TomTom Navigationsger\u00e4te geeignet.","robots":{"index":"index","follow":"follow","max-snippet":"max-snippet:-1","max-image-preview":"max-image-preview:large","max-video-preview":"max-video-preview:-1"},"canonical":"https:\/\/www.navi-express.com\/en\/shop\/tomtom\/zubehoer\/original-tomtom-tmc-traffic-receiver-verkehrsfunkempfaenger-und-ladekabel-4uuc23-micro-usb\/","og_locale":"en_US","og_type":"article","og_title":"TomTom TMC Verkehrsfunkempf\u00e4nger und Ladekabel 4UUC23","og_description":"Original TomTom TMC Ladekabel und Verkehrsfunkempf\u00e4nger. Artikelnummer: 4UUC23 . F\u00fcr verschiedene mobile TomTom Navigationsger\u00e4te geeignet.","og_url":"https:\/\/www.navi-express.com\/en\/shop\/tomtom\/zubehoer\/original-tomtom-tmc-traffic-receiver-verkehrsfunkempfaenger-und-ladekabel-4uuc23-micro-usb\/","og_site_name":"Navi-Express","article_modified_time":"2026-03-13T15:37:44+00:00","og_image":[{"width":2560,"height":1920,"url":"https:\/\/www.navi-express.com\/wp-content\/uploads\/2024\/06\/IMG_20240824_100616-3-scaled.jpg","type":"image\/jpeg"}],"twitter_card":"summary_large_image","twitter_misc":{"Est. reading time":"2 minutes"},"schema":{"@context":"https:\/\/schema.org","@graph":[{"@type":"WebPage","@id":"https:\/\/www.navi-express.com\/shop\/tomtom\/zubehoer\/original-tomtom-tmc-traffic-receiver-verkehrsfunkempfaenger-und-ladekabel-4uuc23-micro-usb\/","url":"https:\/\/www.navi-express.com\/shop\/tomtom\/zubehoer\/original-tomtom-tmc-traffic-receiver-verkehrsfunkempfaenger-und-ladekabel-4uuc23-micro-usb\/","name":"TomTom TMC Verkehrsfunkempf\u00e4nger und Ladekabel 4UUC23","isPartOf":{"@id":"https:\/\/www.navi-express.com\/#website"},"primaryImageOfPage":{"@id":"https:\/\/www.navi-express.com\/shop\/tomtom\/zubehoer\/original-tomtom-tmc-traffic-receiver-verkehrsfunkempfaenger-und-ladekabel-4uuc23-micro-usb\/#primaryimage"},"image":{"@id":"https:\/\/www.navi-express.com\/shop\/tomtom\/zubehoer\/original-tomtom-tmc-traffic-receiver-verkehrsfunkempfaenger-und-ladekabel-4uuc23-micro-usb\/#primaryimage"},"thumbnailUrl":"https:\/\/www.navi-express.com\/wp-content\/uploads\/2024\/06\/IMG_20240824_100616-3-scaled.jpg","datePublished":"2024-06-07T08:28:17+00:00","dateModified":"2026-03-13T15:37:44+00:00","description":"Original TomTom TMC Ladekabel und Verkehrsfunkempf\u00e4nger. Artikelnummer: 4UUC23 . F\u00fcr verschiedene mobile TomTom Navigationsger\u00e4te geeignet.","breadcrumb":{"@id":"https:\/\/www.navi-express.com\/shop\/tomtom\/zubehoer\/original-tomtom-tmc-traffic-receiver-verkehrsfunkempfaenger-und-ladekabel-4uuc23-micro-usb\/#breadcrumb"},"inLanguage":"en-US","potentialAction":[{"@type":"ReadAction","target":["https:\/\/www.navi-express.com\/shop\/tomtom\/zubehoer\/original-tomtom-tmc-traffic-receiver-verkehrsfunkempfaenger-und-ladekabel-4uuc23-micro-usb\/"]}]},{"@type":"ImageObject","inLanguage":"en-US","@id":"https:\/\/www.navi-express.com\/shop\/tomtom\/zubehoer\/original-tomtom-tmc-traffic-receiver-verkehrsfunkempfaenger-und-ladekabel-4uuc23-micro-usb\/#primaryimage","url":"https:\/\/www.navi-express.com\/wp-content\/uploads\/2024\/06\/IMG_20240824_100616-3-scaled.jpg","contentUrl":"https:\/\/www.navi-express.com\/wp-content\/uploads\/2024\/06\/IMG_20240824_100616-3-scaled.jpg","width":2560,"height":1920},{"@type":"BreadcrumbList","@id":"https:\/\/www.navi-express.com\/shop\/tomtom\/zubehoer\/original-tomtom-tmc-traffic-receiver-verkehrsfunkempfaenger-und-ladekabel-4uuc23-micro-usb\/#breadcrumb","itemListElement":[{"@type":"ListItem","position":1,"name":"Startseite","item":"https:\/\/www.navi-express.com\/"},{"@type":"ListItem","position":2,"name":"Shop","item":"https:\/\/www.navi-express.com\/shop\/"},{"@type":"ListItem","position":3,"name":"TomTom TMC Traffic Receiver Verkehrsfunkempf\u00e4nger und Ladekabel 4UUC23 (Micro USB)"}]},{"@type":"WebSite","@id":"https:\/\/www.navi-express.com\/#website","url":"https:\/\/www.navi-express.com\/","name":"Navi-Express","description":"Ihr Experte f\u00fcr Navigation","publisher":{"@id":"https:\/\/www.navi-express.com\/#organization"},"alternateName":"NE","potentialAction":[{"@type":"SearchAction","target":{"@type":"EntryPoint","urlTemplate":"https:\/\/www.navi-express.com\/?s={search_term_string}"},"query-input":{"@type":"PropertyValueSpecification","valueRequired":true,"valueName":"search_term_string"}}],"inLanguage":"en-US"},{"@type":"Organization","@id":"https:\/\/www.navi-express.com\/#organization","name":"Navi-Express","alternateName":"NE","url":"https:\/\/www.navi-express.com\/","logo":{"@type":"ImageObject","inLanguage":"en-US","@id":"https:\/\/www.navi-express.com\/#\/schema\/logo\/image\/","url":"https:\/\/www.navi-express.com\/wp-content\/uploads\/2019\/03\/cropped-logo-transpbearb-1.png","contentUrl":"https:\/\/www.navi-express.com\/wp-content\/uploads\/2019\/03\/cropped-logo-transpbearb-1.png","width":512,"height":512,"caption":"Navi-Express"},"image":{"@id":"https:\/\/www.navi-express.com\/#\/schema\/logo\/image\/"}}]}},"_links":{"self":[{"href":"https:\/\/www.navi-express.com\/en\/wp-json\/wp\/v2\/product\/2014","targetHints":{"allow":["GET"]}}],"collection":[{"href":"https:\/\/www.navi-express.com\/en\/wp-json\/wp\/v2\/product"}],"about":[{"href":"https:\/\/www.navi-express.com\/en\/wp-json\/wp\/v2\/types\/product"}],"wp:featuredmedia":[{"embeddable":true,"href":"https:\/\/www.navi-express.com\/en\/wp-json\/wp\/v2\/media\/6109"}],"wp:attachment":[{"href":"https:\/\/www.navi-express.com\/en\/wp-json\/wp\/v2\/media?parent=2014"}],"wp:term":[{"taxonomy":"product_brand","embeddable":true,"href":"https:\/\/www.navi-express.com\/en\/wp-json\/wp\/v2\/product_brand?post=2014"},{"taxonomy":"product_cat","embeddable":true,"href":"https:\/\/www.navi-express.com\/en\/wp-json\/wp\/v2\/product_cat?post=2014"},{"taxonomy":"product_tag","embeddable":true,"href":"https:\/\/www.navi-express.com\/en\/wp-json\/wp\/v2\/product_tag?post=2014"}],"curies":[{"name":"wp","href":"https:\/\/api.w.org\/{rel}","templated":true}]}}