{"id":2115,"date":"2024-06-08T18:13:06","date_gmt":"2024-06-08T16:13:06","guid":{"rendered":"https:\/\/www.navi-express.com\/?post_type=product&#038;p=2115"},"modified":"2025-03-13T14:09:27","modified_gmt":"2025-03-13T13:09:27","slug":"navigation-dvd-europa-2020-fuer-rns2-dvd-rns-mfd2-dvd-final-update","status":"publish","type":"product","link":"https:\/\/www.navi-express.com\/en\/shop\/volkswagen-2\/vx-navigations-dvd\/navigation-dvd-europa-2020-fuer-rns2-dvd-rns-mfd2-dvd-final-update\/","title":{"rendered":"Navigation DVD Europa 2020 f\u00fcr RNS2 DVD &#038; RNS MFD2 DVD Final Update"},"content":{"rendered":"<p style=\"text-align: left;\" align=\"center\"><span style=\"color: #000000;\"><strong>Originale Navigations-DVD von Bosch in sehr gutem, funktionalem Zustand<\/strong><\/span><\/p>\n<p style=\"text-align: left;\" align=\"center\"><span style=\"color: #000000;\"><strong>geeignet f\u00fcr Blaupunkt EX-V (VX) oder auch Volkswagen Navigation VX<\/strong><\/span><\/p>\n<p style=\"text-align: left;\" align=\"center\"><span style=\"color: #000000;\"><strong>Detailkarten Europa Version 2020 (Final Update DVD)<\/strong><\/span><\/p>\n<p style=\"text-align: left;\" align=\"center\"><strong><span style=\"color: #000000;\">Geeignet f\u00fcr die Navigationssysteme RNS MFD DVD und RNS MFD 2 DVD und RNS2 DVD<\/span><\/strong><\/p>\n<p style=\"text-align: left;\" align=\"center\"><span style=\"color: #000000;\"><strong>in Volkswagen Caddy , Eos , Golf , Golf Plus , Jetta , Passat , Touran sowie T5 Multivan , Touareg<\/strong><\/span><\/p>\n<p>&nbsp;<\/p>\n<p style=\"text-align: left;\" align=\"center\"><span style=\"color: #000000;\"><b><span style=\"font-family: Arial;\"><span style=\"color: #ff0000;\">&#8211;&gt;<\/span> <span style=\"color: #ff0000;\">Die &#8222;DEST&#8220; Taste muss bei Ihnen vorhanden sein (siehe Bilder)<\/span><\/span><\/b><\/span><\/p>\n<p style=\"text-align: left;\" align=\"center\"><strong><span style=\"color: #000000;\"><b><span style=\"font-family: Arial;\"><span style=\"color: #ff0000;\">&#8211;&gt;<\/span> <span style=\"color: #ff0000;\">NICHT geeignet f\u00fcr RNS MFD Systeme mit CD Navigation (DX) oder RNS 510 \/ RNS 810 oder RNS 300 \/ RNS 310<\/span><\/span><\/b><\/span><\/strong><\/p>\n<p style=\"text-align: left;\" align=\"center\"><span style=\"color: #000000;\"><b><span style=\"font-family: Arial;\"><span style=\"color: #ff0000;\">&#8211;&gt;<\/span> <span style=\"color: #ff0000;\">BITTE NICHT KAUFEN, wenn Ihre Navi-DVD nicht (mehr) funktioniert<\/span><\/span><\/b><\/span><\/p>\n<p style=\"text-align: left;\" align=\"center\"><span style=\"color: #000000;\"><b><span style=\"font-family: Arial;\"><span style=\"color: #ff0000;\">&#8211;&gt;<\/span> <span style=\"color: #ff0000;\">Bei Versand in ein NICHT-EU-LAND fallen f\u00fcr den K\u00e4ufer weitere Kosten an<\/span><\/span><\/b><\/span><\/p>\n<p>&nbsp;<\/p>\n<p>&nbsp;<\/p>\n<p><span style=\"color: #000000;\"><b><u>Geeignet f\u00fcr folgende Navi-Ger\u00e4te:<\/u><\/b><\/span><\/p>\n<p class=\"p2\"><span class=\"s1\" style=\"color: #000000;\">7L6057191H Radio-Navigationssystem<\/span><\/p>\n<p class=\"p2\"><span class=\"s1\" style=\"color: #000000;\"><span lang=\"EN-GB\">7L6057191R Radio-Navigationssystem<\/span><\/span><\/p>\n<p class=\"p2\"><span class=\"s1\" style=\"color: #000000;\"><span lang=\"EN-GB\">7H0035191C<\/span><\/span><\/p>\n<p class=\"p2\"><span class=\"s1\" style=\"color: #000000;\"><span lang=\"EN-GB\">7H0035191J<\/span><\/span><\/p>\n<p class=\"p2\"><span class=\"s1\" style=\"color: #000000;\"><span lang=\"EN-GB\">7H0035191KX<\/span><\/span><\/p>\n<p class=\"p2\"><span class=\"s1\" style=\"color: #000000;\"><span lang=\"EN-GB\">7L6035191HX<\/span><\/span><\/p>\n<p class=\"p2\"><span class=\"s1\" style=\"color: #000000;\"><span lang=\"EN-GB\">7L6035191RX<\/span><\/span><\/p>\n<p class=\"p2\"><span class=\"s1\" style=\"color: #000000;\"><span lang=\"EN-GB\">7L6035177EX<\/span><\/span><\/p>\n<p class=\"p2\"><span class=\"s1\" style=\"color: #000000;\"><span lang=\"EN-GB\">7H0057191C Radio-Navigationssystem<\/span><\/span><\/p>\n<p class=\"p2\"><span class=\"s1\" style=\"color: #000000;\"><span lang=\"EN-GB\">7H0057191J Radio-Navigationssystem<\/span><\/span><\/p>\n<p class=\"p2\"><span class=\"s1\" style=\"color: #000000;\"><span lang=\"EN-GB\">7H0057191K Radio-Navigationssystem<\/span><\/span><\/p>\n<p class=\"p2\"><span class=\"s1\" style=\"color: #000000;\"><span lang=\"EN-GB\">7H0035191CX<\/span><\/span><\/p>\n<p class=\"p2\"><span class=\"s1\" style=\"color: #000000;\"><span lang=\"EN-GB\">7H0035191JX<\/span><\/span><\/p>\n<p class=\"p2\"><span class=\"s1\" style=\"color: #000000;\"><span lang=\"EN-GB\">1K0035198C<\/span><\/span><\/p>\n<p class=\"p2\"><span class=\"s1\" style=\"color: #000000;\"><span lang=\"EN-GB\">1K0057198A Radio-Navigationssystem<\/span><\/span><\/p>\n<p class=\"p2\"><span class=\"s1\" style=\"color: #000000;\"><span lang=\"EN-GB\">1K0057198B Radio-Navigationssystem<\/span><\/span><\/p>\n<p class=\"p2\"><span class=\"s1\" style=\"color: #000000;\"><span lang=\"EN-GB\">1K0057198C Radio-Navigationssystem<\/span><\/span><\/p>\n<p class=\"p2\"><span class=\"s1\" style=\"color: #000000;\">7L6035177E<\/span><\/p>\n<p class=\"p2\"><span class=\"s1\" style=\"color: #000000;\">7L6057177E Radio-Navigationssystem<\/span><\/p>\n<p class=\"p2\"><span class=\"s1\" style=\"color: #000000;\">7L6035191H<\/span><\/p>\n<p class=\"p2\"><span class=\"s1\" style=\"color: #000000;\">7L6035191R<\/span><\/p>\n<p class=\"p2\"><span class=\"s1\" style=\"color: #000000;\">1K0035198<\/span><\/p>\n<p class=\"p2\"><span class=\"s1\" style=\"color: #000000;\">1K0035198A<\/span><\/p>\n<p class=\"p2\"><span class=\"s1\" style=\"color: #000000;\">1K0035198B<\/span><\/p>\n<p class=\"p2\"><span class=\"s1\" style=\"color: #000000;\">7H0035191K<\/span><\/p>\n<p>&nbsp;<\/p>\n<p style=\"font-weight: 400;\"><span style=\"color: #000000;\"><strong><u>Daten f\u00fcr folgende L\u00e4nder enthalten:<\/u><\/strong><\/span><\/p>\n<p style=\"font-weight: 400;\"><span style=\"color: #000000;\"><strong>Andorra, Belgien, D\u00e4nemark, Deutschland , Finnland, Frankreich, Gibraltar, Griechenland, <\/strong><strong>Gro\u00dfbritannien, Irland, Italien, Liechtenstein, Luxemburg, Monaco, Niederlande, Norwegen, <\/strong><strong>\u00d6sterreich, <\/strong><strong>Polen, Portugal, San Marino, Schweden, Schweiz, Slowakei, Slowenien, Spanien, <\/strong><strong>Ungarn, Tschechien, Vatikanstaat<\/strong><\/span><\/p>\n<p style=\"font-weight: 400;\"><span style=\"color: #000000;\"><strong><u>Verbindungsstra\u00dfennetz (keine Punkt-zu-Punkt Navigation):<\/u><\/strong><\/span><\/p>\n<p style=\"font-weight: 400;\"><span style=\"color: #000000;\"><strong>Albanien, Bosnien-Herzegowina, Kroatien, Mazedonien, Montenegro, Serbien<\/strong><\/span><\/p>\n<p>&nbsp;<\/p>\n<p style=\"font-weight: 400;\"><span style=\"color: #000000;\"><strong><u>Verf\u00fcgbare Sprachen und Fahrempfehlungen:<\/u><\/strong><\/span><\/p>\n<p style=\"font-weight: 400;\"><span style=\"color: #000000;\"><strong>Deutsch, Englisch, Franz\u00f6sisch, Italienisch und weitere<\/strong><\/span><\/p>\n<p>&nbsp;<\/p>\n<p style=\"font-weight: 400;\"><span style=\"color: #000000;\"><strong><u>TMC\/RDS* verf\u00fcgbar in:<\/u><\/strong><\/span><\/p>\n<p style=\"font-weight: 400;\"><span style=\"color: #000000;\"><strong>\u00d6sterreich, <\/strong><strong>Belgien, <\/strong><strong>D\u00e4nemark, <\/strong><strong>Tschechien, <\/strong><strong>Deutschland, Frankreich, <\/strong><strong>Italien, Luxemburg, <\/strong><strong>Niederlande, Norwegen, <\/strong><strong>Schweden, Schweiz, Spanien<\/strong><\/span><\/p>\n<p>&nbsp;<\/p>\n<p>____________________________________________________________________________________________________________________<\/p>\n<p><strong><span style=\"color: #000000;\"><u>Hersteller \/ EU verantwortliche Person:<\/u><\/span><\/strong><\/p>\n<p><strong><span style=\"color: #000000;\">Robert Bosch GmbH<\/span><\/strong><\/p>\n<p><strong><span style=\"color: #000000;\">Robert-Bosch-Platz 1<\/span><\/strong><\/p>\n<p><strong><span style=\"color: #000000;\">70839 Gerlingen-Schillerh\u00f6he<\/span><\/strong><\/p>\n<p><strong><span style=\"color: #000000;\">Deutschland<\/span><\/strong><\/p>\n<p><strong><span style=\"color: #000000;\">Tel.: +49 711 400 40990<\/span><\/strong><\/p>\n<p><strong><span style=\"color: #000000;\">E-Mail: kontakt@bosch.de<\/span><\/strong><\/p>","protected":false},"excerpt":{"rendered":"<p>&nbsp;<\/p>\n<p align=\"center\">","protected":false},"featured_media":2116,"template":"","meta":{"ocean_post_layout":"","ocean_both_sidebars_style":"","ocean_both_sidebars_content_width":0,"ocean_both_sidebars_sidebars_width":0,"ocean_sidebar":"0","ocean_second_sidebar":"0","ocean_disable_margins":"enable","ocean_add_body_class":"","ocean_shortcode_before_top_bar":"","ocean_shortcode_after_top_bar":"","ocean_shortcode_before_header":"","ocean_shortcode_after_header":"","ocean_has_shortcode":"","ocean_shortcode_after_title":"","ocean_shortcode_before_footer_widgets":"","ocean_shortcode_after_footer_widgets":"","ocean_shortcode_before_footer_bottom":"","ocean_shortcode_after_footer_bottom":"","ocean_display_top_bar":"default","ocean_display_header":"default","ocean_header_style":"","ocean_center_header_left_menu":"0","ocean_custom_header_template":"0","ocean_custom_logo":0,"ocean_custom_retina_logo":0,"ocean_custom_logo_max_width":0,"ocean_custom_logo_tablet_max_width":0,"ocean_custom_logo_mobile_max_width":0,"ocean_custom_logo_max_height":0,"ocean_custom_logo_tablet_max_height":0,"ocean_custom_logo_mobile_max_height":0,"ocean_header_custom_menu":"0","ocean_menu_typo_font_family":"0","ocean_menu_typo_font_subset":"","ocean_menu_typo_font_size":0,"ocean_menu_typo_font_size_tablet":0,"ocean_menu_typo_font_size_mobile":0,"ocean_menu_typo_font_size_unit":"px","ocean_menu_typo_font_weight":"","ocean_menu_typo_font_weight_tablet":"","ocean_menu_typo_font_weight_mobile":"","ocean_menu_typo_transform":"","ocean_menu_typo_transform_tablet":"","ocean_menu_typo_transform_mobile":"","ocean_menu_typo_line_height":0,"ocean_menu_typo_line_height_tablet":0,"ocean_menu_typo_line_height_mobile":0,"ocean_menu_typo_line_height_unit":"","ocean_menu_typo_spacing":0,"ocean_menu_typo_spacing_tablet":0,"ocean_menu_typo_spacing_mobile":0,"ocean_menu_typo_spacing_unit":"","ocean_menu_link_color":"","ocean_menu_link_color_hover":"","ocean_menu_link_color_active":"","ocean_menu_link_background":"","ocean_menu_link_hover_background":"","ocean_menu_link_active_background":"","ocean_menu_social_links_bg":"","ocean_menu_social_hover_links_bg":"","ocean_menu_social_links_color":"","ocean_menu_social_hover_links_color":"","ocean_disable_title":"default","ocean_disable_heading":"default","ocean_post_title":"","ocean_post_subheading":"","ocean_post_title_style":"","ocean_post_title_background_color":"","ocean_post_title_background":0,"ocean_post_title_bg_image_position":"","ocean_post_title_bg_image_attachment":"","ocean_post_title_bg_image_repeat":"","ocean_post_title_bg_image_size":"","ocean_post_title_height":0,"ocean_post_title_bg_overlay":0.5,"ocean_post_title_bg_overlay_color":"","ocean_disable_breadcrumbs":"default","ocean_breadcrumbs_color":"","ocean_breadcrumbs_separator_color":"","ocean_breadcrumbs_links_color":"","ocean_breadcrumbs_links_hover_color":"","ocean_display_footer_widgets":"default","ocean_display_footer_bottom":"default","ocean_custom_footer_template":"0"},"product_brand":[],"product_cat":[735],"product_tag":[228,35,496,36],"class_list":{"0":"post-2115","1":"product","2":"type-product","3":"status-publish","4":"has-post-thumbnail","6":"product_cat-vx-navigations-dvd","7":"product_tag-europa-2020","8":"product_tag-ex-v","9":"product_tag-navigation-vx","10":"product_tag-vx","12":"entry","13":"has-media","15":"first","16":"outofstock","17":"sold-individually","18":"purchasable","19":"product-type-simple","20":"col","21":"span_1_of_4","22":"owp-content-center","23":"item-entry","24":"owp-thumbs-layout-horizontal","25":"owp-btn-normal","26":"owp-tabs-layout-horizontal"},"yoast_head":"<!-- This site is optimized with the Yoast SEO plugin v27.3 - https:\/\/yoast.com\/product\/yoast-seo-wordpress\/ -->\n<title>Navi DVD f\u00fcr Volkswagen RNS2 DVD und RNS MFD (2) DVD Europa 2020<\/title>\n<meta name=\"description\" content=\"Original Navigations-DVD von Bosch geeignet f\u00fcr Volkswagen Fahrzeuge mit RNS2 und RNS MFD (2) Ger\u00e4te mit DVD Navigation. Detailkarten Europa 2020.\" \/>\n<meta name=\"robots\" content=\"index, follow, max-snippet:-1, max-image-preview:large, max-video-preview:-1\" \/>\n<link rel=\"canonical\" href=\"https:\/\/www.navi-express.com\/en\/shop\/volkswagen-2\/vx-navigations-dvd\/navigation-dvd-europa-2020-fuer-rns2-dvd-rns-mfd2-dvd-final-update\/\" \/>\n<meta property=\"og:locale\" content=\"en_US\" \/>\n<meta property=\"og:type\" content=\"article\" \/>\n<meta property=\"og:title\" content=\"Navi DVD f\u00fcr Volkswagen RNS2 DVD und RNS MFD (2) DVD Europa 2020\" \/>\n<meta property=\"og:description\" content=\"Original Navigations-DVD von Bosch geeignet f\u00fcr Volkswagen Fahrzeuge mit RNS2 und RNS MFD (2) Ger\u00e4te mit DVD Navigation. Detailkarten Europa 2020.\" \/>\n<meta property=\"og:url\" content=\"https:\/\/www.navi-express.com\/en\/shop\/volkswagen-2\/vx-navigations-dvd\/navigation-dvd-europa-2020-fuer-rns2-dvd-rns-mfd2-dvd-final-update\/\" \/>\n<meta property=\"og:site_name\" content=\"Navi-Express\" \/>\n<meta property=\"article:modified_time\" content=\"2025-03-13T13:09:27+00:00\" \/>\n<meta property=\"og:image\" content=\"https:\/\/www.navi-express.com\/wp-content\/uploads\/2024\/06\/Volkswagen-DVD-Navigation-RNS-MFD-DVD-Europa-2020-geoeffnet-1--scaled.jpg\" \/>\n\t<meta property=\"og:image:width\" content=\"1920\" \/>\n\t<meta property=\"og:image:height\" content=\"2560\" \/>\n\t<meta property=\"og:image:type\" content=\"image\/jpeg\" \/>\n<meta name=\"twitter:card\" content=\"summary_large_image\" \/>\n<meta name=\"twitter:label1\" content=\"Est. reading time\" \/>\n\t<meta name=\"twitter:data1\" content=\"2 minutes\" \/>\n<script type=\"application\/ld+json\" class=\"yoast-schema-graph\">{\"@context\":\"https:\\\/\\\/schema.org\",\"@graph\":[{\"@type\":\"WebPage\",\"@id\":\"https:\\\/\\\/www.navi-express.com\\\/shop\\\/volkswagen-2\\\/vx-navigations-dvd\\\/navigation-dvd-europa-2020-fuer-rns2-dvd-rns-mfd2-dvd-final-update\\\/\",\"url\":\"https:\\\/\\\/www.navi-express.com\\\/shop\\\/volkswagen-2\\\/vx-navigations-dvd\\\/navigation-dvd-europa-2020-fuer-rns2-dvd-rns-mfd2-dvd-final-update\\\/\",\"name\":\"Navi DVD f\u00fcr Volkswagen RNS2 DVD und RNS MFD (2) DVD Europa 2020\",\"isPartOf\":{\"@id\":\"https:\\\/\\\/www.navi-express.com\\\/#website\"},\"primaryImageOfPage\":{\"@id\":\"https:\\\/\\\/www.navi-express.com\\\/shop\\\/volkswagen-2\\\/vx-navigations-dvd\\\/navigation-dvd-europa-2020-fuer-rns2-dvd-rns-mfd2-dvd-final-update\\\/#primaryimage\"},\"image\":{\"@id\":\"https:\\\/\\\/www.navi-express.com\\\/shop\\\/volkswagen-2\\\/vx-navigations-dvd\\\/navigation-dvd-europa-2020-fuer-rns2-dvd-rns-mfd2-dvd-final-update\\\/#primaryimage\"},\"thumbnailUrl\":\"https:\\\/\\\/www.navi-express.com\\\/wp-content\\\/uploads\\\/2024\\\/06\\\/Volkswagen-DVD-Navigation-RNS-MFD-DVD-Europa-2020-geoeffnet-1--scaled.jpg\",\"datePublished\":\"2024-06-08T16:13:06+00:00\",\"dateModified\":\"2025-03-13T13:09:27+00:00\",\"description\":\"Original Navigations-DVD von Bosch geeignet f\u00fcr Volkswagen Fahrzeuge mit RNS2 und RNS MFD (2) Ger\u00e4te mit DVD Navigation. Detailkarten Europa 2020.\",\"breadcrumb\":{\"@id\":\"https:\\\/\\\/www.navi-express.com\\\/shop\\\/volkswagen-2\\\/vx-navigations-dvd\\\/navigation-dvd-europa-2020-fuer-rns2-dvd-rns-mfd2-dvd-final-update\\\/#breadcrumb\"},\"inLanguage\":\"en-US\",\"potentialAction\":[{\"@type\":\"ReadAction\",\"target\":[\"https:\\\/\\\/www.navi-express.com\\\/shop\\\/volkswagen-2\\\/vx-navigations-dvd\\\/navigation-dvd-europa-2020-fuer-rns2-dvd-rns-mfd2-dvd-final-update\\\/\"]}]},{\"@type\":\"ImageObject\",\"inLanguage\":\"en-US\",\"@id\":\"https:\\\/\\\/www.navi-express.com\\\/shop\\\/volkswagen-2\\\/vx-navigations-dvd\\\/navigation-dvd-europa-2020-fuer-rns2-dvd-rns-mfd2-dvd-final-update\\\/#primaryimage\",\"url\":\"https:\\\/\\\/www.navi-express.com\\\/wp-content\\\/uploads\\\/2024\\\/06\\\/Volkswagen-DVD-Navigation-RNS-MFD-DVD-Europa-2020-geoeffnet-1--scaled.jpg\",\"contentUrl\":\"https:\\\/\\\/www.navi-express.com\\\/wp-content\\\/uploads\\\/2024\\\/06\\\/Volkswagen-DVD-Navigation-RNS-MFD-DVD-Europa-2020-geoeffnet-1--scaled.jpg\",\"width\":1920,\"height\":2560},{\"@type\":\"BreadcrumbList\",\"@id\":\"https:\\\/\\\/www.navi-express.com\\\/shop\\\/volkswagen-2\\\/vx-navigations-dvd\\\/navigation-dvd-europa-2020-fuer-rns2-dvd-rns-mfd2-dvd-final-update\\\/#breadcrumb\",\"itemListElement\":[{\"@type\":\"ListItem\",\"position\":1,\"name\":\"Startseite\",\"item\":\"https:\\\/\\\/www.navi-express.com\\\/\"},{\"@type\":\"ListItem\",\"position\":2,\"name\":\"Shop\",\"item\":\"https:\\\/\\\/www.navi-express.com\\\/shop\\\/\"},{\"@type\":\"ListItem\",\"position\":3,\"name\":\"Navigation DVD Europa 2020 f\u00fcr RNS2 DVD &#038; RNS MFD2 DVD Final Update\"}]},{\"@type\":\"WebSite\",\"@id\":\"https:\\\/\\\/www.navi-express.com\\\/#website\",\"url\":\"https:\\\/\\\/www.navi-express.com\\\/\",\"name\":\"Navi-Express\",\"description\":\"Ihr Experte f\u00fcr Navigation\",\"publisher\":{\"@id\":\"https:\\\/\\\/www.navi-express.com\\\/#organization\"},\"alternateName\":\"NE\",\"potentialAction\":[{\"@type\":\"SearchAction\",\"target\":{\"@type\":\"EntryPoint\",\"urlTemplate\":\"https:\\\/\\\/www.navi-express.com\\\/?s={search_term_string}\"},\"query-input\":{\"@type\":\"PropertyValueSpecification\",\"valueRequired\":true,\"valueName\":\"search_term_string\"}}],\"inLanguage\":\"en-US\"},{\"@type\":\"Organization\",\"@id\":\"https:\\\/\\\/www.navi-express.com\\\/#organization\",\"name\":\"Navi-Express\",\"alternateName\":\"NE\",\"url\":\"https:\\\/\\\/www.navi-express.com\\\/\",\"logo\":{\"@type\":\"ImageObject\",\"inLanguage\":\"en-US\",\"@id\":\"https:\\\/\\\/www.navi-express.com\\\/#\\\/schema\\\/logo\\\/image\\\/\",\"url\":\"https:\\\/\\\/www.navi-express.com\\\/wp-content\\\/uploads\\\/2019\\\/03\\\/cropped-logo-transpbearb-1.png\",\"contentUrl\":\"https:\\\/\\\/www.navi-express.com\\\/wp-content\\\/uploads\\\/2019\\\/03\\\/cropped-logo-transpbearb-1.png\",\"width\":512,\"height\":512,\"caption\":\"Navi-Express\"},\"image\":{\"@id\":\"https:\\\/\\\/www.navi-express.com\\\/#\\\/schema\\\/logo\\\/image\\\/\"}}]}<\/script>\n<!-- \/ Yoast SEO plugin. -->","yoast_head_json":{"title":"Navi DVD f\u00fcr Volkswagen RNS2 DVD und RNS MFD (2) DVD Europa 2020","description":"Original Navigations-DVD von Bosch geeignet f\u00fcr Volkswagen Fahrzeuge mit RNS2 und RNS MFD (2) Ger\u00e4te mit DVD Navigation. Detailkarten Europa 2020.","robots":{"index":"index","follow":"follow","max-snippet":"max-snippet:-1","max-image-preview":"max-image-preview:large","max-video-preview":"max-video-preview:-1"},"canonical":"https:\/\/www.navi-express.com\/en\/shop\/volkswagen-2\/vx-navigations-dvd\/navigation-dvd-europa-2020-fuer-rns2-dvd-rns-mfd2-dvd-final-update\/","og_locale":"en_US","og_type":"article","og_title":"Navi DVD f\u00fcr Volkswagen RNS2 DVD und RNS MFD (2) DVD Europa 2020","og_description":"Original Navigations-DVD von Bosch geeignet f\u00fcr Volkswagen Fahrzeuge mit RNS2 und RNS MFD (2) Ger\u00e4te mit DVD Navigation. Detailkarten Europa 2020.","og_url":"https:\/\/www.navi-express.com\/en\/shop\/volkswagen-2\/vx-navigations-dvd\/navigation-dvd-europa-2020-fuer-rns2-dvd-rns-mfd2-dvd-final-update\/","og_site_name":"Navi-Express","article_modified_time":"2025-03-13T13:09:27+00:00","og_image":[{"width":1920,"height":2560,"url":"https:\/\/www.navi-express.com\/wp-content\/uploads\/2024\/06\/Volkswagen-DVD-Navigation-RNS-MFD-DVD-Europa-2020-geoeffnet-1--scaled.jpg","type":"image\/jpeg"}],"twitter_card":"summary_large_image","twitter_misc":{"Est. reading time":"2 minutes"},"schema":{"@context":"https:\/\/schema.org","@graph":[{"@type":"WebPage","@id":"https:\/\/www.navi-express.com\/shop\/volkswagen-2\/vx-navigations-dvd\/navigation-dvd-europa-2020-fuer-rns2-dvd-rns-mfd2-dvd-final-update\/","url":"https:\/\/www.navi-express.com\/shop\/volkswagen-2\/vx-navigations-dvd\/navigation-dvd-europa-2020-fuer-rns2-dvd-rns-mfd2-dvd-final-update\/","name":"Navi DVD f\u00fcr Volkswagen RNS2 DVD und RNS MFD (2) DVD Europa 2020","isPartOf":{"@id":"https:\/\/www.navi-express.com\/#website"},"primaryImageOfPage":{"@id":"https:\/\/www.navi-express.com\/shop\/volkswagen-2\/vx-navigations-dvd\/navigation-dvd-europa-2020-fuer-rns2-dvd-rns-mfd2-dvd-final-update\/#primaryimage"},"image":{"@id":"https:\/\/www.navi-express.com\/shop\/volkswagen-2\/vx-navigations-dvd\/navigation-dvd-europa-2020-fuer-rns2-dvd-rns-mfd2-dvd-final-update\/#primaryimage"},"thumbnailUrl":"https:\/\/www.navi-express.com\/wp-content\/uploads\/2024\/06\/Volkswagen-DVD-Navigation-RNS-MFD-DVD-Europa-2020-geoeffnet-1--scaled.jpg","datePublished":"2024-06-08T16:13:06+00:00","dateModified":"2025-03-13T13:09:27+00:00","description":"Original Navigations-DVD von Bosch geeignet f\u00fcr Volkswagen Fahrzeuge mit RNS2 und RNS MFD (2) Ger\u00e4te mit DVD Navigation. Detailkarten Europa 2020.","breadcrumb":{"@id":"https:\/\/www.navi-express.com\/shop\/volkswagen-2\/vx-navigations-dvd\/navigation-dvd-europa-2020-fuer-rns2-dvd-rns-mfd2-dvd-final-update\/#breadcrumb"},"inLanguage":"en-US","potentialAction":[{"@type":"ReadAction","target":["https:\/\/www.navi-express.com\/shop\/volkswagen-2\/vx-navigations-dvd\/navigation-dvd-europa-2020-fuer-rns2-dvd-rns-mfd2-dvd-final-update\/"]}]},{"@type":"ImageObject","inLanguage":"en-US","@id":"https:\/\/www.navi-express.com\/shop\/volkswagen-2\/vx-navigations-dvd\/navigation-dvd-europa-2020-fuer-rns2-dvd-rns-mfd2-dvd-final-update\/#primaryimage","url":"https:\/\/www.navi-express.com\/wp-content\/uploads\/2024\/06\/Volkswagen-DVD-Navigation-RNS-MFD-DVD-Europa-2020-geoeffnet-1--scaled.jpg","contentUrl":"https:\/\/www.navi-express.com\/wp-content\/uploads\/2024\/06\/Volkswagen-DVD-Navigation-RNS-MFD-DVD-Europa-2020-geoeffnet-1--scaled.jpg","width":1920,"height":2560},{"@type":"BreadcrumbList","@id":"https:\/\/www.navi-express.com\/shop\/volkswagen-2\/vx-navigations-dvd\/navigation-dvd-europa-2020-fuer-rns2-dvd-rns-mfd2-dvd-final-update\/#breadcrumb","itemListElement":[{"@type":"ListItem","position":1,"name":"Startseite","item":"https:\/\/www.navi-express.com\/"},{"@type":"ListItem","position":2,"name":"Shop","item":"https:\/\/www.navi-express.com\/shop\/"},{"@type":"ListItem","position":3,"name":"Navigation DVD Europa 2020 f\u00fcr RNS2 DVD &#038; RNS MFD2 DVD Final Update"}]},{"@type":"WebSite","@id":"https:\/\/www.navi-express.com\/#website","url":"https:\/\/www.navi-express.com\/","name":"Navi-Express","description":"Ihr Experte f\u00fcr Navigation","publisher":{"@id":"https:\/\/www.navi-express.com\/#organization"},"alternateName":"NE","potentialAction":[{"@type":"SearchAction","target":{"@type":"EntryPoint","urlTemplate":"https:\/\/www.navi-express.com\/?s={search_term_string}"},"query-input":{"@type":"PropertyValueSpecification","valueRequired":true,"valueName":"search_term_string"}}],"inLanguage":"en-US"},{"@type":"Organization","@id":"https:\/\/www.navi-express.com\/#organization","name":"Navi-Express","alternateName":"NE","url":"https:\/\/www.navi-express.com\/","logo":{"@type":"ImageObject","inLanguage":"en-US","@id":"https:\/\/www.navi-express.com\/#\/schema\/logo\/image\/","url":"https:\/\/www.navi-express.com\/wp-content\/uploads\/2019\/03\/cropped-logo-transpbearb-1.png","contentUrl":"https:\/\/www.navi-express.com\/wp-content\/uploads\/2019\/03\/cropped-logo-transpbearb-1.png","width":512,"height":512,"caption":"Navi-Express"},"image":{"@id":"https:\/\/www.navi-express.com\/#\/schema\/logo\/image\/"}}]}},"_links":{"self":[{"href":"https:\/\/www.navi-express.com\/en\/wp-json\/wp\/v2\/product\/2115","targetHints":{"allow":["GET"]}}],"collection":[{"href":"https:\/\/www.navi-express.com\/en\/wp-json\/wp\/v2\/product"}],"about":[{"href":"https:\/\/www.navi-express.com\/en\/wp-json\/wp\/v2\/types\/product"}],"wp:featuredmedia":[{"embeddable":true,"href":"https:\/\/www.navi-express.com\/en\/wp-json\/wp\/v2\/media\/2116"}],"wp:attachment":[{"href":"https:\/\/www.navi-express.com\/en\/wp-json\/wp\/v2\/media?parent=2115"}],"wp:term":[{"taxonomy":"product_brand","embeddable":true,"href":"https:\/\/www.navi-express.com\/en\/wp-json\/wp\/v2\/product_brand?post=2115"},{"taxonomy":"product_cat","embeddable":true,"href":"https:\/\/www.navi-express.com\/en\/wp-json\/wp\/v2\/product_cat?post=2115"},{"taxonomy":"product_tag","embeddable":true,"href":"https:\/\/www.navi-express.com\/en\/wp-json\/wp\/v2\/product_tag?post=2115"}],"curies":[{"name":"wp","href":"https:\/\/api.w.org\/{rel}","templated":true}]}}