{"id":2197,"date":"2024-06-10T11:35:16","date_gmt":"2024-06-10T09:35:16","guid":{"rendered":"https:\/\/www.navi-express.com\/?post_type=product&#038;p=2197"},"modified":"2024-12-13T00:22:17","modified_gmt":"2024-12-12T23:22:17","slug":"porsche-pcm-2-0-navigations-cd-finnland-schweden-norwegen-version-08-2007-000-044-901-20","status":"publish","type":"product","link":"https:\/\/www.navi-express.com\/en\/shop\/porsche\/pcm-2-0-navigation-cd\/porsche-pcm-2-0-navigations-cd-finnland-schweden-norwegen-version-08-2007-000-044-901-20\/","title":{"rendered":"Porsche PCM 2.0 Navigations-CD Finnland Schweden Norwegen Version 08.2007 000-044-901-20"},"content":{"rendered":"<p style=\"text-align: left;\" align=\"center\"><span style=\"color: #000000;\"><strong>Originale Navigations-CD von Porsche in gebrauchtem funktionalen Zustand<\/strong><\/span><\/p>\n<p style=\"text-align: left;\" align=\"center\"><span style=\"color: #000000;\"><strong>geeignet f\u00fcr das PCM 2.0 Navigationssystem mit CD Navigation<\/strong><\/span><\/p>\n<p style=\"text-align: left;\" align=\"center\"><strong>CD mit Detailkarten f\u00fcr Finnland Schweden Norwegen von 08.2007<\/strong><\/p>\n<blockquote>\n<p style=\"text-align: left;\" align=\"center\"><span style=\"color: #00ccff;\"><strong>Nicht geeignet f\u00fcr PCM 1 oder PCM 2.1 mit DVD Navigation !<\/strong><\/span><\/p>\n<p style=\"text-align: left;\" align=\"center\"><span style=\"color: #00ccff;\"><strong>PCM Software Version 3.0 oder h\u00f6her ben\u00f6tigt !<\/strong><\/span><\/p>\n<p style=\"text-align: left;\" align=\"center\"><span style=\"color: #00ccff;\"><strong>Bei Versand in Nicht-EU-L\u00e4nder entstehen zus\u00e4tzliche Kosten f\u00fcr Sie !<\/strong><\/span><\/p>\n<\/blockquote>\n<p style=\"text-align: left;\" align=\"center\">\n<p align=\"center\">\n<p>____________________________________________________________________________________________________________________<\/p>\n<p><strong><span style=\"color: #000000;\"><u>Hersteller \/ EU verantwortliche Person:<\/u><\/span><\/strong><\/p>\n<p><strong><span style=\"color: #000000;\">Dr. Ing. h.c. F. Porsche AG<\/span><\/strong><\/p>\n<p><strong><span style=\"color: #000000;\">Porscheplatz 1<\/span><\/strong><\/p>\n<p><strong><span style=\"color: #000000;\">70435 Stuttgart<\/span><\/strong><\/p>\n<p><strong><span style=\"color: #000000;\">Deutschland<\/span><\/strong><\/p>\n<p><strong><span style=\"color: #000000;\">Tel.: +49 0711 911-0<\/span><\/strong><\/p>\n<p><strong><span style=\"color: #000000;\">E-Mail: info@porsche.de<\/span><\/strong><\/p>","protected":false},"excerpt":{"rendered":"<p>&nbsp;<\/p>\n<p align=\"center\">","protected":false},"featured_media":2198,"template":"","meta":{"ocean_post_layout":"","ocean_both_sidebars_style":"","ocean_both_sidebars_content_width":0,"ocean_both_sidebars_sidebars_width":0,"ocean_sidebar":"0","ocean_second_sidebar":"0","ocean_disable_margins":"enable","ocean_add_body_class":"","ocean_shortcode_before_top_bar":"","ocean_shortcode_after_top_bar":"","ocean_shortcode_before_header":"","ocean_shortcode_after_header":"","ocean_has_shortcode":"","ocean_shortcode_after_title":"","ocean_shortcode_before_footer_widgets":"","ocean_shortcode_after_footer_widgets":"","ocean_shortcode_before_footer_bottom":"","ocean_shortcode_after_footer_bottom":"","ocean_display_top_bar":"default","ocean_display_header":"default","ocean_header_style":"","ocean_center_header_left_menu":"0","ocean_custom_header_template":"0","ocean_custom_logo":0,"ocean_custom_retina_logo":0,"ocean_custom_logo_max_width":0,"ocean_custom_logo_tablet_max_width":0,"ocean_custom_logo_mobile_max_width":0,"ocean_custom_logo_max_height":0,"ocean_custom_logo_tablet_max_height":0,"ocean_custom_logo_mobile_max_height":0,"ocean_header_custom_menu":"0","ocean_menu_typo_font_family":"0","ocean_menu_typo_font_subset":"","ocean_menu_typo_font_size":0,"ocean_menu_typo_font_size_tablet":0,"ocean_menu_typo_font_size_mobile":0,"ocean_menu_typo_font_size_unit":"px","ocean_menu_typo_font_weight":"","ocean_menu_typo_font_weight_tablet":"","ocean_menu_typo_font_weight_mobile":"","ocean_menu_typo_transform":"","ocean_menu_typo_transform_tablet":"","ocean_menu_typo_transform_mobile":"","ocean_menu_typo_line_height":0,"ocean_menu_typo_line_height_tablet":0,"ocean_menu_typo_line_height_mobile":0,"ocean_menu_typo_line_height_unit":"","ocean_menu_typo_spacing":0,"ocean_menu_typo_spacing_tablet":0,"ocean_menu_typo_spacing_mobile":0,"ocean_menu_typo_spacing_unit":"","ocean_menu_link_color":"","ocean_menu_link_color_hover":"","ocean_menu_link_color_active":"","ocean_menu_link_background":"","ocean_menu_link_hover_background":"","ocean_menu_link_active_background":"","ocean_menu_social_links_bg":"","ocean_menu_social_hover_links_bg":"","ocean_menu_social_links_color":"","ocean_menu_social_hover_links_color":"","ocean_disable_title":"default","ocean_disable_heading":"default","ocean_post_title":"","ocean_post_subheading":"","ocean_post_title_style":"","ocean_post_title_background_color":"","ocean_post_title_background":0,"ocean_post_title_bg_image_position":"","ocean_post_title_bg_image_attachment":"","ocean_post_title_bg_image_repeat":"","ocean_post_title_bg_image_size":"","ocean_post_title_height":0,"ocean_post_title_bg_overlay":0.5,"ocean_post_title_bg_overlay_color":"","ocean_disable_breadcrumbs":"default","ocean_breadcrumbs_color":"","ocean_breadcrumbs_separator_color":"","ocean_breadcrumbs_links_color":"","ocean_breadcrumbs_links_hover_color":"","ocean_display_footer_widgets":"default","ocean_display_footer_bottom":"default","ocean_custom_footer_template":"0"},"product_brand":[],"product_cat":[752],"product_tag":[768,765,766,760],"class_list":{"0":"post-2197","1":"product","2":"type-product","3":"status-publish","4":"has-post-thumbnail","6":"product_cat-pcm-2-0-navigation-cd","7":"product_tag-000-044-901-20","8":"product_tag-765","9":"product_tag-boxster","10":"product_tag-pcm-2-0","12":"entry","13":"has-media","15":"first","16":"instock","17":"sold-individually","18":"purchasable","19":"product-type-simple","20":"col","21":"span_1_of_4","22":"owp-content-center","23":"item-entry","24":"owp-thumbs-layout-horizontal","25":"owp-btn-normal","26":"owp-tabs-layout-horizontal","27":"has-no-thumbnails"},"yoast_head":"<!-- This site is optimized with the Yoast SEO plugin v27.3 - https:\/\/yoast.com\/product\/yoast-seo-wordpress\/ -->\n<title>Porsche PCM 2.0 Navigations-CD Finnland Schweden Norwegen Version 08.2007 000-044-901-20 - Navi-Express<\/title>\n<meta name=\"robots\" content=\"index, follow, max-snippet:-1, max-image-preview:large, max-video-preview:-1\" \/>\n<link rel=\"canonical\" href=\"https:\/\/www.navi-express.com\/en\/shop\/porsche\/pcm-2-0-navigation-cd\/porsche-pcm-2-0-navigations-cd-finnland-schweden-norwegen-version-08-2007-000-044-901-20\/\" \/>\n<meta property=\"og:locale\" content=\"en_US\" \/>\n<meta property=\"og:type\" content=\"article\" \/>\n<meta property=\"og:title\" content=\"Porsche PCM 2.0 Navigations-CD Finnland Schweden Norwegen Version 08.2007 000-044-901-20 - Navi-Express\" \/>\n<meta property=\"og:description\" content=\"&nbsp;\" \/>\n<meta property=\"og:url\" content=\"https:\/\/www.navi-express.com\/en\/shop\/porsche\/pcm-2-0-navigation-cd\/porsche-pcm-2-0-navigations-cd-finnland-schweden-norwegen-version-08-2007-000-044-901-20\/\" \/>\n<meta property=\"og:site_name\" content=\"Navi-Express\" \/>\n<meta property=\"article:modified_time\" content=\"2024-12-12T23:22:17+00:00\" \/>\n<meta property=\"og:image\" content=\"https:\/\/www.navi-express.com\/wp-content\/uploads\/2024\/06\/Porsche-PCM-2.0-CD6-Finland-Schweden-Norwegen-08.2007-2-scaled.jpg\" \/>\n\t<meta property=\"og:image:width\" content=\"1920\" \/>\n\t<meta property=\"og:image:height\" content=\"2560\" \/>\n\t<meta property=\"og:image:type\" content=\"image\/jpeg\" \/>\n<meta name=\"twitter:card\" content=\"summary_large_image\" \/>\n<meta name=\"twitter:label1\" content=\"Est. reading time\" \/>\n\t<meta name=\"twitter:data1\" content=\"1 minute\" \/>\n<script type=\"application\/ld+json\" class=\"yoast-schema-graph\">{\"@context\":\"https:\\\/\\\/schema.org\",\"@graph\":[{\"@type\":\"WebPage\",\"@id\":\"https:\\\/\\\/www.navi-express.com\\\/shop\\\/porsche\\\/pcm-2-0-navigation-cd\\\/porsche-pcm-2-0-navigations-cd-finnland-schweden-norwegen-version-08-2007-000-044-901-20\\\/\",\"url\":\"https:\\\/\\\/www.navi-express.com\\\/shop\\\/porsche\\\/pcm-2-0-navigation-cd\\\/porsche-pcm-2-0-navigations-cd-finnland-schweden-norwegen-version-08-2007-000-044-901-20\\\/\",\"name\":\"Porsche PCM 2.0 Navigations-CD Finnland Schweden Norwegen Version 08.2007 000-044-901-20 - Navi-Express\",\"isPartOf\":{\"@id\":\"https:\\\/\\\/www.navi-express.com\\\/#website\"},\"primaryImageOfPage\":{\"@id\":\"https:\\\/\\\/www.navi-express.com\\\/shop\\\/porsche\\\/pcm-2-0-navigation-cd\\\/porsche-pcm-2-0-navigations-cd-finnland-schweden-norwegen-version-08-2007-000-044-901-20\\\/#primaryimage\"},\"image\":{\"@id\":\"https:\\\/\\\/www.navi-express.com\\\/shop\\\/porsche\\\/pcm-2-0-navigation-cd\\\/porsche-pcm-2-0-navigations-cd-finnland-schweden-norwegen-version-08-2007-000-044-901-20\\\/#primaryimage\"},\"thumbnailUrl\":\"https:\\\/\\\/www.navi-express.com\\\/wp-content\\\/uploads\\\/2024\\\/06\\\/Porsche-PCM-2.0-CD6-Finland-Schweden-Norwegen-08.2007-2-scaled.jpg\",\"datePublished\":\"2024-06-10T09:35:16+00:00\",\"dateModified\":\"2024-12-12T23:22:17+00:00\",\"breadcrumb\":{\"@id\":\"https:\\\/\\\/www.navi-express.com\\\/shop\\\/porsche\\\/pcm-2-0-navigation-cd\\\/porsche-pcm-2-0-navigations-cd-finnland-schweden-norwegen-version-08-2007-000-044-901-20\\\/#breadcrumb\"},\"inLanguage\":\"en-US\",\"potentialAction\":[{\"@type\":\"ReadAction\",\"target\":[\"https:\\\/\\\/www.navi-express.com\\\/shop\\\/porsche\\\/pcm-2-0-navigation-cd\\\/porsche-pcm-2-0-navigations-cd-finnland-schweden-norwegen-version-08-2007-000-044-901-20\\\/\"]}]},{\"@type\":\"ImageObject\",\"inLanguage\":\"en-US\",\"@id\":\"https:\\\/\\\/www.navi-express.com\\\/shop\\\/porsche\\\/pcm-2-0-navigation-cd\\\/porsche-pcm-2-0-navigations-cd-finnland-schweden-norwegen-version-08-2007-000-044-901-20\\\/#primaryimage\",\"url\":\"https:\\\/\\\/www.navi-express.com\\\/wp-content\\\/uploads\\\/2024\\\/06\\\/Porsche-PCM-2.0-CD6-Finland-Schweden-Norwegen-08.2007-2-scaled.jpg\",\"contentUrl\":\"https:\\\/\\\/www.navi-express.com\\\/wp-content\\\/uploads\\\/2024\\\/06\\\/Porsche-PCM-2.0-CD6-Finland-Schweden-Norwegen-08.2007-2-scaled.jpg\",\"width\":1920,\"height\":2560,\"caption\":\"dav\"},{\"@type\":\"BreadcrumbList\",\"@id\":\"https:\\\/\\\/www.navi-express.com\\\/shop\\\/porsche\\\/pcm-2-0-navigation-cd\\\/porsche-pcm-2-0-navigations-cd-finnland-schweden-norwegen-version-08-2007-000-044-901-20\\\/#breadcrumb\",\"itemListElement\":[{\"@type\":\"ListItem\",\"position\":1,\"name\":\"Startseite\",\"item\":\"https:\\\/\\\/www.navi-express.com\\\/\"},{\"@type\":\"ListItem\",\"position\":2,\"name\":\"Shop\",\"item\":\"https:\\\/\\\/www.navi-express.com\\\/shop\\\/\"},{\"@type\":\"ListItem\",\"position\":3,\"name\":\"Porsche PCM 2.0 Navigations-CD Finnland Schweden Norwegen Version 08.2007 000-044-901-20\"}]},{\"@type\":\"WebSite\",\"@id\":\"https:\\\/\\\/www.navi-express.com\\\/#website\",\"url\":\"https:\\\/\\\/www.navi-express.com\\\/\",\"name\":\"Navi-Express\",\"description\":\"Ihr Experte f\u00fcr Navigation\",\"publisher\":{\"@id\":\"https:\\\/\\\/www.navi-express.com\\\/#organization\"},\"alternateName\":\"NE\",\"potentialAction\":[{\"@type\":\"SearchAction\",\"target\":{\"@type\":\"EntryPoint\",\"urlTemplate\":\"https:\\\/\\\/www.navi-express.com\\\/?s={search_term_string}\"},\"query-input\":{\"@type\":\"PropertyValueSpecification\",\"valueRequired\":true,\"valueName\":\"search_term_string\"}}],\"inLanguage\":\"en-US\"},{\"@type\":\"Organization\",\"@id\":\"https:\\\/\\\/www.navi-express.com\\\/#organization\",\"name\":\"Navi-Express\",\"alternateName\":\"NE\",\"url\":\"https:\\\/\\\/www.navi-express.com\\\/\",\"logo\":{\"@type\":\"ImageObject\",\"inLanguage\":\"en-US\",\"@id\":\"https:\\\/\\\/www.navi-express.com\\\/#\\\/schema\\\/logo\\\/image\\\/\",\"url\":\"https:\\\/\\\/www.navi-express.com\\\/wp-content\\\/uploads\\\/2019\\\/03\\\/cropped-logo-transpbearb-1.png\",\"contentUrl\":\"https:\\\/\\\/www.navi-express.com\\\/wp-content\\\/uploads\\\/2019\\\/03\\\/cropped-logo-transpbearb-1.png\",\"width\":512,\"height\":512,\"caption\":\"Navi-Express\"},\"image\":{\"@id\":\"https:\\\/\\\/www.navi-express.com\\\/#\\\/schema\\\/logo\\\/image\\\/\"}}]}<\/script>\n<!-- \/ Yoast SEO plugin. -->","yoast_head_json":{"title":"Porsche PCM 2.0 Navigations-CD Finnland Schweden Norwegen Version 08.2007 000-044-901-20 - Navi-Express","robots":{"index":"index","follow":"follow","max-snippet":"max-snippet:-1","max-image-preview":"max-image-preview:large","max-video-preview":"max-video-preview:-1"},"canonical":"https:\/\/www.navi-express.com\/en\/shop\/porsche\/pcm-2-0-navigation-cd\/porsche-pcm-2-0-navigations-cd-finnland-schweden-norwegen-version-08-2007-000-044-901-20\/","og_locale":"en_US","og_type":"article","og_title":"Porsche PCM 2.0 Navigations-CD Finnland Schweden Norwegen Version 08.2007 000-044-901-20 - Navi-Express","og_description":"&nbsp;","og_url":"https:\/\/www.navi-express.com\/en\/shop\/porsche\/pcm-2-0-navigation-cd\/porsche-pcm-2-0-navigations-cd-finnland-schweden-norwegen-version-08-2007-000-044-901-20\/","og_site_name":"Navi-Express","article_modified_time":"2024-12-12T23:22:17+00:00","og_image":[{"width":1920,"height":2560,"url":"https:\/\/www.navi-express.com\/wp-content\/uploads\/2024\/06\/Porsche-PCM-2.0-CD6-Finland-Schweden-Norwegen-08.2007-2-scaled.jpg","type":"image\/jpeg"}],"twitter_card":"summary_large_image","twitter_misc":{"Est. reading time":"1 minute"},"schema":{"@context":"https:\/\/schema.org","@graph":[{"@type":"WebPage","@id":"https:\/\/www.navi-express.com\/shop\/porsche\/pcm-2-0-navigation-cd\/porsche-pcm-2-0-navigations-cd-finnland-schweden-norwegen-version-08-2007-000-044-901-20\/","url":"https:\/\/www.navi-express.com\/shop\/porsche\/pcm-2-0-navigation-cd\/porsche-pcm-2-0-navigations-cd-finnland-schweden-norwegen-version-08-2007-000-044-901-20\/","name":"Porsche PCM 2.0 Navigations-CD Finnland Schweden Norwegen Version 08.2007 000-044-901-20 - Navi-Express","isPartOf":{"@id":"https:\/\/www.navi-express.com\/#website"},"primaryImageOfPage":{"@id":"https:\/\/www.navi-express.com\/shop\/porsche\/pcm-2-0-navigation-cd\/porsche-pcm-2-0-navigations-cd-finnland-schweden-norwegen-version-08-2007-000-044-901-20\/#primaryimage"},"image":{"@id":"https:\/\/www.navi-express.com\/shop\/porsche\/pcm-2-0-navigation-cd\/porsche-pcm-2-0-navigations-cd-finnland-schweden-norwegen-version-08-2007-000-044-901-20\/#primaryimage"},"thumbnailUrl":"https:\/\/www.navi-express.com\/wp-content\/uploads\/2024\/06\/Porsche-PCM-2.0-CD6-Finland-Schweden-Norwegen-08.2007-2-scaled.jpg","datePublished":"2024-06-10T09:35:16+00:00","dateModified":"2024-12-12T23:22:17+00:00","breadcrumb":{"@id":"https:\/\/www.navi-express.com\/shop\/porsche\/pcm-2-0-navigation-cd\/porsche-pcm-2-0-navigations-cd-finnland-schweden-norwegen-version-08-2007-000-044-901-20\/#breadcrumb"},"inLanguage":"en-US","potentialAction":[{"@type":"ReadAction","target":["https:\/\/www.navi-express.com\/shop\/porsche\/pcm-2-0-navigation-cd\/porsche-pcm-2-0-navigations-cd-finnland-schweden-norwegen-version-08-2007-000-044-901-20\/"]}]},{"@type":"ImageObject","inLanguage":"en-US","@id":"https:\/\/www.navi-express.com\/shop\/porsche\/pcm-2-0-navigation-cd\/porsche-pcm-2-0-navigations-cd-finnland-schweden-norwegen-version-08-2007-000-044-901-20\/#primaryimage","url":"https:\/\/www.navi-express.com\/wp-content\/uploads\/2024\/06\/Porsche-PCM-2.0-CD6-Finland-Schweden-Norwegen-08.2007-2-scaled.jpg","contentUrl":"https:\/\/www.navi-express.com\/wp-content\/uploads\/2024\/06\/Porsche-PCM-2.0-CD6-Finland-Schweden-Norwegen-08.2007-2-scaled.jpg","width":1920,"height":2560,"caption":"dav"},{"@type":"BreadcrumbList","@id":"https:\/\/www.navi-express.com\/shop\/porsche\/pcm-2-0-navigation-cd\/porsche-pcm-2-0-navigations-cd-finnland-schweden-norwegen-version-08-2007-000-044-901-20\/#breadcrumb","itemListElement":[{"@type":"ListItem","position":1,"name":"Startseite","item":"https:\/\/www.navi-express.com\/"},{"@type":"ListItem","position":2,"name":"Shop","item":"https:\/\/www.navi-express.com\/shop\/"},{"@type":"ListItem","position":3,"name":"Porsche PCM 2.0 Navigations-CD Finnland Schweden Norwegen Version 08.2007 000-044-901-20"}]},{"@type":"WebSite","@id":"https:\/\/www.navi-express.com\/#website","url":"https:\/\/www.navi-express.com\/","name":"Navi-Express","description":"Ihr Experte f\u00fcr Navigation","publisher":{"@id":"https:\/\/www.navi-express.com\/#organization"},"alternateName":"NE","potentialAction":[{"@type":"SearchAction","target":{"@type":"EntryPoint","urlTemplate":"https:\/\/www.navi-express.com\/?s={search_term_string}"},"query-input":{"@type":"PropertyValueSpecification","valueRequired":true,"valueName":"search_term_string"}}],"inLanguage":"en-US"},{"@type":"Organization","@id":"https:\/\/www.navi-express.com\/#organization","name":"Navi-Express","alternateName":"NE","url":"https:\/\/www.navi-express.com\/","logo":{"@type":"ImageObject","inLanguage":"en-US","@id":"https:\/\/www.navi-express.com\/#\/schema\/logo\/image\/","url":"https:\/\/www.navi-express.com\/wp-content\/uploads\/2019\/03\/cropped-logo-transpbearb-1.png","contentUrl":"https:\/\/www.navi-express.com\/wp-content\/uploads\/2019\/03\/cropped-logo-transpbearb-1.png","width":512,"height":512,"caption":"Navi-Express"},"image":{"@id":"https:\/\/www.navi-express.com\/#\/schema\/logo\/image\/"}}]}},"_links":{"self":[{"href":"https:\/\/www.navi-express.com\/en\/wp-json\/wp\/v2\/product\/2197","targetHints":{"allow":["GET"]}}],"collection":[{"href":"https:\/\/www.navi-express.com\/en\/wp-json\/wp\/v2\/product"}],"about":[{"href":"https:\/\/www.navi-express.com\/en\/wp-json\/wp\/v2\/types\/product"}],"wp:featuredmedia":[{"embeddable":true,"href":"https:\/\/www.navi-express.com\/en\/wp-json\/wp\/v2\/media\/2198"}],"wp:attachment":[{"href":"https:\/\/www.navi-express.com\/en\/wp-json\/wp\/v2\/media?parent=2197"}],"wp:term":[{"taxonomy":"product_brand","embeddable":true,"href":"https:\/\/www.navi-express.com\/en\/wp-json\/wp\/v2\/product_brand?post=2197"},{"taxonomy":"product_cat","embeddable":true,"href":"https:\/\/www.navi-express.com\/en\/wp-json\/wp\/v2\/product_cat?post=2197"},{"taxonomy":"product_tag","embeddable":true,"href":"https:\/\/www.navi-express.com\/en\/wp-json\/wp\/v2\/product_tag?post=2197"}],"curies":[{"name":"wp","href":"https:\/\/api.w.org\/{rel}","templated":true}]}}