{"id":2252,"date":"2024-06-11T18:30:15","date_gmt":"2024-06-11T16:30:15","guid":{"rendered":"https:\/\/www.navi-express.com\/?post_type=product&#038;p=2252"},"modified":"2025-04-09T18:25:01","modified_gmt":"2025-04-09T16:25:01","slug":"ford-mfd-sync-1-navigation-sd-karte-westeuropa-2011-am5t19h449dad","status":"publish","type":"product","link":"https:\/\/www.navi-express.com\/en\/shop\/ford\/sd-karte-ford-mfd\/ford-mfd-sync-1-navigation-sd-karte-westeuropa-2011-am5t19h449dad\/","title":{"rendered":"FORD MFD Sync 1 Navigation SD Karte Westeuropa 2011 AM5T19H449DAD"},"content":{"rendered":"<p>&nbsp;<\/p>\n<p><span style=\"color: #000000;\"><strong><span style=\"font-family: Arial; font-size: large;\">Originale Ford SD Karte zur Navigation in gebrauchtem Zustand<\/span><\/strong><\/span><\/p>\n<p><strong style=\"color: #000000;\"><span style=\"font-family: Arial; font-size: large;\">geeignet f\u00fcr Ford MFD (SYNC 1)<\/span><\/strong><\/p>\n<p><span style=\"color: #000000;\"><strong><span style=\"font-family: Arial; font-size: large;\">Detailkarten f\u00fcr Westeuropa von 2011<\/span><\/strong><\/span><\/p>\n<p>&nbsp;<\/p>\n<p style=\"font-weight: 400;\"><span style=\"color: #000000;\"><strong><u><span style=\"font-family: Arial; font-size: large;\">Passend f\u00fcr folgende Ford Modelle mit MFD Navi:<\/span><\/u><\/strong><\/span><\/p>\n<blockquote><p><span style=\"color: #00ccff;\"><span style=\"color: #000000; font-family: Arial; font-size: large;\"><b>Wie Ihr Navi aussehen muss, sehen Sie bei den Bildern<\/b><\/span><\/span><\/p>\n<p><span style=\"color: #00ccff;\"><span style=\"color: #000000; font-family: Arial; font-size: large;\"><b>Ger\u00e4t muss vor Einlegen der SD Karte eingeschaltet sein !<\/b><\/span><\/span><\/p><\/blockquote>\n<p>&nbsp;<\/p>\n<p><strong><span style=\"color: #000000;\"><span style=\"font-family: Arial; font-size: large;\">Modell:\u00a0 \u00a0 \u00a0 \u00a0 \u00a0 \u00a0 \u00a0 \u00a0 \u00a0 \u00a0 \u00a0 \u00a0 \u00a0Baujahr:<\/span><\/span><\/strong><\/p>\n<p><span style=\"color: #000000;\"><strong><span style=\"font-family: Arial; font-size: large;\">FOCUS\u00a0 \u00a0 \u00a0 \u00a0 \u00a0 \u00a0 \u00a0 ( ab 01\/2011 &#8211; 11\/2014 )<\/span><\/strong><\/span><\/p>\n<p><span style=\"color: #000000;\"><strong><span style=\"font-family: Arial; font-size: large;\">FOCUS ST\u00a0 \u00a0 \u00a0 \u00a0 ( ab 01\/2011 &#8211; 11\/2014 )<\/span><\/strong><\/span><\/p>\n<p><span style=\"color: #000000;\"><strong><span style=\"font-family: Arial; font-size: large;\">B-MAX\u00a0 \u00a0 \u00a0 \u00a0 \u00a0 \u00a0 \u00a0 ( ab 03\/2013 &#8211; ..\/&#8230;. )<\/span><\/strong><\/span><\/p>\n<p><span style=\"color: #000000;\"><strong><span style=\"font-family: Arial; font-size: large;\">C-MAX\u00a0 \u00a0 \u00a0 \u00a0 \u00a0 \u00a0 \u00a0 ( ab 10\/2010 &#8211; 05\/2015 )<\/span><\/strong><\/span><\/p>\n<p><span style=\"color: #000000;\"><strong><span style=\"font-family: Arial; font-size: large;\">FIESTA\u00a0 \u00a0 \u00a0 \u00a0 \u00a0 \u00a0 \u00a0 ( ab 01\/2013 &#8211; 06\/2017 )<\/span><\/strong><\/span><\/p>\n<p><span style=\"color: #000000;\"><strong><span style=\"font-family: Arial; font-size: large;\">FIESTA ST\u00a0 \u00a0 \u00a0 \u00a0 ( ab 01\/2013 &#8211; 06\/2017 )<\/span><\/strong><\/span><\/p>\n<p><span style=\"color: #000000;\"><strong><span style=\"font-family: Arial; font-size: large;\">KUGA\u00a0 \u00a0 \u00a0 \u00a0 \u00a0 \u00a0 \u00a0 \u00a0( ab 12\/2012 &#8211; 09\/2015 )<\/span><\/strong><\/span><\/p>\n<p><span style=\"color: #000000;\"><strong><span style=\"font-family: Arial; font-size: large;\">RANGER\u00a0 \u00a0 \u00a0 \u00a0 \u00a0 ( ab 09\/2011 &#8211; 09\/2015 )<\/span><\/strong><\/span><\/p>\n<p><span style=\"color: #000000;\"><strong><span style=\"font-family: Arial; font-size: large;\">TRANSIT \/ TOURNEO CUSTOM\u00a0 \u00a0 \u00a0 \u00a0 \u00a0( ab 07\/2012 &#8211; ..\/&#8230;.)<\/span><\/strong><\/span><\/p>\n<p><span style=\"color: #000000;\"><strong><span style=\"font-family: Arial; font-size: large;\">TRANSIT \/ TOURNEO CONNECT\u00a0 \u00a0 \u00a0 \u00a0( ab 11\/2013 &#8211; 07\/2015)<\/span><\/strong><\/span><\/p>\n<p><span style=\"color: #000000;\"><strong><span style=\"font-family: Arial; font-size: large;\">TRANSIT \/ TOURNEO COURIER\u00a0 \u00a0 \u00a0 \u00a0 ( ab 04\/2014 &#8211; 05\/2018)<\/span><\/strong><\/span><\/p>\n<p><span style=\"color: #000000;\"><strong><span style=\"font-family: Arial; font-size: large;\">TRANSIT\u00a0 \u00a0 \u00a0 \u00a0 ( ab 01\/2014 &#8211; 12\/2015)<\/span><\/strong><\/span><\/p>\n<p><span style=\"color: #000000;\"><strong><span style=\"font-family: Arial; font-size: large;\">EcoSport\u00a0 \u00a0 \u00a0 \u00a0( ab 12\/2015 &#8211; 10\/2017)<\/span><\/strong><\/span><\/p>\n<p>&nbsp;<\/p>\n<p>&nbsp;<\/p>\n<p><span style=\"color: #000000;\"><strong><span style=\"font-family: Arial; font-size: large;\"><u>Verf\u00fcgbare L\u00e4nder:<\/u><\/span><\/strong><\/span><\/p>\n<p><span style=\"color: #000000;\"><strong><span style=\"font-family: Arial; font-size: large;\">Deutschland , \u00d6sterreich , Schweiz , Andorra , Belgien , Tschechien , <\/span><\/strong><\/span><span style=\"color: #000000;\"><strong><span style=\"font-family: Arial; font-size: large;\">D\u00e4nemark , <\/span><\/strong><\/span><\/p>\n<p><span style=\"color: #000000;\"><strong><span style=\"font-family: Arial; font-size: large;\">Spanien ,\u00a0<\/span><\/strong><\/span><span style=\"color: #000000;\"><strong><span style=\"font-family: Arial; font-size: large;\">Estland , Frankreich , Finnland , Liechtenstein , Gro\u00dfbritannien ,\u00a0<\/span><\/strong><\/span><span style=\"color: #000000;\"><strong><span style=\"font-family: Arial; font-size: large;\">Gibraltar, <\/span><\/strong><\/span><\/p>\n<p><span style=\"color: #000000;\"><strong><span style=\"font-family: Arial; font-size: large;\">Griechenland ,\u00a0<\/span><\/strong><\/span><span style=\"color: #000000;\"><strong><span style=\"font-family: Arial; font-size: large;\">Ungarn, Italien , Irland , Luxemburg , Litauen , Lettland, <\/span><\/strong><\/span><span style=\"color: #000000;\"><strong><span style=\"font-family: Arial; font-size: large;\">Monaco, Norwegen, <\/span><\/strong><\/span><\/p>\n<p><span style=\"color: #000000;\"><strong><span style=\"font-family: Arial; font-size: large;\">Niederlande, Portugal, Polen, San Marino, Schweden , Slowakei , Slowenien , Vatikan und T\u00fcrkei<\/span><\/strong><\/span><\/p>\n<p>&nbsp;<\/p>\n<p><span style=\"color: #000000;\"><strong><span style=\"font-family: Arial; font-size: large;\"><u>Nur Hauptstra\u00dfen bzw. Verbindungsstra\u00dfen:<\/u><\/span><\/strong><\/span><\/p>\n<p><span style=\"color: #000000;\"><strong><span style=\"font-family: Arial; font-size: large;\">Albanien , Bosnien &amp; Herzegowina , Kroatien, Nordmazedonien , Montenegro und Serbien<\/span><\/strong><\/span><\/p>\n<p>&nbsp;<\/p>\n<p>____________________________________________________________________________________________________________________<\/p>\n<p><strong><span style=\"color: #000000;\"><u>Hersteller \/ EU verantwortliche Person:<\/u><\/span><\/strong><\/p>\n<p><strong><span style=\"color: #000000;\">Ford-Werke GmbH<\/span><\/strong><\/p>\n<p><strong><span style=\"color: #000000;\">Henry-Ford-Stra\u00dfe 1<\/span><\/strong><\/p>\n<p><strong><span style=\"color: #000000;\">50735 K\u00f6ln<\/span><\/strong><\/p>\n<p><strong><span style=\"color: #000000;\">Deutschland<\/span><\/strong><\/p>\n<p><strong><span style=\"color: #000000;\">Tel.: 0221 9999 2 999<\/span><\/strong><\/p>\n<p><strong><span style=\"color: #000000;\">E-Mail: presse@ford.com<\/span><\/strong><\/p>","protected":false},"excerpt":{"rendered":"<p>&nbsp; Originale Ford SD Karte zur Navigation in gebrauchtem Zustand geeignet f\u00fcr Ford MFD (SYNC 1) Detailkarten f\u00fcr Westeuropa von 2011 &nbsp; Passend f\u00fcr folgende Ford Modelle mit MFD Navi: Wie Ihr Navi aussehen muss, sehen Sie bei den Bildern Ger\u00e4t muss vor Einlegen der SD Karte eingeschaltet sein ! &nbsp; Modell:\u00a0 \u00a0 \u00a0 \u00a0 [&hellip;]<\/p>\n","protected":false},"featured_media":4095,"template":"","meta":{"ocean_post_layout":"","ocean_both_sidebars_style":"","ocean_both_sidebars_content_width":0,"ocean_both_sidebars_sidebars_width":0,"ocean_sidebar":"0","ocean_second_sidebar":"0","ocean_disable_margins":"enable","ocean_add_body_class":"","ocean_shortcode_before_top_bar":"","ocean_shortcode_after_top_bar":"","ocean_shortcode_before_header":"","ocean_shortcode_after_header":"","ocean_has_shortcode":"","ocean_shortcode_after_title":"","ocean_shortcode_before_footer_widgets":"","ocean_shortcode_after_footer_widgets":"","ocean_shortcode_before_footer_bottom":"","ocean_shortcode_after_footer_bottom":"","ocean_display_top_bar":"default","ocean_display_header":"default","ocean_header_style":"","ocean_center_header_left_menu":"0","ocean_custom_header_template":"0","ocean_custom_logo":0,"ocean_custom_retina_logo":0,"ocean_custom_logo_max_width":0,"ocean_custom_logo_tablet_max_width":0,"ocean_custom_logo_mobile_max_width":0,"ocean_custom_logo_max_height":0,"ocean_custom_logo_tablet_max_height":0,"ocean_custom_logo_mobile_max_height":0,"ocean_header_custom_menu":"0","ocean_menu_typo_font_family":"0","ocean_menu_typo_font_subset":"","ocean_menu_typo_font_size":0,"ocean_menu_typo_font_size_tablet":0,"ocean_menu_typo_font_size_mobile":0,"ocean_menu_typo_font_size_unit":"px","ocean_menu_typo_font_weight":"","ocean_menu_typo_font_weight_tablet":"","ocean_menu_typo_font_weight_mobile":"","ocean_menu_typo_transform":"","ocean_menu_typo_transform_tablet":"","ocean_menu_typo_transform_mobile":"","ocean_menu_typo_line_height":0,"ocean_menu_typo_line_height_tablet":0,"ocean_menu_typo_line_height_mobile":0,"ocean_menu_typo_line_height_unit":"","ocean_menu_typo_spacing":0,"ocean_menu_typo_spacing_tablet":0,"ocean_menu_typo_spacing_mobile":0,"ocean_menu_typo_spacing_unit":"","ocean_menu_link_color":"","ocean_menu_link_color_hover":"","ocean_menu_link_color_active":"","ocean_menu_link_background":"","ocean_menu_link_hover_background":"","ocean_menu_link_active_background":"","ocean_menu_social_links_bg":"","ocean_menu_social_hover_links_bg":"","ocean_menu_social_links_color":"","ocean_menu_social_hover_links_color":"","ocean_disable_title":"default","ocean_disable_heading":"default","ocean_post_title":"","ocean_post_subheading":"","ocean_post_title_style":"","ocean_post_title_background_color":"","ocean_post_title_background":0,"ocean_post_title_bg_image_position":"","ocean_post_title_bg_image_attachment":"","ocean_post_title_bg_image_repeat":"","ocean_post_title_bg_image_size":"","ocean_post_title_height":0,"ocean_post_title_bg_overlay":0.5,"ocean_post_title_bg_overlay_color":"","ocean_disable_breadcrumbs":"default","ocean_breadcrumbs_color":"","ocean_breadcrumbs_separator_color":"","ocean_breadcrumbs_links_color":"","ocean_breadcrumbs_links_hover_color":"","ocean_display_footer_widgets":"default","ocean_display_footer_bottom":"default","ocean_custom_footer_template":"0"},"product_brand":[],"product_cat":[308],"product_tag":[309,399],"class_list":{"0":"post-2252","1":"product","2":"type-product","3":"status-publish","4":"has-post-thumbnail","6":"product_cat-sd-karte-ford-mfd","7":"product_tag-ford-mfd","8":"product_tag-sync-1","10":"entry","11":"has-media","13":"first","14":"outofstock","15":"purchasable","16":"product-type-simple","17":"col","18":"span_1_of_4","19":"owp-content-center","20":"item-entry","21":"owp-thumbs-layout-horizontal","22":"owp-btn-normal","23":"owp-tabs-layout-horizontal"},"yoast_head":"<!-- This site is optimized with the Yoast SEO plugin v27.3 - https:\/\/yoast.com\/product\/yoast-seo-wordpress\/ -->\n<title>Ford MFD SYNC 1 Navigation SD Karte Westeuropa 2011<\/title>\n<meta name=\"description\" content=\"Original Ford SD Karte zur Navigation geeignet f\u00fcr FORD MFD (SYNC 1). Detailkarten f\u00fcr Westeuropa von 2011. Teilenummer AM5T19H449DAD.\" \/>\n<meta name=\"robots\" content=\"index, follow, max-snippet:-1, max-image-preview:large, max-video-preview:-1\" \/>\n<link rel=\"canonical\" href=\"https:\/\/www.navi-express.com\/en\/shop\/ford\/sd-karte-ford-mfd\/ford-mfd-sync-1-navigation-sd-karte-westeuropa-2011-am5t19h449dad\/\" \/>\n<meta property=\"og:locale\" content=\"en_US\" \/>\n<meta property=\"og:type\" content=\"article\" \/>\n<meta property=\"og:title\" content=\"Ford MFD SYNC 1 Navigation SD Karte Westeuropa 2011\" \/>\n<meta property=\"og:description\" content=\"Original Ford SD Karte zur Navigation geeignet f\u00fcr FORD MFD (SYNC 1). Detailkarten f\u00fcr Westeuropa von 2011. Teilenummer AM5T19H449DAD.\" \/>\n<meta property=\"og:url\" content=\"https:\/\/www.navi-express.com\/en\/shop\/ford\/sd-karte-ford-mfd\/ford-mfd-sync-1-navigation-sd-karte-westeuropa-2011-am5t19h449dad\/\" \/>\n<meta property=\"og:site_name\" content=\"Navi-Express\" \/>\n<meta property=\"article:modified_time\" content=\"2025-04-09T16:25:01+00:00\" \/>\n<meta property=\"og:image\" content=\"https:\/\/www.navi-express.com\/wp-content\/uploads\/2024\/06\/Ford-MFD-Sync-1-SD-Karte-Westeuropa-2011-scaled.jpg\" \/>\n\t<meta property=\"og:image:width\" content=\"2560\" \/>\n\t<meta property=\"og:image:height\" content=\"1920\" \/>\n\t<meta property=\"og:image:type\" content=\"image\/jpeg\" \/>\n<meta name=\"twitter:card\" content=\"summary_large_image\" \/>\n<meta name=\"twitter:label1\" content=\"Est. reading time\" \/>\n\t<meta name=\"twitter:data1\" content=\"2 minutes\" \/>\n<script type=\"application\/ld+json\" class=\"yoast-schema-graph\">{\"@context\":\"https:\\\/\\\/schema.org\",\"@graph\":[{\"@type\":\"WebPage\",\"@id\":\"https:\\\/\\\/www.navi-express.com\\\/shop\\\/ford\\\/sd-karte-ford-mfd\\\/ford-mfd-sync-1-navigation-sd-karte-westeuropa-2011-am5t19h449dad\\\/\",\"url\":\"https:\\\/\\\/www.navi-express.com\\\/shop\\\/ford\\\/sd-karte-ford-mfd\\\/ford-mfd-sync-1-navigation-sd-karte-westeuropa-2011-am5t19h449dad\\\/\",\"name\":\"Ford MFD SYNC 1 Navigation SD Karte Westeuropa 2011\",\"isPartOf\":{\"@id\":\"https:\\\/\\\/www.navi-express.com\\\/#website\"},\"primaryImageOfPage\":{\"@id\":\"https:\\\/\\\/www.navi-express.com\\\/shop\\\/ford\\\/sd-karte-ford-mfd\\\/ford-mfd-sync-1-navigation-sd-karte-westeuropa-2011-am5t19h449dad\\\/#primaryimage\"},\"image\":{\"@id\":\"https:\\\/\\\/www.navi-express.com\\\/shop\\\/ford\\\/sd-karte-ford-mfd\\\/ford-mfd-sync-1-navigation-sd-karte-westeuropa-2011-am5t19h449dad\\\/#primaryimage\"},\"thumbnailUrl\":\"https:\\\/\\\/www.navi-express.com\\\/wp-content\\\/uploads\\\/2024\\\/06\\\/Ford-MFD-Sync-1-SD-Karte-Westeuropa-2011-scaled.jpg\",\"datePublished\":\"2024-06-11T16:30:15+00:00\",\"dateModified\":\"2025-04-09T16:25:01+00:00\",\"description\":\"Original Ford SD Karte zur Navigation geeignet f\u00fcr FORD MFD (SYNC 1). Detailkarten f\u00fcr Westeuropa von 2011. Teilenummer AM5T19H449DAD.\",\"breadcrumb\":{\"@id\":\"https:\\\/\\\/www.navi-express.com\\\/shop\\\/ford\\\/sd-karte-ford-mfd\\\/ford-mfd-sync-1-navigation-sd-karte-westeuropa-2011-am5t19h449dad\\\/#breadcrumb\"},\"inLanguage\":\"en-US\",\"potentialAction\":[{\"@type\":\"ReadAction\",\"target\":[\"https:\\\/\\\/www.navi-express.com\\\/shop\\\/ford\\\/sd-karte-ford-mfd\\\/ford-mfd-sync-1-navigation-sd-karte-westeuropa-2011-am5t19h449dad\\\/\"]}]},{\"@type\":\"ImageObject\",\"inLanguage\":\"en-US\",\"@id\":\"https:\\\/\\\/www.navi-express.com\\\/shop\\\/ford\\\/sd-karte-ford-mfd\\\/ford-mfd-sync-1-navigation-sd-karte-westeuropa-2011-am5t19h449dad\\\/#primaryimage\",\"url\":\"https:\\\/\\\/www.navi-express.com\\\/wp-content\\\/uploads\\\/2024\\\/06\\\/Ford-MFD-Sync-1-SD-Karte-Westeuropa-2011-scaled.jpg\",\"contentUrl\":\"https:\\\/\\\/www.navi-express.com\\\/wp-content\\\/uploads\\\/2024\\\/06\\\/Ford-MFD-Sync-1-SD-Karte-Westeuropa-2011-scaled.jpg\",\"width\":2560,\"height\":1920},{\"@type\":\"BreadcrumbList\",\"@id\":\"https:\\\/\\\/www.navi-express.com\\\/shop\\\/ford\\\/sd-karte-ford-mfd\\\/ford-mfd-sync-1-navigation-sd-karte-westeuropa-2011-am5t19h449dad\\\/#breadcrumb\",\"itemListElement\":[{\"@type\":\"ListItem\",\"position\":1,\"name\":\"Startseite\",\"item\":\"https:\\\/\\\/www.navi-express.com\\\/\"},{\"@type\":\"ListItem\",\"position\":2,\"name\":\"Shop\",\"item\":\"https:\\\/\\\/www.navi-express.com\\\/shop\\\/\"},{\"@type\":\"ListItem\",\"position\":3,\"name\":\"FORD MFD Sync 1 Navigation SD Karte Westeuropa 2011 AM5T19H449DAD\"}]},{\"@type\":\"WebSite\",\"@id\":\"https:\\\/\\\/www.navi-express.com\\\/#website\",\"url\":\"https:\\\/\\\/www.navi-express.com\\\/\",\"name\":\"Navi-Express\",\"description\":\"Ihr Experte f\u00fcr Navigation\",\"publisher\":{\"@id\":\"https:\\\/\\\/www.navi-express.com\\\/#organization\"},\"alternateName\":\"NE\",\"potentialAction\":[{\"@type\":\"SearchAction\",\"target\":{\"@type\":\"EntryPoint\",\"urlTemplate\":\"https:\\\/\\\/www.navi-express.com\\\/?s={search_term_string}\"},\"query-input\":{\"@type\":\"PropertyValueSpecification\",\"valueRequired\":true,\"valueName\":\"search_term_string\"}}],\"inLanguage\":\"en-US\"},{\"@type\":\"Organization\",\"@id\":\"https:\\\/\\\/www.navi-express.com\\\/#organization\",\"name\":\"Navi-Express\",\"alternateName\":\"NE\",\"url\":\"https:\\\/\\\/www.navi-express.com\\\/\",\"logo\":{\"@type\":\"ImageObject\",\"inLanguage\":\"en-US\",\"@id\":\"https:\\\/\\\/www.navi-express.com\\\/#\\\/schema\\\/logo\\\/image\\\/\",\"url\":\"https:\\\/\\\/www.navi-express.com\\\/wp-content\\\/uploads\\\/2019\\\/03\\\/cropped-logo-transpbearb-1.png\",\"contentUrl\":\"https:\\\/\\\/www.navi-express.com\\\/wp-content\\\/uploads\\\/2019\\\/03\\\/cropped-logo-transpbearb-1.png\",\"width\":512,\"height\":512,\"caption\":\"Navi-Express\"},\"image\":{\"@id\":\"https:\\\/\\\/www.navi-express.com\\\/#\\\/schema\\\/logo\\\/image\\\/\"}}]}<\/script>\n<!-- \/ Yoast SEO plugin. -->","yoast_head_json":{"title":"Ford MFD SYNC 1 Navigation SD Karte Westeuropa 2011","description":"Original Ford SD Karte zur Navigation geeignet f\u00fcr FORD MFD (SYNC 1). Detailkarten f\u00fcr Westeuropa von 2011. Teilenummer AM5T19H449DAD.","robots":{"index":"index","follow":"follow","max-snippet":"max-snippet:-1","max-image-preview":"max-image-preview:large","max-video-preview":"max-video-preview:-1"},"canonical":"https:\/\/www.navi-express.com\/en\/shop\/ford\/sd-karte-ford-mfd\/ford-mfd-sync-1-navigation-sd-karte-westeuropa-2011-am5t19h449dad\/","og_locale":"en_US","og_type":"article","og_title":"Ford MFD SYNC 1 Navigation SD Karte Westeuropa 2011","og_description":"Original Ford SD Karte zur Navigation geeignet f\u00fcr FORD MFD (SYNC 1). Detailkarten f\u00fcr Westeuropa von 2011. Teilenummer AM5T19H449DAD.","og_url":"https:\/\/www.navi-express.com\/en\/shop\/ford\/sd-karte-ford-mfd\/ford-mfd-sync-1-navigation-sd-karte-westeuropa-2011-am5t19h449dad\/","og_site_name":"Navi-Express","article_modified_time":"2025-04-09T16:25:01+00:00","og_image":[{"width":2560,"height":1920,"url":"https:\/\/www.navi-express.com\/wp-content\/uploads\/2024\/06\/Ford-MFD-Sync-1-SD-Karte-Westeuropa-2011-scaled.jpg","type":"image\/jpeg"}],"twitter_card":"summary_large_image","twitter_misc":{"Est. reading time":"2 minutes"},"schema":{"@context":"https:\/\/schema.org","@graph":[{"@type":"WebPage","@id":"https:\/\/www.navi-express.com\/shop\/ford\/sd-karte-ford-mfd\/ford-mfd-sync-1-navigation-sd-karte-westeuropa-2011-am5t19h449dad\/","url":"https:\/\/www.navi-express.com\/shop\/ford\/sd-karte-ford-mfd\/ford-mfd-sync-1-navigation-sd-karte-westeuropa-2011-am5t19h449dad\/","name":"Ford MFD SYNC 1 Navigation SD Karte Westeuropa 2011","isPartOf":{"@id":"https:\/\/www.navi-express.com\/#website"},"primaryImageOfPage":{"@id":"https:\/\/www.navi-express.com\/shop\/ford\/sd-karte-ford-mfd\/ford-mfd-sync-1-navigation-sd-karte-westeuropa-2011-am5t19h449dad\/#primaryimage"},"image":{"@id":"https:\/\/www.navi-express.com\/shop\/ford\/sd-karte-ford-mfd\/ford-mfd-sync-1-navigation-sd-karte-westeuropa-2011-am5t19h449dad\/#primaryimage"},"thumbnailUrl":"https:\/\/www.navi-express.com\/wp-content\/uploads\/2024\/06\/Ford-MFD-Sync-1-SD-Karte-Westeuropa-2011-scaled.jpg","datePublished":"2024-06-11T16:30:15+00:00","dateModified":"2025-04-09T16:25:01+00:00","description":"Original Ford SD Karte zur Navigation geeignet f\u00fcr FORD MFD (SYNC 1). Detailkarten f\u00fcr Westeuropa von 2011. Teilenummer AM5T19H449DAD.","breadcrumb":{"@id":"https:\/\/www.navi-express.com\/shop\/ford\/sd-karte-ford-mfd\/ford-mfd-sync-1-navigation-sd-karte-westeuropa-2011-am5t19h449dad\/#breadcrumb"},"inLanguage":"en-US","potentialAction":[{"@type":"ReadAction","target":["https:\/\/www.navi-express.com\/shop\/ford\/sd-karte-ford-mfd\/ford-mfd-sync-1-navigation-sd-karte-westeuropa-2011-am5t19h449dad\/"]}]},{"@type":"ImageObject","inLanguage":"en-US","@id":"https:\/\/www.navi-express.com\/shop\/ford\/sd-karte-ford-mfd\/ford-mfd-sync-1-navigation-sd-karte-westeuropa-2011-am5t19h449dad\/#primaryimage","url":"https:\/\/www.navi-express.com\/wp-content\/uploads\/2024\/06\/Ford-MFD-Sync-1-SD-Karte-Westeuropa-2011-scaled.jpg","contentUrl":"https:\/\/www.navi-express.com\/wp-content\/uploads\/2024\/06\/Ford-MFD-Sync-1-SD-Karte-Westeuropa-2011-scaled.jpg","width":2560,"height":1920},{"@type":"BreadcrumbList","@id":"https:\/\/www.navi-express.com\/shop\/ford\/sd-karte-ford-mfd\/ford-mfd-sync-1-navigation-sd-karte-westeuropa-2011-am5t19h449dad\/#breadcrumb","itemListElement":[{"@type":"ListItem","position":1,"name":"Startseite","item":"https:\/\/www.navi-express.com\/"},{"@type":"ListItem","position":2,"name":"Shop","item":"https:\/\/www.navi-express.com\/shop\/"},{"@type":"ListItem","position":3,"name":"FORD MFD Sync 1 Navigation SD Karte Westeuropa 2011 AM5T19H449DAD"}]},{"@type":"WebSite","@id":"https:\/\/www.navi-express.com\/#website","url":"https:\/\/www.navi-express.com\/","name":"Navi-Express","description":"Ihr Experte f\u00fcr Navigation","publisher":{"@id":"https:\/\/www.navi-express.com\/#organization"},"alternateName":"NE","potentialAction":[{"@type":"SearchAction","target":{"@type":"EntryPoint","urlTemplate":"https:\/\/www.navi-express.com\/?s={search_term_string}"},"query-input":{"@type":"PropertyValueSpecification","valueRequired":true,"valueName":"search_term_string"}}],"inLanguage":"en-US"},{"@type":"Organization","@id":"https:\/\/www.navi-express.com\/#organization","name":"Navi-Express","alternateName":"NE","url":"https:\/\/www.navi-express.com\/","logo":{"@type":"ImageObject","inLanguage":"en-US","@id":"https:\/\/www.navi-express.com\/#\/schema\/logo\/image\/","url":"https:\/\/www.navi-express.com\/wp-content\/uploads\/2019\/03\/cropped-logo-transpbearb-1.png","contentUrl":"https:\/\/www.navi-express.com\/wp-content\/uploads\/2019\/03\/cropped-logo-transpbearb-1.png","width":512,"height":512,"caption":"Navi-Express"},"image":{"@id":"https:\/\/www.navi-express.com\/#\/schema\/logo\/image\/"}}]}},"_links":{"self":[{"href":"https:\/\/www.navi-express.com\/en\/wp-json\/wp\/v2\/product\/2252","targetHints":{"allow":["GET"]}}],"collection":[{"href":"https:\/\/www.navi-express.com\/en\/wp-json\/wp\/v2\/product"}],"about":[{"href":"https:\/\/www.navi-express.com\/en\/wp-json\/wp\/v2\/types\/product"}],"wp:featuredmedia":[{"embeddable":true,"href":"https:\/\/www.navi-express.com\/en\/wp-json\/wp\/v2\/media\/4095"}],"wp:attachment":[{"href":"https:\/\/www.navi-express.com\/en\/wp-json\/wp\/v2\/media?parent=2252"}],"wp:term":[{"taxonomy":"product_brand","embeddable":true,"href":"https:\/\/www.navi-express.com\/en\/wp-json\/wp\/v2\/product_brand?post=2252"},{"taxonomy":"product_cat","embeddable":true,"href":"https:\/\/www.navi-express.com\/en\/wp-json\/wp\/v2\/product_cat?post=2252"},{"taxonomy":"product_tag","embeddable":true,"href":"https:\/\/www.navi-express.com\/en\/wp-json\/wp\/v2\/product_tag?post=2252"}],"curies":[{"name":"wp","href":"https:\/\/api.w.org\/{rel}","templated":true}]}}