{"id":2543,"date":"2024-06-24T11:00:19","date_gmt":"2024-06-24T09:00:19","guid":{"rendered":"https:\/\/www.navi-express.com\/?post_type=product&#038;p=2543"},"modified":"2026-03-05T10:30:39","modified_gmt":"2026-03-05T09:30:39","slug":"tomtom-go-520-5-zoll-pkw-navi-welt-karten-tomtom-traffic-wifi-radarwarner","status":"publish","type":"product","link":"https:\/\/www.navi-express.com\/en\/shop\/tomtom\/mobile-navigationssysteme\/tomtom-go-520-5-zoll-pkw-navi-welt-karten-tomtom-traffic-wifi-radarwarner\/","title":{"rendered":"TomTom GO 520 5 Zoll PKW Navi Welt-Karten &#038; TomTom Traffic &#038; WiFi &#038; Radarwarner"},"content":{"rendered":"<p>&nbsp;<\/p>\n<p><strong><span style=\"font-size: large; color: #000000;\"><span style=\"font-family: Arial;\">Original TomTom GO 520 PKW\u00a0<\/span>Navigationsger\u00e4t mit\u00a0<span style=\"font-family: Arial;\">5 Zoll (ca. 13 cm) Display<\/span><\/span><\/strong><\/p>\n<div><strong><span style=\"font-family: Arial; color: #000000; font-size: large;\">in gutem, gebrauchtem Zustand<br \/>\n<\/span><\/strong><\/p>\n<div><strong><span style=\"font-family: Arial; color: #000000;\"><br \/>\n<\/span><\/strong><\/p>\n<div>\n<div><strong><span style=\"color: #000000;\"><u>inklusive Zubeh\u00f6r:<\/u><\/span><\/strong><\/div>\n<div>\n<ul>\n<li><strong><span style=\"color: #000000;\">Autoladekabel \/ TMC Verkehrsfunkempf\u00e4nger (12\/24 V)<\/span><\/strong><\/li>\n<li><strong><span style=\"color: #000000;\">Autohalterung \/ Aktiv-Magnethalterung (Click &amp; GO)<\/span><\/strong><\/li>\n<li><strong><span style=\"color: #000000;\">USB-Ladekabel<\/span><\/strong><\/li>\n<\/ul>\n<\/div>\n<div><\/div>\n<p>&nbsp;<\/p>\n<div><strong><span style=\"color: #000000;\"><u>Zustand:<\/u><\/span><\/strong><\/div>\n<div>\n<ul>\n<li><strong><span style=\"color: #000000;\">Guter, gebrauchter Zustand<\/span><\/strong><\/li>\n<li><strong><span style=\"color: #000000;\">Display hat ein paar wenige Mini-Kratzer (kaum zu erkennen)<\/span><\/strong><\/li>\n<li><strong><span style=\"color: #000000;\">Ein paar Gebrauchsspuren auf der R\u00fcckseite<\/span><\/strong><\/li>\n<li><strong><span style=\"color: #000000;\">Micro-USB Anschluss am Ger\u00e4t ist abgenutzt und wackelig (aufpassen beim Aufladen, dass das Kabel nicht rausgeht, ansonsten nutzt man sowieso den Anschluss an der Halterung)<\/span><\/strong><\/li>\n<li><strong><span style=\"color: #000000;\">Europa Karten (48 L\u00e4nder) sind bereits vorinstalliert<\/span><\/strong><\/li>\n<li><strong><span style=\"color: #000000;\">Weitere L\u00e4nder und Sprachen etc. k\u00f6nnen per Wi-Fi \/ WLAN oder MyDrive Connect geladen werden (eventuell wird eine Micro SD Karte ben\u00f6tigt)<\/span><\/strong><\/li>\n<li><strong><span style=\"color: #000000;\">Das Ger\u00e4t wird vor Versand auf Werkseinstellungen zur\u00fcck gesetzt<\/span><\/strong><\/li>\n<li><strong><span style=\"color: #000000;\">Machen Sie Ihre pers\u00f6nlichen Einstellungen und schon sind Sie navigationsbereit !<\/span><\/strong><\/li>\n<\/ul>\n<\/div>\n<div><\/div>\n<div><\/div>\n<p>&nbsp;<\/p>\n<div><strong><span style=\"color: #000000;\"><u>Eigenschaften:<\/u><\/span><\/strong><\/div>\n<div>\n<ul>\n<li><strong><span style=\"color: #000000;\">PKW-Navi mit 5 Zoll (ca. 13 cm) Touchscreen Display<\/span><\/strong><\/li>\n<li><strong><span style=\"color: #000000;\">152 L\u00e4nder Weltkarten verf\u00fcgbar<br \/>\n<\/span><\/strong><\/li>\n<li><strong><span style=\"color: #000000;\">Kostenlose Karten- und Softwareupdates per WLAN \/ WiFi<\/span><\/strong><\/li>\n<li><strong><span style=\"color: #000000;\">TMC Verkehrsmeldungen \u00fcber das beiliegende TMC-Ladekabel<\/span><\/strong><\/li>\n<li><strong><span style=\"color: #000000;\">TomTom Traffic Verkehrsmeldungen via Kopplung mit dem Smartphone \/ Bluetooth (mobiler Datenzugang am Smartphone erforderlich)<br \/>\n<\/span><\/strong><\/li>\n<li><strong><span style=\"color: #000000;\">Radarkameras (nicht in allen L\u00e4ndern verf\u00fcgbar, gesetzliche Vorschriften beachten) und kostenlose Updates hierf\u00fcr<\/span><\/strong><\/li>\n<li><strong><span style=\"fcolor: #000000;\">Freisprechen via Bluetooth<\/span><\/strong><\/li>\n<li><strong><span style=\"color: #000000;\">Smartphone-Benachrichtigungen<\/span><\/strong><\/li>\n<li><strong><span style=\"color: #000000;\">Kompatibel mit Siri und Google Now<\/span><\/strong><\/li>\n<\/ul>\n<\/div>\n<\/div>\n<\/div>\n<\/div>\n<p>&nbsp;<\/p>\n<p><strong><span style=\"color: #000000;\"><u>Kartenabdeckung Europa &#8211; im Detail:<\/u><\/span><\/strong><\/p>\n<p><span style=\"color: #000000;\"><b>Deutschland , Andorra, \u00d6sterreich, Belgien, Bulgarien, Schweiz, Zypern, Tschechien, D\u00e4nemark, Estland, Spanien, Malta, Montenegro,\u00a0<\/b><\/span><strong><span style=\"color: #000000;\">Finnland, Frankreich, Gro\u00dfbritannien, Griechenland, Gibraltar, Kroatien, Ungarn, Irland, Italien, Liechtenstein, Litauen, Lettland, Luxemburg, Moldau,\u00a0<\/span><\/strong><strong><span style=\"color: #000000;\">Monaco, Niederlande, Norwegen, Polen, Portugal, Rum\u00e4nien, Russland, Schweden, Serbien, Slowenien, Slowakei, San Marino, T\u00fcrkei, Ukraine, Vatikan<\/span><\/strong><\/p>\n<p>&nbsp;<\/p>\n<p><strong><span style=\"color: #000000;\"><u>Kartenabdeckung Europa &#8211; nur Autobahnen und gro\u00dfe Bundesstra\u00dfen:<\/u><\/span><\/strong><\/p>\n<p><strong><span style=\"color: #000000;\">Albanien, Bosnien &amp; Herzegowina, Wei\u00dfrussland, Nordmazedonien<\/span><\/strong><\/p>\n<p>&nbsp;<\/p>\n<p>____________________________________________________________________________________________________________________<\/p>\n<p><strong><span style=\"color: #000000;\"><u>Hersteller \/ EU verantwortliche Person:<\/u><\/span><\/strong><\/p>\n<p><strong><span style=\"color: #000000;\">TomTom N.V.<\/span><\/strong><\/p>\n<p><strong><span style=\"color: #000000;\">De Ruijterkade 154<\/span><\/strong><\/p>\n<p><strong><span style=\"color: #000000;\">1011 AC Amsterdam<\/span><\/strong><\/p>\n<p><strong><span style=\"color: #000000;\">The Netherlands<\/span><\/strong><\/p>\n<p><strong><span style=\"color: #000000;\">Tel.: +31 20-757-5000<\/span><\/strong><\/p>\n<p><strong><span style=\"color: #000000;\">E-Mail: IR@tomtom.com<\/span><\/strong><\/p>\n<p>&nbsp;<\/p>","protected":false},"excerpt":{"rendered":"<p>&nbsp; Original TomTom GO 520 PKW\u00a0Navigationsger\u00e4t mit\u00a05 Zoll (ca. 13 cm) Display in gutem, gebrauchtem Zustand inklusive Zubeh\u00f6r: Autoladekabel \/ TMC Verkehrsfunkempf\u00e4nger (12\/24 V) Autohalterung \/ Aktiv-Magnethalterung (Click &amp; GO) USB-Ladekabel &nbsp; Zustand: Guter, gebrauchter Zustand Display hat ein paar wenige Mini-Kratzer (kaum zu erkennen) Ein paar Gebrauchsspuren auf der R\u00fcckseite Micro-USB Anschluss am Ger\u00e4t [&hellip;]<\/p>\n","protected":false},"featured_media":5337,"template":"","meta":{"ocean_post_layout":"","ocean_both_sidebars_style":"","ocean_both_sidebars_content_width":0,"ocean_both_sidebars_sidebars_width":0,"ocean_sidebar":"0","ocean_second_sidebar":"0","ocean_disable_margins":"enable","ocean_add_body_class":"","ocean_shortcode_before_top_bar":"","ocean_shortcode_after_top_bar":"","ocean_shortcode_before_header":"","ocean_shortcode_after_header":"","ocean_has_shortcode":"","ocean_shortcode_after_title":"","ocean_shortcode_before_footer_widgets":"","ocean_shortcode_after_footer_widgets":"","ocean_shortcode_before_footer_bottom":"","ocean_shortcode_after_footer_bottom":"","ocean_display_top_bar":"default","ocean_display_header":"default","ocean_header_style":"","ocean_center_header_left_menu":"0","ocean_custom_header_template":"0","ocean_custom_logo":0,"ocean_custom_retina_logo":0,"ocean_custom_logo_max_width":0,"ocean_custom_logo_tablet_max_width":0,"ocean_custom_logo_mobile_max_width":0,"ocean_custom_logo_max_height":0,"ocean_custom_logo_tablet_max_height":0,"ocean_custom_logo_mobile_max_height":0,"ocean_header_custom_menu":"0","ocean_menu_typo_font_family":"0","ocean_menu_typo_font_subset":"","ocean_menu_typo_font_size":0,"ocean_menu_typo_font_size_tablet":0,"ocean_menu_typo_font_size_mobile":0,"ocean_menu_typo_font_size_unit":"px","ocean_menu_typo_font_weight":"","ocean_menu_typo_font_weight_tablet":"","ocean_menu_typo_font_weight_mobile":"","ocean_menu_typo_transform":"","ocean_menu_typo_transform_tablet":"","ocean_menu_typo_transform_mobile":"","ocean_menu_typo_line_height":0,"ocean_menu_typo_line_height_tablet":0,"ocean_menu_typo_line_height_mobile":0,"ocean_menu_typo_line_height_unit":"","ocean_menu_typo_spacing":0,"ocean_menu_typo_spacing_tablet":0,"ocean_menu_typo_spacing_mobile":0,"ocean_menu_typo_spacing_unit":"","ocean_menu_link_color":"","ocean_menu_link_color_hover":"","ocean_menu_link_color_active":"","ocean_menu_link_background":"","ocean_menu_link_hover_background":"","ocean_menu_link_active_background":"","ocean_menu_social_links_bg":"","ocean_menu_social_hover_links_bg":"","ocean_menu_social_links_color":"","ocean_menu_social_hover_links_color":"","ocean_disable_title":"default","ocean_disable_heading":"default","ocean_post_title":"","ocean_post_subheading":"","ocean_post_title_style":"","ocean_post_title_background_color":"","ocean_post_title_background":0,"ocean_post_title_bg_image_position":"","ocean_post_title_bg_image_attachment":"","ocean_post_title_bg_image_repeat":"","ocean_post_title_bg_image_size":"","ocean_post_title_height":0,"ocean_post_title_bg_overlay":0.5,"ocean_post_title_bg_overlay_color":"","ocean_disable_breadcrumbs":"default","ocean_breadcrumbs_color":"","ocean_breadcrumbs_separator_color":"","ocean_breadcrumbs_links_color":"","ocean_breadcrumbs_links_hover_color":"","ocean_display_footer_widgets":"default","ocean_display_footer_bottom":"default","ocean_custom_footer_template":"0"},"product_brand":[],"product_cat":[640],"product_tag":[875,641],"class_list":{"0":"post-2543","1":"product","2":"type-product","3":"status-publish","4":"has-post-thumbnail","6":"product_cat-mobile-navigationssysteme","7":"product_tag-go-520","8":"product_tag-tomtom","10":"entry","11":"has-media","13":"first","14":"instock","15":"purchasable","16":"product-type-simple","17":"col","18":"span_1_of_4","19":"owp-content-center","20":"item-entry","21":"owp-thumbs-layout-horizontal","22":"owp-btn-normal","23":"owp-tabs-layout-horizontal"},"yoast_head":"<!-- This site is optimized with the Yoast SEO plugin v27.6 - https:\/\/yoast.com\/product\/yoast-seo-wordpress\/ -->\n<title>TomTom GO 520 PKW Navigationsger\u00e4t 5 Zoll Welt Karten<\/title>\n<meta name=\"description\" content=\"Original TomTom GO 520 Navigationsger\u00e4t f\u00fcr PKW. Display 5 Zoll , Welt-Karten, Radarwarner, Wifi WLAN und TomTom Traffic per TMC oder Smartphone-Verbindung.\" \/>\n<meta name=\"robots\" content=\"index, follow, max-snippet:-1, max-image-preview:large, max-video-preview:-1\" \/>\n<link rel=\"canonical\" href=\"https:\/\/www.navi-express.com\/en\/shop\/tomtom\/mobile-navigationssysteme\/tomtom-go-520-5-zoll-pkw-navi-welt-karten-tomtom-traffic-wifi-radarwarner\/\" \/>\n<meta property=\"og:locale\" content=\"en_US\" \/>\n<meta property=\"og:type\" content=\"article\" \/>\n<meta property=\"og:title\" content=\"TomTom GO 520 PKW Navigationsger\u00e4t 5 Zoll Welt Karten\" \/>\n<meta property=\"og:description\" content=\"Original TomTom GO 520 Navigationsger\u00e4t f\u00fcr PKW. Display 5 Zoll , Welt-Karten, Radarwarner, Wifi WLAN und TomTom Traffic per TMC oder Smartphone-Verbindung.\" \/>\n<meta property=\"og:url\" content=\"https:\/\/www.navi-express.com\/en\/shop\/tomtom\/mobile-navigationssysteme\/tomtom-go-520-5-zoll-pkw-navi-welt-karten-tomtom-traffic-wifi-radarwarner\/\" \/>\n<meta property=\"og:site_name\" content=\"Navi-Express\" \/>\n<meta property=\"article:modified_time\" content=\"2026-03-05T09:30:39+00:00\" \/>\n<meta property=\"og:image\" content=\"https:\/\/www.navi-express.com\/wp-content\/uploads\/2024\/06\/IMG_20250905_102940-scaled.jpg\" \/>\n\t<meta property=\"og:image:width\" content=\"2560\" \/>\n\t<meta property=\"og:image:height\" content=\"1920\" \/>\n\t<meta property=\"og:image:type\" content=\"image\/jpeg\" \/>\n<meta name=\"twitter:card\" content=\"summary_large_image\" \/>\n<meta name=\"twitter:label1\" content=\"Est. reading time\" \/>\n\t<meta name=\"twitter:data1\" content=\"2 minutes\" \/>\n<script type=\"application\/ld+json\" class=\"yoast-schema-graph\">{\"@context\":\"https:\\\/\\\/schema.org\",\"@graph\":[{\"@type\":\"WebPage\",\"@id\":\"https:\\\/\\\/www.navi-express.com\\\/shop\\\/tomtom\\\/mobile-navigationssysteme\\\/tomtom-go-520-5-zoll-pkw-navi-welt-karten-tomtom-traffic-wifi-radarwarner\\\/\",\"url\":\"https:\\\/\\\/www.navi-express.com\\\/shop\\\/tomtom\\\/mobile-navigationssysteme\\\/tomtom-go-520-5-zoll-pkw-navi-welt-karten-tomtom-traffic-wifi-radarwarner\\\/\",\"name\":\"TomTom GO 520 PKW Navigationsger\u00e4t 5 Zoll Welt Karten\",\"isPartOf\":{\"@id\":\"https:\\\/\\\/www.navi-express.com\\\/#website\"},\"primaryImageOfPage\":{\"@id\":\"https:\\\/\\\/www.navi-express.com\\\/shop\\\/tomtom\\\/mobile-navigationssysteme\\\/tomtom-go-520-5-zoll-pkw-navi-welt-karten-tomtom-traffic-wifi-radarwarner\\\/#primaryimage\"},\"image\":{\"@id\":\"https:\\\/\\\/www.navi-express.com\\\/shop\\\/tomtom\\\/mobile-navigationssysteme\\\/tomtom-go-520-5-zoll-pkw-navi-welt-karten-tomtom-traffic-wifi-radarwarner\\\/#primaryimage\"},\"thumbnailUrl\":\"https:\\\/\\\/www.navi-express.com\\\/wp-content\\\/uploads\\\/2024\\\/06\\\/IMG_20250905_102940-scaled.jpg\",\"datePublished\":\"2024-06-24T09:00:19+00:00\",\"dateModified\":\"2026-03-05T09:30:39+00:00\",\"description\":\"Original TomTom GO 520 Navigationsger\u00e4t f\u00fcr PKW. Display 5 Zoll , Welt-Karten, Radarwarner, Wifi WLAN und TomTom Traffic per TMC oder Smartphone-Verbindung.\",\"breadcrumb\":{\"@id\":\"https:\\\/\\\/www.navi-express.com\\\/shop\\\/tomtom\\\/mobile-navigationssysteme\\\/tomtom-go-520-5-zoll-pkw-navi-welt-karten-tomtom-traffic-wifi-radarwarner\\\/#breadcrumb\"},\"inLanguage\":\"en-US\",\"potentialAction\":[{\"@type\":\"ReadAction\",\"target\":[\"https:\\\/\\\/www.navi-express.com\\\/shop\\\/tomtom\\\/mobile-navigationssysteme\\\/tomtom-go-520-5-zoll-pkw-navi-welt-karten-tomtom-traffic-wifi-radarwarner\\\/\"]}]},{\"@type\":\"ImageObject\",\"inLanguage\":\"en-US\",\"@id\":\"https:\\\/\\\/www.navi-express.com\\\/shop\\\/tomtom\\\/mobile-navigationssysteme\\\/tomtom-go-520-5-zoll-pkw-navi-welt-karten-tomtom-traffic-wifi-radarwarner\\\/#primaryimage\",\"url\":\"https:\\\/\\\/www.navi-express.com\\\/wp-content\\\/uploads\\\/2024\\\/06\\\/IMG_20250905_102940-scaled.jpg\",\"contentUrl\":\"https:\\\/\\\/www.navi-express.com\\\/wp-content\\\/uploads\\\/2024\\\/06\\\/IMG_20250905_102940-scaled.jpg\",\"width\":2560,\"height\":1920},{\"@type\":\"BreadcrumbList\",\"@id\":\"https:\\\/\\\/www.navi-express.com\\\/shop\\\/tomtom\\\/mobile-navigationssysteme\\\/tomtom-go-520-5-zoll-pkw-navi-welt-karten-tomtom-traffic-wifi-radarwarner\\\/#breadcrumb\",\"itemListElement\":[{\"@type\":\"ListItem\",\"position\":1,\"name\":\"Startseite\",\"item\":\"https:\\\/\\\/www.navi-express.com\\\/\"},{\"@type\":\"ListItem\",\"position\":2,\"name\":\"Shop\",\"item\":\"https:\\\/\\\/www.navi-express.com\\\/shop\\\/\"},{\"@type\":\"ListItem\",\"position\":3,\"name\":\"TomTom GO 520 5 Zoll PKW Navi Welt-Karten &#038; TomTom Traffic &#038; WiFi &#038; Radarwarner\"}]},{\"@type\":\"WebSite\",\"@id\":\"https:\\\/\\\/www.navi-express.com\\\/#website\",\"url\":\"https:\\\/\\\/www.navi-express.com\\\/\",\"name\":\"Navi-Express\",\"description\":\"Ihr Experte f\u00fcr Navigation\",\"publisher\":{\"@id\":\"https:\\\/\\\/www.navi-express.com\\\/#organization\"},\"alternateName\":\"NE\",\"potentialAction\":[{\"@type\":\"SearchAction\",\"target\":{\"@type\":\"EntryPoint\",\"urlTemplate\":\"https:\\\/\\\/www.navi-express.com\\\/?s={search_term_string}\"},\"query-input\":{\"@type\":\"PropertyValueSpecification\",\"valueRequired\":true,\"valueName\":\"search_term_string\"}}],\"inLanguage\":\"en-US\"},{\"@type\":\"Organization\",\"@id\":\"https:\\\/\\\/www.navi-express.com\\\/#organization\",\"name\":\"Navi-Express\",\"alternateName\":\"NE\",\"url\":\"https:\\\/\\\/www.navi-express.com\\\/\",\"logo\":{\"@type\":\"ImageObject\",\"inLanguage\":\"en-US\",\"@id\":\"https:\\\/\\\/www.navi-express.com\\\/#\\\/schema\\\/logo\\\/image\\\/\",\"url\":\"https:\\\/\\\/www.navi-express.com\\\/wp-content\\\/uploads\\\/2019\\\/03\\\/cropped-logo-transpbearb-1.png\",\"contentUrl\":\"https:\\\/\\\/www.navi-express.com\\\/wp-content\\\/uploads\\\/2019\\\/03\\\/cropped-logo-transpbearb-1.png\",\"width\":512,\"height\":512,\"caption\":\"Navi-Express\"},\"image\":{\"@id\":\"https:\\\/\\\/www.navi-express.com\\\/#\\\/schema\\\/logo\\\/image\\\/\"}}]}<\/script>\n<!-- \/ Yoast SEO plugin. -->","yoast_head_json":{"title":"TomTom GO 520 PKW Navigationsger\u00e4t 5 Zoll Welt Karten","description":"Original TomTom GO 520 Navigationsger\u00e4t f\u00fcr PKW. Display 5 Zoll , Welt-Karten, Radarwarner, Wifi WLAN und TomTom Traffic per TMC oder Smartphone-Verbindung.","robots":{"index":"index","follow":"follow","max-snippet":"max-snippet:-1","max-image-preview":"max-image-preview:large","max-video-preview":"max-video-preview:-1"},"canonical":"https:\/\/www.navi-express.com\/en\/shop\/tomtom\/mobile-navigationssysteme\/tomtom-go-520-5-zoll-pkw-navi-welt-karten-tomtom-traffic-wifi-radarwarner\/","og_locale":"en_US","og_type":"article","og_title":"TomTom GO 520 PKW Navigationsger\u00e4t 5 Zoll Welt Karten","og_description":"Original TomTom GO 520 Navigationsger\u00e4t f\u00fcr PKW. Display 5 Zoll , Welt-Karten, Radarwarner, Wifi WLAN und TomTom Traffic per TMC oder Smartphone-Verbindung.","og_url":"https:\/\/www.navi-express.com\/en\/shop\/tomtom\/mobile-navigationssysteme\/tomtom-go-520-5-zoll-pkw-navi-welt-karten-tomtom-traffic-wifi-radarwarner\/","og_site_name":"Navi-Express","article_modified_time":"2026-03-05T09:30:39+00:00","og_image":[{"width":2560,"height":1920,"url":"https:\/\/www.navi-express.com\/wp-content\/uploads\/2024\/06\/IMG_20250905_102940-scaled.jpg","type":"image\/jpeg"}],"twitter_card":"summary_large_image","twitter_misc":{"Est. reading time":"2 minutes"},"schema":{"@context":"https:\/\/schema.org","@graph":[{"@type":"WebPage","@id":"https:\/\/www.navi-express.com\/shop\/tomtom\/mobile-navigationssysteme\/tomtom-go-520-5-zoll-pkw-navi-welt-karten-tomtom-traffic-wifi-radarwarner\/","url":"https:\/\/www.navi-express.com\/shop\/tomtom\/mobile-navigationssysteme\/tomtom-go-520-5-zoll-pkw-navi-welt-karten-tomtom-traffic-wifi-radarwarner\/","name":"TomTom GO 520 PKW Navigationsger\u00e4t 5 Zoll Welt Karten","isPartOf":{"@id":"https:\/\/www.navi-express.com\/#website"},"primaryImageOfPage":{"@id":"https:\/\/www.navi-express.com\/shop\/tomtom\/mobile-navigationssysteme\/tomtom-go-520-5-zoll-pkw-navi-welt-karten-tomtom-traffic-wifi-radarwarner\/#primaryimage"},"image":{"@id":"https:\/\/www.navi-express.com\/shop\/tomtom\/mobile-navigationssysteme\/tomtom-go-520-5-zoll-pkw-navi-welt-karten-tomtom-traffic-wifi-radarwarner\/#primaryimage"},"thumbnailUrl":"https:\/\/www.navi-express.com\/wp-content\/uploads\/2024\/06\/IMG_20250905_102940-scaled.jpg","datePublished":"2024-06-24T09:00:19+00:00","dateModified":"2026-03-05T09:30:39+00:00","description":"Original TomTom GO 520 Navigationsger\u00e4t f\u00fcr PKW. Display 5 Zoll , Welt-Karten, Radarwarner, Wifi WLAN und TomTom Traffic per TMC oder Smartphone-Verbindung.","breadcrumb":{"@id":"https:\/\/www.navi-express.com\/shop\/tomtom\/mobile-navigationssysteme\/tomtom-go-520-5-zoll-pkw-navi-welt-karten-tomtom-traffic-wifi-radarwarner\/#breadcrumb"},"inLanguage":"en-US","potentialAction":[{"@type":"ReadAction","target":["https:\/\/www.navi-express.com\/shop\/tomtom\/mobile-navigationssysteme\/tomtom-go-520-5-zoll-pkw-navi-welt-karten-tomtom-traffic-wifi-radarwarner\/"]}]},{"@type":"ImageObject","inLanguage":"en-US","@id":"https:\/\/www.navi-express.com\/shop\/tomtom\/mobile-navigationssysteme\/tomtom-go-520-5-zoll-pkw-navi-welt-karten-tomtom-traffic-wifi-radarwarner\/#primaryimage","url":"https:\/\/www.navi-express.com\/wp-content\/uploads\/2024\/06\/IMG_20250905_102940-scaled.jpg","contentUrl":"https:\/\/www.navi-express.com\/wp-content\/uploads\/2024\/06\/IMG_20250905_102940-scaled.jpg","width":2560,"height":1920},{"@type":"BreadcrumbList","@id":"https:\/\/www.navi-express.com\/shop\/tomtom\/mobile-navigationssysteme\/tomtom-go-520-5-zoll-pkw-navi-welt-karten-tomtom-traffic-wifi-radarwarner\/#breadcrumb","itemListElement":[{"@type":"ListItem","position":1,"name":"Startseite","item":"https:\/\/www.navi-express.com\/"},{"@type":"ListItem","position":2,"name":"Shop","item":"https:\/\/www.navi-express.com\/shop\/"},{"@type":"ListItem","position":3,"name":"TomTom GO 520 5 Zoll PKW Navi Welt-Karten &#038; TomTom Traffic &#038; WiFi &#038; Radarwarner"}]},{"@type":"WebSite","@id":"https:\/\/www.navi-express.com\/#website","url":"https:\/\/www.navi-express.com\/","name":"Navi-Express","description":"Ihr Experte f\u00fcr Navigation","publisher":{"@id":"https:\/\/www.navi-express.com\/#organization"},"alternateName":"NE","potentialAction":[{"@type":"SearchAction","target":{"@type":"EntryPoint","urlTemplate":"https:\/\/www.navi-express.com\/?s={search_term_string}"},"query-input":{"@type":"PropertyValueSpecification","valueRequired":true,"valueName":"search_term_string"}}],"inLanguage":"en-US"},{"@type":"Organization","@id":"https:\/\/www.navi-express.com\/#organization","name":"Navi-Express","alternateName":"NE","url":"https:\/\/www.navi-express.com\/","logo":{"@type":"ImageObject","inLanguage":"en-US","@id":"https:\/\/www.navi-express.com\/#\/schema\/logo\/image\/","url":"https:\/\/www.navi-express.com\/wp-content\/uploads\/2019\/03\/cropped-logo-transpbearb-1.png","contentUrl":"https:\/\/www.navi-express.com\/wp-content\/uploads\/2019\/03\/cropped-logo-transpbearb-1.png","width":512,"height":512,"caption":"Navi-Express"},"image":{"@id":"https:\/\/www.navi-express.com\/#\/schema\/logo\/image\/"}}]}},"_links":{"self":[{"href":"https:\/\/www.navi-express.com\/en\/wp-json\/wp\/v2\/product\/2543","targetHints":{"allow":["GET"]}}],"collection":[{"href":"https:\/\/www.navi-express.com\/en\/wp-json\/wp\/v2\/product"}],"about":[{"href":"https:\/\/www.navi-express.com\/en\/wp-json\/wp\/v2\/types\/product"}],"wp:featuredmedia":[{"embeddable":true,"href":"https:\/\/www.navi-express.com\/en\/wp-json\/wp\/v2\/media\/5337"}],"wp:attachment":[{"href":"https:\/\/www.navi-express.com\/en\/wp-json\/wp\/v2\/media?parent=2543"}],"wp:term":[{"taxonomy":"product_brand","embeddable":true,"href":"https:\/\/www.navi-express.com\/en\/wp-json\/wp\/v2\/product_brand?post=2543"},{"taxonomy":"product_cat","embeddable":true,"href":"https:\/\/www.navi-express.com\/en\/wp-json\/wp\/v2\/product_cat?post=2543"},{"taxonomy":"product_tag","embeddable":true,"href":"https:\/\/www.navi-express.com\/en\/wp-json\/wp\/v2\/product_tag?post=2543"}],"curies":[{"name":"wp","href":"https:\/\/api.w.org\/{rel}","templated":true}]}}