{"id":2666,"date":"2024-08-02T11:31:16","date_gmt":"2024-08-02T09:31:16","guid":{"rendered":"https:\/\/www.navi-express.com\/?post_type=product&#038;p=2666"},"modified":"2025-01-23T14:20:16","modified_gmt":"2025-01-23T13:20:16","slug":"skoda-navigation-dvd-europa-ost-v8-von-2011-fuer-rns-columbus","status":"publish","type":"product","link":"https:\/\/www.navi-express.com\/en\/shop\/skoda\/rns-columbus-navigation-cy\/skoda-navigation-dvd-europa-ost-v8-von-2011-fuer-rns-columbus\/","title":{"rendered":"Skoda Navigation DVD Europa Ost V8 von 2011 f\u00fcr RNS Columbus"},"content":{"rendered":"<p>&nbsp;<\/p>\n<p><strong><span style=\"color: #000000;\">Original Skoda Navigations-DVD<\/span><\/strong><\/p>\n<p style=\"font-weight: 400;\"><strong><span style=\"color: #000000;\">Navigation DVD Europe Ost V8 von 2011<\/span><\/strong><\/p>\n<p><strong><span style=\"color: #000000;\">geeignet f\u00fcr die Navigationssysteme (<\/span><\/strong><strong><span style=\"color: #000000;\">Siehe bei den weiteren Bildern, wie dieses aussehen muss):<\/span><\/strong><\/p>\n<ul>\n<li><strong><span style=\"color: #000000;\">VW RNS 510 und RNS 810<\/span><\/strong><\/li>\n<li><strong><span style=\"color: #000000;\">Skoda RNS Columbus<\/span><\/strong><\/li>\n<li><strong><span style=\"color: #000000;\">SEAT Mediasystem 3.2<\/span><\/strong><\/li>\n<\/ul>\n<p>&nbsp;<\/p>\n<p style=\"font-weight: 400;\"><strong><span style=\"color: #000000;\"><u>Lieferumfang:<\/u>\u00a0 \u00a0 \u00a0 \u00a0 \u00a0 \u00a0\u00a0<\/span><\/strong><\/p>\n<p style=\"font-weight: 400;\"><span style=\"color: #000000;\"><strong>1 x ORIGINAL DVD Europa Ost V8 von 2011<\/strong><\/span><\/p>\n<p><strong><span style=\"color: #000000;\">Teilenummer 3T0 051 859K<\/span><\/strong><\/p>\n<p><strong><span style=\"color: #000000;\">A2C31261602<\/span><\/strong><\/p>\n<p><strong><span style=\"color: #000000;\">KW39 2011 \/ 173048<\/span><\/strong><\/p>\n<p>&nbsp;<\/p>\n<p style=\"font-weight: 400;\"><strong><span style=\"color: #000000;\"><u>Kartendaten:<\/u>\u00a0 \u00a0 \u00a0 \u00a0 \u00a0 \u00a0 \u00a0\u00a0<\/span><\/strong><\/p>\n<p style=\"font-weight: 400;\"><span style=\"color: #000000;\"><b>Deutschland , Albanien*, \u00d6sterreich, Wei\u00dfrussland*, Bosnien &amp; Herzegowina*, Bulgarien*, Kroatien*, Tschechien*, D\u00e4nemark, Estland*, Finnland, Griechenland*, Ungarn*, Italien, Kosovo*, Lettland*, Liechtenstein, Litauen*, Nordmazedonien*, Moldawien*, Montenegro*, Norwegen, Polen*, Rum\u00e4nien*, Russland*, Sa Marino, Serbien*, Slowakei*, Slowenien*, Schweden, Schweiz, T\u00fcrkei*, Ukraine* und Vatikan<\/b><\/span><\/p>\n<p><strong><span style=\"color: #000000;\">* teilweise<\/span><\/strong><\/p>\n<p>____________________________________________________________________________________________________________________<\/p>\n<p><strong><span style=\"color: #000000;\"><u>Hersteller \/ EU verantwortliche Person:<\/u><\/span><\/strong><\/p>\n<p><strong><span style=\"color: #000000;\">\u0160koda Auto a.s.<\/span><\/strong><\/p>\n<p><strong><span style=\"color: #000000;\">t\u0159. V\u00e1clava Klementa 869<\/span><\/strong><\/p>\n<p><strong><span style=\"color: #000000;\">293 01 Mlad\u00e1 Boleslav<\/span><\/strong><\/p>\n<p><strong><span style=\"color: #000000;\">Czech Republic<\/span><\/strong><\/p>\n<p><strong><span style=\"color: #000000;\">Tel.: + 420 326 811 111<\/span><\/strong><\/p>\n<p><strong><span style=\"color: #000000;\">E-Mail: infoline@skoda-auto.cz<\/span><\/strong><\/p>","protected":false},"excerpt":{"rendered":"<p>&nbsp; Original Skoda Navigations-DVD Navigation DVD Europe Ost V8 von 2011 geeignet f\u00fcr die Navigationssysteme (Siehe bei den weiteren Bildern, wie dieses aussehen muss): VW RNS 510 und RNS 810 Skoda RNS Columbus SEAT Mediasystem 3.2 &nbsp; Lieferumfang:\u00a0 \u00a0 \u00a0 \u00a0 \u00a0 \u00a0\u00a0 1 x ORIGINAL DVD Europa Ost V8 von 2011 Teilenummer 3T0 051 [&hellip;]<\/p>\n","protected":false},"featured_media":2667,"template":"","meta":{"ocean_post_layout":"","ocean_both_sidebars_style":"","ocean_both_sidebars_content_width":0,"ocean_both_sidebars_sidebars_width":0,"ocean_sidebar":"0","ocean_second_sidebar":"0","ocean_disable_margins":"enable","ocean_add_body_class":"","ocean_shortcode_before_top_bar":"","ocean_shortcode_after_top_bar":"","ocean_shortcode_before_header":"","ocean_shortcode_after_header":"","ocean_has_shortcode":"","ocean_shortcode_after_title":"","ocean_shortcode_before_footer_widgets":"","ocean_shortcode_after_footer_widgets":"","ocean_shortcode_before_footer_bottom":"","ocean_shortcode_after_footer_bottom":"","ocean_display_top_bar":"default","ocean_display_header":"default","ocean_header_style":"","ocean_center_header_left_menu":"0","ocean_custom_header_template":"0","ocean_custom_logo":0,"ocean_custom_retina_logo":0,"ocean_custom_logo_max_width":0,"ocean_custom_logo_tablet_max_width":0,"ocean_custom_logo_mobile_max_width":0,"ocean_custom_logo_max_height":0,"ocean_custom_logo_tablet_max_height":0,"ocean_custom_logo_mobile_max_height":0,"ocean_header_custom_menu":"0","ocean_menu_typo_font_family":"0","ocean_menu_typo_font_subset":"","ocean_menu_typo_font_size":0,"ocean_menu_typo_font_size_tablet":0,"ocean_menu_typo_font_size_mobile":0,"ocean_menu_typo_font_size_unit":"px","ocean_menu_typo_font_weight":"","ocean_menu_typo_font_weight_tablet":"","ocean_menu_typo_font_weight_mobile":"","ocean_menu_typo_transform":"","ocean_menu_typo_transform_tablet":"","ocean_menu_typo_transform_mobile":"","ocean_menu_typo_line_height":0,"ocean_menu_typo_line_height_tablet":0,"ocean_menu_typo_line_height_mobile":0,"ocean_menu_typo_line_height_unit":"","ocean_menu_typo_spacing":0,"ocean_menu_typo_spacing_tablet":0,"ocean_menu_typo_spacing_mobile":0,"ocean_menu_typo_spacing_unit":"","ocean_menu_link_color":"","ocean_menu_link_color_hover":"","ocean_menu_link_color_active":"","ocean_menu_link_background":"","ocean_menu_link_hover_background":"","ocean_menu_link_active_background":"","ocean_menu_social_links_bg":"","ocean_menu_social_hover_links_bg":"","ocean_menu_social_links_color":"","ocean_menu_social_hover_links_color":"","ocean_disable_title":"default","ocean_disable_heading":"default","ocean_post_title":"","ocean_post_subheading":"","ocean_post_title_style":"","ocean_post_title_background_color":"","ocean_post_title_background":0,"ocean_post_title_bg_image_position":"","ocean_post_title_bg_image_attachment":"","ocean_post_title_bg_image_repeat":"","ocean_post_title_bg_image_size":"","ocean_post_title_height":0,"ocean_post_title_bg_overlay":0.5,"ocean_post_title_bg_overlay_color":"","ocean_disable_breadcrumbs":"default","ocean_breadcrumbs_color":"","ocean_breadcrumbs_separator_color":"","ocean_breadcrumbs_links_color":"","ocean_breadcrumbs_links_hover_color":"","ocean_display_footer_widgets":"default","ocean_display_footer_bottom":"default","ocean_custom_footer_template":"0"},"product_brand":[],"product_cat":[823],"product_tag":[898,897,820,476,172,173,178],"class_list":{"0":"post-2666","1":"product","2":"type-product","3":"status-publish","4":"has-post-thumbnail","6":"product_cat-rns-columbus-navigation-cy","7":"product_tag-3t0051859k","8":"product_tag-europa-ost-v8","9":"product_tag-mediasystem","10":"product_tag-navigation-cy","11":"product_tag-rns-510","12":"product_tag-rns-810","13":"product_tag-rns-columbus","15":"entry","16":"has-media","18":"first","19":"instock","20":"sold-individually","21":"purchasable","22":"product-type-simple","23":"col","24":"span_1_of_4","25":"owp-content-center","26":"item-entry","27":"owp-thumbs-layout-horizontal","28":"owp-btn-normal","29":"owp-tabs-layout-horizontal"},"yoast_head":"<!-- This site is optimized with the Yoast SEO plugin v27.3 - https:\/\/yoast.com\/product\/yoast-seo-wordpress\/ -->\n<title>Skoda Navigation DVD Europa Ost V8 von 2011 f\u00fcr RNS Columbus - Navi-Express<\/title>\n<meta name=\"robots\" content=\"index, follow, max-snippet:-1, max-image-preview:large, max-video-preview:-1\" \/>\n<link rel=\"canonical\" href=\"https:\/\/www.navi-express.com\/en\/shop\/skoda\/rns-columbus-navigation-cy\/skoda-navigation-dvd-europa-ost-v8-von-2011-fuer-rns-columbus\/\" \/>\n<meta property=\"og:locale\" content=\"en_US\" \/>\n<meta property=\"og:type\" content=\"article\" \/>\n<meta property=\"og:title\" content=\"Skoda Navigation DVD Europa Ost V8 von 2011 f\u00fcr RNS Columbus - Navi-Express\" \/>\n<meta property=\"og:description\" content=\"&nbsp; Original Skoda Navigations-DVD Navigation DVD Europe Ost V8 von 2011 geeignet f\u00fcr die Navigationssysteme (Siehe bei den weiteren Bildern, wie dieses aussehen muss): VW RNS 510 und RNS 810 Skoda RNS Columbus SEAT Mediasystem 3.2 &nbsp; Lieferumfang:\u00a0 \u00a0 \u00a0 \u00a0 \u00a0 \u00a0\u00a0 1 x ORIGINAL DVD Europa Ost V8 von 2011 Teilenummer 3T0 051 [&hellip;]\" \/>\n<meta property=\"og:url\" content=\"https:\/\/www.navi-express.com\/en\/shop\/skoda\/rns-columbus-navigation-cy\/skoda-navigation-dvd-europa-ost-v8-von-2011-fuer-rns-columbus\/\" \/>\n<meta property=\"og:site_name\" content=\"Navi-Express\" \/>\n<meta property=\"article:modified_time\" content=\"2025-01-23T13:20:16+00:00\" \/>\n<meta property=\"og:image\" content=\"https:\/\/www.navi-express.com\/wp-content\/uploads\/2024\/08\/Skoda-RNS-Columbus-DVD-Europa-Ost-V8-4-scaled.jpg\" \/>\n\t<meta property=\"og:image:width\" content=\"1920\" \/>\n\t<meta property=\"og:image:height\" content=\"2560\" \/>\n\t<meta property=\"og:image:type\" content=\"image\/jpeg\" \/>\n<meta name=\"twitter:card\" content=\"summary_large_image\" \/>\n<meta name=\"twitter:label1\" content=\"Est. reading time\" \/>\n\t<meta name=\"twitter:data1\" content=\"1 minute\" \/>\n<script type=\"application\/ld+json\" class=\"yoast-schema-graph\">{\"@context\":\"https:\\\/\\\/schema.org\",\"@graph\":[{\"@type\":\"WebPage\",\"@id\":\"https:\\\/\\\/www.navi-express.com\\\/shop\\\/skoda\\\/rns-columbus-navigation-cy\\\/skoda-navigation-dvd-europa-ost-v8-von-2011-fuer-rns-columbus\\\/\",\"url\":\"https:\\\/\\\/www.navi-express.com\\\/shop\\\/skoda\\\/rns-columbus-navigation-cy\\\/skoda-navigation-dvd-europa-ost-v8-von-2011-fuer-rns-columbus\\\/\",\"name\":\"Skoda Navigation DVD Europa Ost V8 von 2011 f\u00fcr RNS Columbus - Navi-Express\",\"isPartOf\":{\"@id\":\"https:\\\/\\\/www.navi-express.com\\\/#website\"},\"primaryImageOfPage\":{\"@id\":\"https:\\\/\\\/www.navi-express.com\\\/shop\\\/skoda\\\/rns-columbus-navigation-cy\\\/skoda-navigation-dvd-europa-ost-v8-von-2011-fuer-rns-columbus\\\/#primaryimage\"},\"image\":{\"@id\":\"https:\\\/\\\/www.navi-express.com\\\/shop\\\/skoda\\\/rns-columbus-navigation-cy\\\/skoda-navigation-dvd-europa-ost-v8-von-2011-fuer-rns-columbus\\\/#primaryimage\"},\"thumbnailUrl\":\"https:\\\/\\\/www.navi-express.com\\\/wp-content\\\/uploads\\\/2024\\\/08\\\/Skoda-RNS-Columbus-DVD-Europa-Ost-V8-4-scaled.jpg\",\"datePublished\":\"2024-08-02T09:31:16+00:00\",\"dateModified\":\"2025-01-23T13:20:16+00:00\",\"breadcrumb\":{\"@id\":\"https:\\\/\\\/www.navi-express.com\\\/shop\\\/skoda\\\/rns-columbus-navigation-cy\\\/skoda-navigation-dvd-europa-ost-v8-von-2011-fuer-rns-columbus\\\/#breadcrumb\"},\"inLanguage\":\"en-US\",\"potentialAction\":[{\"@type\":\"ReadAction\",\"target\":[\"https:\\\/\\\/www.navi-express.com\\\/shop\\\/skoda\\\/rns-columbus-navigation-cy\\\/skoda-navigation-dvd-europa-ost-v8-von-2011-fuer-rns-columbus\\\/\"]}]},{\"@type\":\"ImageObject\",\"inLanguage\":\"en-US\",\"@id\":\"https:\\\/\\\/www.navi-express.com\\\/shop\\\/skoda\\\/rns-columbus-navigation-cy\\\/skoda-navigation-dvd-europa-ost-v8-von-2011-fuer-rns-columbus\\\/#primaryimage\",\"url\":\"https:\\\/\\\/www.navi-express.com\\\/wp-content\\\/uploads\\\/2024\\\/08\\\/Skoda-RNS-Columbus-DVD-Europa-Ost-V8-4-scaled.jpg\",\"contentUrl\":\"https:\\\/\\\/www.navi-express.com\\\/wp-content\\\/uploads\\\/2024\\\/08\\\/Skoda-RNS-Columbus-DVD-Europa-Ost-V8-4-scaled.jpg\",\"width\":1920,\"height\":2560},{\"@type\":\"BreadcrumbList\",\"@id\":\"https:\\\/\\\/www.navi-express.com\\\/shop\\\/skoda\\\/rns-columbus-navigation-cy\\\/skoda-navigation-dvd-europa-ost-v8-von-2011-fuer-rns-columbus\\\/#breadcrumb\",\"itemListElement\":[{\"@type\":\"ListItem\",\"position\":1,\"name\":\"Startseite\",\"item\":\"https:\\\/\\\/www.navi-express.com\\\/\"},{\"@type\":\"ListItem\",\"position\":2,\"name\":\"Shop\",\"item\":\"https:\\\/\\\/www.navi-express.com\\\/shop\\\/\"},{\"@type\":\"ListItem\",\"position\":3,\"name\":\"Skoda Navigation DVD Europa Ost V8 von 2011 f\u00fcr RNS Columbus\"}]},{\"@type\":\"WebSite\",\"@id\":\"https:\\\/\\\/www.navi-express.com\\\/#website\",\"url\":\"https:\\\/\\\/www.navi-express.com\\\/\",\"name\":\"Navi-Express\",\"description\":\"Ihr Experte f\u00fcr Navigation\",\"publisher\":{\"@id\":\"https:\\\/\\\/www.navi-express.com\\\/#organization\"},\"alternateName\":\"NE\",\"potentialAction\":[{\"@type\":\"SearchAction\",\"target\":{\"@type\":\"EntryPoint\",\"urlTemplate\":\"https:\\\/\\\/www.navi-express.com\\\/?s={search_term_string}\"},\"query-input\":{\"@type\":\"PropertyValueSpecification\",\"valueRequired\":true,\"valueName\":\"search_term_string\"}}],\"inLanguage\":\"en-US\"},{\"@type\":\"Organization\",\"@id\":\"https:\\\/\\\/www.navi-express.com\\\/#organization\",\"name\":\"Navi-Express\",\"alternateName\":\"NE\",\"url\":\"https:\\\/\\\/www.navi-express.com\\\/\",\"logo\":{\"@type\":\"ImageObject\",\"inLanguage\":\"en-US\",\"@id\":\"https:\\\/\\\/www.navi-express.com\\\/#\\\/schema\\\/logo\\\/image\\\/\",\"url\":\"https:\\\/\\\/www.navi-express.com\\\/wp-content\\\/uploads\\\/2019\\\/03\\\/cropped-logo-transpbearb-1.png\",\"contentUrl\":\"https:\\\/\\\/www.navi-express.com\\\/wp-content\\\/uploads\\\/2019\\\/03\\\/cropped-logo-transpbearb-1.png\",\"width\":512,\"height\":512,\"caption\":\"Navi-Express\"},\"image\":{\"@id\":\"https:\\\/\\\/www.navi-express.com\\\/#\\\/schema\\\/logo\\\/image\\\/\"}}]}<\/script>\n<!-- \/ Yoast SEO plugin. -->","yoast_head_json":{"title":"Skoda Navigation DVD Europa Ost V8 von 2011 f\u00fcr RNS Columbus - Navi-Express","robots":{"index":"index","follow":"follow","max-snippet":"max-snippet:-1","max-image-preview":"max-image-preview:large","max-video-preview":"max-video-preview:-1"},"canonical":"https:\/\/www.navi-express.com\/en\/shop\/skoda\/rns-columbus-navigation-cy\/skoda-navigation-dvd-europa-ost-v8-von-2011-fuer-rns-columbus\/","og_locale":"en_US","og_type":"article","og_title":"Skoda Navigation DVD Europa Ost V8 von 2011 f\u00fcr RNS Columbus - Navi-Express","og_description":"&nbsp; Original Skoda Navigations-DVD Navigation DVD Europe Ost V8 von 2011 geeignet f\u00fcr die Navigationssysteme (Siehe bei den weiteren Bildern, wie dieses aussehen muss): VW RNS 510 und RNS 810 Skoda RNS Columbus SEAT Mediasystem 3.2 &nbsp; Lieferumfang:\u00a0 \u00a0 \u00a0 \u00a0 \u00a0 \u00a0\u00a0 1 x ORIGINAL DVD Europa Ost V8 von 2011 Teilenummer 3T0 051 [&hellip;]","og_url":"https:\/\/www.navi-express.com\/en\/shop\/skoda\/rns-columbus-navigation-cy\/skoda-navigation-dvd-europa-ost-v8-von-2011-fuer-rns-columbus\/","og_site_name":"Navi-Express","article_modified_time":"2025-01-23T13:20:16+00:00","og_image":[{"width":1920,"height":2560,"url":"https:\/\/www.navi-express.com\/wp-content\/uploads\/2024\/08\/Skoda-RNS-Columbus-DVD-Europa-Ost-V8-4-scaled.jpg","type":"image\/jpeg"}],"twitter_card":"summary_large_image","twitter_misc":{"Est. reading time":"1 minute"},"schema":{"@context":"https:\/\/schema.org","@graph":[{"@type":"WebPage","@id":"https:\/\/www.navi-express.com\/shop\/skoda\/rns-columbus-navigation-cy\/skoda-navigation-dvd-europa-ost-v8-von-2011-fuer-rns-columbus\/","url":"https:\/\/www.navi-express.com\/shop\/skoda\/rns-columbus-navigation-cy\/skoda-navigation-dvd-europa-ost-v8-von-2011-fuer-rns-columbus\/","name":"Skoda Navigation DVD Europa Ost V8 von 2011 f\u00fcr RNS Columbus - Navi-Express","isPartOf":{"@id":"https:\/\/www.navi-express.com\/#website"},"primaryImageOfPage":{"@id":"https:\/\/www.navi-express.com\/shop\/skoda\/rns-columbus-navigation-cy\/skoda-navigation-dvd-europa-ost-v8-von-2011-fuer-rns-columbus\/#primaryimage"},"image":{"@id":"https:\/\/www.navi-express.com\/shop\/skoda\/rns-columbus-navigation-cy\/skoda-navigation-dvd-europa-ost-v8-von-2011-fuer-rns-columbus\/#primaryimage"},"thumbnailUrl":"https:\/\/www.navi-express.com\/wp-content\/uploads\/2024\/08\/Skoda-RNS-Columbus-DVD-Europa-Ost-V8-4-scaled.jpg","datePublished":"2024-08-02T09:31:16+00:00","dateModified":"2025-01-23T13:20:16+00:00","breadcrumb":{"@id":"https:\/\/www.navi-express.com\/shop\/skoda\/rns-columbus-navigation-cy\/skoda-navigation-dvd-europa-ost-v8-von-2011-fuer-rns-columbus\/#breadcrumb"},"inLanguage":"en-US","potentialAction":[{"@type":"ReadAction","target":["https:\/\/www.navi-express.com\/shop\/skoda\/rns-columbus-navigation-cy\/skoda-navigation-dvd-europa-ost-v8-von-2011-fuer-rns-columbus\/"]}]},{"@type":"ImageObject","inLanguage":"en-US","@id":"https:\/\/www.navi-express.com\/shop\/skoda\/rns-columbus-navigation-cy\/skoda-navigation-dvd-europa-ost-v8-von-2011-fuer-rns-columbus\/#primaryimage","url":"https:\/\/www.navi-express.com\/wp-content\/uploads\/2024\/08\/Skoda-RNS-Columbus-DVD-Europa-Ost-V8-4-scaled.jpg","contentUrl":"https:\/\/www.navi-express.com\/wp-content\/uploads\/2024\/08\/Skoda-RNS-Columbus-DVD-Europa-Ost-V8-4-scaled.jpg","width":1920,"height":2560},{"@type":"BreadcrumbList","@id":"https:\/\/www.navi-express.com\/shop\/skoda\/rns-columbus-navigation-cy\/skoda-navigation-dvd-europa-ost-v8-von-2011-fuer-rns-columbus\/#breadcrumb","itemListElement":[{"@type":"ListItem","position":1,"name":"Startseite","item":"https:\/\/www.navi-express.com\/"},{"@type":"ListItem","position":2,"name":"Shop","item":"https:\/\/www.navi-express.com\/shop\/"},{"@type":"ListItem","position":3,"name":"Skoda Navigation DVD Europa Ost V8 von 2011 f\u00fcr RNS Columbus"}]},{"@type":"WebSite","@id":"https:\/\/www.navi-express.com\/#website","url":"https:\/\/www.navi-express.com\/","name":"Navi-Express","description":"Ihr Experte f\u00fcr Navigation","publisher":{"@id":"https:\/\/www.navi-express.com\/#organization"},"alternateName":"NE","potentialAction":[{"@type":"SearchAction","target":{"@type":"EntryPoint","urlTemplate":"https:\/\/www.navi-express.com\/?s={search_term_string}"},"query-input":{"@type":"PropertyValueSpecification","valueRequired":true,"valueName":"search_term_string"}}],"inLanguage":"en-US"},{"@type":"Organization","@id":"https:\/\/www.navi-express.com\/#organization","name":"Navi-Express","alternateName":"NE","url":"https:\/\/www.navi-express.com\/","logo":{"@type":"ImageObject","inLanguage":"en-US","@id":"https:\/\/www.navi-express.com\/#\/schema\/logo\/image\/","url":"https:\/\/www.navi-express.com\/wp-content\/uploads\/2019\/03\/cropped-logo-transpbearb-1.png","contentUrl":"https:\/\/www.navi-express.com\/wp-content\/uploads\/2019\/03\/cropped-logo-transpbearb-1.png","width":512,"height":512,"caption":"Navi-Express"},"image":{"@id":"https:\/\/www.navi-express.com\/#\/schema\/logo\/image\/"}}]}},"_links":{"self":[{"href":"https:\/\/www.navi-express.com\/en\/wp-json\/wp\/v2\/product\/2666","targetHints":{"allow":["GET"]}}],"collection":[{"href":"https:\/\/www.navi-express.com\/en\/wp-json\/wp\/v2\/product"}],"about":[{"href":"https:\/\/www.navi-express.com\/en\/wp-json\/wp\/v2\/types\/product"}],"wp:featuredmedia":[{"embeddable":true,"href":"https:\/\/www.navi-express.com\/en\/wp-json\/wp\/v2\/media\/2667"}],"wp:attachment":[{"href":"https:\/\/www.navi-express.com\/en\/wp-json\/wp\/v2\/media?parent=2666"}],"wp:term":[{"taxonomy":"product_brand","embeddable":true,"href":"https:\/\/www.navi-express.com\/en\/wp-json\/wp\/v2\/product_brand?post=2666"},{"taxonomy":"product_cat","embeddable":true,"href":"https:\/\/www.navi-express.com\/en\/wp-json\/wp\/v2\/product_cat?post=2666"},{"taxonomy":"product_tag","embeddable":true,"href":"https:\/\/www.navi-express.com\/en\/wp-json\/wp\/v2\/product_tag?post=2666"}],"curies":[{"name":"wp","href":"https:\/\/api.w.org\/{rel}","templated":true}]}}