{"id":2692,"date":"2024-08-12T10:12:48","date_gmt":"2024-08-12T08:12:48","guid":{"rendered":"https:\/\/www.navi-express.com\/?post_type=product&#038;p=2692"},"modified":"2026-03-10T18:43:53","modified_gmt":"2026-03-10T17:43:53","slug":"navigations-update-sd-karte-mercedes-garmin-map-pilot-europa-2020-audio-20-ntg5-star2-a2139064507","status":"publish","type":"product","link":"https:\/\/www.navi-express.com\/en\/shop\/mercedes-benz\/mercedes-benz-navigation-sd-karte-garmin-map-pilot\/ntg5-star2\/navigations-update-sd-karte-mercedes-garmin-map-pilot-europa-2020-audio-20-ntg5-star2-a2139064507\/","title":{"rendered":"Navi Update SD Karte Mercedes Garmin MAP PILOT Europa 2020 Audio 20 NTG5 Star2 A2139064507"},"content":{"rendered":"<p><strong><span style=\"color: #000000;\">Originale und Neue Mercedes-Benz Update SD Karte in Originalfolie<\/span><\/strong><\/p>\n<p><strong><span style=\"color: #000000;\">geeignet f\u00fcr bereits aktivierte Garmin MAP PILOT Audio 20 NTG5 Star2<\/span><\/strong><\/p>\n<p>&nbsp;<\/p>\n<blockquote><p><strong><span style=\"color: #000000;\">Nicht geeignet zur Erstinstallation oder wenn Ihr Navi-System ausgetauscht wurde<\/span><\/strong><\/p>\n<p><strong><span style=\"color: #000000;\">KEIN Live Traffic auf dieser SD Karte (muss bei Mercedes-Benz extra kostenpflichtig dazu gebucht werden)<\/span><\/strong><\/p>\n<p><span style=\"color: #000000;\"><strong>Wenn Sie Fragen haben, bitte uns vor Kauf gerne kontaktieren !<\/strong><\/span><\/p>\n<p><strong><span style=\"color: #000000;\">Installation kann ganz einfach selbst innerhalb ein paar Minuten und ohne irgendwelche zus\u00e4tzliche Codes etc. durchgef\u00fchrt werden !<\/span><\/strong><\/p><\/blockquote>\n<p>&nbsp;<\/p>\n<p><strong><span style=\"color: #000000;\">Detailkarten f\u00fcr Europa von 2020<\/span><\/strong><\/p>\n<p><strong><span style=\"color: #000000;\">Teilenummer:<\/span><\/strong><\/p>\n<p><strong><span style=\"color: #000000;\">A213 906 45 07<\/span><\/strong><\/p>\n<p><strong><span style=\"color: #000000;\">Version 14.0<\/span><\/strong><\/p>\n<p>&nbsp;<\/p>\n<p><strong><span style=\"color: #000000;\"><u>Wichtige Hinweise:<\/u><\/span><\/strong><\/p>\n<p><strong><span style=\"color: #000000;\">Diese SD Karte wird vom Fahrzeug nur akzeptiert, wenn vorher eine initiale Garmin Map Pilot SD Karte zur Erstinstallation installiert wurde.<\/span><\/strong><\/p>\n<p><strong><span style=\"color: #000000;\">Die SD Karte eignet sich NICHT zur Erstinbetriebnahme, sondern nur zum Updaten.<\/span><\/strong><\/p>\n<p><strong><span style=\"color: #000000;\">Folgende Codes werden ben\u00f6tigt:<\/span><\/strong><\/p>\n<ul>\n<li><strong><span style=\"color: #000000;\">Code 357<\/span><\/strong><\/li>\n<li><strong><span style=\"color: #000000;\">Code 522<\/span><\/strong><\/li>\n<\/ul>\n<p>&nbsp;<\/p>\n<p><strong><span style=\"color: #000000;\">Nicht geeignet f\u00fcr andere Navigationssysteme wie Garmin Map Pilot NTG5 Star1 oder NTG5.5<\/span><\/strong><\/p>\n<p><strong><span style=\"color: #000000;\">Farbcode: indischrot<\/span><\/strong><\/p>\n<p><strong><span style=\"color: #000000;\">Die SD Karte wird mit dem Navi &#8222;verheiratet&#8220; und kann nicht in anderen Fahrzeugen benutzt werden!<\/span><\/strong><\/p>\n<p>&nbsp;<\/p>\n<p><strong><span style=\"color: #000000;\">L\u00e4nderabdeckung:<\/span><\/strong><\/p>\n<p><strong><span style=\"color: #000000;\">Deutschland , Andorra, Albanien, \u00d6sterreich, Belgien, Bulgarien, Bosnien &amp; Herzegowina, Kroatien, Schweiz, Tschechien, D\u00e4nemark, Estland, Finnland, Frankreich, Gibraltar, Griechenland, Gro\u00dfbritannien, Ungarn, Island, Israel, Irland, Italien, Kasachstan, Kosovo, Lettland, Liechtenstein, Litauen, Luxemburg, Nordmazedonien, Malta, Monaco, Montenegro, Niederlande, Norwegen, Polen, Portugal, Rum\u00e4nien, Russland, San Marino, Serbien, Slowakei, Slowenien, Spanien (inkl. Kanaren), Schweden, Ukraine und Vatikan<\/span><\/strong><\/p>\n<p>&nbsp;<\/p>\n<p>____________________________________________________________________________________________________________________<\/p>\n<p><strong><span style=\"color: #000000;\"><u>Hersteller \/ EU verantwortliche Person:<\/u><\/span><\/strong><\/p>\n<p><strong><span style=\"color: #000000;\">Mercedes-Benz AG<\/span><\/strong><\/p>\n<p><strong><span style=\"color: #000000;\">Mercedesstra\u00dfe 120<\/span><\/strong><\/p>\n<p><strong><span style=\"color: #000000;\">70372 Stuttgart<\/span><\/strong><\/p>\n<p><strong><span style=\"color: #000000;\">Deutschland<\/span><\/strong><\/p>\n<p><strong><span style=\"color: #000000;\">Tel.: +49 711 17-0<\/span><\/strong><\/p>\n<p><strong><span style=\"color: #000000;\">E-Mail: dialog.mb@mercedes-benz.com<\/span><\/strong><\/p>","protected":false},"excerpt":{"rendered":"<p>Originale und Neue Mercedes-Benz Update SD Karte in Originalfolie geeignet f\u00fcr bereits aktivierte Garmin MAP PILOT Audio 20 NTG5 Star2 &nbsp; Nicht geeignet zur Erstinstallation oder wenn Ihr Navi-System ausgetauscht wurde KEIN Live Traffic auf dieser SD Karte (muss bei Mercedes-Benz extra kostenpflichtig dazu gebucht werden) Wenn Sie Fragen haben, bitte uns vor Kauf gerne [&hellip;]<\/p>\n","protected":false},"featured_media":5140,"template":"","meta":{"ocean_post_layout":"","ocean_both_sidebars_style":"","ocean_both_sidebars_content_width":0,"ocean_both_sidebars_sidebars_width":0,"ocean_sidebar":"0","ocean_second_sidebar":"0","ocean_disable_margins":"enable","ocean_add_body_class":"","ocean_shortcode_before_top_bar":"","ocean_shortcode_after_top_bar":"","ocean_shortcode_before_header":"","ocean_shortcode_after_header":"","ocean_has_shortcode":"","ocean_shortcode_after_title":"","ocean_shortcode_before_footer_widgets":"","ocean_shortcode_after_footer_widgets":"","ocean_shortcode_before_footer_bottom":"","ocean_shortcode_after_footer_bottom":"","ocean_display_top_bar":"default","ocean_display_header":"default","ocean_header_style":"","ocean_center_header_left_menu":"0","ocean_custom_header_template":"0","ocean_custom_logo":0,"ocean_custom_retina_logo":0,"ocean_custom_logo_max_width":0,"ocean_custom_logo_tablet_max_width":0,"ocean_custom_logo_mobile_max_width":0,"ocean_custom_logo_max_height":0,"ocean_custom_logo_tablet_max_height":0,"ocean_custom_logo_mobile_max_height":0,"ocean_header_custom_menu":"0","ocean_menu_typo_font_family":"0","ocean_menu_typo_font_subset":"","ocean_menu_typo_font_size":0,"ocean_menu_typo_font_size_tablet":0,"ocean_menu_typo_font_size_mobile":0,"ocean_menu_typo_font_size_unit":"px","ocean_menu_typo_font_weight":"","ocean_menu_typo_font_weight_tablet":"","ocean_menu_typo_font_weight_mobile":"","ocean_menu_typo_transform":"","ocean_menu_typo_transform_tablet":"","ocean_menu_typo_transform_mobile":"","ocean_menu_typo_line_height":0,"ocean_menu_typo_line_height_tablet":0,"ocean_menu_typo_line_height_mobile":0,"ocean_menu_typo_line_height_unit":"","ocean_menu_typo_spacing":0,"ocean_menu_typo_spacing_tablet":0,"ocean_menu_typo_spacing_mobile":0,"ocean_menu_typo_spacing_unit":"","ocean_menu_link_color":"","ocean_menu_link_color_hover":"","ocean_menu_link_color_active":"","ocean_menu_link_background":"","ocean_menu_link_hover_background":"","ocean_menu_link_active_background":"","ocean_menu_social_links_bg":"","ocean_menu_social_hover_links_bg":"","ocean_menu_social_links_color":"","ocean_menu_social_hover_links_color":"","ocean_disable_title":"default","ocean_disable_heading":"default","ocean_post_title":"","ocean_post_subheading":"","ocean_post_title_style":"","ocean_post_title_background_color":"","ocean_post_title_background":0,"ocean_post_title_bg_image_position":"","ocean_post_title_bg_image_attachment":"","ocean_post_title_bg_image_repeat":"","ocean_post_title_bg_image_size":"","ocean_post_title_height":0,"ocean_post_title_bg_overlay":0.5,"ocean_post_title_bg_overlay_color":"","ocean_disable_breadcrumbs":"default","ocean_breadcrumbs_color":"","ocean_breadcrumbs_separator_color":"","ocean_breadcrumbs_links_color":"","ocean_breadcrumbs_links_hover_color":"","ocean_display_footer_widgets":"default","ocean_display_footer_bottom":"default","ocean_custom_footer_template":"0"},"product_brand":[],"product_cat":[1090],"product_tag":[223,280,183,222,283,331],"class_list":{"0":"post-2692","1":"product","2":"type-product","3":"status-publish","4":"has-post-thumbnail","6":"product_cat-ntg5-star2","7":"product_tag-a2139064507","8":"product_tag-audio-20-ntg5-star2","9":"product_tag-garmin-map-pilot","10":"product_tag-indischrot","11":"product_tag-mercedes-update-sd-karte","12":"product_tag-version-14-0","14":"entry","15":"has-media","17":"first","18":"outofstock","19":"sold-individually","20":"purchasable","21":"product-type-simple","22":"col","23":"span_1_of_4","24":"owp-content-center","25":"item-entry","26":"owp-thumbs-layout-horizontal","27":"owp-btn-normal","28":"owp-tabs-layout-horizontal"},"yoast_head":"<!-- This site is optimized with the Yoast SEO plugin v27.5 - https:\/\/yoast.com\/product\/yoast-seo-wordpress\/ -->\n<title>Navi Update SD Karte Mercedes Garmin Map Pilot NTG5 Star2<\/title>\n<meta name=\"description\" content=\"Original Mercedes-Benz Navigation Update SD Karte geeignet f\u00fcr Garmin Map Pilot NTG5 Star2, die bereits aktiviert wurden. Detailkarten Europa 2020.\" \/>\n<meta name=\"robots\" content=\"index, follow, max-snippet:-1, max-image-preview:large, max-video-preview:-1\" \/>\n<link rel=\"canonical\" href=\"https:\/\/www.navi-express.com\/en\/shop\/mercedes-benz\/mercedes-benz-navigation-sd-karte-garmin-map-pilot\/ntg5-star2\/navigations-update-sd-karte-mercedes-garmin-map-pilot-europa-2020-audio-20-ntg5-star2-a2139064507\/\" \/>\n<meta property=\"og:locale\" content=\"en_US\" \/>\n<meta property=\"og:type\" content=\"article\" \/>\n<meta property=\"og:title\" content=\"Navi Update SD Karte Mercedes Garmin Map Pilot NTG5 Star2\" \/>\n<meta property=\"og:description\" content=\"Original Mercedes-Benz Navigation Update SD Karte geeignet f\u00fcr Garmin Map Pilot NTG5 Star2, die bereits aktiviert wurden. Detailkarten Europa 2020.\" \/>\n<meta property=\"og:url\" content=\"https:\/\/www.navi-express.com\/en\/shop\/mercedes-benz\/mercedes-benz-navigation-sd-karte-garmin-map-pilot\/ntg5-star2\/navigations-update-sd-karte-mercedes-garmin-map-pilot-europa-2020-audio-20-ntg5-star2-a2139064507\/\" \/>\n<meta property=\"og:site_name\" content=\"Navi-Express\" \/>\n<meta property=\"article:modified_time\" content=\"2026-03-10T17:43:53+00:00\" \/>\n<meta property=\"og:image\" content=\"https:\/\/www.navi-express.com\/wp-content\/uploads\/2024\/08\/IMG_20250729_171742-scaled.jpg\" \/>\n\t<meta property=\"og:image:width\" content=\"2560\" \/>\n\t<meta property=\"og:image:height\" content=\"1920\" \/>\n\t<meta property=\"og:image:type\" content=\"image\/jpeg\" \/>\n<meta name=\"twitter:card\" content=\"summary_large_image\" \/>\n<meta name=\"twitter:label1\" content=\"Est. reading time\" \/>\n\t<meta name=\"twitter:data1\" content=\"2 minutes\" \/>\n<script type=\"application\/ld+json\" class=\"yoast-schema-graph\">{\"@context\":\"https:\\\/\\\/schema.org\",\"@graph\":[{\"@type\":\"WebPage\",\"@id\":\"https:\\\/\\\/www.navi-express.com\\\/shop\\\/mercedes-benz\\\/mercedes-benz-navigation-sd-karte-garmin-map-pilot\\\/ntg5-star2\\\/navigations-update-sd-karte-mercedes-garmin-map-pilot-europa-2020-audio-20-ntg5-star2-a2139064507\\\/\",\"url\":\"https:\\\/\\\/www.navi-express.com\\\/shop\\\/mercedes-benz\\\/mercedes-benz-navigation-sd-karte-garmin-map-pilot\\\/ntg5-star2\\\/navigations-update-sd-karte-mercedes-garmin-map-pilot-europa-2020-audio-20-ntg5-star2-a2139064507\\\/\",\"name\":\"Navi Update SD Karte Mercedes Garmin Map Pilot NTG5 Star2\",\"isPartOf\":{\"@id\":\"https:\\\/\\\/www.navi-express.com\\\/#website\"},\"primaryImageOfPage\":{\"@id\":\"https:\\\/\\\/www.navi-express.com\\\/shop\\\/mercedes-benz\\\/mercedes-benz-navigation-sd-karte-garmin-map-pilot\\\/ntg5-star2\\\/navigations-update-sd-karte-mercedes-garmin-map-pilot-europa-2020-audio-20-ntg5-star2-a2139064507\\\/#primaryimage\"},\"image\":{\"@id\":\"https:\\\/\\\/www.navi-express.com\\\/shop\\\/mercedes-benz\\\/mercedes-benz-navigation-sd-karte-garmin-map-pilot\\\/ntg5-star2\\\/navigations-update-sd-karte-mercedes-garmin-map-pilot-europa-2020-audio-20-ntg5-star2-a2139064507\\\/#primaryimage\"},\"thumbnailUrl\":\"https:\\\/\\\/www.navi-express.com\\\/wp-content\\\/uploads\\\/2024\\\/08\\\/IMG_20250729_171742-scaled.jpg\",\"datePublished\":\"2024-08-12T08:12:48+00:00\",\"dateModified\":\"2026-03-10T17:43:53+00:00\",\"description\":\"Original Mercedes-Benz Navigation Update SD Karte geeignet f\u00fcr Garmin Map Pilot NTG5 Star2, die bereits aktiviert wurden. Detailkarten Europa 2020.\",\"breadcrumb\":{\"@id\":\"https:\\\/\\\/www.navi-express.com\\\/shop\\\/mercedes-benz\\\/mercedes-benz-navigation-sd-karte-garmin-map-pilot\\\/ntg5-star2\\\/navigations-update-sd-karte-mercedes-garmin-map-pilot-europa-2020-audio-20-ntg5-star2-a2139064507\\\/#breadcrumb\"},\"inLanguage\":\"en-US\",\"potentialAction\":[{\"@type\":\"ReadAction\",\"target\":[\"https:\\\/\\\/www.navi-express.com\\\/shop\\\/mercedes-benz\\\/mercedes-benz-navigation-sd-karte-garmin-map-pilot\\\/ntg5-star2\\\/navigations-update-sd-karte-mercedes-garmin-map-pilot-europa-2020-audio-20-ntg5-star2-a2139064507\\\/\"]}]},{\"@type\":\"ImageObject\",\"inLanguage\":\"en-US\",\"@id\":\"https:\\\/\\\/www.navi-express.com\\\/shop\\\/mercedes-benz\\\/mercedes-benz-navigation-sd-karte-garmin-map-pilot\\\/ntg5-star2\\\/navigations-update-sd-karte-mercedes-garmin-map-pilot-europa-2020-audio-20-ntg5-star2-a2139064507\\\/#primaryimage\",\"url\":\"https:\\\/\\\/www.navi-express.com\\\/wp-content\\\/uploads\\\/2024\\\/08\\\/IMG_20250729_171742-scaled.jpg\",\"contentUrl\":\"https:\\\/\\\/www.navi-express.com\\\/wp-content\\\/uploads\\\/2024\\\/08\\\/IMG_20250729_171742-scaled.jpg\",\"width\":2560,\"height\":1920},{\"@type\":\"BreadcrumbList\",\"@id\":\"https:\\\/\\\/www.navi-express.com\\\/shop\\\/mercedes-benz\\\/mercedes-benz-navigation-sd-karte-garmin-map-pilot\\\/ntg5-star2\\\/navigations-update-sd-karte-mercedes-garmin-map-pilot-europa-2020-audio-20-ntg5-star2-a2139064507\\\/#breadcrumb\",\"itemListElement\":[{\"@type\":\"ListItem\",\"position\":1,\"name\":\"Startseite\",\"item\":\"https:\\\/\\\/www.navi-express.com\\\/\"},{\"@type\":\"ListItem\",\"position\":2,\"name\":\"Shop\",\"item\":\"https:\\\/\\\/www.navi-express.com\\\/shop\\\/\"},{\"@type\":\"ListItem\",\"position\":3,\"name\":\"Navi Update SD Karte Mercedes Garmin MAP PILOT Europa 2020 Audio 20 NTG5 Star2 A2139064507\"}]},{\"@type\":\"WebSite\",\"@id\":\"https:\\\/\\\/www.navi-express.com\\\/#website\",\"url\":\"https:\\\/\\\/www.navi-express.com\\\/\",\"name\":\"Navi-Express\",\"description\":\"Ihr Experte f\u00fcr Navigation\",\"publisher\":{\"@id\":\"https:\\\/\\\/www.navi-express.com\\\/#organization\"},\"alternateName\":\"NE\",\"potentialAction\":[{\"@type\":\"SearchAction\",\"target\":{\"@type\":\"EntryPoint\",\"urlTemplate\":\"https:\\\/\\\/www.navi-express.com\\\/?s={search_term_string}\"},\"query-input\":{\"@type\":\"PropertyValueSpecification\",\"valueRequired\":true,\"valueName\":\"search_term_string\"}}],\"inLanguage\":\"en-US\"},{\"@type\":\"Organization\",\"@id\":\"https:\\\/\\\/www.navi-express.com\\\/#organization\",\"name\":\"Navi-Express\",\"alternateName\":\"NE\",\"url\":\"https:\\\/\\\/www.navi-express.com\\\/\",\"logo\":{\"@type\":\"ImageObject\",\"inLanguage\":\"en-US\",\"@id\":\"https:\\\/\\\/www.navi-express.com\\\/#\\\/schema\\\/logo\\\/image\\\/\",\"url\":\"https:\\\/\\\/www.navi-express.com\\\/wp-content\\\/uploads\\\/2019\\\/03\\\/cropped-logo-transpbearb-1.png\",\"contentUrl\":\"https:\\\/\\\/www.navi-express.com\\\/wp-content\\\/uploads\\\/2019\\\/03\\\/cropped-logo-transpbearb-1.png\",\"width\":512,\"height\":512,\"caption\":\"Navi-Express\"},\"image\":{\"@id\":\"https:\\\/\\\/www.navi-express.com\\\/#\\\/schema\\\/logo\\\/image\\\/\"}}]}<\/script>\n<!-- \/ Yoast SEO plugin. -->","yoast_head_json":{"title":"Navi Update SD Karte Mercedes Garmin Map Pilot NTG5 Star2","description":"Original Mercedes-Benz Navigation Update SD Karte geeignet f\u00fcr Garmin Map Pilot NTG5 Star2, die bereits aktiviert wurden. Detailkarten Europa 2020.","robots":{"index":"index","follow":"follow","max-snippet":"max-snippet:-1","max-image-preview":"max-image-preview:large","max-video-preview":"max-video-preview:-1"},"canonical":"https:\/\/www.navi-express.com\/en\/shop\/mercedes-benz\/mercedes-benz-navigation-sd-karte-garmin-map-pilot\/ntg5-star2\/navigations-update-sd-karte-mercedes-garmin-map-pilot-europa-2020-audio-20-ntg5-star2-a2139064507\/","og_locale":"en_US","og_type":"article","og_title":"Navi Update SD Karte Mercedes Garmin Map Pilot NTG5 Star2","og_description":"Original Mercedes-Benz Navigation Update SD Karte geeignet f\u00fcr Garmin Map Pilot NTG5 Star2, die bereits aktiviert wurden. Detailkarten Europa 2020.","og_url":"https:\/\/www.navi-express.com\/en\/shop\/mercedes-benz\/mercedes-benz-navigation-sd-karte-garmin-map-pilot\/ntg5-star2\/navigations-update-sd-karte-mercedes-garmin-map-pilot-europa-2020-audio-20-ntg5-star2-a2139064507\/","og_site_name":"Navi-Express","article_modified_time":"2026-03-10T17:43:53+00:00","og_image":[{"width":2560,"height":1920,"url":"https:\/\/www.navi-express.com\/wp-content\/uploads\/2024\/08\/IMG_20250729_171742-scaled.jpg","type":"image\/jpeg"}],"twitter_card":"summary_large_image","twitter_misc":{"Est. reading time":"2 minutes"},"schema":{"@context":"https:\/\/schema.org","@graph":[{"@type":"WebPage","@id":"https:\/\/www.navi-express.com\/shop\/mercedes-benz\/mercedes-benz-navigation-sd-karte-garmin-map-pilot\/ntg5-star2\/navigations-update-sd-karte-mercedes-garmin-map-pilot-europa-2020-audio-20-ntg5-star2-a2139064507\/","url":"https:\/\/www.navi-express.com\/shop\/mercedes-benz\/mercedes-benz-navigation-sd-karte-garmin-map-pilot\/ntg5-star2\/navigations-update-sd-karte-mercedes-garmin-map-pilot-europa-2020-audio-20-ntg5-star2-a2139064507\/","name":"Navi Update SD Karte Mercedes Garmin Map Pilot NTG5 Star2","isPartOf":{"@id":"https:\/\/www.navi-express.com\/#website"},"primaryImageOfPage":{"@id":"https:\/\/www.navi-express.com\/shop\/mercedes-benz\/mercedes-benz-navigation-sd-karte-garmin-map-pilot\/ntg5-star2\/navigations-update-sd-karte-mercedes-garmin-map-pilot-europa-2020-audio-20-ntg5-star2-a2139064507\/#primaryimage"},"image":{"@id":"https:\/\/www.navi-express.com\/shop\/mercedes-benz\/mercedes-benz-navigation-sd-karte-garmin-map-pilot\/ntg5-star2\/navigations-update-sd-karte-mercedes-garmin-map-pilot-europa-2020-audio-20-ntg5-star2-a2139064507\/#primaryimage"},"thumbnailUrl":"https:\/\/www.navi-express.com\/wp-content\/uploads\/2024\/08\/IMG_20250729_171742-scaled.jpg","datePublished":"2024-08-12T08:12:48+00:00","dateModified":"2026-03-10T17:43:53+00:00","description":"Original Mercedes-Benz Navigation Update SD Karte geeignet f\u00fcr Garmin Map Pilot NTG5 Star2, die bereits aktiviert wurden. Detailkarten Europa 2020.","breadcrumb":{"@id":"https:\/\/www.navi-express.com\/shop\/mercedes-benz\/mercedes-benz-navigation-sd-karte-garmin-map-pilot\/ntg5-star2\/navigations-update-sd-karte-mercedes-garmin-map-pilot-europa-2020-audio-20-ntg5-star2-a2139064507\/#breadcrumb"},"inLanguage":"en-US","potentialAction":[{"@type":"ReadAction","target":["https:\/\/www.navi-express.com\/shop\/mercedes-benz\/mercedes-benz-navigation-sd-karte-garmin-map-pilot\/ntg5-star2\/navigations-update-sd-karte-mercedes-garmin-map-pilot-europa-2020-audio-20-ntg5-star2-a2139064507\/"]}]},{"@type":"ImageObject","inLanguage":"en-US","@id":"https:\/\/www.navi-express.com\/shop\/mercedes-benz\/mercedes-benz-navigation-sd-karte-garmin-map-pilot\/ntg5-star2\/navigations-update-sd-karte-mercedes-garmin-map-pilot-europa-2020-audio-20-ntg5-star2-a2139064507\/#primaryimage","url":"https:\/\/www.navi-express.com\/wp-content\/uploads\/2024\/08\/IMG_20250729_171742-scaled.jpg","contentUrl":"https:\/\/www.navi-express.com\/wp-content\/uploads\/2024\/08\/IMG_20250729_171742-scaled.jpg","width":2560,"height":1920},{"@type":"BreadcrumbList","@id":"https:\/\/www.navi-express.com\/shop\/mercedes-benz\/mercedes-benz-navigation-sd-karte-garmin-map-pilot\/ntg5-star2\/navigations-update-sd-karte-mercedes-garmin-map-pilot-europa-2020-audio-20-ntg5-star2-a2139064507\/#breadcrumb","itemListElement":[{"@type":"ListItem","position":1,"name":"Startseite","item":"https:\/\/www.navi-express.com\/"},{"@type":"ListItem","position":2,"name":"Shop","item":"https:\/\/www.navi-express.com\/shop\/"},{"@type":"ListItem","position":3,"name":"Navi Update SD Karte Mercedes Garmin MAP PILOT Europa 2020 Audio 20 NTG5 Star2 A2139064507"}]},{"@type":"WebSite","@id":"https:\/\/www.navi-express.com\/#website","url":"https:\/\/www.navi-express.com\/","name":"Navi-Express","description":"Ihr Experte f\u00fcr Navigation","publisher":{"@id":"https:\/\/www.navi-express.com\/#organization"},"alternateName":"NE","potentialAction":[{"@type":"SearchAction","target":{"@type":"EntryPoint","urlTemplate":"https:\/\/www.navi-express.com\/?s={search_term_string}"},"query-input":{"@type":"PropertyValueSpecification","valueRequired":true,"valueName":"search_term_string"}}],"inLanguage":"en-US"},{"@type":"Organization","@id":"https:\/\/www.navi-express.com\/#organization","name":"Navi-Express","alternateName":"NE","url":"https:\/\/www.navi-express.com\/","logo":{"@type":"ImageObject","inLanguage":"en-US","@id":"https:\/\/www.navi-express.com\/#\/schema\/logo\/image\/","url":"https:\/\/www.navi-express.com\/wp-content\/uploads\/2019\/03\/cropped-logo-transpbearb-1.png","contentUrl":"https:\/\/www.navi-express.com\/wp-content\/uploads\/2019\/03\/cropped-logo-transpbearb-1.png","width":512,"height":512,"caption":"Navi-Express"},"image":{"@id":"https:\/\/www.navi-express.com\/#\/schema\/logo\/image\/"}}]}},"_links":{"self":[{"href":"https:\/\/www.navi-express.com\/en\/wp-json\/wp\/v2\/product\/2692","targetHints":{"allow":["GET"]}}],"collection":[{"href":"https:\/\/www.navi-express.com\/en\/wp-json\/wp\/v2\/product"}],"about":[{"href":"https:\/\/www.navi-express.com\/en\/wp-json\/wp\/v2\/types\/product"}],"wp:featuredmedia":[{"embeddable":true,"href":"https:\/\/www.navi-express.com\/en\/wp-json\/wp\/v2\/media\/5140"}],"wp:attachment":[{"href":"https:\/\/www.navi-express.com\/en\/wp-json\/wp\/v2\/media?parent=2692"}],"wp:term":[{"taxonomy":"product_brand","embeddable":true,"href":"https:\/\/www.navi-express.com\/en\/wp-json\/wp\/v2\/product_brand?post=2692"},{"taxonomy":"product_cat","embeddable":true,"href":"https:\/\/www.navi-express.com\/en\/wp-json\/wp\/v2\/product_cat?post=2692"},{"taxonomy":"product_tag","embeddable":true,"href":"https:\/\/www.navi-express.com\/en\/wp-json\/wp\/v2\/product_tag?post=2692"}],"curies":[{"name":"wp","href":"https:\/\/api.w.org\/{rel}","templated":true}]}}