{"id":2847,"date":"2024-10-11T09:46:51","date_gmt":"2024-10-11T07:46:51","guid":{"rendered":"https:\/\/www.navi-express.com\/?post_type=product&#038;p=2847"},"modified":"2025-08-18T09:42:04","modified_gmt":"2025-08-18T07:42:04","slug":"original-sd-karte-navigation-kia-optima-mj2017-int-1-x-compact-gen5-europa-2024-96554-d4571-32-gb","status":"publish","type":"product","link":"https:\/\/www.navi-express.com\/en\/shop\/kia\/compact-gen5-int-1-x\/original-sd-karte-navigation-kia-optima-mj2017-int-1-x-compact-gen5-europa-2024-96554-d4571-32-gb\/","title":{"rendered":"SD Karte Navigation KIA OPTIMA MJ2017 INT 1.X Compact Gen5 Europa 2023\/2024"},"content":{"rendered":"<p style=\"text-align: left;\" align=\"center\"><b>Original KIA <\/b><b><span style=\"font-family: Arial;\">SD Karte f\u00fcr den KIA OPTIMA mit Modelljahr 2017<\/span><\/b><\/p>\n<p style=\"text-align: left;\" align=\"center\"><b><span style=\"font-family: Arial;\">und Navigationssystem Compact Class GEN 5 ( INT 1.X )<\/span><\/b><\/p>\n<p style=\"text-align: left;\" align=\"center\"><b>Europa Karten von 2023\/2024<\/b><\/p>\n<p>&nbsp;<\/p>\n<p style=\"text-align: left;\" align=\"center\"><b><span style=\"color: #0039f3;\">AUSSCHLIESSLICH NUR geeignet f\u00fcr den KIA Optima mit Modelljahr 2017<\/span><\/b><\/p>\n<p style=\"text-align: left;\" align=\"center\"><b><span style=\"color: #0039f3;\">Modelljahr 2017 = &#8222;H&#8220; an der 10. Stelle der Fahrzeugidentifikationsnummer (FIN)<\/span><\/b><\/p>\n<p style=\"text-align: left;\" align=\"center\"><b><span style=\"color: #0039f3;\">Sehen Sie auch bei den Bildern, ob Sie das richtige Navigationssystem haben<\/span><\/b><\/p>\n<p style=\"text-align: left;\" align=\"center\"><b><span style=\"color: #0039f3;\">Falls Sie Fragen haben sollten oder einen Optima PHEV , WGN , WGN PHEV mit Modelljahr 2017 haben, dann bitte uns eine Nachricht senden !<\/span><\/b><\/p>\n<p><span style=\"color: #0000ff;\"><b>Falls Sie einen \u00e4lteren Softwarestand haben, kann sich nach dem Update das Men\u00fc und die Men\u00fcanzeige (optisch) \u00e4ndern<\/b><\/span><\/p>\n<p>&nbsp;<\/p>\n<p style=\"text-align: left;\" align=\"center\"><b>Bezeichnung\/Teilenummer:<\/b><\/p>\n<p style=\"text-align: left;\" align=\"center\"><b>OPTIMA<\/b><\/p>\n<p style=\"text-align: left;\" align=\"center\"><b>JF 17MY<\/b><\/p>\n<p style=\"text-align: left;\" align=\"center\"><span style=\"font-family: Arial;\"><b>96554-D4571<\/b><\/span><\/p>\n<p style=\"text-align: left;\" align=\"center\"><b>32GB<\/b><\/p>\n<p>&nbsp;<\/p>\n<p>____________________________________________________________________________________________________________________<\/p>\n<p><strong><span style=\"color: #000000;\"><u>Hersteller \/ EU verantwortliche Person:<\/u><\/span><\/strong><\/p>\n<p><strong><span style=\"color: #000000;\">KIA Deutschland GmbH<\/span><\/strong><\/p>\n<p><strong><span style=\"color: #000000;\">Theodor-Heuss-Allee 11<\/span><\/strong><\/p>\n<p><strong><span style=\"color: #000000;\">60486 Frankfurt<\/span><\/strong><\/p>\n<p><strong><span style=\"color: #000000;\">Deutschland<\/span><\/strong><\/p>\n<p><strong><span style=\"color: #000000;\">Tel.: 0800 777 30 44<\/span><\/strong><\/p>\n<p><strong><span style=\"color: #000000;\">E-Mail: info@kia.de<\/span><\/strong><\/p>","protected":false},"excerpt":{"rendered":"<p>Original KIA SD Karte f\u00fcr den KIA OPTIMA mit Modelljahr 2017 und Navigationssystem Compact Class GEN 5 ( INT 1.X ) Europa Karten von 2023\/2024 &nbsp; AUSSCHLIESSLICH NUR geeignet f\u00fcr den KIA Optima mit Modelljahr 2017 Modelljahr 2017 = &#8222;H&#8220; an der 10. Stelle der Fahrzeugidentifikationsnummer (FIN) Sehen Sie auch bei den Bildern, ob Sie [&hellip;]<\/p>\n","protected":false},"featured_media":2848,"template":"","meta":{"ocean_post_layout":"","ocean_both_sidebars_style":"","ocean_both_sidebars_content_width":0,"ocean_both_sidebars_sidebars_width":0,"ocean_sidebar":"0","ocean_second_sidebar":"0","ocean_disable_margins":"enable","ocean_add_body_class":"","ocean_shortcode_before_top_bar":"","ocean_shortcode_after_top_bar":"","ocean_shortcode_before_header":"","ocean_shortcode_after_header":"","ocean_has_shortcode":"","ocean_shortcode_after_title":"","ocean_shortcode_before_footer_widgets":"","ocean_shortcode_after_footer_widgets":"","ocean_shortcode_before_footer_bottom":"","ocean_shortcode_after_footer_bottom":"","ocean_display_top_bar":"default","ocean_display_header":"default","ocean_header_style":"","ocean_center_header_left_menu":"0","ocean_custom_header_template":"0","ocean_custom_logo":0,"ocean_custom_retina_logo":0,"ocean_custom_logo_max_width":0,"ocean_custom_logo_tablet_max_width":0,"ocean_custom_logo_mobile_max_width":0,"ocean_custom_logo_max_height":0,"ocean_custom_logo_tablet_max_height":0,"ocean_custom_logo_mobile_max_height":0,"ocean_header_custom_menu":"0","ocean_menu_typo_font_family":"0","ocean_menu_typo_font_subset":"","ocean_menu_typo_font_size":0,"ocean_menu_typo_font_size_tablet":0,"ocean_menu_typo_font_size_mobile":0,"ocean_menu_typo_font_size_unit":"px","ocean_menu_typo_font_weight":"","ocean_menu_typo_font_weight_tablet":"","ocean_menu_typo_font_weight_mobile":"","ocean_menu_typo_transform":"","ocean_menu_typo_transform_tablet":"","ocean_menu_typo_transform_mobile":"","ocean_menu_typo_line_height":0,"ocean_menu_typo_line_height_tablet":0,"ocean_menu_typo_line_height_mobile":0,"ocean_menu_typo_line_height_unit":"","ocean_menu_typo_spacing":0,"ocean_menu_typo_spacing_tablet":0,"ocean_menu_typo_spacing_mobile":0,"ocean_menu_typo_spacing_unit":"","ocean_menu_link_color":"","ocean_menu_link_color_hover":"","ocean_menu_link_color_active":"","ocean_menu_link_background":"","ocean_menu_link_hover_background":"","ocean_menu_link_active_background":"","ocean_menu_social_links_bg":"","ocean_menu_social_hover_links_bg":"","ocean_menu_social_links_color":"","ocean_menu_social_hover_links_color":"","ocean_disable_title":"default","ocean_disable_heading":"default","ocean_post_title":"","ocean_post_subheading":"","ocean_post_title_style":"","ocean_post_title_background_color":"","ocean_post_title_background":0,"ocean_post_title_bg_image_position":"","ocean_post_title_bg_image_attachment":"","ocean_post_title_bg_image_repeat":"","ocean_post_title_bg_image_size":"","ocean_post_title_height":0,"ocean_post_title_bg_overlay":0.5,"ocean_post_title_bg_overlay_color":"","ocean_disable_breadcrumbs":"default","ocean_breadcrumbs_color":"","ocean_breadcrumbs_separator_color":"","ocean_breadcrumbs_links_color":"","ocean_breadcrumbs_links_hover_color":"","ocean_display_footer_widgets":"default","ocean_display_footer_bottom":"default","ocean_custom_footer_template":"0"},"product_brand":[],"product_cat":[1108],"product_tag":[968,972,973,969],"class_list":{"0":"post-2847","1":"product","2":"type-product","3":"status-publish","4":"has-post-thumbnail","6":"product_cat-compact-gen5-int-1-x","7":"product_tag-96554-d4571","8":"product_tag-compact-class-gen-5","9":"product_tag-int-1-x","10":"product_tag-kia-optima","12":"entry","13":"has-media","15":"first","16":"outofstock","17":"purchasable","18":"product-type-simple","19":"col","20":"span_1_of_4","21":"owp-content-center","22":"item-entry","23":"owp-thumbs-layout-horizontal","24":"owp-btn-normal","25":"owp-tabs-layout-horizontal"},"yoast_head":"<!-- This site is optimized with the Yoast SEO plugin v27.3 - https:\/\/yoast.com\/product\/yoast-seo-wordpress\/ -->\n<title>SD Karte Navigation KIA OPTIMA MJ2017 INT 1.X Compact Gen5 Europa 2023\/2024 - Navi-Express<\/title>\n<meta name=\"robots\" content=\"index, follow, max-snippet:-1, max-image-preview:large, max-video-preview:-1\" \/>\n<link rel=\"canonical\" href=\"https:\/\/www.navi-express.com\/en\/shop\/kia\/compact-gen5-int-1-x\/original-sd-karte-navigation-kia-optima-mj2017-int-1-x-compact-gen5-europa-2024-96554-d4571-32-gb\/\" \/>\n<meta property=\"og:locale\" content=\"en_US\" \/>\n<meta property=\"og:type\" content=\"article\" \/>\n<meta property=\"og:title\" content=\"SD Karte Navigation KIA OPTIMA MJ2017 INT 1.X Compact Gen5 Europa 2023\/2024 - Navi-Express\" \/>\n<meta property=\"og:description\" content=\"Original KIA SD Karte f\u00fcr den KIA OPTIMA mit Modelljahr 2017 und Navigationssystem Compact Class GEN 5 ( INT 1.X ) Europa Karten von 2023\/2024 &nbsp; AUSSCHLIESSLICH NUR geeignet f\u00fcr den KIA Optima mit Modelljahr 2017 Modelljahr 2017 = &#8222;H&#8220; an der 10. Stelle der Fahrzeugidentifikationsnummer (FIN) Sehen Sie auch bei den Bildern, ob Sie [&hellip;]\" \/>\n<meta property=\"og:url\" content=\"https:\/\/www.navi-express.com\/en\/shop\/kia\/compact-gen5-int-1-x\/original-sd-karte-navigation-kia-optima-mj2017-int-1-x-compact-gen5-europa-2024-96554-d4571-32-gb\/\" \/>\n<meta property=\"og:site_name\" content=\"Navi-Express\" \/>\n<meta property=\"article:modified_time\" content=\"2025-08-18T07:42:04+00:00\" \/>\n<meta property=\"og:image\" content=\"https:\/\/www.navi-express.com\/wp-content\/uploads\/2024\/10\/KIA-OPTIMA-SD-Karte-INT-1.X-Europa-32Gb-scaled.jpg\" \/>\n\t<meta property=\"og:image:width\" content=\"1920\" \/>\n\t<meta property=\"og:image:height\" content=\"2560\" \/>\n\t<meta property=\"og:image:type\" content=\"image\/jpeg\" \/>\n<meta name=\"twitter:card\" content=\"summary_large_image\" \/>\n<meta name=\"twitter:label1\" content=\"Est. reading time\" \/>\n\t<meta name=\"twitter:data1\" content=\"1 minute\" \/>\n<script type=\"application\/ld+json\" class=\"yoast-schema-graph\">{\"@context\":\"https:\\\/\\\/schema.org\",\"@graph\":[{\"@type\":\"WebPage\",\"@id\":\"https:\\\/\\\/www.navi-express.com\\\/shop\\\/kia\\\/compact-gen5-int-1-x\\\/original-sd-karte-navigation-kia-optima-mj2017-int-1-x-compact-gen5-europa-2024-96554-d4571-32-gb\\\/\",\"url\":\"https:\\\/\\\/www.navi-express.com\\\/shop\\\/kia\\\/compact-gen5-int-1-x\\\/original-sd-karte-navigation-kia-optima-mj2017-int-1-x-compact-gen5-europa-2024-96554-d4571-32-gb\\\/\",\"name\":\"SD Karte Navigation KIA OPTIMA MJ2017 INT 1.X Compact Gen5 Europa 2023\\\/2024 - Navi-Express\",\"isPartOf\":{\"@id\":\"https:\\\/\\\/www.navi-express.com\\\/#website\"},\"primaryImageOfPage\":{\"@id\":\"https:\\\/\\\/www.navi-express.com\\\/shop\\\/kia\\\/compact-gen5-int-1-x\\\/original-sd-karte-navigation-kia-optima-mj2017-int-1-x-compact-gen5-europa-2024-96554-d4571-32-gb\\\/#primaryimage\"},\"image\":{\"@id\":\"https:\\\/\\\/www.navi-express.com\\\/shop\\\/kia\\\/compact-gen5-int-1-x\\\/original-sd-karte-navigation-kia-optima-mj2017-int-1-x-compact-gen5-europa-2024-96554-d4571-32-gb\\\/#primaryimage\"},\"thumbnailUrl\":\"https:\\\/\\\/www.navi-express.com\\\/wp-content\\\/uploads\\\/2024\\\/10\\\/KIA-OPTIMA-SD-Karte-INT-1.X-Europa-32Gb-scaled.jpg\",\"datePublished\":\"2024-10-11T07:46:51+00:00\",\"dateModified\":\"2025-08-18T07:42:04+00:00\",\"breadcrumb\":{\"@id\":\"https:\\\/\\\/www.navi-express.com\\\/shop\\\/kia\\\/compact-gen5-int-1-x\\\/original-sd-karte-navigation-kia-optima-mj2017-int-1-x-compact-gen5-europa-2024-96554-d4571-32-gb\\\/#breadcrumb\"},\"inLanguage\":\"en-US\",\"potentialAction\":[{\"@type\":\"ReadAction\",\"target\":[\"https:\\\/\\\/www.navi-express.com\\\/shop\\\/kia\\\/compact-gen5-int-1-x\\\/original-sd-karte-navigation-kia-optima-mj2017-int-1-x-compact-gen5-europa-2024-96554-d4571-32-gb\\\/\"]}]},{\"@type\":\"ImageObject\",\"inLanguage\":\"en-US\",\"@id\":\"https:\\\/\\\/www.navi-express.com\\\/shop\\\/kia\\\/compact-gen5-int-1-x\\\/original-sd-karte-navigation-kia-optima-mj2017-int-1-x-compact-gen5-europa-2024-96554-d4571-32-gb\\\/#primaryimage\",\"url\":\"https:\\\/\\\/www.navi-express.com\\\/wp-content\\\/uploads\\\/2024\\\/10\\\/KIA-OPTIMA-SD-Karte-INT-1.X-Europa-32Gb-scaled.jpg\",\"contentUrl\":\"https:\\\/\\\/www.navi-express.com\\\/wp-content\\\/uploads\\\/2024\\\/10\\\/KIA-OPTIMA-SD-Karte-INT-1.X-Europa-32Gb-scaled.jpg\",\"width\":1920,\"height\":2560},{\"@type\":\"BreadcrumbList\",\"@id\":\"https:\\\/\\\/www.navi-express.com\\\/shop\\\/kia\\\/compact-gen5-int-1-x\\\/original-sd-karte-navigation-kia-optima-mj2017-int-1-x-compact-gen5-europa-2024-96554-d4571-32-gb\\\/#breadcrumb\",\"itemListElement\":[{\"@type\":\"ListItem\",\"position\":1,\"name\":\"Startseite\",\"item\":\"https:\\\/\\\/www.navi-express.com\\\/\"},{\"@type\":\"ListItem\",\"position\":2,\"name\":\"Shop\",\"item\":\"https:\\\/\\\/www.navi-express.com\\\/shop\\\/\"},{\"@type\":\"ListItem\",\"position\":3,\"name\":\"SD Karte Navigation KIA OPTIMA MJ2017 INT 1.X Compact Gen5 Europa 2023\\\/2024\"}]},{\"@type\":\"WebSite\",\"@id\":\"https:\\\/\\\/www.navi-express.com\\\/#website\",\"url\":\"https:\\\/\\\/www.navi-express.com\\\/\",\"name\":\"Navi-Express\",\"description\":\"Ihr Experte f\u00fcr Navigation\",\"publisher\":{\"@id\":\"https:\\\/\\\/www.navi-express.com\\\/#organization\"},\"alternateName\":\"NE\",\"potentialAction\":[{\"@type\":\"SearchAction\",\"target\":{\"@type\":\"EntryPoint\",\"urlTemplate\":\"https:\\\/\\\/www.navi-express.com\\\/?s={search_term_string}\"},\"query-input\":{\"@type\":\"PropertyValueSpecification\",\"valueRequired\":true,\"valueName\":\"search_term_string\"}}],\"inLanguage\":\"en-US\"},{\"@type\":\"Organization\",\"@id\":\"https:\\\/\\\/www.navi-express.com\\\/#organization\",\"name\":\"Navi-Express\",\"alternateName\":\"NE\",\"url\":\"https:\\\/\\\/www.navi-express.com\\\/\",\"logo\":{\"@type\":\"ImageObject\",\"inLanguage\":\"en-US\",\"@id\":\"https:\\\/\\\/www.navi-express.com\\\/#\\\/schema\\\/logo\\\/image\\\/\",\"url\":\"https:\\\/\\\/www.navi-express.com\\\/wp-content\\\/uploads\\\/2019\\\/03\\\/cropped-logo-transpbearb-1.png\",\"contentUrl\":\"https:\\\/\\\/www.navi-express.com\\\/wp-content\\\/uploads\\\/2019\\\/03\\\/cropped-logo-transpbearb-1.png\",\"width\":512,\"height\":512,\"caption\":\"Navi-Express\"},\"image\":{\"@id\":\"https:\\\/\\\/www.navi-express.com\\\/#\\\/schema\\\/logo\\\/image\\\/\"}}]}<\/script>\n<!-- \/ Yoast SEO plugin. -->","yoast_head_json":{"title":"SD Karte Navigation KIA OPTIMA MJ2017 INT 1.X Compact Gen5 Europa 2023\/2024 - Navi-Express","robots":{"index":"index","follow":"follow","max-snippet":"max-snippet:-1","max-image-preview":"max-image-preview:large","max-video-preview":"max-video-preview:-1"},"canonical":"https:\/\/www.navi-express.com\/en\/shop\/kia\/compact-gen5-int-1-x\/original-sd-karte-navigation-kia-optima-mj2017-int-1-x-compact-gen5-europa-2024-96554-d4571-32-gb\/","og_locale":"en_US","og_type":"article","og_title":"SD Karte Navigation KIA OPTIMA MJ2017 INT 1.X Compact Gen5 Europa 2023\/2024 - Navi-Express","og_description":"Original KIA SD Karte f\u00fcr den KIA OPTIMA mit Modelljahr 2017 und Navigationssystem Compact Class GEN 5 ( INT 1.X ) Europa Karten von 2023\/2024 &nbsp; AUSSCHLIESSLICH NUR geeignet f\u00fcr den KIA Optima mit Modelljahr 2017 Modelljahr 2017 = &#8222;H&#8220; an der 10. Stelle der Fahrzeugidentifikationsnummer (FIN) Sehen Sie auch bei den Bildern, ob Sie [&hellip;]","og_url":"https:\/\/www.navi-express.com\/en\/shop\/kia\/compact-gen5-int-1-x\/original-sd-karte-navigation-kia-optima-mj2017-int-1-x-compact-gen5-europa-2024-96554-d4571-32-gb\/","og_site_name":"Navi-Express","article_modified_time":"2025-08-18T07:42:04+00:00","og_image":[{"width":1920,"height":2560,"url":"https:\/\/www.navi-express.com\/wp-content\/uploads\/2024\/10\/KIA-OPTIMA-SD-Karte-INT-1.X-Europa-32Gb-scaled.jpg","type":"image\/jpeg"}],"twitter_card":"summary_large_image","twitter_misc":{"Est. reading time":"1 minute"},"schema":{"@context":"https:\/\/schema.org","@graph":[{"@type":"WebPage","@id":"https:\/\/www.navi-express.com\/shop\/kia\/compact-gen5-int-1-x\/original-sd-karte-navigation-kia-optima-mj2017-int-1-x-compact-gen5-europa-2024-96554-d4571-32-gb\/","url":"https:\/\/www.navi-express.com\/shop\/kia\/compact-gen5-int-1-x\/original-sd-karte-navigation-kia-optima-mj2017-int-1-x-compact-gen5-europa-2024-96554-d4571-32-gb\/","name":"SD Karte Navigation KIA OPTIMA MJ2017 INT 1.X Compact Gen5 Europa 2023\/2024 - Navi-Express","isPartOf":{"@id":"https:\/\/www.navi-express.com\/#website"},"primaryImageOfPage":{"@id":"https:\/\/www.navi-express.com\/shop\/kia\/compact-gen5-int-1-x\/original-sd-karte-navigation-kia-optima-mj2017-int-1-x-compact-gen5-europa-2024-96554-d4571-32-gb\/#primaryimage"},"image":{"@id":"https:\/\/www.navi-express.com\/shop\/kia\/compact-gen5-int-1-x\/original-sd-karte-navigation-kia-optima-mj2017-int-1-x-compact-gen5-europa-2024-96554-d4571-32-gb\/#primaryimage"},"thumbnailUrl":"https:\/\/www.navi-express.com\/wp-content\/uploads\/2024\/10\/KIA-OPTIMA-SD-Karte-INT-1.X-Europa-32Gb-scaled.jpg","datePublished":"2024-10-11T07:46:51+00:00","dateModified":"2025-08-18T07:42:04+00:00","breadcrumb":{"@id":"https:\/\/www.navi-express.com\/shop\/kia\/compact-gen5-int-1-x\/original-sd-karte-navigation-kia-optima-mj2017-int-1-x-compact-gen5-europa-2024-96554-d4571-32-gb\/#breadcrumb"},"inLanguage":"en-US","potentialAction":[{"@type":"ReadAction","target":["https:\/\/www.navi-express.com\/shop\/kia\/compact-gen5-int-1-x\/original-sd-karte-navigation-kia-optima-mj2017-int-1-x-compact-gen5-europa-2024-96554-d4571-32-gb\/"]}]},{"@type":"ImageObject","inLanguage":"en-US","@id":"https:\/\/www.navi-express.com\/shop\/kia\/compact-gen5-int-1-x\/original-sd-karte-navigation-kia-optima-mj2017-int-1-x-compact-gen5-europa-2024-96554-d4571-32-gb\/#primaryimage","url":"https:\/\/www.navi-express.com\/wp-content\/uploads\/2024\/10\/KIA-OPTIMA-SD-Karte-INT-1.X-Europa-32Gb-scaled.jpg","contentUrl":"https:\/\/www.navi-express.com\/wp-content\/uploads\/2024\/10\/KIA-OPTIMA-SD-Karte-INT-1.X-Europa-32Gb-scaled.jpg","width":1920,"height":2560},{"@type":"BreadcrumbList","@id":"https:\/\/www.navi-express.com\/shop\/kia\/compact-gen5-int-1-x\/original-sd-karte-navigation-kia-optima-mj2017-int-1-x-compact-gen5-europa-2024-96554-d4571-32-gb\/#breadcrumb","itemListElement":[{"@type":"ListItem","position":1,"name":"Startseite","item":"https:\/\/www.navi-express.com\/"},{"@type":"ListItem","position":2,"name":"Shop","item":"https:\/\/www.navi-express.com\/shop\/"},{"@type":"ListItem","position":3,"name":"SD Karte Navigation KIA OPTIMA MJ2017 INT 1.X Compact Gen5 Europa 2023\/2024"}]},{"@type":"WebSite","@id":"https:\/\/www.navi-express.com\/#website","url":"https:\/\/www.navi-express.com\/","name":"Navi-Express","description":"Ihr Experte f\u00fcr Navigation","publisher":{"@id":"https:\/\/www.navi-express.com\/#organization"},"alternateName":"NE","potentialAction":[{"@type":"SearchAction","target":{"@type":"EntryPoint","urlTemplate":"https:\/\/www.navi-express.com\/?s={search_term_string}"},"query-input":{"@type":"PropertyValueSpecification","valueRequired":true,"valueName":"search_term_string"}}],"inLanguage":"en-US"},{"@type":"Organization","@id":"https:\/\/www.navi-express.com\/#organization","name":"Navi-Express","alternateName":"NE","url":"https:\/\/www.navi-express.com\/","logo":{"@type":"ImageObject","inLanguage":"en-US","@id":"https:\/\/www.navi-express.com\/#\/schema\/logo\/image\/","url":"https:\/\/www.navi-express.com\/wp-content\/uploads\/2019\/03\/cropped-logo-transpbearb-1.png","contentUrl":"https:\/\/www.navi-express.com\/wp-content\/uploads\/2019\/03\/cropped-logo-transpbearb-1.png","width":512,"height":512,"caption":"Navi-Express"},"image":{"@id":"https:\/\/www.navi-express.com\/#\/schema\/logo\/image\/"}}]}},"_links":{"self":[{"href":"https:\/\/www.navi-express.com\/en\/wp-json\/wp\/v2\/product\/2847","targetHints":{"allow":["GET"]}}],"collection":[{"href":"https:\/\/www.navi-express.com\/en\/wp-json\/wp\/v2\/product"}],"about":[{"href":"https:\/\/www.navi-express.com\/en\/wp-json\/wp\/v2\/types\/product"}],"wp:featuredmedia":[{"embeddable":true,"href":"https:\/\/www.navi-express.com\/en\/wp-json\/wp\/v2\/media\/2848"}],"wp:attachment":[{"href":"https:\/\/www.navi-express.com\/en\/wp-json\/wp\/v2\/media?parent=2847"}],"wp:term":[{"taxonomy":"product_brand","embeddable":true,"href":"https:\/\/www.navi-express.com\/en\/wp-json\/wp\/v2\/product_brand?post=2847"},{"taxonomy":"product_cat","embeddable":true,"href":"https:\/\/www.navi-express.com\/en\/wp-json\/wp\/v2\/product_cat?post=2847"},{"taxonomy":"product_tag","embeddable":true,"href":"https:\/\/www.navi-express.com\/en\/wp-json\/wp\/v2\/product_tag?post=2847"}],"curies":[{"name":"wp","href":"https:\/\/api.w.org\/{rel}","templated":true}]}}