{"id":2854,"date":"2024-10-11T10:07:30","date_gmt":"2024-10-11T08:07:30","guid":{"rendered":"https:\/\/www.navi-express.com\/?post_type=product&#038;p=2854"},"modified":"2025-08-18T09:43:17","modified_gmt":"2025-08-18T07:43:17","slug":"original-sd-karte-navigation-kia-morning-picanto-mj2011-mj2018-compact-2-x-standard-gen2-europa-2024-96554-1y701","status":"publish","type":"product","link":"https:\/\/www.navi-express.com\/en\/shop\/kia\/standard-gen2-compact-2-x-kia\/original-sd-karte-navigation-kia-morning-picanto-mj2011-mj2018-compact-2-x-standard-gen2-europa-2024-96554-1y701\/","title":{"rendered":"Original SD Karte Navigation KIA MORNING PICANTO Compact 2.X Standard Gen2 Europa 2023\/2024 96554-1Y701"},"content":{"rendered":"<p style=\"text-align: left;\" align=\"center\"><b>Original\u00a0<\/b><b><span style=\"font-family: Arial;\">SD Karte f\u00fcr den KIA MORNING \/ PICANTO<\/span><\/b><\/p>\n<p style=\"text-align: left;\" align=\"center\"><b><span style=\"font-family: Arial;\">mit Navigationssystem Standard Class GEN2 \/ Compact 2.X<\/span><\/b><\/p>\n<p style=\"text-align: left;\" align=\"center\"><b>Europa Karten von 2023\/2024<\/b><\/p>\n<p>&nbsp;<\/p>\n<p style=\"text-align: left;\" align=\"center\"><strong><span style=\"color: #0000ff;\">Wie Ihr Navi und Men\u00fc aussehen muss, sehen Sie bei den weiteren Bildern<\/span><\/strong><\/p>\n<p align=\"center\">\n<p style=\"text-align: left;\" align=\"center\"><span style=\"color: #0000ff;\"><b>Falls Sie einen \u00e4lteren Softwarestand haben, kann sich nach dem Update das Men\u00fc und die Men\u00fcanzeige (optisch) \u00e4ndern<\/b><\/span><\/p>\n<p>&nbsp;<\/p>\n<p style=\"text-align: left;\" align=\"center\"><b>Bezeichnung\/Teilenummer:<\/b><\/p>\n<p style=\"text-align: left;\" align=\"center\"><b>MORNING<\/b><\/p>\n<p style=\"text-align: left;\" align=\"center\"><span style=\"font-family: Arial;\"><b>96554-1Y701<\/b><\/span><\/p>\n<p style=\"text-align: left;\" align=\"center\"><b>16GB<\/b><\/p>\n<p>____________________________________________________________________________________________________________________<\/p>\n<p><strong><span style=\"color: #000000;\"><u>Hersteller \/ EU verantwortliche Person:<\/u><\/span><\/strong><\/p>\n<p><strong><span style=\"color: #000000;\">KIA Deutschland GmbH<\/span><\/strong><\/p>\n<p><strong><span style=\"color: #000000;\">Theodor-Heuss-Allee 11<\/span><\/strong><\/p>\n<p><strong><span style=\"color: #000000;\">60486 Frankfurt<\/span><\/strong><\/p>\n<p><strong><span style=\"color: #000000;\">Deutschland<\/span><\/strong><\/p>\n<p><strong><span style=\"color: #000000;\">Tel.: 0800 777 30 44<\/span><\/strong><\/p>\n<p><strong><span style=\"color: #000000;\">E-Mail: info@kia.de<\/span><\/strong><\/p>","protected":false},"excerpt":{"rendered":"<p>Original\u00a0SD Karte f\u00fcr den KIA MORNING \/ PICANTO mit Navigationssystem Standard Class GEN2 \/ Compact 2.X Europa Karten von 2023\/2024 &nbsp; Wie Ihr Navi und Men\u00fc aussehen muss, sehen Sie bei den weiteren Bildern Falls Sie einen \u00e4lteren Softwarestand haben, kann sich nach dem Update das Men\u00fc und die Men\u00fcanzeige (optisch) \u00e4ndern &nbsp; Bezeichnung\/Teilenummer: MORNING [&hellip;]<\/p>\n","protected":false},"featured_media":2855,"template":"","meta":{"ocean_post_layout":"","ocean_both_sidebars_style":"","ocean_both_sidebars_content_width":0,"ocean_both_sidebars_sidebars_width":0,"ocean_sidebar":"0","ocean_second_sidebar":"0","ocean_disable_margins":"enable","ocean_add_body_class":"","ocean_shortcode_before_top_bar":"","ocean_shortcode_after_top_bar":"","ocean_shortcode_before_header":"","ocean_shortcode_after_header":"","ocean_has_shortcode":"","ocean_shortcode_after_title":"","ocean_shortcode_before_footer_widgets":"","ocean_shortcode_after_footer_widgets":"","ocean_shortcode_before_footer_bottom":"","ocean_shortcode_after_footer_bottom":"","ocean_display_top_bar":"default","ocean_display_header":"default","ocean_header_style":"","ocean_center_header_left_menu":"0","ocean_custom_header_template":"0","ocean_custom_logo":0,"ocean_custom_retina_logo":0,"ocean_custom_logo_max_width":0,"ocean_custom_logo_tablet_max_width":0,"ocean_custom_logo_mobile_max_width":0,"ocean_custom_logo_max_height":0,"ocean_custom_logo_tablet_max_height":0,"ocean_custom_logo_mobile_max_height":0,"ocean_header_custom_menu":"0","ocean_menu_typo_font_family":"0","ocean_menu_typo_font_subset":"","ocean_menu_typo_font_size":0,"ocean_menu_typo_font_size_tablet":0,"ocean_menu_typo_font_size_mobile":0,"ocean_menu_typo_font_size_unit":"px","ocean_menu_typo_font_weight":"","ocean_menu_typo_font_weight_tablet":"","ocean_menu_typo_font_weight_mobile":"","ocean_menu_typo_transform":"","ocean_menu_typo_transform_tablet":"","ocean_menu_typo_transform_mobile":"","ocean_menu_typo_line_height":0,"ocean_menu_typo_line_height_tablet":0,"ocean_menu_typo_line_height_mobile":0,"ocean_menu_typo_line_height_unit":"","ocean_menu_typo_spacing":0,"ocean_menu_typo_spacing_tablet":0,"ocean_menu_typo_spacing_mobile":0,"ocean_menu_typo_spacing_unit":"","ocean_menu_link_color":"","ocean_menu_link_color_hover":"","ocean_menu_link_color_active":"","ocean_menu_link_background":"","ocean_menu_link_hover_background":"","ocean_menu_link_active_background":"","ocean_menu_social_links_bg":"","ocean_menu_social_hover_links_bg":"","ocean_menu_social_links_color":"","ocean_menu_social_hover_links_color":"","ocean_disable_title":"default","ocean_disable_heading":"default","ocean_post_title":"","ocean_post_subheading":"","ocean_post_title_style":"","ocean_post_title_background_color":"","ocean_post_title_background":0,"ocean_post_title_bg_image_position":"","ocean_post_title_bg_image_attachment":"","ocean_post_title_bg_image_repeat":"","ocean_post_title_bg_image_size":"","ocean_post_title_height":0,"ocean_post_title_bg_overlay":0.5,"ocean_post_title_bg_overlay_color":"","ocean_disable_breadcrumbs":"default","ocean_breadcrumbs_color":"","ocean_breadcrumbs_separator_color":"","ocean_breadcrumbs_links_color":"","ocean_breadcrumbs_links_hover_color":"","ocean_display_footer_widgets":"default","ocean_display_footer_bottom":"default","ocean_custom_footer_template":"0"},"product_brand":[],"product_cat":[1110],"product_tag":[978,976,979,980,977],"class_list":{"0":"post-2854","1":"product","2":"type-product","3":"status-publish","4":"has-post-thumbnail","6":"product_cat-standard-gen2-compact-2-x-kia","7":"product_tag-96554-1y701","8":"product_tag-compact-2-x","9":"product_tag-kia-morning","10":"product_tag-kia-picanto","11":"product_tag-standard-gen2","13":"entry","14":"has-media","16":"first","17":"instock","18":"purchasable","19":"product-type-simple","20":"col","21":"span_1_of_4","22":"owp-content-center","23":"item-entry","24":"owp-thumbs-layout-horizontal","25":"owp-btn-normal","26":"owp-tabs-layout-horizontal"},"yoast_head":"<!-- This site is optimized with the Yoast SEO plugin v27.5 - https:\/\/yoast.com\/product\/yoast-seo-wordpress\/ -->\n<title>Original SD Karte Navigation KIA MORNING PICANTO Compact 2.X Standard Gen2 Europa 2023\/2024 96554-1Y701 - Navi-Express<\/title>\n<meta name=\"robots\" content=\"index, follow, max-snippet:-1, max-image-preview:large, max-video-preview:-1\" \/>\n<link rel=\"canonical\" href=\"https:\/\/www.navi-express.com\/en\/shop\/kia\/standard-gen2-compact-2-x-kia\/original-sd-karte-navigation-kia-morning-picanto-mj2011-mj2018-compact-2-x-standard-gen2-europa-2024-96554-1y701\/\" \/>\n<meta property=\"og:locale\" content=\"en_US\" \/>\n<meta property=\"og:type\" content=\"article\" \/>\n<meta property=\"og:title\" content=\"Original SD Karte Navigation KIA MORNING PICANTO Compact 2.X Standard Gen2 Europa 2023\/2024 96554-1Y701 - Navi-Express\" \/>\n<meta property=\"og:description\" content=\"Original\u00a0SD Karte f\u00fcr den KIA MORNING \/ PICANTO mit Navigationssystem Standard Class GEN2 \/ Compact 2.X Europa Karten von 2023\/2024 &nbsp; Wie Ihr Navi und Men\u00fc aussehen muss, sehen Sie bei den weiteren Bildern Falls Sie einen \u00e4lteren Softwarestand haben, kann sich nach dem Update das Men\u00fc und die Men\u00fcanzeige (optisch) \u00e4ndern &nbsp; Bezeichnung\/Teilenummer: MORNING [&hellip;]\" \/>\n<meta property=\"og:url\" content=\"https:\/\/www.navi-express.com\/en\/shop\/kia\/standard-gen2-compact-2-x-kia\/original-sd-karte-navigation-kia-morning-picanto-mj2011-mj2018-compact-2-x-standard-gen2-europa-2024-96554-1y701\/\" \/>\n<meta property=\"og:site_name\" content=\"Navi-Express\" \/>\n<meta property=\"article:modified_time\" content=\"2025-08-18T07:43:17+00:00\" \/>\n<meta property=\"og:image\" content=\"https:\/\/www.navi-express.com\/wp-content\/uploads\/2024\/10\/KIA-MORNING-PICANTO-SD-KARTE-Compact-2.X-Europa-16GB-scaled.jpg\" \/>\n\t<meta property=\"og:image:width\" content=\"1920\" \/>\n\t<meta property=\"og:image:height\" content=\"2560\" \/>\n\t<meta property=\"og:image:type\" content=\"image\/jpeg\" \/>\n<meta name=\"twitter:card\" content=\"summary_large_image\" \/>\n<meta name=\"twitter:label1\" content=\"Est. reading time\" \/>\n\t<meta name=\"twitter:data1\" content=\"1 minute\" \/>\n<script type=\"application\/ld+json\" class=\"yoast-schema-graph\">{\"@context\":\"https:\\\/\\\/schema.org\",\"@graph\":[{\"@type\":\"WebPage\",\"@id\":\"https:\\\/\\\/www.navi-express.com\\\/shop\\\/kia\\\/standard-gen2-compact-2-x-kia\\\/original-sd-karte-navigation-kia-morning-picanto-mj2011-mj2018-compact-2-x-standard-gen2-europa-2024-96554-1y701\\\/\",\"url\":\"https:\\\/\\\/www.navi-express.com\\\/shop\\\/kia\\\/standard-gen2-compact-2-x-kia\\\/original-sd-karte-navigation-kia-morning-picanto-mj2011-mj2018-compact-2-x-standard-gen2-europa-2024-96554-1y701\\\/\",\"name\":\"Original SD Karte Navigation KIA MORNING PICANTO Compact 2.X Standard Gen2 Europa 2023\\\/2024 96554-1Y701 - Navi-Express\",\"isPartOf\":{\"@id\":\"https:\\\/\\\/www.navi-express.com\\\/#website\"},\"primaryImageOfPage\":{\"@id\":\"https:\\\/\\\/www.navi-express.com\\\/shop\\\/kia\\\/standard-gen2-compact-2-x-kia\\\/original-sd-karte-navigation-kia-morning-picanto-mj2011-mj2018-compact-2-x-standard-gen2-europa-2024-96554-1y701\\\/#primaryimage\"},\"image\":{\"@id\":\"https:\\\/\\\/www.navi-express.com\\\/shop\\\/kia\\\/standard-gen2-compact-2-x-kia\\\/original-sd-karte-navigation-kia-morning-picanto-mj2011-mj2018-compact-2-x-standard-gen2-europa-2024-96554-1y701\\\/#primaryimage\"},\"thumbnailUrl\":\"https:\\\/\\\/www.navi-express.com\\\/wp-content\\\/uploads\\\/2024\\\/10\\\/KIA-MORNING-PICANTO-SD-KARTE-Compact-2.X-Europa-16GB-scaled.jpg\",\"datePublished\":\"2024-10-11T08:07:30+00:00\",\"dateModified\":\"2025-08-18T07:43:17+00:00\",\"breadcrumb\":{\"@id\":\"https:\\\/\\\/www.navi-express.com\\\/shop\\\/kia\\\/standard-gen2-compact-2-x-kia\\\/original-sd-karte-navigation-kia-morning-picanto-mj2011-mj2018-compact-2-x-standard-gen2-europa-2024-96554-1y701\\\/#breadcrumb\"},\"inLanguage\":\"en-US\",\"potentialAction\":[{\"@type\":\"ReadAction\",\"target\":[\"https:\\\/\\\/www.navi-express.com\\\/shop\\\/kia\\\/standard-gen2-compact-2-x-kia\\\/original-sd-karte-navigation-kia-morning-picanto-mj2011-mj2018-compact-2-x-standard-gen2-europa-2024-96554-1y701\\\/\"]}]},{\"@type\":\"ImageObject\",\"inLanguage\":\"en-US\",\"@id\":\"https:\\\/\\\/www.navi-express.com\\\/shop\\\/kia\\\/standard-gen2-compact-2-x-kia\\\/original-sd-karte-navigation-kia-morning-picanto-mj2011-mj2018-compact-2-x-standard-gen2-europa-2024-96554-1y701\\\/#primaryimage\",\"url\":\"https:\\\/\\\/www.navi-express.com\\\/wp-content\\\/uploads\\\/2024\\\/10\\\/KIA-MORNING-PICANTO-SD-KARTE-Compact-2.X-Europa-16GB-scaled.jpg\",\"contentUrl\":\"https:\\\/\\\/www.navi-express.com\\\/wp-content\\\/uploads\\\/2024\\\/10\\\/KIA-MORNING-PICANTO-SD-KARTE-Compact-2.X-Europa-16GB-scaled.jpg\",\"width\":1920,\"height\":2560},{\"@type\":\"BreadcrumbList\",\"@id\":\"https:\\\/\\\/www.navi-express.com\\\/shop\\\/kia\\\/standard-gen2-compact-2-x-kia\\\/original-sd-karte-navigation-kia-morning-picanto-mj2011-mj2018-compact-2-x-standard-gen2-europa-2024-96554-1y701\\\/#breadcrumb\",\"itemListElement\":[{\"@type\":\"ListItem\",\"position\":1,\"name\":\"Startseite\",\"item\":\"https:\\\/\\\/www.navi-express.com\\\/\"},{\"@type\":\"ListItem\",\"position\":2,\"name\":\"Shop\",\"item\":\"https:\\\/\\\/www.navi-express.com\\\/shop\\\/\"},{\"@type\":\"ListItem\",\"position\":3,\"name\":\"Original SD Karte Navigation KIA MORNING PICANTO Compact 2.X Standard Gen2 Europa 2023\\\/2024 96554-1Y701\"}]},{\"@type\":\"WebSite\",\"@id\":\"https:\\\/\\\/www.navi-express.com\\\/#website\",\"url\":\"https:\\\/\\\/www.navi-express.com\\\/\",\"name\":\"Navi-Express\",\"description\":\"Ihr Experte f\u00fcr Navigation\",\"publisher\":{\"@id\":\"https:\\\/\\\/www.navi-express.com\\\/#organization\"},\"alternateName\":\"NE\",\"potentialAction\":[{\"@type\":\"SearchAction\",\"target\":{\"@type\":\"EntryPoint\",\"urlTemplate\":\"https:\\\/\\\/www.navi-express.com\\\/?s={search_term_string}\"},\"query-input\":{\"@type\":\"PropertyValueSpecification\",\"valueRequired\":true,\"valueName\":\"search_term_string\"}}],\"inLanguage\":\"en-US\"},{\"@type\":\"Organization\",\"@id\":\"https:\\\/\\\/www.navi-express.com\\\/#organization\",\"name\":\"Navi-Express\",\"alternateName\":\"NE\",\"url\":\"https:\\\/\\\/www.navi-express.com\\\/\",\"logo\":{\"@type\":\"ImageObject\",\"inLanguage\":\"en-US\",\"@id\":\"https:\\\/\\\/www.navi-express.com\\\/#\\\/schema\\\/logo\\\/image\\\/\",\"url\":\"https:\\\/\\\/www.navi-express.com\\\/wp-content\\\/uploads\\\/2019\\\/03\\\/cropped-logo-transpbearb-1.png\",\"contentUrl\":\"https:\\\/\\\/www.navi-express.com\\\/wp-content\\\/uploads\\\/2019\\\/03\\\/cropped-logo-transpbearb-1.png\",\"width\":512,\"height\":512,\"caption\":\"Navi-Express\"},\"image\":{\"@id\":\"https:\\\/\\\/www.navi-express.com\\\/#\\\/schema\\\/logo\\\/image\\\/\"}}]}<\/script>\n<!-- \/ Yoast SEO plugin. -->","yoast_head_json":{"title":"Original SD Karte Navigation KIA MORNING PICANTO Compact 2.X Standard Gen2 Europa 2023\/2024 96554-1Y701 - Navi-Express","robots":{"index":"index","follow":"follow","max-snippet":"max-snippet:-1","max-image-preview":"max-image-preview:large","max-video-preview":"max-video-preview:-1"},"canonical":"https:\/\/www.navi-express.com\/en\/shop\/kia\/standard-gen2-compact-2-x-kia\/original-sd-karte-navigation-kia-morning-picanto-mj2011-mj2018-compact-2-x-standard-gen2-europa-2024-96554-1y701\/","og_locale":"en_US","og_type":"article","og_title":"Original SD Karte Navigation KIA MORNING PICANTO Compact 2.X Standard Gen2 Europa 2023\/2024 96554-1Y701 - Navi-Express","og_description":"Original\u00a0SD Karte f\u00fcr den KIA MORNING \/ PICANTO mit Navigationssystem Standard Class GEN2 \/ Compact 2.X Europa Karten von 2023\/2024 &nbsp; Wie Ihr Navi und Men\u00fc aussehen muss, sehen Sie bei den weiteren Bildern Falls Sie einen \u00e4lteren Softwarestand haben, kann sich nach dem Update das Men\u00fc und die Men\u00fcanzeige (optisch) \u00e4ndern &nbsp; Bezeichnung\/Teilenummer: MORNING [&hellip;]","og_url":"https:\/\/www.navi-express.com\/en\/shop\/kia\/standard-gen2-compact-2-x-kia\/original-sd-karte-navigation-kia-morning-picanto-mj2011-mj2018-compact-2-x-standard-gen2-europa-2024-96554-1y701\/","og_site_name":"Navi-Express","article_modified_time":"2025-08-18T07:43:17+00:00","og_image":[{"width":1920,"height":2560,"url":"https:\/\/www.navi-express.com\/wp-content\/uploads\/2024\/10\/KIA-MORNING-PICANTO-SD-KARTE-Compact-2.X-Europa-16GB-scaled.jpg","type":"image\/jpeg"}],"twitter_card":"summary_large_image","twitter_misc":{"Est. reading time":"1 minute"},"schema":{"@context":"https:\/\/schema.org","@graph":[{"@type":"WebPage","@id":"https:\/\/www.navi-express.com\/shop\/kia\/standard-gen2-compact-2-x-kia\/original-sd-karte-navigation-kia-morning-picanto-mj2011-mj2018-compact-2-x-standard-gen2-europa-2024-96554-1y701\/","url":"https:\/\/www.navi-express.com\/shop\/kia\/standard-gen2-compact-2-x-kia\/original-sd-karte-navigation-kia-morning-picanto-mj2011-mj2018-compact-2-x-standard-gen2-europa-2024-96554-1y701\/","name":"Original SD Karte Navigation KIA MORNING PICANTO Compact 2.X Standard Gen2 Europa 2023\/2024 96554-1Y701 - Navi-Express","isPartOf":{"@id":"https:\/\/www.navi-express.com\/#website"},"primaryImageOfPage":{"@id":"https:\/\/www.navi-express.com\/shop\/kia\/standard-gen2-compact-2-x-kia\/original-sd-karte-navigation-kia-morning-picanto-mj2011-mj2018-compact-2-x-standard-gen2-europa-2024-96554-1y701\/#primaryimage"},"image":{"@id":"https:\/\/www.navi-express.com\/shop\/kia\/standard-gen2-compact-2-x-kia\/original-sd-karte-navigation-kia-morning-picanto-mj2011-mj2018-compact-2-x-standard-gen2-europa-2024-96554-1y701\/#primaryimage"},"thumbnailUrl":"https:\/\/www.navi-express.com\/wp-content\/uploads\/2024\/10\/KIA-MORNING-PICANTO-SD-KARTE-Compact-2.X-Europa-16GB-scaled.jpg","datePublished":"2024-10-11T08:07:30+00:00","dateModified":"2025-08-18T07:43:17+00:00","breadcrumb":{"@id":"https:\/\/www.navi-express.com\/shop\/kia\/standard-gen2-compact-2-x-kia\/original-sd-karte-navigation-kia-morning-picanto-mj2011-mj2018-compact-2-x-standard-gen2-europa-2024-96554-1y701\/#breadcrumb"},"inLanguage":"en-US","potentialAction":[{"@type":"ReadAction","target":["https:\/\/www.navi-express.com\/shop\/kia\/standard-gen2-compact-2-x-kia\/original-sd-karte-navigation-kia-morning-picanto-mj2011-mj2018-compact-2-x-standard-gen2-europa-2024-96554-1y701\/"]}]},{"@type":"ImageObject","inLanguage":"en-US","@id":"https:\/\/www.navi-express.com\/shop\/kia\/standard-gen2-compact-2-x-kia\/original-sd-karte-navigation-kia-morning-picanto-mj2011-mj2018-compact-2-x-standard-gen2-europa-2024-96554-1y701\/#primaryimage","url":"https:\/\/www.navi-express.com\/wp-content\/uploads\/2024\/10\/KIA-MORNING-PICANTO-SD-KARTE-Compact-2.X-Europa-16GB-scaled.jpg","contentUrl":"https:\/\/www.navi-express.com\/wp-content\/uploads\/2024\/10\/KIA-MORNING-PICANTO-SD-KARTE-Compact-2.X-Europa-16GB-scaled.jpg","width":1920,"height":2560},{"@type":"BreadcrumbList","@id":"https:\/\/www.navi-express.com\/shop\/kia\/standard-gen2-compact-2-x-kia\/original-sd-karte-navigation-kia-morning-picanto-mj2011-mj2018-compact-2-x-standard-gen2-europa-2024-96554-1y701\/#breadcrumb","itemListElement":[{"@type":"ListItem","position":1,"name":"Startseite","item":"https:\/\/www.navi-express.com\/"},{"@type":"ListItem","position":2,"name":"Shop","item":"https:\/\/www.navi-express.com\/shop\/"},{"@type":"ListItem","position":3,"name":"Original SD Karte Navigation KIA MORNING PICANTO Compact 2.X Standard Gen2 Europa 2023\/2024 96554-1Y701"}]},{"@type":"WebSite","@id":"https:\/\/www.navi-express.com\/#website","url":"https:\/\/www.navi-express.com\/","name":"Navi-Express","description":"Ihr Experte f\u00fcr Navigation","publisher":{"@id":"https:\/\/www.navi-express.com\/#organization"},"alternateName":"NE","potentialAction":[{"@type":"SearchAction","target":{"@type":"EntryPoint","urlTemplate":"https:\/\/www.navi-express.com\/?s={search_term_string}"},"query-input":{"@type":"PropertyValueSpecification","valueRequired":true,"valueName":"search_term_string"}}],"inLanguage":"en-US"},{"@type":"Organization","@id":"https:\/\/www.navi-express.com\/#organization","name":"Navi-Express","alternateName":"NE","url":"https:\/\/www.navi-express.com\/","logo":{"@type":"ImageObject","inLanguage":"en-US","@id":"https:\/\/www.navi-express.com\/#\/schema\/logo\/image\/","url":"https:\/\/www.navi-express.com\/wp-content\/uploads\/2019\/03\/cropped-logo-transpbearb-1.png","contentUrl":"https:\/\/www.navi-express.com\/wp-content\/uploads\/2019\/03\/cropped-logo-transpbearb-1.png","width":512,"height":512,"caption":"Navi-Express"},"image":{"@id":"https:\/\/www.navi-express.com\/#\/schema\/logo\/image\/"}}]}},"_links":{"self":[{"href":"https:\/\/www.navi-express.com\/en\/wp-json\/wp\/v2\/product\/2854","targetHints":{"allow":["GET"]}}],"collection":[{"href":"https:\/\/www.navi-express.com\/en\/wp-json\/wp\/v2\/product"}],"about":[{"href":"https:\/\/www.navi-express.com\/en\/wp-json\/wp\/v2\/types\/product"}],"wp:featuredmedia":[{"embeddable":true,"href":"https:\/\/www.navi-express.com\/en\/wp-json\/wp\/v2\/media\/2855"}],"wp:attachment":[{"href":"https:\/\/www.navi-express.com\/en\/wp-json\/wp\/v2\/media?parent=2854"}],"wp:term":[{"taxonomy":"product_brand","embeddable":true,"href":"https:\/\/www.navi-express.com\/en\/wp-json\/wp\/v2\/product_brand?post=2854"},{"taxonomy":"product_cat","embeddable":true,"href":"https:\/\/www.navi-express.com\/en\/wp-json\/wp\/v2\/product_cat?post=2854"},{"taxonomy":"product_tag","embeddable":true,"href":"https:\/\/www.navi-express.com\/en\/wp-json\/wp\/v2\/product_tag?post=2854"}],"curies":[{"name":"wp","href":"https:\/\/api.w.org\/{rel}","templated":true}]}}