{"id":2909,"date":"2024-10-19T13:35:32","date_gmt":"2024-10-19T11:35:32","guid":{"rendered":"https:\/\/www.navi-express.com\/?post_type=product&#038;p=2909"},"modified":"2024-12-14T20:11:24","modified_gmt":"2024-12-14T19:11:24","slug":"original-tomtom-aktiv-magnethalterung-mit-ladekabel-fuer-go-500-5000-510-600-6000-610-6100-9uub-001-28","status":"publish","type":"product","link":"https:\/\/www.navi-express.com\/en\/shop\/tomtom\/zubehoer\/original-tomtom-aktiv-magnethalterung-mit-ladekabel-fuer-go-500-5000-510-600-6000-610-6100-9uub-001-28\/","title":{"rendered":"Original TomTom Aktiv Magnethalterung mit Ladekabel f\u00fcr GO 500 5000 510 5100 600 6000 610 6100 9UUB.001.28"},"content":{"rendered":"<p><span style=\"color: #000000;\"><strong>Originale TomTom Aktiv Magnet Halterung mit Saugnapf<\/strong><\/span><\/p>\n<p><span style=\"color: #000000;\"><strong>inklusive Ladekabel und Schnell-Ladeger\u00e4t f\u00fcr Zigarettenanz\u00fcnder (kein integrierter TMC-Stau Empf\u00e4nger)<\/strong><\/span><\/p>\n<p><strong><span style=\"color: #000000;\">Artikel in gutem Zustand<\/span><\/strong><\/p>\n<p><strong><span style=\"color: #000000;\">Teilenummer 9UUB.001.28<\/span><\/strong><\/p>\n<p>&nbsp;<\/p>\n<blockquote><p><strong><span style=\"color: #000000;\">Als Ersatz \/Austausch f\u00fcr eine defekte oder fehlende Halterung<\/span><\/strong><\/p>\n<p><strong><span style=\"color: #000000;\">Nicht mehr erh\u00e4ltlich bei TomTom !<\/span><\/strong><\/p><\/blockquote>\n<p>&nbsp;<\/p>\n<p><strong><span style=\"color: #000000;\"><u>Geeignet f\u00fcr folgende TomTom Ger\u00e4te:<\/u><\/span><\/strong><\/p>\n<ul>\n<li><strong><span style=\"color: #000000;\">TomTom GO 500<\/span><\/strong><\/li>\n<li><strong><span style=\"color: #000000;\">TomTom GO 5000<\/span><\/strong><\/li>\n<li><strong><span style=\"color: #000000;\">TomTom GO 510<\/span><\/strong><\/li>\n<li><strong><span style=\"color: #000000;\">TomTom GO 5100<\/span><\/strong><\/li>\n<li><strong><span style=\"color: #000000;\">TomTom GO 600<\/span><\/strong><\/li>\n<li><strong><span style=\"color: #000000;\">TomTom GO 6000<\/span><\/strong><\/li>\n<li><strong><span style=\"color: #000000;\">TomTom GO 610<\/span><\/strong><\/li>\n<li><strong><span style=\"color: #000000;\">TomTom GO 6100<\/span><\/strong><\/li>\n<li><strong><span style=\"color: #000000;\">Trucker 500<\/span><\/strong><\/li>\n<li><strong><span style=\"color: #000000;\">Trucker 5000<\/span><\/strong><\/li>\n<li><strong><span style=\"color: #000000;\">Trucker 6000<\/span><\/strong><\/li>\n<\/ul>\n<p>&nbsp;<\/p>\n<p><strong><span style=\"color: #000000;\">&#8211;&gt; Nicht geeignet f\u00fcr 7 Zoll Ger\u00e4te oder andere TomTom Ger\u00e4te<\/span><\/strong><\/p>\n<p><span style=\"color: #000000;\"><strong>&#8211;&gt; Kein TMC-Empf\u00e4nger<\/strong><\/span><\/p>\n<p><strong><span style=\"color: #000000;\">&#8211;&gt; Bei Versand in ein NICHT-EU-Land fallen f\u00fcr den K\u00e4ufer zus\u00e4tzliche Kosten an<\/span><\/strong><\/p>\n<p>&nbsp;<\/p>\n<p>____________________________________________________________________________________________________________________<\/p>\n<p><strong><span style=\"color: #000000;\"><u>Hersteller \/ EU verantwortliche Person:<\/u><\/span><\/strong><\/p>\n<p><strong><span style=\"color: #000000;\">TomTom N.V.<\/span><\/strong><\/p>\n<p><strong><span style=\"color: #000000;\">De Ruijterkade 154<\/span><\/strong><\/p>\n<p><strong><span style=\"color: #000000;\">1011 AC Amsterdam<\/span><\/strong><\/p>\n<p><strong><span style=\"color: #000000;\">The Netherlands<\/span><\/strong><\/p>\n<p><strong><span style=\"color: #000000;\">Tel.: +31 20-757-5000<\/span><\/strong><\/p>\n<p><strong><span style=\"color: #000000;\">E-Mail: IR@tomtom.com<\/span><\/strong><\/p>\n<p>&nbsp;<\/p>","protected":false},"excerpt":{"rendered":"<p>Originale TomTom Aktiv Magnet Halterung mit Saugnapf inklusive Ladekabel und Schnell-Ladeger\u00e4t f\u00fcr Zigarettenanz\u00fcnder (kein integrierter TMC-Stau Empf\u00e4nger) Artikel in gutem Zustand Teilenummer 9UUB.001.28 &nbsp; Als Ersatz \/Austausch f\u00fcr eine defekte oder fehlende Halterung Nicht mehr erh\u00e4ltlich bei TomTom ! &nbsp; Geeignet f\u00fcr folgende TomTom Ger\u00e4te: TomTom GO 500 TomTom GO 5000 TomTom GO 510 TomTom [&hellip;]<\/p>\n","protected":false},"featured_media":3122,"template":"","meta":{"ocean_post_layout":"","ocean_both_sidebars_style":"","ocean_both_sidebars_content_width":0,"ocean_both_sidebars_sidebars_width":0,"ocean_sidebar":"0","ocean_second_sidebar":"0","ocean_disable_margins":"enable","ocean_add_body_class":"","ocean_shortcode_before_top_bar":"","ocean_shortcode_after_top_bar":"","ocean_shortcode_before_header":"","ocean_shortcode_after_header":"","ocean_has_shortcode":"","ocean_shortcode_after_title":"","ocean_shortcode_before_footer_widgets":"","ocean_shortcode_after_footer_widgets":"","ocean_shortcode_before_footer_bottom":"","ocean_shortcode_after_footer_bottom":"","ocean_display_top_bar":"default","ocean_display_header":"default","ocean_header_style":"","ocean_center_header_left_menu":"0","ocean_custom_header_template":"0","ocean_custom_logo":0,"ocean_custom_retina_logo":0,"ocean_custom_logo_max_width":0,"ocean_custom_logo_tablet_max_width":0,"ocean_custom_logo_mobile_max_width":0,"ocean_custom_logo_max_height":0,"ocean_custom_logo_tablet_max_height":0,"ocean_custom_logo_mobile_max_height":0,"ocean_header_custom_menu":"0","ocean_menu_typo_font_family":"0","ocean_menu_typo_font_subset":"","ocean_menu_typo_font_size":0,"ocean_menu_typo_font_size_tablet":0,"ocean_menu_typo_font_size_mobile":0,"ocean_menu_typo_font_size_unit":"px","ocean_menu_typo_font_weight":"","ocean_menu_typo_font_weight_tablet":"","ocean_menu_typo_font_weight_mobile":"","ocean_menu_typo_transform":"","ocean_menu_typo_transform_tablet":"","ocean_menu_typo_transform_mobile":"","ocean_menu_typo_line_height":0,"ocean_menu_typo_line_height_tablet":0,"ocean_menu_typo_line_height_mobile":0,"ocean_menu_typo_line_height_unit":"","ocean_menu_typo_spacing":0,"ocean_menu_typo_spacing_tablet":0,"ocean_menu_typo_spacing_mobile":0,"ocean_menu_typo_spacing_unit":"","ocean_menu_link_color":"","ocean_menu_link_color_hover":"","ocean_menu_link_color_active":"","ocean_menu_link_background":"","ocean_menu_link_hover_background":"","ocean_menu_link_active_background":"","ocean_menu_social_links_bg":"","ocean_menu_social_hover_links_bg":"","ocean_menu_social_links_color":"","ocean_menu_social_hover_links_color":"","ocean_disable_title":"default","ocean_disable_heading":"default","ocean_post_title":"","ocean_post_subheading":"","ocean_post_title_style":"","ocean_post_title_background_color":"","ocean_post_title_background":0,"ocean_post_title_bg_image_position":"","ocean_post_title_bg_image_attachment":"","ocean_post_title_bg_image_repeat":"","ocean_post_title_bg_image_size":"","ocean_post_title_height":0,"ocean_post_title_bg_overlay":0.5,"ocean_post_title_bg_overlay_color":"","ocean_disable_breadcrumbs":"default","ocean_breadcrumbs_color":"","ocean_breadcrumbs_separator_color":"","ocean_breadcrumbs_links_color":"","ocean_breadcrumbs_links_hover_color":"","ocean_display_footer_widgets":"default","ocean_display_footer_bottom":"default","ocean_custom_footer_template":"0"},"product_brand":[],"product_cat":[639],"product_tag":[926,642,652,1052,653,1053,654,876,655,877,1051,641],"class_list":{"0":"post-2909","1":"product","2":"type-product","3":"status-publish","4":"has-post-thumbnail","6":"product_cat-zubehoer","7":"product_tag-9uub-001-28","8":"product_tag-aktiv-magnethalterung","9":"product_tag-go-500","10":"product_tag-go-5000","11":"product_tag-go-510","12":"product_tag-go-5100","13":"product_tag-go-600","14":"product_tag-go-6000","15":"product_tag-go-610","16":"product_tag-go-6100","17":"product_tag-saugnapfhalterung","18":"product_tag-tomtom","20":"entry","21":"has-media","23":"first","24":"outofstock","25":"purchasable","26":"product-type-simple","27":"col","28":"span_1_of_4","29":"owp-content-center","30":"item-entry","31":"owp-thumbs-layout-horizontal","32":"owp-btn-normal","33":"owp-tabs-layout-horizontal","34":"has-no-thumbnails"},"yoast_head":"<!-- This site is optimized with the Yoast SEO plugin v27.4 - https:\/\/yoast.com\/product\/yoast-seo-wordpress\/ -->\n<title>Original TomTom Aktiv Magnethalterung mit Ladekabel f\u00fcr GO 500 5000 510 5100 600 6000 610 6100 9UUB.001.28 - Navi-Express<\/title>\n<meta name=\"robots\" content=\"index, follow, max-snippet:-1, max-image-preview:large, max-video-preview:-1\" \/>\n<link rel=\"canonical\" href=\"https:\/\/www.navi-express.com\/en\/shop\/tomtom\/zubehoer\/original-tomtom-aktiv-magnethalterung-mit-ladekabel-fuer-go-500-5000-510-600-6000-610-6100-9uub-001-28\/\" \/>\n<meta property=\"og:locale\" content=\"en_US\" \/>\n<meta property=\"og:type\" content=\"article\" \/>\n<meta property=\"og:title\" content=\"Original TomTom Aktiv Magnethalterung mit Ladekabel f\u00fcr GO 500 5000 510 5100 600 6000 610 6100 9UUB.001.28 - Navi-Express\" \/>\n<meta property=\"og:description\" content=\"Originale TomTom Aktiv Magnet Halterung mit Saugnapf inklusive Ladekabel und Schnell-Ladeger\u00e4t f\u00fcr Zigarettenanz\u00fcnder (kein integrierter TMC-Stau Empf\u00e4nger) Artikel in gutem Zustand Teilenummer 9UUB.001.28 &nbsp; Als Ersatz \/Austausch f\u00fcr eine defekte oder fehlende Halterung Nicht mehr erh\u00e4ltlich bei TomTom ! &nbsp; Geeignet f\u00fcr folgende TomTom Ger\u00e4te: TomTom GO 500 TomTom GO 5000 TomTom GO 510 TomTom [&hellip;]\" \/>\n<meta property=\"og:url\" content=\"https:\/\/www.navi-express.com\/en\/shop\/tomtom\/zubehoer\/original-tomtom-aktiv-magnethalterung-mit-ladekabel-fuer-go-500-5000-510-600-6000-610-6100-9uub-001-28\/\" \/>\n<meta property=\"og:site_name\" content=\"Navi-Express\" \/>\n<meta property=\"article:modified_time\" content=\"2024-12-14T19:11:24+00:00\" \/>\n<meta property=\"og:image\" content=\"https:\/\/www.navi-express.com\/wp-content\/uploads\/2024\/10\/IMG_20241207_130032-scaled.jpg\" \/>\n\t<meta property=\"og:image:width\" content=\"2560\" \/>\n\t<meta property=\"og:image:height\" content=\"1920\" \/>\n\t<meta property=\"og:image:type\" content=\"image\/jpeg\" \/>\n<meta name=\"twitter:card\" content=\"summary_large_image\" \/>\n<meta name=\"twitter:label1\" content=\"Est. reading time\" \/>\n\t<meta name=\"twitter:data1\" content=\"1 minute\" \/>\n<script type=\"application\/ld+json\" class=\"yoast-schema-graph\">{\"@context\":\"https:\\\/\\\/schema.org\",\"@graph\":[{\"@type\":\"WebPage\",\"@id\":\"https:\\\/\\\/www.navi-express.com\\\/shop\\\/tomtom\\\/zubehoer\\\/original-tomtom-aktiv-magnethalterung-mit-ladekabel-fuer-go-500-5000-510-600-6000-610-6100-9uub-001-28\\\/\",\"url\":\"https:\\\/\\\/www.navi-express.com\\\/shop\\\/tomtom\\\/zubehoer\\\/original-tomtom-aktiv-magnethalterung-mit-ladekabel-fuer-go-500-5000-510-600-6000-610-6100-9uub-001-28\\\/\",\"name\":\"Original TomTom Aktiv Magnethalterung mit Ladekabel f\u00fcr GO 500 5000 510 5100 600 6000 610 6100 9UUB.001.28 - Navi-Express\",\"isPartOf\":{\"@id\":\"https:\\\/\\\/www.navi-express.com\\\/#website\"},\"primaryImageOfPage\":{\"@id\":\"https:\\\/\\\/www.navi-express.com\\\/shop\\\/tomtom\\\/zubehoer\\\/original-tomtom-aktiv-magnethalterung-mit-ladekabel-fuer-go-500-5000-510-600-6000-610-6100-9uub-001-28\\\/#primaryimage\"},\"image\":{\"@id\":\"https:\\\/\\\/www.navi-express.com\\\/shop\\\/tomtom\\\/zubehoer\\\/original-tomtom-aktiv-magnethalterung-mit-ladekabel-fuer-go-500-5000-510-600-6000-610-6100-9uub-001-28\\\/#primaryimage\"},\"thumbnailUrl\":\"https:\\\/\\\/www.navi-express.com\\\/wp-content\\\/uploads\\\/2024\\\/10\\\/IMG_20241207_130032-scaled.jpg\",\"datePublished\":\"2024-10-19T11:35:32+00:00\",\"dateModified\":\"2024-12-14T19:11:24+00:00\",\"breadcrumb\":{\"@id\":\"https:\\\/\\\/www.navi-express.com\\\/shop\\\/tomtom\\\/zubehoer\\\/original-tomtom-aktiv-magnethalterung-mit-ladekabel-fuer-go-500-5000-510-600-6000-610-6100-9uub-001-28\\\/#breadcrumb\"},\"inLanguage\":\"en-US\",\"potentialAction\":[{\"@type\":\"ReadAction\",\"target\":[\"https:\\\/\\\/www.navi-express.com\\\/shop\\\/tomtom\\\/zubehoer\\\/original-tomtom-aktiv-magnethalterung-mit-ladekabel-fuer-go-500-5000-510-600-6000-610-6100-9uub-001-28\\\/\"]}]},{\"@type\":\"ImageObject\",\"inLanguage\":\"en-US\",\"@id\":\"https:\\\/\\\/www.navi-express.com\\\/shop\\\/tomtom\\\/zubehoer\\\/original-tomtom-aktiv-magnethalterung-mit-ladekabel-fuer-go-500-5000-510-600-6000-610-6100-9uub-001-28\\\/#primaryimage\",\"url\":\"https:\\\/\\\/www.navi-express.com\\\/wp-content\\\/uploads\\\/2024\\\/10\\\/IMG_20241207_130032-scaled.jpg\",\"contentUrl\":\"https:\\\/\\\/www.navi-express.com\\\/wp-content\\\/uploads\\\/2024\\\/10\\\/IMG_20241207_130032-scaled.jpg\",\"width\":2560,\"height\":1920},{\"@type\":\"BreadcrumbList\",\"@id\":\"https:\\\/\\\/www.navi-express.com\\\/shop\\\/tomtom\\\/zubehoer\\\/original-tomtom-aktiv-magnethalterung-mit-ladekabel-fuer-go-500-5000-510-600-6000-610-6100-9uub-001-28\\\/#breadcrumb\",\"itemListElement\":[{\"@type\":\"ListItem\",\"position\":1,\"name\":\"Startseite\",\"item\":\"https:\\\/\\\/www.navi-express.com\\\/\"},{\"@type\":\"ListItem\",\"position\":2,\"name\":\"Shop\",\"item\":\"https:\\\/\\\/www.navi-express.com\\\/shop\\\/\"},{\"@type\":\"ListItem\",\"position\":3,\"name\":\"Original TomTom Aktiv Magnethalterung mit Ladekabel f\u00fcr GO 500 5000 510 5100 600 6000 610 6100 9UUB.001.28\"}]},{\"@type\":\"WebSite\",\"@id\":\"https:\\\/\\\/www.navi-express.com\\\/#website\",\"url\":\"https:\\\/\\\/www.navi-express.com\\\/\",\"name\":\"Navi-Express\",\"description\":\"Ihr Experte f\u00fcr Navigation\",\"publisher\":{\"@id\":\"https:\\\/\\\/www.navi-express.com\\\/#organization\"},\"alternateName\":\"NE\",\"potentialAction\":[{\"@type\":\"SearchAction\",\"target\":{\"@type\":\"EntryPoint\",\"urlTemplate\":\"https:\\\/\\\/www.navi-express.com\\\/?s={search_term_string}\"},\"query-input\":{\"@type\":\"PropertyValueSpecification\",\"valueRequired\":true,\"valueName\":\"search_term_string\"}}],\"inLanguage\":\"en-US\"},{\"@type\":\"Organization\",\"@id\":\"https:\\\/\\\/www.navi-express.com\\\/#organization\",\"name\":\"Navi-Express\",\"alternateName\":\"NE\",\"url\":\"https:\\\/\\\/www.navi-express.com\\\/\",\"logo\":{\"@type\":\"ImageObject\",\"inLanguage\":\"en-US\",\"@id\":\"https:\\\/\\\/www.navi-express.com\\\/#\\\/schema\\\/logo\\\/image\\\/\",\"url\":\"https:\\\/\\\/www.navi-express.com\\\/wp-content\\\/uploads\\\/2019\\\/03\\\/cropped-logo-transpbearb-1.png\",\"contentUrl\":\"https:\\\/\\\/www.navi-express.com\\\/wp-content\\\/uploads\\\/2019\\\/03\\\/cropped-logo-transpbearb-1.png\",\"width\":512,\"height\":512,\"caption\":\"Navi-Express\"},\"image\":{\"@id\":\"https:\\\/\\\/www.navi-express.com\\\/#\\\/schema\\\/logo\\\/image\\\/\"}}]}<\/script>\n<!-- \/ Yoast SEO plugin. -->","yoast_head_json":{"title":"Original TomTom Aktiv Magnethalterung mit Ladekabel f\u00fcr GO 500 5000 510 5100 600 6000 610 6100 9UUB.001.28 - Navi-Express","robots":{"index":"index","follow":"follow","max-snippet":"max-snippet:-1","max-image-preview":"max-image-preview:large","max-video-preview":"max-video-preview:-1"},"canonical":"https:\/\/www.navi-express.com\/en\/shop\/tomtom\/zubehoer\/original-tomtom-aktiv-magnethalterung-mit-ladekabel-fuer-go-500-5000-510-600-6000-610-6100-9uub-001-28\/","og_locale":"en_US","og_type":"article","og_title":"Original TomTom Aktiv Magnethalterung mit Ladekabel f\u00fcr GO 500 5000 510 5100 600 6000 610 6100 9UUB.001.28 - Navi-Express","og_description":"Originale TomTom Aktiv Magnet Halterung mit Saugnapf inklusive Ladekabel und Schnell-Ladeger\u00e4t f\u00fcr Zigarettenanz\u00fcnder (kein integrierter TMC-Stau Empf\u00e4nger) Artikel in gutem Zustand Teilenummer 9UUB.001.28 &nbsp; Als Ersatz \/Austausch f\u00fcr eine defekte oder fehlende Halterung Nicht mehr erh\u00e4ltlich bei TomTom ! &nbsp; Geeignet f\u00fcr folgende TomTom Ger\u00e4te: TomTom GO 500 TomTom GO 5000 TomTom GO 510 TomTom [&hellip;]","og_url":"https:\/\/www.navi-express.com\/en\/shop\/tomtom\/zubehoer\/original-tomtom-aktiv-magnethalterung-mit-ladekabel-fuer-go-500-5000-510-600-6000-610-6100-9uub-001-28\/","og_site_name":"Navi-Express","article_modified_time":"2024-12-14T19:11:24+00:00","og_image":[{"width":2560,"height":1920,"url":"https:\/\/www.navi-express.com\/wp-content\/uploads\/2024\/10\/IMG_20241207_130032-scaled.jpg","type":"image\/jpeg"}],"twitter_card":"summary_large_image","twitter_misc":{"Est. reading time":"1 minute"},"schema":{"@context":"https:\/\/schema.org","@graph":[{"@type":"WebPage","@id":"https:\/\/www.navi-express.com\/shop\/tomtom\/zubehoer\/original-tomtom-aktiv-magnethalterung-mit-ladekabel-fuer-go-500-5000-510-600-6000-610-6100-9uub-001-28\/","url":"https:\/\/www.navi-express.com\/shop\/tomtom\/zubehoer\/original-tomtom-aktiv-magnethalterung-mit-ladekabel-fuer-go-500-5000-510-600-6000-610-6100-9uub-001-28\/","name":"Original TomTom Aktiv Magnethalterung mit Ladekabel f\u00fcr GO 500 5000 510 5100 600 6000 610 6100 9UUB.001.28 - Navi-Express","isPartOf":{"@id":"https:\/\/www.navi-express.com\/#website"},"primaryImageOfPage":{"@id":"https:\/\/www.navi-express.com\/shop\/tomtom\/zubehoer\/original-tomtom-aktiv-magnethalterung-mit-ladekabel-fuer-go-500-5000-510-600-6000-610-6100-9uub-001-28\/#primaryimage"},"image":{"@id":"https:\/\/www.navi-express.com\/shop\/tomtom\/zubehoer\/original-tomtom-aktiv-magnethalterung-mit-ladekabel-fuer-go-500-5000-510-600-6000-610-6100-9uub-001-28\/#primaryimage"},"thumbnailUrl":"https:\/\/www.navi-express.com\/wp-content\/uploads\/2024\/10\/IMG_20241207_130032-scaled.jpg","datePublished":"2024-10-19T11:35:32+00:00","dateModified":"2024-12-14T19:11:24+00:00","breadcrumb":{"@id":"https:\/\/www.navi-express.com\/shop\/tomtom\/zubehoer\/original-tomtom-aktiv-magnethalterung-mit-ladekabel-fuer-go-500-5000-510-600-6000-610-6100-9uub-001-28\/#breadcrumb"},"inLanguage":"en-US","potentialAction":[{"@type":"ReadAction","target":["https:\/\/www.navi-express.com\/shop\/tomtom\/zubehoer\/original-tomtom-aktiv-magnethalterung-mit-ladekabel-fuer-go-500-5000-510-600-6000-610-6100-9uub-001-28\/"]}]},{"@type":"ImageObject","inLanguage":"en-US","@id":"https:\/\/www.navi-express.com\/shop\/tomtom\/zubehoer\/original-tomtom-aktiv-magnethalterung-mit-ladekabel-fuer-go-500-5000-510-600-6000-610-6100-9uub-001-28\/#primaryimage","url":"https:\/\/www.navi-express.com\/wp-content\/uploads\/2024\/10\/IMG_20241207_130032-scaled.jpg","contentUrl":"https:\/\/www.navi-express.com\/wp-content\/uploads\/2024\/10\/IMG_20241207_130032-scaled.jpg","width":2560,"height":1920},{"@type":"BreadcrumbList","@id":"https:\/\/www.navi-express.com\/shop\/tomtom\/zubehoer\/original-tomtom-aktiv-magnethalterung-mit-ladekabel-fuer-go-500-5000-510-600-6000-610-6100-9uub-001-28\/#breadcrumb","itemListElement":[{"@type":"ListItem","position":1,"name":"Startseite","item":"https:\/\/www.navi-express.com\/"},{"@type":"ListItem","position":2,"name":"Shop","item":"https:\/\/www.navi-express.com\/shop\/"},{"@type":"ListItem","position":3,"name":"Original TomTom Aktiv Magnethalterung mit Ladekabel f\u00fcr GO 500 5000 510 5100 600 6000 610 6100 9UUB.001.28"}]},{"@type":"WebSite","@id":"https:\/\/www.navi-express.com\/#website","url":"https:\/\/www.navi-express.com\/","name":"Navi-Express","description":"Ihr Experte f\u00fcr Navigation","publisher":{"@id":"https:\/\/www.navi-express.com\/#organization"},"alternateName":"NE","potentialAction":[{"@type":"SearchAction","target":{"@type":"EntryPoint","urlTemplate":"https:\/\/www.navi-express.com\/?s={search_term_string}"},"query-input":{"@type":"PropertyValueSpecification","valueRequired":true,"valueName":"search_term_string"}}],"inLanguage":"en-US"},{"@type":"Organization","@id":"https:\/\/www.navi-express.com\/#organization","name":"Navi-Express","alternateName":"NE","url":"https:\/\/www.navi-express.com\/","logo":{"@type":"ImageObject","inLanguage":"en-US","@id":"https:\/\/www.navi-express.com\/#\/schema\/logo\/image\/","url":"https:\/\/www.navi-express.com\/wp-content\/uploads\/2019\/03\/cropped-logo-transpbearb-1.png","contentUrl":"https:\/\/www.navi-express.com\/wp-content\/uploads\/2019\/03\/cropped-logo-transpbearb-1.png","width":512,"height":512,"caption":"Navi-Express"},"image":{"@id":"https:\/\/www.navi-express.com\/#\/schema\/logo\/image\/"}}]}},"_links":{"self":[{"href":"https:\/\/www.navi-express.com\/en\/wp-json\/wp\/v2\/product\/2909","targetHints":{"allow":["GET"]}}],"collection":[{"href":"https:\/\/www.navi-express.com\/en\/wp-json\/wp\/v2\/product"}],"about":[{"href":"https:\/\/www.navi-express.com\/en\/wp-json\/wp\/v2\/types\/product"}],"wp:featuredmedia":[{"embeddable":true,"href":"https:\/\/www.navi-express.com\/en\/wp-json\/wp\/v2\/media\/3122"}],"wp:attachment":[{"href":"https:\/\/www.navi-express.com\/en\/wp-json\/wp\/v2\/media?parent=2909"}],"wp:term":[{"taxonomy":"product_brand","embeddable":true,"href":"https:\/\/www.navi-express.com\/en\/wp-json\/wp\/v2\/product_brand?post=2909"},{"taxonomy":"product_cat","embeddable":true,"href":"https:\/\/www.navi-express.com\/en\/wp-json\/wp\/v2\/product_cat?post=2909"},{"taxonomy":"product_tag","embeddable":true,"href":"https:\/\/www.navi-express.com\/en\/wp-json\/wp\/v2\/product_tag?post=2909"}],"curies":[{"name":"wp","href":"https:\/\/api.w.org\/{rel}","templated":true}]}}