{"id":3216,"date":"2024-12-17T12:50:02","date_gmt":"2024-12-17T11:50:02","guid":{"rendered":"https:\/\/www.navi-express.com\/?post_type=product&#038;p=3216"},"modified":"2026-03-14T11:58:28","modified_gmt":"2026-03-14T10:58:28","slug":"garmin-drivesmart-61-lmt-d-7-zoll-pkw-navi-europa-lifetime-maps-digital-traffic-wlan","status":"publish","type":"product","link":"https:\/\/www.navi-express.com\/en\/shop\/garmin\/mobile-navigationsgeraete\/garmin-drivesmart-61-lmt-d-7-zoll-pkw-navi-europa-lifetime-maps-digital-traffic-wlan\/","title":{"rendered":"Garmin DriveSmart 61 LMT-D 6,95 Zoll PKW Navi Europa Maps &#038; Digital Traffic &#038; WLAN"},"content":{"rendered":"<p>&nbsp;<\/p>\n<div>\n<p><span style=\"font-size: large; color: #000000;\"><span style=\"font-family: Arial;\"><b>Original Garmin DriveSmart 61 LMT-D Europa PKW Navigationsger\u00e4t mit 6,95 Zoll rahmenlosem Display<\/b><\/span><\/span><\/p>\n<p><span style=\"font-size: large; color: #000000;\"><span style=\"font-family: Arial;\"><b>in gutem gebrauchten Zustand<\/b><\/span><\/span><\/p>\n<div>\n<p><span style=\"font-size: large; color: #000000;\"><span style=\"font-family: Arial;\"><b>LMT-D = Verkehrsinformationen \u00fcber integrierten Empf\u00e4nger im Ger\u00e4t + Ladekabel (DAB) oder Smartphone-Verbindung<\/b><\/span><\/span><\/p>\n<div><\/div>\n<div>\n<div><span style=\"color: #000000;\"><u><b>Zubeh\u00f6r:<\/b><\/u><\/span><\/div>\n<div>\n<div>\n<ul>\n<li><span style=\"color: #000000;\">Auto Saugnapf Halterung<\/span><\/li>\n<li><span style=\"color: #000000;\">Auto-Ladekabel TA20<\/span><\/li>\n<li><span style=\"color: #000000;\">USB-Ladekabel<\/span><\/li>\n<\/ul>\n<\/div>\n<p>&nbsp;<\/p>\n<div><span style=\"color: #000000;\"><u><b>Zustand:<\/b><\/u><\/span><\/div>\n<div>\n<ul>\n<li><span style=\"color: #000000;\">Guter gebrauchter Zustand<\/span><\/li>\n<li><span style=\"color: #000000;\">Akku (ohne aktive Stromzufuhr) ist nicht mehr der allerbeste<\/span><\/li>\n<li><span style=\"color: #000000;\">Karten f\u00fcr Europa sind bereits vorinstalliert<\/span><\/li>\n<li><span style=\"color: #000000;\">Das Ger\u00e4t wird vor Versand auf Werkseinstellungen zur\u00fcck gesetzt<\/span><\/li>\n<li><span style=\"color: #000000;\">Machen Sie Ihre Einstellungen und schon k\u00f6nnen Sie direkt los navigieren!<\/span><\/li>\n<\/ul>\n<\/div>\n<p>&nbsp;<\/p>\n<div><span style=\"color: #000000;\"><u><b>Eigenschaften\/Daten:<\/b><\/u><\/span><\/div>\n<div>\n<ul>\n<li><span style=\"color: #000000;\">PKW GPS-Navi mit 6,95 Zoll gro\u00dfem Touchscreen-Display<\/span><\/li>\n<li><span style=\"color: #000000;\">Kartenmaterial f\u00fcr Europa (46 L\u00e4nder)<\/span><\/li>\n<li><span style=\"color: #000000;\">Kostenlose Software- und Kartenupdates f\u00fcr Europa via WLAN \/ WiFi oder PC-Programm<\/span><\/li>\n<li><span style=\"color: #000000;\">Kostenloser Garmin Live Traffic via DAB durch den integrierten Verkehrsfunkempf\u00e4nger im Ger\u00e4t + Garmin Ladekabel TA20<\/span><\/li>\n<\/ul>\n<p><span style=\"color: #000000;\">Garmin Live Traffic \u00fcber DAB ist nur verf\u00fcgbar in Deutschland , Schweiz und Italien; TMC-Verkehrsmeldungen in einigen L\u00e4ndern verf\u00fcgbar; Live-Verkehrsmeldungen in ganz Europa via Kopplung mit dem Smartphone (\u00fcber Bluetooth und mobile Daten vom Smartphone)<\/span><\/p>\n<ul>\n<li><span style=\"color: #000000;\">Kostenlose Radar-Info Updates (Radarwarner sind nicht in allen Regionen verf\u00fcgbar, bitte Gesetze beachten, muss \u00fcber das PC-Programm &#8222;Garmin Express&#8220; geupdatet werden)<\/span><\/li>\n<li><span style=\"color: #000000;\">Echtzeitdienste (1)\u00a0<b><sup>\u00a0<\/sup><\/b>f\u00fcr Verkehrsinformationen, Parkplatzsuche (2)<span style=\"font-family: Arial;\">\u00a0und Wetter<\/span><\/span><\/li>\n<li><span style=\"color: #000000;\"><span style=\"font-family: Arial;\">Anrufe \u00fcber Bluetooth (3)<\/span><span style=\"font-family: Arial;\">, Smart Notifications (4) und Sprachsteuerung (5)<\/span><\/span><\/li>\n<li><span style=\"font-family: Arial; color: #000000;\">Das Garmin DriveSmart Sicherheitspaket sorgt mit Warnungen vor scharfen Kurven, Tempolimitwechsel, Bahn\u00fcberg\u00e4ngen, Wildwechsel, Fahren in die falsche Richtung bei Einbahnstra\u00dfen und Schulzonen f\u00fcr mehr Sicherheit im Stra\u00dfenverkehr. Erhalten Sie optional kostenlose Warnungen vor fest installierten Radarkontrollen (6) und Ampelblitzern in der N\u00e4he und lassen Sie sich vom M\u00fcdigkeitswarner (7) m\u00f6gliche Rastpl\u00e4tze vorschlagen<\/span><\/li>\n<\/ul>\n<p>&nbsp;<\/p>\n<p><span style=\"color: #000000;\">(1)\u00a0F\u00fcr den Zugriff auf Echtzeitdienste m\u00fcssen Sie die kostenlose\u00a0<a style=\"color: #000000;\">Smartphone Link<\/a>\u00a0App herunterladen. Es fallen gegebenenfalls Geb\u00fchren im Rahmen Ihres mobilen Datentarifs an. Weitere Informationen zu Daten- und Roaming-Tarifen erhalten Sie bei Ihrem Mobilfunkanbieter. Bluetooth-f\u00e4higes Smartphone erforderlich (separat erh\u00e4ltlich).<\/span><br \/>\n<span style=\"color: #000000;\">(2) Parkplatzdaten sind f\u00fcr die meisten Innenst\u00e4dte verf\u00fcgbar. Infos zur Abdeckung: parkopedia.com<\/span><br \/>\n<span style=\"color: #000000;\">(3)\u00a0Bluetooth-f\u00e4higes Smartphone erforderlich.<\/span><br \/>\n<span style=\"color: #000000;\">(4)\u00a0Zum Empfangen von Smart Notifications auf dem Navi m\u00fcssen Sie die kostenlose\u00a0<a style=\"color: #000000;\">Smartphone Link<\/a>\u00a0App herunterladen. Es fallen gegebenenfalls Geb\u00fchren im Rahmen Ihres mobilen Datentarifs an. Weitere Informationen zu Daten- und Roaming-Tarifen erhalten Sie bei Ihrem Mobilfunkanbieter. Bluetooth-f\u00e4higes Smartphone erforderlich (separat erh\u00e4ltlich).<\/span><br \/>\n<span style=\"color: #000000;\">(5)\u00a0Alle Sprachbefehlfunktionen sind auf Modellen mit Karten f\u00fcr ganz Europa verf\u00fcgbar. Grundlegende vordefinierte Sprachbefehle sind auf Modellen mit regionalen Karten verf\u00fcgbar.<\/span><br \/>\n<span style=\"color: #000000;\">(6)\u00a0Warnungen vor Ampelblitzern und Radarkontrollen sind nicht in allen Regionen verf\u00fcgbar.<\/span><br \/>\n<span style=\"color: #000000;\">(7) Der M\u00fcdigkeitswarner wird nach l\u00e4ngeren Zeitr\u00e4umen durchg\u00e4ngiger Fahrt ohne l\u00e4ngere Pausen aktiviert.<\/span><\/p>\n<\/div>\n<\/div>\n<p>&nbsp;<\/p>\n<div>\n<p>_______________________________________________________________________________________________________________________<\/p>\n<p><strong><span style=\"color: #000000;\"><u>Hersteller \/ EU verantwortliche Person:<\/u><\/span><\/strong><\/p>\n<p><strong><span style=\"color: #000000;\">Garmin Deutschland GmbH<\/span><\/strong><\/p>\n<p><strong><span style=\"color: #000000;\">Parkring 35<\/span><\/strong><\/p>\n<p><strong><span style=\"color: #000000;\">85748 Garching<\/span><\/strong><\/p>\n<p><strong><span style=\"color: #000000;\">Deutschland<\/span><\/strong><\/p>\n<p><strong><span style=\"color: #000000;\">Tel.: +49 89 541999-700<\/span><\/strong><\/p>\n<p><strong><span style=\"color: #000000;\">E-Mail: impressum@garmin.de<\/span><\/strong><\/p>\n<\/div>\n<\/div>\n<\/div>\n<\/div>","protected":false},"excerpt":{"rendered":"<p>&nbsp; Original Garmin DriveSmart 61 LMT-D Europa PKW Navigationsger\u00e4t mit 6,95 Zoll rahmenlosem Display in gutem gebrauchten Zustand LMT-D = Verkehrsinformationen \u00fcber integrierten Empf\u00e4nger im Ger\u00e4t + Ladekabel (DAB) oder Smartphone-Verbindung Zubeh\u00f6r: Auto Saugnapf Halterung Auto-Ladekabel TA20 USB-Ladekabel &nbsp; Zustand: Guter gebrauchter Zustand Akku (ohne aktive Stromzufuhr) ist nicht mehr der allerbeste Karten f\u00fcr Europa [&hellip;]<\/p>\n","protected":false},"featured_media":6210,"template":"","meta":{"ocean_post_layout":"","ocean_both_sidebars_style":"","ocean_both_sidebars_content_width":0,"ocean_both_sidebars_sidebars_width":0,"ocean_sidebar":"0","ocean_second_sidebar":"0","ocean_disable_margins":"enable","ocean_add_body_class":"","ocean_shortcode_before_top_bar":"","ocean_shortcode_after_top_bar":"","ocean_shortcode_before_header":"","ocean_shortcode_after_header":"","ocean_has_shortcode":"","ocean_shortcode_after_title":"","ocean_shortcode_before_footer_widgets":"","ocean_shortcode_after_footer_widgets":"","ocean_shortcode_before_footer_bottom":"","ocean_shortcode_after_footer_bottom":"","ocean_display_top_bar":"default","ocean_display_header":"default","ocean_header_style":"","ocean_center_header_left_menu":"0","ocean_custom_header_template":"0","ocean_custom_logo":0,"ocean_custom_retina_logo":0,"ocean_custom_logo_max_width":0,"ocean_custom_logo_tablet_max_width":0,"ocean_custom_logo_mobile_max_width":0,"ocean_custom_logo_max_height":0,"ocean_custom_logo_tablet_max_height":0,"ocean_custom_logo_mobile_max_height":0,"ocean_header_custom_menu":"0","ocean_menu_typo_font_family":"0","ocean_menu_typo_font_subset":"","ocean_menu_typo_font_size":0,"ocean_menu_typo_font_size_tablet":0,"ocean_menu_typo_font_size_mobile":0,"ocean_menu_typo_font_size_unit":"px","ocean_menu_typo_font_weight":"","ocean_menu_typo_font_weight_tablet":"","ocean_menu_typo_font_weight_mobile":"","ocean_menu_typo_transform":"","ocean_menu_typo_transform_tablet":"","ocean_menu_typo_transform_mobile":"","ocean_menu_typo_line_height":0,"ocean_menu_typo_line_height_tablet":0,"ocean_menu_typo_line_height_mobile":0,"ocean_menu_typo_line_height_unit":"","ocean_menu_typo_spacing":0,"ocean_menu_typo_spacing_tablet":0,"ocean_menu_typo_spacing_mobile":0,"ocean_menu_typo_spacing_unit":"","ocean_menu_link_color":"","ocean_menu_link_color_hover":"","ocean_menu_link_color_active":"","ocean_menu_link_background":"","ocean_menu_link_hover_background":"","ocean_menu_link_active_background":"","ocean_menu_social_links_bg":"","ocean_menu_social_hover_links_bg":"","ocean_menu_social_links_color":"","ocean_menu_social_hover_links_color":"","ocean_disable_title":"default","ocean_disable_heading":"default","ocean_post_title":"","ocean_post_subheading":"","ocean_post_title_style":"","ocean_post_title_background_color":"","ocean_post_title_background":0,"ocean_post_title_bg_image_position":"","ocean_post_title_bg_image_attachment":"","ocean_post_title_bg_image_repeat":"","ocean_post_title_bg_image_size":"","ocean_post_title_height":0,"ocean_post_title_bg_overlay":0.5,"ocean_post_title_bg_overlay_color":"","ocean_disable_breadcrumbs":"default","ocean_breadcrumbs_color":"","ocean_breadcrumbs_separator_color":"","ocean_breadcrumbs_links_color":"","ocean_breadcrumbs_links_hover_color":"","ocean_display_footer_widgets":"default","ocean_display_footer_bottom":"default","ocean_custom_footer_template":"0"},"product_brand":[],"product_cat":[661],"product_tag":[1070,189],"class_list":{"0":"post-3216","1":"product","2":"type-product","3":"status-publish","4":"has-post-thumbnail","6":"product_cat-mobile-navigationsgeraete","7":"product_tag-drivesmart-61-lmt-d","8":"product_tag-garmin","10":"entry","11":"has-media","13":"first","14":"instock","15":"purchasable","16":"product-type-simple","17":"col","18":"span_1_of_4","19":"owp-content-center","20":"item-entry","21":"owp-thumbs-layout-horizontal","22":"owp-btn-normal","23":"owp-tabs-layout-horizontal","24":"has-no-thumbnails"},"yoast_head":"<!-- This site is optimized with the Yoast SEO plugin v27.3 - https:\/\/yoast.com\/product\/yoast-seo-wordpress\/ -->\n<title>Garmin DriveSmart 61 LMT-D 6,95 Zoll PKW Navigationsger\u00e4t<\/title>\n<meta name=\"description\" content=\"Original Gamrin DriveSmart 61 LMT-D 6,95 Zoll PKW Navigationsger\u00e4t. Europa Karten, Verkehrsmeldungen via DAB oder Smartphone, WiFi WLAN und Radarwarner.\" \/>\n<meta name=\"robots\" content=\"index, follow, max-snippet:-1, max-image-preview:large, max-video-preview:-1\" \/>\n<link rel=\"canonical\" href=\"https:\/\/www.navi-express.com\/en\/shop\/garmin\/mobile-navigationsgeraete\/garmin-drivesmart-61-lmt-d-7-zoll-pkw-navi-europa-lifetime-maps-digital-traffic-wlan\/\" \/>\n<meta property=\"og:locale\" content=\"en_US\" \/>\n<meta property=\"og:type\" content=\"article\" \/>\n<meta property=\"og:title\" content=\"Garmin DriveSmart 61 LMT-D 6,95 Zoll PKW Navigationsger\u00e4t\" \/>\n<meta property=\"og:description\" content=\"Original Gamrin DriveSmart 61 LMT-D 6,95 Zoll PKW Navigationsger\u00e4t. Europa Karten, Verkehrsmeldungen via DAB oder Smartphone, WiFi WLAN und Radarwarner.\" \/>\n<meta property=\"og:url\" content=\"https:\/\/www.navi-express.com\/en\/shop\/garmin\/mobile-navigationsgeraete\/garmin-drivesmart-61-lmt-d-7-zoll-pkw-navi-europa-lifetime-maps-digital-traffic-wlan\/\" \/>\n<meta property=\"og:site_name\" content=\"Navi-Express\" \/>\n<meta property=\"article:modified_time\" content=\"2026-03-14T10:58:28+00:00\" \/>\n<meta property=\"og:image\" content=\"https:\/\/www.navi-express.com\/wp-content\/uploads\/2024\/12\/20260314_115322-scaled.jpg\" \/>\n\t<meta property=\"og:image:width\" content=\"2560\" \/>\n\t<meta property=\"og:image:height\" content=\"1920\" \/>\n\t<meta property=\"og:image:type\" content=\"image\/jpeg\" \/>\n<meta name=\"twitter:card\" content=\"summary_large_image\" \/>\n<meta name=\"twitter:label1\" content=\"Est. reading time\" \/>\n\t<meta name=\"twitter:data1\" content=\"3 minutes\" \/>\n<script type=\"application\/ld+json\" class=\"yoast-schema-graph\">{\"@context\":\"https:\\\/\\\/schema.org\",\"@graph\":[{\"@type\":\"WebPage\",\"@id\":\"https:\\\/\\\/www.navi-express.com\\\/shop\\\/garmin\\\/mobile-navigationsgeraete\\\/garmin-drivesmart-61-lmt-d-7-zoll-pkw-navi-europa-lifetime-maps-digital-traffic-wlan\\\/\",\"url\":\"https:\\\/\\\/www.navi-express.com\\\/shop\\\/garmin\\\/mobile-navigationsgeraete\\\/garmin-drivesmart-61-lmt-d-7-zoll-pkw-navi-europa-lifetime-maps-digital-traffic-wlan\\\/\",\"name\":\"Garmin DriveSmart 61 LMT-D 6,95 Zoll PKW Navigationsger\u00e4t\",\"isPartOf\":{\"@id\":\"https:\\\/\\\/www.navi-express.com\\\/#website\"},\"primaryImageOfPage\":{\"@id\":\"https:\\\/\\\/www.navi-express.com\\\/shop\\\/garmin\\\/mobile-navigationsgeraete\\\/garmin-drivesmart-61-lmt-d-7-zoll-pkw-navi-europa-lifetime-maps-digital-traffic-wlan\\\/#primaryimage\"},\"image\":{\"@id\":\"https:\\\/\\\/www.navi-express.com\\\/shop\\\/garmin\\\/mobile-navigationsgeraete\\\/garmin-drivesmart-61-lmt-d-7-zoll-pkw-navi-europa-lifetime-maps-digital-traffic-wlan\\\/#primaryimage\"},\"thumbnailUrl\":\"https:\\\/\\\/www.navi-express.com\\\/wp-content\\\/uploads\\\/2024\\\/12\\\/20260314_115322-scaled.jpg\",\"datePublished\":\"2024-12-17T11:50:02+00:00\",\"dateModified\":\"2026-03-14T10:58:28+00:00\",\"description\":\"Original Gamrin DriveSmart 61 LMT-D 6,95 Zoll PKW Navigationsger\u00e4t. Europa Karten, Verkehrsmeldungen via DAB oder Smartphone, WiFi WLAN und Radarwarner.\",\"breadcrumb\":{\"@id\":\"https:\\\/\\\/www.navi-express.com\\\/shop\\\/garmin\\\/mobile-navigationsgeraete\\\/garmin-drivesmart-61-lmt-d-7-zoll-pkw-navi-europa-lifetime-maps-digital-traffic-wlan\\\/#breadcrumb\"},\"inLanguage\":\"en-US\",\"potentialAction\":[{\"@type\":\"ReadAction\",\"target\":[\"https:\\\/\\\/www.navi-express.com\\\/shop\\\/garmin\\\/mobile-navigationsgeraete\\\/garmin-drivesmart-61-lmt-d-7-zoll-pkw-navi-europa-lifetime-maps-digital-traffic-wlan\\\/\"]}]},{\"@type\":\"ImageObject\",\"inLanguage\":\"en-US\",\"@id\":\"https:\\\/\\\/www.navi-express.com\\\/shop\\\/garmin\\\/mobile-navigationsgeraete\\\/garmin-drivesmart-61-lmt-d-7-zoll-pkw-navi-europa-lifetime-maps-digital-traffic-wlan\\\/#primaryimage\",\"url\":\"https:\\\/\\\/www.navi-express.com\\\/wp-content\\\/uploads\\\/2024\\\/12\\\/20260314_115322-scaled.jpg\",\"contentUrl\":\"https:\\\/\\\/www.navi-express.com\\\/wp-content\\\/uploads\\\/2024\\\/12\\\/20260314_115322-scaled.jpg\",\"width\":2560,\"height\":1920},{\"@type\":\"BreadcrumbList\",\"@id\":\"https:\\\/\\\/www.navi-express.com\\\/shop\\\/garmin\\\/mobile-navigationsgeraete\\\/garmin-drivesmart-61-lmt-d-7-zoll-pkw-navi-europa-lifetime-maps-digital-traffic-wlan\\\/#breadcrumb\",\"itemListElement\":[{\"@type\":\"ListItem\",\"position\":1,\"name\":\"Startseite\",\"item\":\"https:\\\/\\\/www.navi-express.com\\\/\"},{\"@type\":\"ListItem\",\"position\":2,\"name\":\"Shop\",\"item\":\"https:\\\/\\\/www.navi-express.com\\\/shop\\\/\"},{\"@type\":\"ListItem\",\"position\":3,\"name\":\"Garmin DriveSmart 61 LMT-D 6,95 Zoll PKW Navi Europa Maps &#038; Digital Traffic &#038; WLAN\"}]},{\"@type\":\"WebSite\",\"@id\":\"https:\\\/\\\/www.navi-express.com\\\/#website\",\"url\":\"https:\\\/\\\/www.navi-express.com\\\/\",\"name\":\"Navi-Express\",\"description\":\"Ihr Experte f\u00fcr Navigation\",\"publisher\":{\"@id\":\"https:\\\/\\\/www.navi-express.com\\\/#organization\"},\"alternateName\":\"NE\",\"potentialAction\":[{\"@type\":\"SearchAction\",\"target\":{\"@type\":\"EntryPoint\",\"urlTemplate\":\"https:\\\/\\\/www.navi-express.com\\\/?s={search_term_string}\"},\"query-input\":{\"@type\":\"PropertyValueSpecification\",\"valueRequired\":true,\"valueName\":\"search_term_string\"}}],\"inLanguage\":\"en-US\"},{\"@type\":\"Organization\",\"@id\":\"https:\\\/\\\/www.navi-express.com\\\/#organization\",\"name\":\"Navi-Express\",\"alternateName\":\"NE\",\"url\":\"https:\\\/\\\/www.navi-express.com\\\/\",\"logo\":{\"@type\":\"ImageObject\",\"inLanguage\":\"en-US\",\"@id\":\"https:\\\/\\\/www.navi-express.com\\\/#\\\/schema\\\/logo\\\/image\\\/\",\"url\":\"https:\\\/\\\/www.navi-express.com\\\/wp-content\\\/uploads\\\/2019\\\/03\\\/cropped-logo-transpbearb-1.png\",\"contentUrl\":\"https:\\\/\\\/www.navi-express.com\\\/wp-content\\\/uploads\\\/2019\\\/03\\\/cropped-logo-transpbearb-1.png\",\"width\":512,\"height\":512,\"caption\":\"Navi-Express\"},\"image\":{\"@id\":\"https:\\\/\\\/www.navi-express.com\\\/#\\\/schema\\\/logo\\\/image\\\/\"}}]}<\/script>\n<!-- \/ Yoast SEO plugin. -->","yoast_head_json":{"title":"Garmin DriveSmart 61 LMT-D 6,95 Zoll PKW Navigationsger\u00e4t","description":"Original Gamrin DriveSmart 61 LMT-D 6,95 Zoll PKW Navigationsger\u00e4t. Europa Karten, Verkehrsmeldungen via DAB oder Smartphone, WiFi WLAN und Radarwarner.","robots":{"index":"index","follow":"follow","max-snippet":"max-snippet:-1","max-image-preview":"max-image-preview:large","max-video-preview":"max-video-preview:-1"},"canonical":"https:\/\/www.navi-express.com\/en\/shop\/garmin\/mobile-navigationsgeraete\/garmin-drivesmart-61-lmt-d-7-zoll-pkw-navi-europa-lifetime-maps-digital-traffic-wlan\/","og_locale":"en_US","og_type":"article","og_title":"Garmin DriveSmart 61 LMT-D 6,95 Zoll PKW Navigationsger\u00e4t","og_description":"Original Gamrin DriveSmart 61 LMT-D 6,95 Zoll PKW Navigationsger\u00e4t. Europa Karten, Verkehrsmeldungen via DAB oder Smartphone, WiFi WLAN und Radarwarner.","og_url":"https:\/\/www.navi-express.com\/en\/shop\/garmin\/mobile-navigationsgeraete\/garmin-drivesmart-61-lmt-d-7-zoll-pkw-navi-europa-lifetime-maps-digital-traffic-wlan\/","og_site_name":"Navi-Express","article_modified_time":"2026-03-14T10:58:28+00:00","og_image":[{"width":2560,"height":1920,"url":"https:\/\/www.navi-express.com\/wp-content\/uploads\/2024\/12\/20260314_115322-scaled.jpg","type":"image\/jpeg"}],"twitter_card":"summary_large_image","twitter_misc":{"Est. reading time":"3 minutes"},"schema":{"@context":"https:\/\/schema.org","@graph":[{"@type":"WebPage","@id":"https:\/\/www.navi-express.com\/shop\/garmin\/mobile-navigationsgeraete\/garmin-drivesmart-61-lmt-d-7-zoll-pkw-navi-europa-lifetime-maps-digital-traffic-wlan\/","url":"https:\/\/www.navi-express.com\/shop\/garmin\/mobile-navigationsgeraete\/garmin-drivesmart-61-lmt-d-7-zoll-pkw-navi-europa-lifetime-maps-digital-traffic-wlan\/","name":"Garmin DriveSmart 61 LMT-D 6,95 Zoll PKW Navigationsger\u00e4t","isPartOf":{"@id":"https:\/\/www.navi-express.com\/#website"},"primaryImageOfPage":{"@id":"https:\/\/www.navi-express.com\/shop\/garmin\/mobile-navigationsgeraete\/garmin-drivesmart-61-lmt-d-7-zoll-pkw-navi-europa-lifetime-maps-digital-traffic-wlan\/#primaryimage"},"image":{"@id":"https:\/\/www.navi-express.com\/shop\/garmin\/mobile-navigationsgeraete\/garmin-drivesmart-61-lmt-d-7-zoll-pkw-navi-europa-lifetime-maps-digital-traffic-wlan\/#primaryimage"},"thumbnailUrl":"https:\/\/www.navi-express.com\/wp-content\/uploads\/2024\/12\/20260314_115322-scaled.jpg","datePublished":"2024-12-17T11:50:02+00:00","dateModified":"2026-03-14T10:58:28+00:00","description":"Original Gamrin DriveSmart 61 LMT-D 6,95 Zoll PKW Navigationsger\u00e4t. Europa Karten, Verkehrsmeldungen via DAB oder Smartphone, WiFi WLAN und Radarwarner.","breadcrumb":{"@id":"https:\/\/www.navi-express.com\/shop\/garmin\/mobile-navigationsgeraete\/garmin-drivesmart-61-lmt-d-7-zoll-pkw-navi-europa-lifetime-maps-digital-traffic-wlan\/#breadcrumb"},"inLanguage":"en-US","potentialAction":[{"@type":"ReadAction","target":["https:\/\/www.navi-express.com\/shop\/garmin\/mobile-navigationsgeraete\/garmin-drivesmart-61-lmt-d-7-zoll-pkw-navi-europa-lifetime-maps-digital-traffic-wlan\/"]}]},{"@type":"ImageObject","inLanguage":"en-US","@id":"https:\/\/www.navi-express.com\/shop\/garmin\/mobile-navigationsgeraete\/garmin-drivesmart-61-lmt-d-7-zoll-pkw-navi-europa-lifetime-maps-digital-traffic-wlan\/#primaryimage","url":"https:\/\/www.navi-express.com\/wp-content\/uploads\/2024\/12\/20260314_115322-scaled.jpg","contentUrl":"https:\/\/www.navi-express.com\/wp-content\/uploads\/2024\/12\/20260314_115322-scaled.jpg","width":2560,"height":1920},{"@type":"BreadcrumbList","@id":"https:\/\/www.navi-express.com\/shop\/garmin\/mobile-navigationsgeraete\/garmin-drivesmart-61-lmt-d-7-zoll-pkw-navi-europa-lifetime-maps-digital-traffic-wlan\/#breadcrumb","itemListElement":[{"@type":"ListItem","position":1,"name":"Startseite","item":"https:\/\/www.navi-express.com\/"},{"@type":"ListItem","position":2,"name":"Shop","item":"https:\/\/www.navi-express.com\/shop\/"},{"@type":"ListItem","position":3,"name":"Garmin DriveSmart 61 LMT-D 6,95 Zoll PKW Navi Europa Maps &#038; Digital Traffic &#038; WLAN"}]},{"@type":"WebSite","@id":"https:\/\/www.navi-express.com\/#website","url":"https:\/\/www.navi-express.com\/","name":"Navi-Express","description":"Ihr Experte f\u00fcr Navigation","publisher":{"@id":"https:\/\/www.navi-express.com\/#organization"},"alternateName":"NE","potentialAction":[{"@type":"SearchAction","target":{"@type":"EntryPoint","urlTemplate":"https:\/\/www.navi-express.com\/?s={search_term_string}"},"query-input":{"@type":"PropertyValueSpecification","valueRequired":true,"valueName":"search_term_string"}}],"inLanguage":"en-US"},{"@type":"Organization","@id":"https:\/\/www.navi-express.com\/#organization","name":"Navi-Express","alternateName":"NE","url":"https:\/\/www.navi-express.com\/","logo":{"@type":"ImageObject","inLanguage":"en-US","@id":"https:\/\/www.navi-express.com\/#\/schema\/logo\/image\/","url":"https:\/\/www.navi-express.com\/wp-content\/uploads\/2019\/03\/cropped-logo-transpbearb-1.png","contentUrl":"https:\/\/www.navi-express.com\/wp-content\/uploads\/2019\/03\/cropped-logo-transpbearb-1.png","width":512,"height":512,"caption":"Navi-Express"},"image":{"@id":"https:\/\/www.navi-express.com\/#\/schema\/logo\/image\/"}}]}},"_links":{"self":[{"href":"https:\/\/www.navi-express.com\/en\/wp-json\/wp\/v2\/product\/3216","targetHints":{"allow":["GET"]}}],"collection":[{"href":"https:\/\/www.navi-express.com\/en\/wp-json\/wp\/v2\/product"}],"about":[{"href":"https:\/\/www.navi-express.com\/en\/wp-json\/wp\/v2\/types\/product"}],"wp:featuredmedia":[{"embeddable":true,"href":"https:\/\/www.navi-express.com\/en\/wp-json\/wp\/v2\/media\/6210"}],"wp:attachment":[{"href":"https:\/\/www.navi-express.com\/en\/wp-json\/wp\/v2\/media?parent=3216"}],"wp:term":[{"taxonomy":"product_brand","embeddable":true,"href":"https:\/\/www.navi-express.com\/en\/wp-json\/wp\/v2\/product_brand?post=3216"},{"taxonomy":"product_cat","embeddable":true,"href":"https:\/\/www.navi-express.com\/en\/wp-json\/wp\/v2\/product_cat?post=3216"},{"taxonomy":"product_tag","embeddable":true,"href":"https:\/\/www.navi-express.com\/en\/wp-json\/wp\/v2\/product_tag?post=3216"}],"curies":[{"name":"wp","href":"https:\/\/api.w.org\/{rel}","templated":true}]}}