{"id":3229,"date":"2024-12-17T13:57:22","date_gmt":"2024-12-17T12:57:22","guid":{"rendered":"https:\/\/www.navi-express.com\/?post_type=product&#038;p=3229"},"modified":"2026-03-05T10:05:24","modified_gmt":"2026-03-05T09:05:24","slug":"garmin-dezl-770-lm-7-zoll-lkw-truck-navi-europa-lifetime-maps-traffic-tmc","status":"publish","type":"product","link":"https:\/\/www.navi-express.com\/en\/shop\/garmin\/mobile-navigationsgeraete\/garmin-dezl-770-lm-7-zoll-lkw-truck-navi-europa-lifetime-maps-traffic-tmc\/","title":{"rendered":"Garmin DEZL 770 LM 7 Zoll LKW TRUCK Navi Europa Lifetime Maps &#038; Traffic TMC"},"content":{"rendered":"<p>&nbsp;<\/p>\n<div>\n<p><span style=\"font-size: large; color: #000000;\"><span style=\"font-family: Arial;\"><b>Original Garmin DEZL 770 LM Europa LKW TRUCK Navigationsger\u00e4t mit 7 Zoll Display<\/b><\/span><\/span><\/p>\n<p><span style=\"font-size: large; color: #000000;\"><span style=\"font-family: Arial;\"><b>in gutem, gebrauchten Zustand<\/b><\/span><\/span><\/p>\n<div>\n<p><span style=\"font-size: large; color: #000000;\"><span style=\"font-family: Arial;\"><b>&gt;&gt; Ger\u00e4t hat keinen integrierten Verkehrsfunkempf\u00e4nger, daf\u00fcr ist das Empf\u00e4ngerkabel GTM 36 dabei f\u00fcr TMC-Empfang<\/b><\/span><\/span><\/p>\n<div><\/div>\n<p>&nbsp;<\/p>\n<div><span style=\"color: #000000;\"><u><b>inklusive Zubeh\u00f6r:<\/b><\/u><\/span><\/div>\n<div>\n<div>\n<ul>\n<li><span style=\"color: #000000;\">Saugnapf Halterung (Neu; nur zum testen ausgepackt)<\/span><\/li>\n<li><span style=\"color: #000000;\">Ladekabel \/ Verkehrsfunkempf\u00e4nger GTM 36\u00a0<\/span><\/li>\n<li><span style=\"color: #000000;\">2x USB-Ladekabel<\/span><\/li>\n<\/ul>\n<\/div>\n<p>&nbsp;<\/p>\n<div>\n<p><u><b>Infos \/ Zustand:<\/b><\/u><\/p>\n<ul>\n<li>Sehr guter, gebrauchter Zustand (ein paar geringe Gebrauchsspuren sind vorhanden)<\/li>\n<li>Speziell f\u00fcr LKW und Sattelzug, aber auch f\u00fcr PKW geeignet<\/li>\n<li>Hochaufl\u00f6sendes 7 Zoll Glasdisplay<\/li>\n<li>Lebenslange Karten-Updates f\u00fcr Europa<\/li>\n<li>Verkehrsfunk TMC \u00fcber das mitgelieferte Autoladekabel GTM 36<\/li>\n<li>Unterst\u00fctzung von Smartphone Link, dies ist eine kostenlose App zum Herstellen einer Verbindung zwischen dem Ger\u00e4t und einem iPhone oder Android Smartphone. Wenn die Ger\u00e4te gekoppelt sind, kann das Garmin Ger\u00e4t unter Verwendung Ihres vorhandenen Datentarifs Informationen weitergeben. Smartphone Link erm\u00f6glicht auch den Zugang auf Garmin-Live-Dienste zum Erhalt von Echtzeitinformationen wie Wetter, Verkehrsinformationen und Radar-Infos (ein zus\u00e4tzliches, kostenpflichtiges Abonnement kann erforderlich sein)<\/li>\n<li>LKW-Routing, das speziell f\u00fcr Gr\u00f6\u00dfe, Gewicht und Ladung angepasst ist<\/li>\n<li>Auf LKW abgestimmte Sonderziele (POIs) und Services, wie z.B. Rastpl\u00e4tze, Tankstellen und mehr<\/li>\n<li>LKW spezifische Warnungen wie z.B. scharfe Kurven, Br\u00fcckenh\u00f6hen, Gewichtsbeschr\u00e4nkungen oder starke Steigungen bzw. Gef\u00e4lle<\/li>\n<li>Sprachsteuerung mit Stimmaktivierung<\/li>\n<li>Unterst\u00fctzung von Bluetooth<\/li>\n<\/ul>\n<\/div>\n<p>&nbsp;<\/p>\n<div>\n<p>&nbsp;<\/p>\n<\/div>\n<\/div>\n<p>&nbsp;<\/p>\n<div>\n<p>_______________________________________________________________________________________________________________________<\/p>\n<p><strong><span style=\"color: #000000;\"><u>Hersteller \/ EU verantwortliche Person:<\/u><\/span><\/strong><\/p>\n<p><strong><span style=\"color: #000000;\">Garmin Deutschland GmbH<\/span><\/strong><\/p>\n<p><strong><span style=\"color: #000000;\">Parkring 35<\/span><\/strong><\/p>\n<p><strong><span style=\"color: #000000;\">85748 Garching<\/span><\/strong><\/p>\n<p><strong><span style=\"color: #000000;\">Deutschland<\/span><\/strong><\/p>\n<p><strong><span style=\"color: #000000;\">Tel.: +49 89 541999-700<\/span><\/strong><\/p>\n<p><strong><span style=\"color: #000000;\">E-Mail: impressum@garmin.de<\/span><\/strong><\/p>\n<\/div>\n<\/div>\n<\/div>","protected":false},"excerpt":{"rendered":"<p>&nbsp; Original Garmin DEZL 770 LM Europa LKW TRUCK Navigationsger\u00e4t mit 7 Zoll Display in gutem, gebrauchten Zustand &gt;&gt; Ger\u00e4t hat keinen integrierten Verkehrsfunkempf\u00e4nger, daf\u00fcr ist das Empf\u00e4ngerkabel GTM 36 dabei f\u00fcr TMC-Empfang &nbsp; inklusive Zubeh\u00f6r: Saugnapf Halterung (Neu; nur zum testen ausgepackt) Ladekabel \/ Verkehrsfunkempf\u00e4nger GTM 36\u00a0 2x USB-Ladekabel &nbsp; Infos \/ Zustand: Sehr [&hellip;]<\/p>\n","protected":false},"featured_media":3230,"template":"","meta":{"ocean_post_layout":"","ocean_both_sidebars_style":"","ocean_both_sidebars_content_width":0,"ocean_both_sidebars_sidebars_width":0,"ocean_sidebar":"0","ocean_second_sidebar":"0","ocean_disable_margins":"enable","ocean_add_body_class":"","ocean_shortcode_before_top_bar":"","ocean_shortcode_after_top_bar":"","ocean_shortcode_before_header":"","ocean_shortcode_after_header":"","ocean_has_shortcode":"","ocean_shortcode_after_title":"","ocean_shortcode_before_footer_widgets":"","ocean_shortcode_after_footer_widgets":"","ocean_shortcode_before_footer_bottom":"","ocean_shortcode_after_footer_bottom":"","ocean_display_top_bar":"default","ocean_display_header":"default","ocean_header_style":"","ocean_center_header_left_menu":"0","ocean_custom_header_template":"0","ocean_custom_logo":0,"ocean_custom_retina_logo":0,"ocean_custom_logo_max_width":0,"ocean_custom_logo_tablet_max_width":0,"ocean_custom_logo_mobile_max_width":0,"ocean_custom_logo_max_height":0,"ocean_custom_logo_tablet_max_height":0,"ocean_custom_logo_mobile_max_height":0,"ocean_header_custom_menu":"0","ocean_menu_typo_font_family":"0","ocean_menu_typo_font_subset":"","ocean_menu_typo_font_size":0,"ocean_menu_typo_font_size_tablet":0,"ocean_menu_typo_font_size_mobile":0,"ocean_menu_typo_font_size_unit":"px","ocean_menu_typo_font_weight":"","ocean_menu_typo_font_weight_tablet":"","ocean_menu_typo_font_weight_mobile":"","ocean_menu_typo_transform":"","ocean_menu_typo_transform_tablet":"","ocean_menu_typo_transform_mobile":"","ocean_menu_typo_line_height":0,"ocean_menu_typo_line_height_tablet":0,"ocean_menu_typo_line_height_mobile":0,"ocean_menu_typo_line_height_unit":"","ocean_menu_typo_spacing":0,"ocean_menu_typo_spacing_tablet":0,"ocean_menu_typo_spacing_mobile":0,"ocean_menu_typo_spacing_unit":"","ocean_menu_link_color":"","ocean_menu_link_color_hover":"","ocean_menu_link_color_active":"","ocean_menu_link_background":"","ocean_menu_link_hover_background":"","ocean_menu_link_active_background":"","ocean_menu_social_links_bg":"","ocean_menu_social_hover_links_bg":"","ocean_menu_social_links_color":"","ocean_menu_social_hover_links_color":"","ocean_disable_title":"default","ocean_disable_heading":"default","ocean_post_title":"","ocean_post_subheading":"","ocean_post_title_style":"","ocean_post_title_background_color":"","ocean_post_title_background":0,"ocean_post_title_bg_image_position":"","ocean_post_title_bg_image_attachment":"","ocean_post_title_bg_image_repeat":"","ocean_post_title_bg_image_size":"","ocean_post_title_height":0,"ocean_post_title_bg_overlay":0.5,"ocean_post_title_bg_overlay_color":"","ocean_disable_breadcrumbs":"default","ocean_breadcrumbs_color":"","ocean_breadcrumbs_separator_color":"","ocean_breadcrumbs_links_color":"","ocean_breadcrumbs_links_hover_color":"","ocean_display_footer_widgets":"default","ocean_display_footer_bottom":"default","ocean_custom_footer_template":"0"},"product_brand":[],"product_cat":[661],"product_tag":[1072,189],"class_list":{"0":"post-3229","1":"product","2":"type-product","3":"status-publish","4":"has-post-thumbnail","6":"product_cat-mobile-navigationsgeraete","7":"product_tag-dezl-770-lm","8":"product_tag-garmin","10":"entry","11":"has-media","13":"first","14":"outofstock","15":"purchasable","16":"product-type-simple","17":"col","18":"span_1_of_4","19":"owp-content-center","20":"item-entry","21":"owp-thumbs-layout-horizontal","22":"owp-btn-normal","23":"owp-tabs-layout-horizontal"},"yoast_head":"<!-- This site is optimized with the Yoast SEO plugin v27.5 - https:\/\/yoast.com\/product\/yoast-seo-wordpress\/ -->\n<title>Garmin DEZL 770 LM 7 Zoll LKW TRUCK Navi Europa Lifetime Maps &amp; Traffic TMC - Navi-Express<\/title>\n<meta name=\"robots\" content=\"index, follow, max-snippet:-1, max-image-preview:large, max-video-preview:-1\" \/>\n<link rel=\"canonical\" href=\"https:\/\/www.navi-express.com\/en\/shop\/garmin\/mobile-navigationsgeraete\/garmin-dezl-770-lm-7-zoll-lkw-truck-navi-europa-lifetime-maps-traffic-tmc\/\" \/>\n<meta property=\"og:locale\" content=\"en_US\" \/>\n<meta property=\"og:type\" content=\"article\" \/>\n<meta property=\"og:title\" content=\"Garmin DEZL 770 LM 7 Zoll LKW TRUCK Navi Europa Lifetime Maps &amp; Traffic TMC - Navi-Express\" \/>\n<meta property=\"og:description\" content=\"&nbsp; Original Garmin DEZL 770 LM Europa LKW TRUCK Navigationsger\u00e4t mit 7 Zoll Display in gutem, gebrauchten Zustand &gt;&gt; Ger\u00e4t hat keinen integrierten Verkehrsfunkempf\u00e4nger, daf\u00fcr ist das Empf\u00e4ngerkabel GTM 36 dabei f\u00fcr TMC-Empfang &nbsp; inklusive Zubeh\u00f6r: Saugnapf Halterung (Neu; nur zum testen ausgepackt) Ladekabel \/ Verkehrsfunkempf\u00e4nger GTM 36\u00a0 2x USB-Ladekabel &nbsp; Infos \/ Zustand: Sehr [&hellip;]\" \/>\n<meta property=\"og:url\" content=\"https:\/\/www.navi-express.com\/en\/shop\/garmin\/mobile-navigationsgeraete\/garmin-dezl-770-lm-7-zoll-lkw-truck-navi-europa-lifetime-maps-traffic-tmc\/\" \/>\n<meta property=\"og:site_name\" content=\"Navi-Express\" \/>\n<meta property=\"article:modified_time\" content=\"2026-03-05T09:05:24+00:00\" \/>\n<meta property=\"og:image\" content=\"https:\/\/www.navi-express.com\/wp-content\/uploads\/2024\/12\/IMG_20241119_093424-scaled.jpg\" \/>\n\t<meta property=\"og:image:width\" content=\"2560\" \/>\n\t<meta property=\"og:image:height\" content=\"1920\" \/>\n\t<meta property=\"og:image:type\" content=\"image\/jpeg\" \/>\n<meta name=\"twitter:card\" content=\"summary_large_image\" \/>\n<meta name=\"twitter:label1\" content=\"Est. reading time\" \/>\n\t<meta name=\"twitter:data1\" content=\"2 minutes\" \/>\n<script type=\"application\/ld+json\" class=\"yoast-schema-graph\">{\"@context\":\"https:\\\/\\\/schema.org\",\"@graph\":[{\"@type\":\"WebPage\",\"@id\":\"https:\\\/\\\/www.navi-express.com\\\/shop\\\/garmin\\\/mobile-navigationsgeraete\\\/garmin-dezl-770-lm-7-zoll-lkw-truck-navi-europa-lifetime-maps-traffic-tmc\\\/\",\"url\":\"https:\\\/\\\/www.navi-express.com\\\/shop\\\/garmin\\\/mobile-navigationsgeraete\\\/garmin-dezl-770-lm-7-zoll-lkw-truck-navi-europa-lifetime-maps-traffic-tmc\\\/\",\"name\":\"Garmin DEZL 770 LM 7 Zoll LKW TRUCK Navi Europa Lifetime Maps & Traffic TMC - Navi-Express\",\"isPartOf\":{\"@id\":\"https:\\\/\\\/www.navi-express.com\\\/#website\"},\"primaryImageOfPage\":{\"@id\":\"https:\\\/\\\/www.navi-express.com\\\/shop\\\/garmin\\\/mobile-navigationsgeraete\\\/garmin-dezl-770-lm-7-zoll-lkw-truck-navi-europa-lifetime-maps-traffic-tmc\\\/#primaryimage\"},\"image\":{\"@id\":\"https:\\\/\\\/www.navi-express.com\\\/shop\\\/garmin\\\/mobile-navigationsgeraete\\\/garmin-dezl-770-lm-7-zoll-lkw-truck-navi-europa-lifetime-maps-traffic-tmc\\\/#primaryimage\"},\"thumbnailUrl\":\"https:\\\/\\\/www.navi-express.com\\\/wp-content\\\/uploads\\\/2024\\\/12\\\/IMG_20241119_093424-scaled.jpg\",\"datePublished\":\"2024-12-17T12:57:22+00:00\",\"dateModified\":\"2026-03-05T09:05:24+00:00\",\"breadcrumb\":{\"@id\":\"https:\\\/\\\/www.navi-express.com\\\/shop\\\/garmin\\\/mobile-navigationsgeraete\\\/garmin-dezl-770-lm-7-zoll-lkw-truck-navi-europa-lifetime-maps-traffic-tmc\\\/#breadcrumb\"},\"inLanguage\":\"en-US\",\"potentialAction\":[{\"@type\":\"ReadAction\",\"target\":[\"https:\\\/\\\/www.navi-express.com\\\/shop\\\/garmin\\\/mobile-navigationsgeraete\\\/garmin-dezl-770-lm-7-zoll-lkw-truck-navi-europa-lifetime-maps-traffic-tmc\\\/\"]}]},{\"@type\":\"ImageObject\",\"inLanguage\":\"en-US\",\"@id\":\"https:\\\/\\\/www.navi-express.com\\\/shop\\\/garmin\\\/mobile-navigationsgeraete\\\/garmin-dezl-770-lm-7-zoll-lkw-truck-navi-europa-lifetime-maps-traffic-tmc\\\/#primaryimage\",\"url\":\"https:\\\/\\\/www.navi-express.com\\\/wp-content\\\/uploads\\\/2024\\\/12\\\/IMG_20241119_093424-scaled.jpg\",\"contentUrl\":\"https:\\\/\\\/www.navi-express.com\\\/wp-content\\\/uploads\\\/2024\\\/12\\\/IMG_20241119_093424-scaled.jpg\",\"width\":2560,\"height\":1920},{\"@type\":\"BreadcrumbList\",\"@id\":\"https:\\\/\\\/www.navi-express.com\\\/shop\\\/garmin\\\/mobile-navigationsgeraete\\\/garmin-dezl-770-lm-7-zoll-lkw-truck-navi-europa-lifetime-maps-traffic-tmc\\\/#breadcrumb\",\"itemListElement\":[{\"@type\":\"ListItem\",\"position\":1,\"name\":\"Startseite\",\"item\":\"https:\\\/\\\/www.navi-express.com\\\/\"},{\"@type\":\"ListItem\",\"position\":2,\"name\":\"Shop\",\"item\":\"https:\\\/\\\/www.navi-express.com\\\/shop\\\/\"},{\"@type\":\"ListItem\",\"position\":3,\"name\":\"Garmin DEZL 770 LM 7 Zoll LKW TRUCK Navi Europa Lifetime Maps &#038; Traffic TMC\"}]},{\"@type\":\"WebSite\",\"@id\":\"https:\\\/\\\/www.navi-express.com\\\/#website\",\"url\":\"https:\\\/\\\/www.navi-express.com\\\/\",\"name\":\"Navi-Express\",\"description\":\"Ihr Experte f\u00fcr Navigation\",\"publisher\":{\"@id\":\"https:\\\/\\\/www.navi-express.com\\\/#organization\"},\"alternateName\":\"NE\",\"potentialAction\":[{\"@type\":\"SearchAction\",\"target\":{\"@type\":\"EntryPoint\",\"urlTemplate\":\"https:\\\/\\\/www.navi-express.com\\\/?s={search_term_string}\"},\"query-input\":{\"@type\":\"PropertyValueSpecification\",\"valueRequired\":true,\"valueName\":\"search_term_string\"}}],\"inLanguage\":\"en-US\"},{\"@type\":\"Organization\",\"@id\":\"https:\\\/\\\/www.navi-express.com\\\/#organization\",\"name\":\"Navi-Express\",\"alternateName\":\"NE\",\"url\":\"https:\\\/\\\/www.navi-express.com\\\/\",\"logo\":{\"@type\":\"ImageObject\",\"inLanguage\":\"en-US\",\"@id\":\"https:\\\/\\\/www.navi-express.com\\\/#\\\/schema\\\/logo\\\/image\\\/\",\"url\":\"https:\\\/\\\/www.navi-express.com\\\/wp-content\\\/uploads\\\/2019\\\/03\\\/cropped-logo-transpbearb-1.png\",\"contentUrl\":\"https:\\\/\\\/www.navi-express.com\\\/wp-content\\\/uploads\\\/2019\\\/03\\\/cropped-logo-transpbearb-1.png\",\"width\":512,\"height\":512,\"caption\":\"Navi-Express\"},\"image\":{\"@id\":\"https:\\\/\\\/www.navi-express.com\\\/#\\\/schema\\\/logo\\\/image\\\/\"}}]}<\/script>\n<!-- \/ Yoast SEO plugin. -->","yoast_head_json":{"title":"Garmin DEZL 770 LM 7 Zoll LKW TRUCK Navi Europa Lifetime Maps & Traffic TMC - Navi-Express","robots":{"index":"index","follow":"follow","max-snippet":"max-snippet:-1","max-image-preview":"max-image-preview:large","max-video-preview":"max-video-preview:-1"},"canonical":"https:\/\/www.navi-express.com\/en\/shop\/garmin\/mobile-navigationsgeraete\/garmin-dezl-770-lm-7-zoll-lkw-truck-navi-europa-lifetime-maps-traffic-tmc\/","og_locale":"en_US","og_type":"article","og_title":"Garmin DEZL 770 LM 7 Zoll LKW TRUCK Navi Europa Lifetime Maps & Traffic TMC - Navi-Express","og_description":"&nbsp; Original Garmin DEZL 770 LM Europa LKW TRUCK Navigationsger\u00e4t mit 7 Zoll Display in gutem, gebrauchten Zustand &gt;&gt; Ger\u00e4t hat keinen integrierten Verkehrsfunkempf\u00e4nger, daf\u00fcr ist das Empf\u00e4ngerkabel GTM 36 dabei f\u00fcr TMC-Empfang &nbsp; inklusive Zubeh\u00f6r: Saugnapf Halterung (Neu; nur zum testen ausgepackt) Ladekabel \/ Verkehrsfunkempf\u00e4nger GTM 36\u00a0 2x USB-Ladekabel &nbsp; Infos \/ Zustand: Sehr [&hellip;]","og_url":"https:\/\/www.navi-express.com\/en\/shop\/garmin\/mobile-navigationsgeraete\/garmin-dezl-770-lm-7-zoll-lkw-truck-navi-europa-lifetime-maps-traffic-tmc\/","og_site_name":"Navi-Express","article_modified_time":"2026-03-05T09:05:24+00:00","og_image":[{"width":2560,"height":1920,"url":"https:\/\/www.navi-express.com\/wp-content\/uploads\/2024\/12\/IMG_20241119_093424-scaled.jpg","type":"image\/jpeg"}],"twitter_card":"summary_large_image","twitter_misc":{"Est. reading time":"2 minutes"},"schema":{"@context":"https:\/\/schema.org","@graph":[{"@type":"WebPage","@id":"https:\/\/www.navi-express.com\/shop\/garmin\/mobile-navigationsgeraete\/garmin-dezl-770-lm-7-zoll-lkw-truck-navi-europa-lifetime-maps-traffic-tmc\/","url":"https:\/\/www.navi-express.com\/shop\/garmin\/mobile-navigationsgeraete\/garmin-dezl-770-lm-7-zoll-lkw-truck-navi-europa-lifetime-maps-traffic-tmc\/","name":"Garmin DEZL 770 LM 7 Zoll LKW TRUCK Navi Europa Lifetime Maps & Traffic TMC - Navi-Express","isPartOf":{"@id":"https:\/\/www.navi-express.com\/#website"},"primaryImageOfPage":{"@id":"https:\/\/www.navi-express.com\/shop\/garmin\/mobile-navigationsgeraete\/garmin-dezl-770-lm-7-zoll-lkw-truck-navi-europa-lifetime-maps-traffic-tmc\/#primaryimage"},"image":{"@id":"https:\/\/www.navi-express.com\/shop\/garmin\/mobile-navigationsgeraete\/garmin-dezl-770-lm-7-zoll-lkw-truck-navi-europa-lifetime-maps-traffic-tmc\/#primaryimage"},"thumbnailUrl":"https:\/\/www.navi-express.com\/wp-content\/uploads\/2024\/12\/IMG_20241119_093424-scaled.jpg","datePublished":"2024-12-17T12:57:22+00:00","dateModified":"2026-03-05T09:05:24+00:00","breadcrumb":{"@id":"https:\/\/www.navi-express.com\/shop\/garmin\/mobile-navigationsgeraete\/garmin-dezl-770-lm-7-zoll-lkw-truck-navi-europa-lifetime-maps-traffic-tmc\/#breadcrumb"},"inLanguage":"en-US","potentialAction":[{"@type":"ReadAction","target":["https:\/\/www.navi-express.com\/shop\/garmin\/mobile-navigationsgeraete\/garmin-dezl-770-lm-7-zoll-lkw-truck-navi-europa-lifetime-maps-traffic-tmc\/"]}]},{"@type":"ImageObject","inLanguage":"en-US","@id":"https:\/\/www.navi-express.com\/shop\/garmin\/mobile-navigationsgeraete\/garmin-dezl-770-lm-7-zoll-lkw-truck-navi-europa-lifetime-maps-traffic-tmc\/#primaryimage","url":"https:\/\/www.navi-express.com\/wp-content\/uploads\/2024\/12\/IMG_20241119_093424-scaled.jpg","contentUrl":"https:\/\/www.navi-express.com\/wp-content\/uploads\/2024\/12\/IMG_20241119_093424-scaled.jpg","width":2560,"height":1920},{"@type":"BreadcrumbList","@id":"https:\/\/www.navi-express.com\/shop\/garmin\/mobile-navigationsgeraete\/garmin-dezl-770-lm-7-zoll-lkw-truck-navi-europa-lifetime-maps-traffic-tmc\/#breadcrumb","itemListElement":[{"@type":"ListItem","position":1,"name":"Startseite","item":"https:\/\/www.navi-express.com\/"},{"@type":"ListItem","position":2,"name":"Shop","item":"https:\/\/www.navi-express.com\/shop\/"},{"@type":"ListItem","position":3,"name":"Garmin DEZL 770 LM 7 Zoll LKW TRUCK Navi Europa Lifetime Maps &#038; Traffic TMC"}]},{"@type":"WebSite","@id":"https:\/\/www.navi-express.com\/#website","url":"https:\/\/www.navi-express.com\/","name":"Navi-Express","description":"Ihr Experte f\u00fcr Navigation","publisher":{"@id":"https:\/\/www.navi-express.com\/#organization"},"alternateName":"NE","potentialAction":[{"@type":"SearchAction","target":{"@type":"EntryPoint","urlTemplate":"https:\/\/www.navi-express.com\/?s={search_term_string}"},"query-input":{"@type":"PropertyValueSpecification","valueRequired":true,"valueName":"search_term_string"}}],"inLanguage":"en-US"},{"@type":"Organization","@id":"https:\/\/www.navi-express.com\/#organization","name":"Navi-Express","alternateName":"NE","url":"https:\/\/www.navi-express.com\/","logo":{"@type":"ImageObject","inLanguage":"en-US","@id":"https:\/\/www.navi-express.com\/#\/schema\/logo\/image\/","url":"https:\/\/www.navi-express.com\/wp-content\/uploads\/2019\/03\/cropped-logo-transpbearb-1.png","contentUrl":"https:\/\/www.navi-express.com\/wp-content\/uploads\/2019\/03\/cropped-logo-transpbearb-1.png","width":512,"height":512,"caption":"Navi-Express"},"image":{"@id":"https:\/\/www.navi-express.com\/#\/schema\/logo\/image\/"}}]}},"_links":{"self":[{"href":"https:\/\/www.navi-express.com\/en\/wp-json\/wp\/v2\/product\/3229","targetHints":{"allow":["GET"]}}],"collection":[{"href":"https:\/\/www.navi-express.com\/en\/wp-json\/wp\/v2\/product"}],"about":[{"href":"https:\/\/www.navi-express.com\/en\/wp-json\/wp\/v2\/types\/product"}],"wp:featuredmedia":[{"embeddable":true,"href":"https:\/\/www.navi-express.com\/en\/wp-json\/wp\/v2\/media\/3230"}],"wp:attachment":[{"href":"https:\/\/www.navi-express.com\/en\/wp-json\/wp\/v2\/media?parent=3229"}],"wp:term":[{"taxonomy":"product_brand","embeddable":true,"href":"https:\/\/www.navi-express.com\/en\/wp-json\/wp\/v2\/product_brand?post=3229"},{"taxonomy":"product_cat","embeddable":true,"href":"https:\/\/www.navi-express.com\/en\/wp-json\/wp\/v2\/product_cat?post=3229"},{"taxonomy":"product_tag","embeddable":true,"href":"https:\/\/www.navi-express.com\/en\/wp-json\/wp\/v2\/product_tag?post=3229"}],"curies":[{"name":"wp","href":"https:\/\/api.w.org\/{rel}","templated":true}]}}