{"id":3246,"date":"2024-12-17T14:23:48","date_gmt":"2024-12-17T13:23:48","guid":{"rendered":"https:\/\/www.navi-express.com\/?post_type=product&#038;p=3246"},"modified":"2026-03-05T10:06:25","modified_gmt":"2026-03-05T09:06:25","slug":"garmin-dezl-lgv500-55-zoll-lkw-truck-bus-navi-europa-maps-live-traffic-wlan-neu","status":"publish","type":"product","link":"https:\/\/www.navi-express.com\/en\/shop\/garmin\/mobile-navigationsgeraete\/garmin-dezl-lgv500-55-zoll-lkw-truck-bus-navi-europa-maps-live-traffic-wlan-neu\/","title":{"rendered":"Garmin DEZL LGV500 5,5 Zoll LKW TRUCK BUS Navi Europa Maps &#038; Live Traffic &#038; WLAN (NEU)"},"content":{"rendered":"<p>&nbsp;<\/p>\n<div>\n<div>\n<div>\n<div>\n<div>\n<div>\n<p><span style=\"font-size: large;\"><span style=\"font-family: Arial;\"><b>Original und NEU in OVP<\/b><\/span><\/span><\/p>\n<div>\n<p><span style=\"font-size: large;\"><span style=\"font-family: Arial;\"><b>Garmin DEZL LGV500 5,5 Zoll Truck LKW Bus Sattelzug Navigationsger\u00e4t<\/b><\/span><\/span><\/p>\n<div><\/div>\n<div>\n<div><span style=\"font-family: Arial;\"><b><br \/>\n<\/b><\/span><\/p>\n<div>\n<div>\n<div><u><b>inklusive Zubeh\u00f6r:<\/b><\/u><\/div>\n<div>\n<div>\n<ul>\n<li>dezl LGV500<\/li>\n<li>Saugnapfhalterung<\/li>\n<li>KFZ-Anschlusskabel<\/li>\n<li>USB-Kabel<\/li>\n<li>Dokumentation<\/li>\n<\/ul>\n<\/div>\n<div><\/div>\n<p>&nbsp;<\/p>\n<div><u><b>Daten:<\/b><\/u><\/div>\n<div>\n<div>\n<ul>\n<li>LKW-Navigation in Europa (46 L\u00e4nder) mit smarten Funktionen<\/li>\n<li>5,5 Zoll gro\u00dfes Touchscreen-Display<\/li>\n<li>Karten- und Softwareupdates \u00fcber WiFi \/ WLAN<\/li>\n<li>Fahrzeugspezifische Routenf\u00fchrung (1) passend zu Abmessungen und Gewicht des LKWs<\/li>\n<li>Truck Parking Europe Daten werden entlang der Route angezeigt<\/li>\n<li>POIs suchbar wie z.B. Duschen oder Tankstellen<\/li>\n<li>Load-to-Dock: Suche mit dem Dock-Routing nach Be- und Entladezonen oder Lagerpl\u00e4tzen vor Ort<\/li>\n<li>Sprachassistenz und Freisprechfunktion (2)<\/li>\n<li>Beliebte LKW-Routen zum Anschauen<\/li>\n<li>Warnungen und Hinweise zu vorausliegenden Kurven, Bahn\u00fcberg\u00e4ngen, Wildwechseln, engen Stra\u00dfen, Steigungen, Gef\u00e4lle, Seitenwinden, Gefahr des Bodenkontakts, Grenzen uvm.<\/li>\n<li>Finde bevorzugte Truckstops mit dem vorinstallierten Verzeichnis von Truck &amp; Trailer Services, bei dem die Eintr\u00e4ge nach Marke oder Leistung gefiltert werden k\u00f6nnen<\/li>\n<li>Pausenplanung leicht gemacht: Der Fahrzeug-Timer zeigt die t\u00e4glichen Fahrstunden, Gesamtfahrstunden, sowie die Zeit bis zur Pause an. Vor Ablauf der Lenkzeit erfolgt ein Vorschlag f\u00fcr die n\u00e4chste passende Ausfahrt und POIs f\u00fcr die Rast<\/li>\n<li>Kopple das Smartphone mit dem Garmin-Ger\u00e4t und lade die Garmin Drive App herunter, um auf Echtzeitdienste zu Verkehr und Wetter sowie auf Spritpreise (3) zuzugreifen<\/li>\n<li>Wenn das Ger\u00e4t mit der Drive App gekoppelt ist, ist es m\u00f6glich SMS-Nachrichten und andere Benachrichtigungen vom Telefon auf dem Display des Navis zu sehen<\/li>\n<li>POIs von TRIPADVISOR und POI-Suche nach Namen<\/li>\n<li>Live-Traffic \u00fcber Kopplung mit dem Smartphone und der Garmin Drive App<\/li>\n<li>kompatibel z.B. mit der Garmin R\u00fcckfahrkamera BC 40 (mehr Informationen erh\u00e4ltlich dazu bei Garmin)<\/li>\n<\/ul>\n<\/div>\n<\/div>\n<div>\n<div><\/div>\n<div><\/div>\n<p>&nbsp;<\/p>\n<div>(1)\u00a0Nicht in allen Gebieten verf\u00fcgbar. Die Eingabe der Profildaten des LKWs garantiert nicht, dass diese Profildaten in allen Routenvorschl\u00e4gen ber\u00fccksichtigt werden. Die Anweisungen auf Stra\u00dfenschildern sind zu jeder Zeit einzuhalten. Au\u00dferdem m\u00fcssen die jeweiligen Stra\u00dfenbedingungen und zul\u00e4ssigen Geschwindigkeiten beachtet werden.<\/div>\n<div>(2)\u00a0Bluetooth-f\u00e4higes Smartphone erforderlich.<\/div>\n<div>(3)\u00a0Zum Verwenden dieser Funktion musst du die Garmin Drive-App auf ein kompatibles Bluetooth- und GPS-f\u00e4higes Smartphone herunterladen<\/div>\n<\/div>\n<\/div>\n<\/div>\n<\/div>\n<\/div>\n<\/div>\n<\/div>\n<\/div>\n<\/div>\n<\/div>\n<p>&nbsp;<\/p>\n<div>\n<p>&nbsp;<\/p>\n<\/div>\n<\/div>\n<p>&nbsp;<\/p>\n<div>\n<p>_______________________________________________________________________________________________________________________<\/p>\n<p><strong><span style=\"color: #000000;\"><u>Hersteller \/ EU verantwortliche Person:<\/u><\/span><\/strong><\/p>\n<p><strong><span style=\"color: #000000;\">Garmin Deutschland GmbH<\/span><\/strong><\/p>\n<p><strong><span style=\"color: #000000;\">Parkring 35<\/span><\/strong><\/p>\n<p><strong><span style=\"color: #000000;\">85748 Garching<\/span><\/strong><\/p>\n<p><strong><span style=\"color: #000000;\">Deutschland<\/span><\/strong><\/p>\n<p><strong><span style=\"color: #000000;\">Tel.: +49 89 541999-700<\/span><\/strong><\/p>\n<p><strong><span style=\"color: #000000;\">E-Mail: impressum@garmin.de<\/span><\/strong><\/p>\n<\/div>\n<\/div>\n<\/div>","protected":false},"excerpt":{"rendered":"<p>&nbsp; Original und NEU in OVP Garmin DEZL LGV500 5,5 Zoll Truck LKW Bus Sattelzug Navigationsger\u00e4t inklusive Zubeh\u00f6r: dezl LGV500 Saugnapfhalterung KFZ-Anschlusskabel USB-Kabel Dokumentation &nbsp; Daten: LKW-Navigation in Europa (46 L\u00e4nder) mit smarten Funktionen 5,5 Zoll gro\u00dfes Touchscreen-Display Karten- und Softwareupdates \u00fcber WiFi \/ WLAN Fahrzeugspezifische Routenf\u00fchrung (1) passend zu Abmessungen und Gewicht des LKWs [&hellip;]<\/p>\n","protected":false},"featured_media":3247,"template":"","meta":{"ocean_post_layout":"","ocean_both_sidebars_style":"","ocean_both_sidebars_content_width":0,"ocean_both_sidebars_sidebars_width":0,"ocean_sidebar":"0","ocean_second_sidebar":"0","ocean_disable_margins":"enable","ocean_add_body_class":"","ocean_shortcode_before_top_bar":"","ocean_shortcode_after_top_bar":"","ocean_shortcode_before_header":"","ocean_shortcode_after_header":"","ocean_has_shortcode":"","ocean_shortcode_after_title":"","ocean_shortcode_before_footer_widgets":"","ocean_shortcode_after_footer_widgets":"","ocean_shortcode_before_footer_bottom":"","ocean_shortcode_after_footer_bottom":"","ocean_display_top_bar":"default","ocean_display_header":"default","ocean_header_style":"","ocean_center_header_left_menu":"0","ocean_custom_header_template":"0","ocean_custom_logo":0,"ocean_custom_retina_logo":0,"ocean_custom_logo_max_width":0,"ocean_custom_logo_tablet_max_width":0,"ocean_custom_logo_mobile_max_width":0,"ocean_custom_logo_max_height":0,"ocean_custom_logo_tablet_max_height":0,"ocean_custom_logo_mobile_max_height":0,"ocean_header_custom_menu":"0","ocean_menu_typo_font_family":"0","ocean_menu_typo_font_subset":"","ocean_menu_typo_font_size":0,"ocean_menu_typo_font_size_tablet":0,"ocean_menu_typo_font_size_mobile":0,"ocean_menu_typo_font_size_unit":"px","ocean_menu_typo_font_weight":"","ocean_menu_typo_font_weight_tablet":"","ocean_menu_typo_font_weight_mobile":"","ocean_menu_typo_transform":"","ocean_menu_typo_transform_tablet":"","ocean_menu_typo_transform_mobile":"","ocean_menu_typo_line_height":0,"ocean_menu_typo_line_height_tablet":0,"ocean_menu_typo_line_height_mobile":0,"ocean_menu_typo_line_height_unit":"","ocean_menu_typo_spacing":0,"ocean_menu_typo_spacing_tablet":0,"ocean_menu_typo_spacing_mobile":0,"ocean_menu_typo_spacing_unit":"","ocean_menu_link_color":"","ocean_menu_link_color_hover":"","ocean_menu_link_color_active":"","ocean_menu_link_background":"","ocean_menu_link_hover_background":"","ocean_menu_link_active_background":"","ocean_menu_social_links_bg":"","ocean_menu_social_hover_links_bg":"","ocean_menu_social_links_color":"","ocean_menu_social_hover_links_color":"","ocean_disable_title":"default","ocean_disable_heading":"default","ocean_post_title":"","ocean_post_subheading":"","ocean_post_title_style":"","ocean_post_title_background_color":"","ocean_post_title_background":0,"ocean_post_title_bg_image_position":"","ocean_post_title_bg_image_attachment":"","ocean_post_title_bg_image_repeat":"","ocean_post_title_bg_image_size":"","ocean_post_title_height":0,"ocean_post_title_bg_overlay":0.5,"ocean_post_title_bg_overlay_color":"","ocean_disable_breadcrumbs":"default","ocean_breadcrumbs_color":"","ocean_breadcrumbs_separator_color":"","ocean_breadcrumbs_links_color":"","ocean_breadcrumbs_links_hover_color":"","ocean_display_footer_widgets":"default","ocean_display_footer_bottom":"default","ocean_custom_footer_template":"0"},"product_brand":[],"product_cat":[661],"product_tag":[1074,189],"class_list":{"0":"post-3246","1":"product","2":"type-product","3":"status-publish","4":"has-post-thumbnail","6":"product_cat-mobile-navigationsgeraete","7":"product_tag-dezl-lgv500","8":"product_tag-garmin","10":"entry","11":"has-media","13":"first","14":"outofstock","15":"purchasable","16":"product-type-simple","17":"col","18":"span_1_of_4","19":"owp-content-center","20":"item-entry","21":"owp-thumbs-layout-horizontal","22":"owp-btn-normal","23":"owp-tabs-layout-horizontal","24":"has-no-thumbnails"},"yoast_head":"<!-- This site is optimized with the Yoast SEO plugin v27.5 - https:\/\/yoast.com\/product\/yoast-seo-wordpress\/ -->\n<title>Garmin DEZL LGV500 5,5 Zoll LKW TRUCK BUS Navi Europa Maps &amp; Live Traffic &amp; WLAN (NEU) - Navi-Express<\/title>\n<meta name=\"robots\" content=\"index, follow, max-snippet:-1, max-image-preview:large, max-video-preview:-1\" \/>\n<link rel=\"canonical\" href=\"https:\/\/www.navi-express.com\/en\/shop\/garmin\/mobile-navigationsgeraete\/garmin-dezl-lgv500-55-zoll-lkw-truck-bus-navi-europa-maps-live-traffic-wlan-neu\/\" \/>\n<meta property=\"og:locale\" content=\"en_US\" \/>\n<meta property=\"og:type\" content=\"article\" \/>\n<meta property=\"og:title\" content=\"Garmin DEZL LGV500 5,5 Zoll LKW TRUCK BUS Navi Europa Maps &amp; Live Traffic &amp; WLAN (NEU) - Navi-Express\" \/>\n<meta property=\"og:description\" content=\"&nbsp; Original und NEU in OVP Garmin DEZL LGV500 5,5 Zoll Truck LKW Bus Sattelzug Navigationsger\u00e4t inklusive Zubeh\u00f6r: dezl LGV500 Saugnapfhalterung KFZ-Anschlusskabel USB-Kabel Dokumentation &nbsp; Daten: LKW-Navigation in Europa (46 L\u00e4nder) mit smarten Funktionen 5,5 Zoll gro\u00dfes Touchscreen-Display Karten- und Softwareupdates \u00fcber WiFi \/ WLAN Fahrzeugspezifische Routenf\u00fchrung (1) passend zu Abmessungen und Gewicht des LKWs [&hellip;]\" \/>\n<meta property=\"og:url\" content=\"https:\/\/www.navi-express.com\/en\/shop\/garmin\/mobile-navigationsgeraete\/garmin-dezl-lgv500-55-zoll-lkw-truck-bus-navi-europa-maps-live-traffic-wlan-neu\/\" \/>\n<meta property=\"og:site_name\" content=\"Navi-Express\" \/>\n<meta property=\"article:modified_time\" content=\"2026-03-05T09:06:25+00:00\" \/>\n<meta property=\"og:image\" content=\"https:\/\/www.navi-express.com\/wp-content\/uploads\/2024\/12\/IMG_20241207_122802-scaled.jpg\" \/>\n\t<meta property=\"og:image:width\" content=\"2560\" \/>\n\t<meta property=\"og:image:height\" content=\"1920\" \/>\n\t<meta property=\"og:image:type\" content=\"image\/jpeg\" \/>\n<meta name=\"twitter:card\" content=\"summary_large_image\" \/>\n<meta name=\"twitter:label1\" content=\"Est. reading time\" \/>\n\t<meta name=\"twitter:data1\" content=\"3 minutes\" \/>\n<script type=\"application\/ld+json\" class=\"yoast-schema-graph\">{\"@context\":\"https:\\\/\\\/schema.org\",\"@graph\":[{\"@type\":\"WebPage\",\"@id\":\"https:\\\/\\\/www.navi-express.com\\\/shop\\\/garmin\\\/mobile-navigationsgeraete\\\/garmin-dezl-lgv500-55-zoll-lkw-truck-bus-navi-europa-maps-live-traffic-wlan-neu\\\/\",\"url\":\"https:\\\/\\\/www.navi-express.com\\\/shop\\\/garmin\\\/mobile-navigationsgeraete\\\/garmin-dezl-lgv500-55-zoll-lkw-truck-bus-navi-europa-maps-live-traffic-wlan-neu\\\/\",\"name\":\"Garmin DEZL LGV500 5,5 Zoll LKW TRUCK BUS Navi Europa Maps & Live Traffic & WLAN (NEU) - Navi-Express\",\"isPartOf\":{\"@id\":\"https:\\\/\\\/www.navi-express.com\\\/#website\"},\"primaryImageOfPage\":{\"@id\":\"https:\\\/\\\/www.navi-express.com\\\/shop\\\/garmin\\\/mobile-navigationsgeraete\\\/garmin-dezl-lgv500-55-zoll-lkw-truck-bus-navi-europa-maps-live-traffic-wlan-neu\\\/#primaryimage\"},\"image\":{\"@id\":\"https:\\\/\\\/www.navi-express.com\\\/shop\\\/garmin\\\/mobile-navigationsgeraete\\\/garmin-dezl-lgv500-55-zoll-lkw-truck-bus-navi-europa-maps-live-traffic-wlan-neu\\\/#primaryimage\"},\"thumbnailUrl\":\"https:\\\/\\\/www.navi-express.com\\\/wp-content\\\/uploads\\\/2024\\\/12\\\/IMG_20241207_122802-scaled.jpg\",\"datePublished\":\"2024-12-17T13:23:48+00:00\",\"dateModified\":\"2026-03-05T09:06:25+00:00\",\"breadcrumb\":{\"@id\":\"https:\\\/\\\/www.navi-express.com\\\/shop\\\/garmin\\\/mobile-navigationsgeraete\\\/garmin-dezl-lgv500-55-zoll-lkw-truck-bus-navi-europa-maps-live-traffic-wlan-neu\\\/#breadcrumb\"},\"inLanguage\":\"en-US\",\"potentialAction\":[{\"@type\":\"ReadAction\",\"target\":[\"https:\\\/\\\/www.navi-express.com\\\/shop\\\/garmin\\\/mobile-navigationsgeraete\\\/garmin-dezl-lgv500-55-zoll-lkw-truck-bus-navi-europa-maps-live-traffic-wlan-neu\\\/\"]}]},{\"@type\":\"ImageObject\",\"inLanguage\":\"en-US\",\"@id\":\"https:\\\/\\\/www.navi-express.com\\\/shop\\\/garmin\\\/mobile-navigationsgeraete\\\/garmin-dezl-lgv500-55-zoll-lkw-truck-bus-navi-europa-maps-live-traffic-wlan-neu\\\/#primaryimage\",\"url\":\"https:\\\/\\\/www.navi-express.com\\\/wp-content\\\/uploads\\\/2024\\\/12\\\/IMG_20241207_122802-scaled.jpg\",\"contentUrl\":\"https:\\\/\\\/www.navi-express.com\\\/wp-content\\\/uploads\\\/2024\\\/12\\\/IMG_20241207_122802-scaled.jpg\",\"width\":2560,\"height\":1920},{\"@type\":\"BreadcrumbList\",\"@id\":\"https:\\\/\\\/www.navi-express.com\\\/shop\\\/garmin\\\/mobile-navigationsgeraete\\\/garmin-dezl-lgv500-55-zoll-lkw-truck-bus-navi-europa-maps-live-traffic-wlan-neu\\\/#breadcrumb\",\"itemListElement\":[{\"@type\":\"ListItem\",\"position\":1,\"name\":\"Startseite\",\"item\":\"https:\\\/\\\/www.navi-express.com\\\/\"},{\"@type\":\"ListItem\",\"position\":2,\"name\":\"Shop\",\"item\":\"https:\\\/\\\/www.navi-express.com\\\/shop\\\/\"},{\"@type\":\"ListItem\",\"position\":3,\"name\":\"Garmin DEZL LGV500 5,5 Zoll LKW TRUCK BUS Navi Europa Maps &#038; Live Traffic &#038; WLAN (NEU)\"}]},{\"@type\":\"WebSite\",\"@id\":\"https:\\\/\\\/www.navi-express.com\\\/#website\",\"url\":\"https:\\\/\\\/www.navi-express.com\\\/\",\"name\":\"Navi-Express\",\"description\":\"Ihr Experte f\u00fcr Navigation\",\"publisher\":{\"@id\":\"https:\\\/\\\/www.navi-express.com\\\/#organization\"},\"alternateName\":\"NE\",\"potentialAction\":[{\"@type\":\"SearchAction\",\"target\":{\"@type\":\"EntryPoint\",\"urlTemplate\":\"https:\\\/\\\/www.navi-express.com\\\/?s={search_term_string}\"},\"query-input\":{\"@type\":\"PropertyValueSpecification\",\"valueRequired\":true,\"valueName\":\"search_term_string\"}}],\"inLanguage\":\"en-US\"},{\"@type\":\"Organization\",\"@id\":\"https:\\\/\\\/www.navi-express.com\\\/#organization\",\"name\":\"Navi-Express\",\"alternateName\":\"NE\",\"url\":\"https:\\\/\\\/www.navi-express.com\\\/\",\"logo\":{\"@type\":\"ImageObject\",\"inLanguage\":\"en-US\",\"@id\":\"https:\\\/\\\/www.navi-express.com\\\/#\\\/schema\\\/logo\\\/image\\\/\",\"url\":\"https:\\\/\\\/www.navi-express.com\\\/wp-content\\\/uploads\\\/2019\\\/03\\\/cropped-logo-transpbearb-1.png\",\"contentUrl\":\"https:\\\/\\\/www.navi-express.com\\\/wp-content\\\/uploads\\\/2019\\\/03\\\/cropped-logo-transpbearb-1.png\",\"width\":512,\"height\":512,\"caption\":\"Navi-Express\"},\"image\":{\"@id\":\"https:\\\/\\\/www.navi-express.com\\\/#\\\/schema\\\/logo\\\/image\\\/\"}}]}<\/script>\n<!-- \/ Yoast SEO plugin. -->","yoast_head_json":{"title":"Garmin DEZL LGV500 5,5 Zoll LKW TRUCK BUS Navi Europa Maps & Live Traffic & WLAN (NEU) - Navi-Express","robots":{"index":"index","follow":"follow","max-snippet":"max-snippet:-1","max-image-preview":"max-image-preview:large","max-video-preview":"max-video-preview:-1"},"canonical":"https:\/\/www.navi-express.com\/en\/shop\/garmin\/mobile-navigationsgeraete\/garmin-dezl-lgv500-55-zoll-lkw-truck-bus-navi-europa-maps-live-traffic-wlan-neu\/","og_locale":"en_US","og_type":"article","og_title":"Garmin DEZL LGV500 5,5 Zoll LKW TRUCK BUS Navi Europa Maps & Live Traffic & WLAN (NEU) - Navi-Express","og_description":"&nbsp; Original und NEU in OVP Garmin DEZL LGV500 5,5 Zoll Truck LKW Bus Sattelzug Navigationsger\u00e4t inklusive Zubeh\u00f6r: dezl LGV500 Saugnapfhalterung KFZ-Anschlusskabel USB-Kabel Dokumentation &nbsp; Daten: LKW-Navigation in Europa (46 L\u00e4nder) mit smarten Funktionen 5,5 Zoll gro\u00dfes Touchscreen-Display Karten- und Softwareupdates \u00fcber WiFi \/ WLAN Fahrzeugspezifische Routenf\u00fchrung (1) passend zu Abmessungen und Gewicht des LKWs [&hellip;]","og_url":"https:\/\/www.navi-express.com\/en\/shop\/garmin\/mobile-navigationsgeraete\/garmin-dezl-lgv500-55-zoll-lkw-truck-bus-navi-europa-maps-live-traffic-wlan-neu\/","og_site_name":"Navi-Express","article_modified_time":"2026-03-05T09:06:25+00:00","og_image":[{"width":2560,"height":1920,"url":"https:\/\/www.navi-express.com\/wp-content\/uploads\/2024\/12\/IMG_20241207_122802-scaled.jpg","type":"image\/jpeg"}],"twitter_card":"summary_large_image","twitter_misc":{"Est. reading time":"3 minutes"},"schema":{"@context":"https:\/\/schema.org","@graph":[{"@type":"WebPage","@id":"https:\/\/www.navi-express.com\/shop\/garmin\/mobile-navigationsgeraete\/garmin-dezl-lgv500-55-zoll-lkw-truck-bus-navi-europa-maps-live-traffic-wlan-neu\/","url":"https:\/\/www.navi-express.com\/shop\/garmin\/mobile-navigationsgeraete\/garmin-dezl-lgv500-55-zoll-lkw-truck-bus-navi-europa-maps-live-traffic-wlan-neu\/","name":"Garmin DEZL LGV500 5,5 Zoll LKW TRUCK BUS Navi Europa Maps & Live Traffic & WLAN (NEU) - Navi-Express","isPartOf":{"@id":"https:\/\/www.navi-express.com\/#website"},"primaryImageOfPage":{"@id":"https:\/\/www.navi-express.com\/shop\/garmin\/mobile-navigationsgeraete\/garmin-dezl-lgv500-55-zoll-lkw-truck-bus-navi-europa-maps-live-traffic-wlan-neu\/#primaryimage"},"image":{"@id":"https:\/\/www.navi-express.com\/shop\/garmin\/mobile-navigationsgeraete\/garmin-dezl-lgv500-55-zoll-lkw-truck-bus-navi-europa-maps-live-traffic-wlan-neu\/#primaryimage"},"thumbnailUrl":"https:\/\/www.navi-express.com\/wp-content\/uploads\/2024\/12\/IMG_20241207_122802-scaled.jpg","datePublished":"2024-12-17T13:23:48+00:00","dateModified":"2026-03-05T09:06:25+00:00","breadcrumb":{"@id":"https:\/\/www.navi-express.com\/shop\/garmin\/mobile-navigationsgeraete\/garmin-dezl-lgv500-55-zoll-lkw-truck-bus-navi-europa-maps-live-traffic-wlan-neu\/#breadcrumb"},"inLanguage":"en-US","potentialAction":[{"@type":"ReadAction","target":["https:\/\/www.navi-express.com\/shop\/garmin\/mobile-navigationsgeraete\/garmin-dezl-lgv500-55-zoll-lkw-truck-bus-navi-europa-maps-live-traffic-wlan-neu\/"]}]},{"@type":"ImageObject","inLanguage":"en-US","@id":"https:\/\/www.navi-express.com\/shop\/garmin\/mobile-navigationsgeraete\/garmin-dezl-lgv500-55-zoll-lkw-truck-bus-navi-europa-maps-live-traffic-wlan-neu\/#primaryimage","url":"https:\/\/www.navi-express.com\/wp-content\/uploads\/2024\/12\/IMG_20241207_122802-scaled.jpg","contentUrl":"https:\/\/www.navi-express.com\/wp-content\/uploads\/2024\/12\/IMG_20241207_122802-scaled.jpg","width":2560,"height":1920},{"@type":"BreadcrumbList","@id":"https:\/\/www.navi-express.com\/shop\/garmin\/mobile-navigationsgeraete\/garmin-dezl-lgv500-55-zoll-lkw-truck-bus-navi-europa-maps-live-traffic-wlan-neu\/#breadcrumb","itemListElement":[{"@type":"ListItem","position":1,"name":"Startseite","item":"https:\/\/www.navi-express.com\/"},{"@type":"ListItem","position":2,"name":"Shop","item":"https:\/\/www.navi-express.com\/shop\/"},{"@type":"ListItem","position":3,"name":"Garmin DEZL LGV500 5,5 Zoll LKW TRUCK BUS Navi Europa Maps &#038; Live Traffic &#038; WLAN (NEU)"}]},{"@type":"WebSite","@id":"https:\/\/www.navi-express.com\/#website","url":"https:\/\/www.navi-express.com\/","name":"Navi-Express","description":"Ihr Experte f\u00fcr Navigation","publisher":{"@id":"https:\/\/www.navi-express.com\/#organization"},"alternateName":"NE","potentialAction":[{"@type":"SearchAction","target":{"@type":"EntryPoint","urlTemplate":"https:\/\/www.navi-express.com\/?s={search_term_string}"},"query-input":{"@type":"PropertyValueSpecification","valueRequired":true,"valueName":"search_term_string"}}],"inLanguage":"en-US"},{"@type":"Organization","@id":"https:\/\/www.navi-express.com\/#organization","name":"Navi-Express","alternateName":"NE","url":"https:\/\/www.navi-express.com\/","logo":{"@type":"ImageObject","inLanguage":"en-US","@id":"https:\/\/www.navi-express.com\/#\/schema\/logo\/image\/","url":"https:\/\/www.navi-express.com\/wp-content\/uploads\/2019\/03\/cropped-logo-transpbearb-1.png","contentUrl":"https:\/\/www.navi-express.com\/wp-content\/uploads\/2019\/03\/cropped-logo-transpbearb-1.png","width":512,"height":512,"caption":"Navi-Express"},"image":{"@id":"https:\/\/www.navi-express.com\/#\/schema\/logo\/image\/"}}]}},"_links":{"self":[{"href":"https:\/\/www.navi-express.com\/en\/wp-json\/wp\/v2\/product\/3246","targetHints":{"allow":["GET"]}}],"collection":[{"href":"https:\/\/www.navi-express.com\/en\/wp-json\/wp\/v2\/product"}],"about":[{"href":"https:\/\/www.navi-express.com\/en\/wp-json\/wp\/v2\/types\/product"}],"wp:featuredmedia":[{"embeddable":true,"href":"https:\/\/www.navi-express.com\/en\/wp-json\/wp\/v2\/media\/3247"}],"wp:attachment":[{"href":"https:\/\/www.navi-express.com\/en\/wp-json\/wp\/v2\/media?parent=3246"}],"wp:term":[{"taxonomy":"product_brand","embeddable":true,"href":"https:\/\/www.navi-express.com\/en\/wp-json\/wp\/v2\/product_brand?post=3246"},{"taxonomy":"product_cat","embeddable":true,"href":"https:\/\/www.navi-express.com\/en\/wp-json\/wp\/v2\/product_cat?post=3246"},{"taxonomy":"product_tag","embeddable":true,"href":"https:\/\/www.navi-express.com\/en\/wp-json\/wp\/v2\/product_tag?post=3246"}],"curies":[{"name":"wp","href":"https:\/\/api.w.org\/{rel}","templated":true}]}}