{"id":3283,"date":"2024-12-20T14:59:03","date_gmt":"2024-12-20T13:59:03","guid":{"rendered":"https:\/\/www.navi-express.com\/?post_type=product&#038;p=3283"},"modified":"2026-04-11T11:52:16","modified_gmt":"2026-04-11T09:52:16","slug":"tomtom-go-navigator-6-zoll-navigationsgeraet-lifetime-europa-welt-maps-traffic-wifi-wlan","status":"publish","type":"product","link":"https:\/\/www.navi-express.com\/en\/shop\/tomtom\/mobile-navigationssysteme\/tomtom-go-navigator-6-zoll-navigationsgeraet-lifetime-europa-welt-maps-traffic-wifi-wlan\/","title":{"rendered":"TomTom GO NAVIGATOR 6 Zoll PKW Navi Welt-Karten &#038; TomTom Traffic &#038; WiFi WLAN"},"content":{"rendered":"<p><span style=\"color: #000000; font-size: large;\"><strong>\u00a0TomTom GO Navigator 6 Zoll PKW Navigationsger\u00e4t<\/strong><\/span><\/p>\n<p><span style=\"color: #000000; font-size: large;\"><strong>in sehr gutem Zustand<\/strong><\/span><\/p>\n<p>&nbsp;<\/p>\n<p><span style=\"color: #000000;\"><strong><u>inkl. Zubeh\u00f6r:<\/u><\/strong><\/span><\/p>\n<ul>\n<li><span style=\"color: #000000;\"><strong>Saugnapf Halterung<\/strong><\/span><\/li>\n<li><span style=\"color: #000000;\"><strong>USB-Ladekabel<\/strong><\/span><\/li>\n<li><span style=\"color: #000000;\"><strong>Autoladeger\u00e4t<\/strong><\/span><\/li>\n<\/ul>\n<div><\/div>\n<p>&nbsp;<\/p>\n<div>\n<div><strong><span style=\"color: #000000;\"><u>Infos:<\/u><\/span><\/strong><\/div>\n<div>\n<div>\n<ul>\n<li><strong><span style=\"color: #000000;\">Sehr guter Gesamtzustand<\/span><\/strong><\/li>\n<li><strong><span style=\"color: #000000;\">Originalfolie ist noch auf dem Display und der R\u00fcckseite vorhanden<\/span><\/strong><\/li>\n<li><strong><span style=\"color: #000000;\">Aktuelle Europa Karten\u00a0sind bereits installiert; im Moment sind noch etwa 2,3 GB auf dem Ger\u00e4t frei, wenn Sie zus\u00e4tzliche Karten installieren wollen, ben\u00f6tigen Sie noch eine Micro SD Karte<\/span><\/strong><\/li>\n<li><strong><span style=\"color: #000000;\">Die OVP hat ein paar Besch\u00e4digungen<\/span><\/strong><\/li>\n<li><strong><span style=\"color: #000000;\">Das Ger\u00e4t wird vor Versand auf die Werkseinstellungen zur\u00fcck gesetzt<\/span><\/strong><\/li>\n<\/ul>\n<\/div>\n<\/div>\n<\/div>\n<p>&nbsp;<\/p>\n<div>\n<div><strong><span style=\"color: #000000;\"><u>Eigenschaften:<\/u><\/span><\/strong><\/div>\n<div>\n<ul>\n<li><strong><span style=\"color: #000000;\">PKW Navigationsger\u00e4t mit Welt-Karten<\/span><\/strong><\/li>\n<\/ul>\n<ul>\n<li><strong><span style=\"color: #000000;\">6 Zoll Touchscreen Display<\/span><\/strong><\/li>\n<\/ul>\n<ul>\n<li><strong><span style=\"color: #000000;\">Kostenlose Software- und Kartenupdates (WELT)<\/span><\/strong><\/li>\n<\/ul>\n<ul>\n<li><strong><span style=\"color: #000000;\">Updates via Wi-Fi \/ WLAN<\/span><\/strong><\/li>\n<\/ul>\n<ul>\n<li><strong><span style=\"color: #000000;\">TomTom Live Traffic* via Smartphone-Kopplung (mit Bluetooth und mobilem Internetzugang am Smartphone; KEINE TMC oder DAB Verkehrsinfos)<\/span><\/strong><\/li>\n<\/ul>\n<ul>\n<li><strong><span style=\"color: #000000;\">TomTom Radarkamera Warnungen sind bis 01.04.2027 aktiv, danach kann dieser Service wieder kostenpflichtig bei TomTom gebucht\/verl\u00e4ngert werden<\/span><\/strong><\/li>\n<\/ul>\n<ul>\n<li><strong><span style=\"color: #000000;\">Tankstellen-Anzeige entlang der Route und Infos zum jeweiligen Tempo-Limit<\/span><\/strong><\/li>\n<\/ul>\n<ul>\n<li><strong><span style=\"color: #000000;\">Dynamischer Fahrspurassistent und Sprachsteuerung<\/span><\/strong><\/li>\n<\/ul>\n<p><strong><span style=\"font-family: arial, helvetica, sans-serif; font-size: large; color: #000000;\">\u00a0<\/span><\/strong><\/p>\n<\/div>\n<div><strong><span style=\"color: #000000;\">* TomTom Traffic: Sie erhalten detaillierte Benachrichtigungen zu bevorstehenden Stra\u00dfensperren, Unf\u00e4llen, und\u00a0 \u00a0 Staus (ohne Zusatzkosten)<\/span><\/strong><\/div>\n<\/div>\n<p>&nbsp;<\/p>\n<p>&nbsp;<\/p>\n<p>____________________________________________________________________________________________________________________<\/p>\n<p><strong><span style=\"color: #000000;\"><u>Hersteller \/ EU verantwortliche Person:<\/u><\/span><\/strong><\/p>\n<p><strong><span style=\"color: #000000;\">TomTom N.V.<\/span><\/strong><\/p>\n<p><strong><span style=\"color: #000000;\">De Ruijterkade 154<\/span><\/strong><\/p>\n<p><strong><span style=\"color: #000000;\">1011 AC Amsterdam<\/span><\/strong><\/p>\n<p><strong><span style=\"color: #000000;\">The Netherlands<\/span><\/strong><\/p>\n<p><strong><span style=\"color: #000000;\">Tel.: +31 20-757-5000<\/span><\/strong><\/p>\n<p><strong><span style=\"color: #000000;\">E-Mail: IR@tomtom.com<\/span><\/strong><\/p>","protected":false},"excerpt":{"rendered":"<p>\u00a0TomTom GO Navigator 6 Zoll PKW Navigationsger\u00e4t in sehr gutem Zustand &nbsp; inkl. Zubeh\u00f6r: Saugnapf Halterung USB-Ladekabel Autoladeger\u00e4t &nbsp; Infos: Sehr guter Gesamtzustand Originalfolie ist noch auf dem Display und der R\u00fcckseite vorhanden Aktuelle Europa Karten\u00a0sind bereits installiert; im Moment sind noch etwa 2,3 GB auf dem Ger\u00e4t frei, wenn Sie zus\u00e4tzliche Karten installieren wollen, [&hellip;]<\/p>\n","protected":false},"featured_media":6307,"template":"","meta":{"ocean_post_layout":"","ocean_both_sidebars_style":"","ocean_both_sidebars_content_width":0,"ocean_both_sidebars_sidebars_width":0,"ocean_sidebar":"0","ocean_second_sidebar":"0","ocean_disable_margins":"enable","ocean_add_body_class":"","ocean_shortcode_before_top_bar":"","ocean_shortcode_after_top_bar":"","ocean_shortcode_before_header":"","ocean_shortcode_after_header":"","ocean_has_shortcode":"","ocean_shortcode_after_title":"","ocean_shortcode_before_footer_widgets":"","ocean_shortcode_after_footer_widgets":"","ocean_shortcode_before_footer_bottom":"","ocean_shortcode_after_footer_bottom":"","ocean_display_top_bar":"default","ocean_display_header":"default","ocean_header_style":"","ocean_center_header_left_menu":"0","ocean_custom_header_template":"0","ocean_custom_logo":0,"ocean_custom_retina_logo":0,"ocean_custom_logo_max_width":0,"ocean_custom_logo_tablet_max_width":0,"ocean_custom_logo_mobile_max_width":0,"ocean_custom_logo_max_height":0,"ocean_custom_logo_tablet_max_height":0,"ocean_custom_logo_mobile_max_height":0,"ocean_header_custom_menu":"0","ocean_menu_typo_font_family":"0","ocean_menu_typo_font_subset":"","ocean_menu_typo_font_size":0,"ocean_menu_typo_font_size_tablet":0,"ocean_menu_typo_font_size_mobile":0,"ocean_menu_typo_font_size_unit":"px","ocean_menu_typo_font_weight":"","ocean_menu_typo_font_weight_tablet":"","ocean_menu_typo_font_weight_mobile":"","ocean_menu_typo_transform":"","ocean_menu_typo_transform_tablet":"","ocean_menu_typo_transform_mobile":"","ocean_menu_typo_line_height":0,"ocean_menu_typo_line_height_tablet":0,"ocean_menu_typo_line_height_mobile":0,"ocean_menu_typo_line_height_unit":"","ocean_menu_typo_spacing":0,"ocean_menu_typo_spacing_tablet":0,"ocean_menu_typo_spacing_mobile":0,"ocean_menu_typo_spacing_unit":"","ocean_menu_link_color":"","ocean_menu_link_color_hover":"","ocean_menu_link_color_active":"","ocean_menu_link_background":"","ocean_menu_link_hover_background":"","ocean_menu_link_active_background":"","ocean_menu_social_links_bg":"","ocean_menu_social_hover_links_bg":"","ocean_menu_social_links_color":"","ocean_menu_social_hover_links_color":"","ocean_disable_title":"default","ocean_disable_heading":"default","ocean_post_title":"","ocean_post_subheading":"","ocean_post_title_style":"","ocean_post_title_background_color":"","ocean_post_title_background":0,"ocean_post_title_bg_image_position":"","ocean_post_title_bg_image_attachment":"","ocean_post_title_bg_image_repeat":"","ocean_post_title_bg_image_size":"","ocean_post_title_height":0,"ocean_post_title_bg_overlay":0.5,"ocean_post_title_bg_overlay_color":"","ocean_disable_breadcrumbs":"default","ocean_breadcrumbs_color":"","ocean_breadcrumbs_separator_color":"","ocean_breadcrumbs_links_color":"","ocean_breadcrumbs_links_hover_color":"","ocean_display_footer_widgets":"default","ocean_display_footer_bottom":"default","ocean_custom_footer_template":"0"},"product_brand":[],"product_cat":[640],"product_tag":[893,641],"class_list":{"0":"post-3283","1":"product","2":"type-product","3":"status-publish","4":"has-post-thumbnail","6":"product_cat-mobile-navigationssysteme","7":"product_tag-go-navigator-6-zoll","8":"product_tag-tomtom","10":"entry","11":"has-media","13":"first","14":"instock","15":"purchasable","16":"product-type-simple","17":"col","18":"span_1_of_4","19":"owp-content-center","20":"item-entry","21":"owp-thumbs-layout-horizontal","22":"owp-btn-normal","23":"owp-tabs-layout-horizontal"},"yoast_head":"<!-- This site is optimized with the Yoast SEO plugin v27.4 - https:\/\/yoast.com\/product\/yoast-seo-wordpress\/ -->\n<title>TomTom GO NAVIGATOR 6 Zoll PKW Navi Welt-Karten &amp; TomTom Traffic &amp; WiFi WLAN - Navi-Express<\/title>\n<meta name=\"description\" content=\"Original TomTom GO Navigator mobiles Navigationsger\u00e4t mit 6 Zoll Display f\u00fcr PKW. Inklusive Zubeh\u00f6r, Welt-Karten, TomTom Traffic via Smartphone und WLAN.\" \/>\n<meta name=\"robots\" content=\"index, follow, max-snippet:-1, max-image-preview:large, max-video-preview:-1\" \/>\n<link rel=\"canonical\" href=\"https:\/\/www.navi-express.com\/en\/shop\/tomtom\/mobile-navigationssysteme\/tomtom-go-navigator-6-zoll-navigationsgeraet-lifetime-europa-welt-maps-traffic-wifi-wlan\/\" \/>\n<meta property=\"og:locale\" content=\"en_US\" \/>\n<meta property=\"og:type\" content=\"article\" \/>\n<meta property=\"og:title\" content=\"TomTom GO NAVIGATOR 6 Zoll PKW Navi Welt-Karten &amp; TomTom Traffic &amp; WiFi WLAN - Navi-Express\" \/>\n<meta property=\"og:description\" content=\"Original TomTom GO Navigator mobiles Navigationsger\u00e4t mit 6 Zoll Display f\u00fcr PKW. Inklusive Zubeh\u00f6r, Welt-Karten, TomTom Traffic via Smartphone und WLAN.\" \/>\n<meta property=\"og:url\" content=\"https:\/\/www.navi-express.com\/en\/shop\/tomtom\/mobile-navigationssysteme\/tomtom-go-navigator-6-zoll-navigationsgeraet-lifetime-europa-welt-maps-traffic-wifi-wlan\/\" \/>\n<meta property=\"og:site_name\" content=\"Navi-Express\" \/>\n<meta property=\"article:modified_time\" content=\"2026-04-11T09:52:16+00:00\" \/>\n<meta property=\"og:image\" content=\"https:\/\/www.navi-express.com\/wp-content\/uploads\/2024\/12\/20260408_090408-scaled.jpg\" \/>\n\t<meta property=\"og:image:width\" content=\"2560\" \/>\n\t<meta property=\"og:image:height\" content=\"1920\" \/>\n\t<meta property=\"og:image:type\" content=\"image\/jpeg\" \/>\n<meta name=\"twitter:card\" content=\"summary_large_image\" \/>\n<meta name=\"twitter:label1\" content=\"Est. reading time\" \/>\n\t<meta name=\"twitter:data1\" content=\"2 minutes\" \/>\n<script type=\"application\/ld+json\" class=\"yoast-schema-graph\">{\"@context\":\"https:\\\/\\\/schema.org\",\"@graph\":[{\"@type\":\"WebPage\",\"@id\":\"https:\\\/\\\/www.navi-express.com\\\/shop\\\/tomtom\\\/mobile-navigationssysteme\\\/tomtom-go-navigator-6-zoll-navigationsgeraet-lifetime-europa-welt-maps-traffic-wifi-wlan\\\/\",\"url\":\"https:\\\/\\\/www.navi-express.com\\\/shop\\\/tomtom\\\/mobile-navigationssysteme\\\/tomtom-go-navigator-6-zoll-navigationsgeraet-lifetime-europa-welt-maps-traffic-wifi-wlan\\\/\",\"name\":\"TomTom GO NAVIGATOR 6 Zoll PKW Navi Welt-Karten & TomTom Traffic & WiFi WLAN - Navi-Express\",\"isPartOf\":{\"@id\":\"https:\\\/\\\/www.navi-express.com\\\/#website\"},\"primaryImageOfPage\":{\"@id\":\"https:\\\/\\\/www.navi-express.com\\\/shop\\\/tomtom\\\/mobile-navigationssysteme\\\/tomtom-go-navigator-6-zoll-navigationsgeraet-lifetime-europa-welt-maps-traffic-wifi-wlan\\\/#primaryimage\"},\"image\":{\"@id\":\"https:\\\/\\\/www.navi-express.com\\\/shop\\\/tomtom\\\/mobile-navigationssysteme\\\/tomtom-go-navigator-6-zoll-navigationsgeraet-lifetime-europa-welt-maps-traffic-wifi-wlan\\\/#primaryimage\"},\"thumbnailUrl\":\"https:\\\/\\\/www.navi-express.com\\\/wp-content\\\/uploads\\\/2024\\\/12\\\/20260408_090408-scaled.jpg\",\"datePublished\":\"2024-12-20T13:59:03+00:00\",\"dateModified\":\"2026-04-11T09:52:16+00:00\",\"description\":\"Original TomTom GO Navigator mobiles Navigationsger\u00e4t mit 6 Zoll Display f\u00fcr PKW. Inklusive Zubeh\u00f6r, Welt-Karten, TomTom Traffic via Smartphone und WLAN.\",\"breadcrumb\":{\"@id\":\"https:\\\/\\\/www.navi-express.com\\\/shop\\\/tomtom\\\/mobile-navigationssysteme\\\/tomtom-go-navigator-6-zoll-navigationsgeraet-lifetime-europa-welt-maps-traffic-wifi-wlan\\\/#breadcrumb\"},\"inLanguage\":\"en-US\",\"potentialAction\":[{\"@type\":\"ReadAction\",\"target\":[\"https:\\\/\\\/www.navi-express.com\\\/shop\\\/tomtom\\\/mobile-navigationssysteme\\\/tomtom-go-navigator-6-zoll-navigationsgeraet-lifetime-europa-welt-maps-traffic-wifi-wlan\\\/\"]}]},{\"@type\":\"ImageObject\",\"inLanguage\":\"en-US\",\"@id\":\"https:\\\/\\\/www.navi-express.com\\\/shop\\\/tomtom\\\/mobile-navigationssysteme\\\/tomtom-go-navigator-6-zoll-navigationsgeraet-lifetime-europa-welt-maps-traffic-wifi-wlan\\\/#primaryimage\",\"url\":\"https:\\\/\\\/www.navi-express.com\\\/wp-content\\\/uploads\\\/2024\\\/12\\\/20260408_090408-scaled.jpg\",\"contentUrl\":\"https:\\\/\\\/www.navi-express.com\\\/wp-content\\\/uploads\\\/2024\\\/12\\\/20260408_090408-scaled.jpg\",\"width\":2560,\"height\":1920},{\"@type\":\"BreadcrumbList\",\"@id\":\"https:\\\/\\\/www.navi-express.com\\\/shop\\\/tomtom\\\/mobile-navigationssysteme\\\/tomtom-go-navigator-6-zoll-navigationsgeraet-lifetime-europa-welt-maps-traffic-wifi-wlan\\\/#breadcrumb\",\"itemListElement\":[{\"@type\":\"ListItem\",\"position\":1,\"name\":\"Startseite\",\"item\":\"https:\\\/\\\/www.navi-express.com\\\/\"},{\"@type\":\"ListItem\",\"position\":2,\"name\":\"Shop\",\"item\":\"https:\\\/\\\/www.navi-express.com\\\/shop\\\/\"},{\"@type\":\"ListItem\",\"position\":3,\"name\":\"TomTom GO NAVIGATOR 6 Zoll PKW Navi Welt-Karten &#038; TomTom Traffic &#038; WiFi WLAN\"}]},{\"@type\":\"WebSite\",\"@id\":\"https:\\\/\\\/www.navi-express.com\\\/#website\",\"url\":\"https:\\\/\\\/www.navi-express.com\\\/\",\"name\":\"Navi-Express\",\"description\":\"Ihr Experte f\u00fcr Navigation\",\"publisher\":{\"@id\":\"https:\\\/\\\/www.navi-express.com\\\/#organization\"},\"alternateName\":\"NE\",\"potentialAction\":[{\"@type\":\"SearchAction\",\"target\":{\"@type\":\"EntryPoint\",\"urlTemplate\":\"https:\\\/\\\/www.navi-express.com\\\/?s={search_term_string}\"},\"query-input\":{\"@type\":\"PropertyValueSpecification\",\"valueRequired\":true,\"valueName\":\"search_term_string\"}}],\"inLanguage\":\"en-US\"},{\"@type\":\"Organization\",\"@id\":\"https:\\\/\\\/www.navi-express.com\\\/#organization\",\"name\":\"Navi-Express\",\"alternateName\":\"NE\",\"url\":\"https:\\\/\\\/www.navi-express.com\\\/\",\"logo\":{\"@type\":\"ImageObject\",\"inLanguage\":\"en-US\",\"@id\":\"https:\\\/\\\/www.navi-express.com\\\/#\\\/schema\\\/logo\\\/image\\\/\",\"url\":\"https:\\\/\\\/www.navi-express.com\\\/wp-content\\\/uploads\\\/2019\\\/03\\\/cropped-logo-transpbearb-1.png\",\"contentUrl\":\"https:\\\/\\\/www.navi-express.com\\\/wp-content\\\/uploads\\\/2019\\\/03\\\/cropped-logo-transpbearb-1.png\",\"width\":512,\"height\":512,\"caption\":\"Navi-Express\"},\"image\":{\"@id\":\"https:\\\/\\\/www.navi-express.com\\\/#\\\/schema\\\/logo\\\/image\\\/\"}}]}<\/script>\n<!-- \/ Yoast SEO plugin. -->","yoast_head_json":{"title":"TomTom GO NAVIGATOR 6 Zoll PKW Navi Welt-Karten & TomTom Traffic & WiFi WLAN - Navi-Express","description":"Original TomTom GO Navigator mobiles Navigationsger\u00e4t mit 6 Zoll Display f\u00fcr PKW. Inklusive Zubeh\u00f6r, Welt-Karten, TomTom Traffic via Smartphone und WLAN.","robots":{"index":"index","follow":"follow","max-snippet":"max-snippet:-1","max-image-preview":"max-image-preview:large","max-video-preview":"max-video-preview:-1"},"canonical":"https:\/\/www.navi-express.com\/en\/shop\/tomtom\/mobile-navigationssysteme\/tomtom-go-navigator-6-zoll-navigationsgeraet-lifetime-europa-welt-maps-traffic-wifi-wlan\/","og_locale":"en_US","og_type":"article","og_title":"TomTom GO NAVIGATOR 6 Zoll PKW Navi Welt-Karten & TomTom Traffic & WiFi WLAN - Navi-Express","og_description":"Original TomTom GO Navigator mobiles Navigationsger\u00e4t mit 6 Zoll Display f\u00fcr PKW. Inklusive Zubeh\u00f6r, Welt-Karten, TomTom Traffic via Smartphone und WLAN.","og_url":"https:\/\/www.navi-express.com\/en\/shop\/tomtom\/mobile-navigationssysteme\/tomtom-go-navigator-6-zoll-navigationsgeraet-lifetime-europa-welt-maps-traffic-wifi-wlan\/","og_site_name":"Navi-Express","article_modified_time":"2026-04-11T09:52:16+00:00","og_image":[{"width":2560,"height":1920,"url":"https:\/\/www.navi-express.com\/wp-content\/uploads\/2024\/12\/20260408_090408-scaled.jpg","type":"image\/jpeg"}],"twitter_card":"summary_large_image","twitter_misc":{"Est. reading time":"2 minutes"},"schema":{"@context":"https:\/\/schema.org","@graph":[{"@type":"WebPage","@id":"https:\/\/www.navi-express.com\/shop\/tomtom\/mobile-navigationssysteme\/tomtom-go-navigator-6-zoll-navigationsgeraet-lifetime-europa-welt-maps-traffic-wifi-wlan\/","url":"https:\/\/www.navi-express.com\/shop\/tomtom\/mobile-navigationssysteme\/tomtom-go-navigator-6-zoll-navigationsgeraet-lifetime-europa-welt-maps-traffic-wifi-wlan\/","name":"TomTom GO NAVIGATOR 6 Zoll PKW Navi Welt-Karten & TomTom Traffic & WiFi WLAN - Navi-Express","isPartOf":{"@id":"https:\/\/www.navi-express.com\/#website"},"primaryImageOfPage":{"@id":"https:\/\/www.navi-express.com\/shop\/tomtom\/mobile-navigationssysteme\/tomtom-go-navigator-6-zoll-navigationsgeraet-lifetime-europa-welt-maps-traffic-wifi-wlan\/#primaryimage"},"image":{"@id":"https:\/\/www.navi-express.com\/shop\/tomtom\/mobile-navigationssysteme\/tomtom-go-navigator-6-zoll-navigationsgeraet-lifetime-europa-welt-maps-traffic-wifi-wlan\/#primaryimage"},"thumbnailUrl":"https:\/\/www.navi-express.com\/wp-content\/uploads\/2024\/12\/20260408_090408-scaled.jpg","datePublished":"2024-12-20T13:59:03+00:00","dateModified":"2026-04-11T09:52:16+00:00","description":"Original TomTom GO Navigator mobiles Navigationsger\u00e4t mit 6 Zoll Display f\u00fcr PKW. Inklusive Zubeh\u00f6r, Welt-Karten, TomTom Traffic via Smartphone und WLAN.","breadcrumb":{"@id":"https:\/\/www.navi-express.com\/shop\/tomtom\/mobile-navigationssysteme\/tomtom-go-navigator-6-zoll-navigationsgeraet-lifetime-europa-welt-maps-traffic-wifi-wlan\/#breadcrumb"},"inLanguage":"en-US","potentialAction":[{"@type":"ReadAction","target":["https:\/\/www.navi-express.com\/shop\/tomtom\/mobile-navigationssysteme\/tomtom-go-navigator-6-zoll-navigationsgeraet-lifetime-europa-welt-maps-traffic-wifi-wlan\/"]}]},{"@type":"ImageObject","inLanguage":"en-US","@id":"https:\/\/www.navi-express.com\/shop\/tomtom\/mobile-navigationssysteme\/tomtom-go-navigator-6-zoll-navigationsgeraet-lifetime-europa-welt-maps-traffic-wifi-wlan\/#primaryimage","url":"https:\/\/www.navi-express.com\/wp-content\/uploads\/2024\/12\/20260408_090408-scaled.jpg","contentUrl":"https:\/\/www.navi-express.com\/wp-content\/uploads\/2024\/12\/20260408_090408-scaled.jpg","width":2560,"height":1920},{"@type":"BreadcrumbList","@id":"https:\/\/www.navi-express.com\/shop\/tomtom\/mobile-navigationssysteme\/tomtom-go-navigator-6-zoll-navigationsgeraet-lifetime-europa-welt-maps-traffic-wifi-wlan\/#breadcrumb","itemListElement":[{"@type":"ListItem","position":1,"name":"Startseite","item":"https:\/\/www.navi-express.com\/"},{"@type":"ListItem","position":2,"name":"Shop","item":"https:\/\/www.navi-express.com\/shop\/"},{"@type":"ListItem","position":3,"name":"TomTom GO NAVIGATOR 6 Zoll PKW Navi Welt-Karten &#038; TomTom Traffic &#038; WiFi WLAN"}]},{"@type":"WebSite","@id":"https:\/\/www.navi-express.com\/#website","url":"https:\/\/www.navi-express.com\/","name":"Navi-Express","description":"Ihr Experte f\u00fcr Navigation","publisher":{"@id":"https:\/\/www.navi-express.com\/#organization"},"alternateName":"NE","potentialAction":[{"@type":"SearchAction","target":{"@type":"EntryPoint","urlTemplate":"https:\/\/www.navi-express.com\/?s={search_term_string}"},"query-input":{"@type":"PropertyValueSpecification","valueRequired":true,"valueName":"search_term_string"}}],"inLanguage":"en-US"},{"@type":"Organization","@id":"https:\/\/www.navi-express.com\/#organization","name":"Navi-Express","alternateName":"NE","url":"https:\/\/www.navi-express.com\/","logo":{"@type":"ImageObject","inLanguage":"en-US","@id":"https:\/\/www.navi-express.com\/#\/schema\/logo\/image\/","url":"https:\/\/www.navi-express.com\/wp-content\/uploads\/2019\/03\/cropped-logo-transpbearb-1.png","contentUrl":"https:\/\/www.navi-express.com\/wp-content\/uploads\/2019\/03\/cropped-logo-transpbearb-1.png","width":512,"height":512,"caption":"Navi-Express"},"image":{"@id":"https:\/\/www.navi-express.com\/#\/schema\/logo\/image\/"}}]}},"_links":{"self":[{"href":"https:\/\/www.navi-express.com\/en\/wp-json\/wp\/v2\/product\/3283","targetHints":{"allow":["GET"]}}],"collection":[{"href":"https:\/\/www.navi-express.com\/en\/wp-json\/wp\/v2\/product"}],"about":[{"href":"https:\/\/www.navi-express.com\/en\/wp-json\/wp\/v2\/types\/product"}],"wp:featuredmedia":[{"embeddable":true,"href":"https:\/\/www.navi-express.com\/en\/wp-json\/wp\/v2\/media\/6307"}],"wp:attachment":[{"href":"https:\/\/www.navi-express.com\/en\/wp-json\/wp\/v2\/media?parent=3283"}],"wp:term":[{"taxonomy":"product_brand","embeddable":true,"href":"https:\/\/www.navi-express.com\/en\/wp-json\/wp\/v2\/product_brand?post=3283"},{"taxonomy":"product_cat","embeddable":true,"href":"https:\/\/www.navi-express.com\/en\/wp-json\/wp\/v2\/product_cat?post=3283"},{"taxonomy":"product_tag","embeddable":true,"href":"https:\/\/www.navi-express.com\/en\/wp-json\/wp\/v2\/product_tag?post=3283"}],"curies":[{"name":"wp","href":"https:\/\/api.w.org\/{rel}","templated":true}]}}