{"id":3310,"date":"2024-12-25T16:43:05","date_gmt":"2024-12-25T15:43:05","guid":{"rendered":"https:\/\/www.navi-express.com\/?post_type=product&#038;p=3310"},"modified":"2026-03-05T10:14:39","modified_gmt":"2026-03-05T09:14:39","slug":"garmin-drivesmart-76-mt-d-7-zoll-pkw-navi-europa-maps-digital-traffic-wifi-wlan","status":"publish","type":"product","link":"https:\/\/www.navi-express.com\/en\/shop\/garmin\/mobile-navigationsgeraete\/garmin-drivesmart-76-mt-d-7-zoll-pkw-navi-europa-maps-digital-traffic-wifi-wlan\/","title":{"rendered":"Garmin DriveSmart 76 MT-D 7 Zoll PKW Navi Europa Maps Digital Traffic WiFi WLAN"},"content":{"rendered":"<p>&nbsp;<\/p>\n<div>\n<div>\n<p><span style=\"font-size: large; color: #000000;\"><span style=\"font-family: Arial;\"><b>Original Garmin DriveSmart 76 MT-D PKW Navigationsger\u00e4t mit 7 Zoll Display<\/b><\/span><\/span><\/p>\n<div><span style=\"font-family: Arial; color: #000000; font-size: large;\"><b>in gutem, gebrauchten Zustand<\/b><\/span><\/div>\n<div><span style=\"font-family: Arial; color: #000000;\"><b><br \/>\n<\/b><\/span><\/p>\n<div><span style=\"color: #000000;\"><u><b>Inklusive Zubeh\u00f6r:<\/b><\/u><\/span><\/div>\n<div>\n<ul>\n<li><span style=\"color: #000000;\">Autoladekabel (auch als USB-Kabel verwendbar zum Bsp. zum Aufladen des Navis an der Steckdose)<\/span><\/li>\n<li><span style=\"color: #000000;\">Autohalterung<\/span><\/li>\n<\/ul>\n<div><\/div>\n<p>&nbsp;<\/p>\n<div>\n<div><span style=\"color: #000000;\"><u><strong>\u00dcbersicht Daten und Infos:<\/strong><\/u><\/span><\/div>\n<div>\n<ul>\n<li><span style=\"color: #000000;\">7 Zoll gro\u00dfes, helles Display mit gut ablesbaren Karten<\/span><\/li>\n<\/ul>\n<ul>\n<li><span style=\"color: #000000;\">Kostenlose Software- und Kartenupdates f\u00fcr Europa via WLAN oder PC-Verbindung<\/span><\/li>\n<\/ul>\n<ul>\n<li><span style=\"color: #000000;\">Digitaler Verkehrsfunk von Garmin \u00fcber DAB (Empf\u00e4nger ist im Ger\u00e4t integriert)<\/span><\/li>\n<\/ul>\n<p><span style=\"color: #000000;\">DAB ist\u00a0laut Herstellerangaben\u00a0nur noch erh\u00e4ltlich in Deutschland, Schweiz und Italien; TMC-Verkehrsfunk verf\u00fcgbar in DE, ITA, SLO, SLK, HUN.\u00a0<\/span><\/p>\n<\/div>\n<div>\n<p><span style=\"color: #000000;\">Live-Verkehrsinformationen bei Kopplung mit dem Smartphone in ganz Europa verf\u00fcgbar<\/span><\/p>\n<ul>\n<li><span style=\"color: #000000;\">Live-Infos zu Verkehr, Wetter und Kraftstoffpreisen entlang der Route: Vermeiden Sie Staus und finden Sie zeitsparende Umleitungen mit Live-Verkehrsdaten, wenn das Ger\u00e4t mit Ihrem kompatiblen Smartphone (via Bluetooth) gekoppelt ist und die Garmin Drive App ausgef\u00fchrt wird (mobiler Internetzugang notwendig).<\/span><\/li>\n<\/ul>\n<ul>\n<li><span style=\"color: #000000;\">Sprachassistent und Freisprechfunktion \u00fcber Bluetooth-f\u00e4higes Smartphone<\/span><\/li>\n<\/ul>\n<ul>\n<li><span style=\"color: #000000;\">Nachrichten vom Smartphone: Sehen Sie sich Textnachrichten und andere Benachrichtigungen vom Telefon direkt auf dem Display des Navis an, wenn das Navi mit der Garmin Drive App gekoppelt ist.<\/span><\/li>\n<\/ul>\n<ul>\n<li><span style=\"color: #000000;\">TripAdvisor f\u00fcr Reisebewertungen f\u00fcr Hotels, Restaurants und Sehensw\u00fcrdigkeiten entlang der Route oder in der N\u00e4he des Ziels<\/span><\/li>\n<\/ul>\n<ul>\n<li><span style=\"color: #000000;\">Mit Hinweisen zu scharfen Kurven, Tempo\u00e4nderungen, Schulen und mehr<\/span><\/li>\n<\/ul>\n<ul>\n<li><span style=\"color: #000000;\">Ampelblitzer und Radarkontrollen: Diese Funktion ist nicht in allen Regionen verf\u00fcgbar (bitte die jeweiligen Gesetze beachten; das Ger\u00e4t warnt Sie, wenn Sie, wenn Sie sich einer gemeldeten Radarkontrolle oder einem Ampelblitzer n\u00e4hern; in einigen Gebieten kann kann das Ger\u00e4t Live-Daten zu Ampelblitzern und Radarkontrollen empfangen, wenn es mit einem Smartphone verbunden ist via Garmin-App; Updates nur \u00fcber das PC-Programm &#8222;Garmin Express&#8220;<\/span><\/li>\n<\/ul>\n<ul>\n<li><span style=\"color: #000000;\">Umweltzonen-Routing: Erhalten Sie Infos und Warnungen zu Umweltzonen auf der Route<\/span><\/li>\n<\/ul>\n<ul>\n<li><span style=\"color: #000000;\">POI-Suche nach Namen und POIs entlang der Route: Vorinstallierte FourSquare Daten erleichtern die Suche nach neuen Gesch\u00e4ften, Restaurants und Millionen anderer beliebter Points of Interest.<\/span><\/li>\n<li><span style=\"color: #000000;\">Garmin Real Directions: Mit leicht verst\u00e4ndlichen Abbiegehinweisen werden Sie zum Ziel gef\u00fchrt. Die Namen von Stra\u00dfen, Gesch\u00e4ften und gut erkennbaren Orientierungspunkten dienen dabei als Anhaltspunkte wie z.B. &#8222;Rechts abbiegen nach der Autowerkstatt&#8220;.<\/span><\/li>\n<\/ul>\n<ul>\n<li><span style=\"color: #000000;\">nur kompatibel mit der entsprechenden Garmin R\u00fcckfahrkamera wie &#8222;Garmin BC 50&#8220;<\/span><\/li>\n<\/ul>\n<ul>\n<li><span style=\"color: #000000;\">KEINE Amazon Alexa Integration und KEINE integrierte Dashcam !<\/span><\/li>\n<\/ul>\n<\/div>\n<\/div>\n<\/div>\n<\/div>\n<\/div>\n<p>&nbsp;<\/p>\n<div>\n<p>_______________________________________________________________________________________________________________________<\/p>\n<p><strong><span style=\"color: #000000;\"><u>Hersteller \/ EU verantwortliche Person:<\/u><\/span><\/strong><\/p>\n<p><strong><span style=\"color: #000000;\">Garmin Deutschland GmbH<\/span><\/strong><\/p>\n<p><strong><span style=\"color: #000000;\">Parkring 35<\/span><\/strong><\/p>\n<p><strong><span style=\"color: #000000;\">85748 Garching<\/span><\/strong><\/p>\n<p><strong><span style=\"color: #000000;\">Deutschland<\/span><\/strong><\/p>\n<p><strong><span style=\"color: #000000;\">Tel.: +49 89 541999-700<\/span><\/strong><\/p>\n<p><strong><span style=\"color: #000000;\">E-Mail: impressum@garmin.de<\/span><\/strong><\/p>\n<\/div>\n<p>&nbsp;<\/p>\n<p><span style=\"color: #000000;\"><strong>Differenzbesteuerung nach \u00a725a UStG ohne ausgewiesene MwSt.<\/strong><\/span><\/p>\n<\/div>","protected":false},"excerpt":{"rendered":"<p>&nbsp; Original Garmin DriveSmart 76 MT-D PKW Navigationsger\u00e4t mit 7 Zoll Display in gutem, gebrauchten Zustand Inklusive Zubeh\u00f6r: Autoladekabel (auch als USB-Kabel verwendbar zum Bsp. zum Aufladen des Navis an der Steckdose) Autohalterung &nbsp; \u00dcbersicht Daten und Infos: 7 Zoll gro\u00dfes, helles Display mit gut ablesbaren Karten Kostenlose Software- und Kartenupdates f\u00fcr Europa via WLAN [&hellip;]<\/p>\n","protected":false},"featured_media":5906,"template":"","meta":{"ocean_post_layout":"","ocean_both_sidebars_style":"","ocean_both_sidebars_content_width":0,"ocean_both_sidebars_sidebars_width":0,"ocean_sidebar":"0","ocean_second_sidebar":"0","ocean_disable_margins":"enable","ocean_add_body_class":"","ocean_shortcode_before_top_bar":"","ocean_shortcode_after_top_bar":"","ocean_shortcode_before_header":"","ocean_shortcode_after_header":"","ocean_has_shortcode":"","ocean_shortcode_after_title":"","ocean_shortcode_before_footer_widgets":"","ocean_shortcode_after_footer_widgets":"","ocean_shortcode_before_footer_bottom":"","ocean_shortcode_after_footer_bottom":"","ocean_display_top_bar":"default","ocean_display_header":"default","ocean_header_style":"","ocean_center_header_left_menu":"0","ocean_custom_header_template":"0","ocean_custom_logo":0,"ocean_custom_retina_logo":0,"ocean_custom_logo_max_width":0,"ocean_custom_logo_tablet_max_width":0,"ocean_custom_logo_mobile_max_width":0,"ocean_custom_logo_max_height":0,"ocean_custom_logo_tablet_max_height":0,"ocean_custom_logo_mobile_max_height":0,"ocean_header_custom_menu":"0","ocean_menu_typo_font_family":"0","ocean_menu_typo_font_subset":"","ocean_menu_typo_font_size":0,"ocean_menu_typo_font_size_tablet":0,"ocean_menu_typo_font_size_mobile":0,"ocean_menu_typo_font_size_unit":"px","ocean_menu_typo_font_weight":"","ocean_menu_typo_font_weight_tablet":"","ocean_menu_typo_font_weight_mobile":"","ocean_menu_typo_transform":"","ocean_menu_typo_transform_tablet":"","ocean_menu_typo_transform_mobile":"","ocean_menu_typo_line_height":0,"ocean_menu_typo_line_height_tablet":0,"ocean_menu_typo_line_height_mobile":0,"ocean_menu_typo_line_height_unit":"","ocean_menu_typo_spacing":0,"ocean_menu_typo_spacing_tablet":0,"ocean_menu_typo_spacing_mobile":0,"ocean_menu_typo_spacing_unit":"","ocean_menu_link_color":"","ocean_menu_link_color_hover":"","ocean_menu_link_color_active":"","ocean_menu_link_background":"","ocean_menu_link_hover_background":"","ocean_menu_link_active_background":"","ocean_menu_social_links_bg":"","ocean_menu_social_hover_links_bg":"","ocean_menu_social_links_color":"","ocean_menu_social_hover_links_color":"","ocean_disable_title":"default","ocean_disable_heading":"default","ocean_post_title":"","ocean_post_subheading":"","ocean_post_title_style":"","ocean_post_title_background_color":"","ocean_post_title_background":0,"ocean_post_title_bg_image_position":"","ocean_post_title_bg_image_attachment":"","ocean_post_title_bg_image_repeat":"","ocean_post_title_bg_image_size":"","ocean_post_title_height":0,"ocean_post_title_bg_overlay":0.5,"ocean_post_title_bg_overlay_color":"","ocean_disable_breadcrumbs":"default","ocean_breadcrumbs_color":"","ocean_breadcrumbs_separator_color":"","ocean_breadcrumbs_links_color":"","ocean_breadcrumbs_links_hover_color":"","ocean_display_footer_widgets":"default","ocean_display_footer_bottom":"default","ocean_custom_footer_template":"0"},"product_brand":[],"product_cat":[661],"product_tag":[1085,1474,1083,189],"class_list":{"0":"post-3310","1":"product","2":"type-product","3":"status-publish","4":"has-post-thumbnail","6":"product_cat-mobile-navigationsgeraete","7":"product_tag-010-02470-11","8":"product_tag-1474","9":"product_tag-drivesmart-76-mt-d","10":"product_tag-garmin","12":"entry","13":"has-media","15":"first","16":"outofstock","17":"purchasable","18":"product-type-simple","19":"col","20":"span_1_of_4","21":"owp-content-center","22":"item-entry","23":"owp-thumbs-layout-horizontal","24":"owp-btn-normal","25":"owp-tabs-layout-horizontal"},"yoast_head":"<!-- This site is optimized with the Yoast SEO plugin v27.3 - https:\/\/yoast.com\/product\/yoast-seo-wordpress\/ -->\n<title>Garmin DriveSmart 76 MT-D EU 7 Zoll PKW Navi WLAN Traffic<\/title>\n<meta name=\"description\" content=\"Original Garmin DriveSmart 76 MT-D 7 Zoll PKW Navigationsger\u00e4t mit Europa Karten, WLAN \/ WiFi und digitalem Verlehrsfunk (Digital Traffic).\" \/>\n<meta name=\"robots\" content=\"index, follow, max-snippet:-1, max-image-preview:large, max-video-preview:-1\" \/>\n<link rel=\"canonical\" href=\"https:\/\/www.navi-express.com\/en\/shop\/garmin\/mobile-navigationsgeraete\/garmin-drivesmart-76-mt-d-7-zoll-pkw-navi-europa-maps-digital-traffic-wifi-wlan\/\" \/>\n<meta property=\"og:locale\" content=\"en_US\" \/>\n<meta property=\"og:type\" content=\"article\" \/>\n<meta property=\"og:title\" content=\"Garmin DriveSmart 76 MT-D EU 7 Zoll PKW Navi WLAN Traffic\" \/>\n<meta property=\"og:description\" content=\"Original Garmin DriveSmart 76 MT-D 7 Zoll PKW Navigationsger\u00e4t mit Europa Karten, WLAN \/ WiFi und digitalem Verlehrsfunk (Digital Traffic).\" \/>\n<meta property=\"og:url\" content=\"https:\/\/www.navi-express.com\/en\/shop\/garmin\/mobile-navigationsgeraete\/garmin-drivesmart-76-mt-d-7-zoll-pkw-navi-europa-maps-digital-traffic-wifi-wlan\/\" \/>\n<meta property=\"og:site_name\" content=\"Navi-Express\" \/>\n<meta property=\"article:modified_time\" content=\"2026-03-05T09:14:39+00:00\" \/>\n<meta property=\"og:image\" content=\"https:\/\/www.navi-express.com\/wp-content\/uploads\/2024\/12\/IMG_20260113_115005-scaled.jpg\" \/>\n\t<meta property=\"og:image:width\" content=\"2560\" \/>\n\t<meta property=\"og:image:height\" content=\"1920\" \/>\n\t<meta property=\"og:image:type\" content=\"image\/jpeg\" \/>\n<meta name=\"twitter:card\" content=\"summary_large_image\" \/>\n<meta name=\"twitter:label1\" content=\"Est. reading time\" \/>\n\t<meta name=\"twitter:data1\" content=\"3 minutes\" \/>\n<script type=\"application\/ld+json\" class=\"yoast-schema-graph\">{\"@context\":\"https:\\\/\\\/schema.org\",\"@graph\":[{\"@type\":\"WebPage\",\"@id\":\"https:\\\/\\\/www.navi-express.com\\\/shop\\\/garmin\\\/mobile-navigationsgeraete\\\/garmin-drivesmart-76-mt-d-7-zoll-pkw-navi-europa-maps-digital-traffic-wifi-wlan\\\/\",\"url\":\"https:\\\/\\\/www.navi-express.com\\\/shop\\\/garmin\\\/mobile-navigationsgeraete\\\/garmin-drivesmart-76-mt-d-7-zoll-pkw-navi-europa-maps-digital-traffic-wifi-wlan\\\/\",\"name\":\"Garmin DriveSmart 76 MT-D EU 7 Zoll PKW Navi WLAN Traffic\",\"isPartOf\":{\"@id\":\"https:\\\/\\\/www.navi-express.com\\\/#website\"},\"primaryImageOfPage\":{\"@id\":\"https:\\\/\\\/www.navi-express.com\\\/shop\\\/garmin\\\/mobile-navigationsgeraete\\\/garmin-drivesmart-76-mt-d-7-zoll-pkw-navi-europa-maps-digital-traffic-wifi-wlan\\\/#primaryimage\"},\"image\":{\"@id\":\"https:\\\/\\\/www.navi-express.com\\\/shop\\\/garmin\\\/mobile-navigationsgeraete\\\/garmin-drivesmart-76-mt-d-7-zoll-pkw-navi-europa-maps-digital-traffic-wifi-wlan\\\/#primaryimage\"},\"thumbnailUrl\":\"https:\\\/\\\/www.navi-express.com\\\/wp-content\\\/uploads\\\/2024\\\/12\\\/IMG_20260113_115005-scaled.jpg\",\"datePublished\":\"2024-12-25T15:43:05+00:00\",\"dateModified\":\"2026-03-05T09:14:39+00:00\",\"description\":\"Original Garmin DriveSmart 76 MT-D 7 Zoll PKW Navigationsger\u00e4t mit Europa Karten, WLAN \\\/ WiFi und digitalem Verlehrsfunk (Digital Traffic).\",\"breadcrumb\":{\"@id\":\"https:\\\/\\\/www.navi-express.com\\\/shop\\\/garmin\\\/mobile-navigationsgeraete\\\/garmin-drivesmart-76-mt-d-7-zoll-pkw-navi-europa-maps-digital-traffic-wifi-wlan\\\/#breadcrumb\"},\"inLanguage\":\"en-US\",\"potentialAction\":[{\"@type\":\"ReadAction\",\"target\":[\"https:\\\/\\\/www.navi-express.com\\\/shop\\\/garmin\\\/mobile-navigationsgeraete\\\/garmin-drivesmart-76-mt-d-7-zoll-pkw-navi-europa-maps-digital-traffic-wifi-wlan\\\/\"]}]},{\"@type\":\"ImageObject\",\"inLanguage\":\"en-US\",\"@id\":\"https:\\\/\\\/www.navi-express.com\\\/shop\\\/garmin\\\/mobile-navigationsgeraete\\\/garmin-drivesmart-76-mt-d-7-zoll-pkw-navi-europa-maps-digital-traffic-wifi-wlan\\\/#primaryimage\",\"url\":\"https:\\\/\\\/www.navi-express.com\\\/wp-content\\\/uploads\\\/2024\\\/12\\\/IMG_20260113_115005-scaled.jpg\",\"contentUrl\":\"https:\\\/\\\/www.navi-express.com\\\/wp-content\\\/uploads\\\/2024\\\/12\\\/IMG_20260113_115005-scaled.jpg\",\"width\":2560,\"height\":1920},{\"@type\":\"BreadcrumbList\",\"@id\":\"https:\\\/\\\/www.navi-express.com\\\/shop\\\/garmin\\\/mobile-navigationsgeraete\\\/garmin-drivesmart-76-mt-d-7-zoll-pkw-navi-europa-maps-digital-traffic-wifi-wlan\\\/#breadcrumb\",\"itemListElement\":[{\"@type\":\"ListItem\",\"position\":1,\"name\":\"Startseite\",\"item\":\"https:\\\/\\\/www.navi-express.com\\\/\"},{\"@type\":\"ListItem\",\"position\":2,\"name\":\"Shop\",\"item\":\"https:\\\/\\\/www.navi-express.com\\\/shop\\\/\"},{\"@type\":\"ListItem\",\"position\":3,\"name\":\"Garmin DriveSmart 76 MT-D 7 Zoll PKW Navi Europa Maps Digital Traffic WiFi WLAN\"}]},{\"@type\":\"WebSite\",\"@id\":\"https:\\\/\\\/www.navi-express.com\\\/#website\",\"url\":\"https:\\\/\\\/www.navi-express.com\\\/\",\"name\":\"Navi-Express\",\"description\":\"Ihr Experte f\u00fcr Navigation\",\"publisher\":{\"@id\":\"https:\\\/\\\/www.navi-express.com\\\/#organization\"},\"alternateName\":\"NE\",\"potentialAction\":[{\"@type\":\"SearchAction\",\"target\":{\"@type\":\"EntryPoint\",\"urlTemplate\":\"https:\\\/\\\/www.navi-express.com\\\/?s={search_term_string}\"},\"query-input\":{\"@type\":\"PropertyValueSpecification\",\"valueRequired\":true,\"valueName\":\"search_term_string\"}}],\"inLanguage\":\"en-US\"},{\"@type\":\"Organization\",\"@id\":\"https:\\\/\\\/www.navi-express.com\\\/#organization\",\"name\":\"Navi-Express\",\"alternateName\":\"NE\",\"url\":\"https:\\\/\\\/www.navi-express.com\\\/\",\"logo\":{\"@type\":\"ImageObject\",\"inLanguage\":\"en-US\",\"@id\":\"https:\\\/\\\/www.navi-express.com\\\/#\\\/schema\\\/logo\\\/image\\\/\",\"url\":\"https:\\\/\\\/www.navi-express.com\\\/wp-content\\\/uploads\\\/2019\\\/03\\\/cropped-logo-transpbearb-1.png\",\"contentUrl\":\"https:\\\/\\\/www.navi-express.com\\\/wp-content\\\/uploads\\\/2019\\\/03\\\/cropped-logo-transpbearb-1.png\",\"width\":512,\"height\":512,\"caption\":\"Navi-Express\"},\"image\":{\"@id\":\"https:\\\/\\\/www.navi-express.com\\\/#\\\/schema\\\/logo\\\/image\\\/\"}}]}<\/script>\n<!-- \/ Yoast SEO plugin. -->","yoast_head_json":{"title":"Garmin DriveSmart 76 MT-D EU 7 Zoll PKW Navi WLAN Traffic","description":"Original Garmin DriveSmart 76 MT-D 7 Zoll PKW Navigationsger\u00e4t mit Europa Karten, WLAN \/ WiFi und digitalem Verlehrsfunk (Digital Traffic).","robots":{"index":"index","follow":"follow","max-snippet":"max-snippet:-1","max-image-preview":"max-image-preview:large","max-video-preview":"max-video-preview:-1"},"canonical":"https:\/\/www.navi-express.com\/en\/shop\/garmin\/mobile-navigationsgeraete\/garmin-drivesmart-76-mt-d-7-zoll-pkw-navi-europa-maps-digital-traffic-wifi-wlan\/","og_locale":"en_US","og_type":"article","og_title":"Garmin DriveSmart 76 MT-D EU 7 Zoll PKW Navi WLAN Traffic","og_description":"Original Garmin DriveSmart 76 MT-D 7 Zoll PKW Navigationsger\u00e4t mit Europa Karten, WLAN \/ WiFi und digitalem Verlehrsfunk (Digital Traffic).","og_url":"https:\/\/www.navi-express.com\/en\/shop\/garmin\/mobile-navigationsgeraete\/garmin-drivesmart-76-mt-d-7-zoll-pkw-navi-europa-maps-digital-traffic-wifi-wlan\/","og_site_name":"Navi-Express","article_modified_time":"2026-03-05T09:14:39+00:00","og_image":[{"width":2560,"height":1920,"url":"https:\/\/www.navi-express.com\/wp-content\/uploads\/2024\/12\/IMG_20260113_115005-scaled.jpg","type":"image\/jpeg"}],"twitter_card":"summary_large_image","twitter_misc":{"Est. reading time":"3 minutes"},"schema":{"@context":"https:\/\/schema.org","@graph":[{"@type":"WebPage","@id":"https:\/\/www.navi-express.com\/shop\/garmin\/mobile-navigationsgeraete\/garmin-drivesmart-76-mt-d-7-zoll-pkw-navi-europa-maps-digital-traffic-wifi-wlan\/","url":"https:\/\/www.navi-express.com\/shop\/garmin\/mobile-navigationsgeraete\/garmin-drivesmart-76-mt-d-7-zoll-pkw-navi-europa-maps-digital-traffic-wifi-wlan\/","name":"Garmin DriveSmart 76 MT-D EU 7 Zoll PKW Navi WLAN Traffic","isPartOf":{"@id":"https:\/\/www.navi-express.com\/#website"},"primaryImageOfPage":{"@id":"https:\/\/www.navi-express.com\/shop\/garmin\/mobile-navigationsgeraete\/garmin-drivesmart-76-mt-d-7-zoll-pkw-navi-europa-maps-digital-traffic-wifi-wlan\/#primaryimage"},"image":{"@id":"https:\/\/www.navi-express.com\/shop\/garmin\/mobile-navigationsgeraete\/garmin-drivesmart-76-mt-d-7-zoll-pkw-navi-europa-maps-digital-traffic-wifi-wlan\/#primaryimage"},"thumbnailUrl":"https:\/\/www.navi-express.com\/wp-content\/uploads\/2024\/12\/IMG_20260113_115005-scaled.jpg","datePublished":"2024-12-25T15:43:05+00:00","dateModified":"2026-03-05T09:14:39+00:00","description":"Original Garmin DriveSmart 76 MT-D 7 Zoll PKW Navigationsger\u00e4t mit Europa Karten, WLAN \/ WiFi und digitalem Verlehrsfunk (Digital Traffic).","breadcrumb":{"@id":"https:\/\/www.navi-express.com\/shop\/garmin\/mobile-navigationsgeraete\/garmin-drivesmart-76-mt-d-7-zoll-pkw-navi-europa-maps-digital-traffic-wifi-wlan\/#breadcrumb"},"inLanguage":"en-US","potentialAction":[{"@type":"ReadAction","target":["https:\/\/www.navi-express.com\/shop\/garmin\/mobile-navigationsgeraete\/garmin-drivesmart-76-mt-d-7-zoll-pkw-navi-europa-maps-digital-traffic-wifi-wlan\/"]}]},{"@type":"ImageObject","inLanguage":"en-US","@id":"https:\/\/www.navi-express.com\/shop\/garmin\/mobile-navigationsgeraete\/garmin-drivesmart-76-mt-d-7-zoll-pkw-navi-europa-maps-digital-traffic-wifi-wlan\/#primaryimage","url":"https:\/\/www.navi-express.com\/wp-content\/uploads\/2024\/12\/IMG_20260113_115005-scaled.jpg","contentUrl":"https:\/\/www.navi-express.com\/wp-content\/uploads\/2024\/12\/IMG_20260113_115005-scaled.jpg","width":2560,"height":1920},{"@type":"BreadcrumbList","@id":"https:\/\/www.navi-express.com\/shop\/garmin\/mobile-navigationsgeraete\/garmin-drivesmart-76-mt-d-7-zoll-pkw-navi-europa-maps-digital-traffic-wifi-wlan\/#breadcrumb","itemListElement":[{"@type":"ListItem","position":1,"name":"Startseite","item":"https:\/\/www.navi-express.com\/"},{"@type":"ListItem","position":2,"name":"Shop","item":"https:\/\/www.navi-express.com\/shop\/"},{"@type":"ListItem","position":3,"name":"Garmin DriveSmart 76 MT-D 7 Zoll PKW Navi Europa Maps Digital Traffic WiFi WLAN"}]},{"@type":"WebSite","@id":"https:\/\/www.navi-express.com\/#website","url":"https:\/\/www.navi-express.com\/","name":"Navi-Express","description":"Ihr Experte f\u00fcr Navigation","publisher":{"@id":"https:\/\/www.navi-express.com\/#organization"},"alternateName":"NE","potentialAction":[{"@type":"SearchAction","target":{"@type":"EntryPoint","urlTemplate":"https:\/\/www.navi-express.com\/?s={search_term_string}"},"query-input":{"@type":"PropertyValueSpecification","valueRequired":true,"valueName":"search_term_string"}}],"inLanguage":"en-US"},{"@type":"Organization","@id":"https:\/\/www.navi-express.com\/#organization","name":"Navi-Express","alternateName":"NE","url":"https:\/\/www.navi-express.com\/","logo":{"@type":"ImageObject","inLanguage":"en-US","@id":"https:\/\/www.navi-express.com\/#\/schema\/logo\/image\/","url":"https:\/\/www.navi-express.com\/wp-content\/uploads\/2019\/03\/cropped-logo-transpbearb-1.png","contentUrl":"https:\/\/www.navi-express.com\/wp-content\/uploads\/2019\/03\/cropped-logo-transpbearb-1.png","width":512,"height":512,"caption":"Navi-Express"},"image":{"@id":"https:\/\/www.navi-express.com\/#\/schema\/logo\/image\/"}}]}},"_links":{"self":[{"href":"https:\/\/www.navi-express.com\/en\/wp-json\/wp\/v2\/product\/3310","targetHints":{"allow":["GET"]}}],"collection":[{"href":"https:\/\/www.navi-express.com\/en\/wp-json\/wp\/v2\/product"}],"about":[{"href":"https:\/\/www.navi-express.com\/en\/wp-json\/wp\/v2\/types\/product"}],"wp:featuredmedia":[{"embeddable":true,"href":"https:\/\/www.navi-express.com\/en\/wp-json\/wp\/v2\/media\/5906"}],"wp:attachment":[{"href":"https:\/\/www.navi-express.com\/en\/wp-json\/wp\/v2\/media?parent=3310"}],"wp:term":[{"taxonomy":"product_brand","embeddable":true,"href":"https:\/\/www.navi-express.com\/en\/wp-json\/wp\/v2\/product_brand?post=3310"},{"taxonomy":"product_cat","embeddable":true,"href":"https:\/\/www.navi-express.com\/en\/wp-json\/wp\/v2\/product_cat?post=3310"},{"taxonomy":"product_tag","embeddable":true,"href":"https:\/\/www.navi-express.com\/en\/wp-json\/wp\/v2\/product_tag?post=3310"}],"curies":[{"name":"wp","href":"https:\/\/api.w.org\/{rel}","templated":true}]}}