{"id":3466,"date":"2025-01-03T15:03:54","date_gmt":"2025-01-03T14:03:54","guid":{"rendered":"https:\/\/www.navi-express.com\/?post_type=product&#038;p=3466"},"modified":"2026-02-11T12:43:11","modified_gmt":"2026-02-11T11:43:11","slug":"navigations-cd-connect-nit-g1-daenemark-schweden-norwegen-2008-2009","status":"publish","type":"product","link":"https:\/\/www.navi-express.com\/en\/shop\/lancia\/connect-nit-g1-lancia\/navigations-cd-connect-nit-g1-daenemark-schweden-norwegen-2008-2009\/","title":{"rendered":"Navteq Navigation CD Connect NIT G1 D\u00e4nemark Schweden Norwegen 2008\/2009"},"content":{"rendered":"<p>&nbsp;<\/p>\n<p><strong><span style=\"color: #000000;\">Original Navteq Navigations-CD in gebrauchtem, funktionalen Zustand<\/span><\/strong><\/p>\n<p><strong><span style=\"color: #000000;\">geeignet f\u00fcr das Navigationssystem Connect NIT G1 in Alfa Rome0, Lancia, Fiat und Maserati<\/span><\/strong><\/p>\n<p><strong><span style=\"color: #000000;\">Detailkarten CD f\u00fcr D\u00e4nemark Schweden und Norwegen von 2008\/2009<\/span><\/strong><\/p>\n<p><strong><span style=\"color: #000000;\">&gt;&gt; Bei Versand in ein NICHT-EU-LAND entstehen f\u00fcr den K\u00e4ufer zus\u00e4tzliche Kosten<\/span><\/strong><\/p>\n<p>&nbsp;<\/p>\n<p><span style=\"color: #000000;\"><b><u>Die Navi-CD eignet sich f\u00fcr folgende Fahrzeuge mit Connect NIT G1 System:<\/u><\/b><\/span><\/p>\n<p><span style=\"color: #000000;\"><strong><u>Alfa Romeo<\/u><\/strong><\/span><\/p>\n<p><span style=\"color: #000000;\"><strong>147 mit MM Connect NIT G1 (DB1) ab 2004 &#8211;&gt; &#8230;<\/strong><\/span><\/p>\n<p><span style=\"color: #000000;\"><strong>GT mit MM Connect NIT G1 (DB1) ab 01\/2008 &#8211;&gt;<\/strong><strong> \u2026<\/strong><\/span><\/p>\n<p><span style=\"color: #000000;\"><strong>159 mit MM Connect NIT G1 (DB1) ab 09\/2005 &#8211;&gt;<\/strong><strong> 01\/2008<\/strong><\/span><\/p>\n<p><span style=\"color: #000000;\"><strong>Brera mit MM Connect NIT G1 (DB1) \u2026 <\/strong><strong>&#8211;&gt;<\/strong><strong> 02\/2008 (bis 2008)<\/strong><\/span><\/p>\n<p>&nbsp;<\/p>\n<p><span style=\"color: #000000;\"><strong><u>Fiat<\/u><\/strong><\/span><\/p>\n<p><span style=\"color: #000000;\"><strong>Croma mit MM Connect NIT G1 (DB1) ab 01\/2005 <\/strong><strong>&#8211;&gt;<\/strong><strong> 11\/2007<\/strong><\/span><\/p>\n<p><span style=\"color: #000000;\"><strong>IDEA mit MM Connect NIT G1 (DB1) ab 11\/2004 <\/strong><strong>&#8211;&gt;<\/strong><strong> 03\/2008<\/strong><\/span><\/p>\n<p><span style=\"color: #000000;\"><strong>Stilo mit MM Connect NIT G1 (DB1) ab 01\/2004 <\/strong><strong>&#8211;&gt;<\/strong><strong> \u2026<\/strong><\/span><\/p>\n<p><span style=\"color: #000000;\"><strong>Doblo mit MM Connect NIT G1 (DB1) ab 01\/2004 <\/strong><strong>&#8211;&gt;<\/strong><strong> \u2026<\/strong><\/span><\/p>\n<p><span style=\"color: #000000;\"><strong>Ducato mit MM Connect NIT G1 (DB1) ab 01\/2004 <\/strong><strong>&#8211;&gt;<\/strong><strong> 12\/2006<\/strong><\/span><\/p>\n<p><span style=\"color: #000000;\"><strong>Nuova Panda mit MM Connect NIT G1 (DB1) ab 01\/2004 <\/strong><strong>&#8211;&gt;<\/strong><strong> \u2026<\/strong><\/span><\/p>\n<p><span style=\"color: #000000;\"><strong>Ulysse mit MM Connect NIT G1 (DB1) \u2026 <\/strong><strong>&#8211;&gt;<\/strong><strong> 10\/2005 (bis 10\/2005)<\/strong><\/span><\/p>\n<p><span style=\"color: #000000;\"><strong>\u00a0<\/strong><\/span><\/p>\n<p><span style=\"color: #000000;\"><strong><u>Lancia<\/u><\/strong><\/span><\/p>\n<p><span style=\"color: #000000;\"><strong>Musa mit MM Connect NIT G1 (DB1) ab 01\/2005 <\/strong><strong>&#8211;&gt;<\/strong><strong> 11\/2007<\/strong><\/span><\/p>\n<p><span style=\"color: #000000;\"><strong>Ypsilon mit MM Connect NIT G1 (DB1) ab 01\/2004 <\/strong><strong>&#8211;&gt;<\/strong><strong> 02\/2008<\/strong><\/span><\/p>\n<p><span style=\"color: #000000;\"><strong>Phedra mit MM Connect NIT G1 (DB1) \u2026 <\/strong><strong>&#8211;&gt;<\/strong><strong> 10\/2005 (bis 10\/2005)<\/strong><\/span><\/p>\n<p><span style=\"color: #000000;\"><strong>\u00a0<\/strong><\/span><\/p>\n<p><span style=\"color: #000000;\"><strong><u>Maserati<\/u><\/strong><\/span><\/p>\n<p><span style=\"color: #000000;\"><strong>Spider mit MM Connect NIT G1 (DB1) ab 2002 <\/strong><strong>&#8211;&gt;<\/strong><strong> 10\/2006<\/strong><\/span><\/p>\n<p><span style=\"color: #000000;\"><strong>Coupe mit MM Connect NIT G1 (DB1) ab 03\/2002 <\/strong><strong>&#8211;&gt;<\/strong><strong> 10\/2006<\/strong><\/span><\/p>\n<p>&nbsp;<\/p>\n<p>&nbsp;<\/p>\n<p>____________________________________________________________________________________________________________________<\/p>\n<p><strong><span style=\"color: #000000;\"><u>Hersteller \/ EU verantwortliche Person:<\/u><\/span><\/strong><\/p>\n<p><strong><span style=\"color: #000000;\">HERE Global B.V. (Fr\u00fcher: Navteq)<\/span><\/strong><\/p>\n<p><strong><span style=\"color: #000000;\">Kennedyplein 222-226<\/span><\/strong><\/p>\n<p><strong><span style=\"color: #000000;\">5611 ZT Eindhoven<\/span><\/strong><\/p>\n<p><strong><span style=\"color: #000000;\">The Netherlands<\/span><\/strong><\/p>\n<p><strong><span style=\"color: #000000;\">Tel.: +31 40 298 14 00<\/span><\/strong><\/p>\n<p><strong><span style=\"color: #000000;\">E-Mail: info@here.com<\/span><\/strong><\/p>\n<p>&nbsp;<\/p>","protected":false},"excerpt":{"rendered":"<p>&nbsp; Original Navteq Navigations-CD in gebrauchtem, funktionalen Zustand geeignet f\u00fcr das Navigationssystem Connect NIT G1 in Alfa Rome0, Lancia, Fiat und Maserati Detailkarten CD f\u00fcr D\u00e4nemark Schweden und Norwegen von 2008\/2009 &gt;&gt; Bei Versand in ein NICHT-EU-LAND entstehen f\u00fcr den K\u00e4ufer zus\u00e4tzliche Kosten &nbsp; Die Navi-CD eignet sich f\u00fcr folgende Fahrzeuge mit Connect NIT G1 [&hellip;]<\/p>\n","protected":false},"featured_media":3467,"template":"","meta":{"ocean_post_layout":"","ocean_both_sidebars_style":"","ocean_both_sidebars_content_width":0,"ocean_both_sidebars_sidebars_width":0,"ocean_sidebar":"0","ocean_second_sidebar":"0","ocean_disable_margins":"enable","ocean_add_body_class":"","ocean_shortcode_before_top_bar":"","ocean_shortcode_after_top_bar":"","ocean_shortcode_before_header":"","ocean_shortcode_after_header":"","ocean_has_shortcode":"","ocean_shortcode_after_title":"","ocean_shortcode_before_footer_widgets":"","ocean_shortcode_after_footer_widgets":"","ocean_shortcode_before_footer_bottom":"","ocean_shortcode_after_footer_bottom":"","ocean_display_top_bar":"default","ocean_display_header":"default","ocean_header_style":"","ocean_center_header_left_menu":"0","ocean_custom_header_template":"0","ocean_custom_logo":0,"ocean_custom_retina_logo":0,"ocean_custom_logo_max_width":0,"ocean_custom_logo_tablet_max_width":0,"ocean_custom_logo_mobile_max_width":0,"ocean_custom_logo_max_height":0,"ocean_custom_logo_tablet_max_height":0,"ocean_custom_logo_mobile_max_height":0,"ocean_header_custom_menu":"0","ocean_menu_typo_font_family":"0","ocean_menu_typo_font_subset":"","ocean_menu_typo_font_size":0,"ocean_menu_typo_font_size_tablet":0,"ocean_menu_typo_font_size_mobile":0,"ocean_menu_typo_font_size_unit":"px","ocean_menu_typo_font_weight":"","ocean_menu_typo_font_weight_tablet":"","ocean_menu_typo_font_weight_mobile":"","ocean_menu_typo_transform":"","ocean_menu_typo_transform_tablet":"","ocean_menu_typo_transform_mobile":"","ocean_menu_typo_line_height":0,"ocean_menu_typo_line_height_tablet":0,"ocean_menu_typo_line_height_mobile":0,"ocean_menu_typo_line_height_unit":"","ocean_menu_typo_spacing":0,"ocean_menu_typo_spacing_tablet":0,"ocean_menu_typo_spacing_mobile":0,"ocean_menu_typo_spacing_unit":"","ocean_menu_link_color":"","ocean_menu_link_color_hover":"","ocean_menu_link_color_active":"","ocean_menu_link_background":"","ocean_menu_link_hover_background":"","ocean_menu_link_active_background":"","ocean_menu_social_links_bg":"","ocean_menu_social_hover_links_bg":"","ocean_menu_social_links_color":"","ocean_menu_social_hover_links_color":"","ocean_disable_title":"default","ocean_disable_heading":"default","ocean_post_title":"","ocean_post_subheading":"","ocean_post_title_style":"","ocean_post_title_background_color":"","ocean_post_title_background":0,"ocean_post_title_bg_image_position":"","ocean_post_title_bg_image_attachment":"","ocean_post_title_bg_image_repeat":"","ocean_post_title_bg_image_size":"","ocean_post_title_height":0,"ocean_post_title_bg_overlay":0.5,"ocean_post_title_bg_overlay_color":"","ocean_disable_breadcrumbs":"default","ocean_breadcrumbs_color":"","ocean_breadcrumbs_separator_color":"","ocean_breadcrumbs_links_color":"","ocean_breadcrumbs_links_hover_color":"","ocean_display_footer_widgets":"default","ocean_display_footer_bottom":"default","ocean_custom_footer_template":"0"},"product_brand":[],"product_cat":[1100,1099],"product_tag":[1176,1104],"class_list":{"0":"post-3466","1":"product","2":"type-product","3":"status-publish","4":"has-post-thumbnail","6":"product_cat-connect-nit-g1-lancia","7":"product_cat-connect-nit-g1","8":"product_tag-alfa-romeo-navi-update","9":"product_tag-connect-nit-g1","11":"entry","12":"has-media","14":"first","15":"instock","16":"purchasable","17":"product-type-simple","18":"col","19":"span_1_of_4","20":"owp-content-center","21":"item-entry","22":"owp-thumbs-layout-horizontal","23":"owp-btn-normal","24":"owp-tabs-layout-horizontal","25":"has-no-thumbnails"},"yoast_head":"<!-- This site is optimized with the Yoast SEO plugin v27.3 - https:\/\/yoast.com\/product\/yoast-seo-wordpress\/ -->\n<title>Connect NIT G1 Navi CD D\u00e4nemark Schweden Norwegen 2009<\/title>\n<meta name=\"description\" content=\"Original Navteq Navigation CD geeignet f\u00fcr Alfa Romeo Fiat Lancia Maserati mit Connect NIT G1 Navigationssystem. D\u00e4nemark Schweden Norwegen 2008\/2009.\" \/>\n<meta name=\"robots\" content=\"index, follow, max-snippet:-1, max-image-preview:large, max-video-preview:-1\" \/>\n<link rel=\"canonical\" href=\"https:\/\/www.navi-express.com\/en\/shop\/lancia\/connect-nit-g1-lancia\/navigations-cd-connect-nit-g1-daenemark-schweden-norwegen-2008-2009\/\" \/>\n<meta property=\"og:locale\" content=\"en_US\" \/>\n<meta property=\"og:type\" content=\"article\" \/>\n<meta property=\"og:title\" content=\"Connect NIT G1 Navi CD D\u00e4nemark Schweden Norwegen 2009\" \/>\n<meta property=\"og:description\" content=\"Original Navteq Navigation CD geeignet f\u00fcr Alfa Romeo Fiat Lancia Maserati mit Connect NIT G1 Navigationssystem. D\u00e4nemark Schweden Norwegen 2008\/2009.\" \/>\n<meta property=\"og:url\" content=\"https:\/\/www.navi-express.com\/en\/shop\/lancia\/connect-nit-g1-lancia\/navigations-cd-connect-nit-g1-daenemark-schweden-norwegen-2008-2009\/\" \/>\n<meta property=\"og:site_name\" content=\"Navi-Express\" \/>\n<meta property=\"article:modified_time\" content=\"2026-02-11T11:43:11+00:00\" \/>\n<meta property=\"og:image\" content=\"https:\/\/www.navi-express.com\/wp-content\/uploads\/2025\/01\/Connect-NIT-G1-Daenemark-Norwegen-Schweden-2008-2009-scaled.jpg\" \/>\n\t<meta property=\"og:image:width\" content=\"1920\" \/>\n\t<meta property=\"og:image:height\" content=\"2560\" \/>\n\t<meta property=\"og:image:type\" content=\"image\/jpeg\" \/>\n<meta name=\"twitter:card\" content=\"summary_large_image\" \/>\n<meta name=\"twitter:label1\" content=\"Est. reading time\" \/>\n\t<meta name=\"twitter:data1\" content=\"2 minutes\" \/>\n<script type=\"application\/ld+json\" class=\"yoast-schema-graph\">{\"@context\":\"https:\\\/\\\/schema.org\",\"@graph\":[{\"@type\":\"WebPage\",\"@id\":\"https:\\\/\\\/www.navi-express.com\\\/shop\\\/lancia\\\/connect-nit-g1-lancia\\\/navigations-cd-connect-nit-g1-daenemark-schweden-norwegen-2008-2009\\\/\",\"url\":\"https:\\\/\\\/www.navi-express.com\\\/shop\\\/lancia\\\/connect-nit-g1-lancia\\\/navigations-cd-connect-nit-g1-daenemark-schweden-norwegen-2008-2009\\\/\",\"name\":\"Connect NIT G1 Navi CD D\u00e4nemark Schweden Norwegen 2009\",\"isPartOf\":{\"@id\":\"https:\\\/\\\/www.navi-express.com\\\/#website\"},\"primaryImageOfPage\":{\"@id\":\"https:\\\/\\\/www.navi-express.com\\\/shop\\\/lancia\\\/connect-nit-g1-lancia\\\/navigations-cd-connect-nit-g1-daenemark-schweden-norwegen-2008-2009\\\/#primaryimage\"},\"image\":{\"@id\":\"https:\\\/\\\/www.navi-express.com\\\/shop\\\/lancia\\\/connect-nit-g1-lancia\\\/navigations-cd-connect-nit-g1-daenemark-schweden-norwegen-2008-2009\\\/#primaryimage\"},\"thumbnailUrl\":\"https:\\\/\\\/www.navi-express.com\\\/wp-content\\\/uploads\\\/2025\\\/01\\\/Connect-NIT-G1-Daenemark-Norwegen-Schweden-2008-2009-scaled.jpg\",\"datePublished\":\"2025-01-03T14:03:54+00:00\",\"dateModified\":\"2026-02-11T11:43:11+00:00\",\"description\":\"Original Navteq Navigation CD geeignet f\u00fcr Alfa Romeo Fiat Lancia Maserati mit Connect NIT G1 Navigationssystem. D\u00e4nemark Schweden Norwegen 2008\\\/2009.\",\"breadcrumb\":{\"@id\":\"https:\\\/\\\/www.navi-express.com\\\/shop\\\/lancia\\\/connect-nit-g1-lancia\\\/navigations-cd-connect-nit-g1-daenemark-schweden-norwegen-2008-2009\\\/#breadcrumb\"},\"inLanguage\":\"en-US\",\"potentialAction\":[{\"@type\":\"ReadAction\",\"target\":[\"https:\\\/\\\/www.navi-express.com\\\/shop\\\/lancia\\\/connect-nit-g1-lancia\\\/navigations-cd-connect-nit-g1-daenemark-schweden-norwegen-2008-2009\\\/\"]}]},{\"@type\":\"ImageObject\",\"inLanguage\":\"en-US\",\"@id\":\"https:\\\/\\\/www.navi-express.com\\\/shop\\\/lancia\\\/connect-nit-g1-lancia\\\/navigations-cd-connect-nit-g1-daenemark-schweden-norwegen-2008-2009\\\/#primaryimage\",\"url\":\"https:\\\/\\\/www.navi-express.com\\\/wp-content\\\/uploads\\\/2025\\\/01\\\/Connect-NIT-G1-Daenemark-Norwegen-Schweden-2008-2009-scaled.jpg\",\"contentUrl\":\"https:\\\/\\\/www.navi-express.com\\\/wp-content\\\/uploads\\\/2025\\\/01\\\/Connect-NIT-G1-Daenemark-Norwegen-Schweden-2008-2009-scaled.jpg\",\"width\":1920,\"height\":2560},{\"@type\":\"BreadcrumbList\",\"@id\":\"https:\\\/\\\/www.navi-express.com\\\/shop\\\/lancia\\\/connect-nit-g1-lancia\\\/navigations-cd-connect-nit-g1-daenemark-schweden-norwegen-2008-2009\\\/#breadcrumb\",\"itemListElement\":[{\"@type\":\"ListItem\",\"position\":1,\"name\":\"Startseite\",\"item\":\"https:\\\/\\\/www.navi-express.com\\\/\"},{\"@type\":\"ListItem\",\"position\":2,\"name\":\"Shop\",\"item\":\"https:\\\/\\\/www.navi-express.com\\\/shop\\\/\"},{\"@type\":\"ListItem\",\"position\":3,\"name\":\"Navteq Navigation CD Connect NIT G1 D\u00e4nemark Schweden Norwegen 2008\\\/2009\"}]},{\"@type\":\"WebSite\",\"@id\":\"https:\\\/\\\/www.navi-express.com\\\/#website\",\"url\":\"https:\\\/\\\/www.navi-express.com\\\/\",\"name\":\"Navi-Express\",\"description\":\"Ihr Experte f\u00fcr Navigation\",\"publisher\":{\"@id\":\"https:\\\/\\\/www.navi-express.com\\\/#organization\"},\"alternateName\":\"NE\",\"potentialAction\":[{\"@type\":\"SearchAction\",\"target\":{\"@type\":\"EntryPoint\",\"urlTemplate\":\"https:\\\/\\\/www.navi-express.com\\\/?s={search_term_string}\"},\"query-input\":{\"@type\":\"PropertyValueSpecification\",\"valueRequired\":true,\"valueName\":\"search_term_string\"}}],\"inLanguage\":\"en-US\"},{\"@type\":\"Organization\",\"@id\":\"https:\\\/\\\/www.navi-express.com\\\/#organization\",\"name\":\"Navi-Express\",\"alternateName\":\"NE\",\"url\":\"https:\\\/\\\/www.navi-express.com\\\/\",\"logo\":{\"@type\":\"ImageObject\",\"inLanguage\":\"en-US\",\"@id\":\"https:\\\/\\\/www.navi-express.com\\\/#\\\/schema\\\/logo\\\/image\\\/\",\"url\":\"https:\\\/\\\/www.navi-express.com\\\/wp-content\\\/uploads\\\/2019\\\/03\\\/cropped-logo-transpbearb-1.png\",\"contentUrl\":\"https:\\\/\\\/www.navi-express.com\\\/wp-content\\\/uploads\\\/2019\\\/03\\\/cropped-logo-transpbearb-1.png\",\"width\":512,\"height\":512,\"caption\":\"Navi-Express\"},\"image\":{\"@id\":\"https:\\\/\\\/www.navi-express.com\\\/#\\\/schema\\\/logo\\\/image\\\/\"}}]}<\/script>\n<!-- \/ Yoast SEO plugin. -->","yoast_head_json":{"title":"Connect NIT G1 Navi CD D\u00e4nemark Schweden Norwegen 2009","description":"Original Navteq Navigation CD geeignet f\u00fcr Alfa Romeo Fiat Lancia Maserati mit Connect NIT G1 Navigationssystem. D\u00e4nemark Schweden Norwegen 2008\/2009.","robots":{"index":"index","follow":"follow","max-snippet":"max-snippet:-1","max-image-preview":"max-image-preview:large","max-video-preview":"max-video-preview:-1"},"canonical":"https:\/\/www.navi-express.com\/en\/shop\/lancia\/connect-nit-g1-lancia\/navigations-cd-connect-nit-g1-daenemark-schweden-norwegen-2008-2009\/","og_locale":"en_US","og_type":"article","og_title":"Connect NIT G1 Navi CD D\u00e4nemark Schweden Norwegen 2009","og_description":"Original Navteq Navigation CD geeignet f\u00fcr Alfa Romeo Fiat Lancia Maserati mit Connect NIT G1 Navigationssystem. D\u00e4nemark Schweden Norwegen 2008\/2009.","og_url":"https:\/\/www.navi-express.com\/en\/shop\/lancia\/connect-nit-g1-lancia\/navigations-cd-connect-nit-g1-daenemark-schweden-norwegen-2008-2009\/","og_site_name":"Navi-Express","article_modified_time":"2026-02-11T11:43:11+00:00","og_image":[{"width":1920,"height":2560,"url":"https:\/\/www.navi-express.com\/wp-content\/uploads\/2025\/01\/Connect-NIT-G1-Daenemark-Norwegen-Schweden-2008-2009-scaled.jpg","type":"image\/jpeg"}],"twitter_card":"summary_large_image","twitter_misc":{"Est. reading time":"2 minutes"},"schema":{"@context":"https:\/\/schema.org","@graph":[{"@type":"WebPage","@id":"https:\/\/www.navi-express.com\/shop\/lancia\/connect-nit-g1-lancia\/navigations-cd-connect-nit-g1-daenemark-schweden-norwegen-2008-2009\/","url":"https:\/\/www.navi-express.com\/shop\/lancia\/connect-nit-g1-lancia\/navigations-cd-connect-nit-g1-daenemark-schweden-norwegen-2008-2009\/","name":"Connect NIT G1 Navi CD D\u00e4nemark Schweden Norwegen 2009","isPartOf":{"@id":"https:\/\/www.navi-express.com\/#website"},"primaryImageOfPage":{"@id":"https:\/\/www.navi-express.com\/shop\/lancia\/connect-nit-g1-lancia\/navigations-cd-connect-nit-g1-daenemark-schweden-norwegen-2008-2009\/#primaryimage"},"image":{"@id":"https:\/\/www.navi-express.com\/shop\/lancia\/connect-nit-g1-lancia\/navigations-cd-connect-nit-g1-daenemark-schweden-norwegen-2008-2009\/#primaryimage"},"thumbnailUrl":"https:\/\/www.navi-express.com\/wp-content\/uploads\/2025\/01\/Connect-NIT-G1-Daenemark-Norwegen-Schweden-2008-2009-scaled.jpg","datePublished":"2025-01-03T14:03:54+00:00","dateModified":"2026-02-11T11:43:11+00:00","description":"Original Navteq Navigation CD geeignet f\u00fcr Alfa Romeo Fiat Lancia Maserati mit Connect NIT G1 Navigationssystem. D\u00e4nemark Schweden Norwegen 2008\/2009.","breadcrumb":{"@id":"https:\/\/www.navi-express.com\/shop\/lancia\/connect-nit-g1-lancia\/navigations-cd-connect-nit-g1-daenemark-schweden-norwegen-2008-2009\/#breadcrumb"},"inLanguage":"en-US","potentialAction":[{"@type":"ReadAction","target":["https:\/\/www.navi-express.com\/shop\/lancia\/connect-nit-g1-lancia\/navigations-cd-connect-nit-g1-daenemark-schweden-norwegen-2008-2009\/"]}]},{"@type":"ImageObject","inLanguage":"en-US","@id":"https:\/\/www.navi-express.com\/shop\/lancia\/connect-nit-g1-lancia\/navigations-cd-connect-nit-g1-daenemark-schweden-norwegen-2008-2009\/#primaryimage","url":"https:\/\/www.navi-express.com\/wp-content\/uploads\/2025\/01\/Connect-NIT-G1-Daenemark-Norwegen-Schweden-2008-2009-scaled.jpg","contentUrl":"https:\/\/www.navi-express.com\/wp-content\/uploads\/2025\/01\/Connect-NIT-G1-Daenemark-Norwegen-Schweden-2008-2009-scaled.jpg","width":1920,"height":2560},{"@type":"BreadcrumbList","@id":"https:\/\/www.navi-express.com\/shop\/lancia\/connect-nit-g1-lancia\/navigations-cd-connect-nit-g1-daenemark-schweden-norwegen-2008-2009\/#breadcrumb","itemListElement":[{"@type":"ListItem","position":1,"name":"Startseite","item":"https:\/\/www.navi-express.com\/"},{"@type":"ListItem","position":2,"name":"Shop","item":"https:\/\/www.navi-express.com\/shop\/"},{"@type":"ListItem","position":3,"name":"Navteq Navigation CD Connect NIT G1 D\u00e4nemark Schweden Norwegen 2008\/2009"}]},{"@type":"WebSite","@id":"https:\/\/www.navi-express.com\/#website","url":"https:\/\/www.navi-express.com\/","name":"Navi-Express","description":"Ihr Experte f\u00fcr Navigation","publisher":{"@id":"https:\/\/www.navi-express.com\/#organization"},"alternateName":"NE","potentialAction":[{"@type":"SearchAction","target":{"@type":"EntryPoint","urlTemplate":"https:\/\/www.navi-express.com\/?s={search_term_string}"},"query-input":{"@type":"PropertyValueSpecification","valueRequired":true,"valueName":"search_term_string"}}],"inLanguage":"en-US"},{"@type":"Organization","@id":"https:\/\/www.navi-express.com\/#organization","name":"Navi-Express","alternateName":"NE","url":"https:\/\/www.navi-express.com\/","logo":{"@type":"ImageObject","inLanguage":"en-US","@id":"https:\/\/www.navi-express.com\/#\/schema\/logo\/image\/","url":"https:\/\/www.navi-express.com\/wp-content\/uploads\/2019\/03\/cropped-logo-transpbearb-1.png","contentUrl":"https:\/\/www.navi-express.com\/wp-content\/uploads\/2019\/03\/cropped-logo-transpbearb-1.png","width":512,"height":512,"caption":"Navi-Express"},"image":{"@id":"https:\/\/www.navi-express.com\/#\/schema\/logo\/image\/"}}]}},"_links":{"self":[{"href":"https:\/\/www.navi-express.com\/en\/wp-json\/wp\/v2\/product\/3466","targetHints":{"allow":["GET"]}}],"collection":[{"href":"https:\/\/www.navi-express.com\/en\/wp-json\/wp\/v2\/product"}],"about":[{"href":"https:\/\/www.navi-express.com\/en\/wp-json\/wp\/v2\/types\/product"}],"wp:featuredmedia":[{"embeddable":true,"href":"https:\/\/www.navi-express.com\/en\/wp-json\/wp\/v2\/media\/3467"}],"wp:attachment":[{"href":"https:\/\/www.navi-express.com\/en\/wp-json\/wp\/v2\/media?parent=3466"}],"wp:term":[{"taxonomy":"product_brand","embeddable":true,"href":"https:\/\/www.navi-express.com\/en\/wp-json\/wp\/v2\/product_brand?post=3466"},{"taxonomy":"product_cat","embeddable":true,"href":"https:\/\/www.navi-express.com\/en\/wp-json\/wp\/v2\/product_cat?post=3466"},{"taxonomy":"product_tag","embeddable":true,"href":"https:\/\/www.navi-express.com\/en\/wp-json\/wp\/v2\/product_tag?post=3466"}],"curies":[{"name":"wp","href":"https:\/\/api.w.org\/{rel}","templated":true}]}}