{"id":3553,"date":"2025-01-07T11:20:16","date_gmt":"2025-01-07T10:20:16","guid":{"rendered":"https:\/\/www.navi-express.com\/?post_type=product&#038;p=3553"},"modified":"2025-12-05T08:13:02","modified_gmt":"2025-12-05T07:13:02","slug":"mercedes-benz-navigations-cd-audio-30-aps-italien-oesterreich-schweiz-tschechien-slowakei-2007-2008-version-10-0","status":"publish","type":"product","link":"https:\/\/www.navi-express.com\/en\/shop\/mercedes-benz\/audio-30-aps\/mercedes-benz-navigations-cd-audio-30-aps-italien-oesterreich-schweiz-tschechien-slowakei-2007-2008-version-10-0\/","title":{"rendered":"Mercedes-Benz Navigation CD AUDIO 30 APS Italien \u00d6sterreich Schweiz CZ SK 2007\/2008 Version 10.0"},"content":{"rendered":"<p><strong><span style=\"color: #000000;\">Original Navigations-CD von Mercedes-Benz in gebrauchtem Zustand<\/span><\/strong><\/p>\n<p style=\"font-weight: 400;\"><strong><span style=\"color: #000000;\">geeignet f\u00fcr AUDIO 30 APS und SOUND 30 APS (Siehe Fotos)<\/span><\/strong><\/p>\n<p><span style=\"color: #000000;\"><b>Detailkarten von 2007\/2008 (Version 10.0) f\u00fcr \u00d6sterreich, Schweiz, Tschechien, Liechtenstein, Italien, San Marino, Slowakei und Vatikan<\/b><\/span><\/p>\n<p>&nbsp;<\/p>\n<p style=\"text-align: left;\" align=\"center\"><span style=\"color: #000000;\"><b><span style=\"font-family: Arial;\"><u>Alle Mercedes-Benz und Smart Modelle mit AUDIO 30 APS \/ Navigation &amp; Sound wie zum Beispiel:<\/u><\/span><\/b><\/span><\/p>\n<p style=\"text-align: left;\" align=\"center\"><strong><span style=\"color: #000000;\">&gt;&gt; auch eingebaut in verschiedenen anderen Mercedes-Benz und Smart Fahrzeugen, Ihr Navi muss aussehen wie auf dem Foto hier im Angebot<\/span><\/strong><\/p>\n<p style=\"text-align: left;\" align=\"center\"><b><span style=\"font-family: Arial;\"><u><span style=\"color: #00429a;\">A &#8211; Klasse<\/span><\/u>\u00a0BR168\u00a0 \u00a0 \u00a0 \u00a0 \u00a0 \u00a0 \u00a0 \u00a0 \u00a0 \u00a0 \u00a0 \u00a0 \u00a0 \u00a0 \u00a0 \u00a0 \u00a0 \u00a0 \u00a0&#8230; bis Baujahr 09\/2004<\/span><\/b><\/p>\n<p style=\"text-align: left;\" align=\"center\"><span style=\"font-family: Arial;\"><b><u><span style=\"color: #00429a;\">C &#8211; Klasse<\/span><\/u>\u00a0BR202 BR203\u00a0 \u00a0 \u00a0 \u00a0 \u00a0 \u00a0 \u00a0 \u00a0 \u00a0 \u00a0 \u00a0 \u00a0 \u00a0<\/b><b>&#8230; bis Baujahr 04\/2004<\/b><\/span><\/p>\n<p style=\"text-align: left;\" align=\"center\"><span style=\"font-family: Arial;\"><b><u><span style=\"color: #00429a;\">CLK &#8211; Klasse<\/span><\/u>\u00a0BR208 BR209\u00a0 \u00a0 \u00a0 \u00a0 \u00a0 \u00a0 \u00a0 \u00a0 \u00a0 \u00a0\u00a0<\/b><b>&#8230; bis Baujahr 07\/2004<\/b><\/span><\/p>\n<p style=\"text-align: left;\" align=\"center\"><span style=\"font-family: Arial;\"><b><span style=\"color: #00429a;\"><u>E &#8211; Klasse<\/u><\/span>\u00a0BR210\u00a0 \u00a0 \u00a0 \u00a0 \u00a0 \u00a0 \u00a0 \u00a0 \u00a0 \u00a0 \u00a0 \u00a0 \u00a0 \u00a0 \u00a0 \u00a0 \u00a0 \u00a0 \u00a0<\/b><b>&#8230; bis Baujahr 03\/2002<\/b><\/span><\/p>\n<p style=\"text-align: left;\" align=\"center\"><span style=\"font-family: Arial;\"><b><span style=\"color: #00429a;\"><u>G &#8211; Klasse<\/u><\/span>\u00a0G463\u00a0 \u00a0 \u00a0 \u00a0 \u00a0\u00a0<\/b><b>ab Baujahr 05\/1999 bis Baujahr 09\/2000<\/b><\/span><\/p>\n<p style=\"text-align: left;\" align=\"center\"><span style=\"font-family: Arial;\"><b><span style=\"color: #00429a;\"><u>M &#8211; Klasse<\/u>\u00a0<\/span>W163\u00a0 \u00a0 \u00a0 \u00a0 \u00a0 \u00a0 \u00a0 \u00a0 \u00a0 \u00a0 \u00a0 \u00a0 \u00a0 \u00a0 \u00a0 \u00a0 \u00a0 \u00a0 \u00a0 \u00a0<\/b><b>&#8230; bis Baujahr 07\/2005<\/b><\/span><\/p>\n<p style=\"text-align: left;\" align=\"center\"><span style=\"font-family: Arial;\"><b><span style=\"color: #00429a;\"><u>SLK &#8211; Klasse<\/u><\/span>\u00a0R170\u00a0 \u00a0 \u00a0 \u00a0 \u00a0 \u00a0 \u00a0 \u00a0 \u00a0 \u00a0 \u00a0 \u00a0 \u00a0 \u00a0 \u00a0 \u00a0 \u00a0 \u00a0\u00a0<\/b><b>&#8230; bis Baujahr 03\/2004<\/b><\/span><\/p>\n<div><span style=\"font-family: Arial;\"><b><span style=\"color: #00429a;\"><u>Smart<\/u><\/span>\u00a0 \u00a0 \u00a0 \u00a0 \u00a0 \u00a0 \u00a0 \u00a0 \u00a0 \u00a0 \u00a0 \u00a0 \u00a0 \u00a0 \u00a0 \u00a0 \u00a0 \u00a0 \u00a0 \u00a0 \u00a0 \u00a0 \u00a0 \u00a0 \u00a0 \u00a0 \u00a0 \u00a0 \u00a0 mit Navigation &amp; Sound Navi-System<\/b><\/span><\/div>\n<div><\/div>\n<p>&nbsp;<\/p>\n<div><span style=\"color: #000000;\"><strong><u>Passend f\u00fcr alle Mercedes Fahrzeuge mit Standard DIN Schacht und Original GPS Navigationssystem Audio 30 APS oder Sound 30 APS:<\/u><\/strong><\/span><\/div>\n<div><span style=\"color: #000000;\">A-Klasse W168 , CLK-Klasse W208, S-Klasse W116 \/ W126 \/ W140, SLK-Klasse R170, C-Klasse W201 \/ W202, CL-Klasse C140, E-Klasse W114 \/ W115 \/ W123 , W124 \/ W210, M-Klasse W163 , ML-Klasse W163 , SL-Klasse R107 \/ R129 , G-Klasse W460 \/ W461 \/ W462 \/ W463 , V-Klasse W631 \/ W638 \/ W639 , Pagode W113 \/ R113, 190er Baby-Benz W201 , Vaneo W414 , Sprinter T1 W601 \/ W602 \/ W611, Sprinter T1N W901-W905, Vito W638 \/ W639, Viano W638 \/ W639 , Vario , Actros , Atego , Axor<\/span><\/div>\n<p>&nbsp;<\/p>\n<div><\/div>\n<div><\/div>\n<div><\/div>\n<p>_________________________________________________________________________________________________________________<\/p>\n<p><strong><span style=\"color: #000000;\"><u>Hersteller \/ EU verantwortliche Person:<\/u><\/span><\/strong><\/p>\n<p><strong><span style=\"color: #000000;\">Mercedes-Benz AG<\/span><\/strong><\/p>\n<p><strong><span style=\"color: #000000;\">Mercedesstra\u00dfe 120<\/span><\/strong><\/p>\n<p><strong><span style=\"color: #000000;\">70372 Stuttgart<\/span><\/strong><\/p>\n<p><strong><span style=\"color: #000000;\">Deutschland<\/span><\/strong><\/p>\n<p><strong><span style=\"color: #000000;\">Tel.: +49 711 17-0<\/span><\/strong><\/p>\n<p><strong><span style=\"color: #000000;\">E-Mail: dialog.mb@mercedes-benz.com<\/span><\/strong><\/p>","protected":false},"excerpt":{"rendered":"<p>Original Navigations-CD von Mercedes-Benz in gebrauchtem Zustand geeignet f\u00fcr AUDIO 30 APS und SOUND 30 APS (Siehe Fotos) Detailkarten von 2007\/2008 (Version 10.0) f\u00fcr \u00d6sterreich, Schweiz, Tschechien, Liechtenstein, Italien, San Marino, Slowakei und Vatikan &nbsp; Alle Mercedes-Benz und Smart Modelle mit AUDIO 30 APS \/ Navigation &amp; Sound wie zum Beispiel: &gt;&gt; auch eingebaut in [&hellip;]<\/p>\n","protected":false},"featured_media":3554,"template":"","meta":{"ocean_post_layout":"","ocean_both_sidebars_style":"","ocean_both_sidebars_content_width":0,"ocean_both_sidebars_sidebars_width":0,"ocean_sidebar":"0","ocean_second_sidebar":"0","ocean_disable_margins":"enable","ocean_add_body_class":"","ocean_shortcode_before_top_bar":"","ocean_shortcode_after_top_bar":"","ocean_shortcode_before_header":"","ocean_shortcode_after_header":"","ocean_has_shortcode":"","ocean_shortcode_after_title":"","ocean_shortcode_before_footer_widgets":"","ocean_shortcode_after_footer_widgets":"","ocean_shortcode_before_footer_bottom":"","ocean_shortcode_after_footer_bottom":"","ocean_display_top_bar":"default","ocean_display_header":"default","ocean_header_style":"","ocean_center_header_left_menu":"0","ocean_custom_header_template":"0","ocean_custom_logo":0,"ocean_custom_retina_logo":0,"ocean_custom_logo_max_width":0,"ocean_custom_logo_tablet_max_width":0,"ocean_custom_logo_mobile_max_width":0,"ocean_custom_logo_max_height":0,"ocean_custom_logo_tablet_max_height":0,"ocean_custom_logo_mobile_max_height":0,"ocean_header_custom_menu":"0","ocean_menu_typo_font_family":"0","ocean_menu_typo_font_subset":"","ocean_menu_typo_font_size":0,"ocean_menu_typo_font_size_tablet":0,"ocean_menu_typo_font_size_mobile":0,"ocean_menu_typo_font_size_unit":"px","ocean_menu_typo_font_weight":"","ocean_menu_typo_font_weight_tablet":"","ocean_menu_typo_font_weight_mobile":"","ocean_menu_typo_transform":"","ocean_menu_typo_transform_tablet":"","ocean_menu_typo_transform_mobile":"","ocean_menu_typo_line_height":0,"ocean_menu_typo_line_height_tablet":0,"ocean_menu_typo_line_height_mobile":0,"ocean_menu_typo_line_height_unit":"","ocean_menu_typo_spacing":0,"ocean_menu_typo_spacing_tablet":0,"ocean_menu_typo_spacing_mobile":0,"ocean_menu_typo_spacing_unit":"","ocean_menu_link_color":"","ocean_menu_link_color_hover":"","ocean_menu_link_color_active":"","ocean_menu_link_background":"","ocean_menu_link_hover_background":"","ocean_menu_link_active_background":"","ocean_menu_social_links_bg":"","ocean_menu_social_hover_links_bg":"","ocean_menu_social_links_color":"","ocean_menu_social_hover_links_color":"","ocean_disable_title":"default","ocean_disable_heading":"default","ocean_post_title":"","ocean_post_subheading":"","ocean_post_title_style":"","ocean_post_title_background_color":"","ocean_post_title_background":0,"ocean_post_title_bg_image_position":"","ocean_post_title_bg_image_attachment":"","ocean_post_title_bg_image_repeat":"","ocean_post_title_bg_image_size":"","ocean_post_title_height":0,"ocean_post_title_bg_overlay":0.5,"ocean_post_title_bg_overlay_color":"","ocean_disable_breadcrumbs":"default","ocean_breadcrumbs_color":"","ocean_breadcrumbs_separator_color":"","ocean_breadcrumbs_links_color":"","ocean_breadcrumbs_links_hover_color":"","ocean_display_footer_widgets":"default","ocean_display_footer_bottom":"default","ocean_custom_footer_template":"0"},"product_brand":[],"product_cat":[540],"product_tag":[902,321],"class_list":{"0":"post-3553","1":"product","2":"type-product","3":"status-publish","4":"has-post-thumbnail","6":"product_cat-audio-30-aps","7":"product_tag-audio-30-aps","8":"product_tag-version-10-0","10":"entry","11":"has-media","13":"first","14":"outofstock","15":"sold-individually","16":"purchasable","17":"product-type-simple","18":"col","19":"span_1_of_4","20":"owp-content-center","21":"item-entry","22":"owp-thumbs-layout-horizontal","23":"owp-btn-normal","24":"owp-tabs-layout-horizontal"},"yoast_head":"<!-- This site is optimized with the Yoast SEO plugin v27.3 - https:\/\/yoast.com\/product\/yoast-seo-wordpress\/ -->\n<title>Mercedes Audio 30 APS Navi CD Italien \u00d6sterreich Schweiz 2008<\/title>\n<meta name=\"description\" content=\"Original Mercedes-Benz Navigations-CD geeignet f\u00fcr das AUDIO 30 APS Navigationssystem. Detailkarten f\u00fcr \u00d6sterreich, Schweiz, CZ, SLK von 2007\/2008 (10.0)\" \/>\n<meta name=\"robots\" content=\"index, follow, max-snippet:-1, max-image-preview:large, max-video-preview:-1\" \/>\n<link rel=\"canonical\" href=\"https:\/\/www.navi-express.com\/en\/shop\/mercedes-benz\/audio-30-aps\/mercedes-benz-navigations-cd-audio-30-aps-italien-oesterreich-schweiz-tschechien-slowakei-2007-2008-version-10-0\/\" \/>\n<meta property=\"og:locale\" content=\"en_US\" \/>\n<meta property=\"og:type\" content=\"article\" \/>\n<meta property=\"og:title\" content=\"Mercedes Audio 30 APS Navi CD Italien \u00d6sterreich Schweiz 2008\" \/>\n<meta property=\"og:description\" content=\"Original Mercedes-Benz Navigations-CD geeignet f\u00fcr das AUDIO 30 APS Navigationssystem. Detailkarten f\u00fcr \u00d6sterreich, Schweiz, CZ, SLK von 2007\/2008 (10.0)\" \/>\n<meta property=\"og:url\" content=\"https:\/\/www.navi-express.com\/en\/shop\/mercedes-benz\/audio-30-aps\/mercedes-benz-navigations-cd-audio-30-aps-italien-oesterreich-schweiz-tschechien-slowakei-2007-2008-version-10-0\/\" \/>\n<meta property=\"og:site_name\" content=\"Navi-Express\" \/>\n<meta property=\"article:modified_time\" content=\"2025-12-05T07:13:02+00:00\" \/>\n<meta property=\"og:image\" content=\"https:\/\/www.navi-express.com\/wp-content\/uploads\/2025\/01\/Mercedes-Audio-30-APS-CD4-Italien-Alpen-V10.0-scaled.jpg\" \/>\n\t<meta property=\"og:image:width\" content=\"1920\" \/>\n\t<meta property=\"og:image:height\" content=\"2560\" \/>\n\t<meta property=\"og:image:type\" content=\"image\/jpeg\" \/>\n<meta name=\"twitter:card\" content=\"summary_large_image\" \/>\n<meta name=\"twitter:label1\" content=\"Est. reading time\" \/>\n\t<meta name=\"twitter:data1\" content=\"2 minutes\" \/>\n<script type=\"application\/ld+json\" class=\"yoast-schema-graph\">{\"@context\":\"https:\\\/\\\/schema.org\",\"@graph\":[{\"@type\":\"WebPage\",\"@id\":\"https:\\\/\\\/www.navi-express.com\\\/shop\\\/mercedes-benz\\\/audio-30-aps\\\/mercedes-benz-navigations-cd-audio-30-aps-italien-oesterreich-schweiz-tschechien-slowakei-2007-2008-version-10-0\\\/\",\"url\":\"https:\\\/\\\/www.navi-express.com\\\/shop\\\/mercedes-benz\\\/audio-30-aps\\\/mercedes-benz-navigations-cd-audio-30-aps-italien-oesterreich-schweiz-tschechien-slowakei-2007-2008-version-10-0\\\/\",\"name\":\"Mercedes Audio 30 APS Navi CD Italien \u00d6sterreich Schweiz 2008\",\"isPartOf\":{\"@id\":\"https:\\\/\\\/www.navi-express.com\\\/#website\"},\"primaryImageOfPage\":{\"@id\":\"https:\\\/\\\/www.navi-express.com\\\/shop\\\/mercedes-benz\\\/audio-30-aps\\\/mercedes-benz-navigations-cd-audio-30-aps-italien-oesterreich-schweiz-tschechien-slowakei-2007-2008-version-10-0\\\/#primaryimage\"},\"image\":{\"@id\":\"https:\\\/\\\/www.navi-express.com\\\/shop\\\/mercedes-benz\\\/audio-30-aps\\\/mercedes-benz-navigations-cd-audio-30-aps-italien-oesterreich-schweiz-tschechien-slowakei-2007-2008-version-10-0\\\/#primaryimage\"},\"thumbnailUrl\":\"https:\\\/\\\/www.navi-express.com\\\/wp-content\\\/uploads\\\/2025\\\/01\\\/Mercedes-Audio-30-APS-CD4-Italien-Alpen-V10.0-scaled.jpg\",\"datePublished\":\"2025-01-07T10:20:16+00:00\",\"dateModified\":\"2025-12-05T07:13:02+00:00\",\"description\":\"Original Mercedes-Benz Navigations-CD geeignet f\u00fcr das AUDIO 30 APS Navigationssystem. Detailkarten f\u00fcr \u00d6sterreich, Schweiz, CZ, SLK von 2007\\\/2008 (10.0)\",\"breadcrumb\":{\"@id\":\"https:\\\/\\\/www.navi-express.com\\\/shop\\\/mercedes-benz\\\/audio-30-aps\\\/mercedes-benz-navigations-cd-audio-30-aps-italien-oesterreich-schweiz-tschechien-slowakei-2007-2008-version-10-0\\\/#breadcrumb\"},\"inLanguage\":\"en-US\",\"potentialAction\":[{\"@type\":\"ReadAction\",\"target\":[\"https:\\\/\\\/www.navi-express.com\\\/shop\\\/mercedes-benz\\\/audio-30-aps\\\/mercedes-benz-navigations-cd-audio-30-aps-italien-oesterreich-schweiz-tschechien-slowakei-2007-2008-version-10-0\\\/\"]}]},{\"@type\":\"ImageObject\",\"inLanguage\":\"en-US\",\"@id\":\"https:\\\/\\\/www.navi-express.com\\\/shop\\\/mercedes-benz\\\/audio-30-aps\\\/mercedes-benz-navigations-cd-audio-30-aps-italien-oesterreich-schweiz-tschechien-slowakei-2007-2008-version-10-0\\\/#primaryimage\",\"url\":\"https:\\\/\\\/www.navi-express.com\\\/wp-content\\\/uploads\\\/2025\\\/01\\\/Mercedes-Audio-30-APS-CD4-Italien-Alpen-V10.0-scaled.jpg\",\"contentUrl\":\"https:\\\/\\\/www.navi-express.com\\\/wp-content\\\/uploads\\\/2025\\\/01\\\/Mercedes-Audio-30-APS-CD4-Italien-Alpen-V10.0-scaled.jpg\",\"width\":1920,\"height\":2560},{\"@type\":\"BreadcrumbList\",\"@id\":\"https:\\\/\\\/www.navi-express.com\\\/shop\\\/mercedes-benz\\\/audio-30-aps\\\/mercedes-benz-navigations-cd-audio-30-aps-italien-oesterreich-schweiz-tschechien-slowakei-2007-2008-version-10-0\\\/#breadcrumb\",\"itemListElement\":[{\"@type\":\"ListItem\",\"position\":1,\"name\":\"Startseite\",\"item\":\"https:\\\/\\\/www.navi-express.com\\\/\"},{\"@type\":\"ListItem\",\"position\":2,\"name\":\"Shop\",\"item\":\"https:\\\/\\\/www.navi-express.com\\\/shop\\\/\"},{\"@type\":\"ListItem\",\"position\":3,\"name\":\"Mercedes-Benz Navigation CD AUDIO 30 APS Italien \u00d6sterreich Schweiz CZ SK 2007\\\/2008 Version 10.0\"}]},{\"@type\":\"WebSite\",\"@id\":\"https:\\\/\\\/www.navi-express.com\\\/#website\",\"url\":\"https:\\\/\\\/www.navi-express.com\\\/\",\"name\":\"Navi-Express\",\"description\":\"Ihr Experte f\u00fcr Navigation\",\"publisher\":{\"@id\":\"https:\\\/\\\/www.navi-express.com\\\/#organization\"},\"alternateName\":\"NE\",\"potentialAction\":[{\"@type\":\"SearchAction\",\"target\":{\"@type\":\"EntryPoint\",\"urlTemplate\":\"https:\\\/\\\/www.navi-express.com\\\/?s={search_term_string}\"},\"query-input\":{\"@type\":\"PropertyValueSpecification\",\"valueRequired\":true,\"valueName\":\"search_term_string\"}}],\"inLanguage\":\"en-US\"},{\"@type\":\"Organization\",\"@id\":\"https:\\\/\\\/www.navi-express.com\\\/#organization\",\"name\":\"Navi-Express\",\"alternateName\":\"NE\",\"url\":\"https:\\\/\\\/www.navi-express.com\\\/\",\"logo\":{\"@type\":\"ImageObject\",\"inLanguage\":\"en-US\",\"@id\":\"https:\\\/\\\/www.navi-express.com\\\/#\\\/schema\\\/logo\\\/image\\\/\",\"url\":\"https:\\\/\\\/www.navi-express.com\\\/wp-content\\\/uploads\\\/2019\\\/03\\\/cropped-logo-transpbearb-1.png\",\"contentUrl\":\"https:\\\/\\\/www.navi-express.com\\\/wp-content\\\/uploads\\\/2019\\\/03\\\/cropped-logo-transpbearb-1.png\",\"width\":512,\"height\":512,\"caption\":\"Navi-Express\"},\"image\":{\"@id\":\"https:\\\/\\\/www.navi-express.com\\\/#\\\/schema\\\/logo\\\/image\\\/\"}}]}<\/script>\n<!-- \/ Yoast SEO plugin. -->","yoast_head_json":{"title":"Mercedes Audio 30 APS Navi CD Italien \u00d6sterreich Schweiz 2008","description":"Original Mercedes-Benz Navigations-CD geeignet f\u00fcr das AUDIO 30 APS Navigationssystem. Detailkarten f\u00fcr \u00d6sterreich, Schweiz, CZ, SLK von 2007\/2008 (10.0)","robots":{"index":"index","follow":"follow","max-snippet":"max-snippet:-1","max-image-preview":"max-image-preview:large","max-video-preview":"max-video-preview:-1"},"canonical":"https:\/\/www.navi-express.com\/en\/shop\/mercedes-benz\/audio-30-aps\/mercedes-benz-navigations-cd-audio-30-aps-italien-oesterreich-schweiz-tschechien-slowakei-2007-2008-version-10-0\/","og_locale":"en_US","og_type":"article","og_title":"Mercedes Audio 30 APS Navi CD Italien \u00d6sterreich Schweiz 2008","og_description":"Original Mercedes-Benz Navigations-CD geeignet f\u00fcr das AUDIO 30 APS Navigationssystem. Detailkarten f\u00fcr \u00d6sterreich, Schweiz, CZ, SLK von 2007\/2008 (10.0)","og_url":"https:\/\/www.navi-express.com\/en\/shop\/mercedes-benz\/audio-30-aps\/mercedes-benz-navigations-cd-audio-30-aps-italien-oesterreich-schweiz-tschechien-slowakei-2007-2008-version-10-0\/","og_site_name":"Navi-Express","article_modified_time":"2025-12-05T07:13:02+00:00","og_image":[{"width":1920,"height":2560,"url":"https:\/\/www.navi-express.com\/wp-content\/uploads\/2025\/01\/Mercedes-Audio-30-APS-CD4-Italien-Alpen-V10.0-scaled.jpg","type":"image\/jpeg"}],"twitter_card":"summary_large_image","twitter_misc":{"Est. reading time":"2 minutes"},"schema":{"@context":"https:\/\/schema.org","@graph":[{"@type":"WebPage","@id":"https:\/\/www.navi-express.com\/shop\/mercedes-benz\/audio-30-aps\/mercedes-benz-navigations-cd-audio-30-aps-italien-oesterreich-schweiz-tschechien-slowakei-2007-2008-version-10-0\/","url":"https:\/\/www.navi-express.com\/shop\/mercedes-benz\/audio-30-aps\/mercedes-benz-navigations-cd-audio-30-aps-italien-oesterreich-schweiz-tschechien-slowakei-2007-2008-version-10-0\/","name":"Mercedes Audio 30 APS Navi CD Italien \u00d6sterreich Schweiz 2008","isPartOf":{"@id":"https:\/\/www.navi-express.com\/#website"},"primaryImageOfPage":{"@id":"https:\/\/www.navi-express.com\/shop\/mercedes-benz\/audio-30-aps\/mercedes-benz-navigations-cd-audio-30-aps-italien-oesterreich-schweiz-tschechien-slowakei-2007-2008-version-10-0\/#primaryimage"},"image":{"@id":"https:\/\/www.navi-express.com\/shop\/mercedes-benz\/audio-30-aps\/mercedes-benz-navigations-cd-audio-30-aps-italien-oesterreich-schweiz-tschechien-slowakei-2007-2008-version-10-0\/#primaryimage"},"thumbnailUrl":"https:\/\/www.navi-express.com\/wp-content\/uploads\/2025\/01\/Mercedes-Audio-30-APS-CD4-Italien-Alpen-V10.0-scaled.jpg","datePublished":"2025-01-07T10:20:16+00:00","dateModified":"2025-12-05T07:13:02+00:00","description":"Original Mercedes-Benz Navigations-CD geeignet f\u00fcr das AUDIO 30 APS Navigationssystem. Detailkarten f\u00fcr \u00d6sterreich, Schweiz, CZ, SLK von 2007\/2008 (10.0)","breadcrumb":{"@id":"https:\/\/www.navi-express.com\/shop\/mercedes-benz\/audio-30-aps\/mercedes-benz-navigations-cd-audio-30-aps-italien-oesterreich-schweiz-tschechien-slowakei-2007-2008-version-10-0\/#breadcrumb"},"inLanguage":"en-US","potentialAction":[{"@type":"ReadAction","target":["https:\/\/www.navi-express.com\/shop\/mercedes-benz\/audio-30-aps\/mercedes-benz-navigations-cd-audio-30-aps-italien-oesterreich-schweiz-tschechien-slowakei-2007-2008-version-10-0\/"]}]},{"@type":"ImageObject","inLanguage":"en-US","@id":"https:\/\/www.navi-express.com\/shop\/mercedes-benz\/audio-30-aps\/mercedes-benz-navigations-cd-audio-30-aps-italien-oesterreich-schweiz-tschechien-slowakei-2007-2008-version-10-0\/#primaryimage","url":"https:\/\/www.navi-express.com\/wp-content\/uploads\/2025\/01\/Mercedes-Audio-30-APS-CD4-Italien-Alpen-V10.0-scaled.jpg","contentUrl":"https:\/\/www.navi-express.com\/wp-content\/uploads\/2025\/01\/Mercedes-Audio-30-APS-CD4-Italien-Alpen-V10.0-scaled.jpg","width":1920,"height":2560},{"@type":"BreadcrumbList","@id":"https:\/\/www.navi-express.com\/shop\/mercedes-benz\/audio-30-aps\/mercedes-benz-navigations-cd-audio-30-aps-italien-oesterreich-schweiz-tschechien-slowakei-2007-2008-version-10-0\/#breadcrumb","itemListElement":[{"@type":"ListItem","position":1,"name":"Startseite","item":"https:\/\/www.navi-express.com\/"},{"@type":"ListItem","position":2,"name":"Shop","item":"https:\/\/www.navi-express.com\/shop\/"},{"@type":"ListItem","position":3,"name":"Mercedes-Benz Navigation CD AUDIO 30 APS Italien \u00d6sterreich Schweiz CZ SK 2007\/2008 Version 10.0"}]},{"@type":"WebSite","@id":"https:\/\/www.navi-express.com\/#website","url":"https:\/\/www.navi-express.com\/","name":"Navi-Express","description":"Ihr Experte f\u00fcr Navigation","publisher":{"@id":"https:\/\/www.navi-express.com\/#organization"},"alternateName":"NE","potentialAction":[{"@type":"SearchAction","target":{"@type":"EntryPoint","urlTemplate":"https:\/\/www.navi-express.com\/?s={search_term_string}"},"query-input":{"@type":"PropertyValueSpecification","valueRequired":true,"valueName":"search_term_string"}}],"inLanguage":"en-US"},{"@type":"Organization","@id":"https:\/\/www.navi-express.com\/#organization","name":"Navi-Express","alternateName":"NE","url":"https:\/\/www.navi-express.com\/","logo":{"@type":"ImageObject","inLanguage":"en-US","@id":"https:\/\/www.navi-express.com\/#\/schema\/logo\/image\/","url":"https:\/\/www.navi-express.com\/wp-content\/uploads\/2019\/03\/cropped-logo-transpbearb-1.png","contentUrl":"https:\/\/www.navi-express.com\/wp-content\/uploads\/2019\/03\/cropped-logo-transpbearb-1.png","width":512,"height":512,"caption":"Navi-Express"},"image":{"@id":"https:\/\/www.navi-express.com\/#\/schema\/logo\/image\/"}}]}},"_links":{"self":[{"href":"https:\/\/www.navi-express.com\/en\/wp-json\/wp\/v2\/product\/3553","targetHints":{"allow":["GET"]}}],"collection":[{"href":"https:\/\/www.navi-express.com\/en\/wp-json\/wp\/v2\/product"}],"about":[{"href":"https:\/\/www.navi-express.com\/en\/wp-json\/wp\/v2\/types\/product"}],"wp:featuredmedia":[{"embeddable":true,"href":"https:\/\/www.navi-express.com\/en\/wp-json\/wp\/v2\/media\/3554"}],"wp:attachment":[{"href":"https:\/\/www.navi-express.com\/en\/wp-json\/wp\/v2\/media?parent=3553"}],"wp:term":[{"taxonomy":"product_brand","embeddable":true,"href":"https:\/\/www.navi-express.com\/en\/wp-json\/wp\/v2\/product_brand?post=3553"},{"taxonomy":"product_cat","embeddable":true,"href":"https:\/\/www.navi-express.com\/en\/wp-json\/wp\/v2\/product_cat?post=3553"},{"taxonomy":"product_tag","embeddable":true,"href":"https:\/\/www.navi-express.com\/en\/wp-json\/wp\/v2\/product_tag?post=3553"}],"curies":[{"name":"wp","href":"https:\/\/api.w.org\/{rel}","templated":true}]}}