{"id":3567,"date":"2025-01-08T08:53:45","date_gmt":"2025-01-08T07:53:45","guid":{"rendered":"https:\/\/www.navi-express.com\/?post_type=product&#038;p=3567"},"modified":"2025-07-19T10:01:04","modified_gmt":"2025-07-19T08:01:04","slug":"original-tomtom-tmc-traffic-receiver-verkehrsfunkempfaenger-und-ladekabel-4uuc23b-micro-usb","status":"publish","type":"product","link":"https:\/\/www.navi-express.com\/en\/shop\/tomtom\/zubehoer\/original-tomtom-tmc-traffic-receiver-verkehrsfunkempfaenger-und-ladekabel-4uuc23b-micro-usb\/","title":{"rendered":"Original TomTom TMC Traffic Receiver Verkehrsfunkempf\u00e4nger und Ladekabel 4UUC23B (Micro USB)"},"content":{"rendered":"<div><\/div>\n<div><span style=\"color: #000000;\"><b><span style=\"font-size: large;\">Original TomTom TMC Verkehrsfunkempf\u00e4nger (Traffic Receiver) und Labekabel<\/span><\/b><\/span><\/div>\n<div><span style=\"color: #000000;\"><b><span style=\"font-size: large;\">f\u00fcr kostenlose Verkehrsinformationen \u00fcber TMC (Stauumfahrung)<\/span><\/b><\/span><\/div>\n<div><span style=\"color: #000000;\"><b><span style=\"font-size: large;\">\u00a0<\/span><\/b><\/span><\/div>\n<div><span style=\"color: #000000;\"><b>\u00a0<\/b><\/span><\/div>\n<div><span style=\"color: #000000;\"><b>Artikel befindet sich in einem gebrauchten Zustand mit gew\u00f6hnlichen Gebrauchsspuren und wurde zuvor getestet<\/b><\/span><\/div>\n<div><span style=\"color: #000000;\"><b>\u00a0<\/b><\/span><b style=\"color: #000000;\">\u00a0<\/b><\/div>\n<div><span style=\"color: #000000;\"><b>Um 90 Grad abgewinkelter Stecker<\/b><\/span><\/div>\n<div><span style=\"color: #000000;\"><b>\u00a0<\/b><\/span><\/div>\n<div><span style=\"color: #000000;\"><b>Herstellernummer: 4UUC23B\u00a0 (4UUC.001.23B)<\/b><\/span><\/div>\n<div><span style=\"color: #000000;\"><b>\u00a0<\/b><\/span><\/div>\n<div><\/div>\n<div><span style=\"color: #000000;\"><b>geeignet z.B. f\u00fcr die folgenden TomTom Ger\u00e4te:<\/b><\/span><\/div>\n<div>\n<ul>\n<li><span style=\"color: #000000;\"><b>Start 40 , Start 42 , Start 50 , Start 52 , Start 60 , Start 62<\/b><\/span><\/li>\n<li><strong><span style=\"color: #000000;\">Via 120 , Via 125 , Via 130 , Via 52 , Via 62<\/span><\/strong><\/li>\n<li><span style=\"color: #000000;\"><b>GO 40 , GO 400 , GO 50 , GO 500 , GO 510 , GO 520 , GO 60 , GO 600 , GO 610 , GO 620<\/b><\/span><\/li>\n<li><strong><span style=\"color: #000000;\">Trucker 5000 und Trucker 6000<\/span><\/strong><\/li>\n<\/ul>\n<p><b>\u00a0<\/b><\/p>\n<div><b><span style=\"color: #0039f3;\">Achtung:<\/span><\/b><\/div>\n<\/div>\n<div><b><span style=\"color: #0039f3;\">Nicht geeignet f\u00fcr andere TomTom Ger\u00e4te ohne Micro-USB-Anschluss<\/span><\/b><\/div>\n<div><b><span style=\"color: #0039f3;\">Nicht geeignet f\u00fcr neuere TomTom Ger\u00e4te wie GO Discover , GO Superior &#8230;<\/span><\/b><\/div>\n<p>&nbsp;<\/p>\n<p>&nbsp;<\/p>\n<p>____________________________________________________________________________________________________________________<\/p>\n<p><strong><span style=\"color: #000000;\"><u>Hersteller \/ EU verantwortliche Person:<\/u><\/span><\/strong><\/p>\n<p><strong><span style=\"color: #000000;\">TomTom N.V.<\/span><\/strong><\/p>\n<p><strong><span style=\"color: #000000;\">De Ruijterkade 154<\/span><\/strong><\/p>\n<p><strong><span style=\"color: #000000;\">1011 AC Amsterdam<\/span><\/strong><\/p>\n<p><strong><span style=\"color: #000000;\">The Netherlands<\/span><\/strong><\/p>\n<p><strong><span style=\"color: #000000;\">Tel.: +31 20-757-5000<\/span><\/strong><\/p>\n<p><strong><span style=\"color: #000000;\">E-Mail: IR@tomtom.com<\/span><\/strong><\/p>","protected":false},"excerpt":{"rendered":"<p>Original TomTom TMC Verkehrsfunkempf\u00e4nger (Traffic Receiver) und Labekabel f\u00fcr kostenlose Verkehrsinformationen \u00fcber TMC (Stauumfahrung) \u00a0 \u00a0 Artikel befindet sich in einem gebrauchten Zustand mit gew\u00f6hnlichen Gebrauchsspuren und wurde zuvor getestet \u00a0\u00a0 Um 90 Grad abgewinkelter Stecker \u00a0 Herstellernummer: 4UUC23B\u00a0 (4UUC.001.23B) \u00a0 geeignet z.B. f\u00fcr die folgenden TomTom Ger\u00e4te: Start 40 , Start 42 , Start [&hellip;]<\/p>\n","protected":false},"featured_media":3568,"template":"","meta":{"ocean_post_layout":"","ocean_both_sidebars_style":"","ocean_both_sidebars_content_width":0,"ocean_both_sidebars_sidebars_width":0,"ocean_sidebar":"0","ocean_second_sidebar":"0","ocean_disable_margins":"enable","ocean_add_body_class":"","ocean_shortcode_before_top_bar":"","ocean_shortcode_after_top_bar":"","ocean_shortcode_before_header":"","ocean_shortcode_after_header":"","ocean_has_shortcode":"","ocean_shortcode_after_title":"","ocean_shortcode_before_footer_widgets":"","ocean_shortcode_after_footer_widgets":"","ocean_shortcode_before_footer_bottom":"","ocean_shortcode_after_footer_bottom":"","ocean_display_top_bar":"default","ocean_display_header":"default","ocean_header_style":"","ocean_center_header_left_menu":"0","ocean_custom_header_template":"0","ocean_custom_logo":0,"ocean_custom_retina_logo":0,"ocean_custom_logo_max_width":0,"ocean_custom_logo_tablet_max_width":0,"ocean_custom_logo_mobile_max_width":0,"ocean_custom_logo_max_height":0,"ocean_custom_logo_tablet_max_height":0,"ocean_custom_logo_mobile_max_height":0,"ocean_header_custom_menu":"0","ocean_menu_typo_font_family":"0","ocean_menu_typo_font_subset":"","ocean_menu_typo_font_size":0,"ocean_menu_typo_font_size_tablet":0,"ocean_menu_typo_font_size_mobile":0,"ocean_menu_typo_font_size_unit":"px","ocean_menu_typo_font_weight":"","ocean_menu_typo_font_weight_tablet":"","ocean_menu_typo_font_weight_mobile":"","ocean_menu_typo_transform":"","ocean_menu_typo_transform_tablet":"","ocean_menu_typo_transform_mobile":"","ocean_menu_typo_line_height":0,"ocean_menu_typo_line_height_tablet":0,"ocean_menu_typo_line_height_mobile":0,"ocean_menu_typo_line_height_unit":"","ocean_menu_typo_spacing":0,"ocean_menu_typo_spacing_tablet":0,"ocean_menu_typo_spacing_mobile":0,"ocean_menu_typo_spacing_unit":"","ocean_menu_link_color":"","ocean_menu_link_color_hover":"","ocean_menu_link_color_active":"","ocean_menu_link_background":"","ocean_menu_link_hover_background":"","ocean_menu_link_active_background":"","ocean_menu_social_links_bg":"","ocean_menu_social_hover_links_bg":"","ocean_menu_social_links_color":"","ocean_menu_social_hover_links_color":"","ocean_disable_title":"default","ocean_disable_heading":"default","ocean_post_title":"","ocean_post_subheading":"","ocean_post_title_style":"","ocean_post_title_background_color":"","ocean_post_title_background":0,"ocean_post_title_bg_image_position":"","ocean_post_title_bg_image_attachment":"","ocean_post_title_bg_image_repeat":"","ocean_post_title_bg_image_size":"","ocean_post_title_height":0,"ocean_post_title_bg_overlay":0.5,"ocean_post_title_bg_overlay_color":"","ocean_disable_breadcrumbs":"default","ocean_breadcrumbs_color":"","ocean_breadcrumbs_separator_color":"","ocean_breadcrumbs_links_color":"","ocean_breadcrumbs_links_hover_color":"","ocean_display_footer_widgets":"default","ocean_display_footer_bottom":"default","ocean_custom_footer_template":"0"},"product_brand":[],"product_cat":[639],"product_tag":[1116,677,675,641,676],"class_list":{"0":"post-3567","1":"product","2":"type-product","3":"status-publish","4":"has-post-thumbnail","6":"product_cat-zubehoer","7":"product_tag-4uuc23b","8":"product_tag-ladekabel","9":"product_tag-tmc","10":"product_tag-tomtom","11":"product_tag-traffic-receiver","13":"entry","14":"has-media","16":"first","17":"outofstock","18":"purchasable","19":"product-type-simple","20":"col","21":"span_1_of_4","22":"owp-content-center","23":"item-entry","24":"owp-thumbs-layout-horizontal","25":"owp-btn-normal","26":"owp-tabs-layout-horizontal"},"yoast_head":"<!-- This site is optimized with the Yoast SEO plugin v27.5 - https:\/\/yoast.com\/product\/yoast-seo-wordpress\/ -->\n<title>Original TomTom TMC Traffic Receiver Verkehrsfunkempf\u00e4nger und Ladekabel 4UUC23B (Micro USB) - Navi-Express<\/title>\n<meta name=\"robots\" content=\"index, follow, max-snippet:-1, max-image-preview:large, max-video-preview:-1\" \/>\n<link rel=\"canonical\" href=\"https:\/\/www.navi-express.com\/en\/shop\/tomtom\/zubehoer\/original-tomtom-tmc-traffic-receiver-verkehrsfunkempfaenger-und-ladekabel-4uuc23b-micro-usb\/\" \/>\n<meta property=\"og:locale\" content=\"en_US\" \/>\n<meta property=\"og:type\" content=\"article\" \/>\n<meta property=\"og:title\" content=\"Original TomTom TMC Traffic Receiver Verkehrsfunkempf\u00e4nger und Ladekabel 4UUC23B (Micro USB) - Navi-Express\" \/>\n<meta property=\"og:description\" content=\"Original TomTom TMC Verkehrsfunkempf\u00e4nger (Traffic Receiver) und Labekabel f\u00fcr kostenlose Verkehrsinformationen \u00fcber TMC (Stauumfahrung) \u00a0 \u00a0 Artikel befindet sich in einem gebrauchten Zustand mit gew\u00f6hnlichen Gebrauchsspuren und wurde zuvor getestet \u00a0\u00a0 Um 90 Grad abgewinkelter Stecker \u00a0 Herstellernummer: 4UUC23B\u00a0 (4UUC.001.23B) \u00a0 geeignet z.B. f\u00fcr die folgenden TomTom Ger\u00e4te: Start 40 , Start 42 , Start [&hellip;]\" \/>\n<meta property=\"og:url\" content=\"https:\/\/www.navi-express.com\/en\/shop\/tomtom\/zubehoer\/original-tomtom-tmc-traffic-receiver-verkehrsfunkempfaenger-und-ladekabel-4uuc23b-micro-usb\/\" \/>\n<meta property=\"og:site_name\" content=\"Navi-Express\" \/>\n<meta property=\"article:modified_time\" content=\"2025-07-19T08:01:04+00:00\" \/>\n<meta property=\"og:image\" content=\"https:\/\/www.navi-express.com\/wp-content\/uploads\/2025\/01\/TomTom-TMC-Traffickabel-4UUC23B-scaled.jpg\" \/>\n\t<meta property=\"og:image:width\" content=\"2560\" \/>\n\t<meta property=\"og:image:height\" content=\"1920\" \/>\n\t<meta property=\"og:image:type\" content=\"image\/jpeg\" \/>\n<meta name=\"twitter:card\" content=\"summary_large_image\" \/>\n<meta name=\"twitter:label1\" content=\"Est. reading time\" \/>\n\t<meta name=\"twitter:data1\" content=\"1 minute\" \/>\n<script type=\"application\/ld+json\" class=\"yoast-schema-graph\">{\"@context\":\"https:\\\/\\\/schema.org\",\"@graph\":[{\"@type\":\"WebPage\",\"@id\":\"https:\\\/\\\/www.navi-express.com\\\/shop\\\/tomtom\\\/zubehoer\\\/original-tomtom-tmc-traffic-receiver-verkehrsfunkempfaenger-und-ladekabel-4uuc23b-micro-usb\\\/\",\"url\":\"https:\\\/\\\/www.navi-express.com\\\/shop\\\/tomtom\\\/zubehoer\\\/original-tomtom-tmc-traffic-receiver-verkehrsfunkempfaenger-und-ladekabel-4uuc23b-micro-usb\\\/\",\"name\":\"Original TomTom TMC Traffic Receiver Verkehrsfunkempf\u00e4nger und Ladekabel 4UUC23B (Micro USB) - Navi-Express\",\"isPartOf\":{\"@id\":\"https:\\\/\\\/www.navi-express.com\\\/#website\"},\"primaryImageOfPage\":{\"@id\":\"https:\\\/\\\/www.navi-express.com\\\/shop\\\/tomtom\\\/zubehoer\\\/original-tomtom-tmc-traffic-receiver-verkehrsfunkempfaenger-und-ladekabel-4uuc23b-micro-usb\\\/#primaryimage\"},\"image\":{\"@id\":\"https:\\\/\\\/www.navi-express.com\\\/shop\\\/tomtom\\\/zubehoer\\\/original-tomtom-tmc-traffic-receiver-verkehrsfunkempfaenger-und-ladekabel-4uuc23b-micro-usb\\\/#primaryimage\"},\"thumbnailUrl\":\"https:\\\/\\\/www.navi-express.com\\\/wp-content\\\/uploads\\\/2025\\\/01\\\/TomTom-TMC-Traffickabel-4UUC23B-scaled.jpg\",\"datePublished\":\"2025-01-08T07:53:45+00:00\",\"dateModified\":\"2025-07-19T08:01:04+00:00\",\"breadcrumb\":{\"@id\":\"https:\\\/\\\/www.navi-express.com\\\/shop\\\/tomtom\\\/zubehoer\\\/original-tomtom-tmc-traffic-receiver-verkehrsfunkempfaenger-und-ladekabel-4uuc23b-micro-usb\\\/#breadcrumb\"},\"inLanguage\":\"en-US\",\"potentialAction\":[{\"@type\":\"ReadAction\",\"target\":[\"https:\\\/\\\/www.navi-express.com\\\/shop\\\/tomtom\\\/zubehoer\\\/original-tomtom-tmc-traffic-receiver-verkehrsfunkempfaenger-und-ladekabel-4uuc23b-micro-usb\\\/\"]}]},{\"@type\":\"ImageObject\",\"inLanguage\":\"en-US\",\"@id\":\"https:\\\/\\\/www.navi-express.com\\\/shop\\\/tomtom\\\/zubehoer\\\/original-tomtom-tmc-traffic-receiver-verkehrsfunkempfaenger-und-ladekabel-4uuc23b-micro-usb\\\/#primaryimage\",\"url\":\"https:\\\/\\\/www.navi-express.com\\\/wp-content\\\/uploads\\\/2025\\\/01\\\/TomTom-TMC-Traffickabel-4UUC23B-scaled.jpg\",\"contentUrl\":\"https:\\\/\\\/www.navi-express.com\\\/wp-content\\\/uploads\\\/2025\\\/01\\\/TomTom-TMC-Traffickabel-4UUC23B-scaled.jpg\",\"width\":2560,\"height\":1920},{\"@type\":\"BreadcrumbList\",\"@id\":\"https:\\\/\\\/www.navi-express.com\\\/shop\\\/tomtom\\\/zubehoer\\\/original-tomtom-tmc-traffic-receiver-verkehrsfunkempfaenger-und-ladekabel-4uuc23b-micro-usb\\\/#breadcrumb\",\"itemListElement\":[{\"@type\":\"ListItem\",\"position\":1,\"name\":\"Startseite\",\"item\":\"https:\\\/\\\/www.navi-express.com\\\/\"},{\"@type\":\"ListItem\",\"position\":2,\"name\":\"Shop\",\"item\":\"https:\\\/\\\/www.navi-express.com\\\/shop\\\/\"},{\"@type\":\"ListItem\",\"position\":3,\"name\":\"Original TomTom TMC Traffic Receiver Verkehrsfunkempf\u00e4nger und Ladekabel 4UUC23B (Micro USB)\"}]},{\"@type\":\"WebSite\",\"@id\":\"https:\\\/\\\/www.navi-express.com\\\/#website\",\"url\":\"https:\\\/\\\/www.navi-express.com\\\/\",\"name\":\"Navi-Express\",\"description\":\"Ihr Experte f\u00fcr Navigation\",\"publisher\":{\"@id\":\"https:\\\/\\\/www.navi-express.com\\\/#organization\"},\"alternateName\":\"NE\",\"potentialAction\":[{\"@type\":\"SearchAction\",\"target\":{\"@type\":\"EntryPoint\",\"urlTemplate\":\"https:\\\/\\\/www.navi-express.com\\\/?s={search_term_string}\"},\"query-input\":{\"@type\":\"PropertyValueSpecification\",\"valueRequired\":true,\"valueName\":\"search_term_string\"}}],\"inLanguage\":\"en-US\"},{\"@type\":\"Organization\",\"@id\":\"https:\\\/\\\/www.navi-express.com\\\/#organization\",\"name\":\"Navi-Express\",\"alternateName\":\"NE\",\"url\":\"https:\\\/\\\/www.navi-express.com\\\/\",\"logo\":{\"@type\":\"ImageObject\",\"inLanguage\":\"en-US\",\"@id\":\"https:\\\/\\\/www.navi-express.com\\\/#\\\/schema\\\/logo\\\/image\\\/\",\"url\":\"https:\\\/\\\/www.navi-express.com\\\/wp-content\\\/uploads\\\/2019\\\/03\\\/cropped-logo-transpbearb-1.png\",\"contentUrl\":\"https:\\\/\\\/www.navi-express.com\\\/wp-content\\\/uploads\\\/2019\\\/03\\\/cropped-logo-transpbearb-1.png\",\"width\":512,\"height\":512,\"caption\":\"Navi-Express\"},\"image\":{\"@id\":\"https:\\\/\\\/www.navi-express.com\\\/#\\\/schema\\\/logo\\\/image\\\/\"}}]}<\/script>\n<!-- \/ Yoast SEO plugin. -->","yoast_head_json":{"title":"Original TomTom TMC Traffic Receiver Verkehrsfunkempf\u00e4nger und Ladekabel 4UUC23B (Micro USB) - Navi-Express","robots":{"index":"index","follow":"follow","max-snippet":"max-snippet:-1","max-image-preview":"max-image-preview:large","max-video-preview":"max-video-preview:-1"},"canonical":"https:\/\/www.navi-express.com\/en\/shop\/tomtom\/zubehoer\/original-tomtom-tmc-traffic-receiver-verkehrsfunkempfaenger-und-ladekabel-4uuc23b-micro-usb\/","og_locale":"en_US","og_type":"article","og_title":"Original TomTom TMC Traffic Receiver Verkehrsfunkempf\u00e4nger und Ladekabel 4UUC23B (Micro USB) - Navi-Express","og_description":"Original TomTom TMC Verkehrsfunkempf\u00e4nger (Traffic Receiver) und Labekabel f\u00fcr kostenlose Verkehrsinformationen \u00fcber TMC (Stauumfahrung) \u00a0 \u00a0 Artikel befindet sich in einem gebrauchten Zustand mit gew\u00f6hnlichen Gebrauchsspuren und wurde zuvor getestet \u00a0\u00a0 Um 90 Grad abgewinkelter Stecker \u00a0 Herstellernummer: 4UUC23B\u00a0 (4UUC.001.23B) \u00a0 geeignet z.B. f\u00fcr die folgenden TomTom Ger\u00e4te: Start 40 , Start 42 , Start [&hellip;]","og_url":"https:\/\/www.navi-express.com\/en\/shop\/tomtom\/zubehoer\/original-tomtom-tmc-traffic-receiver-verkehrsfunkempfaenger-und-ladekabel-4uuc23b-micro-usb\/","og_site_name":"Navi-Express","article_modified_time":"2025-07-19T08:01:04+00:00","og_image":[{"width":2560,"height":1920,"url":"https:\/\/www.navi-express.com\/wp-content\/uploads\/2025\/01\/TomTom-TMC-Traffickabel-4UUC23B-scaled.jpg","type":"image\/jpeg"}],"twitter_card":"summary_large_image","twitter_misc":{"Est. reading time":"1 minute"},"schema":{"@context":"https:\/\/schema.org","@graph":[{"@type":"WebPage","@id":"https:\/\/www.navi-express.com\/shop\/tomtom\/zubehoer\/original-tomtom-tmc-traffic-receiver-verkehrsfunkempfaenger-und-ladekabel-4uuc23b-micro-usb\/","url":"https:\/\/www.navi-express.com\/shop\/tomtom\/zubehoer\/original-tomtom-tmc-traffic-receiver-verkehrsfunkempfaenger-und-ladekabel-4uuc23b-micro-usb\/","name":"Original TomTom TMC Traffic Receiver Verkehrsfunkempf\u00e4nger und Ladekabel 4UUC23B (Micro USB) - Navi-Express","isPartOf":{"@id":"https:\/\/www.navi-express.com\/#website"},"primaryImageOfPage":{"@id":"https:\/\/www.navi-express.com\/shop\/tomtom\/zubehoer\/original-tomtom-tmc-traffic-receiver-verkehrsfunkempfaenger-und-ladekabel-4uuc23b-micro-usb\/#primaryimage"},"image":{"@id":"https:\/\/www.navi-express.com\/shop\/tomtom\/zubehoer\/original-tomtom-tmc-traffic-receiver-verkehrsfunkempfaenger-und-ladekabel-4uuc23b-micro-usb\/#primaryimage"},"thumbnailUrl":"https:\/\/www.navi-express.com\/wp-content\/uploads\/2025\/01\/TomTom-TMC-Traffickabel-4UUC23B-scaled.jpg","datePublished":"2025-01-08T07:53:45+00:00","dateModified":"2025-07-19T08:01:04+00:00","breadcrumb":{"@id":"https:\/\/www.navi-express.com\/shop\/tomtom\/zubehoer\/original-tomtom-tmc-traffic-receiver-verkehrsfunkempfaenger-und-ladekabel-4uuc23b-micro-usb\/#breadcrumb"},"inLanguage":"en-US","potentialAction":[{"@type":"ReadAction","target":["https:\/\/www.navi-express.com\/shop\/tomtom\/zubehoer\/original-tomtom-tmc-traffic-receiver-verkehrsfunkempfaenger-und-ladekabel-4uuc23b-micro-usb\/"]}]},{"@type":"ImageObject","inLanguage":"en-US","@id":"https:\/\/www.navi-express.com\/shop\/tomtom\/zubehoer\/original-tomtom-tmc-traffic-receiver-verkehrsfunkempfaenger-und-ladekabel-4uuc23b-micro-usb\/#primaryimage","url":"https:\/\/www.navi-express.com\/wp-content\/uploads\/2025\/01\/TomTom-TMC-Traffickabel-4UUC23B-scaled.jpg","contentUrl":"https:\/\/www.navi-express.com\/wp-content\/uploads\/2025\/01\/TomTom-TMC-Traffickabel-4UUC23B-scaled.jpg","width":2560,"height":1920},{"@type":"BreadcrumbList","@id":"https:\/\/www.navi-express.com\/shop\/tomtom\/zubehoer\/original-tomtom-tmc-traffic-receiver-verkehrsfunkempfaenger-und-ladekabel-4uuc23b-micro-usb\/#breadcrumb","itemListElement":[{"@type":"ListItem","position":1,"name":"Startseite","item":"https:\/\/www.navi-express.com\/"},{"@type":"ListItem","position":2,"name":"Shop","item":"https:\/\/www.navi-express.com\/shop\/"},{"@type":"ListItem","position":3,"name":"Original TomTom TMC Traffic Receiver Verkehrsfunkempf\u00e4nger und Ladekabel 4UUC23B (Micro USB)"}]},{"@type":"WebSite","@id":"https:\/\/www.navi-express.com\/#website","url":"https:\/\/www.navi-express.com\/","name":"Navi-Express","description":"Ihr Experte f\u00fcr Navigation","publisher":{"@id":"https:\/\/www.navi-express.com\/#organization"},"alternateName":"NE","potentialAction":[{"@type":"SearchAction","target":{"@type":"EntryPoint","urlTemplate":"https:\/\/www.navi-express.com\/?s={search_term_string}"},"query-input":{"@type":"PropertyValueSpecification","valueRequired":true,"valueName":"search_term_string"}}],"inLanguage":"en-US"},{"@type":"Organization","@id":"https:\/\/www.navi-express.com\/#organization","name":"Navi-Express","alternateName":"NE","url":"https:\/\/www.navi-express.com\/","logo":{"@type":"ImageObject","inLanguage":"en-US","@id":"https:\/\/www.navi-express.com\/#\/schema\/logo\/image\/","url":"https:\/\/www.navi-express.com\/wp-content\/uploads\/2019\/03\/cropped-logo-transpbearb-1.png","contentUrl":"https:\/\/www.navi-express.com\/wp-content\/uploads\/2019\/03\/cropped-logo-transpbearb-1.png","width":512,"height":512,"caption":"Navi-Express"},"image":{"@id":"https:\/\/www.navi-express.com\/#\/schema\/logo\/image\/"}}]}},"_links":{"self":[{"href":"https:\/\/www.navi-express.com\/en\/wp-json\/wp\/v2\/product\/3567","targetHints":{"allow":["GET"]}}],"collection":[{"href":"https:\/\/www.navi-express.com\/en\/wp-json\/wp\/v2\/product"}],"about":[{"href":"https:\/\/www.navi-express.com\/en\/wp-json\/wp\/v2\/types\/product"}],"wp:featuredmedia":[{"embeddable":true,"href":"https:\/\/www.navi-express.com\/en\/wp-json\/wp\/v2\/media\/3568"}],"wp:attachment":[{"href":"https:\/\/www.navi-express.com\/en\/wp-json\/wp\/v2\/media?parent=3567"}],"wp:term":[{"taxonomy":"product_brand","embeddable":true,"href":"https:\/\/www.navi-express.com\/en\/wp-json\/wp\/v2\/product_brand?post=3567"},{"taxonomy":"product_cat","embeddable":true,"href":"https:\/\/www.navi-express.com\/en\/wp-json\/wp\/v2\/product_cat?post=3567"},{"taxonomy":"product_tag","embeddable":true,"href":"https:\/\/www.navi-express.com\/en\/wp-json\/wp\/v2\/product_tag?post=3567"}],"curies":[{"name":"wp","href":"https:\/\/api.w.org\/{rel}","templated":true}]}}