{"id":3600,"date":"2025-01-09T15:55:16","date_gmt":"2025-01-09T14:55:16","guid":{"rendered":"https:\/\/www.navi-express.com\/?post_type=product&#038;p=3600"},"modified":"2026-03-05T10:45:21","modified_gmt":"2026-03-05T09:45:21","slug":"tomtom-go-premium-6-zoll-pkw-navigationsgeraet-welt-karten-traffic-radarwarner-sim-karte","status":"publish","type":"product","link":"https:\/\/www.navi-express.com\/en\/shop\/tomtom\/mobile-navigationssysteme\/tomtom-go-premium-6-zoll-pkw-navigationsgeraet-welt-karten-traffic-radarwarner-sim-karte\/","title":{"rendered":"TomTom GO PREMIUM 6 Zoll PKW Navigationsger\u00e4t Welt-Karten &#038; Traffic &#038; Radarwarner &#038; SIM-Karte"},"content":{"rendered":"<p><span style=\"color: #000000;\"><b><span style=\"font-family: Arial;\">Original TomTom GO PREMIUM 6 Zoll PKW\u00a0<\/span>Navigationsger\u00e4t in gutem Zustand<\/b><\/span><\/p>\n<div><\/div>\n<div>\n<div><\/div>\n<div>\n<div><span style=\"color: #000000;\"><u><b>inklusive Zubeh\u00f6r:<\/b><\/u><\/span><\/div>\n<div>\n<ul>\n<li><span style=\"color: #000000;\">Autoladeger\u00e4t<\/span><\/li>\n<li><span style=\"color: #000000;\">Autohalterung (Magnethalterung)<\/span><\/li>\n<li><span style=\"color: #000000;\">USB-Ladekabel<\/span><\/li>\n<\/ul>\n<\/div>\n<div><\/div>\n<div><\/div>\n<p>&nbsp;<\/p>\n<div><span style=\"color: #000000;\"><b><u>Zustand:<\/u><\/b><\/span><\/div>\n<div>\n<ul>\n<li><span style=\"color: #000000;\">Guter gebrauchter Gesamtzustand (ein paar leichte Gebrauchsspuren)<\/span><\/li>\n<li><span style=\"color: #000000;\">Europa Karten sind bereits installiert<\/span><\/li>\n<li><span style=\"color: #000000;\">Weitere L\u00e4nder, Sprachen und zuk\u00fcnftige Updates k\u00f6nnen per WLAN \/ Wi-Fi geladen werden<\/span><\/li>\n<li><span style=\"color: #000000;\">Das Ger\u00e4t wird vor Versand auf die Werkseinstellungen zur\u00fcck gesetzt<\/span><\/li>\n<\/ul>\n<\/div>\n<div><\/div>\n<div><\/div>\n<div><\/div>\n<p>&nbsp;<\/p>\n<div><span style=\"color: #000000;\"><u><b>Eigenschaften:<\/b><\/u><\/span><\/div>\n<div>\n<div>\n<ul>\n<li><span style=\"color: #000000;\">Hochwertiges, kapazitives Display mit 6 Zoll (ca. 15,5 cm)<\/span><\/li>\n<\/ul>\n<ul>\n<li><span style=\"color: #000000;\">152 L\u00e4nder insgesamt \u00fcber L\u00e4ndergruppen wechselbar<\/span><\/li>\n<\/ul>\n<ul>\n<li><span style=\"color: #000000;\">Updates \u00fcber WLAN \/ WiFi<\/span><\/li>\n<\/ul>\n<ul>\n<li><span style=\"color: #000000;\">Kein extra Kabel oder Smartphone notwendig !\u00a0Erhalten Sie TomTom Services wie Verkehrsinformationen und Radarkamera-Informationen \u00fcber die eingebaute SIM-Karte (nicht mehr in allen L\u00e4ndern verf\u00fcgbar; in Deutschland aktiv; unbekannt, wie langer der Service noch l\u00e4uft)<\/span><\/li>\n<\/ul>\n<ul>\n<li><span style=\"color: #000000;\">Freisprechen via Bluetooth<\/span><\/li>\n<\/ul>\n<ul>\n<li><span style=\"color: #000000;\">TomTom Road Trips<\/span><\/li>\n<\/ul>\n<ul>\n<li><span style=\"color: #000000;\">Kompatibel mit Siri Spracherkennung Software und Google Now Service<\/span><\/li>\n<\/ul>\n<\/div>\n<p>&nbsp;<\/p>\n<blockquote><p><span style=\"color: #000000;\">IFTTT Integration wird leider von TomTom aus nicht mehr unterst\u00fctzt<\/span><\/p>\n<p><span style=\"color: #000000;\">Keine SIM-Karten Unterst\u00fctzung mehr in der Schweiz und Liechtenstein<\/span><\/p><\/blockquote>\n<\/div>\n<\/div>\n<\/div>\n<p>&nbsp;<\/p>\n<p>____________________________________________________________________________________________________________________<\/p>\n<p><strong><span style=\"color: #000000;\"><u>Hersteller \/ EU verantwortliche Person:<\/u><\/span><\/strong><\/p>\n<p><strong><span style=\"color: #000000;\">TomTom N.V.<\/span><\/strong><\/p>\n<p><strong><span style=\"color: #000000;\">De Ruijterkade 154<\/span><\/strong><\/p>\n<p><strong><span style=\"color: #000000;\">1011 AC Amsterdam<\/span><\/strong><\/p>\n<p><strong><span style=\"color: #000000;\">The Netherlands<\/span><\/strong><\/p>\n<p><strong><span style=\"color: #000000;\">Tel.: +31 20-757-5000<\/span><\/strong><\/p>\n<p><strong><span style=\"color: #000000;\">E-Mail: IR@tomtom.com<\/span><\/strong><\/p>","protected":false},"excerpt":{"rendered":"<p>Original TomTom GO PREMIUM 6 Zoll PKW\u00a0Navigationsger\u00e4t in gutem Zustand inklusive Zubeh\u00f6r: Autoladeger\u00e4t Autohalterung (Magnethalterung) USB-Ladekabel &nbsp; Zustand: Guter gebrauchter Gesamtzustand (ein paar leichte Gebrauchsspuren) Europa Karten sind bereits installiert Weitere L\u00e4nder, Sprachen und zuk\u00fcnftige Updates k\u00f6nnen per WLAN \/ Wi-Fi geladen werden Das Ger\u00e4t wird vor Versand auf die Werkseinstellungen zur\u00fcck gesetzt &nbsp; Eigenschaften: [&hellip;]<\/p>\n","protected":false},"featured_media":6004,"template":"","meta":{"ocean_post_layout":"","ocean_both_sidebars_style":"","ocean_both_sidebars_content_width":0,"ocean_both_sidebars_sidebars_width":0,"ocean_sidebar":"0","ocean_second_sidebar":"0","ocean_disable_margins":"enable","ocean_add_body_class":"","ocean_shortcode_before_top_bar":"","ocean_shortcode_after_top_bar":"","ocean_shortcode_before_header":"","ocean_shortcode_after_header":"","ocean_has_shortcode":"","ocean_shortcode_after_title":"","ocean_shortcode_before_footer_widgets":"","ocean_shortcode_after_footer_widgets":"","ocean_shortcode_before_footer_bottom":"","ocean_shortcode_after_footer_bottom":"","ocean_display_top_bar":"default","ocean_display_header":"default","ocean_header_style":"","ocean_center_header_left_menu":"0","ocean_custom_header_template":"0","ocean_custom_logo":0,"ocean_custom_retina_logo":0,"ocean_custom_logo_max_width":0,"ocean_custom_logo_tablet_max_width":0,"ocean_custom_logo_mobile_max_width":0,"ocean_custom_logo_max_height":0,"ocean_custom_logo_tablet_max_height":0,"ocean_custom_logo_mobile_max_height":0,"ocean_header_custom_menu":"0","ocean_menu_typo_font_family":"0","ocean_menu_typo_font_subset":"","ocean_menu_typo_font_size":0,"ocean_menu_typo_font_size_tablet":0,"ocean_menu_typo_font_size_mobile":0,"ocean_menu_typo_font_size_unit":"px","ocean_menu_typo_font_weight":"","ocean_menu_typo_font_weight_tablet":"","ocean_menu_typo_font_weight_mobile":"","ocean_menu_typo_transform":"","ocean_menu_typo_transform_tablet":"","ocean_menu_typo_transform_mobile":"","ocean_menu_typo_line_height":0,"ocean_menu_typo_line_height_tablet":0,"ocean_menu_typo_line_height_mobile":0,"ocean_menu_typo_line_height_unit":"","ocean_menu_typo_spacing":0,"ocean_menu_typo_spacing_tablet":0,"ocean_menu_typo_spacing_mobile":0,"ocean_menu_typo_spacing_unit":"","ocean_menu_link_color":"","ocean_menu_link_color_hover":"","ocean_menu_link_color_active":"","ocean_menu_link_background":"","ocean_menu_link_hover_background":"","ocean_menu_link_active_background":"","ocean_menu_social_links_bg":"","ocean_menu_social_hover_links_bg":"","ocean_menu_social_links_color":"","ocean_menu_social_hover_links_color":"","ocean_disable_title":"default","ocean_disable_heading":"default","ocean_post_title":"","ocean_post_subheading":"","ocean_post_title_style":"","ocean_post_title_background_color":"","ocean_post_title_background":0,"ocean_post_title_bg_image_position":"","ocean_post_title_bg_image_attachment":"","ocean_post_title_bg_image_repeat":"","ocean_post_title_bg_image_size":"","ocean_post_title_height":0,"ocean_post_title_bg_overlay":0.5,"ocean_post_title_bg_overlay_color":"","ocean_disable_breadcrumbs":"default","ocean_breadcrumbs_color":"","ocean_breadcrumbs_separator_color":"","ocean_breadcrumbs_links_color":"","ocean_breadcrumbs_links_hover_color":"","ocean_display_footer_widgets":"default","ocean_display_footer_bottom":"default","ocean_custom_footer_template":"0"},"product_brand":[],"product_cat":[640],"product_tag":[1124,1125,1123,889,641],"class_list":{"0":"post-3600","1":"product","2":"type-product","3":"status-publish","4":"has-post-thumbnail","6":"product_cat-mobile-navigationssysteme","7":"product_tag-1124","8":"product_tag-4pl60","9":"product_tag-8pl6-002-30sim-2","10":"product_tag-go-premium","11":"product_tag-tomtom","13":"entry","14":"has-media","16":"first","17":"instock","18":"purchasable","19":"product-type-simple","20":"col","21":"span_1_of_4","22":"owp-content-center","23":"item-entry","24":"owp-thumbs-layout-horizontal","25":"owp-btn-normal","26":"owp-tabs-layout-horizontal"},"yoast_head":"<!-- This site is optimized with the Yoast SEO plugin v27.4 - https:\/\/yoast.com\/product\/yoast-seo-wordpress\/ -->\n<title>TomTom GO PREMIUM 6 Zoll PKW Navigationsger\u00e4t Welt-Karten &amp; Traffic &amp; Radarwarner &amp; SIM-Karte - Navi-Express<\/title>\n<meta name=\"description\" content=\"Original TomTom GO Premium Navigationsger\u00e4t mit 6 Zoll Display, Welt-Karten, Radarwarner &amp; Verkehrsmeldungen \u00fcber SIM-Karte.\" \/>\n<meta name=\"robots\" content=\"index, follow, max-snippet:-1, max-image-preview:large, max-video-preview:-1\" \/>\n<link rel=\"canonical\" href=\"https:\/\/www.navi-express.com\/en\/shop\/tomtom\/mobile-navigationssysteme\/tomtom-go-premium-6-zoll-pkw-navigationsgeraet-welt-karten-traffic-radarwarner-sim-karte\/\" \/>\n<meta property=\"og:locale\" content=\"en_US\" \/>\n<meta property=\"og:type\" content=\"article\" \/>\n<meta property=\"og:title\" content=\"TomTom GO PREMIUM 6 Zoll PKW Navigationsger\u00e4t Welt-Karten &amp; Traffic &amp; Radarwarner &amp; SIM-Karte - Navi-Express\" \/>\n<meta property=\"og:description\" content=\"Original TomTom GO Premium Navigationsger\u00e4t mit 6 Zoll Display, Welt-Karten, Radarwarner &amp; Verkehrsmeldungen \u00fcber SIM-Karte.\" \/>\n<meta property=\"og:url\" content=\"https:\/\/www.navi-express.com\/en\/shop\/tomtom\/mobile-navigationssysteme\/tomtom-go-premium-6-zoll-pkw-navigationsgeraet-welt-karten-traffic-radarwarner-sim-karte\/\" \/>\n<meta property=\"og:site_name\" content=\"Navi-Express\" \/>\n<meta property=\"article:modified_time\" content=\"2026-03-05T09:45:21+00:00\" \/>\n<meta property=\"og:image\" content=\"https:\/\/www.navi-express.com\/wp-content\/uploads\/2025\/01\/20260131_103811-scaled.jpg\" \/>\n\t<meta property=\"og:image:width\" content=\"2560\" \/>\n\t<meta property=\"og:image:height\" content=\"1920\" \/>\n\t<meta property=\"og:image:type\" content=\"image\/jpeg\" \/>\n<meta name=\"twitter:card\" content=\"summary_large_image\" \/>\n<meta name=\"twitter:label1\" content=\"Est. reading time\" \/>\n\t<meta name=\"twitter:data1\" content=\"1 minute\" \/>\n<script type=\"application\/ld+json\" class=\"yoast-schema-graph\">{\"@context\":\"https:\\\/\\\/schema.org\",\"@graph\":[{\"@type\":\"WebPage\",\"@id\":\"https:\\\/\\\/www.navi-express.com\\\/shop\\\/tomtom\\\/mobile-navigationssysteme\\\/tomtom-go-premium-6-zoll-pkw-navigationsgeraet-welt-karten-traffic-radarwarner-sim-karte\\\/\",\"url\":\"https:\\\/\\\/www.navi-express.com\\\/shop\\\/tomtom\\\/mobile-navigationssysteme\\\/tomtom-go-premium-6-zoll-pkw-navigationsgeraet-welt-karten-traffic-radarwarner-sim-karte\\\/\",\"name\":\"TomTom GO PREMIUM 6 Zoll PKW Navigationsger\u00e4t Welt-Karten & Traffic & Radarwarner & SIM-Karte - Navi-Express\",\"isPartOf\":{\"@id\":\"https:\\\/\\\/www.navi-express.com\\\/#website\"},\"primaryImageOfPage\":{\"@id\":\"https:\\\/\\\/www.navi-express.com\\\/shop\\\/tomtom\\\/mobile-navigationssysteme\\\/tomtom-go-premium-6-zoll-pkw-navigationsgeraet-welt-karten-traffic-radarwarner-sim-karte\\\/#primaryimage\"},\"image\":{\"@id\":\"https:\\\/\\\/www.navi-express.com\\\/shop\\\/tomtom\\\/mobile-navigationssysteme\\\/tomtom-go-premium-6-zoll-pkw-navigationsgeraet-welt-karten-traffic-radarwarner-sim-karte\\\/#primaryimage\"},\"thumbnailUrl\":\"https:\\\/\\\/www.navi-express.com\\\/wp-content\\\/uploads\\\/2025\\\/01\\\/20260131_103811-scaled.jpg\",\"datePublished\":\"2025-01-09T14:55:16+00:00\",\"dateModified\":\"2026-03-05T09:45:21+00:00\",\"description\":\"Original TomTom GO Premium Navigationsger\u00e4t mit 6 Zoll Display, Welt-Karten, Radarwarner & Verkehrsmeldungen \u00fcber SIM-Karte.\",\"breadcrumb\":{\"@id\":\"https:\\\/\\\/www.navi-express.com\\\/shop\\\/tomtom\\\/mobile-navigationssysteme\\\/tomtom-go-premium-6-zoll-pkw-navigationsgeraet-welt-karten-traffic-radarwarner-sim-karte\\\/#breadcrumb\"},\"inLanguage\":\"en-US\",\"potentialAction\":[{\"@type\":\"ReadAction\",\"target\":[\"https:\\\/\\\/www.navi-express.com\\\/shop\\\/tomtom\\\/mobile-navigationssysteme\\\/tomtom-go-premium-6-zoll-pkw-navigationsgeraet-welt-karten-traffic-radarwarner-sim-karte\\\/\"]}]},{\"@type\":\"ImageObject\",\"inLanguage\":\"en-US\",\"@id\":\"https:\\\/\\\/www.navi-express.com\\\/shop\\\/tomtom\\\/mobile-navigationssysteme\\\/tomtom-go-premium-6-zoll-pkw-navigationsgeraet-welt-karten-traffic-radarwarner-sim-karte\\\/#primaryimage\",\"url\":\"https:\\\/\\\/www.navi-express.com\\\/wp-content\\\/uploads\\\/2025\\\/01\\\/20260131_103811-scaled.jpg\",\"contentUrl\":\"https:\\\/\\\/www.navi-express.com\\\/wp-content\\\/uploads\\\/2025\\\/01\\\/20260131_103811-scaled.jpg\",\"width\":2560,\"height\":1920},{\"@type\":\"BreadcrumbList\",\"@id\":\"https:\\\/\\\/www.navi-express.com\\\/shop\\\/tomtom\\\/mobile-navigationssysteme\\\/tomtom-go-premium-6-zoll-pkw-navigationsgeraet-welt-karten-traffic-radarwarner-sim-karte\\\/#breadcrumb\",\"itemListElement\":[{\"@type\":\"ListItem\",\"position\":1,\"name\":\"Startseite\",\"item\":\"https:\\\/\\\/www.navi-express.com\\\/\"},{\"@type\":\"ListItem\",\"position\":2,\"name\":\"Shop\",\"item\":\"https:\\\/\\\/www.navi-express.com\\\/shop\\\/\"},{\"@type\":\"ListItem\",\"position\":3,\"name\":\"TomTom GO PREMIUM 6 Zoll PKW Navigationsger\u00e4t Welt-Karten &#038; Traffic &#038; Radarwarner &#038; SIM-Karte\"}]},{\"@type\":\"WebSite\",\"@id\":\"https:\\\/\\\/www.navi-express.com\\\/#website\",\"url\":\"https:\\\/\\\/www.navi-express.com\\\/\",\"name\":\"Navi-Express\",\"description\":\"Ihr Experte f\u00fcr Navigation\",\"publisher\":{\"@id\":\"https:\\\/\\\/www.navi-express.com\\\/#organization\"},\"alternateName\":\"NE\",\"potentialAction\":[{\"@type\":\"SearchAction\",\"target\":{\"@type\":\"EntryPoint\",\"urlTemplate\":\"https:\\\/\\\/www.navi-express.com\\\/?s={search_term_string}\"},\"query-input\":{\"@type\":\"PropertyValueSpecification\",\"valueRequired\":true,\"valueName\":\"search_term_string\"}}],\"inLanguage\":\"en-US\"},{\"@type\":\"Organization\",\"@id\":\"https:\\\/\\\/www.navi-express.com\\\/#organization\",\"name\":\"Navi-Express\",\"alternateName\":\"NE\",\"url\":\"https:\\\/\\\/www.navi-express.com\\\/\",\"logo\":{\"@type\":\"ImageObject\",\"inLanguage\":\"en-US\",\"@id\":\"https:\\\/\\\/www.navi-express.com\\\/#\\\/schema\\\/logo\\\/image\\\/\",\"url\":\"https:\\\/\\\/www.navi-express.com\\\/wp-content\\\/uploads\\\/2019\\\/03\\\/cropped-logo-transpbearb-1.png\",\"contentUrl\":\"https:\\\/\\\/www.navi-express.com\\\/wp-content\\\/uploads\\\/2019\\\/03\\\/cropped-logo-transpbearb-1.png\",\"width\":512,\"height\":512,\"caption\":\"Navi-Express\"},\"image\":{\"@id\":\"https:\\\/\\\/www.navi-express.com\\\/#\\\/schema\\\/logo\\\/image\\\/\"}}]}<\/script>\n<!-- \/ Yoast SEO plugin. -->","yoast_head_json":{"title":"TomTom GO PREMIUM 6 Zoll PKW Navigationsger\u00e4t Welt-Karten & Traffic & Radarwarner & SIM-Karte - Navi-Express","description":"Original TomTom GO Premium Navigationsger\u00e4t mit 6 Zoll Display, Welt-Karten, Radarwarner & Verkehrsmeldungen \u00fcber SIM-Karte.","robots":{"index":"index","follow":"follow","max-snippet":"max-snippet:-1","max-image-preview":"max-image-preview:large","max-video-preview":"max-video-preview:-1"},"canonical":"https:\/\/www.navi-express.com\/en\/shop\/tomtom\/mobile-navigationssysteme\/tomtom-go-premium-6-zoll-pkw-navigationsgeraet-welt-karten-traffic-radarwarner-sim-karte\/","og_locale":"en_US","og_type":"article","og_title":"TomTom GO PREMIUM 6 Zoll PKW Navigationsger\u00e4t Welt-Karten & Traffic & Radarwarner & SIM-Karte - Navi-Express","og_description":"Original TomTom GO Premium Navigationsger\u00e4t mit 6 Zoll Display, Welt-Karten, Radarwarner & Verkehrsmeldungen \u00fcber SIM-Karte.","og_url":"https:\/\/www.navi-express.com\/en\/shop\/tomtom\/mobile-navigationssysteme\/tomtom-go-premium-6-zoll-pkw-navigationsgeraet-welt-karten-traffic-radarwarner-sim-karte\/","og_site_name":"Navi-Express","article_modified_time":"2026-03-05T09:45:21+00:00","og_image":[{"width":2560,"height":1920,"url":"https:\/\/www.navi-express.com\/wp-content\/uploads\/2025\/01\/20260131_103811-scaled.jpg","type":"image\/jpeg"}],"twitter_card":"summary_large_image","twitter_misc":{"Est. reading time":"1 minute"},"schema":{"@context":"https:\/\/schema.org","@graph":[{"@type":"WebPage","@id":"https:\/\/www.navi-express.com\/shop\/tomtom\/mobile-navigationssysteme\/tomtom-go-premium-6-zoll-pkw-navigationsgeraet-welt-karten-traffic-radarwarner-sim-karte\/","url":"https:\/\/www.navi-express.com\/shop\/tomtom\/mobile-navigationssysteme\/tomtom-go-premium-6-zoll-pkw-navigationsgeraet-welt-karten-traffic-radarwarner-sim-karte\/","name":"TomTom GO PREMIUM 6 Zoll PKW Navigationsger\u00e4t Welt-Karten & Traffic & Radarwarner & SIM-Karte - Navi-Express","isPartOf":{"@id":"https:\/\/www.navi-express.com\/#website"},"primaryImageOfPage":{"@id":"https:\/\/www.navi-express.com\/shop\/tomtom\/mobile-navigationssysteme\/tomtom-go-premium-6-zoll-pkw-navigationsgeraet-welt-karten-traffic-radarwarner-sim-karte\/#primaryimage"},"image":{"@id":"https:\/\/www.navi-express.com\/shop\/tomtom\/mobile-navigationssysteme\/tomtom-go-premium-6-zoll-pkw-navigationsgeraet-welt-karten-traffic-radarwarner-sim-karte\/#primaryimage"},"thumbnailUrl":"https:\/\/www.navi-express.com\/wp-content\/uploads\/2025\/01\/20260131_103811-scaled.jpg","datePublished":"2025-01-09T14:55:16+00:00","dateModified":"2026-03-05T09:45:21+00:00","description":"Original TomTom GO Premium Navigationsger\u00e4t mit 6 Zoll Display, Welt-Karten, Radarwarner & Verkehrsmeldungen \u00fcber SIM-Karte.","breadcrumb":{"@id":"https:\/\/www.navi-express.com\/shop\/tomtom\/mobile-navigationssysteme\/tomtom-go-premium-6-zoll-pkw-navigationsgeraet-welt-karten-traffic-radarwarner-sim-karte\/#breadcrumb"},"inLanguage":"en-US","potentialAction":[{"@type":"ReadAction","target":["https:\/\/www.navi-express.com\/shop\/tomtom\/mobile-navigationssysteme\/tomtom-go-premium-6-zoll-pkw-navigationsgeraet-welt-karten-traffic-radarwarner-sim-karte\/"]}]},{"@type":"ImageObject","inLanguage":"en-US","@id":"https:\/\/www.navi-express.com\/shop\/tomtom\/mobile-navigationssysteme\/tomtom-go-premium-6-zoll-pkw-navigationsgeraet-welt-karten-traffic-radarwarner-sim-karte\/#primaryimage","url":"https:\/\/www.navi-express.com\/wp-content\/uploads\/2025\/01\/20260131_103811-scaled.jpg","contentUrl":"https:\/\/www.navi-express.com\/wp-content\/uploads\/2025\/01\/20260131_103811-scaled.jpg","width":2560,"height":1920},{"@type":"BreadcrumbList","@id":"https:\/\/www.navi-express.com\/shop\/tomtom\/mobile-navigationssysteme\/tomtom-go-premium-6-zoll-pkw-navigationsgeraet-welt-karten-traffic-radarwarner-sim-karte\/#breadcrumb","itemListElement":[{"@type":"ListItem","position":1,"name":"Startseite","item":"https:\/\/www.navi-express.com\/"},{"@type":"ListItem","position":2,"name":"Shop","item":"https:\/\/www.navi-express.com\/shop\/"},{"@type":"ListItem","position":3,"name":"TomTom GO PREMIUM 6 Zoll PKW Navigationsger\u00e4t Welt-Karten &#038; Traffic &#038; Radarwarner &#038; SIM-Karte"}]},{"@type":"WebSite","@id":"https:\/\/www.navi-express.com\/#website","url":"https:\/\/www.navi-express.com\/","name":"Navi-Express","description":"Ihr Experte f\u00fcr Navigation","publisher":{"@id":"https:\/\/www.navi-express.com\/#organization"},"alternateName":"NE","potentialAction":[{"@type":"SearchAction","target":{"@type":"EntryPoint","urlTemplate":"https:\/\/www.navi-express.com\/?s={search_term_string}"},"query-input":{"@type":"PropertyValueSpecification","valueRequired":true,"valueName":"search_term_string"}}],"inLanguage":"en-US"},{"@type":"Organization","@id":"https:\/\/www.navi-express.com\/#organization","name":"Navi-Express","alternateName":"NE","url":"https:\/\/www.navi-express.com\/","logo":{"@type":"ImageObject","inLanguage":"en-US","@id":"https:\/\/www.navi-express.com\/#\/schema\/logo\/image\/","url":"https:\/\/www.navi-express.com\/wp-content\/uploads\/2019\/03\/cropped-logo-transpbearb-1.png","contentUrl":"https:\/\/www.navi-express.com\/wp-content\/uploads\/2019\/03\/cropped-logo-transpbearb-1.png","width":512,"height":512,"caption":"Navi-Express"},"image":{"@id":"https:\/\/www.navi-express.com\/#\/schema\/logo\/image\/"}}]}},"_links":{"self":[{"href":"https:\/\/www.navi-express.com\/en\/wp-json\/wp\/v2\/product\/3600","targetHints":{"allow":["GET"]}}],"collection":[{"href":"https:\/\/www.navi-express.com\/en\/wp-json\/wp\/v2\/product"}],"about":[{"href":"https:\/\/www.navi-express.com\/en\/wp-json\/wp\/v2\/types\/product"}],"wp:featuredmedia":[{"embeddable":true,"href":"https:\/\/www.navi-express.com\/en\/wp-json\/wp\/v2\/media\/6004"}],"wp:attachment":[{"href":"https:\/\/www.navi-express.com\/en\/wp-json\/wp\/v2\/media?parent=3600"}],"wp:term":[{"taxonomy":"product_brand","embeddable":true,"href":"https:\/\/www.navi-express.com\/en\/wp-json\/wp\/v2\/product_brand?post=3600"},{"taxonomy":"product_cat","embeddable":true,"href":"https:\/\/www.navi-express.com\/en\/wp-json\/wp\/v2\/product_cat?post=3600"},{"taxonomy":"product_tag","embeddable":true,"href":"https:\/\/www.navi-express.com\/en\/wp-json\/wp\/v2\/product_tag?post=3600"}],"curies":[{"name":"wp","href":"https:\/\/api.w.org\/{rel}","templated":true}]}}