{"id":3641,"date":"2025-01-13T10:20:30","date_gmt":"2025-01-13T09:20:30","guid":{"rendered":"https:\/\/www.navi-express.com\/?post_type=product&#038;p=3641"},"modified":"2026-03-05T10:09:13","modified_gmt":"2026-03-05T09:09:13","slug":"garmin-drive-61-lmt-s-6-zoll-pkw-navi-europa-maps-live-traffic-per-smartphone-2","status":"publish","type":"product","link":"https:\/\/www.navi-express.com\/en\/shop\/garmin\/mobile-navigationsgeraete\/garmin-drive-61-lmt-s-6-zoll-pkw-navi-europa-maps-live-traffic-per-smartphone-2\/","title":{"rendered":"Garmin Drive 61 LMT-S 6 Zoll PKW Navi Europa Maps &#038; Live Traffic per Smartphone"},"content":{"rendered":"<p>&nbsp;<\/p>\n<div>\n<p><span style=\"font-size: large;\"><span style=\"font-family: Arial;\"><b>Original Garmin Drive 61 LMT-S PKW Navigationsger\u00e4t mit 6 Zoll (ca. 15,5 cm) Display<\/b><\/span><\/span><\/p>\n<div><span style=\"font-family: Arial;\"><b>in gebrauchtem Zustand (ein paar Gebrauchsspuren sind vorhanden)<\/b><\/span><\/div>\n<div><span style=\"font-family: Arial;\"><b><br \/>\n<\/b><\/span><\/p>\n<div><strong><span style=\"font-family: Arial; color: #000000;\">LMT-S\u00a0= Verkehrsinformationen \u00fcber Smartphone-Verbindung<\/span><\/strong><\/div>\n<div><strong><span style=\"font-family: Arial; color: #000000;\">\u00a0<\/span><\/strong><\/div>\n<div><strong><span style=\"font-family: Arial; color: #000000;\"><br \/>\n<\/span><\/strong><\/p>\n<div>\n<div><strong><span style=\"color: #000000;\"><u>inklusive Zubeh\u00f6r:<\/u><\/span><\/strong><\/div>\n<div>\n<ul>\n<li><strong><span style=\"color: #000000;\">Autoladekabel (12\/24 V)<\/span><\/strong><\/li>\n<li><strong><span style=\"color: #000000;\">Autohalterung \/ Saugnapfhalterung<\/span><\/strong><\/li>\n<li><strong><span style=\"color: #000000;\">USB-Ladekabel (zum Laden und Verbinden am PC \/ Laptop)<\/span><\/strong><\/li>\n<li><strong><span style=\"color: #000000;\">16 GB Micro SD Karte<\/span><\/strong><\/li>\n<\/ul>\n<\/div>\n<div><\/div>\n<p>&nbsp;<\/p>\n<div><strong><span style=\"color: #000000;\"><u>Zustand:<\/u><\/span><\/strong><\/div>\n<div>\n<ul>\n<li><strong><span style=\"color: #000000;\">Display hat ein paar Kratzer (Siehe Fotos)<\/span><\/strong><\/li>\n<li><strong><span style=\"color: #000000;\">Geh\u00e4use und R\u00fcckseite haben ein paar sichtbare Gebrauchsspuren<\/span><\/strong><\/li>\n<li><strong><span style=\"color: #000000;\">Karten f\u00fcr Europa Karten sind bereits vorinstalliert<\/span><\/strong><\/li>\n<li><strong><span style=\"color: #000000;\">Weitere Sprachen und zuk\u00fcnftige Updates k\u00f6nnen per Garmin Express am PC geladen werden (kein WLAN!)<\/span><\/strong><\/li>\n<li><strong><span style=\"color: #000000;\">Das Ger\u00e4t wird vor Versand auf die Werkseinstellungen zur\u00fcck gesetzt<\/span><\/strong><\/li>\n<\/ul>\n<\/div>\n<div><\/div>\n<div><\/div>\n<p>&nbsp;<\/p>\n<div><strong><span style=\"color: #000000;\"><u>Eigenschaften:<\/u><\/span><\/strong><\/div>\n<div>\n<ul>\n<li><strong><span style=\"color: #000000;\">PKW Navi mit 6 Zoll (ca. 15,5 cm) Touchscreen Display<\/span><\/strong><\/li>\n<li><strong><span style=\"color: #000000;\">w\u00e4hlbare Displayausrichtung (Hoch- &amp; Quer)<\/span><\/strong><\/li>\n<li><strong><span style=\"color: #000000;\">Kostenlose Software- und Kartenupdates f\u00fcr Europa \u00fcber PC-Programm (KEIN WLAN)<\/span><\/strong><\/li>\n<li><strong><span style=\"color: #000000;\">Echtzeitdienste f\u00fcr Verkehrsinformationen, Parkplatzsuche und vieles mehr (Verbindung mit Smartphone + Bluetooth notwendig, Internetzugang am Smartphone ben\u00f6tigt!)<\/span><\/strong><\/li>\n<li><strong><span style=\"color: #000000;\">Warnungen vor Schulzonen, Wildwechsel, scharfen Kurven, Bahn\u00fcberg\u00e4ngen, Tempolimit-Wechsel und mehr<\/span><\/strong><\/li>\n<li><strong><span style=\"color: #000000;\">Kostenlose Radar-Info-Updates<\/span><\/strong><\/li>\n<li><strong><span style=\"color: #000000;\">Radarwarner (Ger\u00e4t muss mit Handy gekoppelt sein, nicht in allen L\u00e4ndern verf\u00fcgbar\/erlaubt)<\/span><\/strong><\/li>\n<li><strong><span style=\"color: #000000;\">TripAdvisor und Foursquare POIs, inklusive Bewertungen<\/span><\/strong><\/li>\n<li><strong><span style=\"color: #000000;\">Nur kompatibel mit der geeigneten Garmin R\u00fcckfahrkamera BC 30<\/span><\/strong><\/li>\n<\/ul>\n<\/div>\n<\/div>\n<\/div>\n<\/div>\n<\/div>\n<div>\n<div>\n<div>\n<div>\n<div>\n<div>\n<div>\n<div>\n<p>&nbsp;<\/p>\n<\/div>\n<\/div>\n<\/div>\n<\/div>\n<\/div>\n<\/div>\n<\/div>\n<\/div>\n<div>\n<div>\n<div>\n<div>\n<div>\n<div>\n<div>\n<div>\n<div>\n<div>\n<div>\n<div>\n<div><\/div>\n<\/div>\n<\/div>\n<\/div>\n<\/div>\n<\/div>\n<\/div>\n<\/div>\n<\/div>\n<\/div>\n<\/div>\n<\/div>\n<p>_______________________________________________________________________________________________________________________<\/p>\n<div>\n<p><strong><span style=\"color: #000000;\"><u>Hersteller \/ EU verantwortliche Person:<\/u><\/span><\/strong><\/p>\n<p><strong><span style=\"color: #000000;\">Garmin Deutschland GmbH<\/span><\/strong><\/p>\n<p><strong><span style=\"color: #000000;\">Parkring 35<\/span><\/strong><\/p>\n<p><strong><span style=\"color: #000000;\">85748 Garching<\/span><\/strong><\/p>\n<p><strong><span style=\"color: #000000;\">Deutschland<\/span><\/strong><\/p>\n<p><strong><span style=\"color: #000000;\">Tel.: +49 89 541999-700<\/span><\/strong><\/p>\n<p><strong><span style=\"color: #000000;\">E-Mail: impressum@garmin.de<br \/>\n<\/span><\/strong><\/p>\n<\/div>\n<\/div>","protected":false},"excerpt":{"rendered":"<p>&nbsp; Original Garmin Drive 61 LMT-S PKW Navigationsger\u00e4t mit 6 Zoll (ca. 15,5 cm) Display in gebrauchtem Zustand (ein paar Gebrauchsspuren sind vorhanden) LMT-S\u00a0= Verkehrsinformationen \u00fcber Smartphone-Verbindung \u00a0 inklusive Zubeh\u00f6r: Autoladekabel (12\/24 V) Autohalterung \/ Saugnapfhalterung USB-Ladekabel (zum Laden und Verbinden am PC \/ Laptop) 16 GB Micro SD Karte &nbsp; Zustand: Display hat ein [&hellip;]<\/p>\n","protected":false},"featured_media":4354,"template":"","meta":{"ocean_post_layout":"","ocean_both_sidebars_style":"","ocean_both_sidebars_content_width":0,"ocean_both_sidebars_sidebars_width":0,"ocean_sidebar":"0","ocean_second_sidebar":"0","ocean_disable_margins":"enable","ocean_add_body_class":"","ocean_shortcode_before_top_bar":"","ocean_shortcode_after_top_bar":"","ocean_shortcode_before_header":"","ocean_shortcode_after_header":"","ocean_has_shortcode":"","ocean_shortcode_after_title":"","ocean_shortcode_before_footer_widgets":"","ocean_shortcode_after_footer_widgets":"","ocean_shortcode_before_footer_bottom":"","ocean_shortcode_after_footer_bottom":"","ocean_display_top_bar":"default","ocean_display_header":"default","ocean_header_style":"","ocean_center_header_left_menu":"0","ocean_custom_header_template":"0","ocean_custom_logo":0,"ocean_custom_retina_logo":0,"ocean_custom_logo_max_width":0,"ocean_custom_logo_tablet_max_width":0,"ocean_custom_logo_mobile_max_width":0,"ocean_custom_logo_max_height":0,"ocean_custom_logo_tablet_max_height":0,"ocean_custom_logo_mobile_max_height":0,"ocean_header_custom_menu":"0","ocean_menu_typo_font_family":"0","ocean_menu_typo_font_subset":"","ocean_menu_typo_font_size":0,"ocean_menu_typo_font_size_tablet":0,"ocean_menu_typo_font_size_mobile":0,"ocean_menu_typo_font_size_unit":"px","ocean_menu_typo_font_weight":"","ocean_menu_typo_font_weight_tablet":"","ocean_menu_typo_font_weight_mobile":"","ocean_menu_typo_transform":"","ocean_menu_typo_transform_tablet":"","ocean_menu_typo_transform_mobile":"","ocean_menu_typo_line_height":0,"ocean_menu_typo_line_height_tablet":0,"ocean_menu_typo_line_height_mobile":0,"ocean_menu_typo_line_height_unit":"","ocean_menu_typo_spacing":0,"ocean_menu_typo_spacing_tablet":0,"ocean_menu_typo_spacing_mobile":0,"ocean_menu_typo_spacing_unit":"","ocean_menu_link_color":"","ocean_menu_link_color_hover":"","ocean_menu_link_color_active":"","ocean_menu_link_background":"","ocean_menu_link_hover_background":"","ocean_menu_link_active_background":"","ocean_menu_social_links_bg":"","ocean_menu_social_hover_links_bg":"","ocean_menu_social_links_color":"","ocean_menu_social_hover_links_color":"","ocean_disable_title":"default","ocean_disable_heading":"default","ocean_post_title":"","ocean_post_subheading":"","ocean_post_title_style":"","ocean_post_title_background_color":"","ocean_post_title_background":0,"ocean_post_title_bg_image_position":"","ocean_post_title_bg_image_attachment":"","ocean_post_title_bg_image_repeat":"","ocean_post_title_bg_image_size":"","ocean_post_title_height":0,"ocean_post_title_bg_overlay":0.5,"ocean_post_title_bg_overlay_color":"","ocean_disable_breadcrumbs":"default","ocean_breadcrumbs_color":"","ocean_breadcrumbs_separator_color":"","ocean_breadcrumbs_links_color":"","ocean_breadcrumbs_links_hover_color":"","ocean_display_footer_widgets":"default","ocean_display_footer_bottom":"default","ocean_custom_footer_template":"0"},"product_brand":[],"product_cat":[661],"product_tag":[1078,189],"class_list":{"0":"post-3641","1":"product","2":"type-product","3":"status-publish","4":"has-post-thumbnail","6":"product_cat-mobile-navigationsgeraete","7":"product_tag-drive-61-lmt-s","8":"product_tag-garmin","10":"entry","11":"has-media","13":"first","14":"outofstock","15":"purchasable","16":"product-type-simple","17":"col","18":"span_1_of_4","19":"owp-content-center","20":"item-entry","21":"owp-thumbs-layout-horizontal","22":"owp-btn-normal","23":"owp-tabs-layout-horizontal"},"yoast_head":"<!-- This site is optimized with the Yoast SEO plugin v27.3 - https:\/\/yoast.com\/product\/yoast-seo-wordpress\/ -->\n<title>Garmin Drive 61 LMT-S 6 Zoll PKW Navi Europa Karten Traffic Radarwarner<\/title>\n<meta name=\"description\" content=\"Original Garmin Drive 61 LMT-S mobiles PKW Navigationsger\u00e4t mit 6 Zoll Display, Europa Karten, Live-Traffic via Smartphone Verbindung und Radarwarner.\" \/>\n<meta name=\"robots\" content=\"index, follow, max-snippet:-1, max-image-preview:large, max-video-preview:-1\" \/>\n<link rel=\"canonical\" href=\"https:\/\/www.navi-express.com\/en\/shop\/garmin\/mobile-navigationsgeraete\/garmin-drive-61-lmt-s-6-zoll-pkw-navi-europa-maps-live-traffic-per-smartphone-2\/\" \/>\n<meta property=\"og:locale\" content=\"en_US\" \/>\n<meta property=\"og:type\" content=\"article\" \/>\n<meta property=\"og:title\" content=\"Garmin Drive 61 LMT-S 6 Zoll PKW Navi Europa Karten Traffic Radarwarner\" \/>\n<meta property=\"og:description\" content=\"Original Garmin Drive 61 LMT-S mobiles PKW Navigationsger\u00e4t mit 6 Zoll Display, Europa Karten, Live-Traffic via Smartphone Verbindung und Radarwarner.\" \/>\n<meta property=\"og:url\" content=\"https:\/\/www.navi-express.com\/en\/shop\/garmin\/mobile-navigationsgeraete\/garmin-drive-61-lmt-s-6-zoll-pkw-navi-europa-maps-live-traffic-per-smartphone-2\/\" \/>\n<meta property=\"og:site_name\" content=\"Navi-Express\" \/>\n<meta property=\"article:modified_time\" content=\"2026-03-05T09:09:13+00:00\" \/>\n<meta property=\"og:image\" content=\"https:\/\/www.navi-express.com\/wp-content\/uploads\/2025\/01\/IMG_20250302_095434-scaled.jpg\" \/>\n\t<meta property=\"og:image:width\" content=\"2560\" \/>\n\t<meta property=\"og:image:height\" content=\"1920\" \/>\n\t<meta property=\"og:image:type\" content=\"image\/jpeg\" \/>\n<meta name=\"twitter:card\" content=\"summary_large_image\" \/>\n<meta name=\"twitter:label1\" content=\"Est. reading time\" \/>\n\t<meta name=\"twitter:data1\" content=\"2 minutes\" \/>\n<script type=\"application\/ld+json\" class=\"yoast-schema-graph\">{\"@context\":\"https:\\\/\\\/schema.org\",\"@graph\":[{\"@type\":\"WebPage\",\"@id\":\"https:\\\/\\\/www.navi-express.com\\\/shop\\\/garmin\\\/mobile-navigationsgeraete\\\/garmin-drive-61-lmt-s-6-zoll-pkw-navi-europa-maps-live-traffic-per-smartphone-2\\\/\",\"url\":\"https:\\\/\\\/www.navi-express.com\\\/shop\\\/garmin\\\/mobile-navigationsgeraete\\\/garmin-drive-61-lmt-s-6-zoll-pkw-navi-europa-maps-live-traffic-per-smartphone-2\\\/\",\"name\":\"Garmin Drive 61 LMT-S 6 Zoll PKW Navi Europa Karten Traffic Radarwarner\",\"isPartOf\":{\"@id\":\"https:\\\/\\\/www.navi-express.com\\\/#website\"},\"primaryImageOfPage\":{\"@id\":\"https:\\\/\\\/www.navi-express.com\\\/shop\\\/garmin\\\/mobile-navigationsgeraete\\\/garmin-drive-61-lmt-s-6-zoll-pkw-navi-europa-maps-live-traffic-per-smartphone-2\\\/#primaryimage\"},\"image\":{\"@id\":\"https:\\\/\\\/www.navi-express.com\\\/shop\\\/garmin\\\/mobile-navigationsgeraete\\\/garmin-drive-61-lmt-s-6-zoll-pkw-navi-europa-maps-live-traffic-per-smartphone-2\\\/#primaryimage\"},\"thumbnailUrl\":\"https:\\\/\\\/www.navi-express.com\\\/wp-content\\\/uploads\\\/2025\\\/01\\\/IMG_20250302_095434-scaled.jpg\",\"datePublished\":\"2025-01-13T09:20:30+00:00\",\"dateModified\":\"2026-03-05T09:09:13+00:00\",\"description\":\"Original Garmin Drive 61 LMT-S mobiles PKW Navigationsger\u00e4t mit 6 Zoll Display, Europa Karten, Live-Traffic via Smartphone Verbindung und Radarwarner.\",\"breadcrumb\":{\"@id\":\"https:\\\/\\\/www.navi-express.com\\\/shop\\\/garmin\\\/mobile-navigationsgeraete\\\/garmin-drive-61-lmt-s-6-zoll-pkw-navi-europa-maps-live-traffic-per-smartphone-2\\\/#breadcrumb\"},\"inLanguage\":\"en-US\",\"potentialAction\":[{\"@type\":\"ReadAction\",\"target\":[\"https:\\\/\\\/www.navi-express.com\\\/shop\\\/garmin\\\/mobile-navigationsgeraete\\\/garmin-drive-61-lmt-s-6-zoll-pkw-navi-europa-maps-live-traffic-per-smartphone-2\\\/\"]}]},{\"@type\":\"ImageObject\",\"inLanguage\":\"en-US\",\"@id\":\"https:\\\/\\\/www.navi-express.com\\\/shop\\\/garmin\\\/mobile-navigationsgeraete\\\/garmin-drive-61-lmt-s-6-zoll-pkw-navi-europa-maps-live-traffic-per-smartphone-2\\\/#primaryimage\",\"url\":\"https:\\\/\\\/www.navi-express.com\\\/wp-content\\\/uploads\\\/2025\\\/01\\\/IMG_20250302_095434-scaled.jpg\",\"contentUrl\":\"https:\\\/\\\/www.navi-express.com\\\/wp-content\\\/uploads\\\/2025\\\/01\\\/IMG_20250302_095434-scaled.jpg\",\"width\":2560,\"height\":1920},{\"@type\":\"BreadcrumbList\",\"@id\":\"https:\\\/\\\/www.navi-express.com\\\/shop\\\/garmin\\\/mobile-navigationsgeraete\\\/garmin-drive-61-lmt-s-6-zoll-pkw-navi-europa-maps-live-traffic-per-smartphone-2\\\/#breadcrumb\",\"itemListElement\":[{\"@type\":\"ListItem\",\"position\":1,\"name\":\"Startseite\",\"item\":\"https:\\\/\\\/www.navi-express.com\\\/\"},{\"@type\":\"ListItem\",\"position\":2,\"name\":\"Shop\",\"item\":\"https:\\\/\\\/www.navi-express.com\\\/shop\\\/\"},{\"@type\":\"ListItem\",\"position\":3,\"name\":\"Garmin Drive 61 LMT-S 6 Zoll PKW Navi Europa Maps &#038; Live Traffic per Smartphone\"}]},{\"@type\":\"WebSite\",\"@id\":\"https:\\\/\\\/www.navi-express.com\\\/#website\",\"url\":\"https:\\\/\\\/www.navi-express.com\\\/\",\"name\":\"Navi-Express\",\"description\":\"Ihr Experte f\u00fcr Navigation\",\"publisher\":{\"@id\":\"https:\\\/\\\/www.navi-express.com\\\/#organization\"},\"alternateName\":\"NE\",\"potentialAction\":[{\"@type\":\"SearchAction\",\"target\":{\"@type\":\"EntryPoint\",\"urlTemplate\":\"https:\\\/\\\/www.navi-express.com\\\/?s={search_term_string}\"},\"query-input\":{\"@type\":\"PropertyValueSpecification\",\"valueRequired\":true,\"valueName\":\"search_term_string\"}}],\"inLanguage\":\"en-US\"},{\"@type\":\"Organization\",\"@id\":\"https:\\\/\\\/www.navi-express.com\\\/#organization\",\"name\":\"Navi-Express\",\"alternateName\":\"NE\",\"url\":\"https:\\\/\\\/www.navi-express.com\\\/\",\"logo\":{\"@type\":\"ImageObject\",\"inLanguage\":\"en-US\",\"@id\":\"https:\\\/\\\/www.navi-express.com\\\/#\\\/schema\\\/logo\\\/image\\\/\",\"url\":\"https:\\\/\\\/www.navi-express.com\\\/wp-content\\\/uploads\\\/2019\\\/03\\\/cropped-logo-transpbearb-1.png\",\"contentUrl\":\"https:\\\/\\\/www.navi-express.com\\\/wp-content\\\/uploads\\\/2019\\\/03\\\/cropped-logo-transpbearb-1.png\",\"width\":512,\"height\":512,\"caption\":\"Navi-Express\"},\"image\":{\"@id\":\"https:\\\/\\\/www.navi-express.com\\\/#\\\/schema\\\/logo\\\/image\\\/\"}}]}<\/script>\n<!-- \/ Yoast SEO plugin. -->","yoast_head_json":{"title":"Garmin Drive 61 LMT-S 6 Zoll PKW Navi Europa Karten Traffic Radarwarner","description":"Original Garmin Drive 61 LMT-S mobiles PKW Navigationsger\u00e4t mit 6 Zoll Display, Europa Karten, Live-Traffic via Smartphone Verbindung und Radarwarner.","robots":{"index":"index","follow":"follow","max-snippet":"max-snippet:-1","max-image-preview":"max-image-preview:large","max-video-preview":"max-video-preview:-1"},"canonical":"https:\/\/www.navi-express.com\/en\/shop\/garmin\/mobile-navigationsgeraete\/garmin-drive-61-lmt-s-6-zoll-pkw-navi-europa-maps-live-traffic-per-smartphone-2\/","og_locale":"en_US","og_type":"article","og_title":"Garmin Drive 61 LMT-S 6 Zoll PKW Navi Europa Karten Traffic Radarwarner","og_description":"Original Garmin Drive 61 LMT-S mobiles PKW Navigationsger\u00e4t mit 6 Zoll Display, Europa Karten, Live-Traffic via Smartphone Verbindung und Radarwarner.","og_url":"https:\/\/www.navi-express.com\/en\/shop\/garmin\/mobile-navigationsgeraete\/garmin-drive-61-lmt-s-6-zoll-pkw-navi-europa-maps-live-traffic-per-smartphone-2\/","og_site_name":"Navi-Express","article_modified_time":"2026-03-05T09:09:13+00:00","og_image":[{"width":2560,"height":1920,"url":"https:\/\/www.navi-express.com\/wp-content\/uploads\/2025\/01\/IMG_20250302_095434-scaled.jpg","type":"image\/jpeg"}],"twitter_card":"summary_large_image","twitter_misc":{"Est. reading time":"2 minutes"},"schema":{"@context":"https:\/\/schema.org","@graph":[{"@type":"WebPage","@id":"https:\/\/www.navi-express.com\/shop\/garmin\/mobile-navigationsgeraete\/garmin-drive-61-lmt-s-6-zoll-pkw-navi-europa-maps-live-traffic-per-smartphone-2\/","url":"https:\/\/www.navi-express.com\/shop\/garmin\/mobile-navigationsgeraete\/garmin-drive-61-lmt-s-6-zoll-pkw-navi-europa-maps-live-traffic-per-smartphone-2\/","name":"Garmin Drive 61 LMT-S 6 Zoll PKW Navi Europa Karten Traffic Radarwarner","isPartOf":{"@id":"https:\/\/www.navi-express.com\/#website"},"primaryImageOfPage":{"@id":"https:\/\/www.navi-express.com\/shop\/garmin\/mobile-navigationsgeraete\/garmin-drive-61-lmt-s-6-zoll-pkw-navi-europa-maps-live-traffic-per-smartphone-2\/#primaryimage"},"image":{"@id":"https:\/\/www.navi-express.com\/shop\/garmin\/mobile-navigationsgeraete\/garmin-drive-61-lmt-s-6-zoll-pkw-navi-europa-maps-live-traffic-per-smartphone-2\/#primaryimage"},"thumbnailUrl":"https:\/\/www.navi-express.com\/wp-content\/uploads\/2025\/01\/IMG_20250302_095434-scaled.jpg","datePublished":"2025-01-13T09:20:30+00:00","dateModified":"2026-03-05T09:09:13+00:00","description":"Original Garmin Drive 61 LMT-S mobiles PKW Navigationsger\u00e4t mit 6 Zoll Display, Europa Karten, Live-Traffic via Smartphone Verbindung und Radarwarner.","breadcrumb":{"@id":"https:\/\/www.navi-express.com\/shop\/garmin\/mobile-navigationsgeraete\/garmin-drive-61-lmt-s-6-zoll-pkw-navi-europa-maps-live-traffic-per-smartphone-2\/#breadcrumb"},"inLanguage":"en-US","potentialAction":[{"@type":"ReadAction","target":["https:\/\/www.navi-express.com\/shop\/garmin\/mobile-navigationsgeraete\/garmin-drive-61-lmt-s-6-zoll-pkw-navi-europa-maps-live-traffic-per-smartphone-2\/"]}]},{"@type":"ImageObject","inLanguage":"en-US","@id":"https:\/\/www.navi-express.com\/shop\/garmin\/mobile-navigationsgeraete\/garmin-drive-61-lmt-s-6-zoll-pkw-navi-europa-maps-live-traffic-per-smartphone-2\/#primaryimage","url":"https:\/\/www.navi-express.com\/wp-content\/uploads\/2025\/01\/IMG_20250302_095434-scaled.jpg","contentUrl":"https:\/\/www.navi-express.com\/wp-content\/uploads\/2025\/01\/IMG_20250302_095434-scaled.jpg","width":2560,"height":1920},{"@type":"BreadcrumbList","@id":"https:\/\/www.navi-express.com\/shop\/garmin\/mobile-navigationsgeraete\/garmin-drive-61-lmt-s-6-zoll-pkw-navi-europa-maps-live-traffic-per-smartphone-2\/#breadcrumb","itemListElement":[{"@type":"ListItem","position":1,"name":"Startseite","item":"https:\/\/www.navi-express.com\/"},{"@type":"ListItem","position":2,"name":"Shop","item":"https:\/\/www.navi-express.com\/shop\/"},{"@type":"ListItem","position":3,"name":"Garmin Drive 61 LMT-S 6 Zoll PKW Navi Europa Maps &#038; Live Traffic per Smartphone"}]},{"@type":"WebSite","@id":"https:\/\/www.navi-express.com\/#website","url":"https:\/\/www.navi-express.com\/","name":"Navi-Express","description":"Ihr Experte f\u00fcr Navigation","publisher":{"@id":"https:\/\/www.navi-express.com\/#organization"},"alternateName":"NE","potentialAction":[{"@type":"SearchAction","target":{"@type":"EntryPoint","urlTemplate":"https:\/\/www.navi-express.com\/?s={search_term_string}"},"query-input":{"@type":"PropertyValueSpecification","valueRequired":true,"valueName":"search_term_string"}}],"inLanguage":"en-US"},{"@type":"Organization","@id":"https:\/\/www.navi-express.com\/#organization","name":"Navi-Express","alternateName":"NE","url":"https:\/\/www.navi-express.com\/","logo":{"@type":"ImageObject","inLanguage":"en-US","@id":"https:\/\/www.navi-express.com\/#\/schema\/logo\/image\/","url":"https:\/\/www.navi-express.com\/wp-content\/uploads\/2019\/03\/cropped-logo-transpbearb-1.png","contentUrl":"https:\/\/www.navi-express.com\/wp-content\/uploads\/2019\/03\/cropped-logo-transpbearb-1.png","width":512,"height":512,"caption":"Navi-Express"},"image":{"@id":"https:\/\/www.navi-express.com\/#\/schema\/logo\/image\/"}}]}},"_links":{"self":[{"href":"https:\/\/www.navi-express.com\/en\/wp-json\/wp\/v2\/product\/3641","targetHints":{"allow":["GET"]}}],"collection":[{"href":"https:\/\/www.navi-express.com\/en\/wp-json\/wp\/v2\/product"}],"about":[{"href":"https:\/\/www.navi-express.com\/en\/wp-json\/wp\/v2\/types\/product"}],"wp:featuredmedia":[{"embeddable":true,"href":"https:\/\/www.navi-express.com\/en\/wp-json\/wp\/v2\/media\/4354"}],"wp:attachment":[{"href":"https:\/\/www.navi-express.com\/en\/wp-json\/wp\/v2\/media?parent=3641"}],"wp:term":[{"taxonomy":"product_brand","embeddable":true,"href":"https:\/\/www.navi-express.com\/en\/wp-json\/wp\/v2\/product_brand?post=3641"},{"taxonomy":"product_cat","embeddable":true,"href":"https:\/\/www.navi-express.com\/en\/wp-json\/wp\/v2\/product_cat?post=3641"},{"taxonomy":"product_tag","embeddable":true,"href":"https:\/\/www.navi-express.com\/en\/wp-json\/wp\/v2\/product_tag?post=3641"}],"curies":[{"name":"wp","href":"https:\/\/api.w.org\/{rel}","templated":true}]}}