{"id":3718,"date":"2025-01-15T10:39:45","date_gmt":"2025-01-15T09:39:45","guid":{"rendered":"https:\/\/www.navi-express.com\/?post_type=product&#038;p=3718"},"modified":"2026-04-13T13:50:20","modified_gmt":"2026-04-13T11:50:20","slug":"anker-323-usb-c-ladegeraet-handy-tablet-autoladegeraet-2-faches-laden-525w-schwarz","status":"publish","type":"product","link":"https:\/\/www.navi-express.com\/en\/shop\/anker\/anker-323-usb-c-ladegeraet-handy-tablet-autoladegeraet-2-faches-laden-525w-schwarz\/","title":{"rendered":"Anker 323 USB C Ladeger\u00e4t Handy Tablet Autoladeger\u00e4t 2-faches Laden (52,5W, schwarz)"},"content":{"rendered":"<p>&nbsp;<\/p>\n<div><span style=\"color: #000000;\"><b><span style=\"font-size: large;\">Original\u00a0<\/span><\/b><span style=\"font-size: large;\"><b>ANKER 323 Ladeger\u00e4t f\u00fcr Handy Tablet und Co. (52,5W SCHWARZ)<\/b><\/span><\/span><\/div>\n<div><span style=\"font-size: large; color: #000000;\"><b>\u00a0<\/b><\/span><\/div>\n<div><span style=\"font-size: large; color: #000000;\"><b>KFZ Ladeger\u00e4t f\u00fcr den Zigarettenanz\u00fcnder mit 1 x USB C und 1 x USB A\u00a0<\/b><\/span><\/div>\n<div><span style=\"color: #000000;\"><b><span style=\"font-size: large;\">\u00a0<\/span><\/b><\/span><\/div>\n<div><span style=\"color: #000000;\"><b><span style=\"font-size: large;\">\u00a0<\/span><\/b><\/span><\/div>\n<div><span style=\"color: #000000;\"><b><span style=\"font-size: large;\">Schneller Versand aus Deutschland !<\/span><\/b><\/span><\/div>\n<div><span style=\"color: #000000;\"><b><span style=\"font-size: large;\">\u00a0<\/span><\/b><\/span><\/div>\n<div><span style=\"color: #000000;\"><b>\u00a0<\/b><\/span><\/div>\n<div><span style=\"color: #000000;\"><b>\u00a0<\/b><\/span><\/div>\n<div>\n<table class=\"a-normal a-spacing-micro\">\n<tbody>\n<tr class=\"a-spacing-small po-brand\">\n<td class=\"a-span3\"><span class=\"a-size-base a-text-bold\" style=\"color: #000000;\">Brand<\/span><\/td>\n<td class=\"a-span9\"><span class=\"a-size-base po-break-word\" style=\"color: #000000;\">Anker<\/span><\/td>\n<\/tr>\n<tr class=\"a-spacing-small po-connectivity_technology\">\n<td class=\"a-span3\"><span class=\"a-size-base a-text-bold\" style=\"color: #000000;\">Steckverbindertyp 1<\/span><\/td>\n<td class=\"a-span9\"><span class=\"a-size-base po-break-word\" style=\"color: #000000;\">Zigarettenanz\u00fcnder<\/span><\/td>\n<\/tr>\n<tr class=\"a-spacing-small po-connector_type\">\n<td class=\"a-span3\"><span class=\"a-size-base a-text-bold\" style=\"color: #000000;\">Steckverbindertyp 2<\/span><\/td>\n<td class=\"a-span9\"><span class=\"a-size-base po-break-word\" style=\"color: #000000;\">1 x USB Typ A und 1 x USB Typ C<\/span><\/td>\n<\/tr>\n<tr class=\"a-spacing-small po-compatible_devices\">\n<td class=\"a-span3\"><span class=\"a-size-base a-text-bold\" style=\"color: #000000;\">Kompatible Ger\u00e4te<\/span><\/td>\n<td class=\"a-span9\"><span class=\"a-size-base\" style=\"color: #000000;\"><span class=\"a-truncate po-truncate-attribute\" data-a-word-break=\"normal\" data-a-truncate-name=\"po-attribute-truncate-3\" data-a-max-rows=\"3\" data-a-overflow-marker=\"&amp;hellip;\" data-a-recalculate=\"false\" data-a-updated=\"true\"><span class=\"a-truncate-full a-offscreen\">AirPods \/ AirPods Pro \/ Apple Watch, Macbook Air, iPhone 15 \/ 15 Plus \/ 15 Pro \/ 15 Pro Max \/ iPhone 14\/ 13\/12\/12\/ 11 \/ XR \/ iPhone 8 and Earlier \/ Samsung Galaxy S Series \/ A Series \/ Google \/ Sony \/ LG, iPad mini \/ Air \/ Pro<\/span><span class=\"a-truncate-cut\" aria-hidden=\"true\">AirPods \/ AirPods Pro \/ Apple Watch , Macbook Air , iPhone 15 \/ 15 Plus \/ 15 Pro \/ 15 Pro Max \/ iPhone 14 \/ 13 \/ 12 \/ 11 \/ XR \/ iPhone 8 and Earlier \/ Samsung Galaxy S Series \/ A Series \/ Google \/ Sony \/ LG , iPad mini \/ Air \/ Pro<\/span><\/span><\/span><\/td>\n<\/tr>\n<tr class=\"a-spacing-small po-compatible_phone_models\">\n<td class=\"a-span3\"><span class=\"a-size-base a-text-bold\" style=\"color: #000000;\">Kompatible Telefonmodelle<\/span><\/td>\n<td class=\"a-span9\"><span style=\"color: #000000;\">Alle Ger\u00e4te mit USB C Anschluss und alle Ger\u00e4te mit USB A Anschluss wie Samsung , Apple , Sony , Google , LG u.a.<\/span><\/td>\n<\/tr>\n<tr class=\"a-spacing-small po-included_components\">\n<td class=\"a-span3\"><span class=\"a-size-base a-text-bold\" style=\"color: #000000;\">Enthaltene Komponenten<\/span><\/td>\n<td class=\"a-span9\"><span class=\"a-size-base po-break-word\" style=\"color: #000000;\">Anker USB Car Charger<br \/>\n52,5W &#8211;&gt; 30 W max. USB-C und 22,5 W max. USB-A<\/span><\/td>\n<\/tr>\n<tr class=\"a-spacing-small po-special_feature\">\n<td class=\"a-span3\"><span class=\"a-size-base a-text-bold\" style=\"color: #000000;\">Besonderes Merkmal<\/span><\/td>\n<td class=\"a-span9\"><span class=\"a-size-base po-break-word\" style=\"color: #000000;\">Schnellladung und zweifaches duales Laden<\/span><\/td>\n<\/tr>\n<tr class=\"a-spacing-small po-color\">\n<td class=\"a-span3\"><span class=\"a-size-base a-text-bold\" style=\"color: #000000;\">Farbe<\/span><\/td>\n<td class=\"a-span9\"><span class=\"a-size-base po-break-word\" style=\"color: #000000;\">Schwarz<\/span><\/td>\n<\/tr>\n<tr class=\"a-spacing-small po-input_voltage\">\n<td class=\"a-span3\"><span class=\"a-size-base a-text-bold\" style=\"color: #000000;\">Input<\/span><\/td>\n<td class=\"a-span9\"><span class=\"a-size-base po-break-word\" style=\"color: #000000;\">12 V ~ 5.6 A und 24 V ~ 3.6 A<\/span><\/td>\n<\/tr>\n<tr class=\"a-spacing-small po-mounting_type\">\n<td class=\"a-span3\"><span style=\"color: #000000;\"><b>Output<\/b><\/span><\/td>\n<td class=\"a-span9\"><span style=\"color: #000000;\"><span class=\"a-size-base po-break-word\">Total Ouput 52,5 W max.<br \/>\nUSB-C: 5 V ~ 3 A \/ 9 V ~ 3 A \/ 12 V ~ 2.5 A \/ 15 V ~ 2.0 A \/ 20 V ~ 1.5 A (30 W Max)<br \/>\nUSB-A:\u00a0<\/span>5 V ~ 3 A \/ 9 V ~ 2 A \/\u00a010 V ~ 2.25 A (22.5 W Max)<\/span><\/td>\n<\/tr>\n<\/tbody>\n<\/table>\n<\/div>\n<p>&nbsp;<\/p>\n<p>&nbsp;<\/p>\n<p>____________________________________________________________________________________________________________________<\/p>\n<p><strong><span style=\"color: #000000;\"><u>Hersteller \/ EU verantwortliche Person:<\/u><\/span><\/strong><\/p>\n<p><strong><span style=\"color: #000000;\">Anker Technology (UK) Ltd.<\/span><\/strong><\/p>\n<p><strong><span style=\"color: #000000;\">Gnr8 49 Clarendon Road<\/span><\/strong><\/p>\n<p><strong><span style=\"color: #000000;\">WD17 1HP Watford<\/span><\/strong><\/p>\n<p><strong><span style=\"color: #000000;\">United Kingdom<\/span><\/strong><\/p>\n<p><strong><span style=\"color: #000000;\">Tel.: +49 (0) 6995 7979 60<\/span><\/strong><\/p>\n<p><strong><span style=\"color: #000000;\">E-Mail: support@anker.com<\/span><\/strong><\/p>","protected":false},"excerpt":{"rendered":"<p>&nbsp; Original\u00a0ANKER 323 Ladeger\u00e4t f\u00fcr Handy Tablet und Co. (52,5W SCHWARZ) \u00a0 KFZ Ladeger\u00e4t f\u00fcr den Zigarettenanz\u00fcnder mit 1 x USB C und 1 x USB A\u00a0 \u00a0 \u00a0 Schneller Versand aus Deutschland ! \u00a0 \u00a0 \u00a0 Marke Anker Steckverbindertyp 1 Zigarettenanz\u00fcnder Steckverbindertyp 2 1 x USB Typ A und 1 x USB Typ C [&hellip;]<\/p>\n","protected":false},"featured_media":5441,"template":"","meta":{"ocean_post_layout":"","ocean_both_sidebars_style":"","ocean_both_sidebars_content_width":0,"ocean_both_sidebars_sidebars_width":0,"ocean_sidebar":"0","ocean_second_sidebar":"0","ocean_disable_margins":"enable","ocean_add_body_class":"","ocean_shortcode_before_top_bar":"","ocean_shortcode_after_top_bar":"","ocean_shortcode_before_header":"","ocean_shortcode_after_header":"","ocean_has_shortcode":"","ocean_shortcode_after_title":"","ocean_shortcode_before_footer_widgets":"","ocean_shortcode_after_footer_widgets":"","ocean_shortcode_before_footer_bottom":"","ocean_shortcode_after_footer_bottom":"","ocean_display_top_bar":"default","ocean_display_header":"default","ocean_header_style":"","ocean_center_header_left_menu":"0","ocean_custom_header_template":"0","ocean_custom_logo":0,"ocean_custom_retina_logo":0,"ocean_custom_logo_max_width":0,"ocean_custom_logo_tablet_max_width":0,"ocean_custom_logo_mobile_max_width":0,"ocean_custom_logo_max_height":0,"ocean_custom_logo_tablet_max_height":0,"ocean_custom_logo_mobile_max_height":0,"ocean_header_custom_menu":"0","ocean_menu_typo_font_family":"0","ocean_menu_typo_font_subset":"","ocean_menu_typo_font_size":0,"ocean_menu_typo_font_size_tablet":0,"ocean_menu_typo_font_size_mobile":0,"ocean_menu_typo_font_size_unit":"px","ocean_menu_typo_font_weight":"","ocean_menu_typo_font_weight_tablet":"","ocean_menu_typo_font_weight_mobile":"","ocean_menu_typo_transform":"","ocean_menu_typo_transform_tablet":"","ocean_menu_typo_transform_mobile":"","ocean_menu_typo_line_height":0,"ocean_menu_typo_line_height_tablet":0,"ocean_menu_typo_line_height_mobile":0,"ocean_menu_typo_line_height_unit":"","ocean_menu_typo_spacing":0,"ocean_menu_typo_spacing_tablet":0,"ocean_menu_typo_spacing_mobile":0,"ocean_menu_typo_spacing_unit":"","ocean_menu_link_color":"","ocean_menu_link_color_hover":"","ocean_menu_link_color_active":"","ocean_menu_link_background":"","ocean_menu_link_hover_background":"","ocean_menu_link_active_background":"","ocean_menu_social_links_bg":"","ocean_menu_social_hover_links_bg":"","ocean_menu_social_links_color":"","ocean_menu_social_hover_links_color":"","ocean_disable_title":"default","ocean_disable_heading":"default","ocean_post_title":"","ocean_post_subheading":"","ocean_post_title_style":"","ocean_post_title_background_color":"","ocean_post_title_background":0,"ocean_post_title_bg_image_position":"","ocean_post_title_bg_image_attachment":"","ocean_post_title_bg_image_repeat":"","ocean_post_title_bg_image_size":"","ocean_post_title_height":0,"ocean_post_title_bg_overlay":0.5,"ocean_post_title_bg_overlay_color":"","ocean_disable_breadcrumbs":"default","ocean_breadcrumbs_color":"","ocean_breadcrumbs_separator_color":"","ocean_breadcrumbs_links_color":"","ocean_breadcrumbs_links_hover_color":"","ocean_display_footer_widgets":"default","ocean_display_footer_bottom":"default","ocean_custom_footer_template":"0"},"product_brand":[],"product_cat":[1157],"product_tag":[1135,1158,1134,1136],"class_list":{"0":"post-3718","1":"product","2":"type-product","3":"status-publish","4":"has-post-thumbnail","6":"product_cat-anker","7":"product_tag-52-5w","8":"product_tag-anker","9":"product_tag-anker-323-car-charger","10":"product_tag-duales-laden","12":"entry","13":"has-media","15":"first","16":"outofstock","17":"purchasable","18":"product-type-simple","19":"col","20":"span_1_of_4","21":"owp-content-center","22":"item-entry","23":"owp-thumbs-layout-horizontal","24":"owp-btn-normal","25":"owp-tabs-layout-horizontal"},"yoast_head":"<!-- This site is optimized with the Yoast SEO plugin v27.4 - https:\/\/yoast.com\/product\/yoast-seo-wordpress\/ -->\n<title>Anker 323 USB C Ladeger\u00e4t Handy Tablet Autoladeger\u00e4t 2-faches Laden (52,5W, schwarz) - Navi-Express<\/title>\n<meta name=\"description\" content=\"Original Anker USB C Ladeger\u00e4t f\u00fcr den Zigarettenanz\u00fcnder. Ladeger\u00e4t f\u00fcr Handy Tablet Laptop. Autoladeger\u00e4t mit 2-fachem Laden.\" \/>\n<meta name=\"robots\" content=\"index, follow, max-snippet:-1, max-image-preview:large, max-video-preview:-1\" \/>\n<link rel=\"canonical\" href=\"https:\/\/www.navi-express.com\/en\/shop\/anker\/anker-323-usb-c-ladegeraet-handy-tablet-autoladegeraet-2-faches-laden-525w-schwarz\/\" \/>\n<meta property=\"og:locale\" content=\"en_US\" \/>\n<meta property=\"og:type\" content=\"article\" \/>\n<meta property=\"og:title\" content=\"Anker 323 USB C Ladeger\u00e4t Handy Tablet Autoladeger\u00e4t 2-faches Laden (52,5W, schwarz) - Navi-Express\" \/>\n<meta property=\"og:description\" content=\"Original Anker USB C Ladeger\u00e4t f\u00fcr den Zigarettenanz\u00fcnder. Ladeger\u00e4t f\u00fcr Handy Tablet Laptop. Autoladeger\u00e4t mit 2-fachem Laden.\" \/>\n<meta property=\"og:url\" content=\"https:\/\/www.navi-express.com\/en\/shop\/anker\/anker-323-usb-c-ladegeraet-handy-tablet-autoladegeraet-2-faches-laden-525w-schwarz\/\" \/>\n<meta property=\"og:site_name\" content=\"Navi-Express\" \/>\n<meta property=\"article:modified_time\" content=\"2026-04-13T11:50:20+00:00\" \/>\n<meta property=\"og:image\" content=\"https:\/\/www.navi-express.com\/wp-content\/uploads\/2025\/01\/IMG_20250918_150239-scaled.jpg\" \/>\n\t<meta property=\"og:image:width\" content=\"2560\" \/>\n\t<meta property=\"og:image:height\" content=\"1920\" \/>\n\t<meta property=\"og:image:type\" content=\"image\/jpeg\" \/>\n<meta name=\"twitter:card\" content=\"summary_large_image\" \/>\n<meta name=\"twitter:label1\" content=\"Est. reading time\" \/>\n\t<meta name=\"twitter:data1\" content=\"2 minutes\" \/>\n<script type=\"application\/ld+json\" class=\"yoast-schema-graph\">{\"@context\":\"https:\\\/\\\/schema.org\",\"@graph\":[{\"@type\":\"WebPage\",\"@id\":\"https:\\\/\\\/www.navi-express.com\\\/shop\\\/anker\\\/anker-323-usb-c-ladegeraet-handy-tablet-autoladegeraet-2-faches-laden-525w-schwarz\\\/\",\"url\":\"https:\\\/\\\/www.navi-express.com\\\/shop\\\/anker\\\/anker-323-usb-c-ladegeraet-handy-tablet-autoladegeraet-2-faches-laden-525w-schwarz\\\/\",\"name\":\"Anker 323 USB C Ladeger\u00e4t Handy Tablet Autoladeger\u00e4t 2-faches Laden (52,5W, schwarz) - Navi-Express\",\"isPartOf\":{\"@id\":\"https:\\\/\\\/www.navi-express.com\\\/#website\"},\"primaryImageOfPage\":{\"@id\":\"https:\\\/\\\/www.navi-express.com\\\/shop\\\/anker\\\/anker-323-usb-c-ladegeraet-handy-tablet-autoladegeraet-2-faches-laden-525w-schwarz\\\/#primaryimage\"},\"image\":{\"@id\":\"https:\\\/\\\/www.navi-express.com\\\/shop\\\/anker\\\/anker-323-usb-c-ladegeraet-handy-tablet-autoladegeraet-2-faches-laden-525w-schwarz\\\/#primaryimage\"},\"thumbnailUrl\":\"https:\\\/\\\/www.navi-express.com\\\/wp-content\\\/uploads\\\/2025\\\/01\\\/IMG_20250918_150239-scaled.jpg\",\"datePublished\":\"2025-01-15T09:39:45+00:00\",\"dateModified\":\"2026-04-13T11:50:20+00:00\",\"description\":\"Original Anker USB C Ladeger\u00e4t f\u00fcr den Zigarettenanz\u00fcnder. Ladeger\u00e4t f\u00fcr Handy Tablet Laptop. Autoladeger\u00e4t mit 2-fachem Laden.\",\"breadcrumb\":{\"@id\":\"https:\\\/\\\/www.navi-express.com\\\/shop\\\/anker\\\/anker-323-usb-c-ladegeraet-handy-tablet-autoladegeraet-2-faches-laden-525w-schwarz\\\/#breadcrumb\"},\"inLanguage\":\"en-US\",\"potentialAction\":[{\"@type\":\"ReadAction\",\"target\":[\"https:\\\/\\\/www.navi-express.com\\\/shop\\\/anker\\\/anker-323-usb-c-ladegeraet-handy-tablet-autoladegeraet-2-faches-laden-525w-schwarz\\\/\"]}]},{\"@type\":\"ImageObject\",\"inLanguage\":\"en-US\",\"@id\":\"https:\\\/\\\/www.navi-express.com\\\/shop\\\/anker\\\/anker-323-usb-c-ladegeraet-handy-tablet-autoladegeraet-2-faches-laden-525w-schwarz\\\/#primaryimage\",\"url\":\"https:\\\/\\\/www.navi-express.com\\\/wp-content\\\/uploads\\\/2025\\\/01\\\/IMG_20250918_150239-scaled.jpg\",\"contentUrl\":\"https:\\\/\\\/www.navi-express.com\\\/wp-content\\\/uploads\\\/2025\\\/01\\\/IMG_20250918_150239-scaled.jpg\",\"width\":2560,\"height\":1920},{\"@type\":\"BreadcrumbList\",\"@id\":\"https:\\\/\\\/www.navi-express.com\\\/shop\\\/anker\\\/anker-323-usb-c-ladegeraet-handy-tablet-autoladegeraet-2-faches-laden-525w-schwarz\\\/#breadcrumb\",\"itemListElement\":[{\"@type\":\"ListItem\",\"position\":1,\"name\":\"Startseite\",\"item\":\"https:\\\/\\\/www.navi-express.com\\\/\"},{\"@type\":\"ListItem\",\"position\":2,\"name\":\"Shop\",\"item\":\"https:\\\/\\\/www.navi-express.com\\\/shop\\\/\"},{\"@type\":\"ListItem\",\"position\":3,\"name\":\"Anker 323 USB C Ladeger\u00e4t Handy Tablet Autoladeger\u00e4t 2-faches Laden (52,5W, schwarz)\"}]},{\"@type\":\"WebSite\",\"@id\":\"https:\\\/\\\/www.navi-express.com\\\/#website\",\"url\":\"https:\\\/\\\/www.navi-express.com\\\/\",\"name\":\"Navi-Express\",\"description\":\"Ihr Experte f\u00fcr Navigation\",\"publisher\":{\"@id\":\"https:\\\/\\\/www.navi-express.com\\\/#organization\"},\"alternateName\":\"NE\",\"potentialAction\":[{\"@type\":\"SearchAction\",\"target\":{\"@type\":\"EntryPoint\",\"urlTemplate\":\"https:\\\/\\\/www.navi-express.com\\\/?s={search_term_string}\"},\"query-input\":{\"@type\":\"PropertyValueSpecification\",\"valueRequired\":true,\"valueName\":\"search_term_string\"}}],\"inLanguage\":\"en-US\"},{\"@type\":\"Organization\",\"@id\":\"https:\\\/\\\/www.navi-express.com\\\/#organization\",\"name\":\"Navi-Express\",\"alternateName\":\"NE\",\"url\":\"https:\\\/\\\/www.navi-express.com\\\/\",\"logo\":{\"@type\":\"ImageObject\",\"inLanguage\":\"en-US\",\"@id\":\"https:\\\/\\\/www.navi-express.com\\\/#\\\/schema\\\/logo\\\/image\\\/\",\"url\":\"https:\\\/\\\/www.navi-express.com\\\/wp-content\\\/uploads\\\/2019\\\/03\\\/cropped-logo-transpbearb-1.png\",\"contentUrl\":\"https:\\\/\\\/www.navi-express.com\\\/wp-content\\\/uploads\\\/2019\\\/03\\\/cropped-logo-transpbearb-1.png\",\"width\":512,\"height\":512,\"caption\":\"Navi-Express\"},\"image\":{\"@id\":\"https:\\\/\\\/www.navi-express.com\\\/#\\\/schema\\\/logo\\\/image\\\/\"}}]}<\/script>\n<!-- \/ Yoast SEO plugin. -->","yoast_head_json":{"title":"Anker 323 USB C Ladeger\u00e4t Handy Tablet Autoladeger\u00e4t 2-faches Laden (52,5W, schwarz) - Navi-Express","description":"Original Anker USB C Ladeger\u00e4t f\u00fcr den Zigarettenanz\u00fcnder. Ladeger\u00e4t f\u00fcr Handy Tablet Laptop. Autoladeger\u00e4t mit 2-fachem Laden.","robots":{"index":"index","follow":"follow","max-snippet":"max-snippet:-1","max-image-preview":"max-image-preview:large","max-video-preview":"max-video-preview:-1"},"canonical":"https:\/\/www.navi-express.com\/en\/shop\/anker\/anker-323-usb-c-ladegeraet-handy-tablet-autoladegeraet-2-faches-laden-525w-schwarz\/","og_locale":"en_US","og_type":"article","og_title":"Anker 323 USB C Ladeger\u00e4t Handy Tablet Autoladeger\u00e4t 2-faches Laden (52,5W, schwarz) - Navi-Express","og_description":"Original Anker USB C Ladeger\u00e4t f\u00fcr den Zigarettenanz\u00fcnder. Ladeger\u00e4t f\u00fcr Handy Tablet Laptop. Autoladeger\u00e4t mit 2-fachem Laden.","og_url":"https:\/\/www.navi-express.com\/en\/shop\/anker\/anker-323-usb-c-ladegeraet-handy-tablet-autoladegeraet-2-faches-laden-525w-schwarz\/","og_site_name":"Navi-Express","article_modified_time":"2026-04-13T11:50:20+00:00","og_image":[{"width":2560,"height":1920,"url":"https:\/\/www.navi-express.com\/wp-content\/uploads\/2025\/01\/IMG_20250918_150239-scaled.jpg","type":"image\/jpeg"}],"twitter_card":"summary_large_image","twitter_misc":{"Est. reading time":"2 minutes"},"schema":{"@context":"https:\/\/schema.org","@graph":[{"@type":"WebPage","@id":"https:\/\/www.navi-express.com\/shop\/anker\/anker-323-usb-c-ladegeraet-handy-tablet-autoladegeraet-2-faches-laden-525w-schwarz\/","url":"https:\/\/www.navi-express.com\/shop\/anker\/anker-323-usb-c-ladegeraet-handy-tablet-autoladegeraet-2-faches-laden-525w-schwarz\/","name":"Anker 323 USB C Ladeger\u00e4t Handy Tablet Autoladeger\u00e4t 2-faches Laden (52,5W, schwarz) - Navi-Express","isPartOf":{"@id":"https:\/\/www.navi-express.com\/#website"},"primaryImageOfPage":{"@id":"https:\/\/www.navi-express.com\/shop\/anker\/anker-323-usb-c-ladegeraet-handy-tablet-autoladegeraet-2-faches-laden-525w-schwarz\/#primaryimage"},"image":{"@id":"https:\/\/www.navi-express.com\/shop\/anker\/anker-323-usb-c-ladegeraet-handy-tablet-autoladegeraet-2-faches-laden-525w-schwarz\/#primaryimage"},"thumbnailUrl":"https:\/\/www.navi-express.com\/wp-content\/uploads\/2025\/01\/IMG_20250918_150239-scaled.jpg","datePublished":"2025-01-15T09:39:45+00:00","dateModified":"2026-04-13T11:50:20+00:00","description":"Original Anker USB C Ladeger\u00e4t f\u00fcr den Zigarettenanz\u00fcnder. Ladeger\u00e4t f\u00fcr Handy Tablet Laptop. Autoladeger\u00e4t mit 2-fachem Laden.","breadcrumb":{"@id":"https:\/\/www.navi-express.com\/shop\/anker\/anker-323-usb-c-ladegeraet-handy-tablet-autoladegeraet-2-faches-laden-525w-schwarz\/#breadcrumb"},"inLanguage":"en-US","potentialAction":[{"@type":"ReadAction","target":["https:\/\/www.navi-express.com\/shop\/anker\/anker-323-usb-c-ladegeraet-handy-tablet-autoladegeraet-2-faches-laden-525w-schwarz\/"]}]},{"@type":"ImageObject","inLanguage":"en-US","@id":"https:\/\/www.navi-express.com\/shop\/anker\/anker-323-usb-c-ladegeraet-handy-tablet-autoladegeraet-2-faches-laden-525w-schwarz\/#primaryimage","url":"https:\/\/www.navi-express.com\/wp-content\/uploads\/2025\/01\/IMG_20250918_150239-scaled.jpg","contentUrl":"https:\/\/www.navi-express.com\/wp-content\/uploads\/2025\/01\/IMG_20250918_150239-scaled.jpg","width":2560,"height":1920},{"@type":"BreadcrumbList","@id":"https:\/\/www.navi-express.com\/shop\/anker\/anker-323-usb-c-ladegeraet-handy-tablet-autoladegeraet-2-faches-laden-525w-schwarz\/#breadcrumb","itemListElement":[{"@type":"ListItem","position":1,"name":"Startseite","item":"https:\/\/www.navi-express.com\/"},{"@type":"ListItem","position":2,"name":"Shop","item":"https:\/\/www.navi-express.com\/shop\/"},{"@type":"ListItem","position":3,"name":"Anker 323 USB C Ladeger\u00e4t Handy Tablet Autoladeger\u00e4t 2-faches Laden (52,5W, schwarz)"}]},{"@type":"WebSite","@id":"https:\/\/www.navi-express.com\/#website","url":"https:\/\/www.navi-express.com\/","name":"Navi-Express","description":"Ihr Experte f\u00fcr Navigation","publisher":{"@id":"https:\/\/www.navi-express.com\/#organization"},"alternateName":"NE","potentialAction":[{"@type":"SearchAction","target":{"@type":"EntryPoint","urlTemplate":"https:\/\/www.navi-express.com\/?s={search_term_string}"},"query-input":{"@type":"PropertyValueSpecification","valueRequired":true,"valueName":"search_term_string"}}],"inLanguage":"en-US"},{"@type":"Organization","@id":"https:\/\/www.navi-express.com\/#organization","name":"Navi-Express","alternateName":"NE","url":"https:\/\/www.navi-express.com\/","logo":{"@type":"ImageObject","inLanguage":"en-US","@id":"https:\/\/www.navi-express.com\/#\/schema\/logo\/image\/","url":"https:\/\/www.navi-express.com\/wp-content\/uploads\/2019\/03\/cropped-logo-transpbearb-1.png","contentUrl":"https:\/\/www.navi-express.com\/wp-content\/uploads\/2019\/03\/cropped-logo-transpbearb-1.png","width":512,"height":512,"caption":"Navi-Express"},"image":{"@id":"https:\/\/www.navi-express.com\/#\/schema\/logo\/image\/"}}]}},"_links":{"self":[{"href":"https:\/\/www.navi-express.com\/en\/wp-json\/wp\/v2\/product\/3718","targetHints":{"allow":["GET"]}}],"collection":[{"href":"https:\/\/www.navi-express.com\/en\/wp-json\/wp\/v2\/product"}],"about":[{"href":"https:\/\/www.navi-express.com\/en\/wp-json\/wp\/v2\/types\/product"}],"wp:featuredmedia":[{"embeddable":true,"href":"https:\/\/www.navi-express.com\/en\/wp-json\/wp\/v2\/media\/5441"}],"wp:attachment":[{"href":"https:\/\/www.navi-express.com\/en\/wp-json\/wp\/v2\/media?parent=3718"}],"wp:term":[{"taxonomy":"product_brand","embeddable":true,"href":"https:\/\/www.navi-express.com\/en\/wp-json\/wp\/v2\/product_brand?post=3718"},{"taxonomy":"product_cat","embeddable":true,"href":"https:\/\/www.navi-express.com\/en\/wp-json\/wp\/v2\/product_cat?post=3718"},{"taxonomy":"product_tag","embeddable":true,"href":"https:\/\/www.navi-express.com\/en\/wp-json\/wp\/v2\/product_tag?post=3718"}],"curies":[{"name":"wp","href":"https:\/\/api.w.org\/{rel}","templated":true}]}}