{"id":3888,"date":"2025-01-21T08:34:40","date_gmt":"2025-01-21T07:34:40","guid":{"rendered":"https:\/\/www.navi-express.com\/?post_type=product&#038;p=3888"},"modified":"2026-03-05T10:37:54","modified_gmt":"2026-03-05T09:37:54","slug":"tomtom-go-camper-6-zoll-wohnmobil-camping-navi-welt-karten-tomtom-live-traffic-via-sim-karte-wlan","status":"publish","type":"product","link":"https:\/\/www.navi-express.com\/en\/shop\/tomtom\/mobile-navigationssysteme\/tomtom-go-camper-6-zoll-wohnmobil-camping-navi-welt-karten-tomtom-live-traffic-via-sim-karte-wlan\/","title":{"rendered":"TomTom GO CAMPER 6 Zoll Wohnmobil Camping Navi Welt-Karten &#038; TomTom Live Traffic via SIM Karte &#038; WLAN"},"content":{"rendered":"<p>&nbsp;<\/p>\n<div>\n<p><span style=\"font-size: large; color: #000000;\"><span style=\"font-family: Arial;\"><b>Original TomTom GO Camper f\u00fcr Ihr Wohnmobil Wohnwagen Camper mit 6 Zoll Display<\/b><\/span><\/span><\/p>\n<div><span style=\"color: #000000;\"><b>&gt;&gt; Guter Zustand (ein paar leichte Kratzer auf dem Display &#8211; nicht sichtbar im Betrieb)<\/b><\/span><\/div>\n<div><strong><span style=\"color: #000000;\">&gt;&gt; Vor Versand m\u00fcssten wir nochmal die Funktionalit\u00e4t der SIM-Karte \u00fcberpr\u00fcfen<\/span><\/strong><\/div>\n<div><span style=\"font-family: Arial; color: #000000;\"><b><br \/>\n<\/b><\/span><\/p>\n<div><\/div>\n<div>\n<div><span style=\"color: #000000;\"><u><b>inklusive Zubeh\u00f6r:<\/b><\/u><\/span><\/div>\n<div>\n<div>\n<ul>\n<li><span style=\"color: #000000;\">Saugnapf Halterung<\/span><\/li>\n<li><span style=\"color: #000000;\">Auto-Ladeger\u00e4t<\/span><\/li>\n<li><span style=\"color: #000000;\">USB-C Kabel<\/span><\/li>\n<li><span style=\"color: #000000;\">Dokumentation und OVP<\/span><\/li>\n<\/ul>\n<\/div>\n<p>&nbsp;<\/p>\n<div>\n<div><span style=\"color: #000000;\"><u><b>Eigenschaften (k\u00f6nnen Sie auch der offiziellen TomTom Webseite entnehmen):<\/b><\/u><\/span><\/div>\n<\/div>\n<div>\n<ul>\n<li><span style=\"color: #000000;\">Routen speziell f\u00fcr Wohnmobile inkl. vorinstallierter Wohnmobil-POIs von ANWB und ADAC<\/span><\/li>\n<li><span style=\"color: #000000;\">6 Zoll (ca. 15 cm) interaktives Touchscreen Display<\/span><\/li>\n<li><span style=\"color: #000000;\">Welt Karten (Europa Karten sind bereits installiert)<\/span><\/li>\n<li><span style=\"color: #000000;\">Updates \u00fcber Wi-Fi \/ WLAN<\/span><\/li>\n<li><span style=\"color: #000000;\">Integrierte Internetverbindung, so erhalten Sie Traffic Verkehrsmeldungen \u00fcber die integrierte SIM Karte<\/span><\/li>\n<li><span style=\"color: #000000;\">Erhalten Sie TomTom Dienste \u00fcber die SIM Karte f\u00fcr Verkehr und Radarkameras (Radarkameras &amp; Verkehrsmeldungen sind nicht in allen L\u00e4ndern verf\u00fcgbar)<\/span><\/li>\n<li><span style=\"color: #000000;\">Smartphone Benachrichtigungen<\/span><\/li>\n<li><span style=\"color: #000000;\">Bluetooth<\/span><\/li>\n<li><span style=\"color: #000000;\">Fahrspur- und Geschwindigkeitsassistent<\/span><\/li>\n<li><span style=\"color: #000000;\">Sprachsteuerung und Freisprechfunktion<\/span><\/li>\n<\/ul>\n<\/div>\n<p>&nbsp;<\/p>\n<p>____________________________________________________________________________________________________________________<\/p>\n<p><strong><span style=\"color: #000000;\"><u>Hersteller \/ EU verantwortliche Person:<\/u><\/span><\/strong><\/p>\n<p><strong><span style=\"color: #000000;\">TomTom N.V.<\/span><\/strong><\/p>\n<p><strong><span style=\"color: #000000;\">De Ruijterkade 154<\/span><\/strong><\/p>\n<p><strong><span style=\"color: #000000;\">1011 AC Amsterdam<\/span><\/strong><\/p>\n<p><strong><span style=\"color: #000000;\">The Netherlands<\/span><\/strong><\/p>\n<p><strong><span style=\"color: #000000;\">Tel.: +31 20-757-5000<\/span><\/strong><\/p>\n<p><strong><span style=\"color: #000000;\">E-Mail: IR@tomtom.com<\/span><\/strong><\/p>\n<\/div>\n<\/div>\n<\/div>\n<\/div>","protected":false},"excerpt":{"rendered":"<p>&nbsp; Original TomTom GO Camper f\u00fcr Ihr Wohnmobil Wohnwagen Camper mit 6 Zoll Display &gt;&gt; Guter Zustand (ein paar leichte Kratzer auf dem Display &#8211; nicht sichtbar im Betrieb) &gt;&gt; Vor Versand m\u00fcssten wir nochmal die Funktionalit\u00e4t der SIM-Karte \u00fcberpr\u00fcfen inklusive Zubeh\u00f6r: Saugnapf Halterung Auto-Ladeger\u00e4t USB-C Kabel Dokumentation und OVP &nbsp; Eigenschaften (k\u00f6nnen Sie auch [&hellip;]<\/p>\n","protected":false},"featured_media":3889,"template":"","meta":{"ocean_post_layout":"","ocean_both_sidebars_style":"","ocean_both_sidebars_content_width":0,"ocean_both_sidebars_sidebars_width":0,"ocean_sidebar":"0","ocean_second_sidebar":"0","ocean_disable_margins":"enable","ocean_add_body_class":"","ocean_shortcode_before_top_bar":"","ocean_shortcode_after_top_bar":"","ocean_shortcode_before_header":"","ocean_shortcode_after_header":"","ocean_has_shortcode":"","ocean_shortcode_after_title":"","ocean_shortcode_before_footer_widgets":"","ocean_shortcode_after_footer_widgets":"","ocean_shortcode_before_footer_bottom":"","ocean_shortcode_after_footer_bottom":"","ocean_display_top_bar":"default","ocean_display_header":"default","ocean_header_style":"","ocean_center_header_left_menu":"0","ocean_custom_header_template":"0","ocean_custom_logo":0,"ocean_custom_retina_logo":0,"ocean_custom_logo_max_width":0,"ocean_custom_logo_tablet_max_width":0,"ocean_custom_logo_mobile_max_width":0,"ocean_custom_logo_max_height":0,"ocean_custom_logo_tablet_max_height":0,"ocean_custom_logo_mobile_max_height":0,"ocean_header_custom_menu":"0","ocean_menu_typo_font_family":"0","ocean_menu_typo_font_subset":"","ocean_menu_typo_font_size":0,"ocean_menu_typo_font_size_tablet":0,"ocean_menu_typo_font_size_mobile":0,"ocean_menu_typo_font_size_unit":"px","ocean_menu_typo_font_weight":"","ocean_menu_typo_font_weight_tablet":"","ocean_menu_typo_font_weight_mobile":"","ocean_menu_typo_transform":"","ocean_menu_typo_transform_tablet":"","ocean_menu_typo_transform_mobile":"","ocean_menu_typo_line_height":0,"ocean_menu_typo_line_height_tablet":0,"ocean_menu_typo_line_height_mobile":0,"ocean_menu_typo_line_height_unit":"","ocean_menu_typo_spacing":0,"ocean_menu_typo_spacing_tablet":0,"ocean_menu_typo_spacing_mobile":0,"ocean_menu_typo_spacing_unit":"","ocean_menu_link_color":"","ocean_menu_link_color_hover":"","ocean_menu_link_color_active":"","ocean_menu_link_background":"","ocean_menu_link_hover_background":"","ocean_menu_link_active_background":"","ocean_menu_social_links_bg":"","ocean_menu_social_hover_links_bg":"","ocean_menu_social_links_color":"","ocean_menu_social_hover_links_color":"","ocean_disable_title":"default","ocean_disable_heading":"default","ocean_post_title":"","ocean_post_subheading":"","ocean_post_title_style":"","ocean_post_title_background_color":"","ocean_post_title_background":0,"ocean_post_title_bg_image_position":"","ocean_post_title_bg_image_attachment":"","ocean_post_title_bg_image_repeat":"","ocean_post_title_bg_image_size":"","ocean_post_title_height":0,"ocean_post_title_bg_overlay":0.5,"ocean_post_title_bg_overlay_color":"","ocean_disable_breadcrumbs":"default","ocean_breadcrumbs_color":"","ocean_breadcrumbs_separator_color":"","ocean_breadcrumbs_links_color":"","ocean_breadcrumbs_links_hover_color":"","ocean_display_footer_widgets":"default","ocean_display_footer_bottom":"default","ocean_custom_footer_template":"0"},"product_brand":[],"product_cat":[640],"product_tag":[1169,1170,641],"class_list":{"0":"post-3888","1":"product","2":"type-product","3":"status-publish","4":"has-post-thumbnail","6":"product_cat-mobile-navigationssysteme","7":"product_tag-go-camper-6-zoll","8":"product_tag-sim","9":"product_tag-tomtom","11":"entry","12":"has-media","14":"first","15":"instock","16":"purchasable","17":"product-type-simple","18":"col","19":"span_1_of_4","20":"owp-content-center","21":"item-entry","22":"owp-thumbs-layout-horizontal","23":"owp-btn-normal","24":"owp-tabs-layout-horizontal"},"yoast_head":"<!-- This site is optimized with the Yoast SEO plugin v27.3 - https:\/\/yoast.com\/product\/yoast-seo-wordpress\/ -->\n<title>TomTom GO CAMPER 6 Zoll Wohnmobil Camping Navi Welt-Karten &amp; TomTom Live Traffic via SIM Karte &amp; WLAN - Navi-Express<\/title>\n<meta name=\"robots\" content=\"index, follow, max-snippet:-1, max-image-preview:large, max-video-preview:-1\" \/>\n<link rel=\"canonical\" href=\"https:\/\/www.navi-express.com\/en\/shop\/tomtom\/mobile-navigationssysteme\/tomtom-go-camper-6-zoll-wohnmobil-camping-navi-welt-karten-tomtom-live-traffic-via-sim-karte-wlan\/\" \/>\n<meta property=\"og:locale\" content=\"en_US\" \/>\n<meta property=\"og:type\" content=\"article\" \/>\n<meta property=\"og:title\" content=\"TomTom GO CAMPER 6 Zoll Wohnmobil Camping Navi Welt-Karten &amp; TomTom Live Traffic via SIM Karte &amp; WLAN - Navi-Express\" \/>\n<meta property=\"og:description\" content=\"&nbsp; Original TomTom GO Camper f\u00fcr Ihr Wohnmobil Wohnwagen Camper mit 6 Zoll Display &gt;&gt; Guter Zustand (ein paar leichte Kratzer auf dem Display &#8211; nicht sichtbar im Betrieb) &gt;&gt; Vor Versand m\u00fcssten wir nochmal die Funktionalit\u00e4t der SIM-Karte \u00fcberpr\u00fcfen inklusive Zubeh\u00f6r: Saugnapf Halterung Auto-Ladeger\u00e4t USB-C Kabel Dokumentation und OVP &nbsp; Eigenschaften (k\u00f6nnen Sie auch [&hellip;]\" \/>\n<meta property=\"og:url\" content=\"https:\/\/www.navi-express.com\/en\/shop\/tomtom\/mobile-navigationssysteme\/tomtom-go-camper-6-zoll-wohnmobil-camping-navi-welt-karten-tomtom-live-traffic-via-sim-karte-wlan\/\" \/>\n<meta property=\"og:site_name\" content=\"Navi-Express\" \/>\n<meta property=\"article:modified_time\" content=\"2026-03-05T09:37:54+00:00\" \/>\n<meta property=\"og:image\" content=\"https:\/\/www.navi-express.com\/wp-content\/uploads\/2025\/01\/IMG_20250119_113259-scaled.jpg\" \/>\n\t<meta property=\"og:image:width\" content=\"2560\" \/>\n\t<meta property=\"og:image:height\" content=\"1920\" \/>\n\t<meta property=\"og:image:type\" content=\"image\/jpeg\" \/>\n<meta name=\"twitter:card\" content=\"summary_large_image\" \/>\n<meta name=\"twitter:label1\" content=\"Est. reading time\" \/>\n\t<meta name=\"twitter:data1\" content=\"2 minutes\" \/>\n<script type=\"application\/ld+json\" class=\"yoast-schema-graph\">{\"@context\":\"https:\\\/\\\/schema.org\",\"@graph\":[{\"@type\":\"WebPage\",\"@id\":\"https:\\\/\\\/www.navi-express.com\\\/shop\\\/tomtom\\\/mobile-navigationssysteme\\\/tomtom-go-camper-6-zoll-wohnmobil-camping-navi-welt-karten-tomtom-live-traffic-via-sim-karte-wlan\\\/\",\"url\":\"https:\\\/\\\/www.navi-express.com\\\/shop\\\/tomtom\\\/mobile-navigationssysteme\\\/tomtom-go-camper-6-zoll-wohnmobil-camping-navi-welt-karten-tomtom-live-traffic-via-sim-karte-wlan\\\/\",\"name\":\"TomTom GO CAMPER 6 Zoll Wohnmobil Camping Navi Welt-Karten & TomTom Live Traffic via SIM Karte & WLAN - Navi-Express\",\"isPartOf\":{\"@id\":\"https:\\\/\\\/www.navi-express.com\\\/#website\"},\"primaryImageOfPage\":{\"@id\":\"https:\\\/\\\/www.navi-express.com\\\/shop\\\/tomtom\\\/mobile-navigationssysteme\\\/tomtom-go-camper-6-zoll-wohnmobil-camping-navi-welt-karten-tomtom-live-traffic-via-sim-karte-wlan\\\/#primaryimage\"},\"image\":{\"@id\":\"https:\\\/\\\/www.navi-express.com\\\/shop\\\/tomtom\\\/mobile-navigationssysteme\\\/tomtom-go-camper-6-zoll-wohnmobil-camping-navi-welt-karten-tomtom-live-traffic-via-sim-karte-wlan\\\/#primaryimage\"},\"thumbnailUrl\":\"https:\\\/\\\/www.navi-express.com\\\/wp-content\\\/uploads\\\/2025\\\/01\\\/IMG_20250119_113259-scaled.jpg\",\"datePublished\":\"2025-01-21T07:34:40+00:00\",\"dateModified\":\"2026-03-05T09:37:54+00:00\",\"breadcrumb\":{\"@id\":\"https:\\\/\\\/www.navi-express.com\\\/shop\\\/tomtom\\\/mobile-navigationssysteme\\\/tomtom-go-camper-6-zoll-wohnmobil-camping-navi-welt-karten-tomtom-live-traffic-via-sim-karte-wlan\\\/#breadcrumb\"},\"inLanguage\":\"en-US\",\"potentialAction\":[{\"@type\":\"ReadAction\",\"target\":[\"https:\\\/\\\/www.navi-express.com\\\/shop\\\/tomtom\\\/mobile-navigationssysteme\\\/tomtom-go-camper-6-zoll-wohnmobil-camping-navi-welt-karten-tomtom-live-traffic-via-sim-karte-wlan\\\/\"]}]},{\"@type\":\"ImageObject\",\"inLanguage\":\"en-US\",\"@id\":\"https:\\\/\\\/www.navi-express.com\\\/shop\\\/tomtom\\\/mobile-navigationssysteme\\\/tomtom-go-camper-6-zoll-wohnmobil-camping-navi-welt-karten-tomtom-live-traffic-via-sim-karte-wlan\\\/#primaryimage\",\"url\":\"https:\\\/\\\/www.navi-express.com\\\/wp-content\\\/uploads\\\/2025\\\/01\\\/IMG_20250119_113259-scaled.jpg\",\"contentUrl\":\"https:\\\/\\\/www.navi-express.com\\\/wp-content\\\/uploads\\\/2025\\\/01\\\/IMG_20250119_113259-scaled.jpg\",\"width\":2560,\"height\":1920},{\"@type\":\"BreadcrumbList\",\"@id\":\"https:\\\/\\\/www.navi-express.com\\\/shop\\\/tomtom\\\/mobile-navigationssysteme\\\/tomtom-go-camper-6-zoll-wohnmobil-camping-navi-welt-karten-tomtom-live-traffic-via-sim-karte-wlan\\\/#breadcrumb\",\"itemListElement\":[{\"@type\":\"ListItem\",\"position\":1,\"name\":\"Startseite\",\"item\":\"https:\\\/\\\/www.navi-express.com\\\/\"},{\"@type\":\"ListItem\",\"position\":2,\"name\":\"Shop\",\"item\":\"https:\\\/\\\/www.navi-express.com\\\/shop\\\/\"},{\"@type\":\"ListItem\",\"position\":3,\"name\":\"TomTom GO CAMPER 6 Zoll Wohnmobil Camping Navi Welt-Karten &#038; TomTom Live Traffic via SIM Karte &#038; WLAN\"}]},{\"@type\":\"WebSite\",\"@id\":\"https:\\\/\\\/www.navi-express.com\\\/#website\",\"url\":\"https:\\\/\\\/www.navi-express.com\\\/\",\"name\":\"Navi-Express\",\"description\":\"Ihr Experte f\u00fcr Navigation\",\"publisher\":{\"@id\":\"https:\\\/\\\/www.navi-express.com\\\/#organization\"},\"alternateName\":\"NE\",\"potentialAction\":[{\"@type\":\"SearchAction\",\"target\":{\"@type\":\"EntryPoint\",\"urlTemplate\":\"https:\\\/\\\/www.navi-express.com\\\/?s={search_term_string}\"},\"query-input\":{\"@type\":\"PropertyValueSpecification\",\"valueRequired\":true,\"valueName\":\"search_term_string\"}}],\"inLanguage\":\"en-US\"},{\"@type\":\"Organization\",\"@id\":\"https:\\\/\\\/www.navi-express.com\\\/#organization\",\"name\":\"Navi-Express\",\"alternateName\":\"NE\",\"url\":\"https:\\\/\\\/www.navi-express.com\\\/\",\"logo\":{\"@type\":\"ImageObject\",\"inLanguage\":\"en-US\",\"@id\":\"https:\\\/\\\/www.navi-express.com\\\/#\\\/schema\\\/logo\\\/image\\\/\",\"url\":\"https:\\\/\\\/www.navi-express.com\\\/wp-content\\\/uploads\\\/2019\\\/03\\\/cropped-logo-transpbearb-1.png\",\"contentUrl\":\"https:\\\/\\\/www.navi-express.com\\\/wp-content\\\/uploads\\\/2019\\\/03\\\/cropped-logo-transpbearb-1.png\",\"width\":512,\"height\":512,\"caption\":\"Navi-Express\"},\"image\":{\"@id\":\"https:\\\/\\\/www.navi-express.com\\\/#\\\/schema\\\/logo\\\/image\\\/\"}}]}<\/script>\n<!-- \/ Yoast SEO plugin. -->","yoast_head_json":{"title":"TomTom GO CAMPER 6 Zoll Wohnmobil Camping Navi Welt-Karten & TomTom Live Traffic via SIM Karte & WLAN - Navi-Express","robots":{"index":"index","follow":"follow","max-snippet":"max-snippet:-1","max-image-preview":"max-image-preview:large","max-video-preview":"max-video-preview:-1"},"canonical":"https:\/\/www.navi-express.com\/en\/shop\/tomtom\/mobile-navigationssysteme\/tomtom-go-camper-6-zoll-wohnmobil-camping-navi-welt-karten-tomtom-live-traffic-via-sim-karte-wlan\/","og_locale":"en_US","og_type":"article","og_title":"TomTom GO CAMPER 6 Zoll Wohnmobil Camping Navi Welt-Karten & TomTom Live Traffic via SIM Karte & WLAN - Navi-Express","og_description":"&nbsp; Original TomTom GO Camper f\u00fcr Ihr Wohnmobil Wohnwagen Camper mit 6 Zoll Display &gt;&gt; Guter Zustand (ein paar leichte Kratzer auf dem Display &#8211; nicht sichtbar im Betrieb) &gt;&gt; Vor Versand m\u00fcssten wir nochmal die Funktionalit\u00e4t der SIM-Karte \u00fcberpr\u00fcfen inklusive Zubeh\u00f6r: Saugnapf Halterung Auto-Ladeger\u00e4t USB-C Kabel Dokumentation und OVP &nbsp; Eigenschaften (k\u00f6nnen Sie auch [&hellip;]","og_url":"https:\/\/www.navi-express.com\/en\/shop\/tomtom\/mobile-navigationssysteme\/tomtom-go-camper-6-zoll-wohnmobil-camping-navi-welt-karten-tomtom-live-traffic-via-sim-karte-wlan\/","og_site_name":"Navi-Express","article_modified_time":"2026-03-05T09:37:54+00:00","og_image":[{"width":2560,"height":1920,"url":"https:\/\/www.navi-express.com\/wp-content\/uploads\/2025\/01\/IMG_20250119_113259-scaled.jpg","type":"image\/jpeg"}],"twitter_card":"summary_large_image","twitter_misc":{"Est. reading time":"2 minutes"},"schema":{"@context":"https:\/\/schema.org","@graph":[{"@type":"WebPage","@id":"https:\/\/www.navi-express.com\/shop\/tomtom\/mobile-navigationssysteme\/tomtom-go-camper-6-zoll-wohnmobil-camping-navi-welt-karten-tomtom-live-traffic-via-sim-karte-wlan\/","url":"https:\/\/www.navi-express.com\/shop\/tomtom\/mobile-navigationssysteme\/tomtom-go-camper-6-zoll-wohnmobil-camping-navi-welt-karten-tomtom-live-traffic-via-sim-karte-wlan\/","name":"TomTom GO CAMPER 6 Zoll Wohnmobil Camping Navi Welt-Karten & TomTom Live Traffic via SIM Karte & WLAN - Navi-Express","isPartOf":{"@id":"https:\/\/www.navi-express.com\/#website"},"primaryImageOfPage":{"@id":"https:\/\/www.navi-express.com\/shop\/tomtom\/mobile-navigationssysteme\/tomtom-go-camper-6-zoll-wohnmobil-camping-navi-welt-karten-tomtom-live-traffic-via-sim-karte-wlan\/#primaryimage"},"image":{"@id":"https:\/\/www.navi-express.com\/shop\/tomtom\/mobile-navigationssysteme\/tomtom-go-camper-6-zoll-wohnmobil-camping-navi-welt-karten-tomtom-live-traffic-via-sim-karte-wlan\/#primaryimage"},"thumbnailUrl":"https:\/\/www.navi-express.com\/wp-content\/uploads\/2025\/01\/IMG_20250119_113259-scaled.jpg","datePublished":"2025-01-21T07:34:40+00:00","dateModified":"2026-03-05T09:37:54+00:00","breadcrumb":{"@id":"https:\/\/www.navi-express.com\/shop\/tomtom\/mobile-navigationssysteme\/tomtom-go-camper-6-zoll-wohnmobil-camping-navi-welt-karten-tomtom-live-traffic-via-sim-karte-wlan\/#breadcrumb"},"inLanguage":"en-US","potentialAction":[{"@type":"ReadAction","target":["https:\/\/www.navi-express.com\/shop\/tomtom\/mobile-navigationssysteme\/tomtom-go-camper-6-zoll-wohnmobil-camping-navi-welt-karten-tomtom-live-traffic-via-sim-karte-wlan\/"]}]},{"@type":"ImageObject","inLanguage":"en-US","@id":"https:\/\/www.navi-express.com\/shop\/tomtom\/mobile-navigationssysteme\/tomtom-go-camper-6-zoll-wohnmobil-camping-navi-welt-karten-tomtom-live-traffic-via-sim-karte-wlan\/#primaryimage","url":"https:\/\/www.navi-express.com\/wp-content\/uploads\/2025\/01\/IMG_20250119_113259-scaled.jpg","contentUrl":"https:\/\/www.navi-express.com\/wp-content\/uploads\/2025\/01\/IMG_20250119_113259-scaled.jpg","width":2560,"height":1920},{"@type":"BreadcrumbList","@id":"https:\/\/www.navi-express.com\/shop\/tomtom\/mobile-navigationssysteme\/tomtom-go-camper-6-zoll-wohnmobil-camping-navi-welt-karten-tomtom-live-traffic-via-sim-karte-wlan\/#breadcrumb","itemListElement":[{"@type":"ListItem","position":1,"name":"Startseite","item":"https:\/\/www.navi-express.com\/"},{"@type":"ListItem","position":2,"name":"Shop","item":"https:\/\/www.navi-express.com\/shop\/"},{"@type":"ListItem","position":3,"name":"TomTom GO CAMPER 6 Zoll Wohnmobil Camping Navi Welt-Karten &#038; TomTom Live Traffic via SIM Karte &#038; WLAN"}]},{"@type":"WebSite","@id":"https:\/\/www.navi-express.com\/#website","url":"https:\/\/www.navi-express.com\/","name":"Navi-Express","description":"Ihr Experte f\u00fcr Navigation","publisher":{"@id":"https:\/\/www.navi-express.com\/#organization"},"alternateName":"NE","potentialAction":[{"@type":"SearchAction","target":{"@type":"EntryPoint","urlTemplate":"https:\/\/www.navi-express.com\/?s={search_term_string}"},"query-input":{"@type":"PropertyValueSpecification","valueRequired":true,"valueName":"search_term_string"}}],"inLanguage":"en-US"},{"@type":"Organization","@id":"https:\/\/www.navi-express.com\/#organization","name":"Navi-Express","alternateName":"NE","url":"https:\/\/www.navi-express.com\/","logo":{"@type":"ImageObject","inLanguage":"en-US","@id":"https:\/\/www.navi-express.com\/#\/schema\/logo\/image\/","url":"https:\/\/www.navi-express.com\/wp-content\/uploads\/2019\/03\/cropped-logo-transpbearb-1.png","contentUrl":"https:\/\/www.navi-express.com\/wp-content\/uploads\/2019\/03\/cropped-logo-transpbearb-1.png","width":512,"height":512,"caption":"Navi-Express"},"image":{"@id":"https:\/\/www.navi-express.com\/#\/schema\/logo\/image\/"}}]}},"_links":{"self":[{"href":"https:\/\/www.navi-express.com\/en\/wp-json\/wp\/v2\/product\/3888","targetHints":{"allow":["GET"]}}],"collection":[{"href":"https:\/\/www.navi-express.com\/en\/wp-json\/wp\/v2\/product"}],"about":[{"href":"https:\/\/www.navi-express.com\/en\/wp-json\/wp\/v2\/types\/product"}],"wp:featuredmedia":[{"embeddable":true,"href":"https:\/\/www.navi-express.com\/en\/wp-json\/wp\/v2\/media\/3889"}],"wp:attachment":[{"href":"https:\/\/www.navi-express.com\/en\/wp-json\/wp\/v2\/media?parent=3888"}],"wp:term":[{"taxonomy":"product_brand","embeddable":true,"href":"https:\/\/www.navi-express.com\/en\/wp-json\/wp\/v2\/product_brand?post=3888"},{"taxonomy":"product_cat","embeddable":true,"href":"https:\/\/www.navi-express.com\/en\/wp-json\/wp\/v2\/product_cat?post=3888"},{"taxonomy":"product_tag","embeddable":true,"href":"https:\/\/www.navi-express.com\/en\/wp-json\/wp\/v2\/product_tag?post=3888"}],"curies":[{"name":"wp","href":"https:\/\/api.w.org\/{rel}","templated":true}]}}