{"id":4042,"date":"2025-02-03T09:42:47","date_gmt":"2025-02-03T08:42:47","guid":{"rendered":"https:\/\/www.navi-express.com\/?post_type=product&#038;p=4042"},"modified":"2025-11-22T18:26:08","modified_gmt":"2025-11-22T17:26:08","slug":"mercedes-benz-navigation-dvd-audio-50-aps-ntg-2-5-dvd2-deutschland-benelux-alpen-2010-2011","status":"publish","type":"product","link":"https:\/\/www.navi-express.com\/en\/shop\/mercedes-benz\/mercedes-benz-audio-50-dvd\/mercedes-benz-navigation-dvd-audio-50-aps-ntg-2-5-dvd2-deutschland-benelux-alpen-2010-2011\/","title":{"rendered":"Mercedes-Benz Navigation DVD AUDIO 50 APS NTG 2.5 DVD2 DEUTSCHLAND 2010\/2011"},"content":{"rendered":"<p style=\"font-weight: 400;\"><span style=\"color: #000000;\"><strong>Original Mercedes-Benz Navigation DVD mit einigen Gebrauchsspuren (funktional)<\/strong><\/span><\/p>\n<p style=\"font-weight: 400;\"><span style=\"color: #000000;\"><strong>geeignet f\u00fcr das AUDIO 50 APS NTG2.5 (siehe Bilder)<\/strong><\/span><\/p>\n<p><span style=\"color: #000000;\"><b>DVD2 mit Deutschland von 2010\/2011<\/b><\/span><\/p>\n<p style=\"font-weight: 400;\"><span style=\"color: #000000;\"><strong>Farbcode: t\u00fcrkis<\/strong><\/span><\/p>\n<p style=\"font-weight: 400;\"><span style=\"color: #000000;\"><strong><u>Teilenummer:<\/u><\/strong><\/span><\/p>\n<p><span style=\"color: #000000;\"><b>A219 827 11 59<\/b><\/span><\/p>\n<p style=\"font-weight: 400;\"><span style=\"color: #000000;\"><strong>Version 5.0<\/strong><\/span><\/p>\n<p>&nbsp;<\/p>\n<p style=\"font-weight: 400;\"><span style=\"color: #000000;\"><strong><u>Folgende L\u00e4nder auf der DVD:<\/u><\/strong><\/span><\/p>\n<p style=\"font-weight: 400;\"><span style=\"color: #000000;\"><b>Deutschland , \u00d6sterreich , Schweiz , Liechtenstein , Belgien , Niederlande , <\/b><\/span><\/p>\n<p style=\"font-weight: 400;\"><span style=\"color: #000000;\"><b>Luxemburg , Frankreich, D\u00e4nemark , Tschechien,\u00a0 Polen und Slowakei<\/b><\/span><\/p>\n<p>&nbsp;<\/p>\n<p style=\"font-weight: 400;\"><span style=\"color: #000000;\"><strong><u>Passend f\u00fcr folgende Mercedes Modelle \u00a0mit AUDIO 50 NTG 2.5 Navi:<\/u><\/strong><\/span><\/p>\n<div style=\"text-align: left;\">\n<p style=\"text-align: left;\" align=\"center\"><strong><span style=\"color: #000000;\">A-Klasse C169 W169 mit Baujahr ab 06\/2008 &#8211; 08\/2012<\/span><\/strong><\/p>\n<p style=\"text-align: left;\" align=\"center\"><strong><span style=\"color: #000000;\">B-Klasse W245 mit Baujahr ab 06\/2008 &#8211; 10\/2011<\/span><\/strong><\/p>\n<p style=\"text-align: left;\" align=\"center\"><strong><span style=\"color: #000000;\">CLC-Klasse mit Baujahr ab 09\/2008 &#8211; 12\/2011<\/span><\/strong><\/p>\n<p style=\"text-align: left;\" align=\"center\"><strong><span style=\"color: #000000;\">CLS-Klasse C219 mit Baujahr ab 03\/2008 &#8211; 01\/2011<\/span><\/strong><\/p>\n<p style=\"text-align: left;\" align=\"center\"><strong><span style=\"color: #000000;\">E-Klasse S211 W211 mit Baujahr ab 06\/2008 &#8211; 04\/2009<\/span><\/strong><\/p>\n<p style=\"text-align: left;\" align=\"center\"><strong><span style=\"color: #000000;\">GL-Klasse X164 mit Baujahr ab 06\/2008 &#8211; 11\/2012<\/span><\/strong><\/p>\n<p style=\"text-align: left;\" align=\"center\"><strong><span style=\"color: #000000;\">M-Klasse W164 mit Baujahr ab 08\/2008 &#8211; 11\/2011<\/span><\/strong><\/p>\n<p style=\"text-align: left;\" align=\"center\"><strong><span style=\"color: #000000;\">R-Klasse W251 mit Baujahr ab 06\/2008 &#8211; 08\/2010<\/span><\/strong><\/p>\n<p style=\"text-align: left;\" align=\"center\"><strong><span style=\"color: #000000;\">SLK-Klasse R171 mit Baujahr ab 03\/2008 &#8211; 03\/2011<\/span><\/strong><\/p>\n<p style=\"text-align: left;\" align=\"center\"><strong><span style=\"color: #000000;\">Sprinter C906 mit Baujahr ab 11\/2009 &#8211; ..\/&#8230;. ?<\/span><\/strong><\/p>\n<p style=\"text-align: left;\" align=\"center\"><strong><span style=\"color: #000000;\">Vito und Viano C639 mit Baujahr ab 09\/2010 &#8211; ..\/&#8230;. ?<\/span><\/strong><\/p>\n<\/div>\n<p>&nbsp;<\/p>\n<p>____________________________________________________________________________________________________________________<\/p>\n<p><strong><span style=\"color: #000000;\"><u>Hersteller \/ EU verantwortliche Person:<\/u><\/span><\/strong><\/p>\n<p><strong><span style=\"color: #000000;\">Mercedes-Benz AG<\/span><\/strong><\/p>\n<p><strong><span style=\"color: #000000;\">Mercedesstra\u00dfe 120<\/span><\/strong><\/p>\n<p><strong><span style=\"color: #000000;\">70372 Stuttgart<\/span><\/strong><\/p>\n<p><strong><span style=\"color: #000000;\">Deutschland<\/span><\/strong><\/p>\n<p><strong><span style=\"color: #000000;\">Tel.: +49 711 17-0<\/span><\/strong><\/p>\n<p><strong><span style=\"color: #000000;\">E-Mail: dialog.mb@mercedes-benz.com<\/span><\/strong><\/p>\n<p style=\"font-weight: 400;\">","protected":false},"excerpt":{"rendered":"<p>Original Mercedes-Benz Navigation DVD mit einigen Gebrauchsspuren (funktional) geeignet f\u00fcr das AUDIO 50 APS NTG2.5 (siehe Bilder) DVD2 mit Deutschland von 2010\/2011 Farbcode: t\u00fcrkis Teilenummer: A219 827 11 59 Version 5.0 &nbsp; Folgende L\u00e4nder auf der DVD: Deutschland , \u00d6sterreich , Schweiz , Liechtenstein , Belgien , Niederlande , Luxemburg , Frankreich, D\u00e4nemark , Tschechien,\u00a0 [&hellip;]<\/p>\n","protected":false},"featured_media":4043,"template":"","meta":{"ocean_post_layout":"","ocean_both_sidebars_style":"","ocean_both_sidebars_content_width":0,"ocean_both_sidebars_sidebars_width":0,"ocean_sidebar":"0","ocean_second_sidebar":"0","ocean_disable_margins":"enable","ocean_add_body_class":"","ocean_shortcode_before_top_bar":"","ocean_shortcode_after_top_bar":"","ocean_shortcode_before_header":"","ocean_shortcode_after_header":"","ocean_has_shortcode":"","ocean_shortcode_after_title":"","ocean_shortcode_before_footer_widgets":"","ocean_shortcode_after_footer_widgets":"","ocean_shortcode_before_footer_bottom":"","ocean_shortcode_after_footer_bottom":"","ocean_display_top_bar":"default","ocean_display_header":"default","ocean_header_style":"","ocean_center_header_left_menu":"0","ocean_custom_header_template":"0","ocean_custom_logo":0,"ocean_custom_retina_logo":0,"ocean_custom_logo_max_width":0,"ocean_custom_logo_tablet_max_width":0,"ocean_custom_logo_mobile_max_width":0,"ocean_custom_logo_max_height":0,"ocean_custom_logo_tablet_max_height":0,"ocean_custom_logo_mobile_max_height":0,"ocean_header_custom_menu":"0","ocean_menu_typo_font_family":"0","ocean_menu_typo_font_subset":"","ocean_menu_typo_font_size":0,"ocean_menu_typo_font_size_tablet":0,"ocean_menu_typo_font_size_mobile":0,"ocean_menu_typo_font_size_unit":"px","ocean_menu_typo_font_weight":"","ocean_menu_typo_font_weight_tablet":"","ocean_menu_typo_font_weight_mobile":"","ocean_menu_typo_transform":"","ocean_menu_typo_transform_tablet":"","ocean_menu_typo_transform_mobile":"","ocean_menu_typo_line_height":0,"ocean_menu_typo_line_height_tablet":0,"ocean_menu_typo_line_height_mobile":0,"ocean_menu_typo_line_height_unit":"","ocean_menu_typo_spacing":0,"ocean_menu_typo_spacing_tablet":0,"ocean_menu_typo_spacing_mobile":0,"ocean_menu_typo_spacing_unit":"","ocean_menu_link_color":"","ocean_menu_link_color_hover":"","ocean_menu_link_color_active":"","ocean_menu_link_background":"","ocean_menu_link_hover_background":"","ocean_menu_link_active_background":"","ocean_menu_social_links_bg":"","ocean_menu_social_hover_links_bg":"","ocean_menu_social_links_color":"","ocean_menu_social_hover_links_color":"","ocean_disable_title":"default","ocean_disable_heading":"default","ocean_post_title":"","ocean_post_subheading":"","ocean_post_title_style":"","ocean_post_title_background_color":"","ocean_post_title_background":0,"ocean_post_title_bg_image_position":"","ocean_post_title_bg_image_attachment":"","ocean_post_title_bg_image_repeat":"","ocean_post_title_bg_image_size":"","ocean_post_title_height":0,"ocean_post_title_bg_overlay":0.5,"ocean_post_title_bg_overlay_color":"","ocean_disable_breadcrumbs":"default","ocean_breadcrumbs_color":"","ocean_breadcrumbs_separator_color":"","ocean_breadcrumbs_links_color":"","ocean_breadcrumbs_links_hover_color":"","ocean_display_footer_widgets":"default","ocean_display_footer_bottom":"default","ocean_custom_footer_template":"0"},"product_brand":[],"product_cat":[191,591],"product_tag":[1207,299,136,192],"class_list":{"0":"post-4042","1":"product","2":"type-product","3":"status-publish","4":"has-post-thumbnail","6":"product_cat-mercedes-benz-audio-50-dvd","7":"product_cat-audio-50-aps-ntg2-5","8":"product_tag-a2198271159","9":"product_tag-audio-50-aps-ntg2-5","10":"product_tag-navigation-dvd","11":"product_tag-tuerkis","13":"entry","14":"has-media","16":"first","17":"instock","18":"sold-individually","19":"purchasable","20":"product-type-simple","21":"col","22":"span_1_of_4","23":"owp-content-center","24":"item-entry","25":"owp-thumbs-layout-horizontal","26":"owp-btn-normal","27":"owp-tabs-layout-horizontal"},"yoast_head":"<!-- This site is optimized with the Yoast SEO plugin v27.3 - https:\/\/yoast.com\/product\/yoast-seo-wordpress\/ -->\n<title>Mercedes NaviDVD AUDIO 50 APS NTG2.5 Deutschland 2011<\/title>\n<meta name=\"description\" content=\"Original Mercedes-Benz Navigations-DVD geeignet f\u00fcr AUDIO 50 APS NTG2.5. DVD2 Deutschland und weitere L\u00e4nder von 2010\/2011. MB Teilenummer: A2198271159\" \/>\n<meta name=\"robots\" content=\"index, follow, max-snippet:-1, max-image-preview:large, max-video-preview:-1\" \/>\n<link rel=\"canonical\" href=\"https:\/\/www.navi-express.com\/en\/shop\/mercedes-benz\/mercedes-benz-audio-50-dvd\/mercedes-benz-navigation-dvd-audio-50-aps-ntg-2-5-dvd2-deutschland-benelux-alpen-2010-2011\/\" \/>\n<meta property=\"og:locale\" content=\"en_US\" \/>\n<meta property=\"og:type\" content=\"article\" \/>\n<meta property=\"og:title\" content=\"Mercedes NaviDVD AUDIO 50 APS NTG2.5 Deutschland 2011\" \/>\n<meta property=\"og:description\" content=\"Original Mercedes-Benz Navigations-DVD geeignet f\u00fcr AUDIO 50 APS NTG2.5. DVD2 Deutschland und weitere L\u00e4nder von 2010\/2011. MB Teilenummer: A2198271159\" \/>\n<meta property=\"og:url\" content=\"https:\/\/www.navi-express.com\/en\/shop\/mercedes-benz\/mercedes-benz-audio-50-dvd\/mercedes-benz-navigation-dvd-audio-50-aps-ntg-2-5-dvd2-deutschland-benelux-alpen-2010-2011\/\" \/>\n<meta property=\"og:site_name\" content=\"Navi-Express\" \/>\n<meta property=\"article:modified_time\" content=\"2025-11-22T17:26:08+00:00\" \/>\n<meta property=\"og:image\" content=\"https:\/\/www.navi-express.com\/wp-content\/uploads\/2025\/02\/IMG_20250201_115031-scaled.jpg\" \/>\n\t<meta property=\"og:image:width\" content=\"2560\" \/>\n\t<meta property=\"og:image:height\" content=\"1920\" \/>\n\t<meta property=\"og:image:type\" content=\"image\/jpeg\" \/>\n<meta name=\"twitter:card\" content=\"summary_large_image\" \/>\n<meta name=\"twitter:label1\" content=\"Est. reading time\" \/>\n\t<meta name=\"twitter:data1\" content=\"2 minutes\" \/>\n<script type=\"application\/ld+json\" class=\"yoast-schema-graph\">{\"@context\":\"https:\\\/\\\/schema.org\",\"@graph\":[{\"@type\":\"WebPage\",\"@id\":\"https:\\\/\\\/www.navi-express.com\\\/shop\\\/mercedes-benz\\\/mercedes-benz-audio-50-dvd\\\/mercedes-benz-navigation-dvd-audio-50-aps-ntg-2-5-dvd2-deutschland-benelux-alpen-2010-2011\\\/\",\"url\":\"https:\\\/\\\/www.navi-express.com\\\/shop\\\/mercedes-benz\\\/mercedes-benz-audio-50-dvd\\\/mercedes-benz-navigation-dvd-audio-50-aps-ntg-2-5-dvd2-deutschland-benelux-alpen-2010-2011\\\/\",\"name\":\"Mercedes NaviDVD AUDIO 50 APS NTG2.5 Deutschland 2011\",\"isPartOf\":{\"@id\":\"https:\\\/\\\/www.navi-express.com\\\/#website\"},\"primaryImageOfPage\":{\"@id\":\"https:\\\/\\\/www.navi-express.com\\\/shop\\\/mercedes-benz\\\/mercedes-benz-audio-50-dvd\\\/mercedes-benz-navigation-dvd-audio-50-aps-ntg-2-5-dvd2-deutschland-benelux-alpen-2010-2011\\\/#primaryimage\"},\"image\":{\"@id\":\"https:\\\/\\\/www.navi-express.com\\\/shop\\\/mercedes-benz\\\/mercedes-benz-audio-50-dvd\\\/mercedes-benz-navigation-dvd-audio-50-aps-ntg-2-5-dvd2-deutschland-benelux-alpen-2010-2011\\\/#primaryimage\"},\"thumbnailUrl\":\"https:\\\/\\\/www.navi-express.com\\\/wp-content\\\/uploads\\\/2025\\\/02\\\/IMG_20250201_115031-scaled.jpg\",\"datePublished\":\"2025-02-03T08:42:47+00:00\",\"dateModified\":\"2025-11-22T17:26:08+00:00\",\"description\":\"Original Mercedes-Benz Navigations-DVD geeignet f\u00fcr AUDIO 50 APS NTG2.5. DVD2 Deutschland und weitere L\u00e4nder von 2010\\\/2011. MB Teilenummer: A2198271159\",\"breadcrumb\":{\"@id\":\"https:\\\/\\\/www.navi-express.com\\\/shop\\\/mercedes-benz\\\/mercedes-benz-audio-50-dvd\\\/mercedes-benz-navigation-dvd-audio-50-aps-ntg-2-5-dvd2-deutschland-benelux-alpen-2010-2011\\\/#breadcrumb\"},\"inLanguage\":\"en-US\",\"potentialAction\":[{\"@type\":\"ReadAction\",\"target\":[\"https:\\\/\\\/www.navi-express.com\\\/shop\\\/mercedes-benz\\\/mercedes-benz-audio-50-dvd\\\/mercedes-benz-navigation-dvd-audio-50-aps-ntg-2-5-dvd2-deutschland-benelux-alpen-2010-2011\\\/\"]}]},{\"@type\":\"ImageObject\",\"inLanguage\":\"en-US\",\"@id\":\"https:\\\/\\\/www.navi-express.com\\\/shop\\\/mercedes-benz\\\/mercedes-benz-audio-50-dvd\\\/mercedes-benz-navigation-dvd-audio-50-aps-ntg-2-5-dvd2-deutschland-benelux-alpen-2010-2011\\\/#primaryimage\",\"url\":\"https:\\\/\\\/www.navi-express.com\\\/wp-content\\\/uploads\\\/2025\\\/02\\\/IMG_20250201_115031-scaled.jpg\",\"contentUrl\":\"https:\\\/\\\/www.navi-express.com\\\/wp-content\\\/uploads\\\/2025\\\/02\\\/IMG_20250201_115031-scaled.jpg\",\"width\":2560,\"height\":1920},{\"@type\":\"BreadcrumbList\",\"@id\":\"https:\\\/\\\/www.navi-express.com\\\/shop\\\/mercedes-benz\\\/mercedes-benz-audio-50-dvd\\\/mercedes-benz-navigation-dvd-audio-50-aps-ntg-2-5-dvd2-deutschland-benelux-alpen-2010-2011\\\/#breadcrumb\",\"itemListElement\":[{\"@type\":\"ListItem\",\"position\":1,\"name\":\"Startseite\",\"item\":\"https:\\\/\\\/www.navi-express.com\\\/\"},{\"@type\":\"ListItem\",\"position\":2,\"name\":\"Shop\",\"item\":\"https:\\\/\\\/www.navi-express.com\\\/shop\\\/\"},{\"@type\":\"ListItem\",\"position\":3,\"name\":\"Mercedes-Benz Navigation DVD AUDIO 50 APS NTG 2.5 DVD2 DEUTSCHLAND 2010\\\/2011\"}]},{\"@type\":\"WebSite\",\"@id\":\"https:\\\/\\\/www.navi-express.com\\\/#website\",\"url\":\"https:\\\/\\\/www.navi-express.com\\\/\",\"name\":\"Navi-Express\",\"description\":\"Ihr Experte f\u00fcr Navigation\",\"publisher\":{\"@id\":\"https:\\\/\\\/www.navi-express.com\\\/#organization\"},\"alternateName\":\"NE\",\"potentialAction\":[{\"@type\":\"SearchAction\",\"target\":{\"@type\":\"EntryPoint\",\"urlTemplate\":\"https:\\\/\\\/www.navi-express.com\\\/?s={search_term_string}\"},\"query-input\":{\"@type\":\"PropertyValueSpecification\",\"valueRequired\":true,\"valueName\":\"search_term_string\"}}],\"inLanguage\":\"en-US\"},{\"@type\":\"Organization\",\"@id\":\"https:\\\/\\\/www.navi-express.com\\\/#organization\",\"name\":\"Navi-Express\",\"alternateName\":\"NE\",\"url\":\"https:\\\/\\\/www.navi-express.com\\\/\",\"logo\":{\"@type\":\"ImageObject\",\"inLanguage\":\"en-US\",\"@id\":\"https:\\\/\\\/www.navi-express.com\\\/#\\\/schema\\\/logo\\\/image\\\/\",\"url\":\"https:\\\/\\\/www.navi-express.com\\\/wp-content\\\/uploads\\\/2019\\\/03\\\/cropped-logo-transpbearb-1.png\",\"contentUrl\":\"https:\\\/\\\/www.navi-express.com\\\/wp-content\\\/uploads\\\/2019\\\/03\\\/cropped-logo-transpbearb-1.png\",\"width\":512,\"height\":512,\"caption\":\"Navi-Express\"},\"image\":{\"@id\":\"https:\\\/\\\/www.navi-express.com\\\/#\\\/schema\\\/logo\\\/image\\\/\"}}]}<\/script>\n<!-- \/ Yoast SEO plugin. -->","yoast_head_json":{"title":"Mercedes NaviDVD AUDIO 50 APS NTG2.5 Deutschland 2011","description":"Original Mercedes-Benz Navigations-DVD geeignet f\u00fcr AUDIO 50 APS NTG2.5. DVD2 Deutschland und weitere L\u00e4nder von 2010\/2011. MB Teilenummer: A2198271159","robots":{"index":"index","follow":"follow","max-snippet":"max-snippet:-1","max-image-preview":"max-image-preview:large","max-video-preview":"max-video-preview:-1"},"canonical":"https:\/\/www.navi-express.com\/en\/shop\/mercedes-benz\/mercedes-benz-audio-50-dvd\/mercedes-benz-navigation-dvd-audio-50-aps-ntg-2-5-dvd2-deutschland-benelux-alpen-2010-2011\/","og_locale":"en_US","og_type":"article","og_title":"Mercedes NaviDVD AUDIO 50 APS NTG2.5 Deutschland 2011","og_description":"Original Mercedes-Benz Navigations-DVD geeignet f\u00fcr AUDIO 50 APS NTG2.5. DVD2 Deutschland und weitere L\u00e4nder von 2010\/2011. MB Teilenummer: A2198271159","og_url":"https:\/\/www.navi-express.com\/en\/shop\/mercedes-benz\/mercedes-benz-audio-50-dvd\/mercedes-benz-navigation-dvd-audio-50-aps-ntg-2-5-dvd2-deutschland-benelux-alpen-2010-2011\/","og_site_name":"Navi-Express","article_modified_time":"2025-11-22T17:26:08+00:00","og_image":[{"width":2560,"height":1920,"url":"https:\/\/www.navi-express.com\/wp-content\/uploads\/2025\/02\/IMG_20250201_115031-scaled.jpg","type":"image\/jpeg"}],"twitter_card":"summary_large_image","twitter_misc":{"Est. reading time":"2 minutes"},"schema":{"@context":"https:\/\/schema.org","@graph":[{"@type":"WebPage","@id":"https:\/\/www.navi-express.com\/shop\/mercedes-benz\/mercedes-benz-audio-50-dvd\/mercedes-benz-navigation-dvd-audio-50-aps-ntg-2-5-dvd2-deutschland-benelux-alpen-2010-2011\/","url":"https:\/\/www.navi-express.com\/shop\/mercedes-benz\/mercedes-benz-audio-50-dvd\/mercedes-benz-navigation-dvd-audio-50-aps-ntg-2-5-dvd2-deutschland-benelux-alpen-2010-2011\/","name":"Mercedes NaviDVD AUDIO 50 APS NTG2.5 Deutschland 2011","isPartOf":{"@id":"https:\/\/www.navi-express.com\/#website"},"primaryImageOfPage":{"@id":"https:\/\/www.navi-express.com\/shop\/mercedes-benz\/mercedes-benz-audio-50-dvd\/mercedes-benz-navigation-dvd-audio-50-aps-ntg-2-5-dvd2-deutschland-benelux-alpen-2010-2011\/#primaryimage"},"image":{"@id":"https:\/\/www.navi-express.com\/shop\/mercedes-benz\/mercedes-benz-audio-50-dvd\/mercedes-benz-navigation-dvd-audio-50-aps-ntg-2-5-dvd2-deutschland-benelux-alpen-2010-2011\/#primaryimage"},"thumbnailUrl":"https:\/\/www.navi-express.com\/wp-content\/uploads\/2025\/02\/IMG_20250201_115031-scaled.jpg","datePublished":"2025-02-03T08:42:47+00:00","dateModified":"2025-11-22T17:26:08+00:00","description":"Original Mercedes-Benz Navigations-DVD geeignet f\u00fcr AUDIO 50 APS NTG2.5. DVD2 Deutschland und weitere L\u00e4nder von 2010\/2011. MB Teilenummer: A2198271159","breadcrumb":{"@id":"https:\/\/www.navi-express.com\/shop\/mercedes-benz\/mercedes-benz-audio-50-dvd\/mercedes-benz-navigation-dvd-audio-50-aps-ntg-2-5-dvd2-deutschland-benelux-alpen-2010-2011\/#breadcrumb"},"inLanguage":"en-US","potentialAction":[{"@type":"ReadAction","target":["https:\/\/www.navi-express.com\/shop\/mercedes-benz\/mercedes-benz-audio-50-dvd\/mercedes-benz-navigation-dvd-audio-50-aps-ntg-2-5-dvd2-deutschland-benelux-alpen-2010-2011\/"]}]},{"@type":"ImageObject","inLanguage":"en-US","@id":"https:\/\/www.navi-express.com\/shop\/mercedes-benz\/mercedes-benz-audio-50-dvd\/mercedes-benz-navigation-dvd-audio-50-aps-ntg-2-5-dvd2-deutschland-benelux-alpen-2010-2011\/#primaryimage","url":"https:\/\/www.navi-express.com\/wp-content\/uploads\/2025\/02\/IMG_20250201_115031-scaled.jpg","contentUrl":"https:\/\/www.navi-express.com\/wp-content\/uploads\/2025\/02\/IMG_20250201_115031-scaled.jpg","width":2560,"height":1920},{"@type":"BreadcrumbList","@id":"https:\/\/www.navi-express.com\/shop\/mercedes-benz\/mercedes-benz-audio-50-dvd\/mercedes-benz-navigation-dvd-audio-50-aps-ntg-2-5-dvd2-deutschland-benelux-alpen-2010-2011\/#breadcrumb","itemListElement":[{"@type":"ListItem","position":1,"name":"Startseite","item":"https:\/\/www.navi-express.com\/"},{"@type":"ListItem","position":2,"name":"Shop","item":"https:\/\/www.navi-express.com\/shop\/"},{"@type":"ListItem","position":3,"name":"Mercedes-Benz Navigation DVD AUDIO 50 APS NTG 2.5 DVD2 DEUTSCHLAND 2010\/2011"}]},{"@type":"WebSite","@id":"https:\/\/www.navi-express.com\/#website","url":"https:\/\/www.navi-express.com\/","name":"Navi-Express","description":"Ihr Experte f\u00fcr Navigation","publisher":{"@id":"https:\/\/www.navi-express.com\/#organization"},"alternateName":"NE","potentialAction":[{"@type":"SearchAction","target":{"@type":"EntryPoint","urlTemplate":"https:\/\/www.navi-express.com\/?s={search_term_string}"},"query-input":{"@type":"PropertyValueSpecification","valueRequired":true,"valueName":"search_term_string"}}],"inLanguage":"en-US"},{"@type":"Organization","@id":"https:\/\/www.navi-express.com\/#organization","name":"Navi-Express","alternateName":"NE","url":"https:\/\/www.navi-express.com\/","logo":{"@type":"ImageObject","inLanguage":"en-US","@id":"https:\/\/www.navi-express.com\/#\/schema\/logo\/image\/","url":"https:\/\/www.navi-express.com\/wp-content\/uploads\/2019\/03\/cropped-logo-transpbearb-1.png","contentUrl":"https:\/\/www.navi-express.com\/wp-content\/uploads\/2019\/03\/cropped-logo-transpbearb-1.png","width":512,"height":512,"caption":"Navi-Express"},"image":{"@id":"https:\/\/www.navi-express.com\/#\/schema\/logo\/image\/"}}]}},"_links":{"self":[{"href":"https:\/\/www.navi-express.com\/en\/wp-json\/wp\/v2\/product\/4042","targetHints":{"allow":["GET"]}}],"collection":[{"href":"https:\/\/www.navi-express.com\/en\/wp-json\/wp\/v2\/product"}],"about":[{"href":"https:\/\/www.navi-express.com\/en\/wp-json\/wp\/v2\/types\/product"}],"wp:featuredmedia":[{"embeddable":true,"href":"https:\/\/www.navi-express.com\/en\/wp-json\/wp\/v2\/media\/4043"}],"wp:attachment":[{"href":"https:\/\/www.navi-express.com\/en\/wp-json\/wp\/v2\/media?parent=4042"}],"wp:term":[{"taxonomy":"product_brand","embeddable":true,"href":"https:\/\/www.navi-express.com\/en\/wp-json\/wp\/v2\/product_brand?post=4042"},{"taxonomy":"product_cat","embeddable":true,"href":"https:\/\/www.navi-express.com\/en\/wp-json\/wp\/v2\/product_cat?post=4042"},{"taxonomy":"product_tag","embeddable":true,"href":"https:\/\/www.navi-express.com\/en\/wp-json\/wp\/v2\/product_tag?post=4042"}],"curies":[{"name":"wp","href":"https:\/\/api.w.org\/{rel}","templated":true}]}}