{"id":4068,"date":"2025-02-06T07:29:48","date_gmt":"2025-02-06T06:29:48","guid":{"rendered":"https:\/\/www.navi-express.com\/?post_type=product&#038;p=4068"},"modified":"2026-03-05T10:05:52","modified_gmt":"2026-03-05T09:05:52","slug":"garmin-dezl-780-lmt-d-7-zoll-gps-lkw-truck-navigation-europa-karten-traffic-wlan","status":"publish","type":"product","link":"https:\/\/www.navi-express.com\/en\/shop\/garmin\/mobile-navigationsgeraete\/garmin-dezl-780-lmt-d-7-zoll-gps-lkw-truck-navigation-europa-karten-traffic-wlan\/","title":{"rendered":"Garmin DEZL 780 LMT-D 7 Zoll GPS LKW TRUCK Navigation Europa Karten &#038; Traffic &#038; WLAN"},"content":{"rendered":"<p>&nbsp;<\/p>\n<div>\n<p><span style=\"font-size: large;\"><span style=\"font-family: Arial;\"><b>Original Garmin DEZL 780 LMT-D Navigationsger\u00e4t Europa 7 Zoll Truck LKW Bus<\/b><\/span><\/span><\/p>\n<div><span style=\"font-family: Arial;\"><b>LMT-D = Lifetime Maps Europa + Digital Traffic<\/b><\/span><\/div>\n<div><span style=\"font-family: Arial;\"><b><br \/>\n<\/b><\/span><\/p>\n<div><span style=\"font-family: Arial;\"><br \/>\n<\/span><\/p>\n<div>\n<div><u><b>inklusive Zubeh\u00f6r wie abgebildet:<\/b><\/u><\/div>\n<div>\n<div>\n<ul>\n<li>Saugnapf Halterung (hat keinen Video Eingang)<\/li>\n<li>USB-Ladekabel<\/li>\n<li>Autoladekabel \/ DAB Empf\u00e4nger GTM 70<\/li>\n<\/ul>\n<\/div>\n<div><span style=\"font-family: Arial;\">\u00a0<\/span><\/div>\n<div><u><b>Infos:<\/b><\/u><\/div>\n<div>\n<div>\n<ul>\n<li>Guter gebrauchter Zustand des Ger\u00e4ts (ein paar Gebrauchsspuren sind vorhanden)<\/li>\n<li>Keine gr\u00f6\u00dferen Kratzer auf dem Display<\/li>\n<li>Rahmen und R\u00fcckseite haben ein paar Gebrauchsspuren<\/li>\n<li>Audio Anschluss an der Seite hat eine leichte Besch\u00e4digung (Siehe Foto 5)<\/li>\n<li>Premium LKW-Navigationsger\u00e4t<\/li>\n<li>L\u00e4nderabdeckung Europa<\/li>\n<\/ul>\n<\/div>\n<div><\/div>\n<\/div>\n<p>&nbsp;<\/p>\n<div><u><b>Eigenschaften\/Daten:<\/b><\/u><\/div>\n<div>\n<ul>\n<li><span style=\"font-family: Arial;\">LKW-Navigationsger\u00e4t mit 7 Zoll (ca. 18,5 cm) gro\u00dfem Display<\/span><\/li>\n<li class=\"a-spacing-mini\"><span class=\"a-list-item\"><span style=\"font-family: Arial;\">Spezielles LKW-Routing, abgestimmt auf Gr\u00f6\u00dfe, Ladung und das Gewicht des LKWs, sowie Warnungen vor den n\u00e4chsten Br\u00fcckenh\u00f6hen, scharfen Kurven, starken Steigungen &amp; Gef\u00e4llen (oft nur f\u00fcr die meisten Hauptverkehrsstra\u00dfen und Autobahnen verf\u00fcgbar)<\/span><\/span><\/li>\n<li class=\"a-spacing-mini\">Kostenlose Live-Verkehrsinformationen \u00fcber digitalen Verkehrsfunk (DAB) oder Smartphone Link sowie Echtzeitdienste \u00fcber die kostenlose Smartphone Link App.<\/li>\n<\/ul>\n<ul>\n<li class=\"a-spacing-mini\"><span class=\"a-list-item\"><span style=\"font-family: Arial;\">Der Empfang von Digital Traffic (DAB) \u00fcber das KFZ- Anschlusskabel ist aktuell in Deutschland, Italien und der Schweiz verf\u00fcgbar sowie in BeNeLux bis Dez. 2025 und Norwegen bis M\u00e4rz 2025. Das Ger\u00e4t ist in allen europ\u00e4ischen L\u00e4ndern auch kompatibel mit Live Traffic via Smartphone App.<\/span><\/span><\/li>\n<\/ul>\n<ul>\n<li class=\"a-spacing-mini\">Einfache Pausenplanung dank rechtzeitiger Benachrichtigungen sowie LKW spezifische POIs mit Filterfunktion<\/li>\n<\/ul>\n<ul>\n<li class=\"a-spacing-mini\"><span style=\"color: #0f1111; font-family: Arial;\">M\u00f6glichkeit zum Bedienen des dezl 780 per Sprachsteuerung, Bluetooth-Freisprechfunktion, Smart Notifications und integriertes WLAN f\u00fcr einfache Karten- und Software-Updates ohne PC.<\/span><\/li>\n<\/ul>\n<ul>\n<li class=\"a-spacing-mini\">Funktion &#8222;Dispatch and Track&#8220; damit Dispatcher ganz einfach Nachrichten und Adressen an Ihre Fahrer senden und sogar deren Routen von Anfang bis Ende verfolgen k\u00f6nnen<\/li>\n<\/ul>\n<ul>\n<li class=\"a-spacing-mini\">Serviceverlaufsprotokoll: Hier werden das Datum und die Art durchgef\u00fchrter Servicearbeiten aufgezeichnet. Laufleistung der Reifen, Reifendruck, \u00d6lwechsel, Reifenwechsel und mehr.<\/li>\n<\/ul>\n<ul>\n<li class=\"a-spacing-mini\">Kompatibel mit der R\u00fcckfahrkamera Garmin BC 35;<\/li>\n<li class=\"a-spacing-mini\">kabelgebundene R\u00fcckfahrkamera eines Drittanbieters &#8211;&gt; f\u00fcr den Anschluss einer kabelgebundenen R\u00fcckfahrkamera ist eine separat erh\u00e4ltliche Halterung mit Video-In-Anschluss von Garmin erforderlich &#8211; Kameras im NTSC &amp; PAL Format k\u00f6nnen verwendet werden)<\/li>\n<\/ul>\n<\/div>\n<\/div>\n<\/div>\n<\/div>\n<\/div>\n<div>\n<p>&nbsp;<\/p>\n<div>\n<p>_______________________________________________________________________________________________________________________<\/p>\n<p><strong><span style=\"color: #000000;\"><u>Hersteller \/ EU verantwortliche Person:<\/u><\/span><\/strong><\/p>\n<p><strong><span style=\"color: #000000;\">Garmin Deutschland GmbH<\/span><\/strong><\/p>\n<p><strong><span style=\"color: #000000;\">Parkring 35<\/span><\/strong><\/p>\n<p><strong><span style=\"color: #000000;\">85748 Garching<\/span><\/strong><\/p>\n<p><strong><span style=\"color: #000000;\">Deutschland<\/span><\/strong><\/p>\n<p><strong><span style=\"color: #000000;\">Tel.: +49 89 541999-700<\/span><\/strong><\/p>\n<p><strong><span style=\"color: #000000;\">E-Mail: impressum@garmin.de<\/span><\/strong><\/p>\n<\/div>\n<\/div>\n<\/div>","protected":false},"excerpt":{"rendered":"<p>&nbsp; Original Garmin DEZL 780 LMT-D Navigationsger\u00e4t Europa 7 Zoll Truck LKW Bus LMT-D = Lifetime Maps Europa + Digital Traffic inklusive Zubeh\u00f6r wie abgebildet: Saugnapf Halterung (hat keinen Video Eingang) USB-Ladekabel Autoladekabel \/ DAB Empf\u00e4nger GTM 70 \u00a0 Infos: Guter gebrauchter Zustand des Ger\u00e4ts (ein paar Gebrauchsspuren sind vorhanden) Keine gr\u00f6\u00dferen Kratzer auf dem [&hellip;]<\/p>\n","protected":false},"featured_media":4069,"template":"","meta":{"ocean_post_layout":"","ocean_both_sidebars_style":"","ocean_both_sidebars_content_width":0,"ocean_both_sidebars_sidebars_width":0,"ocean_sidebar":"0","ocean_second_sidebar":"0","ocean_disable_margins":"enable","ocean_add_body_class":"","ocean_shortcode_before_top_bar":"","ocean_shortcode_after_top_bar":"","ocean_shortcode_before_header":"","ocean_shortcode_after_header":"","ocean_has_shortcode":"","ocean_shortcode_after_title":"","ocean_shortcode_before_footer_widgets":"","ocean_shortcode_after_footer_widgets":"","ocean_shortcode_before_footer_bottom":"","ocean_shortcode_after_footer_bottom":"","ocean_display_top_bar":"default","ocean_display_header":"default","ocean_header_style":"","ocean_center_header_left_menu":"0","ocean_custom_header_template":"0","ocean_custom_logo":0,"ocean_custom_retina_logo":0,"ocean_custom_logo_max_width":0,"ocean_custom_logo_tablet_max_width":0,"ocean_custom_logo_mobile_max_width":0,"ocean_custom_logo_max_height":0,"ocean_custom_logo_tablet_max_height":0,"ocean_custom_logo_mobile_max_height":0,"ocean_header_custom_menu":"0","ocean_menu_typo_font_family":"0","ocean_menu_typo_font_subset":"","ocean_menu_typo_font_size":0,"ocean_menu_typo_font_size_tablet":0,"ocean_menu_typo_font_size_mobile":0,"ocean_menu_typo_font_size_unit":"px","ocean_menu_typo_font_weight":"","ocean_menu_typo_font_weight_tablet":"","ocean_menu_typo_font_weight_mobile":"","ocean_menu_typo_transform":"","ocean_menu_typo_transform_tablet":"","ocean_menu_typo_transform_mobile":"","ocean_menu_typo_line_height":0,"ocean_menu_typo_line_height_tablet":0,"ocean_menu_typo_line_height_mobile":0,"ocean_menu_typo_line_height_unit":"","ocean_menu_typo_spacing":0,"ocean_menu_typo_spacing_tablet":0,"ocean_menu_typo_spacing_mobile":0,"ocean_menu_typo_spacing_unit":"","ocean_menu_link_color":"","ocean_menu_link_color_hover":"","ocean_menu_link_color_active":"","ocean_menu_link_background":"","ocean_menu_link_hover_background":"","ocean_menu_link_active_background":"","ocean_menu_social_links_bg":"","ocean_menu_social_hover_links_bg":"","ocean_menu_social_links_color":"","ocean_menu_social_hover_links_color":"","ocean_disable_title":"default","ocean_disable_heading":"default","ocean_post_title":"","ocean_post_subheading":"","ocean_post_title_style":"","ocean_post_title_background_color":"","ocean_post_title_background":0,"ocean_post_title_bg_image_position":"","ocean_post_title_bg_image_attachment":"","ocean_post_title_bg_image_repeat":"","ocean_post_title_bg_image_size":"","ocean_post_title_height":0,"ocean_post_title_bg_overlay":0.5,"ocean_post_title_bg_overlay_color":"","ocean_disable_breadcrumbs":"default","ocean_breadcrumbs_color":"","ocean_breadcrumbs_separator_color":"","ocean_breadcrumbs_links_color":"","ocean_breadcrumbs_links_hover_color":"","ocean_display_footer_widgets":"default","ocean_display_footer_bottom":"default","ocean_custom_footer_template":"0"},"product_brand":[],"product_cat":[661],"product_tag":[1209,1210,189],"class_list":{"0":"post-4068","1":"product","2":"type-product","3":"status-publish","4":"has-post-thumbnail","6":"product_cat-mobile-navigationsgeraete","7":"product_tag-010-01855-10","8":"product_tag-dezl-780-lmt-d","9":"product_tag-garmin","11":"entry","12":"has-media","14":"first","15":"outofstock","16":"purchasable","17":"product-type-simple","18":"col","19":"span_1_of_4","20":"owp-content-center","21":"item-entry","22":"owp-thumbs-layout-horizontal","23":"owp-btn-normal","24":"owp-tabs-layout-horizontal"},"yoast_head":"<!-- This site is optimized with the Yoast SEO plugin v27.5 - https:\/\/yoast.com\/product\/yoast-seo-wordpress\/ -->\n<title>Garmin dezl 780 LMT-D 7 Zoll Truck Bus LKW Navi<\/title>\n<meta name=\"description\" content=\"Original Garmin dezl 780 LMT-D Navigationsger\u00e4t mit 7 Zoll Display. Geeignet f\u00fcr Truck, Bus, LKW. Europa-Karten und Digitale Verkehrsmeldungen.\" \/>\n<meta name=\"robots\" content=\"index, follow, max-snippet:-1, max-image-preview:large, max-video-preview:-1\" \/>\n<link rel=\"canonical\" href=\"https:\/\/www.navi-express.com\/en\/shop\/garmin\/mobile-navigationsgeraete\/garmin-dezl-780-lmt-d-7-zoll-gps-lkw-truck-navigation-europa-karten-traffic-wlan\/\" \/>\n<meta property=\"og:locale\" content=\"en_US\" \/>\n<meta property=\"og:type\" content=\"article\" \/>\n<meta property=\"og:title\" content=\"Garmin dezl 780 LMT-D 7 Zoll Truck Bus LKW Navi\" \/>\n<meta property=\"og:description\" content=\"Original Garmin dezl 780 LMT-D Navigationsger\u00e4t mit 7 Zoll Display. Geeignet f\u00fcr Truck, Bus, LKW. Europa-Karten und Digitale Verkehrsmeldungen.\" \/>\n<meta property=\"og:url\" content=\"https:\/\/www.navi-express.com\/en\/shop\/garmin\/mobile-navigationsgeraete\/garmin-dezl-780-lmt-d-7-zoll-gps-lkw-truck-navigation-europa-karten-traffic-wlan\/\" \/>\n<meta property=\"og:site_name\" content=\"Navi-Express\" \/>\n<meta property=\"article:modified_time\" content=\"2026-03-05T09:05:52+00:00\" \/>\n<meta property=\"og:image\" content=\"https:\/\/www.navi-express.com\/wp-content\/uploads\/2025\/02\/IMG_20250125_112658-scaled.jpg\" \/>\n\t<meta property=\"og:image:width\" content=\"2560\" \/>\n\t<meta property=\"og:image:height\" content=\"1920\" \/>\n\t<meta property=\"og:image:type\" content=\"image\/jpeg\" \/>\n<meta name=\"twitter:card\" content=\"summary_large_image\" \/>\n<meta name=\"twitter:label1\" content=\"Est. reading time\" \/>\n\t<meta name=\"twitter:data1\" content=\"2 minutes\" \/>\n<script type=\"application\/ld+json\" class=\"yoast-schema-graph\">{\"@context\":\"https:\\\/\\\/schema.org\",\"@graph\":[{\"@type\":\"WebPage\",\"@id\":\"https:\\\/\\\/www.navi-express.com\\\/shop\\\/garmin\\\/mobile-navigationsgeraete\\\/garmin-dezl-780-lmt-d-7-zoll-gps-lkw-truck-navigation-europa-karten-traffic-wlan\\\/\",\"url\":\"https:\\\/\\\/www.navi-express.com\\\/shop\\\/garmin\\\/mobile-navigationsgeraete\\\/garmin-dezl-780-lmt-d-7-zoll-gps-lkw-truck-navigation-europa-karten-traffic-wlan\\\/\",\"name\":\"Garmin dezl 780 LMT-D 7 Zoll Truck Bus LKW Navi\",\"isPartOf\":{\"@id\":\"https:\\\/\\\/www.navi-express.com\\\/#website\"},\"primaryImageOfPage\":{\"@id\":\"https:\\\/\\\/www.navi-express.com\\\/shop\\\/garmin\\\/mobile-navigationsgeraete\\\/garmin-dezl-780-lmt-d-7-zoll-gps-lkw-truck-navigation-europa-karten-traffic-wlan\\\/#primaryimage\"},\"image\":{\"@id\":\"https:\\\/\\\/www.navi-express.com\\\/shop\\\/garmin\\\/mobile-navigationsgeraete\\\/garmin-dezl-780-lmt-d-7-zoll-gps-lkw-truck-navigation-europa-karten-traffic-wlan\\\/#primaryimage\"},\"thumbnailUrl\":\"https:\\\/\\\/www.navi-express.com\\\/wp-content\\\/uploads\\\/2025\\\/02\\\/IMG_20250125_112658-scaled.jpg\",\"datePublished\":\"2025-02-06T06:29:48+00:00\",\"dateModified\":\"2026-03-05T09:05:52+00:00\",\"description\":\"Original Garmin dezl 780 LMT-D Navigationsger\u00e4t mit 7 Zoll Display. Geeignet f\u00fcr Truck, Bus, LKW. Europa-Karten und Digitale Verkehrsmeldungen.\",\"breadcrumb\":{\"@id\":\"https:\\\/\\\/www.navi-express.com\\\/shop\\\/garmin\\\/mobile-navigationsgeraete\\\/garmin-dezl-780-lmt-d-7-zoll-gps-lkw-truck-navigation-europa-karten-traffic-wlan\\\/#breadcrumb\"},\"inLanguage\":\"en-US\",\"potentialAction\":[{\"@type\":\"ReadAction\",\"target\":[\"https:\\\/\\\/www.navi-express.com\\\/shop\\\/garmin\\\/mobile-navigationsgeraete\\\/garmin-dezl-780-lmt-d-7-zoll-gps-lkw-truck-navigation-europa-karten-traffic-wlan\\\/\"]}]},{\"@type\":\"ImageObject\",\"inLanguage\":\"en-US\",\"@id\":\"https:\\\/\\\/www.navi-express.com\\\/shop\\\/garmin\\\/mobile-navigationsgeraete\\\/garmin-dezl-780-lmt-d-7-zoll-gps-lkw-truck-navigation-europa-karten-traffic-wlan\\\/#primaryimage\",\"url\":\"https:\\\/\\\/www.navi-express.com\\\/wp-content\\\/uploads\\\/2025\\\/02\\\/IMG_20250125_112658-scaled.jpg\",\"contentUrl\":\"https:\\\/\\\/www.navi-express.com\\\/wp-content\\\/uploads\\\/2025\\\/02\\\/IMG_20250125_112658-scaled.jpg\",\"width\":2560,\"height\":1920},{\"@type\":\"BreadcrumbList\",\"@id\":\"https:\\\/\\\/www.navi-express.com\\\/shop\\\/garmin\\\/mobile-navigationsgeraete\\\/garmin-dezl-780-lmt-d-7-zoll-gps-lkw-truck-navigation-europa-karten-traffic-wlan\\\/#breadcrumb\",\"itemListElement\":[{\"@type\":\"ListItem\",\"position\":1,\"name\":\"Startseite\",\"item\":\"https:\\\/\\\/www.navi-express.com\\\/\"},{\"@type\":\"ListItem\",\"position\":2,\"name\":\"Shop\",\"item\":\"https:\\\/\\\/www.navi-express.com\\\/shop\\\/\"},{\"@type\":\"ListItem\",\"position\":3,\"name\":\"Garmin DEZL 780 LMT-D 7 Zoll GPS LKW TRUCK Navigation Europa Karten &#038; Traffic &#038; WLAN\"}]},{\"@type\":\"WebSite\",\"@id\":\"https:\\\/\\\/www.navi-express.com\\\/#website\",\"url\":\"https:\\\/\\\/www.navi-express.com\\\/\",\"name\":\"Navi-Express\",\"description\":\"Ihr Experte f\u00fcr Navigation\",\"publisher\":{\"@id\":\"https:\\\/\\\/www.navi-express.com\\\/#organization\"},\"alternateName\":\"NE\",\"potentialAction\":[{\"@type\":\"SearchAction\",\"target\":{\"@type\":\"EntryPoint\",\"urlTemplate\":\"https:\\\/\\\/www.navi-express.com\\\/?s={search_term_string}\"},\"query-input\":{\"@type\":\"PropertyValueSpecification\",\"valueRequired\":true,\"valueName\":\"search_term_string\"}}],\"inLanguage\":\"en-US\"},{\"@type\":\"Organization\",\"@id\":\"https:\\\/\\\/www.navi-express.com\\\/#organization\",\"name\":\"Navi-Express\",\"alternateName\":\"NE\",\"url\":\"https:\\\/\\\/www.navi-express.com\\\/\",\"logo\":{\"@type\":\"ImageObject\",\"inLanguage\":\"en-US\",\"@id\":\"https:\\\/\\\/www.navi-express.com\\\/#\\\/schema\\\/logo\\\/image\\\/\",\"url\":\"https:\\\/\\\/www.navi-express.com\\\/wp-content\\\/uploads\\\/2019\\\/03\\\/cropped-logo-transpbearb-1.png\",\"contentUrl\":\"https:\\\/\\\/www.navi-express.com\\\/wp-content\\\/uploads\\\/2019\\\/03\\\/cropped-logo-transpbearb-1.png\",\"width\":512,\"height\":512,\"caption\":\"Navi-Express\"},\"image\":{\"@id\":\"https:\\\/\\\/www.navi-express.com\\\/#\\\/schema\\\/logo\\\/image\\\/\"}}]}<\/script>\n<!-- \/ Yoast SEO plugin. -->","yoast_head_json":{"title":"Garmin dezl 780 LMT-D 7 Zoll Truck Bus LKW Navi","description":"Original Garmin dezl 780 LMT-D Navigationsger\u00e4t mit 7 Zoll Display. Geeignet f\u00fcr Truck, Bus, LKW. Europa-Karten und Digitale Verkehrsmeldungen.","robots":{"index":"index","follow":"follow","max-snippet":"max-snippet:-1","max-image-preview":"max-image-preview:large","max-video-preview":"max-video-preview:-1"},"canonical":"https:\/\/www.navi-express.com\/en\/shop\/garmin\/mobile-navigationsgeraete\/garmin-dezl-780-lmt-d-7-zoll-gps-lkw-truck-navigation-europa-karten-traffic-wlan\/","og_locale":"en_US","og_type":"article","og_title":"Garmin dezl 780 LMT-D 7 Zoll Truck Bus LKW Navi","og_description":"Original Garmin dezl 780 LMT-D Navigationsger\u00e4t mit 7 Zoll Display. Geeignet f\u00fcr Truck, Bus, LKW. Europa-Karten und Digitale Verkehrsmeldungen.","og_url":"https:\/\/www.navi-express.com\/en\/shop\/garmin\/mobile-navigationsgeraete\/garmin-dezl-780-lmt-d-7-zoll-gps-lkw-truck-navigation-europa-karten-traffic-wlan\/","og_site_name":"Navi-Express","article_modified_time":"2026-03-05T09:05:52+00:00","og_image":[{"width":2560,"height":1920,"url":"https:\/\/www.navi-express.com\/wp-content\/uploads\/2025\/02\/IMG_20250125_112658-scaled.jpg","type":"image\/jpeg"}],"twitter_card":"summary_large_image","twitter_misc":{"Est. reading time":"2 minutes"},"schema":{"@context":"https:\/\/schema.org","@graph":[{"@type":"WebPage","@id":"https:\/\/www.navi-express.com\/shop\/garmin\/mobile-navigationsgeraete\/garmin-dezl-780-lmt-d-7-zoll-gps-lkw-truck-navigation-europa-karten-traffic-wlan\/","url":"https:\/\/www.navi-express.com\/shop\/garmin\/mobile-navigationsgeraete\/garmin-dezl-780-lmt-d-7-zoll-gps-lkw-truck-navigation-europa-karten-traffic-wlan\/","name":"Garmin dezl 780 LMT-D 7 Zoll Truck Bus LKW Navi","isPartOf":{"@id":"https:\/\/www.navi-express.com\/#website"},"primaryImageOfPage":{"@id":"https:\/\/www.navi-express.com\/shop\/garmin\/mobile-navigationsgeraete\/garmin-dezl-780-lmt-d-7-zoll-gps-lkw-truck-navigation-europa-karten-traffic-wlan\/#primaryimage"},"image":{"@id":"https:\/\/www.navi-express.com\/shop\/garmin\/mobile-navigationsgeraete\/garmin-dezl-780-lmt-d-7-zoll-gps-lkw-truck-navigation-europa-karten-traffic-wlan\/#primaryimage"},"thumbnailUrl":"https:\/\/www.navi-express.com\/wp-content\/uploads\/2025\/02\/IMG_20250125_112658-scaled.jpg","datePublished":"2025-02-06T06:29:48+00:00","dateModified":"2026-03-05T09:05:52+00:00","description":"Original Garmin dezl 780 LMT-D Navigationsger\u00e4t mit 7 Zoll Display. Geeignet f\u00fcr Truck, Bus, LKW. Europa-Karten und Digitale Verkehrsmeldungen.","breadcrumb":{"@id":"https:\/\/www.navi-express.com\/shop\/garmin\/mobile-navigationsgeraete\/garmin-dezl-780-lmt-d-7-zoll-gps-lkw-truck-navigation-europa-karten-traffic-wlan\/#breadcrumb"},"inLanguage":"en-US","potentialAction":[{"@type":"ReadAction","target":["https:\/\/www.navi-express.com\/shop\/garmin\/mobile-navigationsgeraete\/garmin-dezl-780-lmt-d-7-zoll-gps-lkw-truck-navigation-europa-karten-traffic-wlan\/"]}]},{"@type":"ImageObject","inLanguage":"en-US","@id":"https:\/\/www.navi-express.com\/shop\/garmin\/mobile-navigationsgeraete\/garmin-dezl-780-lmt-d-7-zoll-gps-lkw-truck-navigation-europa-karten-traffic-wlan\/#primaryimage","url":"https:\/\/www.navi-express.com\/wp-content\/uploads\/2025\/02\/IMG_20250125_112658-scaled.jpg","contentUrl":"https:\/\/www.navi-express.com\/wp-content\/uploads\/2025\/02\/IMG_20250125_112658-scaled.jpg","width":2560,"height":1920},{"@type":"BreadcrumbList","@id":"https:\/\/www.navi-express.com\/shop\/garmin\/mobile-navigationsgeraete\/garmin-dezl-780-lmt-d-7-zoll-gps-lkw-truck-navigation-europa-karten-traffic-wlan\/#breadcrumb","itemListElement":[{"@type":"ListItem","position":1,"name":"Startseite","item":"https:\/\/www.navi-express.com\/"},{"@type":"ListItem","position":2,"name":"Shop","item":"https:\/\/www.navi-express.com\/shop\/"},{"@type":"ListItem","position":3,"name":"Garmin DEZL 780 LMT-D 7 Zoll GPS LKW TRUCK Navigation Europa Karten &#038; Traffic &#038; WLAN"}]},{"@type":"WebSite","@id":"https:\/\/www.navi-express.com\/#website","url":"https:\/\/www.navi-express.com\/","name":"Navi-Express","description":"Ihr Experte f\u00fcr Navigation","publisher":{"@id":"https:\/\/www.navi-express.com\/#organization"},"alternateName":"NE","potentialAction":[{"@type":"SearchAction","target":{"@type":"EntryPoint","urlTemplate":"https:\/\/www.navi-express.com\/?s={search_term_string}"},"query-input":{"@type":"PropertyValueSpecification","valueRequired":true,"valueName":"search_term_string"}}],"inLanguage":"en-US"},{"@type":"Organization","@id":"https:\/\/www.navi-express.com\/#organization","name":"Navi-Express","alternateName":"NE","url":"https:\/\/www.navi-express.com\/","logo":{"@type":"ImageObject","inLanguage":"en-US","@id":"https:\/\/www.navi-express.com\/#\/schema\/logo\/image\/","url":"https:\/\/www.navi-express.com\/wp-content\/uploads\/2019\/03\/cropped-logo-transpbearb-1.png","contentUrl":"https:\/\/www.navi-express.com\/wp-content\/uploads\/2019\/03\/cropped-logo-transpbearb-1.png","width":512,"height":512,"caption":"Navi-Express"},"image":{"@id":"https:\/\/www.navi-express.com\/#\/schema\/logo\/image\/"}}]}},"_links":{"self":[{"href":"https:\/\/www.navi-express.com\/en\/wp-json\/wp\/v2\/product\/4068","targetHints":{"allow":["GET"]}}],"collection":[{"href":"https:\/\/www.navi-express.com\/en\/wp-json\/wp\/v2\/product"}],"about":[{"href":"https:\/\/www.navi-express.com\/en\/wp-json\/wp\/v2\/types\/product"}],"wp:featuredmedia":[{"embeddable":true,"href":"https:\/\/www.navi-express.com\/en\/wp-json\/wp\/v2\/media\/4069"}],"wp:attachment":[{"href":"https:\/\/www.navi-express.com\/en\/wp-json\/wp\/v2\/media?parent=4068"}],"wp:term":[{"taxonomy":"product_brand","embeddable":true,"href":"https:\/\/www.navi-express.com\/en\/wp-json\/wp\/v2\/product_brand?post=4068"},{"taxonomy":"product_cat","embeddable":true,"href":"https:\/\/www.navi-express.com\/en\/wp-json\/wp\/v2\/product_cat?post=4068"},{"taxonomy":"product_tag","embeddable":true,"href":"https:\/\/www.navi-express.com\/en\/wp-json\/wp\/v2\/product_tag?post=4068"}],"curies":[{"name":"wp","href":"https:\/\/api.w.org\/{rel}","templated":true}]}}