{"id":4082,"date":"2025-02-06T08:13:01","date_gmt":"2025-02-06T07:13:01","guid":{"rendered":"https:\/\/www.navi-express.com\/?post_type=product&#038;p=4082"},"modified":"2026-04-07T08:15:15","modified_gmt":"2026-04-07T06:15:15","slug":"garmin-drivesmart-61-lmt-s-7-zoll-pkw-navi-europa-lifetime-maps-traffic-via-smartphone-wlan","status":"publish","type":"product","link":"https:\/\/www.navi-express.com\/en\/shop\/garmin\/mobile-navigationsgeraete\/garmin-drivesmart-61-lmt-s-7-zoll-pkw-navi-europa-lifetime-maps-traffic-via-smartphone-wlan\/","title":{"rendered":"Garmin DriveSmart 61 LMT-S 7 Zoll PKW Navi Europa Lifetime Maps &#038; Traffic via Smartphone &#038; WLAN"},"content":{"rendered":"<p>&nbsp;<\/p>\n<div>\n<p><span style=\"font-family: Arial; font-size: large; color: #000000;\"><b>Original Garmin Drivesmart 61 LMT-S PKW Navigationsger\u00e4t mit 6,95 Zoll Display<\/b><\/span><\/p>\n<div><span style=\"font-family: Arial; font-size: large; color: #000000;\"><b>in sehr gutem Zustand + neuer Akku<\/b><\/span><\/div>\n<div><span style=\"font-family: Arial; font-size: large; color: #000000;\"><b>\u00a0<\/b><\/span><\/div>\n<div><span style=\"font-family: Arial; font-size: large; color: #000000;\"><b>LMT-S = &#8222;Lifetime Maps&#8220; + Verkehrsinformationen \u00fcber Smartphone-Verbindung<\/b><\/span><\/div>\n<div><span style=\"font-family: Arial; font-size: large; color: #000000;\"><b><br \/>\n<\/b><\/span><\/p>\n<div><span style=\"font-family: Arial; color: #000000;\"><br \/>\n<\/span><\/p>\n<div>\n<div><span style=\"color: #000000;\"><u><b>inklusive Zubeh\u00f6r:<\/b><\/u><\/span><\/div>\n<div>\n<ul>\n<li><span style=\"color: #000000;\">Autoladekabel<\/span><\/li>\n<li><span style=\"color: #000000;\">Gro\u00dfe Saugnapf Autohalterung<\/span><\/li>\n<li><span style=\"color: #000000;\">USB-Ladekabel<\/span><\/li>\n<\/ul>\n<\/div>\n<div><\/div>\n<p>&nbsp;<\/p>\n<div><span style=\"color: #000000;\"><u><b>Infos und Zustand:<\/b><\/u><\/span><\/div>\n<div>\n<ul>\n<li><span style=\"color: #000000;\">Sehr guter Zustand mit minimalen Gebrauchsspuren<\/span><\/li>\n<li><span style=\"color: #000000;\">Neuer Akku wurde eingebaut<\/span><\/li>\n<li><span style=\"color: #000000;\">Europa-Karten sind bereits installiert<\/span><\/li>\n<li><span style=\"color: #000000;\">Vor Versand wird das Ger\u00e4t auf die Werkseinstellungen zur\u00fcck gesetzt<\/span><\/li>\n<li><span style=\"color: #000000;\">Machen Sie Ihre pers\u00f6nlichen Einstellungen und schon sind Sie navigationsbereit!<\/span><\/li>\n<\/ul>\n<\/div>\n<div><\/div>\n<p>&nbsp;<\/p>\n<div>\n<div><span style=\"color: #000000;\"><u><strong>Eigenschaften:<\/strong><\/u><\/span><\/div>\n<div>\n<ul>\n<li><span style=\"font-size: large; color: #000000;\">Display mit 6,95 Zoll (ca. 18 cm) Diagonale<\/span><\/li>\n<\/ul>\n<ul>\n<li><span style=\"font-size: large; color: #000000;\">Kostenlose Software- und Kartenupdates f\u00fcr Europa<\/span><\/li>\n<\/ul>\n<ul>\n<li><span style=\"font-size: large; color: #000000;\">Software- und Kartenupdates via Wi-Fi \/ WLAN oder Garmin Express am PC \/ Laptop<\/span><\/li>\n<\/ul>\n<ul>\n<li><span style=\"font-size: large; color: #000000;\">Verkehrsmeldungen via Smartphone; dieses muss via Bluetooth mit dem Ger\u00e4t gekoppelt werden (mobiler Datenzugang erforderlich) &#8211;&gt; KEIN TMC oder DAB<\/span><\/li>\n<\/ul>\n<ul>\n<li><span style=\"font-size: large; color: #000000;\">Lebenslange Radar-Info-Updates (nur \u00fcber Garmin PC-Programm updatebar; Radarwarner nicht in allen L\u00e4ndern verf\u00fcgbar\/erlaubt und eine Kopplung mit Ihrem Smartphone muss vorhanden sein<\/span><\/li>\n<\/ul>\n<ul>\n<li><span style=\"font-size: large; color: #000000;\">nur kompatibel mit der geeigneten Garmin R\u00fcckfahrkamera BC 30 oder BC 40 (nicht enthalten)<\/span><\/li>\n<\/ul>\n<ul>\n<li><span style=\"color: #000000;\"><span style=\"font-family: arial, helvetica, sans-serif; font-size: large;\">Anrufe \u00fcber Bluetooth (3), Smart Notifications (1)<\/span><span style=\"font-family: Superscripts-InsideSup-Roboto, Roboto, Noto Sans TC, Noto Sans SC, Noto Sans JP, Noto Sans KR, Prompt, sans-serif; font-size: xx-small;\">\u00a0<\/span><span style=\"font-family: arial, helvetica, sans-serif; font-size: large;\">und Sprachsteuerung (4)<\/span><\/span><\/li>\n<li><span style=\"color: #000000;\"><span style=\"font-size: large;\">Echtzeitdienste (1)\u00a0f\u00fcr Verkehrsinfos, Parkplatzsuche<\/span><span style=\"font-family: Superscripts-InsideSup-Roboto, Roboto, Noto Sans TC, Noto Sans SC, Noto Sans JP, Noto Sans KR, Prompt, sans-serif;\">\u00a0(2)\u00a0<\/span><span style=\"font-size: large;\">und Wetter<\/span><\/span><\/li>\n<\/ul>\n<div><\/div>\n<div><span style=\"color: #000000;\">(1) F\u00fcr den Zugriff auf Echtzeitdienste m\u00fcssen Sie die kostenlose\u00a0<a style=\"color: #000000;\" href=\"https:\/\/buy.garmin.com\/de-DE\/DE\/prod111441.html\">Smartphone Link<\/a>\u00a0App herunterladen. Es fallen gegebenenfalls Geb\u00fchren im Rahmen Ihres mobilen Datentarifs an. Weitere Informationen zu Daten- und Roaming-Tarifen erhalten Sie bei Ihrem Mobilfunkanbieter. Bluetooth-f\u00e4higes Smartphone erforderlich.<\/span><\/div>\n<div><span style=\"color: #000000;\">(2) Parkplatzdaten sind f\u00fcr die meisten Innenst\u00e4dte verf\u00fcgbar. Informationen zur Abdeckung im Internet bei:\u00a0<a style=\"color: #000000;\" href=\"http:\/\/parkopedia.com\/\">parkopedia<\/a><\/span><\/div>\n<div><span style=\"color: #000000;\">(3) Bluetooth-f\u00e4higes Smartphone erforderlich.<\/span><\/div>\n<div><span style=\"color: #000000;\">(4) Alle Sprachbefehlfunktionen sind auf Modellen mit Karten f\u00fcr ganz Europa verf\u00fcgbar. Grundlegende vordefinierte Sprachbefehle sind auf Modellen mit regionalen Karten verf\u00fcgbar.<\/span><\/div>\n<\/div>\n<\/div>\n<\/div>\n<\/div>\n<\/div>\n<div>\n<div>\n<p>&nbsp;<\/p>\n<div>\n<p>_______________________________________________________________________________________________________________________<\/p>\n<p><strong><span style=\"color: #000000;\"><u>Hersteller \/ EU verantwortliche Person:<\/u><\/span><\/strong><\/p>\n<p><strong><span style=\"color: #000000;\">Garmin Deutschland GmbH<\/span><\/strong><\/p>\n<p><strong><span style=\"color: #000000;\">Parkring 35<\/span><\/strong><\/p>\n<p><strong><span style=\"color: #000000;\">85748 Garching<\/span><\/strong><\/p>\n<p><strong><span style=\"color: #000000;\">Deutschland<\/span><\/strong><\/p>\n<p><strong><span style=\"color: #000000;\">Tel.: +49 89 541999-700<\/span><\/strong><\/p>\n<p><strong><span style=\"color: #000000;\">E-Mail: impressum@garmin.de<\/span><\/strong><\/p>\n<\/div>\n<\/div>\n<\/div>\n<\/div>","protected":false},"excerpt":{"rendered":"<p>&nbsp; Original Garmin Drivesmart 61 LMT-S PKW Navigationsger\u00e4t mit 6,95 Zoll Display in sehr gutem Zustand + neuer Akku \u00a0 LMT-S = &#8222;Lifetime Maps&#8220; + Verkehrsinformationen \u00fcber Smartphone-Verbindung inklusive Zubeh\u00f6r: Autoladekabel Gro\u00dfe Saugnapf Autohalterung USB-Ladekabel &nbsp; Infos und Zustand: Sehr guter Zustand mit minimalen Gebrauchsspuren Neuer Akku wurde eingebaut Europa-Karten sind bereits installiert Vor Versand [&hellip;]<\/p>\n","protected":false},"featured_media":6183,"template":"","meta":{"ocean_post_layout":"","ocean_both_sidebars_style":"","ocean_both_sidebars_content_width":0,"ocean_both_sidebars_sidebars_width":0,"ocean_sidebar":"0","ocean_second_sidebar":"0","ocean_disable_margins":"enable","ocean_add_body_class":"","ocean_shortcode_before_top_bar":"","ocean_shortcode_after_top_bar":"","ocean_shortcode_before_header":"","ocean_shortcode_after_header":"","ocean_has_shortcode":"","ocean_shortcode_after_title":"","ocean_shortcode_before_footer_widgets":"","ocean_shortcode_after_footer_widgets":"","ocean_shortcode_before_footer_bottom":"","ocean_shortcode_after_footer_bottom":"","ocean_display_top_bar":"default","ocean_display_header":"default","ocean_header_style":"","ocean_center_header_left_menu":"0","ocean_custom_header_template":"0","ocean_custom_logo":0,"ocean_custom_retina_logo":0,"ocean_custom_logo_max_width":0,"ocean_custom_logo_tablet_max_width":0,"ocean_custom_logo_mobile_max_width":0,"ocean_custom_logo_max_height":0,"ocean_custom_logo_tablet_max_height":0,"ocean_custom_logo_mobile_max_height":0,"ocean_header_custom_menu":"0","ocean_menu_typo_font_family":"0","ocean_menu_typo_font_subset":"","ocean_menu_typo_font_size":0,"ocean_menu_typo_font_size_tablet":0,"ocean_menu_typo_font_size_mobile":0,"ocean_menu_typo_font_size_unit":"px","ocean_menu_typo_font_weight":"","ocean_menu_typo_font_weight_tablet":"","ocean_menu_typo_font_weight_mobile":"","ocean_menu_typo_transform":"","ocean_menu_typo_transform_tablet":"","ocean_menu_typo_transform_mobile":"","ocean_menu_typo_line_height":0,"ocean_menu_typo_line_height_tablet":0,"ocean_menu_typo_line_height_mobile":0,"ocean_menu_typo_line_height_unit":"","ocean_menu_typo_spacing":0,"ocean_menu_typo_spacing_tablet":0,"ocean_menu_typo_spacing_mobile":0,"ocean_menu_typo_spacing_unit":"","ocean_menu_link_color":"","ocean_menu_link_color_hover":"","ocean_menu_link_color_active":"","ocean_menu_link_background":"","ocean_menu_link_hover_background":"","ocean_menu_link_active_background":"","ocean_menu_social_links_bg":"","ocean_menu_social_hover_links_bg":"","ocean_menu_social_links_color":"","ocean_menu_social_hover_links_color":"","ocean_disable_title":"default","ocean_disable_heading":"default","ocean_post_title":"","ocean_post_subheading":"","ocean_post_title_style":"","ocean_post_title_background_color":"","ocean_post_title_background":0,"ocean_post_title_bg_image_position":"","ocean_post_title_bg_image_attachment":"","ocean_post_title_bg_image_repeat":"","ocean_post_title_bg_image_size":"","ocean_post_title_height":0,"ocean_post_title_bg_overlay":0.5,"ocean_post_title_bg_overlay_color":"","ocean_disable_breadcrumbs":"default","ocean_breadcrumbs_color":"","ocean_breadcrumbs_separator_color":"","ocean_breadcrumbs_links_color":"","ocean_breadcrumbs_links_hover_color":"","ocean_display_footer_widgets":"default","ocean_display_footer_bottom":"default","ocean_custom_footer_template":"0"},"product_brand":[],"product_cat":[661],"product_tag":[1211,189],"class_list":{"0":"post-4082","1":"product","2":"type-product","3":"status-publish","4":"has-post-thumbnail","6":"product_cat-mobile-navigationsgeraete","7":"product_tag-drivesmart-61-lmt-s","8":"product_tag-garmin","10":"entry","11":"has-media","13":"first","14":"outofstock","15":"purchasable","16":"product-type-simple","17":"col","18":"span_1_of_4","19":"owp-content-center","20":"item-entry","21":"owp-thumbs-layout-horizontal","22":"owp-btn-normal","23":"owp-tabs-layout-horizontal"},"yoast_head":"<!-- This site is optimized with the Yoast SEO plugin v27.5 - https:\/\/yoast.com\/product\/yoast-seo-wordpress\/ -->\n<title>Garmin DriveSmart 61 LMT-S 7 Zoll mobiles PKW Navigationsger\u00e4t<\/title>\n<meta name=\"description\" content=\"Original Garmin DriveSmart 61 LMT-S Navigationsger\u00e4t mit 7 Zoll Display, Europa Karten, WLAN Wifi und Traffic via Smartphone-Vebrindung.\" \/>\n<meta name=\"robots\" content=\"index, follow, max-snippet:-1, max-image-preview:large, max-video-preview:-1\" \/>\n<link rel=\"canonical\" href=\"https:\/\/www.navi-express.com\/en\/shop\/garmin\/mobile-navigationsgeraete\/garmin-drivesmart-61-lmt-s-7-zoll-pkw-navi-europa-lifetime-maps-traffic-via-smartphone-wlan\/\" \/>\n<meta property=\"og:locale\" content=\"en_US\" \/>\n<meta property=\"og:type\" content=\"article\" \/>\n<meta property=\"og:title\" content=\"Garmin DriveSmart 61 LMT-S 7 Zoll mobiles PKW Navigationsger\u00e4t\" \/>\n<meta property=\"og:description\" content=\"Original Garmin DriveSmart 61 LMT-S Navigationsger\u00e4t mit 7 Zoll Display, Europa Karten, WLAN Wifi und Traffic via Smartphone-Vebrindung.\" \/>\n<meta property=\"og:url\" content=\"https:\/\/www.navi-express.com\/en\/shop\/garmin\/mobile-navigationsgeraete\/garmin-drivesmart-61-lmt-s-7-zoll-pkw-navi-europa-lifetime-maps-traffic-via-smartphone-wlan\/\" \/>\n<meta property=\"og:site_name\" content=\"Navi-Express\" \/>\n<meta property=\"article:modified_time\" content=\"2026-04-07T06:15:15+00:00\" \/>\n<meta property=\"og:image\" content=\"https:\/\/www.navi-express.com\/wp-content\/uploads\/2025\/02\/20260228_152836-scaled.jpg\" \/>\n\t<meta property=\"og:image:width\" content=\"2560\" \/>\n\t<meta property=\"og:image:height\" content=\"1920\" \/>\n\t<meta property=\"og:image:type\" content=\"image\/jpeg\" \/>\n<meta name=\"twitter:card\" content=\"summary_large_image\" \/>\n<meta name=\"twitter:label1\" content=\"Est. reading time\" \/>\n\t<meta name=\"twitter:data1\" content=\"2 minutes\" \/>\n<script type=\"application\/ld+json\" class=\"yoast-schema-graph\">{\"@context\":\"https:\\\/\\\/schema.org\",\"@graph\":[{\"@type\":\"WebPage\",\"@id\":\"https:\\\/\\\/www.navi-express.com\\\/shop\\\/garmin\\\/mobile-navigationsgeraete\\\/garmin-drivesmart-61-lmt-s-7-zoll-pkw-navi-europa-lifetime-maps-traffic-via-smartphone-wlan\\\/\",\"url\":\"https:\\\/\\\/www.navi-express.com\\\/shop\\\/garmin\\\/mobile-navigationsgeraete\\\/garmin-drivesmart-61-lmt-s-7-zoll-pkw-navi-europa-lifetime-maps-traffic-via-smartphone-wlan\\\/\",\"name\":\"Garmin DriveSmart 61 LMT-S 7 Zoll mobiles PKW Navigationsger\u00e4t\",\"isPartOf\":{\"@id\":\"https:\\\/\\\/www.navi-express.com\\\/#website\"},\"primaryImageOfPage\":{\"@id\":\"https:\\\/\\\/www.navi-express.com\\\/shop\\\/garmin\\\/mobile-navigationsgeraete\\\/garmin-drivesmart-61-lmt-s-7-zoll-pkw-navi-europa-lifetime-maps-traffic-via-smartphone-wlan\\\/#primaryimage\"},\"image\":{\"@id\":\"https:\\\/\\\/www.navi-express.com\\\/shop\\\/garmin\\\/mobile-navigationsgeraete\\\/garmin-drivesmart-61-lmt-s-7-zoll-pkw-navi-europa-lifetime-maps-traffic-via-smartphone-wlan\\\/#primaryimage\"},\"thumbnailUrl\":\"https:\\\/\\\/www.navi-express.com\\\/wp-content\\\/uploads\\\/2025\\\/02\\\/20260228_152836-scaled.jpg\",\"datePublished\":\"2025-02-06T07:13:01+00:00\",\"dateModified\":\"2026-04-07T06:15:15+00:00\",\"description\":\"Original Garmin DriveSmart 61 LMT-S Navigationsger\u00e4t mit 7 Zoll Display, Europa Karten, WLAN Wifi und Traffic via Smartphone-Vebrindung.\",\"breadcrumb\":{\"@id\":\"https:\\\/\\\/www.navi-express.com\\\/shop\\\/garmin\\\/mobile-navigationsgeraete\\\/garmin-drivesmart-61-lmt-s-7-zoll-pkw-navi-europa-lifetime-maps-traffic-via-smartphone-wlan\\\/#breadcrumb\"},\"inLanguage\":\"en-US\",\"potentialAction\":[{\"@type\":\"ReadAction\",\"target\":[\"https:\\\/\\\/www.navi-express.com\\\/shop\\\/garmin\\\/mobile-navigationsgeraete\\\/garmin-drivesmart-61-lmt-s-7-zoll-pkw-navi-europa-lifetime-maps-traffic-via-smartphone-wlan\\\/\"]}]},{\"@type\":\"ImageObject\",\"inLanguage\":\"en-US\",\"@id\":\"https:\\\/\\\/www.navi-express.com\\\/shop\\\/garmin\\\/mobile-navigationsgeraete\\\/garmin-drivesmart-61-lmt-s-7-zoll-pkw-navi-europa-lifetime-maps-traffic-via-smartphone-wlan\\\/#primaryimage\",\"url\":\"https:\\\/\\\/www.navi-express.com\\\/wp-content\\\/uploads\\\/2025\\\/02\\\/20260228_152836-scaled.jpg\",\"contentUrl\":\"https:\\\/\\\/www.navi-express.com\\\/wp-content\\\/uploads\\\/2025\\\/02\\\/20260228_152836-scaled.jpg\",\"width\":2560,\"height\":1920},{\"@type\":\"BreadcrumbList\",\"@id\":\"https:\\\/\\\/www.navi-express.com\\\/shop\\\/garmin\\\/mobile-navigationsgeraete\\\/garmin-drivesmart-61-lmt-s-7-zoll-pkw-navi-europa-lifetime-maps-traffic-via-smartphone-wlan\\\/#breadcrumb\",\"itemListElement\":[{\"@type\":\"ListItem\",\"position\":1,\"name\":\"Startseite\",\"item\":\"https:\\\/\\\/www.navi-express.com\\\/\"},{\"@type\":\"ListItem\",\"position\":2,\"name\":\"Shop\",\"item\":\"https:\\\/\\\/www.navi-express.com\\\/shop\\\/\"},{\"@type\":\"ListItem\",\"position\":3,\"name\":\"Garmin DriveSmart 61 LMT-S 7 Zoll PKW Navi Europa Lifetime Maps &#038; Traffic via Smartphone &#038; WLAN\"}]},{\"@type\":\"WebSite\",\"@id\":\"https:\\\/\\\/www.navi-express.com\\\/#website\",\"url\":\"https:\\\/\\\/www.navi-express.com\\\/\",\"name\":\"Navi-Express\",\"description\":\"Ihr Experte f\u00fcr Navigation\",\"publisher\":{\"@id\":\"https:\\\/\\\/www.navi-express.com\\\/#organization\"},\"alternateName\":\"NE\",\"potentialAction\":[{\"@type\":\"SearchAction\",\"target\":{\"@type\":\"EntryPoint\",\"urlTemplate\":\"https:\\\/\\\/www.navi-express.com\\\/?s={search_term_string}\"},\"query-input\":{\"@type\":\"PropertyValueSpecification\",\"valueRequired\":true,\"valueName\":\"search_term_string\"}}],\"inLanguage\":\"en-US\"},{\"@type\":\"Organization\",\"@id\":\"https:\\\/\\\/www.navi-express.com\\\/#organization\",\"name\":\"Navi-Express\",\"alternateName\":\"NE\",\"url\":\"https:\\\/\\\/www.navi-express.com\\\/\",\"logo\":{\"@type\":\"ImageObject\",\"inLanguage\":\"en-US\",\"@id\":\"https:\\\/\\\/www.navi-express.com\\\/#\\\/schema\\\/logo\\\/image\\\/\",\"url\":\"https:\\\/\\\/www.navi-express.com\\\/wp-content\\\/uploads\\\/2019\\\/03\\\/cropped-logo-transpbearb-1.png\",\"contentUrl\":\"https:\\\/\\\/www.navi-express.com\\\/wp-content\\\/uploads\\\/2019\\\/03\\\/cropped-logo-transpbearb-1.png\",\"width\":512,\"height\":512,\"caption\":\"Navi-Express\"},\"image\":{\"@id\":\"https:\\\/\\\/www.navi-express.com\\\/#\\\/schema\\\/logo\\\/image\\\/\"}}]}<\/script>\n<!-- \/ Yoast SEO plugin. -->","yoast_head_json":{"title":"Garmin DriveSmart 61 LMT-S 7 Zoll mobiles PKW Navigationsger\u00e4t","description":"Original Garmin DriveSmart 61 LMT-S Navigationsger\u00e4t mit 7 Zoll Display, Europa Karten, WLAN Wifi und Traffic via Smartphone-Vebrindung.","robots":{"index":"index","follow":"follow","max-snippet":"max-snippet:-1","max-image-preview":"max-image-preview:large","max-video-preview":"max-video-preview:-1"},"canonical":"https:\/\/www.navi-express.com\/en\/shop\/garmin\/mobile-navigationsgeraete\/garmin-drivesmart-61-lmt-s-7-zoll-pkw-navi-europa-lifetime-maps-traffic-via-smartphone-wlan\/","og_locale":"en_US","og_type":"article","og_title":"Garmin DriveSmart 61 LMT-S 7 Zoll mobiles PKW Navigationsger\u00e4t","og_description":"Original Garmin DriveSmart 61 LMT-S Navigationsger\u00e4t mit 7 Zoll Display, Europa Karten, WLAN Wifi und Traffic via Smartphone-Vebrindung.","og_url":"https:\/\/www.navi-express.com\/en\/shop\/garmin\/mobile-navigationsgeraete\/garmin-drivesmart-61-lmt-s-7-zoll-pkw-navi-europa-lifetime-maps-traffic-via-smartphone-wlan\/","og_site_name":"Navi-Express","article_modified_time":"2026-04-07T06:15:15+00:00","og_image":[{"width":2560,"height":1920,"url":"https:\/\/www.navi-express.com\/wp-content\/uploads\/2025\/02\/20260228_152836-scaled.jpg","type":"image\/jpeg"}],"twitter_card":"summary_large_image","twitter_misc":{"Est. reading time":"2 minutes"},"schema":{"@context":"https:\/\/schema.org","@graph":[{"@type":"WebPage","@id":"https:\/\/www.navi-express.com\/shop\/garmin\/mobile-navigationsgeraete\/garmin-drivesmart-61-lmt-s-7-zoll-pkw-navi-europa-lifetime-maps-traffic-via-smartphone-wlan\/","url":"https:\/\/www.navi-express.com\/shop\/garmin\/mobile-navigationsgeraete\/garmin-drivesmart-61-lmt-s-7-zoll-pkw-navi-europa-lifetime-maps-traffic-via-smartphone-wlan\/","name":"Garmin DriveSmart 61 LMT-S 7 Zoll mobiles PKW Navigationsger\u00e4t","isPartOf":{"@id":"https:\/\/www.navi-express.com\/#website"},"primaryImageOfPage":{"@id":"https:\/\/www.navi-express.com\/shop\/garmin\/mobile-navigationsgeraete\/garmin-drivesmart-61-lmt-s-7-zoll-pkw-navi-europa-lifetime-maps-traffic-via-smartphone-wlan\/#primaryimage"},"image":{"@id":"https:\/\/www.navi-express.com\/shop\/garmin\/mobile-navigationsgeraete\/garmin-drivesmart-61-lmt-s-7-zoll-pkw-navi-europa-lifetime-maps-traffic-via-smartphone-wlan\/#primaryimage"},"thumbnailUrl":"https:\/\/www.navi-express.com\/wp-content\/uploads\/2025\/02\/20260228_152836-scaled.jpg","datePublished":"2025-02-06T07:13:01+00:00","dateModified":"2026-04-07T06:15:15+00:00","description":"Original Garmin DriveSmart 61 LMT-S Navigationsger\u00e4t mit 7 Zoll Display, Europa Karten, WLAN Wifi und Traffic via Smartphone-Vebrindung.","breadcrumb":{"@id":"https:\/\/www.navi-express.com\/shop\/garmin\/mobile-navigationsgeraete\/garmin-drivesmart-61-lmt-s-7-zoll-pkw-navi-europa-lifetime-maps-traffic-via-smartphone-wlan\/#breadcrumb"},"inLanguage":"en-US","potentialAction":[{"@type":"ReadAction","target":["https:\/\/www.navi-express.com\/shop\/garmin\/mobile-navigationsgeraete\/garmin-drivesmart-61-lmt-s-7-zoll-pkw-navi-europa-lifetime-maps-traffic-via-smartphone-wlan\/"]}]},{"@type":"ImageObject","inLanguage":"en-US","@id":"https:\/\/www.navi-express.com\/shop\/garmin\/mobile-navigationsgeraete\/garmin-drivesmart-61-lmt-s-7-zoll-pkw-navi-europa-lifetime-maps-traffic-via-smartphone-wlan\/#primaryimage","url":"https:\/\/www.navi-express.com\/wp-content\/uploads\/2025\/02\/20260228_152836-scaled.jpg","contentUrl":"https:\/\/www.navi-express.com\/wp-content\/uploads\/2025\/02\/20260228_152836-scaled.jpg","width":2560,"height":1920},{"@type":"BreadcrumbList","@id":"https:\/\/www.navi-express.com\/shop\/garmin\/mobile-navigationsgeraete\/garmin-drivesmart-61-lmt-s-7-zoll-pkw-navi-europa-lifetime-maps-traffic-via-smartphone-wlan\/#breadcrumb","itemListElement":[{"@type":"ListItem","position":1,"name":"Startseite","item":"https:\/\/www.navi-express.com\/"},{"@type":"ListItem","position":2,"name":"Shop","item":"https:\/\/www.navi-express.com\/shop\/"},{"@type":"ListItem","position":3,"name":"Garmin DriveSmart 61 LMT-S 7 Zoll PKW Navi Europa Lifetime Maps &#038; Traffic via Smartphone &#038; WLAN"}]},{"@type":"WebSite","@id":"https:\/\/www.navi-express.com\/#website","url":"https:\/\/www.navi-express.com\/","name":"Navi-Express","description":"Ihr Experte f\u00fcr Navigation","publisher":{"@id":"https:\/\/www.navi-express.com\/#organization"},"alternateName":"NE","potentialAction":[{"@type":"SearchAction","target":{"@type":"EntryPoint","urlTemplate":"https:\/\/www.navi-express.com\/?s={search_term_string}"},"query-input":{"@type":"PropertyValueSpecification","valueRequired":true,"valueName":"search_term_string"}}],"inLanguage":"en-US"},{"@type":"Organization","@id":"https:\/\/www.navi-express.com\/#organization","name":"Navi-Express","alternateName":"NE","url":"https:\/\/www.navi-express.com\/","logo":{"@type":"ImageObject","inLanguage":"en-US","@id":"https:\/\/www.navi-express.com\/#\/schema\/logo\/image\/","url":"https:\/\/www.navi-express.com\/wp-content\/uploads\/2019\/03\/cropped-logo-transpbearb-1.png","contentUrl":"https:\/\/www.navi-express.com\/wp-content\/uploads\/2019\/03\/cropped-logo-transpbearb-1.png","width":512,"height":512,"caption":"Navi-Express"},"image":{"@id":"https:\/\/www.navi-express.com\/#\/schema\/logo\/image\/"}}]}},"_links":{"self":[{"href":"https:\/\/www.navi-express.com\/en\/wp-json\/wp\/v2\/product\/4082","targetHints":{"allow":["GET"]}}],"collection":[{"href":"https:\/\/www.navi-express.com\/en\/wp-json\/wp\/v2\/product"}],"about":[{"href":"https:\/\/www.navi-express.com\/en\/wp-json\/wp\/v2\/types\/product"}],"wp:featuredmedia":[{"embeddable":true,"href":"https:\/\/www.navi-express.com\/en\/wp-json\/wp\/v2\/media\/6183"}],"wp:attachment":[{"href":"https:\/\/www.navi-express.com\/en\/wp-json\/wp\/v2\/media?parent=4082"}],"wp:term":[{"taxonomy":"product_brand","embeddable":true,"href":"https:\/\/www.navi-express.com\/en\/wp-json\/wp\/v2\/product_brand?post=4082"},{"taxonomy":"product_cat","embeddable":true,"href":"https:\/\/www.navi-express.com\/en\/wp-json\/wp\/v2\/product_cat?post=4082"},{"taxonomy":"product_tag","embeddable":true,"href":"https:\/\/www.navi-express.com\/en\/wp-json\/wp\/v2\/product_tag?post=4082"}],"curies":[{"name":"wp","href":"https:\/\/api.w.org\/{rel}","templated":true}]}}