{"id":4192,"date":"2025-02-16T12:23:44","date_gmt":"2025-02-16T11:23:44","guid":{"rendered":"https:\/\/www.navi-express.com\/?post_type=product&#038;p=4192"},"modified":"2026-03-05T10:13:58","modified_gmt":"2026-03-05T09:13:58","slug":"garmin-drivesmart-70-lmt-d-7-zoll-pkw-navi-europa-maps-digital-traffic","status":"publish","type":"product","link":"https:\/\/www.navi-express.com\/en\/shop\/garmin\/mobile-navigationsgeraete\/garmin-drivesmart-70-lmt-d-7-zoll-pkw-navi-europa-maps-digital-traffic\/","title":{"rendered":"Garmin DriveSmart 70 LMT-D 7 Zoll PKW Navi Europa Maps Digital Traffic"},"content":{"rendered":"<p>&nbsp;<\/p>\n<div>\n<div>\n<p><span style=\"font-size: large; color: #000000;\"><span style=\"font-family: Arial;\"><b>Original Garmin DriveSmart 70 LMT-D PKW Navigationsger\u00e4t mit 7 Zoll Display<\/b><\/span><\/span><\/p>\n<div><span style=\"font-family: Arial; color: #000000; font-size: large;\"><b>in gutem Zustand<\/b><\/span><\/div>\n<div><span style=\"font-family: Arial; color: #000000;\"><b><br \/>\n<\/b><\/span><\/p>\n<div><strong><span style=\"color: #000000;\"><u>Inklusive Zubeh\u00f6r:<\/u><\/span><\/strong><\/div>\n<div>\n<ul>\n<li><strong><span style=\"color: #000000;\">Autoladekabel TA20<\/span><\/strong><\/li>\n<li><strong><span style=\"color: #000000;\">Gro\u00dfe Saugnapfhalterung<\/span><\/strong><\/li>\n<li><strong><span style=\"color: #000000;\">USB-Ladekabel<\/span><\/strong><\/li>\n<\/ul>\n<div><\/div>\n<p>&nbsp;<\/p>\n<div><strong><span style=\"color: #000000;\"><u>\u00dcbersicht Daten und Infos:<\/u><\/span><\/strong><\/div>\n<div>\n<ul>\n<li><strong><span style=\"color: #000000;\">PKW GPS-Navi mit 7 Zoll gro\u00dfem Glasdisplay mit 2-Finger-Zoomfunktion<\/span><\/strong><\/li>\n<\/ul>\n<ul>\n<li><strong><span style=\"color: #000000;\">Kostenlose Kartenupdates f\u00fcr Europa \u00fcber PC \/ Laptop (KEIN WLAN!)<\/span><\/strong><\/li>\n<\/ul>\n<ul>\n<li><strong><span style=\"color: #000000;\">Digitaler Verkehrsfunk von Garmin \u00fcber DAB<\/span><\/strong><\/li>\n<\/ul>\n<p style=\"padding-left: 40px;\"><strong><span style=\"color: #000000;\">DAB ist nur verf\u00fcgbar in Deutschland, Schweiz und Italien; sowie die Benelux-L\u00e4nder bis Dezember 2025 und Norwegen bis M\u00e4rz 2025 (falls kein DAB verf\u00fcgbar, werden TMC Verkehrsmeldungen genutzt) ; TMC ist verf\u00fcgbar in: DE, DK, FRA, BE, ITA, AUT, FIN, NO, SWE, PL, SLO, HU, LUX, NL, SK)<\/span><\/strong><\/p>\n<ul>\n<li><strong><span style=\"color: #000000;\">Live-Informationen zu Verkehr und Wetter, wenn das Ger\u00e4t mit Ihrem Smartphone gekoppelt ist<\/span><\/strong><\/li>\n<\/ul>\n<ul>\n<li><strong><span style=\"color: #000000;\">Sprachsteuerung und Freisprechfunktion \u00fcber Kopplung mit einem Bluetooth-f\u00e4higem Smartphone<\/span><\/strong><\/li>\n<\/ul>\n<ul>\n<li><strong><span style=\"color: #000000;\">Fahrerassistenzfunktionen, z.B. Warnung vor gef\u00e4hrlichen Kurven, Geschwindigkeits\u00e4nderungen, Bahn\u00fcberg\u00e4nge, Wildwechsel, N\u00e4he von Schulbereiche und wenn Sie in einer Einbahnstra\u00dfen in die falsche Richtung fahren sollten<\/span><\/strong><\/li>\n<\/ul>\n<ul>\n<li><strong><span style=\"color: #000000;\">Warnung bei Ampel- und Geschwindigkeits-Blitzern in der N\u00e4he; Ger\u00e4t muss mit einem Smartphone gekoppelt sein (nicht in allen L\u00e4ndern verf\u00fcgbar, Benutzung unter Anwendung der Landesgesetze)<\/span><\/strong><\/li>\n<\/ul>\n<ul>\n<li><strong><span style=\"color: #000000;\">Nur kompatibel mit der Original Garmin R\u00fcckfahrkamera BC 30<\/span><\/strong><\/li>\n<\/ul>\n<\/div>\n<\/div>\n<\/div>\n<\/div>\n<p>&nbsp;<\/p>\n<div>\n<p>_______________________________________________________________________________________________________________________<\/p>\n<p><strong><span style=\"color: #000000;\"><u>Hersteller \/ EU verantwortliche Person:<\/u><\/span><\/strong><\/p>\n<p><strong><span style=\"color: #000000;\">Garmin Deutschland GmbH<\/span><\/strong><\/p>\n<p><strong><span style=\"color: #000000;\">Parkring 35<\/span><\/strong><\/p>\n<p><strong><span style=\"color: #000000;\">85748 Garching<\/span><\/strong><\/p>\n<p><strong><span style=\"color: #000000;\">Deutschland<\/span><\/strong><\/p>\n<p><strong><span style=\"color: #000000;\">Tel.: +49 89 541999-700<\/span><\/strong><\/p>\n<p><strong><span style=\"color: #000000;\">E-Mail: impressum@garmin.de<\/span><\/strong><\/p>\n<\/div>\n<\/div>","protected":false},"excerpt":{"rendered":"<p>&nbsp; Original Garmin DriveSmart 70 LMT-D PKW Navigationsger\u00e4t mit 7 Zoll Display in gutem Zustand Inklusive Zubeh\u00f6r: Autoladekabel TA20 Gro\u00dfe Saugnapfhalterung USB-Ladekabel &nbsp; \u00dcbersicht Daten und Infos: PKW GPS-Navi mit 7 Zoll gro\u00dfem Glasdisplay mit 2-Finger-Zoomfunktion Kostenlose Kartenupdates f\u00fcr Europa \u00fcber PC \/ Laptop (KEIN WLAN!) Digitaler Verkehrsfunk von Garmin \u00fcber DAB DAB ist nur [&hellip;]<\/p>\n","protected":false},"featured_media":4193,"template":"","meta":{"ocean_post_layout":"","ocean_both_sidebars_style":"","ocean_both_sidebars_content_width":0,"ocean_both_sidebars_sidebars_width":0,"ocean_sidebar":"0","ocean_second_sidebar":"0","ocean_disable_margins":"enable","ocean_add_body_class":"","ocean_shortcode_before_top_bar":"","ocean_shortcode_after_top_bar":"","ocean_shortcode_before_header":"","ocean_shortcode_after_header":"","ocean_has_shortcode":"","ocean_shortcode_after_title":"","ocean_shortcode_before_footer_widgets":"","ocean_shortcode_after_footer_widgets":"","ocean_shortcode_before_footer_bottom":"","ocean_shortcode_after_footer_bottom":"","ocean_display_top_bar":"default","ocean_display_header":"default","ocean_header_style":"","ocean_center_header_left_menu":"0","ocean_custom_header_template":"0","ocean_custom_logo":0,"ocean_custom_retina_logo":0,"ocean_custom_logo_max_width":0,"ocean_custom_logo_tablet_max_width":0,"ocean_custom_logo_mobile_max_width":0,"ocean_custom_logo_max_height":0,"ocean_custom_logo_tablet_max_height":0,"ocean_custom_logo_mobile_max_height":0,"ocean_header_custom_menu":"0","ocean_menu_typo_font_family":"0","ocean_menu_typo_font_subset":"","ocean_menu_typo_font_size":0,"ocean_menu_typo_font_size_tablet":0,"ocean_menu_typo_font_size_mobile":0,"ocean_menu_typo_font_size_unit":"px","ocean_menu_typo_font_weight":"","ocean_menu_typo_font_weight_tablet":"","ocean_menu_typo_font_weight_mobile":"","ocean_menu_typo_transform":"","ocean_menu_typo_transform_tablet":"","ocean_menu_typo_transform_mobile":"","ocean_menu_typo_line_height":0,"ocean_menu_typo_line_height_tablet":0,"ocean_menu_typo_line_height_mobile":0,"ocean_menu_typo_line_height_unit":"","ocean_menu_typo_spacing":0,"ocean_menu_typo_spacing_tablet":0,"ocean_menu_typo_spacing_mobile":0,"ocean_menu_typo_spacing_unit":"","ocean_menu_link_color":"","ocean_menu_link_color_hover":"","ocean_menu_link_color_active":"","ocean_menu_link_background":"","ocean_menu_link_hover_background":"","ocean_menu_link_active_background":"","ocean_menu_social_links_bg":"","ocean_menu_social_hover_links_bg":"","ocean_menu_social_links_color":"","ocean_menu_social_hover_links_color":"","ocean_disable_title":"default","ocean_disable_heading":"default","ocean_post_title":"","ocean_post_subheading":"","ocean_post_title_style":"","ocean_post_title_background_color":"","ocean_post_title_background":0,"ocean_post_title_bg_image_position":"","ocean_post_title_bg_image_attachment":"","ocean_post_title_bg_image_repeat":"","ocean_post_title_bg_image_size":"","ocean_post_title_height":0,"ocean_post_title_bg_overlay":0.5,"ocean_post_title_bg_overlay_color":"","ocean_disable_breadcrumbs":"default","ocean_breadcrumbs_color":"","ocean_breadcrumbs_separator_color":"","ocean_breadcrumbs_links_color":"","ocean_breadcrumbs_links_hover_color":"","ocean_display_footer_widgets":"default","ocean_display_footer_bottom":"default","ocean_custom_footer_template":"0"},"product_brand":[],"product_cat":[661],"product_tag":[1233,1232,189],"class_list":{"0":"post-4192","1":"product","2":"type-product","3":"status-publish","4":"has-post-thumbnail","6":"product_cat-mobile-navigationsgeraete","7":"product_tag-010-01538-10","8":"product_tag-drivesmart-70-lmt-d","9":"product_tag-garmin","11":"entry","12":"has-media","14":"first","15":"outofstock","16":"purchasable","17":"product-type-simple","18":"col","19":"span_1_of_4","20":"owp-content-center","21":"item-entry","22":"owp-thumbs-layout-horizontal","23":"owp-btn-normal","24":"owp-tabs-layout-horizontal"},"yoast_head":"<!-- This site is optimized with the Yoast SEO plugin v27.5 - https:\/\/yoast.com\/product\/yoast-seo-wordpress\/ -->\n<title>Garmin DriveSmart 70 LMT-D 7 Zoll PKW Navigationsger\u00e4t<\/title>\n<meta name=\"description\" content=\"Original Garmin DriveSmart 70 LMT-D. Mobiles Navigationsger\u00e4t mit 7 Zoll Display, Europa-Karten und Digitalen Verkehrsmeldungen.\" \/>\n<meta name=\"robots\" content=\"index, follow, max-snippet:-1, max-image-preview:large, max-video-preview:-1\" \/>\n<link rel=\"canonical\" href=\"https:\/\/www.navi-express.com\/en\/shop\/garmin\/mobile-navigationsgeraete\/garmin-drivesmart-70-lmt-d-7-zoll-pkw-navi-europa-maps-digital-traffic\/\" \/>\n<meta property=\"og:locale\" content=\"en_US\" \/>\n<meta property=\"og:type\" content=\"article\" \/>\n<meta property=\"og:title\" content=\"Garmin DriveSmart 70 LMT-D 7 Zoll PKW Navigationsger\u00e4t\" \/>\n<meta property=\"og:description\" content=\"Original Garmin DriveSmart 70 LMT-D. Mobiles Navigationsger\u00e4t mit 7 Zoll Display, Europa-Karten und Digitalen Verkehrsmeldungen.\" \/>\n<meta property=\"og:url\" content=\"https:\/\/www.navi-express.com\/en\/shop\/garmin\/mobile-navigationsgeraete\/garmin-drivesmart-70-lmt-d-7-zoll-pkw-navi-europa-maps-digital-traffic\/\" \/>\n<meta property=\"og:site_name\" content=\"Navi-Express\" \/>\n<meta property=\"article:modified_time\" content=\"2026-03-05T09:13:58+00:00\" \/>\n<meta property=\"og:image\" content=\"https:\/\/www.navi-express.com\/wp-content\/uploads\/2025\/02\/IMG_20250216_110719-scaled.jpg\" \/>\n\t<meta property=\"og:image:width\" content=\"2560\" \/>\n\t<meta property=\"og:image:height\" content=\"1920\" \/>\n\t<meta property=\"og:image:type\" content=\"image\/jpeg\" \/>\n<meta name=\"twitter:card\" content=\"summary_large_image\" \/>\n<meta name=\"twitter:label1\" content=\"Est. reading time\" \/>\n\t<meta name=\"twitter:data1\" content=\"2 minutes\" \/>\n<script type=\"application\/ld+json\" class=\"yoast-schema-graph\">{\"@context\":\"https:\\\/\\\/schema.org\",\"@graph\":[{\"@type\":\"WebPage\",\"@id\":\"https:\\\/\\\/www.navi-express.com\\\/shop\\\/garmin\\\/mobile-navigationsgeraete\\\/garmin-drivesmart-70-lmt-d-7-zoll-pkw-navi-europa-maps-digital-traffic\\\/\",\"url\":\"https:\\\/\\\/www.navi-express.com\\\/shop\\\/garmin\\\/mobile-navigationsgeraete\\\/garmin-drivesmart-70-lmt-d-7-zoll-pkw-navi-europa-maps-digital-traffic\\\/\",\"name\":\"Garmin DriveSmart 70 LMT-D 7 Zoll PKW Navigationsger\u00e4t\",\"isPartOf\":{\"@id\":\"https:\\\/\\\/www.navi-express.com\\\/#website\"},\"primaryImageOfPage\":{\"@id\":\"https:\\\/\\\/www.navi-express.com\\\/shop\\\/garmin\\\/mobile-navigationsgeraete\\\/garmin-drivesmart-70-lmt-d-7-zoll-pkw-navi-europa-maps-digital-traffic\\\/#primaryimage\"},\"image\":{\"@id\":\"https:\\\/\\\/www.navi-express.com\\\/shop\\\/garmin\\\/mobile-navigationsgeraete\\\/garmin-drivesmart-70-lmt-d-7-zoll-pkw-navi-europa-maps-digital-traffic\\\/#primaryimage\"},\"thumbnailUrl\":\"https:\\\/\\\/www.navi-express.com\\\/wp-content\\\/uploads\\\/2025\\\/02\\\/IMG_20250216_110719-scaled.jpg\",\"datePublished\":\"2025-02-16T11:23:44+00:00\",\"dateModified\":\"2026-03-05T09:13:58+00:00\",\"description\":\"Original Garmin DriveSmart 70 LMT-D. Mobiles Navigationsger\u00e4t mit 7 Zoll Display, Europa-Karten und Digitalen Verkehrsmeldungen.\",\"breadcrumb\":{\"@id\":\"https:\\\/\\\/www.navi-express.com\\\/shop\\\/garmin\\\/mobile-navigationsgeraete\\\/garmin-drivesmart-70-lmt-d-7-zoll-pkw-navi-europa-maps-digital-traffic\\\/#breadcrumb\"},\"inLanguage\":\"en-US\",\"potentialAction\":[{\"@type\":\"ReadAction\",\"target\":[\"https:\\\/\\\/www.navi-express.com\\\/shop\\\/garmin\\\/mobile-navigationsgeraete\\\/garmin-drivesmart-70-lmt-d-7-zoll-pkw-navi-europa-maps-digital-traffic\\\/\"]}]},{\"@type\":\"ImageObject\",\"inLanguage\":\"en-US\",\"@id\":\"https:\\\/\\\/www.navi-express.com\\\/shop\\\/garmin\\\/mobile-navigationsgeraete\\\/garmin-drivesmart-70-lmt-d-7-zoll-pkw-navi-europa-maps-digital-traffic\\\/#primaryimage\",\"url\":\"https:\\\/\\\/www.navi-express.com\\\/wp-content\\\/uploads\\\/2025\\\/02\\\/IMG_20250216_110719-scaled.jpg\",\"contentUrl\":\"https:\\\/\\\/www.navi-express.com\\\/wp-content\\\/uploads\\\/2025\\\/02\\\/IMG_20250216_110719-scaled.jpg\",\"width\":2560,\"height\":1920},{\"@type\":\"BreadcrumbList\",\"@id\":\"https:\\\/\\\/www.navi-express.com\\\/shop\\\/garmin\\\/mobile-navigationsgeraete\\\/garmin-drivesmart-70-lmt-d-7-zoll-pkw-navi-europa-maps-digital-traffic\\\/#breadcrumb\",\"itemListElement\":[{\"@type\":\"ListItem\",\"position\":1,\"name\":\"Startseite\",\"item\":\"https:\\\/\\\/www.navi-express.com\\\/\"},{\"@type\":\"ListItem\",\"position\":2,\"name\":\"Shop\",\"item\":\"https:\\\/\\\/www.navi-express.com\\\/shop\\\/\"},{\"@type\":\"ListItem\",\"position\":3,\"name\":\"Garmin DriveSmart 70 LMT-D 7 Zoll PKW Navi Europa Maps Digital Traffic\"}]},{\"@type\":\"WebSite\",\"@id\":\"https:\\\/\\\/www.navi-express.com\\\/#website\",\"url\":\"https:\\\/\\\/www.navi-express.com\\\/\",\"name\":\"Navi-Express\",\"description\":\"Ihr Experte f\u00fcr Navigation\",\"publisher\":{\"@id\":\"https:\\\/\\\/www.navi-express.com\\\/#organization\"},\"alternateName\":\"NE\",\"potentialAction\":[{\"@type\":\"SearchAction\",\"target\":{\"@type\":\"EntryPoint\",\"urlTemplate\":\"https:\\\/\\\/www.navi-express.com\\\/?s={search_term_string}\"},\"query-input\":{\"@type\":\"PropertyValueSpecification\",\"valueRequired\":true,\"valueName\":\"search_term_string\"}}],\"inLanguage\":\"en-US\"},{\"@type\":\"Organization\",\"@id\":\"https:\\\/\\\/www.navi-express.com\\\/#organization\",\"name\":\"Navi-Express\",\"alternateName\":\"NE\",\"url\":\"https:\\\/\\\/www.navi-express.com\\\/\",\"logo\":{\"@type\":\"ImageObject\",\"inLanguage\":\"en-US\",\"@id\":\"https:\\\/\\\/www.navi-express.com\\\/#\\\/schema\\\/logo\\\/image\\\/\",\"url\":\"https:\\\/\\\/www.navi-express.com\\\/wp-content\\\/uploads\\\/2019\\\/03\\\/cropped-logo-transpbearb-1.png\",\"contentUrl\":\"https:\\\/\\\/www.navi-express.com\\\/wp-content\\\/uploads\\\/2019\\\/03\\\/cropped-logo-transpbearb-1.png\",\"width\":512,\"height\":512,\"caption\":\"Navi-Express\"},\"image\":{\"@id\":\"https:\\\/\\\/www.navi-express.com\\\/#\\\/schema\\\/logo\\\/image\\\/\"}}]}<\/script>\n<!-- \/ Yoast SEO plugin. -->","yoast_head_json":{"title":"Garmin DriveSmart 70 LMT-D 7 Zoll PKW Navigationsger\u00e4t","description":"Original Garmin DriveSmart 70 LMT-D. Mobiles Navigationsger\u00e4t mit 7 Zoll Display, Europa-Karten und Digitalen Verkehrsmeldungen.","robots":{"index":"index","follow":"follow","max-snippet":"max-snippet:-1","max-image-preview":"max-image-preview:large","max-video-preview":"max-video-preview:-1"},"canonical":"https:\/\/www.navi-express.com\/en\/shop\/garmin\/mobile-navigationsgeraete\/garmin-drivesmart-70-lmt-d-7-zoll-pkw-navi-europa-maps-digital-traffic\/","og_locale":"en_US","og_type":"article","og_title":"Garmin DriveSmart 70 LMT-D 7 Zoll PKW Navigationsger\u00e4t","og_description":"Original Garmin DriveSmart 70 LMT-D. Mobiles Navigationsger\u00e4t mit 7 Zoll Display, Europa-Karten und Digitalen Verkehrsmeldungen.","og_url":"https:\/\/www.navi-express.com\/en\/shop\/garmin\/mobile-navigationsgeraete\/garmin-drivesmart-70-lmt-d-7-zoll-pkw-navi-europa-maps-digital-traffic\/","og_site_name":"Navi-Express","article_modified_time":"2026-03-05T09:13:58+00:00","og_image":[{"width":2560,"height":1920,"url":"https:\/\/www.navi-express.com\/wp-content\/uploads\/2025\/02\/IMG_20250216_110719-scaled.jpg","type":"image\/jpeg"}],"twitter_card":"summary_large_image","twitter_misc":{"Est. reading time":"2 minutes"},"schema":{"@context":"https:\/\/schema.org","@graph":[{"@type":"WebPage","@id":"https:\/\/www.navi-express.com\/shop\/garmin\/mobile-navigationsgeraete\/garmin-drivesmart-70-lmt-d-7-zoll-pkw-navi-europa-maps-digital-traffic\/","url":"https:\/\/www.navi-express.com\/shop\/garmin\/mobile-navigationsgeraete\/garmin-drivesmart-70-lmt-d-7-zoll-pkw-navi-europa-maps-digital-traffic\/","name":"Garmin DriveSmart 70 LMT-D 7 Zoll PKW Navigationsger\u00e4t","isPartOf":{"@id":"https:\/\/www.navi-express.com\/#website"},"primaryImageOfPage":{"@id":"https:\/\/www.navi-express.com\/shop\/garmin\/mobile-navigationsgeraete\/garmin-drivesmart-70-lmt-d-7-zoll-pkw-navi-europa-maps-digital-traffic\/#primaryimage"},"image":{"@id":"https:\/\/www.navi-express.com\/shop\/garmin\/mobile-navigationsgeraete\/garmin-drivesmart-70-lmt-d-7-zoll-pkw-navi-europa-maps-digital-traffic\/#primaryimage"},"thumbnailUrl":"https:\/\/www.navi-express.com\/wp-content\/uploads\/2025\/02\/IMG_20250216_110719-scaled.jpg","datePublished":"2025-02-16T11:23:44+00:00","dateModified":"2026-03-05T09:13:58+00:00","description":"Original Garmin DriveSmart 70 LMT-D. Mobiles Navigationsger\u00e4t mit 7 Zoll Display, Europa-Karten und Digitalen Verkehrsmeldungen.","breadcrumb":{"@id":"https:\/\/www.navi-express.com\/shop\/garmin\/mobile-navigationsgeraete\/garmin-drivesmart-70-lmt-d-7-zoll-pkw-navi-europa-maps-digital-traffic\/#breadcrumb"},"inLanguage":"en-US","potentialAction":[{"@type":"ReadAction","target":["https:\/\/www.navi-express.com\/shop\/garmin\/mobile-navigationsgeraete\/garmin-drivesmart-70-lmt-d-7-zoll-pkw-navi-europa-maps-digital-traffic\/"]}]},{"@type":"ImageObject","inLanguage":"en-US","@id":"https:\/\/www.navi-express.com\/shop\/garmin\/mobile-navigationsgeraete\/garmin-drivesmart-70-lmt-d-7-zoll-pkw-navi-europa-maps-digital-traffic\/#primaryimage","url":"https:\/\/www.navi-express.com\/wp-content\/uploads\/2025\/02\/IMG_20250216_110719-scaled.jpg","contentUrl":"https:\/\/www.navi-express.com\/wp-content\/uploads\/2025\/02\/IMG_20250216_110719-scaled.jpg","width":2560,"height":1920},{"@type":"BreadcrumbList","@id":"https:\/\/www.navi-express.com\/shop\/garmin\/mobile-navigationsgeraete\/garmin-drivesmart-70-lmt-d-7-zoll-pkw-navi-europa-maps-digital-traffic\/#breadcrumb","itemListElement":[{"@type":"ListItem","position":1,"name":"Startseite","item":"https:\/\/www.navi-express.com\/"},{"@type":"ListItem","position":2,"name":"Shop","item":"https:\/\/www.navi-express.com\/shop\/"},{"@type":"ListItem","position":3,"name":"Garmin DriveSmart 70 LMT-D 7 Zoll PKW Navi Europa Maps Digital Traffic"}]},{"@type":"WebSite","@id":"https:\/\/www.navi-express.com\/#website","url":"https:\/\/www.navi-express.com\/","name":"Navi-Express","description":"Ihr Experte f\u00fcr Navigation","publisher":{"@id":"https:\/\/www.navi-express.com\/#organization"},"alternateName":"NE","potentialAction":[{"@type":"SearchAction","target":{"@type":"EntryPoint","urlTemplate":"https:\/\/www.navi-express.com\/?s={search_term_string}"},"query-input":{"@type":"PropertyValueSpecification","valueRequired":true,"valueName":"search_term_string"}}],"inLanguage":"en-US"},{"@type":"Organization","@id":"https:\/\/www.navi-express.com\/#organization","name":"Navi-Express","alternateName":"NE","url":"https:\/\/www.navi-express.com\/","logo":{"@type":"ImageObject","inLanguage":"en-US","@id":"https:\/\/www.navi-express.com\/#\/schema\/logo\/image\/","url":"https:\/\/www.navi-express.com\/wp-content\/uploads\/2019\/03\/cropped-logo-transpbearb-1.png","contentUrl":"https:\/\/www.navi-express.com\/wp-content\/uploads\/2019\/03\/cropped-logo-transpbearb-1.png","width":512,"height":512,"caption":"Navi-Express"},"image":{"@id":"https:\/\/www.navi-express.com\/#\/schema\/logo\/image\/"}}]}},"_links":{"self":[{"href":"https:\/\/www.navi-express.com\/en\/wp-json\/wp\/v2\/product\/4192","targetHints":{"allow":["GET"]}}],"collection":[{"href":"https:\/\/www.navi-express.com\/en\/wp-json\/wp\/v2\/product"}],"about":[{"href":"https:\/\/www.navi-express.com\/en\/wp-json\/wp\/v2\/types\/product"}],"wp:featuredmedia":[{"embeddable":true,"href":"https:\/\/www.navi-express.com\/en\/wp-json\/wp\/v2\/media\/4193"}],"wp:attachment":[{"href":"https:\/\/www.navi-express.com\/en\/wp-json\/wp\/v2\/media?parent=4192"}],"wp:term":[{"taxonomy":"product_brand","embeddable":true,"href":"https:\/\/www.navi-express.com\/en\/wp-json\/wp\/v2\/product_brand?post=4192"},{"taxonomy":"product_cat","embeddable":true,"href":"https:\/\/www.navi-express.com\/en\/wp-json\/wp\/v2\/product_cat?post=4192"},{"taxonomy":"product_tag","embeddable":true,"href":"https:\/\/www.navi-express.com\/en\/wp-json\/wp\/v2\/product_tag?post=4192"}],"curies":[{"name":"wp","href":"https:\/\/api.w.org\/{rel}","templated":true}]}}