{"id":4239,"date":"2025-02-20T09:10:08","date_gmt":"2025-02-20T08:10:08","guid":{"rendered":"https:\/\/www.navi-express.com\/?post_type=product&#038;p=4239"},"modified":"2026-03-05T10:40:11","modified_gmt":"2026-03-05T09:40:11","slug":"tomtom-go-classic-6-zoll-pkw-navigationsgeraet-europa-karten-tomtom-traffic-wifi","status":"publish","type":"product","link":"https:\/\/www.navi-express.com\/en\/shop\/tomtom\/mobile-navigationssysteme\/tomtom-go-classic-6-zoll-pkw-navigationsgeraet-europa-karten-tomtom-traffic-wifi\/","title":{"rendered":"TomTom GO Classic 6 Zoll PKW Navigationsger\u00e4t Europa-Karten &#038; TomTom Traffic &#038; WiFi"},"content":{"rendered":"<p>&nbsp;<\/p>\n<p><span style=\"color: #000000;\"><strong>Original TomTom GO Classic (1. Generation) Navigationsger\u00e4t mit 6 Zoll Display und Europa Karten<\/strong><\/span><\/p>\n<p><span style=\"color: #000000;\"><strong>in sehr gutem, gebrauchten Zustand<\/strong><\/span><\/p>\n<p>&nbsp;<\/p>\n<p><strong><span style=\"color: #000000;\"><u>inkl. Zubeh\u00f6r:<\/u><\/span><\/strong><\/p>\n<ul>\n<li><strong><span style=\"color: #000000;\">Saugnapf Halterung<\/span><\/strong><\/li>\n<li><strong><span style=\"color: #000000;\">USB-Ladekabel<\/span><\/strong><\/li>\n<li><strong><span style=\"color: #000000;\">Ladeger\u00e4t (kein TMC-Empf\u00e4nger)<\/span><\/strong><\/li>\n<li><strong><span style=\"color: #000000;\">Tragetasche<\/span><\/strong><\/li>\n<\/ul>\n<p>&nbsp;<\/p>\n<p><strong><span style=\"color: #000000;\"><u>Infos \/ Daten:<\/u><\/span><\/strong><\/p>\n<ul>\n<li><b><span style=\"color: #000000; font-family: Arial;\">Sehr guter Gesamtzustand (keine gr\u00f6\u00dferen Kratzer)<\/span><\/b><\/li>\n<li><b><span style=\"color: #000000; font-family: Arial;\">Radarkamera-Updates sind leider abgelaufen und m\u00fcssten (bei Bedarf) kostenpflichtig erneuert werden<\/span><\/b><\/li>\n<li><b><span style=\"color: #000000; font-family: Arial;\">PKW Navi mit 6 Zoll Display<\/span><\/b><\/li>\n<li><b><span style=\"color: #000000; font-family: Arial;\">Resistiver Touchscreen, d.h. es ben\u00f6tigt &#8222;etwas&#8220; Druck zum Scrollen und man kann leider nicht mit 2-Fingern die Karte gr\u00f6\u00dfer\/kleiner zoomen; Heranzoomen mit Doppeltippen oder Benutzen der Buttons<\/span><\/b><\/li>\n<li><b><span style=\"color: #000000; font-family: Arial;\">Kartenabdeckung und Updates f\u00fcr Europa<\/span><\/b><\/li>\n<li><b><span style=\"color: #000000; font-family: Arial;\">TomTom Traffic Verkehrsmeldungen via Smartphone-Verbindung + Bluetooth +\u00a0 Mobiler Datenzugang am Smartphone<\/span><\/b><\/li>\n<li><b><span style=\"color: #000000; font-family: Arial;\">Updates \u00fcver WLAN \/ WiFi<\/span><\/b><\/li>\n<li><b><span style=\"color: #000000; font-family: Arial;\">Smartphone Benachrichtigungen<\/span><\/b><\/li>\n<li><b><span style=\"color: #000000; font-family: Arial;\">Fahrspurassistent<\/span><\/b><\/li>\n<li><b><span style=\"color: #000000; font-family: Arial;\">Micro SD-Karten Slot vorhanden<\/span><\/b><\/li>\n<li><b><span style=\"color: #000000; font-family: Arial;\">Bluetooth<\/span><\/b><\/li>\n<\/ul>\n<p>&nbsp;<\/p>\n<p><span style=\"color: #000000;\"><strong><u>Kartenabdeckung Europa &#8211; im Detail:<\/u><\/strong><\/span><\/p>\n<p><span style=\"color: #000000;\"><b>Deutschland , Andorra, \u00d6sterreich, Belgien, Bulgarien, Schweiz, Zypern, Tschechien, D\u00e4nemark, Estland, Spanien, Kosovo, Malta, Montenegro,\u00a0<\/b><strong>Finnland, Frankreich, Gro\u00dfbritannien, Griechenland, Gibraltar, Kroatien, Ungarn, Irland, Italien, Liechtenstein, Litauen, Lettland, Luxemburg,\u00a0<\/strong><strong>Monaco, Niederlande, Norwegen, Polen, Portugal, Rum\u00e4nien, Russland, Schweden, Serbien, Slowenien, Slowakei, San Marino, T\u00fcrkei, Ukraine, Vatikan<\/strong><\/span><\/p>\n<p>&nbsp;<\/p>\n<p><span style=\"color: #000000;\"><strong><u>Kartenabdeckung Europa &#8211; nur Autobahnen und gro\u00dfe Bundesstra\u00dfen:<\/u><\/strong><\/span><\/p>\n<p><span style=\"color: #000000;\"><strong>Albanien, Bosnien &amp; Herzegowina, Wei\u00dfrussland, Moldawien, Nordmazedonien<\/strong><\/span><\/p>\n<p>&nbsp;<\/p>\n<p>____________________________________________________________________________________________________________________<\/p>\n<p><strong><span style=\"color: #000000;\"><u>Hersteller \/ EU verantwortliche Person:<\/u><\/span><\/strong><\/p>\n<p><strong><span style=\"color: #000000;\">TomTom N.V.<\/span><\/strong><\/p>\n<p><strong><span style=\"color: #000000;\">De Ruijterkade 154<\/span><\/strong><\/p>\n<p><strong><span style=\"color: #000000;\">1011 AC Amsterdam<\/span><\/strong><\/p>\n<p><strong><span style=\"color: #000000;\">The Netherlands<\/span><\/strong><\/p>\n<p><strong><span style=\"color: #000000;\">Tel.: +31 20-757-5000<\/span><\/strong><\/p>\n<p><strong><span style=\"color: #000000;\">E-Mail: IR@tomtom.com<\/span><\/strong><\/p>","protected":false},"excerpt":{"rendered":"<p>&nbsp; Original TomTom GO Classic (1. Generation) Navigationsger\u00e4t mit 6 Zoll Display und Europa Karten in sehr gutem, gebrauchten Zustand &nbsp; inkl. Zubeh\u00f6r: Saugnapf Halterung USB-Ladekabel Ladeger\u00e4t (kein TMC-Empf\u00e4nger) Tragetasche &nbsp; Infos \/ Daten: Sehr guter Gesamtzustand (keine gr\u00f6\u00dferen Kratzer) Radarkamera-Updates sind leider abgelaufen und m\u00fcssten (bei Bedarf) kostenpflichtig erneuert werden PKW Navi mit 6 [&hellip;]<\/p>\n","protected":false},"featured_media":4240,"template":"","meta":{"ocean_post_layout":"","ocean_both_sidebars_style":"","ocean_both_sidebars_content_width":0,"ocean_both_sidebars_sidebars_width":0,"ocean_sidebar":"0","ocean_second_sidebar":"0","ocean_disable_margins":"enable","ocean_add_body_class":"","ocean_shortcode_before_top_bar":"","ocean_shortcode_after_top_bar":"","ocean_shortcode_before_header":"","ocean_shortcode_after_header":"","ocean_has_shortcode":"","ocean_shortcode_after_title":"","ocean_shortcode_before_footer_widgets":"","ocean_shortcode_after_footer_widgets":"","ocean_shortcode_before_footer_bottom":"","ocean_shortcode_after_footer_bottom":"","ocean_display_top_bar":"default","ocean_display_header":"default","ocean_header_style":"","ocean_center_header_left_menu":"0","ocean_custom_header_template":"0","ocean_custom_logo":0,"ocean_custom_retina_logo":0,"ocean_custom_logo_max_width":0,"ocean_custom_logo_tablet_max_width":0,"ocean_custom_logo_mobile_max_width":0,"ocean_custom_logo_max_height":0,"ocean_custom_logo_tablet_max_height":0,"ocean_custom_logo_mobile_max_height":0,"ocean_header_custom_menu":"0","ocean_menu_typo_font_family":"0","ocean_menu_typo_font_subset":"","ocean_menu_typo_font_size":0,"ocean_menu_typo_font_size_tablet":0,"ocean_menu_typo_font_size_mobile":0,"ocean_menu_typo_font_size_unit":"px","ocean_menu_typo_font_weight":"","ocean_menu_typo_font_weight_tablet":"","ocean_menu_typo_font_weight_mobile":"","ocean_menu_typo_transform":"","ocean_menu_typo_transform_tablet":"","ocean_menu_typo_transform_mobile":"","ocean_menu_typo_line_height":0,"ocean_menu_typo_line_height_tablet":0,"ocean_menu_typo_line_height_mobile":0,"ocean_menu_typo_line_height_unit":"","ocean_menu_typo_spacing":0,"ocean_menu_typo_spacing_tablet":0,"ocean_menu_typo_spacing_mobile":0,"ocean_menu_typo_spacing_unit":"","ocean_menu_link_color":"","ocean_menu_link_color_hover":"","ocean_menu_link_color_active":"","ocean_menu_link_background":"","ocean_menu_link_hover_background":"","ocean_menu_link_active_background":"","ocean_menu_social_links_bg":"","ocean_menu_social_hover_links_bg":"","ocean_menu_social_links_color":"","ocean_menu_social_hover_links_color":"","ocean_disable_title":"default","ocean_disable_heading":"default","ocean_post_title":"","ocean_post_subheading":"","ocean_post_title_style":"","ocean_post_title_background_color":"","ocean_post_title_background":0,"ocean_post_title_bg_image_position":"","ocean_post_title_bg_image_attachment":"","ocean_post_title_bg_image_repeat":"","ocean_post_title_bg_image_size":"","ocean_post_title_height":0,"ocean_post_title_bg_overlay":0.5,"ocean_post_title_bg_overlay_color":"","ocean_disable_breadcrumbs":"default","ocean_breadcrumbs_color":"","ocean_breadcrumbs_separator_color":"","ocean_breadcrumbs_links_color":"","ocean_breadcrumbs_links_hover_color":"","ocean_display_footer_widgets":"default","ocean_display_footer_bottom":"default","ocean_custom_footer_template":"0"},"product_brand":[],"product_cat":[640],"product_tag":[1245,1244,1243,641],"class_list":{"0":"post-4239","1":"product","2":"type-product","3":"status-publish","4":"has-post-thumbnail","6":"product_cat-mobile-navigationssysteme","7":"product_tag-1245","8":"product_tag-4ba6-001-02","9":"product_tag-go-classic-6-zoll","10":"product_tag-tomtom","12":"entry","13":"has-media","15":"first","16":"outofstock","17":"purchasable","18":"product-type-simple","19":"col","20":"span_1_of_4","21":"owp-content-center","22":"item-entry","23":"owp-thumbs-layout-horizontal","24":"owp-btn-normal","25":"owp-tabs-layout-horizontal"},"yoast_head":"<!-- This site is optimized with the Yoast SEO plugin v27.4 - https:\/\/yoast.com\/product\/yoast-seo-wordpress\/ -->\n<title>TomTom GO Classic 6 Zoll PKW Navigationsger\u00e4t<\/title>\n<meta name=\"description\" content=\"Original TomTom GO Classic 6 Zoll in sehr gutem Zustand. Inklusive Karten f\u00fcr Europa, Updates via WLAN, TomTom Traffic via Smartphone Verbindung.\" \/>\n<meta name=\"robots\" content=\"index, follow, max-snippet:-1, max-image-preview:large, max-video-preview:-1\" \/>\n<link rel=\"canonical\" href=\"https:\/\/www.navi-express.com\/en\/shop\/tomtom\/mobile-navigationssysteme\/tomtom-go-classic-6-zoll-pkw-navigationsgeraet-europa-karten-tomtom-traffic-wifi\/\" \/>\n<meta property=\"og:locale\" content=\"en_US\" \/>\n<meta property=\"og:type\" content=\"article\" \/>\n<meta property=\"og:title\" content=\"TomTom GO Classic 6 Zoll PKW Navigationsger\u00e4t\" \/>\n<meta property=\"og:description\" content=\"Original TomTom GO Classic 6 Zoll in sehr gutem Zustand. Inklusive Karten f\u00fcr Europa, Updates via WLAN, TomTom Traffic via Smartphone Verbindung.\" \/>\n<meta property=\"og:url\" content=\"https:\/\/www.navi-express.com\/en\/shop\/tomtom\/mobile-navigationssysteme\/tomtom-go-classic-6-zoll-pkw-navigationsgeraet-europa-karten-tomtom-traffic-wifi\/\" \/>\n<meta property=\"og:site_name\" content=\"Navi-Express\" \/>\n<meta property=\"article:modified_time\" content=\"2026-03-05T09:40:11+00:00\" \/>\n<meta property=\"og:image\" content=\"https:\/\/www.navi-express.com\/wp-content\/uploads\/2025\/02\/IMG_20250220_084441-scaled.jpg\" \/>\n\t<meta property=\"og:image:width\" content=\"2560\" \/>\n\t<meta property=\"og:image:height\" content=\"1920\" \/>\n\t<meta property=\"og:image:type\" content=\"image\/jpeg\" \/>\n<meta name=\"twitter:card\" content=\"summary_large_image\" \/>\n<meta name=\"twitter:label1\" content=\"Est. reading time\" \/>\n\t<meta name=\"twitter:data1\" content=\"2 minutes\" \/>\n<script type=\"application\/ld+json\" class=\"yoast-schema-graph\">{\"@context\":\"https:\\\/\\\/schema.org\",\"@graph\":[{\"@type\":\"WebPage\",\"@id\":\"https:\\\/\\\/www.navi-express.com\\\/shop\\\/tomtom\\\/mobile-navigationssysteme\\\/tomtom-go-classic-6-zoll-pkw-navigationsgeraet-europa-karten-tomtom-traffic-wifi\\\/\",\"url\":\"https:\\\/\\\/www.navi-express.com\\\/shop\\\/tomtom\\\/mobile-navigationssysteme\\\/tomtom-go-classic-6-zoll-pkw-navigationsgeraet-europa-karten-tomtom-traffic-wifi\\\/\",\"name\":\"TomTom GO Classic 6 Zoll PKW Navigationsger\u00e4t\",\"isPartOf\":{\"@id\":\"https:\\\/\\\/www.navi-express.com\\\/#website\"},\"primaryImageOfPage\":{\"@id\":\"https:\\\/\\\/www.navi-express.com\\\/shop\\\/tomtom\\\/mobile-navigationssysteme\\\/tomtom-go-classic-6-zoll-pkw-navigationsgeraet-europa-karten-tomtom-traffic-wifi\\\/#primaryimage\"},\"image\":{\"@id\":\"https:\\\/\\\/www.navi-express.com\\\/shop\\\/tomtom\\\/mobile-navigationssysteme\\\/tomtom-go-classic-6-zoll-pkw-navigationsgeraet-europa-karten-tomtom-traffic-wifi\\\/#primaryimage\"},\"thumbnailUrl\":\"https:\\\/\\\/www.navi-express.com\\\/wp-content\\\/uploads\\\/2025\\\/02\\\/IMG_20250220_084441-scaled.jpg\",\"datePublished\":\"2025-02-20T08:10:08+00:00\",\"dateModified\":\"2026-03-05T09:40:11+00:00\",\"description\":\"Original TomTom GO Classic 6 Zoll in sehr gutem Zustand. Inklusive Karten f\u00fcr Europa, Updates via WLAN, TomTom Traffic via Smartphone Verbindung.\",\"breadcrumb\":{\"@id\":\"https:\\\/\\\/www.navi-express.com\\\/shop\\\/tomtom\\\/mobile-navigationssysteme\\\/tomtom-go-classic-6-zoll-pkw-navigationsgeraet-europa-karten-tomtom-traffic-wifi\\\/#breadcrumb\"},\"inLanguage\":\"en-US\",\"potentialAction\":[{\"@type\":\"ReadAction\",\"target\":[\"https:\\\/\\\/www.navi-express.com\\\/shop\\\/tomtom\\\/mobile-navigationssysteme\\\/tomtom-go-classic-6-zoll-pkw-navigationsgeraet-europa-karten-tomtom-traffic-wifi\\\/\"]}]},{\"@type\":\"ImageObject\",\"inLanguage\":\"en-US\",\"@id\":\"https:\\\/\\\/www.navi-express.com\\\/shop\\\/tomtom\\\/mobile-navigationssysteme\\\/tomtom-go-classic-6-zoll-pkw-navigationsgeraet-europa-karten-tomtom-traffic-wifi\\\/#primaryimage\",\"url\":\"https:\\\/\\\/www.navi-express.com\\\/wp-content\\\/uploads\\\/2025\\\/02\\\/IMG_20250220_084441-scaled.jpg\",\"contentUrl\":\"https:\\\/\\\/www.navi-express.com\\\/wp-content\\\/uploads\\\/2025\\\/02\\\/IMG_20250220_084441-scaled.jpg\",\"width\":2560,\"height\":1920},{\"@type\":\"BreadcrumbList\",\"@id\":\"https:\\\/\\\/www.navi-express.com\\\/shop\\\/tomtom\\\/mobile-navigationssysteme\\\/tomtom-go-classic-6-zoll-pkw-navigationsgeraet-europa-karten-tomtom-traffic-wifi\\\/#breadcrumb\",\"itemListElement\":[{\"@type\":\"ListItem\",\"position\":1,\"name\":\"Startseite\",\"item\":\"https:\\\/\\\/www.navi-express.com\\\/\"},{\"@type\":\"ListItem\",\"position\":2,\"name\":\"Shop\",\"item\":\"https:\\\/\\\/www.navi-express.com\\\/shop\\\/\"},{\"@type\":\"ListItem\",\"position\":3,\"name\":\"TomTom GO Classic 6 Zoll PKW Navigationsger\u00e4t Europa-Karten &#038; TomTom Traffic &#038; WiFi\"}]},{\"@type\":\"WebSite\",\"@id\":\"https:\\\/\\\/www.navi-express.com\\\/#website\",\"url\":\"https:\\\/\\\/www.navi-express.com\\\/\",\"name\":\"Navi-Express\",\"description\":\"Ihr Experte f\u00fcr Navigation\",\"publisher\":{\"@id\":\"https:\\\/\\\/www.navi-express.com\\\/#organization\"},\"alternateName\":\"NE\",\"potentialAction\":[{\"@type\":\"SearchAction\",\"target\":{\"@type\":\"EntryPoint\",\"urlTemplate\":\"https:\\\/\\\/www.navi-express.com\\\/?s={search_term_string}\"},\"query-input\":{\"@type\":\"PropertyValueSpecification\",\"valueRequired\":true,\"valueName\":\"search_term_string\"}}],\"inLanguage\":\"en-US\"},{\"@type\":\"Organization\",\"@id\":\"https:\\\/\\\/www.navi-express.com\\\/#organization\",\"name\":\"Navi-Express\",\"alternateName\":\"NE\",\"url\":\"https:\\\/\\\/www.navi-express.com\\\/\",\"logo\":{\"@type\":\"ImageObject\",\"inLanguage\":\"en-US\",\"@id\":\"https:\\\/\\\/www.navi-express.com\\\/#\\\/schema\\\/logo\\\/image\\\/\",\"url\":\"https:\\\/\\\/www.navi-express.com\\\/wp-content\\\/uploads\\\/2019\\\/03\\\/cropped-logo-transpbearb-1.png\",\"contentUrl\":\"https:\\\/\\\/www.navi-express.com\\\/wp-content\\\/uploads\\\/2019\\\/03\\\/cropped-logo-transpbearb-1.png\",\"width\":512,\"height\":512,\"caption\":\"Navi-Express\"},\"image\":{\"@id\":\"https:\\\/\\\/www.navi-express.com\\\/#\\\/schema\\\/logo\\\/image\\\/\"}}]}<\/script>\n<!-- \/ Yoast SEO plugin. -->","yoast_head_json":{"title":"TomTom GO Classic 6 Zoll PKW Navigationsger\u00e4t","description":"Original TomTom GO Classic 6 Zoll in sehr gutem Zustand. Inklusive Karten f\u00fcr Europa, Updates via WLAN, TomTom Traffic via Smartphone Verbindung.","robots":{"index":"index","follow":"follow","max-snippet":"max-snippet:-1","max-image-preview":"max-image-preview:large","max-video-preview":"max-video-preview:-1"},"canonical":"https:\/\/www.navi-express.com\/en\/shop\/tomtom\/mobile-navigationssysteme\/tomtom-go-classic-6-zoll-pkw-navigationsgeraet-europa-karten-tomtom-traffic-wifi\/","og_locale":"en_US","og_type":"article","og_title":"TomTom GO Classic 6 Zoll PKW Navigationsger\u00e4t","og_description":"Original TomTom GO Classic 6 Zoll in sehr gutem Zustand. Inklusive Karten f\u00fcr Europa, Updates via WLAN, TomTom Traffic via Smartphone Verbindung.","og_url":"https:\/\/www.navi-express.com\/en\/shop\/tomtom\/mobile-navigationssysteme\/tomtom-go-classic-6-zoll-pkw-navigationsgeraet-europa-karten-tomtom-traffic-wifi\/","og_site_name":"Navi-Express","article_modified_time":"2026-03-05T09:40:11+00:00","og_image":[{"width":2560,"height":1920,"url":"https:\/\/www.navi-express.com\/wp-content\/uploads\/2025\/02\/IMG_20250220_084441-scaled.jpg","type":"image\/jpeg"}],"twitter_card":"summary_large_image","twitter_misc":{"Est. reading time":"2 minutes"},"schema":{"@context":"https:\/\/schema.org","@graph":[{"@type":"WebPage","@id":"https:\/\/www.navi-express.com\/shop\/tomtom\/mobile-navigationssysteme\/tomtom-go-classic-6-zoll-pkw-navigationsgeraet-europa-karten-tomtom-traffic-wifi\/","url":"https:\/\/www.navi-express.com\/shop\/tomtom\/mobile-navigationssysteme\/tomtom-go-classic-6-zoll-pkw-navigationsgeraet-europa-karten-tomtom-traffic-wifi\/","name":"TomTom GO Classic 6 Zoll PKW Navigationsger\u00e4t","isPartOf":{"@id":"https:\/\/www.navi-express.com\/#website"},"primaryImageOfPage":{"@id":"https:\/\/www.navi-express.com\/shop\/tomtom\/mobile-navigationssysteme\/tomtom-go-classic-6-zoll-pkw-navigationsgeraet-europa-karten-tomtom-traffic-wifi\/#primaryimage"},"image":{"@id":"https:\/\/www.navi-express.com\/shop\/tomtom\/mobile-navigationssysteme\/tomtom-go-classic-6-zoll-pkw-navigationsgeraet-europa-karten-tomtom-traffic-wifi\/#primaryimage"},"thumbnailUrl":"https:\/\/www.navi-express.com\/wp-content\/uploads\/2025\/02\/IMG_20250220_084441-scaled.jpg","datePublished":"2025-02-20T08:10:08+00:00","dateModified":"2026-03-05T09:40:11+00:00","description":"Original TomTom GO Classic 6 Zoll in sehr gutem Zustand. Inklusive Karten f\u00fcr Europa, Updates via WLAN, TomTom Traffic via Smartphone Verbindung.","breadcrumb":{"@id":"https:\/\/www.navi-express.com\/shop\/tomtom\/mobile-navigationssysteme\/tomtom-go-classic-6-zoll-pkw-navigationsgeraet-europa-karten-tomtom-traffic-wifi\/#breadcrumb"},"inLanguage":"en-US","potentialAction":[{"@type":"ReadAction","target":["https:\/\/www.navi-express.com\/shop\/tomtom\/mobile-navigationssysteme\/tomtom-go-classic-6-zoll-pkw-navigationsgeraet-europa-karten-tomtom-traffic-wifi\/"]}]},{"@type":"ImageObject","inLanguage":"en-US","@id":"https:\/\/www.navi-express.com\/shop\/tomtom\/mobile-navigationssysteme\/tomtom-go-classic-6-zoll-pkw-navigationsgeraet-europa-karten-tomtom-traffic-wifi\/#primaryimage","url":"https:\/\/www.navi-express.com\/wp-content\/uploads\/2025\/02\/IMG_20250220_084441-scaled.jpg","contentUrl":"https:\/\/www.navi-express.com\/wp-content\/uploads\/2025\/02\/IMG_20250220_084441-scaled.jpg","width":2560,"height":1920},{"@type":"BreadcrumbList","@id":"https:\/\/www.navi-express.com\/shop\/tomtom\/mobile-navigationssysteme\/tomtom-go-classic-6-zoll-pkw-navigationsgeraet-europa-karten-tomtom-traffic-wifi\/#breadcrumb","itemListElement":[{"@type":"ListItem","position":1,"name":"Startseite","item":"https:\/\/www.navi-express.com\/"},{"@type":"ListItem","position":2,"name":"Shop","item":"https:\/\/www.navi-express.com\/shop\/"},{"@type":"ListItem","position":3,"name":"TomTom GO Classic 6 Zoll PKW Navigationsger\u00e4t Europa-Karten &#038; TomTom Traffic &#038; WiFi"}]},{"@type":"WebSite","@id":"https:\/\/www.navi-express.com\/#website","url":"https:\/\/www.navi-express.com\/","name":"Navi-Express","description":"Ihr Experte f\u00fcr Navigation","publisher":{"@id":"https:\/\/www.navi-express.com\/#organization"},"alternateName":"NE","potentialAction":[{"@type":"SearchAction","target":{"@type":"EntryPoint","urlTemplate":"https:\/\/www.navi-express.com\/?s={search_term_string}"},"query-input":{"@type":"PropertyValueSpecification","valueRequired":true,"valueName":"search_term_string"}}],"inLanguage":"en-US"},{"@type":"Organization","@id":"https:\/\/www.navi-express.com\/#organization","name":"Navi-Express","alternateName":"NE","url":"https:\/\/www.navi-express.com\/","logo":{"@type":"ImageObject","inLanguage":"en-US","@id":"https:\/\/www.navi-express.com\/#\/schema\/logo\/image\/","url":"https:\/\/www.navi-express.com\/wp-content\/uploads\/2019\/03\/cropped-logo-transpbearb-1.png","contentUrl":"https:\/\/www.navi-express.com\/wp-content\/uploads\/2019\/03\/cropped-logo-transpbearb-1.png","width":512,"height":512,"caption":"Navi-Express"},"image":{"@id":"https:\/\/www.navi-express.com\/#\/schema\/logo\/image\/"}}]}},"_links":{"self":[{"href":"https:\/\/www.navi-express.com\/en\/wp-json\/wp\/v2\/product\/4239","targetHints":{"allow":["GET"]}}],"collection":[{"href":"https:\/\/www.navi-express.com\/en\/wp-json\/wp\/v2\/product"}],"about":[{"href":"https:\/\/www.navi-express.com\/en\/wp-json\/wp\/v2\/types\/product"}],"wp:featuredmedia":[{"embeddable":true,"href":"https:\/\/www.navi-express.com\/en\/wp-json\/wp\/v2\/media\/4240"}],"wp:attachment":[{"href":"https:\/\/www.navi-express.com\/en\/wp-json\/wp\/v2\/media?parent=4239"}],"wp:term":[{"taxonomy":"product_brand","embeddable":true,"href":"https:\/\/www.navi-express.com\/en\/wp-json\/wp\/v2\/product_brand?post=4239"},{"taxonomy":"product_cat","embeddable":true,"href":"https:\/\/www.navi-express.com\/en\/wp-json\/wp\/v2\/product_cat?post=4239"},{"taxonomy":"product_tag","embeddable":true,"href":"https:\/\/www.navi-express.com\/en\/wp-json\/wp\/v2\/product_tag?post=4239"}],"curies":[{"name":"wp","href":"https:\/\/api.w.org\/{rel}","templated":true}]}}