{"id":4251,"date":"2025-02-20T11:25:03","date_gmt":"2025-02-20T10:25:03","guid":{"rendered":"https:\/\/www.navi-express.com\/?post_type=product&#038;p=4251"},"modified":"2026-04-22T22:30:28","modified_gmt":"2026-04-22T20:30:28","slug":"tomtom-saugnapfhalterung-fuer-start-20-25-40-42-50-52-60-via-go-basic-go-classic","status":"publish","type":"product","link":"https:\/\/www.navi-express.com\/en\/shop\/tomtom\/zubehoer\/tomtom-saugnapfhalterung-fuer-start-20-25-40-42-50-52-60-via-go-basic-go-classic\/","title":{"rendered":"TomTom Saugnapfhalterung f\u00fcr Start 20 25 40 42 50 52 60 VIA GO Basic GO Classic"},"content":{"rendered":"<p><span style=\"color: #000000;\"><strong>Original TomTom Saugnapf Halterung<\/strong><\/span><\/p>\n<p><strong><span style=\"color: #000000;\">&gt;&gt; Saugnapf hat an der Unterseite die altersbedingten gew\u00f6hnlichen Risse (nicht die Klebeseite)<\/span><\/strong><\/p>\n<p><span style=\"color: #000000;\"><b><u>Kein weiteres Zubeh\u00f6r mit dabei (manche TomTom Ger\u00e4te ben\u00f6tigen das Verbindungsst\u00fcck!)<\/u><\/b><\/span><\/p>\n<p>&nbsp;<\/p>\n<p><strong><span style=\"color: #000000;\"><u>Geeignet f\u00fcr folgende TomTom Ger\u00e4te:<\/u><\/span><\/strong><\/p>\n<ul>\n<li><strong><span style=\"color: #000000;\">TomTom Start 20 , Start 25 , Start 40 , Start 42 , Start 50 , Start 52 , Start 60<\/span><\/strong><\/li>\n<li><strong><span style=\"color: #000000;\">TomTom Via 52 , Via 53 , Via 62 , Via 120 , Via 125 , Via 130 , Via 135<\/span><\/strong><\/li>\n<li><strong><span style=\"color: #000000;\">TomTom GO 40 , GO 400 , GO 50 , GO 51 , GO 60 , GO 61<\/span><\/strong><\/li>\n<li><strong><span style=\"color: #000000;\">TomTom GO Basic<\/span><\/strong><\/li>\n<li><strong><span style=\"color: #000000;\">TomTom GO Classic<\/span><\/strong><\/li>\n<\/ul>\n<p>&nbsp;<\/p>\n<p><strong><span style=\"color: #000000;\">&#8211;&gt; Nicht geeignet f\u00fcr andere TomTom Ger\u00e4te<\/span><\/strong><\/p>\n<p>&nbsp;<\/p>\n<p>____________________________________________________________________________________________________________________<\/p>\n<p><strong><span style=\"color: #000000;\"><u>Hersteller \/ EU verantwortliche Person:<\/u><\/span><\/strong><\/p>\n<p><strong><span style=\"color: #000000;\">TomTom N.V.<\/span><\/strong><\/p>\n<p><strong><span style=\"color: #000000;\">De Ruijterkade 154<\/span><\/strong><\/p>\n<p><strong><span style=\"color: #000000;\">1011 AC Amsterdam<\/span><\/strong><\/p>\n<p><strong><span style=\"color: #000000;\">The Netherlands<\/span><\/strong><\/p>\n<p><strong><span style=\"color: #000000;\">Tel.: +31 20-757-5000<\/span><\/strong><\/p>\n<p><strong><span style=\"color: #000000;\">E-Mail: IR@tomtom.com<\/span><\/strong><\/p>","protected":false},"excerpt":{"rendered":"<p>Original TomTom Saugnapf Halterung &gt;&gt; Saugnapf hat an der Unterseite die altersbedingten gew\u00f6hnlichen Risse (nicht die Klebeseite) Kein weiteres Zubeh\u00f6r mit dabei (manche TomTom Ger\u00e4te ben\u00f6tigen das Verbindungsst\u00fcck!) &nbsp; Geeignet f\u00fcr folgende TomTom Ger\u00e4te: TomTom Start 20 , Start 25 , Start 40 , Start 42 , Start 50 , Start 52 , Start 60 [&hellip;]<\/p>\n","protected":false},"featured_media":5457,"template":"","meta":{"ocean_post_layout":"","ocean_both_sidebars_style":"","ocean_both_sidebars_content_width":0,"ocean_both_sidebars_sidebars_width":0,"ocean_sidebar":"0","ocean_second_sidebar":"0","ocean_disable_margins":"enable","ocean_add_body_class":"","ocean_shortcode_before_top_bar":"","ocean_shortcode_after_top_bar":"","ocean_shortcode_before_header":"","ocean_shortcode_after_header":"","ocean_has_shortcode":"","ocean_shortcode_after_title":"","ocean_shortcode_before_footer_widgets":"","ocean_shortcode_after_footer_widgets":"","ocean_shortcode_before_footer_bottom":"","ocean_shortcode_after_footer_bottom":"","ocean_display_top_bar":"default","ocean_display_header":"default","ocean_header_style":"","ocean_center_header_left_menu":"0","ocean_custom_header_template":"0","ocean_custom_logo":0,"ocean_custom_retina_logo":0,"ocean_custom_logo_max_width":0,"ocean_custom_logo_tablet_max_width":0,"ocean_custom_logo_mobile_max_width":0,"ocean_custom_logo_max_height":0,"ocean_custom_logo_tablet_max_height":0,"ocean_custom_logo_mobile_max_height":0,"ocean_header_custom_menu":"0","ocean_menu_typo_font_family":"0","ocean_menu_typo_font_subset":"","ocean_menu_typo_font_size":0,"ocean_menu_typo_font_size_tablet":0,"ocean_menu_typo_font_size_mobile":0,"ocean_menu_typo_font_size_unit":"px","ocean_menu_typo_font_weight":"","ocean_menu_typo_font_weight_tablet":"","ocean_menu_typo_font_weight_mobile":"","ocean_menu_typo_transform":"","ocean_menu_typo_transform_tablet":"","ocean_menu_typo_transform_mobile":"","ocean_menu_typo_line_height":0,"ocean_menu_typo_line_height_tablet":0,"ocean_menu_typo_line_height_mobile":0,"ocean_menu_typo_line_height_unit":"","ocean_menu_typo_spacing":0,"ocean_menu_typo_spacing_tablet":0,"ocean_menu_typo_spacing_mobile":0,"ocean_menu_typo_spacing_unit":"","ocean_menu_link_color":"","ocean_menu_link_color_hover":"","ocean_menu_link_color_active":"","ocean_menu_link_background":"","ocean_menu_link_hover_background":"","ocean_menu_link_active_background":"","ocean_menu_social_links_bg":"","ocean_menu_social_hover_links_bg":"","ocean_menu_social_links_color":"","ocean_menu_social_hover_links_color":"","ocean_disable_title":"default","ocean_disable_heading":"default","ocean_post_title":"","ocean_post_subheading":"","ocean_post_title_style":"","ocean_post_title_background_color":"","ocean_post_title_background":0,"ocean_post_title_bg_image_position":"","ocean_post_title_bg_image_attachment":"","ocean_post_title_bg_image_repeat":"","ocean_post_title_bg_image_size":"","ocean_post_title_height":0,"ocean_post_title_bg_overlay":0.5,"ocean_post_title_bg_overlay_color":"","ocean_disable_breadcrumbs":"default","ocean_breadcrumbs_color":"","ocean_breadcrumbs_separator_color":"","ocean_breadcrumbs_links_color":"","ocean_breadcrumbs_links_hover_color":"","ocean_display_footer_widgets":"default","ocean_display_footer_bottom":"default","ocean_custom_footer_template":"0"},"product_brand":[],"product_cat":[639],"product_tag":[1161,1051,641],"class_list":{"0":"post-4251","1":"product","2":"type-product","3":"status-publish","4":"has-post-thumbnail","6":"product_cat-zubehoer","7":"product_tag-halterung","8":"product_tag-saugnapfhalterung","9":"product_tag-tomtom","11":"entry","12":"has-media","14":"first","15":"outofstock","16":"purchasable","17":"product-type-simple","18":"col","19":"span_1_of_4","20":"owp-content-center","21":"item-entry","22":"owp-thumbs-layout-horizontal","23":"owp-btn-normal","24":"owp-tabs-layout-horizontal"},"yoast_head":"<!-- This site is optimized with the Yoast SEO plugin v27.5 - https:\/\/yoast.com\/product\/yoast-seo-wordpress\/ -->\n<title>TomTom Saugnapfhalterung f\u00fcr Start, VIA GO GO Classic Bassic<\/title>\n<meta name=\"description\" content=\"Original TomTom Saugnapf Halterung geeignet f\u00fcr verschiedene TomTom Ger\u00e4te wie Start , VIA , GO , GO Basic und GO Classic.\" \/>\n<meta name=\"robots\" content=\"index, follow, max-snippet:-1, max-image-preview:large, max-video-preview:-1\" \/>\n<link rel=\"canonical\" href=\"https:\/\/www.navi-express.com\/en\/shop\/tomtom\/zubehoer\/tomtom-saugnapfhalterung-fuer-start-20-25-40-42-50-52-60-via-go-basic-go-classic\/\" \/>\n<meta property=\"og:locale\" content=\"en_US\" \/>\n<meta property=\"og:type\" content=\"article\" \/>\n<meta property=\"og:title\" content=\"TomTom Saugnapfhalterung f\u00fcr Start, VIA GO GO Classic Bassic\" \/>\n<meta property=\"og:description\" content=\"Original TomTom Saugnapf Halterung geeignet f\u00fcr verschiedene TomTom Ger\u00e4te wie Start , VIA , GO , GO Basic und GO Classic.\" \/>\n<meta property=\"og:url\" content=\"https:\/\/www.navi-express.com\/en\/shop\/tomtom\/zubehoer\/tomtom-saugnapfhalterung-fuer-start-20-25-40-42-50-52-60-via-go-basic-go-classic\/\" \/>\n<meta property=\"og:site_name\" content=\"Navi-Express\" \/>\n<meta property=\"article:modified_time\" content=\"2026-04-22T20:30:28+00:00\" \/>\n<meta property=\"og:image\" content=\"https:\/\/www.navi-express.com\/wp-content\/uploads\/2025\/02\/IMG_20250924_092219-scaled.jpg\" \/>\n\t<meta property=\"og:image:width\" content=\"2560\" \/>\n\t<meta property=\"og:image:height\" content=\"1920\" \/>\n\t<meta property=\"og:image:type\" content=\"image\/jpeg\" \/>\n<meta name=\"twitter:card\" content=\"summary_large_image\" \/>\n<meta name=\"twitter:label1\" content=\"Est. reading time\" \/>\n\t<meta name=\"twitter:data1\" content=\"1 minute\" \/>\n<script type=\"application\/ld+json\" class=\"yoast-schema-graph\">{\"@context\":\"https:\\\/\\\/schema.org\",\"@graph\":[{\"@type\":\"WebPage\",\"@id\":\"https:\\\/\\\/www.navi-express.com\\\/shop\\\/tomtom\\\/zubehoer\\\/tomtom-saugnapfhalterung-fuer-start-20-25-40-42-50-52-60-via-go-basic-go-classic\\\/\",\"url\":\"https:\\\/\\\/www.navi-express.com\\\/shop\\\/tomtom\\\/zubehoer\\\/tomtom-saugnapfhalterung-fuer-start-20-25-40-42-50-52-60-via-go-basic-go-classic\\\/\",\"name\":\"TomTom Saugnapfhalterung f\u00fcr Start, VIA GO GO Classic Bassic\",\"isPartOf\":{\"@id\":\"https:\\\/\\\/www.navi-express.com\\\/#website\"},\"primaryImageOfPage\":{\"@id\":\"https:\\\/\\\/www.navi-express.com\\\/shop\\\/tomtom\\\/zubehoer\\\/tomtom-saugnapfhalterung-fuer-start-20-25-40-42-50-52-60-via-go-basic-go-classic\\\/#primaryimage\"},\"image\":{\"@id\":\"https:\\\/\\\/www.navi-express.com\\\/shop\\\/tomtom\\\/zubehoer\\\/tomtom-saugnapfhalterung-fuer-start-20-25-40-42-50-52-60-via-go-basic-go-classic\\\/#primaryimage\"},\"thumbnailUrl\":\"https:\\\/\\\/www.navi-express.com\\\/wp-content\\\/uploads\\\/2025\\\/02\\\/IMG_20250924_092219-scaled.jpg\",\"datePublished\":\"2025-02-20T10:25:03+00:00\",\"dateModified\":\"2026-04-22T20:30:28+00:00\",\"description\":\"Original TomTom Saugnapf Halterung geeignet f\u00fcr verschiedene TomTom Ger\u00e4te wie Start , VIA , GO , GO Basic und GO Classic.\",\"breadcrumb\":{\"@id\":\"https:\\\/\\\/www.navi-express.com\\\/shop\\\/tomtom\\\/zubehoer\\\/tomtom-saugnapfhalterung-fuer-start-20-25-40-42-50-52-60-via-go-basic-go-classic\\\/#breadcrumb\"},\"inLanguage\":\"en-US\",\"potentialAction\":[{\"@type\":\"ReadAction\",\"target\":[\"https:\\\/\\\/www.navi-express.com\\\/shop\\\/tomtom\\\/zubehoer\\\/tomtom-saugnapfhalterung-fuer-start-20-25-40-42-50-52-60-via-go-basic-go-classic\\\/\"]}]},{\"@type\":\"ImageObject\",\"inLanguage\":\"en-US\",\"@id\":\"https:\\\/\\\/www.navi-express.com\\\/shop\\\/tomtom\\\/zubehoer\\\/tomtom-saugnapfhalterung-fuer-start-20-25-40-42-50-52-60-via-go-basic-go-classic\\\/#primaryimage\",\"url\":\"https:\\\/\\\/www.navi-express.com\\\/wp-content\\\/uploads\\\/2025\\\/02\\\/IMG_20250924_092219-scaled.jpg\",\"contentUrl\":\"https:\\\/\\\/www.navi-express.com\\\/wp-content\\\/uploads\\\/2025\\\/02\\\/IMG_20250924_092219-scaled.jpg\",\"width\":2560,\"height\":1920},{\"@type\":\"BreadcrumbList\",\"@id\":\"https:\\\/\\\/www.navi-express.com\\\/shop\\\/tomtom\\\/zubehoer\\\/tomtom-saugnapfhalterung-fuer-start-20-25-40-42-50-52-60-via-go-basic-go-classic\\\/#breadcrumb\",\"itemListElement\":[{\"@type\":\"ListItem\",\"position\":1,\"name\":\"Startseite\",\"item\":\"https:\\\/\\\/www.navi-express.com\\\/\"},{\"@type\":\"ListItem\",\"position\":2,\"name\":\"Shop\",\"item\":\"https:\\\/\\\/www.navi-express.com\\\/shop\\\/\"},{\"@type\":\"ListItem\",\"position\":3,\"name\":\"TomTom Saugnapfhalterung f\u00fcr Start 20 25 40 42 50 52 60 VIA GO Basic GO Classic\"}]},{\"@type\":\"WebSite\",\"@id\":\"https:\\\/\\\/www.navi-express.com\\\/#website\",\"url\":\"https:\\\/\\\/www.navi-express.com\\\/\",\"name\":\"Navi-Express\",\"description\":\"Ihr Experte f\u00fcr Navigation\",\"publisher\":{\"@id\":\"https:\\\/\\\/www.navi-express.com\\\/#organization\"},\"alternateName\":\"NE\",\"potentialAction\":[{\"@type\":\"SearchAction\",\"target\":{\"@type\":\"EntryPoint\",\"urlTemplate\":\"https:\\\/\\\/www.navi-express.com\\\/?s={search_term_string}\"},\"query-input\":{\"@type\":\"PropertyValueSpecification\",\"valueRequired\":true,\"valueName\":\"search_term_string\"}}],\"inLanguage\":\"en-US\"},{\"@type\":\"Organization\",\"@id\":\"https:\\\/\\\/www.navi-express.com\\\/#organization\",\"name\":\"Navi-Express\",\"alternateName\":\"NE\",\"url\":\"https:\\\/\\\/www.navi-express.com\\\/\",\"logo\":{\"@type\":\"ImageObject\",\"inLanguage\":\"en-US\",\"@id\":\"https:\\\/\\\/www.navi-express.com\\\/#\\\/schema\\\/logo\\\/image\\\/\",\"url\":\"https:\\\/\\\/www.navi-express.com\\\/wp-content\\\/uploads\\\/2019\\\/03\\\/cropped-logo-transpbearb-1.png\",\"contentUrl\":\"https:\\\/\\\/www.navi-express.com\\\/wp-content\\\/uploads\\\/2019\\\/03\\\/cropped-logo-transpbearb-1.png\",\"width\":512,\"height\":512,\"caption\":\"Navi-Express\"},\"image\":{\"@id\":\"https:\\\/\\\/www.navi-express.com\\\/#\\\/schema\\\/logo\\\/image\\\/\"}}]}<\/script>\n<!-- \/ Yoast SEO plugin. -->","yoast_head_json":{"title":"TomTom Saugnapfhalterung f\u00fcr Start, VIA GO GO Classic Bassic","description":"Original TomTom Saugnapf Halterung geeignet f\u00fcr verschiedene TomTom Ger\u00e4te wie Start , VIA , GO , GO Basic und GO Classic.","robots":{"index":"index","follow":"follow","max-snippet":"max-snippet:-1","max-image-preview":"max-image-preview:large","max-video-preview":"max-video-preview:-1"},"canonical":"https:\/\/www.navi-express.com\/en\/shop\/tomtom\/zubehoer\/tomtom-saugnapfhalterung-fuer-start-20-25-40-42-50-52-60-via-go-basic-go-classic\/","og_locale":"en_US","og_type":"article","og_title":"TomTom Saugnapfhalterung f\u00fcr Start, VIA GO GO Classic Bassic","og_description":"Original TomTom Saugnapf Halterung geeignet f\u00fcr verschiedene TomTom Ger\u00e4te wie Start , VIA , GO , GO Basic und GO Classic.","og_url":"https:\/\/www.navi-express.com\/en\/shop\/tomtom\/zubehoer\/tomtom-saugnapfhalterung-fuer-start-20-25-40-42-50-52-60-via-go-basic-go-classic\/","og_site_name":"Navi-Express","article_modified_time":"2026-04-22T20:30:28+00:00","og_image":[{"width":2560,"height":1920,"url":"https:\/\/www.navi-express.com\/wp-content\/uploads\/2025\/02\/IMG_20250924_092219-scaled.jpg","type":"image\/jpeg"}],"twitter_card":"summary_large_image","twitter_misc":{"Est. reading time":"1 minute"},"schema":{"@context":"https:\/\/schema.org","@graph":[{"@type":"WebPage","@id":"https:\/\/www.navi-express.com\/shop\/tomtom\/zubehoer\/tomtom-saugnapfhalterung-fuer-start-20-25-40-42-50-52-60-via-go-basic-go-classic\/","url":"https:\/\/www.navi-express.com\/shop\/tomtom\/zubehoer\/tomtom-saugnapfhalterung-fuer-start-20-25-40-42-50-52-60-via-go-basic-go-classic\/","name":"TomTom Saugnapfhalterung f\u00fcr Start, VIA GO GO Classic Bassic","isPartOf":{"@id":"https:\/\/www.navi-express.com\/#website"},"primaryImageOfPage":{"@id":"https:\/\/www.navi-express.com\/shop\/tomtom\/zubehoer\/tomtom-saugnapfhalterung-fuer-start-20-25-40-42-50-52-60-via-go-basic-go-classic\/#primaryimage"},"image":{"@id":"https:\/\/www.navi-express.com\/shop\/tomtom\/zubehoer\/tomtom-saugnapfhalterung-fuer-start-20-25-40-42-50-52-60-via-go-basic-go-classic\/#primaryimage"},"thumbnailUrl":"https:\/\/www.navi-express.com\/wp-content\/uploads\/2025\/02\/IMG_20250924_092219-scaled.jpg","datePublished":"2025-02-20T10:25:03+00:00","dateModified":"2026-04-22T20:30:28+00:00","description":"Original TomTom Saugnapf Halterung geeignet f\u00fcr verschiedene TomTom Ger\u00e4te wie Start , VIA , GO , GO Basic und GO Classic.","breadcrumb":{"@id":"https:\/\/www.navi-express.com\/shop\/tomtom\/zubehoer\/tomtom-saugnapfhalterung-fuer-start-20-25-40-42-50-52-60-via-go-basic-go-classic\/#breadcrumb"},"inLanguage":"en-US","potentialAction":[{"@type":"ReadAction","target":["https:\/\/www.navi-express.com\/shop\/tomtom\/zubehoer\/tomtom-saugnapfhalterung-fuer-start-20-25-40-42-50-52-60-via-go-basic-go-classic\/"]}]},{"@type":"ImageObject","inLanguage":"en-US","@id":"https:\/\/www.navi-express.com\/shop\/tomtom\/zubehoer\/tomtom-saugnapfhalterung-fuer-start-20-25-40-42-50-52-60-via-go-basic-go-classic\/#primaryimage","url":"https:\/\/www.navi-express.com\/wp-content\/uploads\/2025\/02\/IMG_20250924_092219-scaled.jpg","contentUrl":"https:\/\/www.navi-express.com\/wp-content\/uploads\/2025\/02\/IMG_20250924_092219-scaled.jpg","width":2560,"height":1920},{"@type":"BreadcrumbList","@id":"https:\/\/www.navi-express.com\/shop\/tomtom\/zubehoer\/tomtom-saugnapfhalterung-fuer-start-20-25-40-42-50-52-60-via-go-basic-go-classic\/#breadcrumb","itemListElement":[{"@type":"ListItem","position":1,"name":"Startseite","item":"https:\/\/www.navi-express.com\/"},{"@type":"ListItem","position":2,"name":"Shop","item":"https:\/\/www.navi-express.com\/shop\/"},{"@type":"ListItem","position":3,"name":"TomTom Saugnapfhalterung f\u00fcr Start 20 25 40 42 50 52 60 VIA GO Basic GO Classic"}]},{"@type":"WebSite","@id":"https:\/\/www.navi-express.com\/#website","url":"https:\/\/www.navi-express.com\/","name":"Navi-Express","description":"Ihr Experte f\u00fcr Navigation","publisher":{"@id":"https:\/\/www.navi-express.com\/#organization"},"alternateName":"NE","potentialAction":[{"@type":"SearchAction","target":{"@type":"EntryPoint","urlTemplate":"https:\/\/www.navi-express.com\/?s={search_term_string}"},"query-input":{"@type":"PropertyValueSpecification","valueRequired":true,"valueName":"search_term_string"}}],"inLanguage":"en-US"},{"@type":"Organization","@id":"https:\/\/www.navi-express.com\/#organization","name":"Navi-Express","alternateName":"NE","url":"https:\/\/www.navi-express.com\/","logo":{"@type":"ImageObject","inLanguage":"en-US","@id":"https:\/\/www.navi-express.com\/#\/schema\/logo\/image\/","url":"https:\/\/www.navi-express.com\/wp-content\/uploads\/2019\/03\/cropped-logo-transpbearb-1.png","contentUrl":"https:\/\/www.navi-express.com\/wp-content\/uploads\/2019\/03\/cropped-logo-transpbearb-1.png","width":512,"height":512,"caption":"Navi-Express"},"image":{"@id":"https:\/\/www.navi-express.com\/#\/schema\/logo\/image\/"}}]}},"_links":{"self":[{"href":"https:\/\/www.navi-express.com\/en\/wp-json\/wp\/v2\/product\/4251","targetHints":{"allow":["GET"]}}],"collection":[{"href":"https:\/\/www.navi-express.com\/en\/wp-json\/wp\/v2\/product"}],"about":[{"href":"https:\/\/www.navi-express.com\/en\/wp-json\/wp\/v2\/types\/product"}],"wp:featuredmedia":[{"embeddable":true,"href":"https:\/\/www.navi-express.com\/en\/wp-json\/wp\/v2\/media\/5457"}],"wp:attachment":[{"href":"https:\/\/www.navi-express.com\/en\/wp-json\/wp\/v2\/media?parent=4251"}],"wp:term":[{"taxonomy":"product_brand","embeddable":true,"href":"https:\/\/www.navi-express.com\/en\/wp-json\/wp\/v2\/product_brand?post=4251"},{"taxonomy":"product_cat","embeddable":true,"href":"https:\/\/www.navi-express.com\/en\/wp-json\/wp\/v2\/product_cat?post=4251"},{"taxonomy":"product_tag","embeddable":true,"href":"https:\/\/www.navi-express.com\/en\/wp-json\/wp\/v2\/product_tag?post=4251"}],"curies":[{"name":"wp","href":"https:\/\/api.w.org\/{rel}","templated":true}]}}