{"id":429,"date":"2020-01-29T11:34:07","date_gmt":"2020-01-29T10:34:07","guid":{"rendered":"https:\/\/www.navi-express.com\/?post_type=product&#038;p=429"},"modified":"2025-08-20T17:02:22","modified_gmt":"2025-08-20T15:02:22","slug":"navigation-cd-for-blaupunkt-travelpilot-e-ex-deutschland-major-roads-of-europe-version-2019","status":"publish","type":"product","link":"https:\/\/www.navi-express.com\/en\/shop\/audi-2\/bns-5-0\/navigation-cd-for-blaupunkt-travelpilot-e-ex-deutschland-major-roads-of-europe-version-2019\/","title":{"rendered":"Navigation CD for Blaupunkt TravelPilot E (EX) DEUTSCHLAND + Major Roads of Europe 2019"},"content":{"rendered":"<p><strong>Originales und Neues Navigations-CD Set von Bosch<\/strong><\/p>\n<p><strong><span style=\"color: #000000;\">Navigation CD-ROM f\u00fcr Blaupunkt E (EX)<\/span><\/strong><\/p>\n<p><strong>CD1: Deutschland Version 2019<\/strong><\/p>\n<p><strong>CD2: &#8222;MAJOR ROADS OF EUROPA&#8220; f\u00fcr Fernreisen ins Ausland \u00fcber die <\/strong><strong>Hauptverkehrsstra\u00dfen Europas (KEINE Detailstra\u00dfen)<\/strong><\/p>\n<p><strong><span style=\"color: #000000;\">(Andorra, \u00d6sterreich, Belgien, Tschechien, D\u00e4nemark, Finnland, Frankreich, Deutschland, Gibraltar, Griechenland, Ungarn, Irland, Italien, Luxemburg, Liechtenstein, Niederlande, Norwegen, Polen, Portugal, San Marino, Slowakei, Spanien, Schweden, Schweiz und Gro\u00dfbritannien \/ United Kingdom (UK)<\/span><\/strong><\/p>\n<blockquote><p><strong><span style=\"color: #000000;\">&gt; Keine Navigation zwischen Ortschaften bzw. St\u00e4dten innerhalb eines Landes m\u00f6glich !<\/span><\/strong><\/p>\n<p><strong><span style=\"color: #000000;\">&gt; Keine Nebenstra\u00dfen und Ortsstra\u00dfen erkenntlich !<\/span><\/strong><\/p>\n<p><strong><span style=\"color: #000000;\">&gt; Navigations-Endziel meistens im Orts-\/Stadt Zentrum !<\/span><\/strong><\/p><\/blockquote>\n<p>&nbsp;<\/p>\n<p><strong><span style=\"color: #000000;\"><u>Geeignet f\u00fcr folgende Navigationssysteme:<\/u><\/span><\/strong><\/p>\n<ul>\n<li><strong><span style=\"color: #000000;\">Audi BNS 5.0 in A3 , A4 und TT<\/span><\/strong><\/li>\n<li><strong><span style=\"color: #000000;\">Ford Travelpilot EX in C-Max , Mondeo , Focus und Galaxy<\/span><\/strong><\/li>\n<li><strong><span style=\"color: #000000;\">Seat RNS MP3 in Leon und Toledo<\/span><\/strong><\/li>\n<li><strong><span style=\"color: #000000;\">Skoda RNS Cruise in Octavia<\/span><\/strong><\/li>\n<li><strong><span style=\"color: #000000;\">Volkswagen RNS 300<\/span><\/strong><\/li>\n<\/ul>\n<p>&nbsp;<\/p>\n<p><strong><span style=\"color: #000000;\"><u>Blaupunkt:<\/u><\/span><\/strong><\/p>\n<p><strong><span style=\"color: #000000;\">Travelpilot E 1<\/span><\/strong><\/p>\n<p><strong><span style=\"color: #000000;\">Travelpilot E 2<\/span><\/strong><\/p>\n<p><strong><span style=\"color: #000000;\">Travelpilot Freestyler<\/span><\/strong><\/p>\n<p><strong><span style=\"color: #000000;\">Travelpilot E EXACT<\/span><\/strong><\/p>\n<p><strong><span style=\"color: #000000;\">Travelpilot E EXACT MP3<\/span><\/strong><\/p>\n<p><strong><span style=\"color: #000000;\">Travelpilot Rome NAV 55 E , 57 E<\/span><\/strong><\/p>\n<p><strong><span style=\"color: #000000;\">Travelpilot Amsterdam NAV 35 E<\/span><\/strong><\/p>\n<p><strong><span style=\"color: #000000;\">Amsterdam NAV 37 E<\/span><\/strong><\/p>\n<p><strong><span style=\"color: #000000;\">Travelpilot Rome Europe NAV 56 E , 57 E<\/span><\/strong><\/p>\n<p><strong><span style=\"color: #000000;\">Stockholm Europe NAV 47 E<\/span><\/strong><\/p>\n<p>&nbsp;<\/p>\n<p>____________________________________________________________________________________________________________________<\/p>\n<p><strong><span style=\"color: #000000;\"><u>Hersteller \/ EU verantwortliche Person:<\/u><\/span><\/strong><\/p>\n<p><strong><span style=\"color: #000000;\">Robert Bosch GmbH<\/span><\/strong><\/p>\n<p><strong><span style=\"color: #000000;\">Robert-Bosch-Platz 1<\/span><\/strong><\/p>\n<p><strong><span style=\"color: #000000;\">70839 Gerlingen-Schillerh\u00f6he<\/span><\/strong><\/p>\n<p><strong><span style=\"color: #000000;\">Deutschland<\/span><\/strong><\/p>\n<p><strong><span style=\"color: #000000;\">Tel.: +49 711 400 40990<\/span><\/strong><\/p>\n<p><strong><span style=\"color: #000000;\">E-Mail: kontakt@bosch.de<\/span><\/strong><\/p>","protected":false},"excerpt":{"rendered":"<p>Originales und Neues Navigations-CD Set von Bosch Navigation CD-ROM f\u00fcr Blaupunkt E (EX) CD1: Deutschland Version 2019 CD2: &#8222;MAJOR ROADS OF EUROPA&#8220; f\u00fcr Fernreisen ins Ausland \u00fcber die Hauptverkehrsstra\u00dfen Europas (KEINE Detailstra\u00dfen) (Andorra, \u00d6sterreich, Belgien, Tschechien, D\u00e4nemark, Finnland, Frankreich, Deutschland, Gibraltar, Griechenland, Ungarn, Irland, Italien, Luxemburg, Liechtenstein, Niederlande, Norwegen, Polen, Portugal, San Marino, Slowakei, Spanien, [&hellip;]<\/p>\n","protected":false},"featured_media":1181,"template":"","meta":{"ocean_post_layout":"","ocean_both_sidebars_style":"","ocean_both_sidebars_content_width":0,"ocean_both_sidebars_sidebars_width":0,"ocean_sidebar":"0","ocean_second_sidebar":"0","ocean_disable_margins":"enable","ocean_add_body_class":"","ocean_shortcode_before_top_bar":"","ocean_shortcode_after_top_bar":"","ocean_shortcode_before_header":"","ocean_shortcode_after_header":"","ocean_has_shortcode":"","ocean_shortcode_after_title":"","ocean_shortcode_before_footer_widgets":"","ocean_shortcode_after_footer_widgets":"","ocean_shortcode_before_footer_bottom":"","ocean_shortcode_after_footer_bottom":"","ocean_display_top_bar":"default","ocean_display_header":"default","ocean_header_style":"","ocean_center_header_left_menu":"0","ocean_custom_header_template":"0","ocean_custom_logo":0,"ocean_custom_retina_logo":0,"ocean_custom_logo_max_width":0,"ocean_custom_logo_tablet_max_width":0,"ocean_custom_logo_mobile_max_width":0,"ocean_custom_logo_max_height":0,"ocean_custom_logo_tablet_max_height":0,"ocean_custom_logo_mobile_max_height":0,"ocean_header_custom_menu":"0","ocean_menu_typo_font_family":"0","ocean_menu_typo_font_subset":"","ocean_menu_typo_font_size":0,"ocean_menu_typo_font_size_tablet":0,"ocean_menu_typo_font_size_mobile":0,"ocean_menu_typo_font_size_unit":"px","ocean_menu_typo_font_weight":"","ocean_menu_typo_font_weight_tablet":"","ocean_menu_typo_font_weight_mobile":"","ocean_menu_typo_transform":"","ocean_menu_typo_transform_tablet":"","ocean_menu_typo_transform_mobile":"","ocean_menu_typo_line_height":0,"ocean_menu_typo_line_height_tablet":0,"ocean_menu_typo_line_height_mobile":0,"ocean_menu_typo_line_height_unit":"","ocean_menu_typo_spacing":0,"ocean_menu_typo_spacing_tablet":0,"ocean_menu_typo_spacing_mobile":0,"ocean_menu_typo_spacing_unit":"","ocean_menu_link_color":"","ocean_menu_link_color_hover":"","ocean_menu_link_color_active":"","ocean_menu_link_background":"","ocean_menu_link_hover_background":"","ocean_menu_link_active_background":"","ocean_menu_social_links_bg":"","ocean_menu_social_hover_links_bg":"","ocean_menu_social_links_color":"","ocean_menu_social_hover_links_color":"","ocean_disable_title":"default","ocean_disable_heading":"default","ocean_post_title":"","ocean_post_subheading":"","ocean_post_title_style":"","ocean_post_title_background_color":"","ocean_post_title_background":0,"ocean_post_title_bg_image_position":"","ocean_post_title_bg_image_attachment":"","ocean_post_title_bg_image_repeat":"","ocean_post_title_bg_image_size":"","ocean_post_title_height":0,"ocean_post_title_bg_overlay":0.5,"ocean_post_title_bg_overlay_color":"","ocean_disable_breadcrumbs":"default","ocean_breadcrumbs_color":"","ocean_breadcrumbs_separator_color":"","ocean_breadcrumbs_links_color":"","ocean_breadcrumbs_links_hover_color":"","ocean_display_footer_widgets":"default","ocean_display_footer_bottom":"default","ocean_custom_footer_template":"0"},"product_brand":[],"product_cat":[122,850,447],"product_tag":[125,127,124,130,848,131],"class_list":{"0":"post-429","1":"product","2":"type-product","3":"status-publish","4":"has-post-thumbnail","6":"product_cat-blaupunkt-travelpilot-e","7":"product_cat-bns-5-0","8":"product_cat-travelpilot-ex","9":"product_tag-blaupunkt-travelpilot-e","10":"product_tag-deutschland-version-2019","11":"product_tag-e-ex","12":"product_tag-ford-travelpilot-ex","13":"product_tag-rns-300","14":"product_tag-travelpilot-e-e1-e2","16":"entry","17":"has-media","19":"first","20":"outofstock","21":"purchasable","22":"product-type-simple","23":"col","24":"span_1_of_4","25":"owp-content-center","26":"item-entry","27":"owp-thumbs-layout-horizontal","28":"owp-btn-normal","29":"owp-tabs-layout-horizontal"},"yoast_head":"<!-- This site is optimized with the Yoast SEO plugin v27.5 - https:\/\/yoast.com\/product\/yoast-seo-wordpress\/ -->\n<title>Navigation CD for Blaupunkt TravelPilot E (EX) DEUTSCHLAND + Major Roads of Europe 2019 - Navi-Express<\/title>\n<meta name=\"robots\" content=\"index, follow, max-snippet:-1, max-image-preview:large, max-video-preview:-1\" \/>\n<link rel=\"canonical\" href=\"https:\/\/www.navi-express.com\/en\/shop\/audi-2\/bns-5-0\/navigation-cd-for-blaupunkt-travelpilot-e-ex-deutschland-major-roads-of-europe-version-2019\/\" \/>\n<meta property=\"og:locale\" content=\"en_US\" \/>\n<meta property=\"og:type\" content=\"article\" \/>\n<meta property=\"og:title\" content=\"Navigation CD for Blaupunkt TravelPilot E (EX) DEUTSCHLAND + Major Roads of Europe 2019 - Navi-Express\" \/>\n<meta property=\"og:description\" content=\"Originales und Neues Navigations-CD Set von Bosch Navigation CD-ROM f\u00fcr Blaupunkt E (EX) CD1: Deutschland Version 2019 CD2: &#8222;MAJOR ROADS OF EUROPA&#8220; f\u00fcr Fernreisen ins Ausland \u00fcber die Hauptverkehrsstra\u00dfen Europas (KEINE Detailstra\u00dfen) (Andorra, \u00d6sterreich, Belgien, Tschechien, D\u00e4nemark, Finnland, Frankreich, Deutschland, Gibraltar, Griechenland, Ungarn, Irland, Italien, Luxemburg, Liechtenstein, Niederlande, Norwegen, Polen, Portugal, San Marino, Slowakei, Spanien, [&hellip;]\" \/>\n<meta property=\"og:url\" content=\"https:\/\/www.navi-express.com\/en\/shop\/audi-2\/bns-5-0\/navigation-cd-for-blaupunkt-travelpilot-e-ex-deutschland-major-roads-of-europe-version-2019\/\" \/>\n<meta property=\"og:site_name\" content=\"Navi-Express\" \/>\n<meta property=\"article:modified_time\" content=\"2025-08-20T15:02:22+00:00\" \/>\n<meta property=\"og:image\" content=\"https:\/\/www.navi-express.com\/wp-content\/uploads\/2020\/01\/Blaupunkt-Travelpilot-E-Deutschland-2019-neu-1--scaled.jpg\" \/>\n\t<meta property=\"og:image:width\" content=\"1920\" \/>\n\t<meta property=\"og:image:height\" content=\"2560\" \/>\n\t<meta property=\"og:image:type\" content=\"image\/jpeg\" \/>\n<meta name=\"twitter:card\" content=\"summary_large_image\" \/>\n<meta name=\"twitter:label1\" content=\"Est. reading time\" \/>\n\t<meta name=\"twitter:data1\" content=\"2 minutes\" \/>\n<script type=\"application\/ld+json\" class=\"yoast-schema-graph\">{\"@context\":\"https:\\\/\\\/schema.org\",\"@graph\":[{\"@type\":\"WebPage\",\"@id\":\"https:\\\/\\\/www.navi-express.com\\\/shop\\\/audi-2\\\/bns-5-0\\\/navigation-cd-for-blaupunkt-travelpilot-e-ex-deutschland-major-roads-of-europe-version-2019\\\/\",\"url\":\"https:\\\/\\\/www.navi-express.com\\\/shop\\\/audi-2\\\/bns-5-0\\\/navigation-cd-for-blaupunkt-travelpilot-e-ex-deutschland-major-roads-of-europe-version-2019\\\/\",\"name\":\"Navigation CD for Blaupunkt TravelPilot E (EX) DEUTSCHLAND + Major Roads of Europe 2019 - Navi-Express\",\"isPartOf\":{\"@id\":\"https:\\\/\\\/www.navi-express.com\\\/#website\"},\"primaryImageOfPage\":{\"@id\":\"https:\\\/\\\/www.navi-express.com\\\/shop\\\/audi-2\\\/bns-5-0\\\/navigation-cd-for-blaupunkt-travelpilot-e-ex-deutschland-major-roads-of-europe-version-2019\\\/#primaryimage\"},\"image\":{\"@id\":\"https:\\\/\\\/www.navi-express.com\\\/shop\\\/audi-2\\\/bns-5-0\\\/navigation-cd-for-blaupunkt-travelpilot-e-ex-deutschland-major-roads-of-europe-version-2019\\\/#primaryimage\"},\"thumbnailUrl\":\"https:\\\/\\\/www.navi-express.com\\\/wp-content\\\/uploads\\\/2020\\\/01\\\/Blaupunkt-Travelpilot-E-Deutschland-2019-neu-1--scaled.jpg\",\"datePublished\":\"2020-01-29T10:34:07+00:00\",\"dateModified\":\"2025-08-20T15:02:22+00:00\",\"breadcrumb\":{\"@id\":\"https:\\\/\\\/www.navi-express.com\\\/shop\\\/audi-2\\\/bns-5-0\\\/navigation-cd-for-blaupunkt-travelpilot-e-ex-deutschland-major-roads-of-europe-version-2019\\\/#breadcrumb\"},\"inLanguage\":\"en-US\",\"potentialAction\":[{\"@type\":\"ReadAction\",\"target\":[\"https:\\\/\\\/www.navi-express.com\\\/shop\\\/audi-2\\\/bns-5-0\\\/navigation-cd-for-blaupunkt-travelpilot-e-ex-deutschland-major-roads-of-europe-version-2019\\\/\"]}]},{\"@type\":\"ImageObject\",\"inLanguage\":\"en-US\",\"@id\":\"https:\\\/\\\/www.navi-express.com\\\/shop\\\/audi-2\\\/bns-5-0\\\/navigation-cd-for-blaupunkt-travelpilot-e-ex-deutschland-major-roads-of-europe-version-2019\\\/#primaryimage\",\"url\":\"https:\\\/\\\/www.navi-express.com\\\/wp-content\\\/uploads\\\/2020\\\/01\\\/Blaupunkt-Travelpilot-E-Deutschland-2019-neu-1--scaled.jpg\",\"contentUrl\":\"https:\\\/\\\/www.navi-express.com\\\/wp-content\\\/uploads\\\/2020\\\/01\\\/Blaupunkt-Travelpilot-E-Deutschland-2019-neu-1--scaled.jpg\",\"width\":1920,\"height\":2560},{\"@type\":\"BreadcrumbList\",\"@id\":\"https:\\\/\\\/www.navi-express.com\\\/shop\\\/audi-2\\\/bns-5-0\\\/navigation-cd-for-blaupunkt-travelpilot-e-ex-deutschland-major-roads-of-europe-version-2019\\\/#breadcrumb\",\"itemListElement\":[{\"@type\":\"ListItem\",\"position\":1,\"name\":\"Startseite\",\"item\":\"https:\\\/\\\/www.navi-express.com\\\/\"},{\"@type\":\"ListItem\",\"position\":2,\"name\":\"Shop\",\"item\":\"https:\\\/\\\/www.navi-express.com\\\/shop\\\/\"},{\"@type\":\"ListItem\",\"position\":3,\"name\":\"Navigation CD for Blaupunkt TravelPilot E (EX) DEUTSCHLAND + Major Roads of Europe 2019\"}]},{\"@type\":\"WebSite\",\"@id\":\"https:\\\/\\\/www.navi-express.com\\\/#website\",\"url\":\"https:\\\/\\\/www.navi-express.com\\\/\",\"name\":\"Navi-Express\",\"description\":\"Ihr Experte f\u00fcr Navigation\",\"publisher\":{\"@id\":\"https:\\\/\\\/www.navi-express.com\\\/#organization\"},\"alternateName\":\"NE\",\"potentialAction\":[{\"@type\":\"SearchAction\",\"target\":{\"@type\":\"EntryPoint\",\"urlTemplate\":\"https:\\\/\\\/www.navi-express.com\\\/?s={search_term_string}\"},\"query-input\":{\"@type\":\"PropertyValueSpecification\",\"valueRequired\":true,\"valueName\":\"search_term_string\"}}],\"inLanguage\":\"en-US\"},{\"@type\":\"Organization\",\"@id\":\"https:\\\/\\\/www.navi-express.com\\\/#organization\",\"name\":\"Navi-Express\",\"alternateName\":\"NE\",\"url\":\"https:\\\/\\\/www.navi-express.com\\\/\",\"logo\":{\"@type\":\"ImageObject\",\"inLanguage\":\"en-US\",\"@id\":\"https:\\\/\\\/www.navi-express.com\\\/#\\\/schema\\\/logo\\\/image\\\/\",\"url\":\"https:\\\/\\\/www.navi-express.com\\\/wp-content\\\/uploads\\\/2019\\\/03\\\/cropped-logo-transpbearb-1.png\",\"contentUrl\":\"https:\\\/\\\/www.navi-express.com\\\/wp-content\\\/uploads\\\/2019\\\/03\\\/cropped-logo-transpbearb-1.png\",\"width\":512,\"height\":512,\"caption\":\"Navi-Express\"},\"image\":{\"@id\":\"https:\\\/\\\/www.navi-express.com\\\/#\\\/schema\\\/logo\\\/image\\\/\"}}]}<\/script>\n<!-- \/ Yoast SEO plugin. -->","yoast_head_json":{"title":"Navigation CD for Blaupunkt TravelPilot E (EX) DEUTSCHLAND + Major Roads of Europe 2019 - Navi-Express","robots":{"index":"index","follow":"follow","max-snippet":"max-snippet:-1","max-image-preview":"max-image-preview:large","max-video-preview":"max-video-preview:-1"},"canonical":"https:\/\/www.navi-express.com\/en\/shop\/audi-2\/bns-5-0\/navigation-cd-for-blaupunkt-travelpilot-e-ex-deutschland-major-roads-of-europe-version-2019\/","og_locale":"en_US","og_type":"article","og_title":"Navigation CD for Blaupunkt TravelPilot E (EX) DEUTSCHLAND + Major Roads of Europe 2019 - Navi-Express","og_description":"Originales und Neues Navigations-CD Set von Bosch Navigation CD-ROM f\u00fcr Blaupunkt E (EX) CD1: Deutschland Version 2019 CD2: &#8222;MAJOR ROADS OF EUROPA&#8220; f\u00fcr Fernreisen ins Ausland \u00fcber die Hauptverkehrsstra\u00dfen Europas (KEINE Detailstra\u00dfen) (Andorra, \u00d6sterreich, Belgien, Tschechien, D\u00e4nemark, Finnland, Frankreich, Deutschland, Gibraltar, Griechenland, Ungarn, Irland, Italien, Luxemburg, Liechtenstein, Niederlande, Norwegen, Polen, Portugal, San Marino, Slowakei, Spanien, [&hellip;]","og_url":"https:\/\/www.navi-express.com\/en\/shop\/audi-2\/bns-5-0\/navigation-cd-for-blaupunkt-travelpilot-e-ex-deutschland-major-roads-of-europe-version-2019\/","og_site_name":"Navi-Express","article_modified_time":"2025-08-20T15:02:22+00:00","og_image":[{"width":1920,"height":2560,"url":"https:\/\/www.navi-express.com\/wp-content\/uploads\/2020\/01\/Blaupunkt-Travelpilot-E-Deutschland-2019-neu-1--scaled.jpg","type":"image\/jpeg"}],"twitter_card":"summary_large_image","twitter_misc":{"Est. reading time":"2 minutes"},"schema":{"@context":"https:\/\/schema.org","@graph":[{"@type":"WebPage","@id":"https:\/\/www.navi-express.com\/shop\/audi-2\/bns-5-0\/navigation-cd-for-blaupunkt-travelpilot-e-ex-deutschland-major-roads-of-europe-version-2019\/","url":"https:\/\/www.navi-express.com\/shop\/audi-2\/bns-5-0\/navigation-cd-for-blaupunkt-travelpilot-e-ex-deutschland-major-roads-of-europe-version-2019\/","name":"Navigation CD for Blaupunkt TravelPilot E (EX) DEUTSCHLAND + Major Roads of Europe 2019 - Navi-Express","isPartOf":{"@id":"https:\/\/www.navi-express.com\/#website"},"primaryImageOfPage":{"@id":"https:\/\/www.navi-express.com\/shop\/audi-2\/bns-5-0\/navigation-cd-for-blaupunkt-travelpilot-e-ex-deutschland-major-roads-of-europe-version-2019\/#primaryimage"},"image":{"@id":"https:\/\/www.navi-express.com\/shop\/audi-2\/bns-5-0\/navigation-cd-for-blaupunkt-travelpilot-e-ex-deutschland-major-roads-of-europe-version-2019\/#primaryimage"},"thumbnailUrl":"https:\/\/www.navi-express.com\/wp-content\/uploads\/2020\/01\/Blaupunkt-Travelpilot-E-Deutschland-2019-neu-1--scaled.jpg","datePublished":"2020-01-29T10:34:07+00:00","dateModified":"2025-08-20T15:02:22+00:00","breadcrumb":{"@id":"https:\/\/www.navi-express.com\/shop\/audi-2\/bns-5-0\/navigation-cd-for-blaupunkt-travelpilot-e-ex-deutschland-major-roads-of-europe-version-2019\/#breadcrumb"},"inLanguage":"en-US","potentialAction":[{"@type":"ReadAction","target":["https:\/\/www.navi-express.com\/shop\/audi-2\/bns-5-0\/navigation-cd-for-blaupunkt-travelpilot-e-ex-deutschland-major-roads-of-europe-version-2019\/"]}]},{"@type":"ImageObject","inLanguage":"en-US","@id":"https:\/\/www.navi-express.com\/shop\/audi-2\/bns-5-0\/navigation-cd-for-blaupunkt-travelpilot-e-ex-deutschland-major-roads-of-europe-version-2019\/#primaryimage","url":"https:\/\/www.navi-express.com\/wp-content\/uploads\/2020\/01\/Blaupunkt-Travelpilot-E-Deutschland-2019-neu-1--scaled.jpg","contentUrl":"https:\/\/www.navi-express.com\/wp-content\/uploads\/2020\/01\/Blaupunkt-Travelpilot-E-Deutschland-2019-neu-1--scaled.jpg","width":1920,"height":2560},{"@type":"BreadcrumbList","@id":"https:\/\/www.navi-express.com\/shop\/audi-2\/bns-5-0\/navigation-cd-for-blaupunkt-travelpilot-e-ex-deutschland-major-roads-of-europe-version-2019\/#breadcrumb","itemListElement":[{"@type":"ListItem","position":1,"name":"Startseite","item":"https:\/\/www.navi-express.com\/"},{"@type":"ListItem","position":2,"name":"Shop","item":"https:\/\/www.navi-express.com\/shop\/"},{"@type":"ListItem","position":3,"name":"Navigation CD for Blaupunkt TravelPilot E (EX) DEUTSCHLAND + Major Roads of Europe 2019"}]},{"@type":"WebSite","@id":"https:\/\/www.navi-express.com\/#website","url":"https:\/\/www.navi-express.com\/","name":"Navi-Express","description":"Ihr Experte f\u00fcr Navigation","publisher":{"@id":"https:\/\/www.navi-express.com\/#organization"},"alternateName":"NE","potentialAction":[{"@type":"SearchAction","target":{"@type":"EntryPoint","urlTemplate":"https:\/\/www.navi-express.com\/?s={search_term_string}"},"query-input":{"@type":"PropertyValueSpecification","valueRequired":true,"valueName":"search_term_string"}}],"inLanguage":"en-US"},{"@type":"Organization","@id":"https:\/\/www.navi-express.com\/#organization","name":"Navi-Express","alternateName":"NE","url":"https:\/\/www.navi-express.com\/","logo":{"@type":"ImageObject","inLanguage":"en-US","@id":"https:\/\/www.navi-express.com\/#\/schema\/logo\/image\/","url":"https:\/\/www.navi-express.com\/wp-content\/uploads\/2019\/03\/cropped-logo-transpbearb-1.png","contentUrl":"https:\/\/www.navi-express.com\/wp-content\/uploads\/2019\/03\/cropped-logo-transpbearb-1.png","width":512,"height":512,"caption":"Navi-Express"},"image":{"@id":"https:\/\/www.navi-express.com\/#\/schema\/logo\/image\/"}}]}},"_links":{"self":[{"href":"https:\/\/www.navi-express.com\/en\/wp-json\/wp\/v2\/product\/429","targetHints":{"allow":["GET"]}}],"collection":[{"href":"https:\/\/www.navi-express.com\/en\/wp-json\/wp\/v2\/product"}],"about":[{"href":"https:\/\/www.navi-express.com\/en\/wp-json\/wp\/v2\/types\/product"}],"wp:featuredmedia":[{"embeddable":true,"href":"https:\/\/www.navi-express.com\/en\/wp-json\/wp\/v2\/media\/1181"}],"wp:attachment":[{"href":"https:\/\/www.navi-express.com\/en\/wp-json\/wp\/v2\/media?parent=429"}],"wp:term":[{"taxonomy":"product_brand","embeddable":true,"href":"https:\/\/www.navi-express.com\/en\/wp-json\/wp\/v2\/product_brand?post=429"},{"taxonomy":"product_cat","embeddable":true,"href":"https:\/\/www.navi-express.com\/en\/wp-json\/wp\/v2\/product_cat?post=429"},{"taxonomy":"product_tag","embeddable":true,"href":"https:\/\/www.navi-express.com\/en\/wp-json\/wp\/v2\/product_tag?post=429"}],"curies":[{"name":"wp","href":"https:\/\/api.w.org\/{rel}","templated":true}]}}