{"id":4359,"date":"2025-03-03T09:24:24","date_gmt":"2025-03-03T08:24:24","guid":{"rendered":"https:\/\/www.navi-express.com\/?post_type=product&#038;p=4359"},"modified":"2026-03-09T10:57:01","modified_gmt":"2026-03-09T09:57:01","slug":"tomtom-go-5000-5-zoll-pkw-navi-europa-karten-traffic-radar-sim-karte","status":"publish","type":"product","link":"https:\/\/www.navi-express.com\/en\/shop\/tomtom\/mobile-navigationssysteme\/tomtom-go-5000-5-zoll-pkw-navi-europa-karten-traffic-radar-sim-karte\/","title":{"rendered":"TomTom GO 5000 5 Zoll PKW Navi Europa Karten &#038; Traffic &#038; Radar &#038; SIM Karte"},"content":{"rendered":"<p>&nbsp;<\/p>\n<p><span style=\"color: #000000;\"><strong>Original TomTom GO 5000 PKW Navigationsger\u00e4t mit 5 Zoll Display<\/strong><\/span><\/p>\n<p><span style=\"color: #000000;\"><strong>in gebrauchten Zustand mit einigen Gebrauchsspuren (siehe Fotos)<\/strong><\/span><\/p>\n<p><span style=\"color: #000000;\"><strong>&gt;&gt; Schwacher Akku; funktioniert aber bestens mit Stromzufuhr<\/strong><\/span><\/p>\n<p><strong><span style=\"color: #000000;\">&gt;&gt; Vor Versand m\u00fcssten wir nochmal die Funktionalit\u00e4t der SIM-Karte \u00fcberpr\u00fcfen !<\/span><\/strong><\/p>\n<p>&nbsp;<\/p>\n<p><strong><span style=\"color: #000000;\"><u>inkl. Zubeh\u00f6r:<\/u><\/span><\/strong><\/p>\n<ul>\n<li><strong><span style=\"color: #000000;\">Saugnapf Halterung (Magnethalterung)<\/span><\/strong><\/li>\n<li><strong><span style=\"color: #000000;\">USB-Ladekabel<\/span><\/strong><\/li>\n<li><strong><span style=\"color: #000000;\">Autoladeger\u00e4t<\/span><\/strong><\/li>\n<li><span style=\"color: #000000;\"><strong>8 GB Micro SD Karte<\/strong><\/span><\/li>\n<\/ul>\n<p>&nbsp;<\/p>\n<div><strong><span style=\"color: #000000;\"><u>Zustand:<\/u><\/span><\/strong><\/div>\n<div>\n<ul>\n<li><strong><span style=\"color: #000000;\">Display hat ein paar Kratzer (Siehe Fotos)<\/span><\/strong><\/li>\n<li><strong><span style=\"color: #000000;\">Geh\u00e4use und R\u00fcckseite haben erkennbare Gebrauchsspuren<\/span><\/strong><\/li>\n<li><span style=\"color: #000000;\"><strong>Schwacher Akku, funktioniert aber bestens mit Stromzufuhr<\/strong><\/span><\/li>\n<li><strong><span style=\"color: #000000;\">Europa Karten sind bereits vorinstalliert<\/span><\/strong><\/li>\n<li><strong><span style=\"color: #000000;\">Das Ger\u00e4t wird vor Versand auf Werkseinstellungen zur\u00fcck gesetzt<\/span><\/strong><\/li>\n<li><strong><span style=\"color: #000000;\">Machen Sie Ihre pers\u00f6nlichen Einstellungen und schon sind Sie navigationsbereit !<\/span><\/strong><\/li>\n<\/ul>\n<\/div>\n<div><\/div>\n<div><\/div>\n<p>&nbsp;<\/p>\n<div><strong><span style=\"color: #000000;\"><u>Eigenschaften:<\/u><\/span><\/strong><\/div>\n<div>\n<ul>\n<li><strong><span style=\"color: #000000;\">PKW Navi mit 5 Zoll (ca. 13cm) Touchscreen Display<\/span><\/strong><\/li>\n<li><strong><span style=\"color: #000000;\">Kostenlose Software- und Kartenupdates f\u00fcr Europa \u00fcber PC-Programm (KEIN WLAN)<\/span><\/strong><\/li>\n<li><strong><span style=\"color: #000000;\">Kostenlose Verkehrsinfos \u00fcber die integrierte SIM-Karte (wie lange dieser Dienst in Zukunft noch verf\u00fcgbar ist, ist leider unbekannt, vor Versand wird nochmal \u00fcberpr\u00fcft, ob die SIM Karte noch funktioniert)<\/span><\/strong><\/li>\n<li><strong><span style=\"color: #000000;\">Radarkameras (inkl. kostenloser Updates)<\/span><\/strong><\/li>\n<li><strong><span style=\"color: #000000;\">Interaktive Karte, Tap &amp; Go, Schnellsuche, 3D Karten Ansicht, Speak &amp; Go Sprachsteuerung<\/span><\/strong><\/li>\n<li><strong><span style=\"color: #000000;\">Fahrspurassistent<\/span><\/strong><\/li>\n<li><strong><span style=\"color: #000000;\">8 GB interner Speicher + Micro SD Kartenslot<\/span><\/strong><\/li>\n<\/ul>\n<\/div>\n<p>&nbsp;<\/p>\n<p>____________________________________________________________________________________________________________________<\/p>\n<p><strong><span style=\"color: #000000;\"><u>Hersteller \/ EU verantwortliche Person:<\/u><\/span><\/strong><\/p>\n<p><strong><span style=\"color: #000000;\">TomTom N.V.<\/span><\/strong><\/p>\n<p><strong><span style=\"color: #000000;\">De Ruijterkade 154<\/span><\/strong><\/p>\n<p><strong><span style=\"color: #000000;\">1011 AC Amsterdam<\/span><\/strong><\/p>\n<p><strong><span style=\"color: #000000;\">The Netherlands<\/span><\/strong><\/p>\n<p><strong><span style=\"color: #000000;\">Tel.: +31 20-757-5000<\/span><\/strong><\/p>\n<p><strong><span style=\"color: #000000;\">E-Mail: IR@tomtom.com<\/span><\/strong><\/p>","protected":false},"excerpt":{"rendered":"<p>&nbsp; Original TomTom GO 5000 PKW Navigationsger\u00e4t mit 5 Zoll Display in gebrauchten Zustand mit einigen Gebrauchsspuren (siehe Fotos) &gt;&gt; Schwacher Akku; funktioniert aber bestens mit Stromzufuhr &gt;&gt; Vor Versand m\u00fcssten wir nochmal die Funktionalit\u00e4t der SIM-Karte \u00fcberpr\u00fcfen ! &nbsp; inkl. Zubeh\u00f6r: Saugnapf Halterung (Magnethalterung) USB-Ladekabel Autoladeger\u00e4t 8 GB Micro SD Karte &nbsp; Zustand: Display [&hellip;]<\/p>\n","protected":false},"featured_media":4360,"template":"","meta":{"ocean_post_layout":"","ocean_both_sidebars_style":"","ocean_both_sidebars_content_width":0,"ocean_both_sidebars_sidebars_width":0,"ocean_sidebar":"0","ocean_second_sidebar":"0","ocean_disable_margins":"enable","ocean_add_body_class":"","ocean_shortcode_before_top_bar":"","ocean_shortcode_after_top_bar":"","ocean_shortcode_before_header":"","ocean_shortcode_after_header":"","ocean_has_shortcode":"","ocean_shortcode_after_title":"","ocean_shortcode_before_footer_widgets":"","ocean_shortcode_after_footer_widgets":"","ocean_shortcode_before_footer_bottom":"","ocean_shortcode_after_footer_bottom":"","ocean_display_top_bar":"default","ocean_display_header":"default","ocean_header_style":"","ocean_center_header_left_menu":"0","ocean_custom_header_template":"0","ocean_custom_logo":0,"ocean_custom_retina_logo":0,"ocean_custom_logo_max_width":0,"ocean_custom_logo_tablet_max_width":0,"ocean_custom_logo_mobile_max_width":0,"ocean_custom_logo_max_height":0,"ocean_custom_logo_tablet_max_height":0,"ocean_custom_logo_mobile_max_height":0,"ocean_header_custom_menu":"0","ocean_menu_typo_font_family":"0","ocean_menu_typo_font_subset":"","ocean_menu_typo_font_size":0,"ocean_menu_typo_font_size_tablet":0,"ocean_menu_typo_font_size_mobile":0,"ocean_menu_typo_font_size_unit":"px","ocean_menu_typo_font_weight":"","ocean_menu_typo_font_weight_tablet":"","ocean_menu_typo_font_weight_mobile":"","ocean_menu_typo_transform":"","ocean_menu_typo_transform_tablet":"","ocean_menu_typo_transform_mobile":"","ocean_menu_typo_line_height":0,"ocean_menu_typo_line_height_tablet":0,"ocean_menu_typo_line_height_mobile":0,"ocean_menu_typo_line_height_unit":"","ocean_menu_typo_spacing":0,"ocean_menu_typo_spacing_tablet":0,"ocean_menu_typo_spacing_mobile":0,"ocean_menu_typo_spacing_unit":"","ocean_menu_link_color":"","ocean_menu_link_color_hover":"","ocean_menu_link_color_active":"","ocean_menu_link_background":"","ocean_menu_link_hover_background":"","ocean_menu_link_active_background":"","ocean_menu_social_links_bg":"","ocean_menu_social_hover_links_bg":"","ocean_menu_social_links_color":"","ocean_menu_social_hover_links_color":"","ocean_disable_title":"default","ocean_disable_heading":"default","ocean_post_title":"","ocean_post_subheading":"","ocean_post_title_style":"","ocean_post_title_background_color":"","ocean_post_title_background":0,"ocean_post_title_bg_image_position":"","ocean_post_title_bg_image_attachment":"","ocean_post_title_bg_image_repeat":"","ocean_post_title_bg_image_size":"","ocean_post_title_height":0,"ocean_post_title_bg_overlay":0.5,"ocean_post_title_bg_overlay_color":"","ocean_disable_breadcrumbs":"default","ocean_breadcrumbs_color":"","ocean_breadcrumbs_separator_color":"","ocean_breadcrumbs_links_color":"","ocean_breadcrumbs_links_hover_color":"","ocean_display_footer_widgets":"default","ocean_display_footer_bottom":"default","ocean_custom_footer_template":"0"},"product_brand":[],"product_cat":[640],"product_tag":[1052,641],"class_list":{"0":"post-4359","1":"product","2":"type-product","3":"status-publish","4":"has-post-thumbnail","6":"product_cat-mobile-navigationssysteme","7":"product_tag-go-5000","8":"product_tag-tomtom","10":"entry","11":"has-media","13":"first","14":"outofstock","15":"purchasable","16":"product-type-simple","17":"col","18":"span_1_of_4","19":"owp-content-center","20":"item-entry","21":"owp-thumbs-layout-horizontal","22":"owp-btn-normal","23":"owp-tabs-layout-horizontal"},"yoast_head":"<!-- This site is optimized with the Yoast SEO plugin v27.4 - https:\/\/yoast.com\/product\/yoast-seo-wordpress\/ -->\n<title>TomTom GO 5000 5 Zoll PKW Navi Europa Karten SIM Karte<\/title>\n<meta name=\"description\" content=\"Original TomTom GO 5000 PKW Navigationsger\u00e4t mit 5 Zoll Display. Inklusive Kostenloser Kartenupdates f\u00fcr Europa. Radarwarner und Traffic via SIM-Karte.\" \/>\n<meta name=\"robots\" content=\"index, follow, max-snippet:-1, max-image-preview:large, max-video-preview:-1\" \/>\n<link rel=\"canonical\" href=\"https:\/\/www.navi-express.com\/en\/shop\/tomtom\/mobile-navigationssysteme\/tomtom-go-5000-5-zoll-pkw-navi-europa-karten-traffic-radar-sim-karte\/\" \/>\n<meta property=\"og:locale\" content=\"en_US\" \/>\n<meta property=\"og:type\" content=\"article\" \/>\n<meta property=\"og:title\" content=\"TomTom GO 5000 5 Zoll PKW Navi Europa Karten SIM Karte\" \/>\n<meta property=\"og:description\" content=\"Original TomTom GO 5000 PKW Navigationsger\u00e4t mit 5 Zoll Display. Inklusive Kostenloser Kartenupdates f\u00fcr Europa. Radarwarner und Traffic via SIM-Karte.\" \/>\n<meta property=\"og:url\" content=\"https:\/\/www.navi-express.com\/en\/shop\/tomtom\/mobile-navigationssysteme\/tomtom-go-5000-5-zoll-pkw-navi-europa-karten-traffic-radar-sim-karte\/\" \/>\n<meta property=\"og:site_name\" content=\"Navi-Express\" \/>\n<meta property=\"article:modified_time\" content=\"2026-03-09T09:57:01+00:00\" \/>\n<meta property=\"og:image\" content=\"https:\/\/www.navi-express.com\/wp-content\/uploads\/2025\/03\/IMG_20250302_154003-scaled.jpg\" \/>\n\t<meta property=\"og:image:width\" content=\"2560\" \/>\n\t<meta property=\"og:image:height\" content=\"1920\" \/>\n\t<meta property=\"og:image:type\" content=\"image\/jpeg\" \/>\n<meta name=\"twitter:card\" content=\"summary_large_image\" \/>\n<meta name=\"twitter:label1\" content=\"Est. reading time\" \/>\n\t<meta name=\"twitter:data1\" content=\"2 minutes\" \/>\n<script type=\"application\/ld+json\" class=\"yoast-schema-graph\">{\"@context\":\"https:\\\/\\\/schema.org\",\"@graph\":[{\"@type\":\"WebPage\",\"@id\":\"https:\\\/\\\/www.navi-express.com\\\/shop\\\/tomtom\\\/mobile-navigationssysteme\\\/tomtom-go-5000-5-zoll-pkw-navi-europa-karten-traffic-radar-sim-karte\\\/\",\"url\":\"https:\\\/\\\/www.navi-express.com\\\/shop\\\/tomtom\\\/mobile-navigationssysteme\\\/tomtom-go-5000-5-zoll-pkw-navi-europa-karten-traffic-radar-sim-karte\\\/\",\"name\":\"TomTom GO 5000 5 Zoll PKW Navi Europa Karten SIM Karte\",\"isPartOf\":{\"@id\":\"https:\\\/\\\/www.navi-express.com\\\/#website\"},\"primaryImageOfPage\":{\"@id\":\"https:\\\/\\\/www.navi-express.com\\\/shop\\\/tomtom\\\/mobile-navigationssysteme\\\/tomtom-go-5000-5-zoll-pkw-navi-europa-karten-traffic-radar-sim-karte\\\/#primaryimage\"},\"image\":{\"@id\":\"https:\\\/\\\/www.navi-express.com\\\/shop\\\/tomtom\\\/mobile-navigationssysteme\\\/tomtom-go-5000-5-zoll-pkw-navi-europa-karten-traffic-radar-sim-karte\\\/#primaryimage\"},\"thumbnailUrl\":\"https:\\\/\\\/www.navi-express.com\\\/wp-content\\\/uploads\\\/2025\\\/03\\\/IMG_20250302_154003-scaled.jpg\",\"datePublished\":\"2025-03-03T08:24:24+00:00\",\"dateModified\":\"2026-03-09T09:57:01+00:00\",\"description\":\"Original TomTom GO 5000 PKW Navigationsger\u00e4t mit 5 Zoll Display. Inklusive Kostenloser Kartenupdates f\u00fcr Europa. Radarwarner und Traffic via SIM-Karte.\",\"breadcrumb\":{\"@id\":\"https:\\\/\\\/www.navi-express.com\\\/shop\\\/tomtom\\\/mobile-navigationssysteme\\\/tomtom-go-5000-5-zoll-pkw-navi-europa-karten-traffic-radar-sim-karte\\\/#breadcrumb\"},\"inLanguage\":\"en-US\",\"potentialAction\":[{\"@type\":\"ReadAction\",\"target\":[\"https:\\\/\\\/www.navi-express.com\\\/shop\\\/tomtom\\\/mobile-navigationssysteme\\\/tomtom-go-5000-5-zoll-pkw-navi-europa-karten-traffic-radar-sim-karte\\\/\"]}]},{\"@type\":\"ImageObject\",\"inLanguage\":\"en-US\",\"@id\":\"https:\\\/\\\/www.navi-express.com\\\/shop\\\/tomtom\\\/mobile-navigationssysteme\\\/tomtom-go-5000-5-zoll-pkw-navi-europa-karten-traffic-radar-sim-karte\\\/#primaryimage\",\"url\":\"https:\\\/\\\/www.navi-express.com\\\/wp-content\\\/uploads\\\/2025\\\/03\\\/IMG_20250302_154003-scaled.jpg\",\"contentUrl\":\"https:\\\/\\\/www.navi-express.com\\\/wp-content\\\/uploads\\\/2025\\\/03\\\/IMG_20250302_154003-scaled.jpg\",\"width\":2560,\"height\":1920},{\"@type\":\"BreadcrumbList\",\"@id\":\"https:\\\/\\\/www.navi-express.com\\\/shop\\\/tomtom\\\/mobile-navigationssysteme\\\/tomtom-go-5000-5-zoll-pkw-navi-europa-karten-traffic-radar-sim-karte\\\/#breadcrumb\",\"itemListElement\":[{\"@type\":\"ListItem\",\"position\":1,\"name\":\"Startseite\",\"item\":\"https:\\\/\\\/www.navi-express.com\\\/\"},{\"@type\":\"ListItem\",\"position\":2,\"name\":\"Shop\",\"item\":\"https:\\\/\\\/www.navi-express.com\\\/shop\\\/\"},{\"@type\":\"ListItem\",\"position\":3,\"name\":\"TomTom GO 5000 5 Zoll PKW Navi Europa Karten &#038; Traffic &#038; Radar &#038; SIM Karte\"}]},{\"@type\":\"WebSite\",\"@id\":\"https:\\\/\\\/www.navi-express.com\\\/#website\",\"url\":\"https:\\\/\\\/www.navi-express.com\\\/\",\"name\":\"Navi-Express\",\"description\":\"Ihr Experte f\u00fcr Navigation\",\"publisher\":{\"@id\":\"https:\\\/\\\/www.navi-express.com\\\/#organization\"},\"alternateName\":\"NE\",\"potentialAction\":[{\"@type\":\"SearchAction\",\"target\":{\"@type\":\"EntryPoint\",\"urlTemplate\":\"https:\\\/\\\/www.navi-express.com\\\/?s={search_term_string}\"},\"query-input\":{\"@type\":\"PropertyValueSpecification\",\"valueRequired\":true,\"valueName\":\"search_term_string\"}}],\"inLanguage\":\"en-US\"},{\"@type\":\"Organization\",\"@id\":\"https:\\\/\\\/www.navi-express.com\\\/#organization\",\"name\":\"Navi-Express\",\"alternateName\":\"NE\",\"url\":\"https:\\\/\\\/www.navi-express.com\\\/\",\"logo\":{\"@type\":\"ImageObject\",\"inLanguage\":\"en-US\",\"@id\":\"https:\\\/\\\/www.navi-express.com\\\/#\\\/schema\\\/logo\\\/image\\\/\",\"url\":\"https:\\\/\\\/www.navi-express.com\\\/wp-content\\\/uploads\\\/2019\\\/03\\\/cropped-logo-transpbearb-1.png\",\"contentUrl\":\"https:\\\/\\\/www.navi-express.com\\\/wp-content\\\/uploads\\\/2019\\\/03\\\/cropped-logo-transpbearb-1.png\",\"width\":512,\"height\":512,\"caption\":\"Navi-Express\"},\"image\":{\"@id\":\"https:\\\/\\\/www.navi-express.com\\\/#\\\/schema\\\/logo\\\/image\\\/\"}}]}<\/script>\n<!-- \/ Yoast SEO plugin. -->","yoast_head_json":{"title":"TomTom GO 5000 5 Zoll PKW Navi Europa Karten SIM Karte","description":"Original TomTom GO 5000 PKW Navigationsger\u00e4t mit 5 Zoll Display. Inklusive Kostenloser Kartenupdates f\u00fcr Europa. Radarwarner und Traffic via SIM-Karte.","robots":{"index":"index","follow":"follow","max-snippet":"max-snippet:-1","max-image-preview":"max-image-preview:large","max-video-preview":"max-video-preview:-1"},"canonical":"https:\/\/www.navi-express.com\/en\/shop\/tomtom\/mobile-navigationssysteme\/tomtom-go-5000-5-zoll-pkw-navi-europa-karten-traffic-radar-sim-karte\/","og_locale":"en_US","og_type":"article","og_title":"TomTom GO 5000 5 Zoll PKW Navi Europa Karten SIM Karte","og_description":"Original TomTom GO 5000 PKW Navigationsger\u00e4t mit 5 Zoll Display. Inklusive Kostenloser Kartenupdates f\u00fcr Europa. Radarwarner und Traffic via SIM-Karte.","og_url":"https:\/\/www.navi-express.com\/en\/shop\/tomtom\/mobile-navigationssysteme\/tomtom-go-5000-5-zoll-pkw-navi-europa-karten-traffic-radar-sim-karte\/","og_site_name":"Navi-Express","article_modified_time":"2026-03-09T09:57:01+00:00","og_image":[{"width":2560,"height":1920,"url":"https:\/\/www.navi-express.com\/wp-content\/uploads\/2025\/03\/IMG_20250302_154003-scaled.jpg","type":"image\/jpeg"}],"twitter_card":"summary_large_image","twitter_misc":{"Est. reading time":"2 minutes"},"schema":{"@context":"https:\/\/schema.org","@graph":[{"@type":"WebPage","@id":"https:\/\/www.navi-express.com\/shop\/tomtom\/mobile-navigationssysteme\/tomtom-go-5000-5-zoll-pkw-navi-europa-karten-traffic-radar-sim-karte\/","url":"https:\/\/www.navi-express.com\/shop\/tomtom\/mobile-navigationssysteme\/tomtom-go-5000-5-zoll-pkw-navi-europa-karten-traffic-radar-sim-karte\/","name":"TomTom GO 5000 5 Zoll PKW Navi Europa Karten SIM Karte","isPartOf":{"@id":"https:\/\/www.navi-express.com\/#website"},"primaryImageOfPage":{"@id":"https:\/\/www.navi-express.com\/shop\/tomtom\/mobile-navigationssysteme\/tomtom-go-5000-5-zoll-pkw-navi-europa-karten-traffic-radar-sim-karte\/#primaryimage"},"image":{"@id":"https:\/\/www.navi-express.com\/shop\/tomtom\/mobile-navigationssysteme\/tomtom-go-5000-5-zoll-pkw-navi-europa-karten-traffic-radar-sim-karte\/#primaryimage"},"thumbnailUrl":"https:\/\/www.navi-express.com\/wp-content\/uploads\/2025\/03\/IMG_20250302_154003-scaled.jpg","datePublished":"2025-03-03T08:24:24+00:00","dateModified":"2026-03-09T09:57:01+00:00","description":"Original TomTom GO 5000 PKW Navigationsger\u00e4t mit 5 Zoll Display. Inklusive Kostenloser Kartenupdates f\u00fcr Europa. Radarwarner und Traffic via SIM-Karte.","breadcrumb":{"@id":"https:\/\/www.navi-express.com\/shop\/tomtom\/mobile-navigationssysteme\/tomtom-go-5000-5-zoll-pkw-navi-europa-karten-traffic-radar-sim-karte\/#breadcrumb"},"inLanguage":"en-US","potentialAction":[{"@type":"ReadAction","target":["https:\/\/www.navi-express.com\/shop\/tomtom\/mobile-navigationssysteme\/tomtom-go-5000-5-zoll-pkw-navi-europa-karten-traffic-radar-sim-karte\/"]}]},{"@type":"ImageObject","inLanguage":"en-US","@id":"https:\/\/www.navi-express.com\/shop\/tomtom\/mobile-navigationssysteme\/tomtom-go-5000-5-zoll-pkw-navi-europa-karten-traffic-radar-sim-karte\/#primaryimage","url":"https:\/\/www.navi-express.com\/wp-content\/uploads\/2025\/03\/IMG_20250302_154003-scaled.jpg","contentUrl":"https:\/\/www.navi-express.com\/wp-content\/uploads\/2025\/03\/IMG_20250302_154003-scaled.jpg","width":2560,"height":1920},{"@type":"BreadcrumbList","@id":"https:\/\/www.navi-express.com\/shop\/tomtom\/mobile-navigationssysteme\/tomtom-go-5000-5-zoll-pkw-navi-europa-karten-traffic-radar-sim-karte\/#breadcrumb","itemListElement":[{"@type":"ListItem","position":1,"name":"Startseite","item":"https:\/\/www.navi-express.com\/"},{"@type":"ListItem","position":2,"name":"Shop","item":"https:\/\/www.navi-express.com\/shop\/"},{"@type":"ListItem","position":3,"name":"TomTom GO 5000 5 Zoll PKW Navi Europa Karten &#038; Traffic &#038; Radar &#038; SIM Karte"}]},{"@type":"WebSite","@id":"https:\/\/www.navi-express.com\/#website","url":"https:\/\/www.navi-express.com\/","name":"Navi-Express","description":"Ihr Experte f\u00fcr Navigation","publisher":{"@id":"https:\/\/www.navi-express.com\/#organization"},"alternateName":"NE","potentialAction":[{"@type":"SearchAction","target":{"@type":"EntryPoint","urlTemplate":"https:\/\/www.navi-express.com\/?s={search_term_string}"},"query-input":{"@type":"PropertyValueSpecification","valueRequired":true,"valueName":"search_term_string"}}],"inLanguage":"en-US"},{"@type":"Organization","@id":"https:\/\/www.navi-express.com\/#organization","name":"Navi-Express","alternateName":"NE","url":"https:\/\/www.navi-express.com\/","logo":{"@type":"ImageObject","inLanguage":"en-US","@id":"https:\/\/www.navi-express.com\/#\/schema\/logo\/image\/","url":"https:\/\/www.navi-express.com\/wp-content\/uploads\/2019\/03\/cropped-logo-transpbearb-1.png","contentUrl":"https:\/\/www.navi-express.com\/wp-content\/uploads\/2019\/03\/cropped-logo-transpbearb-1.png","width":512,"height":512,"caption":"Navi-Express"},"image":{"@id":"https:\/\/www.navi-express.com\/#\/schema\/logo\/image\/"}}]}},"_links":{"self":[{"href":"https:\/\/www.navi-express.com\/en\/wp-json\/wp\/v2\/product\/4359","targetHints":{"allow":["GET"]}}],"collection":[{"href":"https:\/\/www.navi-express.com\/en\/wp-json\/wp\/v2\/product"}],"about":[{"href":"https:\/\/www.navi-express.com\/en\/wp-json\/wp\/v2\/types\/product"}],"wp:featuredmedia":[{"embeddable":true,"href":"https:\/\/www.navi-express.com\/en\/wp-json\/wp\/v2\/media\/4360"}],"wp:attachment":[{"href":"https:\/\/www.navi-express.com\/en\/wp-json\/wp\/v2\/media?parent=4359"}],"wp:term":[{"taxonomy":"product_brand","embeddable":true,"href":"https:\/\/www.navi-express.com\/en\/wp-json\/wp\/v2\/product_brand?post=4359"},{"taxonomy":"product_cat","embeddable":true,"href":"https:\/\/www.navi-express.com\/en\/wp-json\/wp\/v2\/product_cat?post=4359"},{"taxonomy":"product_tag","embeddable":true,"href":"https:\/\/www.navi-express.com\/en\/wp-json\/wp\/v2\/product_tag?post=4359"}],"curies":[{"name":"wp","href":"https:\/\/api.w.org\/{rel}","templated":true}]}}