{"id":4542,"date":"2025-03-27T17:46:54","date_gmt":"2025-03-27T16:46:54","guid":{"rendered":"https:\/\/www.navi-express.com\/?post_type=product&#038;p=4542"},"modified":"2026-03-05T09:59:37","modified_gmt":"2026-03-05T08:59:37","slug":"garmin-camper-780-lmt-d-wohnmobil-navi-7-zoll-europa-maps-digital-traffic-wlan","status":"publish","type":"product","link":"https:\/\/www.navi-express.com\/en\/shop\/garmin\/mobile-navigationsgeraete\/garmin-camper-780-lmt-d-wohnmobil-navi-7-zoll-europa-maps-digital-traffic-wlan\/","title":{"rendered":"Garmin CAMPER 780 LMT-D Wohnmobil Navi 7 Zoll Europa Maps &#038; Digital Traffic &#038; WLAN"},"content":{"rendered":"<p>&nbsp;<\/p>\n<p><span style=\"font-size: large; color: #000000;\"><span style=\"font-family: Arial;\"><strong>Original Garmin Camper 780 MT-D Wohnmobil Wohnwagen Navi f\u00fcr Europa mit 6,95 Zoll Display<\/strong><\/span><\/span><\/p>\n<p><strong><span style=\"color: #000000; font-size: large;\">in gutem Zustand<\/span><\/strong><\/p>\n<div><span style=\"font-family: Arial; color: #000000;\"><strong><br \/>\n<\/strong><\/span><\/p>\n<div><span style=\"font-family: Arial; color: #000000;\"><strong>MT-D = Digitaler Verkehrsfunk \u00fcber den integrierten Empf\u00e4nger im Ger\u00e4t\u00a0<\/strong><\/span><\/div>\n<div><span style=\"font-family: Arial; color: #000000;\"><strong>(mehr dazu weiter unten unter &#8222;Eigenschaften&#8220;)<br \/>\n<\/strong><\/span><\/p>\n<div><\/div>\n<div><span style=\"font-family: Arial; color: #000000;\"><br \/>\n<\/span><\/p>\n<div>\n<div><span style=\"color: #000000;\"><u><b>inklusive Zubeh\u00f6r wie abgebildet:<\/b><\/u><\/span><\/div>\n<div>\n<div>\n<ul>\n<li><span style=\"color: #000000;\">Autoladekabel TA20<\/span><\/li>\n<li><span style=\"color: #000000;\">Saugnapfhalterung<\/span><\/li>\n<li><span style=\"color: #000000;\">USB-Ladekabel<\/span><\/li>\n<li><span style=\"color: #000000;\">Micro SD Karte<\/span><\/li>\n<\/ul>\n<\/div>\n<p>&nbsp;<\/p>\n<div><span style=\"color: #000000;\"><u><b>Infos:<\/b><\/u><\/span><\/div>\n<div>\n<ul>\n<li><span style=\"color: #000000;\">Guter Zustand (ein paar kleinere oberfl\u00e4chliche Kratzer auf dem Display sind vorhanden)<\/span><\/li>\n<li><span style=\"color: #000000;\">Europa Karten\u00a0sind bereits installiert<\/span><\/li>\n<li><span style=\"color: #000000;\">Das Ger\u00e4t wird vor Versand auf Werkseinstellungen zur\u00fcck gesetzt<\/span><\/li>\n<\/ul>\n<\/div>\n<div><\/div>\n<p>&nbsp;<\/p>\n<div><span style=\"color: #000000;\"><b><u>Eigenschaften:<\/u><\/b><\/span><\/div>\n<div>\n<ul>\n<li><span style=\"color: #000000;\">Camping-Navi mit rahmenlosem 6,95 Zoll (ca. 17,7 cm) Multitouch-Glasdisplay<\/span><\/li>\n<\/ul>\n<ul>\n<li><span style=\"color: #000000;\">Kostenlose Software- und Kartenupdates f\u00fcr Europa<\/span><\/li>\n<\/ul>\n<ul>\n<li><span style=\"color: #000000;\">Integriertes WLAN \/ Wi-Fi f\u00fcr einfache Karten- und Softwareupdates<\/span><\/li>\n<\/ul>\n<ul>\n<li><span style=\"color: #000000;\">Kostenlose Digitale Garmin Verkehrsinfos \u00fcber den im Ger\u00e4t integrierten DAB-Empf\u00e4nger + Ladekabel<\/span><\/li>\n<\/ul>\n<p><span style=\"color: #000000;\">DAB ist nur verf\u00fcgbar in Deutschland, Schweiz und Italien sowie in Belgien &amp; Niederlande bis Dez. 2025; Falls kein DAB verf\u00fcgbar, greift das Ger\u00e4t in verschiedenen L\u00e4ndern Europas auf TMC Verkehrsmeldungen zur\u00fcck; Live-Verkehrsmeldungen in ganz Europa via Kopplung mit dem Smartphone (+ Bluetooth und mobiler Datenzugang am Smartphone)<b><br \/>\n<\/b><\/span><\/p>\n<ul>\n<li><span style=\"color: #000000;\">Laden Sie die offizielle und kostenlose Garmin App\u00a0auf Ihr kompatibles Smartphone herunter und erhalten Sie zahlreiche zus\u00e4tzliche Echtzeitdienste wie Live Traffic Verkehrsinfos, erweiterte Wetterdaten und mehr. Fahrzeugspezifische Routenf\u00fchrung basierend auf den individuellen Abmessungen und dem Gewicht des Campers oder Caravans, um die beste Route zu finden (1)<\/span><\/li>\n<\/ul>\n<ul>\n<li><span style=\"color: #000000;\">Vorinstallierte Camper POI-Datenbank mit Campingpl\u00e4tzen von ACSI , Wohnmobilstellpl\u00e4tzen von NKC Campercontact und kostenlosen Stellpl\u00e4tzen von Trailer&#8217;s Park<\/span><\/li>\n<\/ul>\n<ul>\n<li><span style=\"color: #000000;\">Fahrerassistenz f\u00fcr Hinweise zu H\u00f6hen- und Gewichtslimits, scharfer Kurven, Seitenwind, Bahn\u00fcberg\u00e4ngen, Wildwechsel, Pausenzeit, verengte Fahrbahn und mehr<\/span><\/li>\n<\/ul>\n<ul>\n<li><span style=\"color: #000000;\">Smarte Navigation durch Kopplung des Ger\u00e4ts mit einem kompatiblen Smartphone. Sprachsteuerung, Bluetooth Freisprechfunktion und Smart Notifications. Erhalte Smartphone Benachrichtigungen direkt auf dem Navidisplay.<\/span><\/li>\n<\/ul>\n<ul>\n<li><span style=\"color: #000000;\">Radarwarner und kostenlose Radarwarner-Updates (nicht in allen L\u00e4ndern verf\u00fcgbar, gesetzliche Vorschriften sind zu beachten; Ger\u00e4t muss mit der Garmin-App gekoppelt sein)<\/span><\/li>\n<\/ul>\n<ul>\n<li><span style=\"color: #000000;\">kompatibel mit der Garmin BC 30 und BC 40 R\u00fcckfahr-Kamera (nicht im Angebot enthalten)<\/span><\/li>\n<\/ul>\n<p><span style=\"color: #000000;\"><b><span style=\"font-family: arial, helvetica, sans-serif; font-size: large;\">\u00a0<\/span><\/b><\/span><\/p>\n<\/div>\n<div><span style=\"color: #000000;\"><sup>(1)<\/sup>\u00a0Nicht in allen Gebieten verf\u00fcgbar. Die Eingabe der Profildaten des Wohnmobils bzw. Wohnwagens garantiert nicht, dass diese Profildaten in allen Routenvorschl\u00e4gen ber\u00fccksichtigt werden. Die Anweisungen auf Stra\u00dfenschildern sind zu jeder Zeit einzuhalten. Au\u00dferdem m\u00fcssen die jeweiligen Stra\u00dfenbedingungen und zul\u00e4ssigen Geschwindigkeiten beachtet werden.<\/span><\/div>\n<\/div>\n<\/div>\n<\/div>\n<\/div>\n<\/div>\n<div>\n<div>\n<div>\n<div>\n<div>\n<div>\n<div>\n<div>\n<div>\n<div><\/div>\n<\/div>\n<\/div>\n<\/div>\n<\/div>\n<\/div>\n<\/div>\n<\/div>\n<\/div>\n<p>&nbsp;<\/p>\n<p>_______________________________________________________________________________________________________________________<\/p>\n<div>\n<p><strong><span style=\"color: #000000;\"><u>Hersteller \/ EU verantwortliche Person:<\/u><\/span><\/strong><\/p>\n<p><strong><span style=\"color: #000000;\">Garmin Deutschland GmbH<\/span><\/strong><\/p>\n<p><strong><span style=\"color: #000000;\">Parkring 35<\/span><\/strong><\/p>\n<p><strong><span style=\"color: #000000;\">85748 Garching<\/span><\/strong><\/p>\n<p><strong><span style=\"color: #000000;\">Deutschland<\/span><\/strong><\/p>\n<p><strong><span style=\"color: #000000;\">Tel.: +49 89 541999-700<\/span><\/strong><\/p>\n<p><strong><span style=\"color: #000000;\">E-Mail: impressum@garmin.de<br \/>\n<\/span><\/strong><\/p>\n<\/div>\n<\/div>","protected":false},"excerpt":{"rendered":"<p>&nbsp; Original Garmin Camper 780 MT-D Wohnmobil Wohnwagen Navi f\u00fcr Europa mit 6,95 Zoll Display in gutem Zustand MT-D = Digitaler Verkehrsfunk \u00fcber den integrierten Empf\u00e4nger im Ger\u00e4t\u00a0 (mehr dazu weiter unten unter &#8222;Eigenschaften&#8220;) inklusive Zubeh\u00f6r wie abgebildet: Autoladekabel TA20 Saugnapfhalterung USB-Ladekabel Micro SD Karte &nbsp; Infos: Guter Zustand (ein paar kleinere oberfl\u00e4chliche Kratzer auf [&hellip;]<\/p>\n","protected":false},"featured_media":5545,"template":"","meta":{"ocean_post_layout":"","ocean_both_sidebars_style":"","ocean_both_sidebars_content_width":0,"ocean_both_sidebars_sidebars_width":0,"ocean_sidebar":"0","ocean_second_sidebar":"0","ocean_disable_margins":"enable","ocean_add_body_class":"","ocean_shortcode_before_top_bar":"","ocean_shortcode_after_top_bar":"","ocean_shortcode_before_header":"","ocean_shortcode_after_header":"","ocean_has_shortcode":"","ocean_shortcode_after_title":"","ocean_shortcode_before_footer_widgets":"","ocean_shortcode_after_footer_widgets":"","ocean_shortcode_before_footer_bottom":"","ocean_shortcode_after_footer_bottom":"","ocean_display_top_bar":"default","ocean_display_header":"default","ocean_header_style":"","ocean_center_header_left_menu":"0","ocean_custom_header_template":"0","ocean_custom_logo":0,"ocean_custom_retina_logo":0,"ocean_custom_logo_max_width":0,"ocean_custom_logo_tablet_max_width":0,"ocean_custom_logo_mobile_max_width":0,"ocean_custom_logo_max_height":0,"ocean_custom_logo_tablet_max_height":0,"ocean_custom_logo_mobile_max_height":0,"ocean_header_custom_menu":"0","ocean_menu_typo_font_family":"0","ocean_menu_typo_font_subset":"","ocean_menu_typo_font_size":0,"ocean_menu_typo_font_size_tablet":0,"ocean_menu_typo_font_size_mobile":0,"ocean_menu_typo_font_size_unit":"px","ocean_menu_typo_font_weight":"","ocean_menu_typo_font_weight_tablet":"","ocean_menu_typo_font_weight_mobile":"","ocean_menu_typo_transform":"","ocean_menu_typo_transform_tablet":"","ocean_menu_typo_transform_mobile":"","ocean_menu_typo_line_height":0,"ocean_menu_typo_line_height_tablet":0,"ocean_menu_typo_line_height_mobile":0,"ocean_menu_typo_line_height_unit":"","ocean_menu_typo_spacing":0,"ocean_menu_typo_spacing_tablet":0,"ocean_menu_typo_spacing_mobile":0,"ocean_menu_typo_spacing_unit":"","ocean_menu_link_color":"","ocean_menu_link_color_hover":"","ocean_menu_link_color_active":"","ocean_menu_link_background":"","ocean_menu_link_hover_background":"","ocean_menu_link_active_background":"","ocean_menu_social_links_bg":"","ocean_menu_social_hover_links_bg":"","ocean_menu_social_links_color":"","ocean_menu_social_hover_links_color":"","ocean_disable_title":"default","ocean_disable_heading":"default","ocean_post_title":"","ocean_post_subheading":"","ocean_post_title_style":"","ocean_post_title_background_color":"","ocean_post_title_background":0,"ocean_post_title_bg_image_position":"","ocean_post_title_bg_image_attachment":"","ocean_post_title_bg_image_repeat":"","ocean_post_title_bg_image_size":"","ocean_post_title_height":0,"ocean_post_title_bg_overlay":0.5,"ocean_post_title_bg_overlay_color":"","ocean_disable_breadcrumbs":"default","ocean_breadcrumbs_color":"","ocean_breadcrumbs_separator_color":"","ocean_breadcrumbs_links_color":"","ocean_breadcrumbs_links_hover_color":"","ocean_display_footer_widgets":"default","ocean_display_footer_bottom":"default","ocean_custom_footer_template":"0"},"product_brand":[],"product_cat":[661],"product_tag":[1278,189],"class_list":{"0":"post-4542","1":"product","2":"type-product","3":"status-publish","4":"has-post-thumbnail","6":"product_cat-mobile-navigationsgeraete","7":"product_tag-camper-780-mt-d","8":"product_tag-garmin","10":"entry","11":"has-media","13":"first","14":"instock","15":"purchasable","16":"product-type-simple","17":"col","18":"span_1_of_4","19":"owp-content-center","20":"item-entry","21":"owp-thumbs-layout-horizontal","22":"owp-btn-normal","23":"owp-tabs-layout-horizontal"},"yoast_head":"<!-- This site is optimized with the Yoast SEO plugin v27.3 - https:\/\/yoast.com\/product\/yoast-seo-wordpress\/ -->\n<title>Garmin Camper 780 MT-D Wohnmobil Navi 6,95 Zoll<\/title>\n<meta name=\"description\" content=\"Original Garmin Camper 780 MT-D Wohnmobil Wohnwagen Navi mit 6,95 Zoll Touchscreen Display. Europa Maps, Digitale Verkehrsinfos, WLAN , Radarwarner\" \/>\n<meta name=\"robots\" content=\"index, follow, max-snippet:-1, max-image-preview:large, max-video-preview:-1\" \/>\n<link rel=\"canonical\" href=\"https:\/\/www.navi-express.com\/en\/shop\/garmin\/mobile-navigationsgeraete\/garmin-camper-780-lmt-d-wohnmobil-navi-7-zoll-europa-maps-digital-traffic-wlan\/\" \/>\n<meta property=\"og:locale\" content=\"en_US\" \/>\n<meta property=\"og:type\" content=\"article\" \/>\n<meta property=\"og:title\" content=\"Garmin Camper 780 MT-D Wohnmobil Navi 6,95 Zoll\" \/>\n<meta property=\"og:description\" content=\"Original Garmin Camper 780 MT-D Wohnmobil Wohnwagen Navi mit 6,95 Zoll Touchscreen Display. Europa Maps, Digitale Verkehrsinfos, WLAN , Radarwarner\" \/>\n<meta property=\"og:url\" content=\"https:\/\/www.navi-express.com\/en\/shop\/garmin\/mobile-navigationsgeraete\/garmin-camper-780-lmt-d-wohnmobil-navi-7-zoll-europa-maps-digital-traffic-wlan\/\" \/>\n<meta property=\"og:site_name\" content=\"Navi-Express\" \/>\n<meta property=\"article:modified_time\" content=\"2026-03-05T08:59:37+00:00\" \/>\n<meta property=\"og:image\" content=\"https:\/\/www.navi-express.com\/wp-content\/uploads\/2025\/03\/IMG_20251027_093412-scaled.jpg\" \/>\n\t<meta property=\"og:image:width\" content=\"2560\" \/>\n\t<meta property=\"og:image:height\" content=\"1920\" \/>\n\t<meta property=\"og:image:type\" content=\"image\/jpeg\" \/>\n<meta name=\"twitter:card\" content=\"summary_large_image\" \/>\n<meta name=\"twitter:label1\" content=\"Est. reading time\" \/>\n\t<meta name=\"twitter:data1\" content=\"3 minutes\" \/>\n<script type=\"application\/ld+json\" class=\"yoast-schema-graph\">{\"@context\":\"https:\\\/\\\/schema.org\",\"@graph\":[{\"@type\":\"WebPage\",\"@id\":\"https:\\\/\\\/www.navi-express.com\\\/shop\\\/garmin\\\/mobile-navigationsgeraete\\\/garmin-camper-780-lmt-d-wohnmobil-navi-7-zoll-europa-maps-digital-traffic-wlan\\\/\",\"url\":\"https:\\\/\\\/www.navi-express.com\\\/shop\\\/garmin\\\/mobile-navigationsgeraete\\\/garmin-camper-780-lmt-d-wohnmobil-navi-7-zoll-europa-maps-digital-traffic-wlan\\\/\",\"name\":\"Garmin Camper 780 MT-D Wohnmobil Navi 6,95 Zoll\",\"isPartOf\":{\"@id\":\"https:\\\/\\\/www.navi-express.com\\\/#website\"},\"primaryImageOfPage\":{\"@id\":\"https:\\\/\\\/www.navi-express.com\\\/shop\\\/garmin\\\/mobile-navigationsgeraete\\\/garmin-camper-780-lmt-d-wohnmobil-navi-7-zoll-europa-maps-digital-traffic-wlan\\\/#primaryimage\"},\"image\":{\"@id\":\"https:\\\/\\\/www.navi-express.com\\\/shop\\\/garmin\\\/mobile-navigationsgeraete\\\/garmin-camper-780-lmt-d-wohnmobil-navi-7-zoll-europa-maps-digital-traffic-wlan\\\/#primaryimage\"},\"thumbnailUrl\":\"https:\\\/\\\/www.navi-express.com\\\/wp-content\\\/uploads\\\/2025\\\/03\\\/IMG_20251027_093412-scaled.jpg\",\"datePublished\":\"2025-03-27T16:46:54+00:00\",\"dateModified\":\"2026-03-05T08:59:37+00:00\",\"description\":\"Original Garmin Camper 780 MT-D Wohnmobil Wohnwagen Navi mit 6,95 Zoll Touchscreen Display. Europa Maps, Digitale Verkehrsinfos, WLAN , Radarwarner\",\"breadcrumb\":{\"@id\":\"https:\\\/\\\/www.navi-express.com\\\/shop\\\/garmin\\\/mobile-navigationsgeraete\\\/garmin-camper-780-lmt-d-wohnmobil-navi-7-zoll-europa-maps-digital-traffic-wlan\\\/#breadcrumb\"},\"inLanguage\":\"en-US\",\"potentialAction\":[{\"@type\":\"ReadAction\",\"target\":[\"https:\\\/\\\/www.navi-express.com\\\/shop\\\/garmin\\\/mobile-navigationsgeraete\\\/garmin-camper-780-lmt-d-wohnmobil-navi-7-zoll-europa-maps-digital-traffic-wlan\\\/\"]}]},{\"@type\":\"ImageObject\",\"inLanguage\":\"en-US\",\"@id\":\"https:\\\/\\\/www.navi-express.com\\\/shop\\\/garmin\\\/mobile-navigationsgeraete\\\/garmin-camper-780-lmt-d-wohnmobil-navi-7-zoll-europa-maps-digital-traffic-wlan\\\/#primaryimage\",\"url\":\"https:\\\/\\\/www.navi-express.com\\\/wp-content\\\/uploads\\\/2025\\\/03\\\/IMG_20251027_093412-scaled.jpg\",\"contentUrl\":\"https:\\\/\\\/www.navi-express.com\\\/wp-content\\\/uploads\\\/2025\\\/03\\\/IMG_20251027_093412-scaled.jpg\",\"width\":2560,\"height\":1920},{\"@type\":\"BreadcrumbList\",\"@id\":\"https:\\\/\\\/www.navi-express.com\\\/shop\\\/garmin\\\/mobile-navigationsgeraete\\\/garmin-camper-780-lmt-d-wohnmobil-navi-7-zoll-europa-maps-digital-traffic-wlan\\\/#breadcrumb\",\"itemListElement\":[{\"@type\":\"ListItem\",\"position\":1,\"name\":\"Startseite\",\"item\":\"https:\\\/\\\/www.navi-express.com\\\/\"},{\"@type\":\"ListItem\",\"position\":2,\"name\":\"Shop\",\"item\":\"https:\\\/\\\/www.navi-express.com\\\/shop\\\/\"},{\"@type\":\"ListItem\",\"position\":3,\"name\":\"Garmin CAMPER 780 LMT-D Wohnmobil Navi 7 Zoll Europa Maps &#038; Digital Traffic &#038; WLAN\"}]},{\"@type\":\"WebSite\",\"@id\":\"https:\\\/\\\/www.navi-express.com\\\/#website\",\"url\":\"https:\\\/\\\/www.navi-express.com\\\/\",\"name\":\"Navi-Express\",\"description\":\"Ihr Experte f\u00fcr Navigation\",\"publisher\":{\"@id\":\"https:\\\/\\\/www.navi-express.com\\\/#organization\"},\"alternateName\":\"NE\",\"potentialAction\":[{\"@type\":\"SearchAction\",\"target\":{\"@type\":\"EntryPoint\",\"urlTemplate\":\"https:\\\/\\\/www.navi-express.com\\\/?s={search_term_string}\"},\"query-input\":{\"@type\":\"PropertyValueSpecification\",\"valueRequired\":true,\"valueName\":\"search_term_string\"}}],\"inLanguage\":\"en-US\"},{\"@type\":\"Organization\",\"@id\":\"https:\\\/\\\/www.navi-express.com\\\/#organization\",\"name\":\"Navi-Express\",\"alternateName\":\"NE\",\"url\":\"https:\\\/\\\/www.navi-express.com\\\/\",\"logo\":{\"@type\":\"ImageObject\",\"inLanguage\":\"en-US\",\"@id\":\"https:\\\/\\\/www.navi-express.com\\\/#\\\/schema\\\/logo\\\/image\\\/\",\"url\":\"https:\\\/\\\/www.navi-express.com\\\/wp-content\\\/uploads\\\/2019\\\/03\\\/cropped-logo-transpbearb-1.png\",\"contentUrl\":\"https:\\\/\\\/www.navi-express.com\\\/wp-content\\\/uploads\\\/2019\\\/03\\\/cropped-logo-transpbearb-1.png\",\"width\":512,\"height\":512,\"caption\":\"Navi-Express\"},\"image\":{\"@id\":\"https:\\\/\\\/www.navi-express.com\\\/#\\\/schema\\\/logo\\\/image\\\/\"}}]}<\/script>\n<!-- \/ Yoast SEO plugin. -->","yoast_head_json":{"title":"Garmin Camper 780 MT-D Wohnmobil Navi 6,95 Zoll","description":"Original Garmin Camper 780 MT-D Wohnmobil Wohnwagen Navi mit 6,95 Zoll Touchscreen Display. Europa Maps, Digitale Verkehrsinfos, WLAN , Radarwarner","robots":{"index":"index","follow":"follow","max-snippet":"max-snippet:-1","max-image-preview":"max-image-preview:large","max-video-preview":"max-video-preview:-1"},"canonical":"https:\/\/www.navi-express.com\/en\/shop\/garmin\/mobile-navigationsgeraete\/garmin-camper-780-lmt-d-wohnmobil-navi-7-zoll-europa-maps-digital-traffic-wlan\/","og_locale":"en_US","og_type":"article","og_title":"Garmin Camper 780 MT-D Wohnmobil Navi 6,95 Zoll","og_description":"Original Garmin Camper 780 MT-D Wohnmobil Wohnwagen Navi mit 6,95 Zoll Touchscreen Display. Europa Maps, Digitale Verkehrsinfos, WLAN , Radarwarner","og_url":"https:\/\/www.navi-express.com\/en\/shop\/garmin\/mobile-navigationsgeraete\/garmin-camper-780-lmt-d-wohnmobil-navi-7-zoll-europa-maps-digital-traffic-wlan\/","og_site_name":"Navi-Express","article_modified_time":"2026-03-05T08:59:37+00:00","og_image":[{"width":2560,"height":1920,"url":"https:\/\/www.navi-express.com\/wp-content\/uploads\/2025\/03\/IMG_20251027_093412-scaled.jpg","type":"image\/jpeg"}],"twitter_card":"summary_large_image","twitter_misc":{"Est. reading time":"3 minutes"},"schema":{"@context":"https:\/\/schema.org","@graph":[{"@type":"WebPage","@id":"https:\/\/www.navi-express.com\/shop\/garmin\/mobile-navigationsgeraete\/garmin-camper-780-lmt-d-wohnmobil-navi-7-zoll-europa-maps-digital-traffic-wlan\/","url":"https:\/\/www.navi-express.com\/shop\/garmin\/mobile-navigationsgeraete\/garmin-camper-780-lmt-d-wohnmobil-navi-7-zoll-europa-maps-digital-traffic-wlan\/","name":"Garmin Camper 780 MT-D Wohnmobil Navi 6,95 Zoll","isPartOf":{"@id":"https:\/\/www.navi-express.com\/#website"},"primaryImageOfPage":{"@id":"https:\/\/www.navi-express.com\/shop\/garmin\/mobile-navigationsgeraete\/garmin-camper-780-lmt-d-wohnmobil-navi-7-zoll-europa-maps-digital-traffic-wlan\/#primaryimage"},"image":{"@id":"https:\/\/www.navi-express.com\/shop\/garmin\/mobile-navigationsgeraete\/garmin-camper-780-lmt-d-wohnmobil-navi-7-zoll-europa-maps-digital-traffic-wlan\/#primaryimage"},"thumbnailUrl":"https:\/\/www.navi-express.com\/wp-content\/uploads\/2025\/03\/IMG_20251027_093412-scaled.jpg","datePublished":"2025-03-27T16:46:54+00:00","dateModified":"2026-03-05T08:59:37+00:00","description":"Original Garmin Camper 780 MT-D Wohnmobil Wohnwagen Navi mit 6,95 Zoll Touchscreen Display. Europa Maps, Digitale Verkehrsinfos, WLAN , Radarwarner","breadcrumb":{"@id":"https:\/\/www.navi-express.com\/shop\/garmin\/mobile-navigationsgeraete\/garmin-camper-780-lmt-d-wohnmobil-navi-7-zoll-europa-maps-digital-traffic-wlan\/#breadcrumb"},"inLanguage":"en-US","potentialAction":[{"@type":"ReadAction","target":["https:\/\/www.navi-express.com\/shop\/garmin\/mobile-navigationsgeraete\/garmin-camper-780-lmt-d-wohnmobil-navi-7-zoll-europa-maps-digital-traffic-wlan\/"]}]},{"@type":"ImageObject","inLanguage":"en-US","@id":"https:\/\/www.navi-express.com\/shop\/garmin\/mobile-navigationsgeraete\/garmin-camper-780-lmt-d-wohnmobil-navi-7-zoll-europa-maps-digital-traffic-wlan\/#primaryimage","url":"https:\/\/www.navi-express.com\/wp-content\/uploads\/2025\/03\/IMG_20251027_093412-scaled.jpg","contentUrl":"https:\/\/www.navi-express.com\/wp-content\/uploads\/2025\/03\/IMG_20251027_093412-scaled.jpg","width":2560,"height":1920},{"@type":"BreadcrumbList","@id":"https:\/\/www.navi-express.com\/shop\/garmin\/mobile-navigationsgeraete\/garmin-camper-780-lmt-d-wohnmobil-navi-7-zoll-europa-maps-digital-traffic-wlan\/#breadcrumb","itemListElement":[{"@type":"ListItem","position":1,"name":"Startseite","item":"https:\/\/www.navi-express.com\/"},{"@type":"ListItem","position":2,"name":"Shop","item":"https:\/\/www.navi-express.com\/shop\/"},{"@type":"ListItem","position":3,"name":"Garmin CAMPER 780 LMT-D Wohnmobil Navi 7 Zoll Europa Maps &#038; Digital Traffic &#038; WLAN"}]},{"@type":"WebSite","@id":"https:\/\/www.navi-express.com\/#website","url":"https:\/\/www.navi-express.com\/","name":"Navi-Express","description":"Ihr Experte f\u00fcr Navigation","publisher":{"@id":"https:\/\/www.navi-express.com\/#organization"},"alternateName":"NE","potentialAction":[{"@type":"SearchAction","target":{"@type":"EntryPoint","urlTemplate":"https:\/\/www.navi-express.com\/?s={search_term_string}"},"query-input":{"@type":"PropertyValueSpecification","valueRequired":true,"valueName":"search_term_string"}}],"inLanguage":"en-US"},{"@type":"Organization","@id":"https:\/\/www.navi-express.com\/#organization","name":"Navi-Express","alternateName":"NE","url":"https:\/\/www.navi-express.com\/","logo":{"@type":"ImageObject","inLanguage":"en-US","@id":"https:\/\/www.navi-express.com\/#\/schema\/logo\/image\/","url":"https:\/\/www.navi-express.com\/wp-content\/uploads\/2019\/03\/cropped-logo-transpbearb-1.png","contentUrl":"https:\/\/www.navi-express.com\/wp-content\/uploads\/2019\/03\/cropped-logo-transpbearb-1.png","width":512,"height":512,"caption":"Navi-Express"},"image":{"@id":"https:\/\/www.navi-express.com\/#\/schema\/logo\/image\/"}}]}},"_links":{"self":[{"href":"https:\/\/www.navi-express.com\/en\/wp-json\/wp\/v2\/product\/4542","targetHints":{"allow":["GET"]}}],"collection":[{"href":"https:\/\/www.navi-express.com\/en\/wp-json\/wp\/v2\/product"}],"about":[{"href":"https:\/\/www.navi-express.com\/en\/wp-json\/wp\/v2\/types\/product"}],"wp:featuredmedia":[{"embeddable":true,"href":"https:\/\/www.navi-express.com\/en\/wp-json\/wp\/v2\/media\/5545"}],"wp:attachment":[{"href":"https:\/\/www.navi-express.com\/en\/wp-json\/wp\/v2\/media?parent=4542"}],"wp:term":[{"taxonomy":"product_brand","embeddable":true,"href":"https:\/\/www.navi-express.com\/en\/wp-json\/wp\/v2\/product_brand?post=4542"},{"taxonomy":"product_cat","embeddable":true,"href":"https:\/\/www.navi-express.com\/en\/wp-json\/wp\/v2\/product_cat?post=4542"},{"taxonomy":"product_tag","embeddable":true,"href":"https:\/\/www.navi-express.com\/en\/wp-json\/wp\/v2\/product_tag?post=4542"}],"curies":[{"name":"wp","href":"https:\/\/api.w.org\/{rel}","templated":true}]}}