{"id":4721,"date":"2025-05-13T13:07:12","date_gmt":"2025-05-13T11:07:12","guid":{"rendered":"https:\/\/www.navi-express.com\/?post_type=product&#038;p=4721"},"modified":"2026-01-15T12:08:51","modified_gmt":"2026-01-15T11:08:51","slug":"mercedes-benz-navigation-dvd-comand-aps-ntg4-204-europa-2018-2019-glk-c-klasse-violett-version-16-0-neu","status":"publish","type":"product","link":"https:\/\/www.navi-express.com\/en\/shop\/mercedes-benz\/mercedes-comand-dvd\/mercedes-benz-navigation-dvd-comand-aps-ntg4-204-europa-2018-2019-glk-c-klasse-violett-version-16-0-neu\/","title":{"rendered":"Mercedes-Benz Navigation DVD COMAND APS NTG4-204 Europa 2018\/2019 A2048270800"},"content":{"rendered":"<p style=\"font-weight: 400;\"><span style=\"color: #000000;\"><strong>Originales Mercedes-Benz Navigation DVD SET in gebrauchtem, funktionalen Zustand<\/strong><\/span><\/p>\n<p style=\"font-weight: 400;\"><span style=\"color: #000000;\"><strong>geeignet f\u00fcr das COMAND APS NTG4-204 Navigationssystem mit 40 GB Festplatte (Siehe Fotos)<\/strong><\/span><\/p>\n<p style=\"font-weight: 400;\"><span style=\"color: #000000;\"><strong>Detailkarten f\u00fcr EUROPA von <\/strong><strong>2018\/2019 (letztes Navi-Update)<\/strong><\/span><\/p>\n<p style=\"font-weight: 400;\"><span style=\"color: #000000;\"><strong>Farbcode: violett<\/strong><\/span><\/p>\n<p style=\"font-weight: 400;\"><span style=\"color: #000000;\"><strong><u>Teilenummer:<\/u><\/strong><\/span><\/p>\n<p style=\"font-weight: 400;\"><span style=\"color: #000000;\"><strong>A2048270800 \/ A204 827 08 00<\/strong><\/span><\/p>\n<p style=\"font-weight: 400;\"><span style=\"color: #000000;\"><strong>Version 16.0<\/strong><\/span><\/p>\n<p>&nbsp;<\/p>\n<p style=\"font-weight: 400;\"><span style=\"color: #000000;\"><strong><u>Passend f\u00fcr folgende Mercedes Modelle mit Comand NTG4-204 und 40 GB Festplatte:<\/u><\/strong><\/span><\/p>\n<p><span style=\"color: #000000;\"><strong><u>COMAND Einheit ist an dem l\u00e4nglichen PCMCIA Slot unter dem Laufwerk erkennbar<\/u><\/strong><\/span><\/p>\n<p style=\"font-weight: 400;\"><span style=\"color: #000000;\"><strong>C-Klasse W 204\u00a0 \u00a0 \u00a0 \u00a0 \u00a0 \u00a0 \u00a0 \u00a0 \u00a0 \u00a0 \u00a0 \u00a0Baujahr ab 10\/2008 &#8211; 03\/2011<br \/>\nC-Klasse S 204\u00a0 \u00a0 \u00a0 \u00a0 \u00a0 \u00a0 \u00a0 \u00a0 \u00a0 \u00a0 \u00a0 \u00a0 \u00a0Baujahr ab 10\/2008 &#8211; 03\/2011<br \/>\nGLK-Klasse X204\u00a0 \u00a0 \u00a0 \u00a0 \u00a0 \u00a0 \u00a0 \u00a0 \u00a0 \u00a0Baujahr\u00a0 ab 10\/2008 &#8211; 07\/2012<br \/>\nSLS AMG R197\u00a0 \u00a0 \u00a0 \u00a0 \u00a0 \u00a0 \u00a0 \u00a0 \u00a0 \u00a0 \u00a0 \u00a0 \u00a0Baujahr ab 11\/2011 &#8211; &#8230;<br \/>\nSLS AMG Roadster C197\u00a0 \u00a0 \u00a0 Baujahr ab 03\/2010 -06\/2014<\/strong><\/span><\/p>\n<p style=\"font-weight: 400;\"><span style=\"color: #ff0000;\"><strong><u>!!! Wichtig !!!<\/u><\/strong><\/span><\/p>\n<p style=\"font-weight: 400;\"><span style=\"color: #ff0000;\"><strong><u>Nicht<\/u><\/strong><strong> einsetzbar auf: \u00a0 C-Klasse mit Baujahr 03\/2007 bis 10\/2008 wegen zu kleiner Festplatte<\/strong><\/span><\/p>\n<p><span style=\"color: #ff0000;\"><strong><u>Nicht<\/u><\/strong><strong> einsetzbar f\u00fcr das Comand Online System (SD Karten Slot unter dem Laufwerk)<\/strong><\/span><\/p>\n<p><span style=\"color: #ff0000;\"><strong><u>Nicht<\/u><\/strong><strong> einsetzbar f\u00fcr das Audio 50 APS System (KEIN Slot unter dem Laufwerk)<\/strong><\/span><\/p>\n<p>&nbsp;<\/p>\n<p style=\"font-weight: 400;\"><strong>Sie ben\u00f6tigen die gr\u00f6\u00dfere 40 GB Festplatte um die Karten-DVD aufzuspielen.<\/strong><\/p>\n<p style=\"font-weight: 400;\"><strong>So pr\u00fcfen Sie die Gr\u00f6\u00dfe Ihrer Festplatte (Bitte nichts sonst \u00e4ndern hier):<\/strong><\/p>\n<p style=\"font-weight: 400;\"><strong>COMAND Ger\u00e4t anschalten und zum Men\u00fc \u201eNavi\u201c gehen<\/strong><\/p>\n<p style=\"font-weight: 400;\"><strong>Die Tasten \u201eAUFLEGEN\u201c \u00a0+ \u00a0\u201e1\u201c + \u00a0\u201e#\u201c \u00a0gleichzeitig f\u00fcr mehrere Sekunden gedr\u00fcckt halten<\/strong><\/p>\n<p style=\"font-weight: 400;\"><strong>Der Engineering Mode erscheint (Hier NICHTS \u00e4ndern!)<\/strong><\/p>\n<p style=\"font-weight: 400;\"><strong>Dort zu Punkt 3.) HU Information gehen und dann zu Punkt 3.6 HDD information<\/strong><\/p>\n<p style=\"font-weight: 400;\"><strong>Unter (c) Size wird Ihnen die Gr\u00f6\u00dfe Ihrer Festplatte angezeigt<\/strong><\/p>\n<p style=\"font-weight: 400;\"><strong>4000\u2026 \u00e0 40 GB (Kompatibel)<\/strong><\/p>\n<p style=\"font-weight: 400;\"><strong>3000\u2026 \u00e0 30 GB (NICHT KOMPATIBEL &#8211;&gt; final Update Europa 2014\/2015)<\/strong><\/p>\n<p>&nbsp;<\/p>\n<p style=\"font-weight: 400;\"><span style=\"color: #000000;\"><strong><u>Folgende L\u00e4nder auf den DVDs:<\/u><\/strong><\/span><\/p>\n<p style=\"font-weight: 400;\"><span style=\"color: #000000;\"><strong>A, AL, AND, B, BiH, BG, CH, CZ, D, DK, E, EST, F, FIN, FL, GB, GBZ, GR, H, HR, I,<\/strong><\/span><\/p>\n<p style=\"font-weight: 400;\"><span style=\"color: #000000;\"><strong>IRL, KOS, L, LT, LV, MC, MK, MNE, N, NL, P, PL, RO, RSM, S, SK, SLO, SRB, V<\/strong><\/span><\/p>\n<p>&nbsp;<\/p>\n<p>____________________________________________________________________________________________________________________<\/p>\n<p><strong><span style=\"color: #000000;\"><u>Hersteller \/ EU verantwortliche Person:<\/u><\/span><\/strong><\/p>\n<p><strong><span style=\"color: #000000;\">Mercedes-Benz AG<\/span><\/strong><\/p>\n<p><strong><span style=\"color: #000000;\">Mercedesstra\u00dfe 120<\/span><\/strong><\/p>\n<p><strong><span style=\"color: #000000;\">70372 Stuttgart<\/span><\/strong><\/p>\n<p><strong><span style=\"color: #000000;\">Deutschland<\/span><\/strong><\/p>\n<p><strong><span style=\"color: #000000;\">Tel.: +49 711 17-0<\/span><\/strong><\/p>\n<p><strong><span style=\"color: #000000;\">E-Mail: dialog.mb@mercedes-benz.com<\/span><\/strong><\/p>","protected":false},"excerpt":{"rendered":"<p>Originales Mercedes-Benz Navigation DVD SET in gebrauchtem, funktionalen Zustand geeignet f\u00fcr das COMAND APS NTG4-204 Navigationssystem mit 40 GB Festplatte (Siehe Fotos) Detailkarten f\u00fcr EUROPA von 2018\/2019 (letztes Navi-Update) Farbcode: violett Teilenummer: A2048270800 \/ A204 827 08 00 Version 16.0 &nbsp; Passend f\u00fcr folgende Mercedes Modelle mit Comand NTG4-204 und 40 GB Festplatte: COMAND Einheit [&hellip;]<\/p>\n","protected":false},"featured_media":5898,"template":"","meta":{"ocean_post_layout":"","ocean_both_sidebars_style":"","ocean_both_sidebars_content_width":0,"ocean_both_sidebars_sidebars_width":0,"ocean_sidebar":"0","ocean_second_sidebar":"0","ocean_disable_margins":"enable","ocean_add_body_class":"","ocean_shortcode_before_top_bar":"","ocean_shortcode_after_top_bar":"","ocean_shortcode_before_header":"","ocean_shortcode_after_header":"","ocean_has_shortcode":"","ocean_shortcode_after_title":"","ocean_shortcode_before_footer_widgets":"","ocean_shortcode_after_footer_widgets":"","ocean_shortcode_before_footer_bottom":"","ocean_shortcode_after_footer_bottom":"","ocean_display_top_bar":"default","ocean_display_header":"default","ocean_header_style":"","ocean_center_header_left_menu":"0","ocean_custom_header_template":"0","ocean_custom_logo":0,"ocean_custom_retina_logo":0,"ocean_custom_logo_max_width":0,"ocean_custom_logo_tablet_max_width":0,"ocean_custom_logo_mobile_max_width":0,"ocean_custom_logo_max_height":0,"ocean_custom_logo_tablet_max_height":0,"ocean_custom_logo_mobile_max_height":0,"ocean_header_custom_menu":"0","ocean_menu_typo_font_family":"0","ocean_menu_typo_font_subset":"","ocean_menu_typo_font_size":0,"ocean_menu_typo_font_size_tablet":0,"ocean_menu_typo_font_size_mobile":0,"ocean_menu_typo_font_size_unit":"px","ocean_menu_typo_font_weight":"","ocean_menu_typo_font_weight_tablet":"","ocean_menu_typo_font_weight_mobile":"","ocean_menu_typo_transform":"","ocean_menu_typo_transform_tablet":"","ocean_menu_typo_transform_mobile":"","ocean_menu_typo_line_height":0,"ocean_menu_typo_line_height_tablet":0,"ocean_menu_typo_line_height_mobile":0,"ocean_menu_typo_line_height_unit":"","ocean_menu_typo_spacing":0,"ocean_menu_typo_spacing_tablet":0,"ocean_menu_typo_spacing_mobile":0,"ocean_menu_typo_spacing_unit":"","ocean_menu_link_color":"","ocean_menu_link_color_hover":"","ocean_menu_link_color_active":"","ocean_menu_link_background":"","ocean_menu_link_hover_background":"","ocean_menu_link_active_background":"","ocean_menu_social_links_bg":"","ocean_menu_social_hover_links_bg":"","ocean_menu_social_links_color":"","ocean_menu_social_hover_links_color":"","ocean_disable_title":"default","ocean_disable_heading":"default","ocean_post_title":"","ocean_post_subheading":"","ocean_post_title_style":"","ocean_post_title_background_color":"","ocean_post_title_background":0,"ocean_post_title_bg_image_position":"","ocean_post_title_bg_image_attachment":"","ocean_post_title_bg_image_repeat":"","ocean_post_title_bg_image_size":"","ocean_post_title_height":0,"ocean_post_title_bg_overlay":0.5,"ocean_post_title_bg_overlay_color":"","ocean_disable_breadcrumbs":"default","ocean_breadcrumbs_color":"","ocean_breadcrumbs_separator_color":"","ocean_breadcrumbs_links_color":"","ocean_breadcrumbs_links_hover_color":"","ocean_display_footer_widgets":"default","ocean_display_footer_bottom":"default","ocean_custom_footer_template":"0"},"product_brand":[],"product_cat":[114,582],"product_tag":[1473,385,137,357,138,1396,135],"class_list":{"0":"post-4721","1":"product","2":"type-product","3":"status-publish","4":"has-post-thumbnail","6":"product_cat-mercedes-comand-dvd","7":"product_cat-comand-aps-ntg4-204","8":"product_tag-a204-827-08-00","9":"product_tag-a2048270800","10":"product_tag-c-klasse","11":"product_tag-comand-aps-ntg4-204","12":"product_tag-glk-klasse","13":"product_tag-version-16-0","14":"product_tag-violett","16":"entry","17":"has-media","19":"first","20":"instock","21":"sold-individually","22":"purchasable","23":"product-type-simple","24":"col","25":"span_1_of_4","26":"owp-content-center","27":"item-entry","28":"owp-thumbs-layout-horizontal","29":"owp-btn-normal","30":"owp-tabs-layout-horizontal"},"yoast_head":"<!-- This site is optimized with the Yoast SEO plugin v27.5 - https:\/\/yoast.com\/product\/yoast-seo-wordpress\/ -->\n<title>Mercedes Navigation DVD Comand APS NTG4-204 Europa 2018\/2019<\/title>\n<meta name=\"description\" content=\"Original Mercedes-Benz Navigation DVD Update f\u00fcr Comand APS NTG4-204. Detailkarten f\u00fcr Europa von 2018\/2019 (Version 16.0) Final Update A2048270800\" \/>\n<meta name=\"robots\" content=\"index, follow, max-snippet:-1, max-image-preview:large, max-video-preview:-1\" \/>\n<link rel=\"canonical\" href=\"https:\/\/www.navi-express.com\/en\/shop\/mercedes-benz\/mercedes-comand-dvd\/mercedes-benz-navigation-dvd-comand-aps-ntg4-204-europa-2018-2019-glk-c-klasse-violett-version-16-0-neu\/\" \/>\n<meta property=\"og:locale\" content=\"en_US\" \/>\n<meta property=\"og:type\" content=\"article\" \/>\n<meta property=\"og:title\" content=\"Mercedes Navigation DVD Comand APS NTG4-204 Europa 2018\/2019\" \/>\n<meta property=\"og:description\" content=\"Original Mercedes-Benz Navigation DVD Update f\u00fcr Comand APS NTG4-204. Detailkarten f\u00fcr Europa von 2018\/2019 (Version 16.0) Final Update A2048270800\" \/>\n<meta property=\"og:url\" content=\"https:\/\/www.navi-express.com\/en\/shop\/mercedes-benz\/mercedes-comand-dvd\/mercedes-benz-navigation-dvd-comand-aps-ntg4-204-europa-2018-2019-glk-c-klasse-violett-version-16-0-neu\/\" \/>\n<meta property=\"og:site_name\" content=\"Navi-Express\" \/>\n<meta property=\"article:modified_time\" content=\"2026-01-15T11:08:51+00:00\" \/>\n<meta property=\"og:image\" content=\"https:\/\/www.navi-express.com\/wp-content\/uploads\/2025\/05\/Mercedes-Comand-APS-NTG4-204-Europa-2018-2019-1-scaled.jpg\" \/>\n\t<meta property=\"og:image:width\" content=\"1920\" \/>\n\t<meta property=\"og:image:height\" content=\"2560\" \/>\n\t<meta property=\"og:image:type\" content=\"image\/jpeg\" \/>\n<meta name=\"twitter:card\" content=\"summary_large_image\" \/>\n<meta name=\"twitter:label1\" content=\"Est. reading time\" \/>\n\t<meta name=\"twitter:data1\" content=\"2 minutes\" \/>\n<script type=\"application\/ld+json\" class=\"yoast-schema-graph\">{\"@context\":\"https:\\\/\\\/schema.org\",\"@graph\":[{\"@type\":\"WebPage\",\"@id\":\"https:\\\/\\\/www.navi-express.com\\\/shop\\\/mercedes-benz\\\/mercedes-comand-dvd\\\/mercedes-benz-navigation-dvd-comand-aps-ntg4-204-europa-2018-2019-glk-c-klasse-violett-version-16-0-neu\\\/\",\"url\":\"https:\\\/\\\/www.navi-express.com\\\/shop\\\/mercedes-benz\\\/mercedes-comand-dvd\\\/mercedes-benz-navigation-dvd-comand-aps-ntg4-204-europa-2018-2019-glk-c-klasse-violett-version-16-0-neu\\\/\",\"name\":\"Mercedes Navigation DVD Comand APS NTG4-204 Europa 2018\\\/2019\",\"isPartOf\":{\"@id\":\"https:\\\/\\\/www.navi-express.com\\\/#website\"},\"primaryImageOfPage\":{\"@id\":\"https:\\\/\\\/www.navi-express.com\\\/shop\\\/mercedes-benz\\\/mercedes-comand-dvd\\\/mercedes-benz-navigation-dvd-comand-aps-ntg4-204-europa-2018-2019-glk-c-klasse-violett-version-16-0-neu\\\/#primaryimage\"},\"image\":{\"@id\":\"https:\\\/\\\/www.navi-express.com\\\/shop\\\/mercedes-benz\\\/mercedes-comand-dvd\\\/mercedes-benz-navigation-dvd-comand-aps-ntg4-204-europa-2018-2019-glk-c-klasse-violett-version-16-0-neu\\\/#primaryimage\"},\"thumbnailUrl\":\"https:\\\/\\\/www.navi-express.com\\\/wp-content\\\/uploads\\\/2025\\\/05\\\/Mercedes-Comand-APS-NTG4-204-Europa-2018-2019-1-scaled.jpg\",\"datePublished\":\"2025-05-13T11:07:12+00:00\",\"dateModified\":\"2026-01-15T11:08:51+00:00\",\"description\":\"Original Mercedes-Benz Navigation DVD Update f\u00fcr Comand APS NTG4-204. Detailkarten f\u00fcr Europa von 2018\\\/2019 (Version 16.0) Final Update A2048270800\",\"breadcrumb\":{\"@id\":\"https:\\\/\\\/www.navi-express.com\\\/shop\\\/mercedes-benz\\\/mercedes-comand-dvd\\\/mercedes-benz-navigation-dvd-comand-aps-ntg4-204-europa-2018-2019-glk-c-klasse-violett-version-16-0-neu\\\/#breadcrumb\"},\"inLanguage\":\"en-US\",\"potentialAction\":[{\"@type\":\"ReadAction\",\"target\":[\"https:\\\/\\\/www.navi-express.com\\\/shop\\\/mercedes-benz\\\/mercedes-comand-dvd\\\/mercedes-benz-navigation-dvd-comand-aps-ntg4-204-europa-2018-2019-glk-c-klasse-violett-version-16-0-neu\\\/\"]}]},{\"@type\":\"ImageObject\",\"inLanguage\":\"en-US\",\"@id\":\"https:\\\/\\\/www.navi-express.com\\\/shop\\\/mercedes-benz\\\/mercedes-comand-dvd\\\/mercedes-benz-navigation-dvd-comand-aps-ntg4-204-europa-2018-2019-glk-c-klasse-violett-version-16-0-neu\\\/#primaryimage\",\"url\":\"https:\\\/\\\/www.navi-express.com\\\/wp-content\\\/uploads\\\/2025\\\/05\\\/Mercedes-Comand-APS-NTG4-204-Europa-2018-2019-1-scaled.jpg\",\"contentUrl\":\"https:\\\/\\\/www.navi-express.com\\\/wp-content\\\/uploads\\\/2025\\\/05\\\/Mercedes-Comand-APS-NTG4-204-Europa-2018-2019-1-scaled.jpg\",\"width\":1920,\"height\":2560},{\"@type\":\"BreadcrumbList\",\"@id\":\"https:\\\/\\\/www.navi-express.com\\\/shop\\\/mercedes-benz\\\/mercedes-comand-dvd\\\/mercedes-benz-navigation-dvd-comand-aps-ntg4-204-europa-2018-2019-glk-c-klasse-violett-version-16-0-neu\\\/#breadcrumb\",\"itemListElement\":[{\"@type\":\"ListItem\",\"position\":1,\"name\":\"Startseite\",\"item\":\"https:\\\/\\\/www.navi-express.com\\\/\"},{\"@type\":\"ListItem\",\"position\":2,\"name\":\"Shop\",\"item\":\"https:\\\/\\\/www.navi-express.com\\\/shop\\\/\"},{\"@type\":\"ListItem\",\"position\":3,\"name\":\"Mercedes-Benz Navigation DVD COMAND APS NTG4-204 Europa 2018\\\/2019 A2048270800\"}]},{\"@type\":\"WebSite\",\"@id\":\"https:\\\/\\\/www.navi-express.com\\\/#website\",\"url\":\"https:\\\/\\\/www.navi-express.com\\\/\",\"name\":\"Navi-Express\",\"description\":\"Ihr Experte f\u00fcr Navigation\",\"publisher\":{\"@id\":\"https:\\\/\\\/www.navi-express.com\\\/#organization\"},\"alternateName\":\"NE\",\"potentialAction\":[{\"@type\":\"SearchAction\",\"target\":{\"@type\":\"EntryPoint\",\"urlTemplate\":\"https:\\\/\\\/www.navi-express.com\\\/?s={search_term_string}\"},\"query-input\":{\"@type\":\"PropertyValueSpecification\",\"valueRequired\":true,\"valueName\":\"search_term_string\"}}],\"inLanguage\":\"en-US\"},{\"@type\":\"Organization\",\"@id\":\"https:\\\/\\\/www.navi-express.com\\\/#organization\",\"name\":\"Navi-Express\",\"alternateName\":\"NE\",\"url\":\"https:\\\/\\\/www.navi-express.com\\\/\",\"logo\":{\"@type\":\"ImageObject\",\"inLanguage\":\"en-US\",\"@id\":\"https:\\\/\\\/www.navi-express.com\\\/#\\\/schema\\\/logo\\\/image\\\/\",\"url\":\"https:\\\/\\\/www.navi-express.com\\\/wp-content\\\/uploads\\\/2019\\\/03\\\/cropped-logo-transpbearb-1.png\",\"contentUrl\":\"https:\\\/\\\/www.navi-express.com\\\/wp-content\\\/uploads\\\/2019\\\/03\\\/cropped-logo-transpbearb-1.png\",\"width\":512,\"height\":512,\"caption\":\"Navi-Express\"},\"image\":{\"@id\":\"https:\\\/\\\/www.navi-express.com\\\/#\\\/schema\\\/logo\\\/image\\\/\"}}]}<\/script>\n<!-- \/ Yoast SEO plugin. -->","yoast_head_json":{"title":"Mercedes Navigation DVD Comand APS NTG4-204 Europa 2018\/2019","description":"Original Mercedes-Benz Navigation DVD Update f\u00fcr Comand APS NTG4-204. Detailkarten f\u00fcr Europa von 2018\/2019 (Version 16.0) Final Update A2048270800","robots":{"index":"index","follow":"follow","max-snippet":"max-snippet:-1","max-image-preview":"max-image-preview:large","max-video-preview":"max-video-preview:-1"},"canonical":"https:\/\/www.navi-express.com\/en\/shop\/mercedes-benz\/mercedes-comand-dvd\/mercedes-benz-navigation-dvd-comand-aps-ntg4-204-europa-2018-2019-glk-c-klasse-violett-version-16-0-neu\/","og_locale":"en_US","og_type":"article","og_title":"Mercedes Navigation DVD Comand APS NTG4-204 Europa 2018\/2019","og_description":"Original Mercedes-Benz Navigation DVD Update f\u00fcr Comand APS NTG4-204. Detailkarten f\u00fcr Europa von 2018\/2019 (Version 16.0) Final Update A2048270800","og_url":"https:\/\/www.navi-express.com\/en\/shop\/mercedes-benz\/mercedes-comand-dvd\/mercedes-benz-navigation-dvd-comand-aps-ntg4-204-europa-2018-2019-glk-c-klasse-violett-version-16-0-neu\/","og_site_name":"Navi-Express","article_modified_time":"2026-01-15T11:08:51+00:00","og_image":[{"width":1920,"height":2560,"url":"https:\/\/www.navi-express.com\/wp-content\/uploads\/2025\/05\/Mercedes-Comand-APS-NTG4-204-Europa-2018-2019-1-scaled.jpg","type":"image\/jpeg"}],"twitter_card":"summary_large_image","twitter_misc":{"Est. reading time":"2 minutes"},"schema":{"@context":"https:\/\/schema.org","@graph":[{"@type":"WebPage","@id":"https:\/\/www.navi-express.com\/shop\/mercedes-benz\/mercedes-comand-dvd\/mercedes-benz-navigation-dvd-comand-aps-ntg4-204-europa-2018-2019-glk-c-klasse-violett-version-16-0-neu\/","url":"https:\/\/www.navi-express.com\/shop\/mercedes-benz\/mercedes-comand-dvd\/mercedes-benz-navigation-dvd-comand-aps-ntg4-204-europa-2018-2019-glk-c-klasse-violett-version-16-0-neu\/","name":"Mercedes Navigation DVD Comand APS NTG4-204 Europa 2018\/2019","isPartOf":{"@id":"https:\/\/www.navi-express.com\/#website"},"primaryImageOfPage":{"@id":"https:\/\/www.navi-express.com\/shop\/mercedes-benz\/mercedes-comand-dvd\/mercedes-benz-navigation-dvd-comand-aps-ntg4-204-europa-2018-2019-glk-c-klasse-violett-version-16-0-neu\/#primaryimage"},"image":{"@id":"https:\/\/www.navi-express.com\/shop\/mercedes-benz\/mercedes-comand-dvd\/mercedes-benz-navigation-dvd-comand-aps-ntg4-204-europa-2018-2019-glk-c-klasse-violett-version-16-0-neu\/#primaryimage"},"thumbnailUrl":"https:\/\/www.navi-express.com\/wp-content\/uploads\/2025\/05\/Mercedes-Comand-APS-NTG4-204-Europa-2018-2019-1-scaled.jpg","datePublished":"2025-05-13T11:07:12+00:00","dateModified":"2026-01-15T11:08:51+00:00","description":"Original Mercedes-Benz Navigation DVD Update f\u00fcr Comand APS NTG4-204. Detailkarten f\u00fcr Europa von 2018\/2019 (Version 16.0) Final Update A2048270800","breadcrumb":{"@id":"https:\/\/www.navi-express.com\/shop\/mercedes-benz\/mercedes-comand-dvd\/mercedes-benz-navigation-dvd-comand-aps-ntg4-204-europa-2018-2019-glk-c-klasse-violett-version-16-0-neu\/#breadcrumb"},"inLanguage":"en-US","potentialAction":[{"@type":"ReadAction","target":["https:\/\/www.navi-express.com\/shop\/mercedes-benz\/mercedes-comand-dvd\/mercedes-benz-navigation-dvd-comand-aps-ntg4-204-europa-2018-2019-glk-c-klasse-violett-version-16-0-neu\/"]}]},{"@type":"ImageObject","inLanguage":"en-US","@id":"https:\/\/www.navi-express.com\/shop\/mercedes-benz\/mercedes-comand-dvd\/mercedes-benz-navigation-dvd-comand-aps-ntg4-204-europa-2018-2019-glk-c-klasse-violett-version-16-0-neu\/#primaryimage","url":"https:\/\/www.navi-express.com\/wp-content\/uploads\/2025\/05\/Mercedes-Comand-APS-NTG4-204-Europa-2018-2019-1-scaled.jpg","contentUrl":"https:\/\/www.navi-express.com\/wp-content\/uploads\/2025\/05\/Mercedes-Comand-APS-NTG4-204-Europa-2018-2019-1-scaled.jpg","width":1920,"height":2560},{"@type":"BreadcrumbList","@id":"https:\/\/www.navi-express.com\/shop\/mercedes-benz\/mercedes-comand-dvd\/mercedes-benz-navigation-dvd-comand-aps-ntg4-204-europa-2018-2019-glk-c-klasse-violett-version-16-0-neu\/#breadcrumb","itemListElement":[{"@type":"ListItem","position":1,"name":"Startseite","item":"https:\/\/www.navi-express.com\/"},{"@type":"ListItem","position":2,"name":"Shop","item":"https:\/\/www.navi-express.com\/shop\/"},{"@type":"ListItem","position":3,"name":"Mercedes-Benz Navigation DVD COMAND APS NTG4-204 Europa 2018\/2019 A2048270800"}]},{"@type":"WebSite","@id":"https:\/\/www.navi-express.com\/#website","url":"https:\/\/www.navi-express.com\/","name":"Navi-Express","description":"Ihr Experte f\u00fcr Navigation","publisher":{"@id":"https:\/\/www.navi-express.com\/#organization"},"alternateName":"NE","potentialAction":[{"@type":"SearchAction","target":{"@type":"EntryPoint","urlTemplate":"https:\/\/www.navi-express.com\/?s={search_term_string}"},"query-input":{"@type":"PropertyValueSpecification","valueRequired":true,"valueName":"search_term_string"}}],"inLanguage":"en-US"},{"@type":"Organization","@id":"https:\/\/www.navi-express.com\/#organization","name":"Navi-Express","alternateName":"NE","url":"https:\/\/www.navi-express.com\/","logo":{"@type":"ImageObject","inLanguage":"en-US","@id":"https:\/\/www.navi-express.com\/#\/schema\/logo\/image\/","url":"https:\/\/www.navi-express.com\/wp-content\/uploads\/2019\/03\/cropped-logo-transpbearb-1.png","contentUrl":"https:\/\/www.navi-express.com\/wp-content\/uploads\/2019\/03\/cropped-logo-transpbearb-1.png","width":512,"height":512,"caption":"Navi-Express"},"image":{"@id":"https:\/\/www.navi-express.com\/#\/schema\/logo\/image\/"}}]}},"_links":{"self":[{"href":"https:\/\/www.navi-express.com\/en\/wp-json\/wp\/v2\/product\/4721","targetHints":{"allow":["GET"]}}],"collection":[{"href":"https:\/\/www.navi-express.com\/en\/wp-json\/wp\/v2\/product"}],"about":[{"href":"https:\/\/www.navi-express.com\/en\/wp-json\/wp\/v2\/types\/product"}],"wp:featuredmedia":[{"embeddable":true,"href":"https:\/\/www.navi-express.com\/en\/wp-json\/wp\/v2\/media\/5898"}],"wp:attachment":[{"href":"https:\/\/www.navi-express.com\/en\/wp-json\/wp\/v2\/media?parent=4721"}],"wp:term":[{"taxonomy":"product_brand","embeddable":true,"href":"https:\/\/www.navi-express.com\/en\/wp-json\/wp\/v2\/product_brand?post=4721"},{"taxonomy":"product_cat","embeddable":true,"href":"https:\/\/www.navi-express.com\/en\/wp-json\/wp\/v2\/product_cat?post=4721"},{"taxonomy":"product_tag","embeddable":true,"href":"https:\/\/www.navi-express.com\/en\/wp-json\/wp\/v2\/product_tag?post=4721"}],"curies":[{"name":"wp","href":"https:\/\/api.w.org\/{rel}","templated":true}]}}