{"id":5100,"date":"2025-07-22T13:32:41","date_gmt":"2025-07-22T11:32:41","guid":{"rendered":"https:\/\/www.navi-express.com\/?post_type=product&#038;p=5100"},"modified":"2026-04-17T17:05:42","modified_gmt":"2026-04-17T15:05:42","slug":"tomtom-saugnapf-fuer-go-500-5000-510-5100-600-520-5200-620-6200-camper-essential","status":"publish","type":"product","link":"https:\/\/www.navi-express.com\/en\/shop\/tomtom\/zubehoer\/tomtom-saugnapf-fuer-go-500-5000-510-5100-600-520-5200-620-6200-camper-essential\/","title":{"rendered":"TomTom Saugnapf f\u00fcr GO 500 5000 510 5100 600 520 5200 620 6200 Camper Essential"},"content":{"rendered":"<p>&nbsp;<\/p>\n<div><span style=\"color: #000000;\"><b><span style=\"font-size: large;\">Originaler unbenutzter TomTom Saugnapf passend f\u00fcr verschiedene TomTom Ger\u00e4te mit 5 und 6 Zoll<\/span><\/b><\/span><\/div>\n<div><b><span style=\"font-size: large;\">\u00a0<\/span><\/b><\/div>\n<div><b><span style=\"color: #0039f3; font-size: large;\">&#8211; Es ist kein Kabel, Halterungsclip oder sonstiges Zubeh\u00f6r mit dabei !<\/span><\/b><\/div>\n<div><b><span style=\"color: #0039f3; font-size: large;\">&#8211; Der Saugnapf muss an den vorhandenen Halterungsclip angebracht werden<\/span><\/b><\/div>\n<div>\n<p>&nbsp;<\/p>\n<\/div>\n<div><\/div>\n<div><span style=\"color: #000000;\"><b><u><span style=\"font-size: large;\">Geeignet f\u00fcr die folgenden TomTom Ger\u00e4te:<\/span><\/u><\/b><\/span><\/div>\n<div>\n<ul>\n<li><span style=\"color: #000000;\"><b><span style=\"font-size: large;\">GO 500 , 5000 , 510 , 5100 , 600 , 6000 , 610 , 6100<\/span><\/b><\/span><\/li>\n<li><span style=\"color: #000000;\"><b><span style=\"font-size: large;\">GO 520 , GO 5200 , GO 620 und GO 6200<\/span><\/b><\/span><\/li>\n<li><span style=\"color: #000000;\"><b><span style=\"font-size: large;\">GO Trucker 500 , 5000 und 6000<\/span><\/b><\/span><\/li>\n<li><span style=\"color: #000000;\"><b><span style=\"font-size: large;\">GO Professional 520 620 6200 und 6250<\/span><\/b><\/span><\/li>\n<li><span style=\"color: #000000;\"><b><span style=\"font-size: large;\">GO Essential 5 Zoll und 6 Zoll<\/span><\/b><\/span><\/li>\n<li><span style=\"color: #000000;\"><b><span style=\"font-size: large;\">GO Camper und GO Camper Tour<\/span><\/b><\/span><\/li>\n<li><span style=\"color: #000000;\"><b><span style=\"font-size: large;\">GO Discover mit 5 Zoll und 6 Zoll<\/span><\/b><\/span><\/li>\n<li><span style=\"color: #000000;\"><b><span style=\"font-size: large;\">GO Expert mit 5 Zoll und 6 Zoll<\/span><\/b><\/span><\/li>\n<li><span style=\"color: #000000;\"><b><span style=\"font-size: large;\">GO Expert Plus 6 Zoll<\/span><\/b><\/span><\/li>\n<li><span style=\"color: #000000;\"><b><span style=\"font-size: large;\">GO Navigator mit 5 Zoll und 6 Zoll<\/span><\/b><\/span><\/li>\n<li><span style=\"color: #000000;\"><b><span style=\"font-size: large;\">TomTom GO Premium mit 5 und 6 Zoll sowie GO Premium X<\/span><\/b><\/span><\/li>\n<li><span style=\"color: #000000;\"><b><span style=\"font-size: large;\">GO Superior mit 6 Zoll<\/span><\/b><\/span><\/li>\n<\/ul>\n<p><b><span style=\"font-size: large;\">\u00a0<\/span><\/b><\/p>\n<div><b><span style=\"color: #0039f3; font-size: large;\">Achtung:<\/span><\/b><\/div>\n<\/div>\n<div><b><span style=\"color: #0039f3; font-size: large;\">Nicht geeignet f\u00fcr andere TomTom Ger\u00e4te !<\/span><\/b><\/div>\n<div><b><span style=\"color: #0039f3; font-size: large;\">Nicht geeignet f\u00fcr TomTom Ger\u00e4te mit 4 Zoll, 4,3 Zoll oder 7 Zoll Display<\/span><\/b><\/div>\n<p>&nbsp;<\/p>\n<p>&nbsp;<\/p>\n<p>____________________________________________________________________________________________________________________<\/p>\n<p><strong><span style=\"color: #000000;\"><u>Hersteller \/ EU verantwortliche Person:<\/u><\/span><\/strong><\/p>\n<p><strong><span style=\"color: #000000;\">TomTom N.V.<\/span><\/strong><\/p>\n<p><strong><span style=\"color: #000000;\">De Ruijterkade 154<\/span><\/strong><\/p>\n<p><strong><span style=\"color: #000000;\">1011 AC Amsterdam<\/span><\/strong><\/p>\n<p><strong><span style=\"color: #000000;\">The Netherlands<\/span><\/strong><\/p>\n<p><strong><span style=\"color: #000000;\">Tel.: +31 20-757-5000<\/span><\/strong><\/p>\n<p><strong><span style=\"color: #000000;\">E-Mail: IR@tomtom.com<\/span><\/strong><\/p>","protected":false},"excerpt":{"rendered":"<p>&nbsp; Originaler unbenutzter TomTom Saugnapf passend f\u00fcr verschiedene TomTom Ger\u00e4te mit 5 und 6 Zoll \u00a0 &#8211; Es ist kein Kabel, Halterungsclip oder sonstiges Zubeh\u00f6r mit dabei ! &#8211; Der Saugnapf muss an den vorhandenen Halterungsclip angebracht werden &nbsp; Geeignet f\u00fcr die folgenden TomTom Ger\u00e4te: GO 500 , 5000 , 510 , 5100 , 600 [&hellip;]<\/p>\n","protected":false},"featured_media":5101,"template":"","meta":{"ocean_post_layout":"","ocean_both_sidebars_style":"","ocean_both_sidebars_content_width":0,"ocean_both_sidebars_sidebars_width":0,"ocean_sidebar":"0","ocean_second_sidebar":"0","ocean_disable_margins":"enable","ocean_add_body_class":"","ocean_shortcode_before_top_bar":"","ocean_shortcode_after_top_bar":"","ocean_shortcode_before_header":"","ocean_shortcode_after_header":"","ocean_has_shortcode":"","ocean_shortcode_after_title":"","ocean_shortcode_before_footer_widgets":"","ocean_shortcode_after_footer_widgets":"","ocean_shortcode_before_footer_bottom":"","ocean_shortcode_after_footer_bottom":"","ocean_display_top_bar":"default","ocean_display_header":"default","ocean_header_style":"","ocean_center_header_left_menu":"0","ocean_custom_header_template":"0","ocean_custom_logo":0,"ocean_custom_retina_logo":0,"ocean_custom_logo_max_width":0,"ocean_custom_logo_tablet_max_width":0,"ocean_custom_logo_mobile_max_width":0,"ocean_custom_logo_max_height":0,"ocean_custom_logo_tablet_max_height":0,"ocean_custom_logo_mobile_max_height":0,"ocean_header_custom_menu":"0","ocean_menu_typo_font_family":"0","ocean_menu_typo_font_subset":"","ocean_menu_typo_font_size":0,"ocean_menu_typo_font_size_tablet":0,"ocean_menu_typo_font_size_mobile":0,"ocean_menu_typo_font_size_unit":"px","ocean_menu_typo_font_weight":"","ocean_menu_typo_font_weight_tablet":"","ocean_menu_typo_font_weight_mobile":"","ocean_menu_typo_transform":"","ocean_menu_typo_transform_tablet":"","ocean_menu_typo_transform_mobile":"","ocean_menu_typo_line_height":0,"ocean_menu_typo_line_height_tablet":0,"ocean_menu_typo_line_height_mobile":0,"ocean_menu_typo_line_height_unit":"","ocean_menu_typo_spacing":0,"ocean_menu_typo_spacing_tablet":0,"ocean_menu_typo_spacing_mobile":0,"ocean_menu_typo_spacing_unit":"","ocean_menu_link_color":"","ocean_menu_link_color_hover":"","ocean_menu_link_color_active":"","ocean_menu_link_background":"","ocean_menu_link_hover_background":"","ocean_menu_link_active_background":"","ocean_menu_social_links_bg":"","ocean_menu_social_hover_links_bg":"","ocean_menu_social_links_color":"","ocean_menu_social_hover_links_color":"","ocean_disable_title":"default","ocean_disable_heading":"default","ocean_post_title":"","ocean_post_subheading":"","ocean_post_title_style":"","ocean_post_title_background_color":"","ocean_post_title_background":0,"ocean_post_title_bg_image_position":"","ocean_post_title_bg_image_attachment":"","ocean_post_title_bg_image_repeat":"","ocean_post_title_bg_image_size":"","ocean_post_title_height":0,"ocean_post_title_bg_overlay":0.5,"ocean_post_title_bg_overlay_color":"","ocean_disable_breadcrumbs":"default","ocean_breadcrumbs_color":"","ocean_breadcrumbs_separator_color":"","ocean_breadcrumbs_links_color":"","ocean_breadcrumbs_links_hover_color":"","ocean_display_footer_widgets":"default","ocean_display_footer_bottom":"default","ocean_custom_footer_template":"0"},"product_brand":[],"product_cat":[639],"product_tag":[652,1052,653,1053,654,876,655,877,1334],"class_list":{"0":"post-5100","1":"product","2":"type-product","3":"status-publish","4":"has-post-thumbnail","6":"product_cat-zubehoer","7":"product_tag-go-500","8":"product_tag-go-5000","9":"product_tag-go-510","10":"product_tag-go-5100","11":"product_tag-go-600","12":"product_tag-go-6000","13":"product_tag-go-610","14":"product_tag-go-6100","15":"product_tag-tomtom-saugnapf","17":"entry","18":"has-media","20":"first","21":"instock","22":"purchasable","23":"product-type-simple","24":"col","25":"span_1_of_4","26":"owp-content-center","27":"item-entry","28":"owp-thumbs-layout-horizontal","29":"owp-btn-normal","30":"owp-tabs-layout-horizontal"},"yoast_head":"<!-- This site is optimized with the Yoast SEO plugin v27.4 - https:\/\/yoast.com\/product\/yoast-seo-wordpress\/ -->\n<title>TomTom Saugnapf f\u00fcr GO 500, GO 5000, GO 510, GO 5100 u.a.<\/title>\n<meta name=\"description\" content=\"Original TomTom Saugnapf geeignet f\u00fcr verschiedene TomTom Ger\u00e4te. Halterung muss vorhanden sein, an dieser wird der Saugnapf angebracht!\" \/>\n<meta name=\"robots\" content=\"index, follow, max-snippet:-1, max-image-preview:large, max-video-preview:-1\" \/>\n<link rel=\"canonical\" href=\"https:\/\/www.navi-express.com\/en\/shop\/tomtom\/zubehoer\/tomtom-saugnapf-fuer-go-500-5000-510-5100-600-520-5200-620-6200-camper-essential\/\" \/>\n<meta property=\"og:locale\" content=\"en_US\" \/>\n<meta property=\"og:type\" content=\"article\" \/>\n<meta property=\"og:title\" content=\"TomTom Saugnapf f\u00fcr GO 500, GO 5000, GO 510, GO 5100 u.a.\" \/>\n<meta property=\"og:description\" content=\"Original TomTom Saugnapf geeignet f\u00fcr verschiedene TomTom Ger\u00e4te. Halterung muss vorhanden sein, an dieser wird der Saugnapf angebracht!\" \/>\n<meta property=\"og:url\" content=\"https:\/\/www.navi-express.com\/en\/shop\/tomtom\/zubehoer\/tomtom-saugnapf-fuer-go-500-5000-510-5100-600-520-5200-620-6200-camper-essential\/\" \/>\n<meta property=\"og:site_name\" content=\"Navi-Express\" \/>\n<meta property=\"article:modified_time\" content=\"2026-04-17T15:05:42+00:00\" \/>\n<meta property=\"og:image\" content=\"https:\/\/www.navi-express.com\/wp-content\/uploads\/2025\/07\/TomTom-GO-500-520-Saugnapf-unbenutzt-1-scaled.jpg\" \/>\n\t<meta property=\"og:image:width\" content=\"2560\" \/>\n\t<meta property=\"og:image:height\" content=\"1920\" \/>\n\t<meta property=\"og:image:type\" content=\"image\/jpeg\" \/>\n<meta name=\"twitter:card\" content=\"summary_large_image\" \/>\n<meta name=\"twitter:label1\" content=\"Est. reading time\" \/>\n\t<meta name=\"twitter:data1\" content=\"2 minutes\" \/>\n<script type=\"application\/ld+json\" class=\"yoast-schema-graph\">{\"@context\":\"https:\\\/\\\/schema.org\",\"@graph\":[{\"@type\":\"WebPage\",\"@id\":\"https:\\\/\\\/www.navi-express.com\\\/shop\\\/tomtom\\\/zubehoer\\\/tomtom-saugnapf-fuer-go-500-5000-510-5100-600-520-5200-620-6200-camper-essential\\\/\",\"url\":\"https:\\\/\\\/www.navi-express.com\\\/shop\\\/tomtom\\\/zubehoer\\\/tomtom-saugnapf-fuer-go-500-5000-510-5100-600-520-5200-620-6200-camper-essential\\\/\",\"name\":\"TomTom Saugnapf f\u00fcr GO 500, GO 5000, GO 510, GO 5100 u.a.\",\"isPartOf\":{\"@id\":\"https:\\\/\\\/www.navi-express.com\\\/#website\"},\"primaryImageOfPage\":{\"@id\":\"https:\\\/\\\/www.navi-express.com\\\/shop\\\/tomtom\\\/zubehoer\\\/tomtom-saugnapf-fuer-go-500-5000-510-5100-600-520-5200-620-6200-camper-essential\\\/#primaryimage\"},\"image\":{\"@id\":\"https:\\\/\\\/www.navi-express.com\\\/shop\\\/tomtom\\\/zubehoer\\\/tomtom-saugnapf-fuer-go-500-5000-510-5100-600-520-5200-620-6200-camper-essential\\\/#primaryimage\"},\"thumbnailUrl\":\"https:\\\/\\\/www.navi-express.com\\\/wp-content\\\/uploads\\\/2025\\\/07\\\/TomTom-GO-500-520-Saugnapf-unbenutzt-1-scaled.jpg\",\"datePublished\":\"2025-07-22T11:32:41+00:00\",\"dateModified\":\"2026-04-17T15:05:42+00:00\",\"description\":\"Original TomTom Saugnapf geeignet f\u00fcr verschiedene TomTom Ger\u00e4te. Halterung muss vorhanden sein, an dieser wird der Saugnapf angebracht!\",\"breadcrumb\":{\"@id\":\"https:\\\/\\\/www.navi-express.com\\\/shop\\\/tomtom\\\/zubehoer\\\/tomtom-saugnapf-fuer-go-500-5000-510-5100-600-520-5200-620-6200-camper-essential\\\/#breadcrumb\"},\"inLanguage\":\"en-US\",\"potentialAction\":[{\"@type\":\"ReadAction\",\"target\":[\"https:\\\/\\\/www.navi-express.com\\\/shop\\\/tomtom\\\/zubehoer\\\/tomtom-saugnapf-fuer-go-500-5000-510-5100-600-520-5200-620-6200-camper-essential\\\/\"]}]},{\"@type\":\"ImageObject\",\"inLanguage\":\"en-US\",\"@id\":\"https:\\\/\\\/www.navi-express.com\\\/shop\\\/tomtom\\\/zubehoer\\\/tomtom-saugnapf-fuer-go-500-5000-510-5100-600-520-5200-620-6200-camper-essential\\\/#primaryimage\",\"url\":\"https:\\\/\\\/www.navi-express.com\\\/wp-content\\\/uploads\\\/2025\\\/07\\\/TomTom-GO-500-520-Saugnapf-unbenutzt-1-scaled.jpg\",\"contentUrl\":\"https:\\\/\\\/www.navi-express.com\\\/wp-content\\\/uploads\\\/2025\\\/07\\\/TomTom-GO-500-520-Saugnapf-unbenutzt-1-scaled.jpg\",\"width\":2560,\"height\":1920},{\"@type\":\"BreadcrumbList\",\"@id\":\"https:\\\/\\\/www.navi-express.com\\\/shop\\\/tomtom\\\/zubehoer\\\/tomtom-saugnapf-fuer-go-500-5000-510-5100-600-520-5200-620-6200-camper-essential\\\/#breadcrumb\",\"itemListElement\":[{\"@type\":\"ListItem\",\"position\":1,\"name\":\"Startseite\",\"item\":\"https:\\\/\\\/www.navi-express.com\\\/\"},{\"@type\":\"ListItem\",\"position\":2,\"name\":\"Shop\",\"item\":\"https:\\\/\\\/www.navi-express.com\\\/shop\\\/\"},{\"@type\":\"ListItem\",\"position\":3,\"name\":\"TomTom Saugnapf f\u00fcr GO 500 5000 510 5100 600 520 5200 620 6200 Camper Essential\"}]},{\"@type\":\"WebSite\",\"@id\":\"https:\\\/\\\/www.navi-express.com\\\/#website\",\"url\":\"https:\\\/\\\/www.navi-express.com\\\/\",\"name\":\"Navi-Express\",\"description\":\"Ihr Experte f\u00fcr Navigation\",\"publisher\":{\"@id\":\"https:\\\/\\\/www.navi-express.com\\\/#organization\"},\"alternateName\":\"NE\",\"potentialAction\":[{\"@type\":\"SearchAction\",\"target\":{\"@type\":\"EntryPoint\",\"urlTemplate\":\"https:\\\/\\\/www.navi-express.com\\\/?s={search_term_string}\"},\"query-input\":{\"@type\":\"PropertyValueSpecification\",\"valueRequired\":true,\"valueName\":\"search_term_string\"}}],\"inLanguage\":\"en-US\"},{\"@type\":\"Organization\",\"@id\":\"https:\\\/\\\/www.navi-express.com\\\/#organization\",\"name\":\"Navi-Express\",\"alternateName\":\"NE\",\"url\":\"https:\\\/\\\/www.navi-express.com\\\/\",\"logo\":{\"@type\":\"ImageObject\",\"inLanguage\":\"en-US\",\"@id\":\"https:\\\/\\\/www.navi-express.com\\\/#\\\/schema\\\/logo\\\/image\\\/\",\"url\":\"https:\\\/\\\/www.navi-express.com\\\/wp-content\\\/uploads\\\/2019\\\/03\\\/cropped-logo-transpbearb-1.png\",\"contentUrl\":\"https:\\\/\\\/www.navi-express.com\\\/wp-content\\\/uploads\\\/2019\\\/03\\\/cropped-logo-transpbearb-1.png\",\"width\":512,\"height\":512,\"caption\":\"Navi-Express\"},\"image\":{\"@id\":\"https:\\\/\\\/www.navi-express.com\\\/#\\\/schema\\\/logo\\\/image\\\/\"}}]}<\/script>\n<!-- \/ Yoast SEO plugin. -->","yoast_head_json":{"title":"TomTom Saugnapf f\u00fcr GO 500, GO 5000, GO 510, GO 5100 u.a.","description":"Original TomTom Saugnapf geeignet f\u00fcr verschiedene TomTom Ger\u00e4te. Halterung muss vorhanden sein, an dieser wird der Saugnapf angebracht!","robots":{"index":"index","follow":"follow","max-snippet":"max-snippet:-1","max-image-preview":"max-image-preview:large","max-video-preview":"max-video-preview:-1"},"canonical":"https:\/\/www.navi-express.com\/en\/shop\/tomtom\/zubehoer\/tomtom-saugnapf-fuer-go-500-5000-510-5100-600-520-5200-620-6200-camper-essential\/","og_locale":"en_US","og_type":"article","og_title":"TomTom Saugnapf f\u00fcr GO 500, GO 5000, GO 510, GO 5100 u.a.","og_description":"Original TomTom Saugnapf geeignet f\u00fcr verschiedene TomTom Ger\u00e4te. Halterung muss vorhanden sein, an dieser wird der Saugnapf angebracht!","og_url":"https:\/\/www.navi-express.com\/en\/shop\/tomtom\/zubehoer\/tomtom-saugnapf-fuer-go-500-5000-510-5100-600-520-5200-620-6200-camper-essential\/","og_site_name":"Navi-Express","article_modified_time":"2026-04-17T15:05:42+00:00","og_image":[{"width":2560,"height":1920,"url":"https:\/\/www.navi-express.com\/wp-content\/uploads\/2025\/07\/TomTom-GO-500-520-Saugnapf-unbenutzt-1-scaled.jpg","type":"image\/jpeg"}],"twitter_card":"summary_large_image","twitter_misc":{"Est. reading time":"2 minutes"},"schema":{"@context":"https:\/\/schema.org","@graph":[{"@type":"WebPage","@id":"https:\/\/www.navi-express.com\/shop\/tomtom\/zubehoer\/tomtom-saugnapf-fuer-go-500-5000-510-5100-600-520-5200-620-6200-camper-essential\/","url":"https:\/\/www.navi-express.com\/shop\/tomtom\/zubehoer\/tomtom-saugnapf-fuer-go-500-5000-510-5100-600-520-5200-620-6200-camper-essential\/","name":"TomTom Saugnapf f\u00fcr GO 500, GO 5000, GO 510, GO 5100 u.a.","isPartOf":{"@id":"https:\/\/www.navi-express.com\/#website"},"primaryImageOfPage":{"@id":"https:\/\/www.navi-express.com\/shop\/tomtom\/zubehoer\/tomtom-saugnapf-fuer-go-500-5000-510-5100-600-520-5200-620-6200-camper-essential\/#primaryimage"},"image":{"@id":"https:\/\/www.navi-express.com\/shop\/tomtom\/zubehoer\/tomtom-saugnapf-fuer-go-500-5000-510-5100-600-520-5200-620-6200-camper-essential\/#primaryimage"},"thumbnailUrl":"https:\/\/www.navi-express.com\/wp-content\/uploads\/2025\/07\/TomTom-GO-500-520-Saugnapf-unbenutzt-1-scaled.jpg","datePublished":"2025-07-22T11:32:41+00:00","dateModified":"2026-04-17T15:05:42+00:00","description":"Original TomTom Saugnapf geeignet f\u00fcr verschiedene TomTom Ger\u00e4te. Halterung muss vorhanden sein, an dieser wird der Saugnapf angebracht!","breadcrumb":{"@id":"https:\/\/www.navi-express.com\/shop\/tomtom\/zubehoer\/tomtom-saugnapf-fuer-go-500-5000-510-5100-600-520-5200-620-6200-camper-essential\/#breadcrumb"},"inLanguage":"en-US","potentialAction":[{"@type":"ReadAction","target":["https:\/\/www.navi-express.com\/shop\/tomtom\/zubehoer\/tomtom-saugnapf-fuer-go-500-5000-510-5100-600-520-5200-620-6200-camper-essential\/"]}]},{"@type":"ImageObject","inLanguage":"en-US","@id":"https:\/\/www.navi-express.com\/shop\/tomtom\/zubehoer\/tomtom-saugnapf-fuer-go-500-5000-510-5100-600-520-5200-620-6200-camper-essential\/#primaryimage","url":"https:\/\/www.navi-express.com\/wp-content\/uploads\/2025\/07\/TomTom-GO-500-520-Saugnapf-unbenutzt-1-scaled.jpg","contentUrl":"https:\/\/www.navi-express.com\/wp-content\/uploads\/2025\/07\/TomTom-GO-500-520-Saugnapf-unbenutzt-1-scaled.jpg","width":2560,"height":1920},{"@type":"BreadcrumbList","@id":"https:\/\/www.navi-express.com\/shop\/tomtom\/zubehoer\/tomtom-saugnapf-fuer-go-500-5000-510-5100-600-520-5200-620-6200-camper-essential\/#breadcrumb","itemListElement":[{"@type":"ListItem","position":1,"name":"Startseite","item":"https:\/\/www.navi-express.com\/"},{"@type":"ListItem","position":2,"name":"Shop","item":"https:\/\/www.navi-express.com\/shop\/"},{"@type":"ListItem","position":3,"name":"TomTom Saugnapf f\u00fcr GO 500 5000 510 5100 600 520 5200 620 6200 Camper Essential"}]},{"@type":"WebSite","@id":"https:\/\/www.navi-express.com\/#website","url":"https:\/\/www.navi-express.com\/","name":"Navi-Express","description":"Ihr Experte f\u00fcr Navigation","publisher":{"@id":"https:\/\/www.navi-express.com\/#organization"},"alternateName":"NE","potentialAction":[{"@type":"SearchAction","target":{"@type":"EntryPoint","urlTemplate":"https:\/\/www.navi-express.com\/?s={search_term_string}"},"query-input":{"@type":"PropertyValueSpecification","valueRequired":true,"valueName":"search_term_string"}}],"inLanguage":"en-US"},{"@type":"Organization","@id":"https:\/\/www.navi-express.com\/#organization","name":"Navi-Express","alternateName":"NE","url":"https:\/\/www.navi-express.com\/","logo":{"@type":"ImageObject","inLanguage":"en-US","@id":"https:\/\/www.navi-express.com\/#\/schema\/logo\/image\/","url":"https:\/\/www.navi-express.com\/wp-content\/uploads\/2019\/03\/cropped-logo-transpbearb-1.png","contentUrl":"https:\/\/www.navi-express.com\/wp-content\/uploads\/2019\/03\/cropped-logo-transpbearb-1.png","width":512,"height":512,"caption":"Navi-Express"},"image":{"@id":"https:\/\/www.navi-express.com\/#\/schema\/logo\/image\/"}}]}},"_links":{"self":[{"href":"https:\/\/www.navi-express.com\/en\/wp-json\/wp\/v2\/product\/5100","targetHints":{"allow":["GET"]}}],"collection":[{"href":"https:\/\/www.navi-express.com\/en\/wp-json\/wp\/v2\/product"}],"about":[{"href":"https:\/\/www.navi-express.com\/en\/wp-json\/wp\/v2\/types\/product"}],"wp:featuredmedia":[{"embeddable":true,"href":"https:\/\/www.navi-express.com\/en\/wp-json\/wp\/v2\/media\/5101"}],"wp:attachment":[{"href":"https:\/\/www.navi-express.com\/en\/wp-json\/wp\/v2\/media?parent=5100"}],"wp:term":[{"taxonomy":"product_brand","embeddable":true,"href":"https:\/\/www.navi-express.com\/en\/wp-json\/wp\/v2\/product_brand?post=5100"},{"taxonomy":"product_cat","embeddable":true,"href":"https:\/\/www.navi-express.com\/en\/wp-json\/wp\/v2\/product_cat?post=5100"},{"taxonomy":"product_tag","embeddable":true,"href":"https:\/\/www.navi-express.com\/en\/wp-json\/wp\/v2\/product_tag?post=5100"}],"curies":[{"name":"wp","href":"https:\/\/api.w.org\/{rel}","templated":true}]}}