{"id":5104,"date":"2025-07-22T13:40:42","date_gmt":"2025-07-22T11:40:42","guid":{"rendered":"https:\/\/www.navi-express.com\/?post_type=product&#038;p=5104"},"modified":"2026-04-26T11:39:13","modified_gmt":"2026-04-26T09:39:13","slug":"tomtom-halterung-aufnahme-ohne-saugnapf-go-520-5200-620-6200-camper-essential-u-a","status":"publish","type":"product","link":"https:\/\/www.navi-express.com\/en\/shop\/tomtom\/zubehoer\/tomtom-halterung-aufnahme-ohne-saugnapf-go-520-5200-620-6200-camper-essential-u-a\/","title":{"rendered":"TomTom Halterung Aufnahme OHNE SAUGNAPF GO 520 5200 620 6200 Camper Essential u.a."},"content":{"rendered":"<p>&nbsp;<\/p>\n<div>\n<div><b><span style=\"font-size: large;\">Originale und unbenutzte TomTom Aktiv Magnet Halterung Aufnahme f\u00fcr die R\u00fcckseite<\/span><\/b><\/div>\n<div><b><span style=\"font-size: large;\">\u00a0<\/span><\/b><\/div>\n<div><b><span style=\"font-size: large;\">&gt;&gt; OHNE SAUGNAPF<\/span><\/b><\/div>\n<div><b><span style=\"font-size: large;\">\u00a0<\/span><\/b><\/div>\n<div><b>\u00a0<\/b><\/div>\n<div>\n<p><b><u><span style=\"font-size: large;\">Geeignet f\u00fcr die folgenden TomTom Ger\u00e4te:<\/span><\/u><\/b><\/p>\n<\/div>\n<div>\n<ul>\n<li><b><span style=\"font-size: large;\">GO 520 , GO 5200 , GO 620 und GO 6200<\/span><\/b><\/li>\n<li><b><span style=\"font-size: large;\">GO Professional 520 620 6200 und 6250<\/span><\/b><\/li>\n<li><b><span style=\"font-size: large;\">GO Essential 5 Zoll und 6 Zoll<\/span><\/b><\/li>\n<li><b><span style=\"font-size: large;\">GO Camper und GO Camper Tour<\/span><\/b><\/li>\n<li><b><span style=\"font-size: large;\">GO Discover mit 5 Zoll und 6 Zoll<\/span><\/b><\/li>\n<li><b><span style=\"font-size: large;\">GO Expert mit 5 Zoll und 6 Zoll<\/span><\/b><\/li>\n<li><b><span style=\"font-size: large;\">GO Navigator<\/span><\/b><\/li>\n<li><b><span style=\"font-size: large;\">Expert Plus mit 6 Zoll<\/span><\/b><\/li>\n<li><b><span style=\"font-size: large;\">TomTom GO Premium mit 5 und 6 Zoll sowie GO Premium X<\/span><\/b><\/li>\n<\/ul>\n<p><b>\u00a0<\/b><\/p>\n<div><b><span style=\"color: #0039f3; font-size: large;\">Achtung:<\/span><\/b><\/div>\n<\/div>\n<div><b><span style=\"color: #0039f3; font-size: large;\">Nicht geeignet f\u00fcr andere TomTom Ger\u00e4te !<\/span><\/b><\/div>\n<div><b><span style=\"color: #0039f3; font-size: large;\">Nicht geeignet f\u00fcr TomTom Ger\u00e4te mit 7 Zoll Display<\/span><\/b><\/div>\n<\/div>\n<p>&nbsp;<\/p>\n<p>&nbsp;<\/p>\n<p>____________________________________________________________________________________________________________________<\/p>\n<p><strong><span style=\"color: #000000;\"><u>Hersteller \/ EU verantwortliche Person:<\/u><\/span><\/strong><\/p>\n<p><strong><span style=\"color: #000000;\">TomTom N.V.<\/span><\/strong><\/p>\n<p><strong><span style=\"color: #000000;\">De Ruijterkade 154<\/span><\/strong><\/p>\n<p><strong><span style=\"color: #000000;\">1011 AC Amsterdam<\/span><\/strong><\/p>\n<p><strong><span style=\"color: #000000;\">The Netherlands<\/span><\/strong><\/p>\n<p><strong><span style=\"color: #000000;\">Tel.: +31 20-757-5000<\/span><\/strong><\/p>\n<p><strong><span style=\"color: #000000;\">E-Mail: IR@tomtom.com<\/span><\/strong><\/p>","protected":false},"excerpt":{"rendered":"<p>&nbsp; Originale und unbenutzte TomTom Aktiv Magnet Halterung Aufnahme f\u00fcr die R\u00fcckseite \u00a0 &gt;&gt; OHNE SAUGNAPF \u00a0 \u00a0 Geeignet f\u00fcr die folgenden TomTom Ger\u00e4te: GO 520 , GO 5200 , GO 620 und GO 6200 GO Professional 520 620 6200 und 6250 GO Essential 5 Zoll und 6 Zoll GO Camper und GO Camper Tour [&hellip;]<\/p>\n","protected":false},"featured_media":5105,"template":"","meta":{"ocean_post_layout":"","ocean_both_sidebars_style":"","ocean_both_sidebars_content_width":0,"ocean_both_sidebars_sidebars_width":0,"ocean_sidebar":"0","ocean_second_sidebar":"0","ocean_disable_margins":"enable","ocean_add_body_class":"","ocean_shortcode_before_top_bar":"","ocean_shortcode_after_top_bar":"","ocean_shortcode_before_header":"","ocean_shortcode_after_header":"","ocean_has_shortcode":"","ocean_shortcode_after_title":"","ocean_shortcode_before_footer_widgets":"","ocean_shortcode_after_footer_widgets":"","ocean_shortcode_before_footer_bottom":"","ocean_shortcode_after_footer_bottom":"","ocean_display_top_bar":"default","ocean_display_header":"default","ocean_header_style":"","ocean_center_header_left_menu":"0","ocean_custom_header_template":"0","ocean_custom_logo":0,"ocean_custom_retina_logo":0,"ocean_custom_logo_max_width":0,"ocean_custom_logo_tablet_max_width":0,"ocean_custom_logo_mobile_max_width":0,"ocean_custom_logo_max_height":0,"ocean_custom_logo_tablet_max_height":0,"ocean_custom_logo_mobile_max_height":0,"ocean_header_custom_menu":"0","ocean_menu_typo_font_family":"0","ocean_menu_typo_font_subset":"","ocean_menu_typo_font_size":0,"ocean_menu_typo_font_size_tablet":0,"ocean_menu_typo_font_size_mobile":0,"ocean_menu_typo_font_size_unit":"px","ocean_menu_typo_font_weight":"","ocean_menu_typo_font_weight_tablet":"","ocean_menu_typo_font_weight_mobile":"","ocean_menu_typo_transform":"","ocean_menu_typo_transform_tablet":"","ocean_menu_typo_transform_mobile":"","ocean_menu_typo_line_height":0,"ocean_menu_typo_line_height_tablet":0,"ocean_menu_typo_line_height_mobile":0,"ocean_menu_typo_line_height_unit":"","ocean_menu_typo_spacing":0,"ocean_menu_typo_spacing_tablet":0,"ocean_menu_typo_spacing_mobile":0,"ocean_menu_typo_spacing_unit":"","ocean_menu_link_color":"","ocean_menu_link_color_hover":"","ocean_menu_link_color_active":"","ocean_menu_link_background":"","ocean_menu_link_hover_background":"","ocean_menu_link_active_background":"","ocean_menu_social_links_bg":"","ocean_menu_social_hover_links_bg":"","ocean_menu_social_links_color":"","ocean_menu_social_hover_links_color":"","ocean_disable_title":"default","ocean_disable_heading":"default","ocean_post_title":"","ocean_post_subheading":"","ocean_post_title_style":"","ocean_post_title_background_color":"","ocean_post_title_background":0,"ocean_post_title_bg_image_position":"","ocean_post_title_bg_image_attachment":"","ocean_post_title_bg_image_repeat":"","ocean_post_title_bg_image_size":"","ocean_post_title_height":0,"ocean_post_title_bg_overlay":0.5,"ocean_post_title_bg_overlay_color":"","ocean_disable_breadcrumbs":"default","ocean_breadcrumbs_color":"","ocean_breadcrumbs_separator_color":"","ocean_breadcrumbs_links_color":"","ocean_breadcrumbs_links_hover_color":"","ocean_display_footer_widgets":"default","ocean_display_footer_bottom":"default","ocean_custom_footer_template":"0"},"product_brand":[],"product_cat":[639],"product_tag":[1335],"class_list":{"0":"post-5104","1":"product","2":"type-product","3":"status-publish","4":"has-post-thumbnail","6":"product_cat-zubehoer","7":"product_tag-halterung-aufnahme","9":"entry","10":"has-media","12":"first","13":"instock","14":"purchasable","15":"product-type-simple","16":"col","17":"span_1_of_4","18":"owp-content-center","19":"item-entry","20":"owp-thumbs-layout-horizontal","21":"owp-btn-normal","22":"owp-tabs-layout-horizontal"},"yoast_head":"<!-- This site is optimized with the Yoast SEO plugin v27.5 - https:\/\/yoast.com\/product\/yoast-seo-wordpress\/ -->\n<title>TomTom Halterung Aufnahme R\u00fcckseite f\u00fcr GO 520 5200 u.a.<\/title>\n<meta name=\"description\" content=\"Original TomTom Halterungsaufnahme geeignet f\u00fcr verschiedene TomTom Ger\u00e4te wie GO 520, GO 5200, GO 620, GO 6200, GO Essential 5 &amp; 6 Zoll und weitere.\" \/>\n<meta name=\"robots\" content=\"index, follow, max-snippet:-1, max-image-preview:large, max-video-preview:-1\" \/>\n<link rel=\"canonical\" href=\"https:\/\/www.navi-express.com\/en\/shop\/tomtom\/zubehoer\/tomtom-halterung-aufnahme-ohne-saugnapf-go-520-5200-620-6200-camper-essential-u-a\/\" \/>\n<meta property=\"og:locale\" content=\"en_US\" \/>\n<meta property=\"og:type\" content=\"article\" \/>\n<meta property=\"og:title\" content=\"TomTom Halterung Aufnahme R\u00fcckseite f\u00fcr GO 520 5200 u.a.\" \/>\n<meta property=\"og:description\" content=\"Original TomTom Halterungsaufnahme geeignet f\u00fcr verschiedene TomTom Ger\u00e4te wie GO 520, GO 5200, GO 620, GO 6200, GO Essential 5 &amp; 6 Zoll und weitere.\" \/>\n<meta property=\"og:url\" content=\"https:\/\/www.navi-express.com\/en\/shop\/tomtom\/zubehoer\/tomtom-halterung-aufnahme-ohne-saugnapf-go-520-5200-620-6200-camper-essential-u-a\/\" \/>\n<meta property=\"og:site_name\" content=\"Navi-Express\" \/>\n<meta property=\"article:modified_time\" content=\"2026-04-26T09:39:13+00:00\" \/>\n<meta property=\"og:image\" content=\"https:\/\/www.navi-express.com\/wp-content\/uploads\/2025\/07\/TomTom-GO-520-Halterung-Aufnahme-unbenutzt-1-scaled.jpg\" \/>\n\t<meta property=\"og:image:width\" content=\"2560\" \/>\n\t<meta property=\"og:image:height\" content=\"1920\" \/>\n\t<meta property=\"og:image:type\" content=\"image\/jpeg\" \/>\n<meta name=\"twitter:card\" content=\"summary_large_image\" \/>\n<meta name=\"twitter:label1\" content=\"Est. reading time\" \/>\n\t<meta name=\"twitter:data1\" content=\"1 minute\" \/>\n<script type=\"application\/ld+json\" class=\"yoast-schema-graph\">{\"@context\":\"https:\\\/\\\/schema.org\",\"@graph\":[{\"@type\":\"WebPage\",\"@id\":\"https:\\\/\\\/www.navi-express.com\\\/shop\\\/tomtom\\\/zubehoer\\\/tomtom-halterung-aufnahme-ohne-saugnapf-go-520-5200-620-6200-camper-essential-u-a\\\/\",\"url\":\"https:\\\/\\\/www.navi-express.com\\\/shop\\\/tomtom\\\/zubehoer\\\/tomtom-halterung-aufnahme-ohne-saugnapf-go-520-5200-620-6200-camper-essential-u-a\\\/\",\"name\":\"TomTom Halterung Aufnahme R\u00fcckseite f\u00fcr GO 520 5200 u.a.\",\"isPartOf\":{\"@id\":\"https:\\\/\\\/www.navi-express.com\\\/#website\"},\"primaryImageOfPage\":{\"@id\":\"https:\\\/\\\/www.navi-express.com\\\/shop\\\/tomtom\\\/zubehoer\\\/tomtom-halterung-aufnahme-ohne-saugnapf-go-520-5200-620-6200-camper-essential-u-a\\\/#primaryimage\"},\"image\":{\"@id\":\"https:\\\/\\\/www.navi-express.com\\\/shop\\\/tomtom\\\/zubehoer\\\/tomtom-halterung-aufnahme-ohne-saugnapf-go-520-5200-620-6200-camper-essential-u-a\\\/#primaryimage\"},\"thumbnailUrl\":\"https:\\\/\\\/www.navi-express.com\\\/wp-content\\\/uploads\\\/2025\\\/07\\\/TomTom-GO-520-Halterung-Aufnahme-unbenutzt-1-scaled.jpg\",\"datePublished\":\"2025-07-22T11:40:42+00:00\",\"dateModified\":\"2026-04-26T09:39:13+00:00\",\"description\":\"Original TomTom Halterungsaufnahme geeignet f\u00fcr verschiedene TomTom Ger\u00e4te wie GO 520, GO 5200, GO 620, GO 6200, GO Essential 5 & 6 Zoll und weitere.\",\"breadcrumb\":{\"@id\":\"https:\\\/\\\/www.navi-express.com\\\/shop\\\/tomtom\\\/zubehoer\\\/tomtom-halterung-aufnahme-ohne-saugnapf-go-520-5200-620-6200-camper-essential-u-a\\\/#breadcrumb\"},\"inLanguage\":\"en-US\",\"potentialAction\":[{\"@type\":\"ReadAction\",\"target\":[\"https:\\\/\\\/www.navi-express.com\\\/shop\\\/tomtom\\\/zubehoer\\\/tomtom-halterung-aufnahme-ohne-saugnapf-go-520-5200-620-6200-camper-essential-u-a\\\/\"]}]},{\"@type\":\"ImageObject\",\"inLanguage\":\"en-US\",\"@id\":\"https:\\\/\\\/www.navi-express.com\\\/shop\\\/tomtom\\\/zubehoer\\\/tomtom-halterung-aufnahme-ohne-saugnapf-go-520-5200-620-6200-camper-essential-u-a\\\/#primaryimage\",\"url\":\"https:\\\/\\\/www.navi-express.com\\\/wp-content\\\/uploads\\\/2025\\\/07\\\/TomTom-GO-520-Halterung-Aufnahme-unbenutzt-1-scaled.jpg\",\"contentUrl\":\"https:\\\/\\\/www.navi-express.com\\\/wp-content\\\/uploads\\\/2025\\\/07\\\/TomTom-GO-520-Halterung-Aufnahme-unbenutzt-1-scaled.jpg\",\"width\":2560,\"height\":1920},{\"@type\":\"BreadcrumbList\",\"@id\":\"https:\\\/\\\/www.navi-express.com\\\/shop\\\/tomtom\\\/zubehoer\\\/tomtom-halterung-aufnahme-ohne-saugnapf-go-520-5200-620-6200-camper-essential-u-a\\\/#breadcrumb\",\"itemListElement\":[{\"@type\":\"ListItem\",\"position\":1,\"name\":\"Startseite\",\"item\":\"https:\\\/\\\/www.navi-express.com\\\/\"},{\"@type\":\"ListItem\",\"position\":2,\"name\":\"Shop\",\"item\":\"https:\\\/\\\/www.navi-express.com\\\/shop\\\/\"},{\"@type\":\"ListItem\",\"position\":3,\"name\":\"TomTom Halterung Aufnahme OHNE SAUGNAPF GO 520 5200 620 6200 Camper Essential u.a.\"}]},{\"@type\":\"WebSite\",\"@id\":\"https:\\\/\\\/www.navi-express.com\\\/#website\",\"url\":\"https:\\\/\\\/www.navi-express.com\\\/\",\"name\":\"Navi-Express\",\"description\":\"Ihr Experte f\u00fcr Navigation\",\"publisher\":{\"@id\":\"https:\\\/\\\/www.navi-express.com\\\/#organization\"},\"alternateName\":\"NE\",\"potentialAction\":[{\"@type\":\"SearchAction\",\"target\":{\"@type\":\"EntryPoint\",\"urlTemplate\":\"https:\\\/\\\/www.navi-express.com\\\/?s={search_term_string}\"},\"query-input\":{\"@type\":\"PropertyValueSpecification\",\"valueRequired\":true,\"valueName\":\"search_term_string\"}}],\"inLanguage\":\"en-US\"},{\"@type\":\"Organization\",\"@id\":\"https:\\\/\\\/www.navi-express.com\\\/#organization\",\"name\":\"Navi-Express\",\"alternateName\":\"NE\",\"url\":\"https:\\\/\\\/www.navi-express.com\\\/\",\"logo\":{\"@type\":\"ImageObject\",\"inLanguage\":\"en-US\",\"@id\":\"https:\\\/\\\/www.navi-express.com\\\/#\\\/schema\\\/logo\\\/image\\\/\",\"url\":\"https:\\\/\\\/www.navi-express.com\\\/wp-content\\\/uploads\\\/2019\\\/03\\\/cropped-logo-transpbearb-1.png\",\"contentUrl\":\"https:\\\/\\\/www.navi-express.com\\\/wp-content\\\/uploads\\\/2019\\\/03\\\/cropped-logo-transpbearb-1.png\",\"width\":512,\"height\":512,\"caption\":\"Navi-Express\"},\"image\":{\"@id\":\"https:\\\/\\\/www.navi-express.com\\\/#\\\/schema\\\/logo\\\/image\\\/\"}}]}<\/script>\n<!-- \/ Yoast SEO plugin. -->","yoast_head_json":{"title":"TomTom Halterung Aufnahme R\u00fcckseite f\u00fcr GO 520 5200 u.a.","description":"Original TomTom Halterungsaufnahme geeignet f\u00fcr verschiedene TomTom Ger\u00e4te wie GO 520, GO 5200, GO 620, GO 6200, GO Essential 5 & 6 Zoll und weitere.","robots":{"index":"index","follow":"follow","max-snippet":"max-snippet:-1","max-image-preview":"max-image-preview:large","max-video-preview":"max-video-preview:-1"},"canonical":"https:\/\/www.navi-express.com\/en\/shop\/tomtom\/zubehoer\/tomtom-halterung-aufnahme-ohne-saugnapf-go-520-5200-620-6200-camper-essential-u-a\/","og_locale":"en_US","og_type":"article","og_title":"TomTom Halterung Aufnahme R\u00fcckseite f\u00fcr GO 520 5200 u.a.","og_description":"Original TomTom Halterungsaufnahme geeignet f\u00fcr verschiedene TomTom Ger\u00e4te wie GO 520, GO 5200, GO 620, GO 6200, GO Essential 5 & 6 Zoll und weitere.","og_url":"https:\/\/www.navi-express.com\/en\/shop\/tomtom\/zubehoer\/tomtom-halterung-aufnahme-ohne-saugnapf-go-520-5200-620-6200-camper-essential-u-a\/","og_site_name":"Navi-Express","article_modified_time":"2026-04-26T09:39:13+00:00","og_image":[{"width":2560,"height":1920,"url":"https:\/\/www.navi-express.com\/wp-content\/uploads\/2025\/07\/TomTom-GO-520-Halterung-Aufnahme-unbenutzt-1-scaled.jpg","type":"image\/jpeg"}],"twitter_card":"summary_large_image","twitter_misc":{"Est. reading time":"1 minute"},"schema":{"@context":"https:\/\/schema.org","@graph":[{"@type":"WebPage","@id":"https:\/\/www.navi-express.com\/shop\/tomtom\/zubehoer\/tomtom-halterung-aufnahme-ohne-saugnapf-go-520-5200-620-6200-camper-essential-u-a\/","url":"https:\/\/www.navi-express.com\/shop\/tomtom\/zubehoer\/tomtom-halterung-aufnahme-ohne-saugnapf-go-520-5200-620-6200-camper-essential-u-a\/","name":"TomTom Halterung Aufnahme R\u00fcckseite f\u00fcr GO 520 5200 u.a.","isPartOf":{"@id":"https:\/\/www.navi-express.com\/#website"},"primaryImageOfPage":{"@id":"https:\/\/www.navi-express.com\/shop\/tomtom\/zubehoer\/tomtom-halterung-aufnahme-ohne-saugnapf-go-520-5200-620-6200-camper-essential-u-a\/#primaryimage"},"image":{"@id":"https:\/\/www.navi-express.com\/shop\/tomtom\/zubehoer\/tomtom-halterung-aufnahme-ohne-saugnapf-go-520-5200-620-6200-camper-essential-u-a\/#primaryimage"},"thumbnailUrl":"https:\/\/www.navi-express.com\/wp-content\/uploads\/2025\/07\/TomTom-GO-520-Halterung-Aufnahme-unbenutzt-1-scaled.jpg","datePublished":"2025-07-22T11:40:42+00:00","dateModified":"2026-04-26T09:39:13+00:00","description":"Original TomTom Halterungsaufnahme geeignet f\u00fcr verschiedene TomTom Ger\u00e4te wie GO 520, GO 5200, GO 620, GO 6200, GO Essential 5 & 6 Zoll und weitere.","breadcrumb":{"@id":"https:\/\/www.navi-express.com\/shop\/tomtom\/zubehoer\/tomtom-halterung-aufnahme-ohne-saugnapf-go-520-5200-620-6200-camper-essential-u-a\/#breadcrumb"},"inLanguage":"en-US","potentialAction":[{"@type":"ReadAction","target":["https:\/\/www.navi-express.com\/shop\/tomtom\/zubehoer\/tomtom-halterung-aufnahme-ohne-saugnapf-go-520-5200-620-6200-camper-essential-u-a\/"]}]},{"@type":"ImageObject","inLanguage":"en-US","@id":"https:\/\/www.navi-express.com\/shop\/tomtom\/zubehoer\/tomtom-halterung-aufnahme-ohne-saugnapf-go-520-5200-620-6200-camper-essential-u-a\/#primaryimage","url":"https:\/\/www.navi-express.com\/wp-content\/uploads\/2025\/07\/TomTom-GO-520-Halterung-Aufnahme-unbenutzt-1-scaled.jpg","contentUrl":"https:\/\/www.navi-express.com\/wp-content\/uploads\/2025\/07\/TomTom-GO-520-Halterung-Aufnahme-unbenutzt-1-scaled.jpg","width":2560,"height":1920},{"@type":"BreadcrumbList","@id":"https:\/\/www.navi-express.com\/shop\/tomtom\/zubehoer\/tomtom-halterung-aufnahme-ohne-saugnapf-go-520-5200-620-6200-camper-essential-u-a\/#breadcrumb","itemListElement":[{"@type":"ListItem","position":1,"name":"Startseite","item":"https:\/\/www.navi-express.com\/"},{"@type":"ListItem","position":2,"name":"Shop","item":"https:\/\/www.navi-express.com\/shop\/"},{"@type":"ListItem","position":3,"name":"TomTom Halterung Aufnahme OHNE SAUGNAPF GO 520 5200 620 6200 Camper Essential u.a."}]},{"@type":"WebSite","@id":"https:\/\/www.navi-express.com\/#website","url":"https:\/\/www.navi-express.com\/","name":"Navi-Express","description":"Ihr Experte f\u00fcr Navigation","publisher":{"@id":"https:\/\/www.navi-express.com\/#organization"},"alternateName":"NE","potentialAction":[{"@type":"SearchAction","target":{"@type":"EntryPoint","urlTemplate":"https:\/\/www.navi-express.com\/?s={search_term_string}"},"query-input":{"@type":"PropertyValueSpecification","valueRequired":true,"valueName":"search_term_string"}}],"inLanguage":"en-US"},{"@type":"Organization","@id":"https:\/\/www.navi-express.com\/#organization","name":"Navi-Express","alternateName":"NE","url":"https:\/\/www.navi-express.com\/","logo":{"@type":"ImageObject","inLanguage":"en-US","@id":"https:\/\/www.navi-express.com\/#\/schema\/logo\/image\/","url":"https:\/\/www.navi-express.com\/wp-content\/uploads\/2019\/03\/cropped-logo-transpbearb-1.png","contentUrl":"https:\/\/www.navi-express.com\/wp-content\/uploads\/2019\/03\/cropped-logo-transpbearb-1.png","width":512,"height":512,"caption":"Navi-Express"},"image":{"@id":"https:\/\/www.navi-express.com\/#\/schema\/logo\/image\/"}}]}},"_links":{"self":[{"href":"https:\/\/www.navi-express.com\/en\/wp-json\/wp\/v2\/product\/5104","targetHints":{"allow":["GET"]}}],"collection":[{"href":"https:\/\/www.navi-express.com\/en\/wp-json\/wp\/v2\/product"}],"about":[{"href":"https:\/\/www.navi-express.com\/en\/wp-json\/wp\/v2\/types\/product"}],"wp:featuredmedia":[{"embeddable":true,"href":"https:\/\/www.navi-express.com\/en\/wp-json\/wp\/v2\/media\/5105"}],"wp:attachment":[{"href":"https:\/\/www.navi-express.com\/en\/wp-json\/wp\/v2\/media?parent=5104"}],"wp:term":[{"taxonomy":"product_brand","embeddable":true,"href":"https:\/\/www.navi-express.com\/en\/wp-json\/wp\/v2\/product_brand?post=5104"},{"taxonomy":"product_cat","embeddable":true,"href":"https:\/\/www.navi-express.com\/en\/wp-json\/wp\/v2\/product_cat?post=5104"},{"taxonomy":"product_tag","embeddable":true,"href":"https:\/\/www.navi-express.com\/en\/wp-json\/wp\/v2\/product_tag?post=5104"}],"curies":[{"name":"wp","href":"https:\/\/api.w.org\/{rel}","templated":true}]}}