{"id":518,"date":"2020-03-24T19:12:29","date_gmt":"2020-03-24T18:12:29","guid":{"rendered":"https:\/\/www.navi-express.com\/?post_type=product&#038;p=518"},"modified":"2026-04-27T22:20:09","modified_gmt":"2026-04-27T20:20:09","slug":"mercedes-benz-navigations-dvd-comand-aps-ntg-2-5-europa-2019-a2198272700-zitrus","status":"publish","type":"product","link":"https:\/\/www.navi-express.com\/en\/shop\/mercedes-benz\/mercedes-comand-dvd\/mercedes-benz-navigations-dvd-comand-aps-ntg-2-5-europa-2019-a2198272700-zitrus\/","title":{"rendered":"Mercedes-Benz Navigations-DVD COMAND APS NTG 2.5 Europa 2019 A2198272700 zitrus"},"content":{"rendered":"<p style=\"font-weight: 400;\"><span style=\"color: #000000;\"><strong>Original Mercedes-Benz Navigation <\/strong><\/span><span style=\"color: #000000;\"><strong>DVDs (DVD1 und DVD2) in gutem Zustand<\/strong><\/span><\/p>\n<p style=\"font-weight: 400;\"><span style=\"color: #000000;\"><strong>geeignet f\u00fcr das Navigationssystem\u00a0<\/strong><\/span><span style=\"color: #000000;\"><strong>COMAND APS\u00a0\u00a0<\/strong><\/span><span style=\"color: #000000;\"><strong>NTG 2.5<\/strong><\/span><\/p>\n<p><span style=\"color: #000000;\"><strong>Detailkarten f\u00fcr EUROPA <\/strong><\/span><span style=\"color: #000000;\"><strong>von 2019 (<\/strong><\/span><span style=\"color: #000000;\"><strong>Version 16.0 \/ Final Update)<\/strong><\/span><\/p>\n<p style=\"font-weight: 400;\"><span style=\"color: #000000;\"><strong>Teilenummer:\u00a0<\/strong><\/span><span style=\"color: #000000;\"><strong>A 219 827 27 00 \/ A2198272700<\/strong><\/span><\/p>\n<p style=\"font-weight: 400;\"><span style=\"color: #000000;\"><strong>Farbcode:\u00a0<\/strong><\/span><span style=\"color: #000000;\"><strong>zitrus<\/strong><\/span><\/p>\n<p>&nbsp;<\/p>\n<blockquote>\n<p style=\"font-weight: 400;\"><span style=\"color: #ff0000;\"><strong>Achtung: COMAND Software\/Firmware-Update 09\/29 n\u00f6tig<\/strong><\/span><\/p>\n<p style=\"font-weight: 400;\"><span style=\"color: #ff0000;\"><strong>Dieses Update kann nur von Ihrem Mercedes-Benz Partner installiert werden.\u00a0<\/strong><\/span><\/p>\n<p style=\"font-weight: 400;\"><span style=\"color: #ff0000;\"><strong>Fragen Sie uns an, damit wir Ihnen helfen k\u00f6nnen Ihren Software-Stand zu ermitteln !<\/strong><\/span><\/p>\n<\/blockquote>\n<p>&nbsp;<\/p>\n<p style=\"font-weight: 400;\"><strong style=\"color: #000000;\"><u>Passend f\u00fcr folgende Mercedes Modelle mit COMAND APS NTG2.5 Navi (siehe Bilder) :<\/u><\/strong><\/p>\n<p style=\"font-weight: 400;\"><span style=\"color: #000000;\"><strong>A-Klasse W169\u00a0(06\/2008 &#8211; 08\/2012)<\/strong><\/span><\/p>\n<p style=\"font-weight: 400;\"><span style=\"color: #000000;\"><strong>A-Klasse C169\u00a0(06\/2008 &#8211; 08\/2012)<\/strong><\/span><\/p>\n<p style=\"font-weight: 400;\"><span style=\"color: #000000;\"><strong>B-Klasse W245\u00a0(06\/2008 &#8211; 11\/2011)<\/strong><\/span><\/p>\n<p style=\"font-weight: 400;\"><span style=\"color: #000000;\"><strong>CLC-Klasse (09\/2008 &#8211; 12\/2011)<\/strong><\/span><\/p>\n<p style=\"font-weight: 400;\"><span style=\"color: #000000;\"><strong>CLS-Klasse C219 (03\/2008 &#8211; 01\/2011)<\/strong><\/span><\/p>\n<p style=\"font-weight: 400;\"><span style=\"color: #000000;\"><strong>E-Klasse W211\u00a0 \u00a0 (06\/2008 &#8211; 04\/09)<\/strong><\/span><\/p>\n<p style=\"font-weight: 400;\"><span style=\"color: #000000;\"><strong>E-Klasse S211\u00a0 \u00a0 (06\/2008 &#8211; 04\/09)<\/strong><\/span><\/p>\n<p style=\"font-weight: 400;\"><span style=\"color: #000000;\"><strong>G-Klasse G463\u00a0 (09\/2008 &#8211; 06\/2012)<\/strong><\/span><\/p>\n<p style=\"font-weight: 400;\"><span style=\"color: #000000;\"><strong>GL-Klasse X164 (09\/2008 &#8211; 11\/2012)<\/strong><\/span><\/p>\n<p style=\"font-weight: 400;\"><span style=\"color: #000000;\"><strong>M-Klasse W164 (09\/2008 &#8211; 11\/2011)<\/strong><\/span><\/p>\n<p style=\"font-weight: 400;\"><span style=\"color: #000000;\"><strong>R-Klasse\u00a0<\/strong><strong>W251 (09\/2010 &#8211; &#8230;.)<\/strong><\/span><\/p>\n<p style=\"font-weight: 400;\"><span style=\"color: #000000;\"><strong>SL-Klasse R230 (04\/2008 &#8211; 03\/2012)<\/strong><\/span><\/p>\n<p style=\"font-weight: 400;\"><span style=\"color: #000000;\"><strong>SLK-Klasse\u00a0 (04\/2008 &#8211; 03\/2011)<\/strong><\/span><\/p>\n<p style=\"font-weight: 400;\"><span style=\"color: #000000;\"><strong>Sprinter C906 NCV3 (11\/2009 &#8211; 08\/2013)<\/strong><\/span><\/p>\n<p style=\"font-weight: 400;\"><span style=\"color: #000000;\"><strong>VIANO C639 NCV2 privat (ab 10\/2010 &#8211; 05\/2014)<\/strong><\/span><\/p>\n<p style=\"font-weight: 400;\"><span style=\"color: #000000;\"><strong>VITO C639 NCV2 gewerblich (10\/2010 &#8211; 11\/2014)<\/strong><\/span><\/p>\n<p style=\"font-weight: 400;\"><span style=\"color: #000000;\"><strong>\u00a0<\/strong><\/span><\/p>\n<p style=\"font-weight: 400;\"><span style=\"color: #000000;\">\u00a0<strong>\u00a0\u00a0<\/strong><\/span><\/p>\n<p style=\"font-weight: 400;\"><span style=\"color: #000000;\"><strong><u>Die 2 DVDs beinhalten folgende L\u00e4nder:<\/u><\/strong><\/span><\/p>\n<p style=\"font-weight: 400;\"><span style=\"color: #000000;\"><strong>A, AL, AND, B, BG, BIH, CH, CZ, D, DK, E, EST, F, FIN, FL, GB, GBZ, GR, H, HR, I, IRL, L, LT, LV,\u00a0<\/strong><\/span><\/p>\n<p style=\"font-weight: 400;\"><span style=\"color: #000000;\"><strong>MC, MK, MNE, N, NL, P, PL, RO, RSM, S, SK, SLO, SRB, V<\/strong><\/span><\/p>\n<p>&nbsp;<\/p>\n<p style=\"font-weight: 400;\"><strong><span style=\"color: #000000;\">INFOTEXT:<\/span><\/strong><\/p>\n<p style=\"font-weight: 400;\"><span style=\"color: #000000;\"><strong>Die zwei randvollen DVDs mit Navigationsdaten f\u00fcr 39 L\u00e4nder Europas, mit Stra\u00dfen und Wegen, St\u00e4dten, D\u00f6rfern und vielen Sonderzielen:<br \/>\nAlbanien, Andorra, Belgien, Bosnien-Herzegowina, Bulgarien, D\u00e4nemark, Deutschland, Estland, Finnland, Frankreich, Gibraltar, Griechenland, Gro\u00dfbritannien, Irland, Italien, Kroatien, Lettland, Liechtenstein, Litauen, Luxemburg, Mazedonien (F.Y.R.O.M), Monaco, Montenegro, Niederlande, Norwegen, \u00d6sterreich, Polen, Portugal, Rum\u00e4nien, San Marino, Schweden, Schweiz, Serbien, Slowakische Republik, Slowenien, Spanien, Tschechische Republik, Ungarn und Vatikanstadt.<\/strong><\/span><\/p>\n<p><strong><span style=\"color: #000000;\">Ganz Westeuropa ist mit der Version 2019\u00a0 abgedeckt!<\/span><\/strong><br \/>\n<strong><span style=\"color: #000000;\">\u00dcber 10.1 Millionen Stra\u00dfenkilometer kennt die Navigation in Version 2019 europaweit.<\/span><\/strong><\/p>\n<p><strong><span style=\"color: #000000;\">In Osteuropa sind neben den baltischen Staaten, Griechenland, Kroatien, Polen, der Slowakischen Republik, Slowenien, der Tschechischen Republik und Ungarn auch Bulgarien und Rum\u00e4nien vollst\u00e4ndig abgedeckt.<\/span><\/strong><\/p>\n<p><strong><span style=\"color: #000000;\">Dank intensiver Bearbeitung konnte die Qualit\u00e4t der Karten in Tschechische Republik erheblich gesteigert werden (86.187 km Prime Coverage*, gegen\u00fcber 76.483 km in der vorherigen Version).<\/span><\/strong><\/p>\n<p><strong><span style=\"color: #000000;\">Mehr als 3,8 Millionen besonders wichtige Ziele sind auf der DVD enthalten, zum Beispiel Tankstellen, Parkpl\u00e4tze, Museen, Restaurants und Krankenh\u00e4user. Im Vergleich zur alten Version stehen damit nun rund 209.152 mehr POIs zur Verf\u00fcgung. Dar\u00fcber hinaus zeigt die Navigation auf Wunsch auch den schnellsten Weg zu 2.966 Mercedes-Benz Servicepartnern.<\/span><\/strong><br \/>\n<strong><span style=\"color: #000000;\">Allein 65.169 Restaurants und 2.350 Nightlife-Sonderziele sind in der neuen Version 2019 zus\u00e4tzlich aufgenommen worden.<\/span><\/strong><\/p>\n<p><strong><span style=\"color: #000000;\">Mit der Version 2019 sind 81.669 St\u00e4dte und Gemeinden anzusteuern.<\/span><\/strong><\/p>\n<p><strong><span style=\"color: #000000;\">Karten-Updates umfassen Millionen von \u00c4nderungen wie z.B. neue Stra\u00dfen, Kreuzungen, Ortsumgehungen, Anschlussstelle<\/span><\/strong><\/p>\n<p>&nbsp;<\/p>\n<p>____________________________________________________________________________________________________________________<\/p>\n<p><strong><span style=\"color: #000000;\"><u>Hersteller \/ EU verantwortliche Person:<\/u><\/span><\/strong><\/p>\n<p><strong><span style=\"color: #000000;\">Mercedes-Benz AG<\/span><\/strong><\/p>\n<p><strong><span style=\"color: #000000;\">Mercedesstra\u00dfe 120<\/span><\/strong><\/p>\n<p><strong><span style=\"color: #000000;\">70372 Stuttgart<\/span><\/strong><\/p>\n<p><strong><span style=\"color: #000000;\">Deutschland<\/span><\/strong><\/p>\n<p><strong><span style=\"color: #000000;\">Tel.: +49 711 17-0<\/span><\/strong><\/p>\n<p><strong><span style=\"color: #000000;\">E-Mail: dialog.mb@mercedes-benz.com<\/span><\/strong><\/p>","protected":false},"excerpt":{"rendered":"<p>Original Mercedes-Benz Navigation DVDs (DVD1 und DVD2) in gutem Zustand geeignet f\u00fcr das Navigationssystem\u00a0COMAND APS\u00a0\u00a0NTG 2.5 Detailkarten f\u00fcr EUROPA von 2019 (Version 16.0 \/ Final Update) Teilenummer:\u00a0A 219 827 27 00 \/ A2198272700 Farbcode:\u00a0zitrus &nbsp; Achtung: COMAND Software\/Firmware-Update 09\/29 n\u00f6tig Dieses Update kann nur von Ihrem Mercedes-Benz Partner installiert werden.\u00a0 Fragen Sie uns an, damit [&hellip;]<\/p>\n","protected":false},"featured_media":5109,"template":"","meta":{"ocean_post_layout":"","ocean_both_sidebars_style":"","ocean_both_sidebars_content_width":0,"ocean_both_sidebars_sidebars_width":0,"ocean_sidebar":"0","ocean_second_sidebar":"0","ocean_disable_margins":"enable","ocean_add_body_class":"","ocean_shortcode_before_top_bar":"","ocean_shortcode_after_top_bar":"","ocean_shortcode_before_header":"","ocean_shortcode_after_header":"","ocean_has_shortcode":"","ocean_shortcode_after_title":"","ocean_shortcode_before_footer_widgets":"","ocean_shortcode_after_footer_widgets":"","ocean_shortcode_before_footer_bottom":"","ocean_shortcode_after_footer_bottom":"","ocean_display_top_bar":"default","ocean_display_header":"default","ocean_header_style":"","ocean_center_header_left_menu":"0","ocean_custom_header_template":"0","ocean_custom_logo":0,"ocean_custom_retina_logo":0,"ocean_custom_logo_max_width":0,"ocean_custom_logo_tablet_max_width":0,"ocean_custom_logo_mobile_max_width":0,"ocean_custom_logo_max_height":0,"ocean_custom_logo_tablet_max_height":0,"ocean_custom_logo_mobile_max_height":0,"ocean_header_custom_menu":"0","ocean_menu_typo_font_family":"0","ocean_menu_typo_font_subset":"","ocean_menu_typo_font_size":0,"ocean_menu_typo_font_size_tablet":0,"ocean_menu_typo_font_size_mobile":0,"ocean_menu_typo_font_size_unit":"px","ocean_menu_typo_font_weight":"","ocean_menu_typo_font_weight_tablet":"","ocean_menu_typo_font_weight_mobile":"","ocean_menu_typo_transform":"","ocean_menu_typo_transform_tablet":"","ocean_menu_typo_transform_mobile":"","ocean_menu_typo_line_height":0,"ocean_menu_typo_line_height_tablet":0,"ocean_menu_typo_line_height_mobile":0,"ocean_menu_typo_line_height_unit":"","ocean_menu_typo_spacing":0,"ocean_menu_typo_spacing_tablet":0,"ocean_menu_typo_spacing_mobile":0,"ocean_menu_typo_spacing_unit":"","ocean_menu_link_color":"","ocean_menu_link_color_hover":"","ocean_menu_link_color_active":"","ocean_menu_link_background":"","ocean_menu_link_hover_background":"","ocean_menu_link_active_background":"","ocean_menu_social_links_bg":"","ocean_menu_social_hover_links_bg":"","ocean_menu_social_links_color":"","ocean_menu_social_hover_links_color":"","ocean_disable_title":"default","ocean_disable_heading":"default","ocean_post_title":"","ocean_post_subheading":"","ocean_post_title_style":"","ocean_post_title_background_color":"","ocean_post_title_background":0,"ocean_post_title_bg_image_position":"","ocean_post_title_bg_image_attachment":"","ocean_post_title_bg_image_repeat":"","ocean_post_title_bg_image_size":"","ocean_post_title_height":0,"ocean_post_title_bg_overlay":0.5,"ocean_post_title_bg_overlay_color":"","ocean_disable_breadcrumbs":"default","ocean_breadcrumbs_color":"","ocean_breadcrumbs_separator_color":"","ocean_breadcrumbs_links_color":"","ocean_breadcrumbs_links_hover_color":"","ocean_display_footer_widgets":"default","ocean_display_footer_bottom":"default","ocean_custom_footer_template":"0"},"product_brand":[],"product_cat":[114,584],"product_tag":[212,381,116,210,211,209],"class_list":{"0":"post-518","1":"product","2":"type-product","3":"status-publish","4":"has-post-thumbnail","6":"product_cat-mercedes-comand-dvd","7":"product_cat-comand-aps-ntg2-5","8":"product_tag-a-219-827-27-00","9":"product_tag-a2198272700","10":"product_tag-comand-aps","11":"product_tag-europa-2019","12":"product_tag-ntg-2-5","13":"product_tag-zitrus","15":"entry","16":"has-media","18":"first","19":"instock","20":"sold-individually","21":"purchasable","22":"product-type-simple","23":"col","24":"span_1_of_4","25":"owp-content-center","26":"item-entry","27":"owp-thumbs-layout-horizontal","28":"owp-btn-normal","29":"owp-tabs-layout-horizontal"},"yoast_head":"<!-- This site is optimized with the Yoast SEO plugin v27.5 - https:\/\/yoast.com\/product\/yoast-seo-wordpress\/ -->\n<title>Mercedes-Benz Navi DVD Comand APS NTG2.5 Europa 2019<\/title>\n<meta name=\"description\" content=\"Original Mercedes-Benz Navigations-DVD geeignet f\u00fcr das Navigationssystem Comand APS NTG2.5. Detailkarten f\u00fcr Europa von 2019 (Final Update).\" \/>\n<meta name=\"robots\" content=\"index, follow, max-snippet:-1, max-image-preview:large, max-video-preview:-1\" \/>\n<link rel=\"canonical\" href=\"https:\/\/www.navi-express.com\/en\/shop\/mercedes-benz\/mercedes-comand-dvd\/mercedes-benz-navigations-dvd-comand-aps-ntg-2-5-europa-2019-a2198272700-zitrus\/\" \/>\n<meta property=\"og:locale\" content=\"en_US\" \/>\n<meta property=\"og:type\" content=\"article\" \/>\n<meta property=\"og:title\" content=\"Mercedes-Benz Navi DVD Comand APS NTG2.5 Europa 2019\" \/>\n<meta property=\"og:description\" content=\"Original Mercedes-Benz Navigations-DVD geeignet f\u00fcr das Navigationssystem Comand APS NTG2.5. Detailkarten f\u00fcr Europa von 2019 (Final Update).\" \/>\n<meta property=\"og:url\" content=\"https:\/\/www.navi-express.com\/en\/shop\/mercedes-benz\/mercedes-comand-dvd\/mercedes-benz-navigations-dvd-comand-aps-ntg-2-5-europa-2019-a2198272700-zitrus\/\" \/>\n<meta property=\"og:site_name\" content=\"Navi-Express\" \/>\n<meta property=\"article:modified_time\" content=\"2026-04-27T20:20:09+00:00\" \/>\n<meta property=\"og:image\" content=\"https:\/\/www.navi-express.com\/wp-content\/uploads\/2020\/03\/IMG_20250723_112954-scaled.jpg\" \/>\n\t<meta property=\"og:image:width\" content=\"2560\" \/>\n\t<meta property=\"og:image:height\" content=\"1920\" \/>\n\t<meta property=\"og:image:type\" content=\"image\/jpeg\" \/>\n<meta name=\"twitter:card\" content=\"summary_large_image\" \/>\n<meta name=\"twitter:label1\" content=\"Est. reading time\" \/>\n\t<meta name=\"twitter:data1\" content=\"3 minutes\" \/>\n<script type=\"application\/ld+json\" class=\"yoast-schema-graph\">{\"@context\":\"https:\\\/\\\/schema.org\",\"@graph\":[{\"@type\":\"WebPage\",\"@id\":\"https:\\\/\\\/www.navi-express.com\\\/shop\\\/mercedes-benz\\\/mercedes-comand-dvd\\\/mercedes-benz-navigations-dvd-comand-aps-ntg-2-5-europa-2019-a2198272700-zitrus\\\/\",\"url\":\"https:\\\/\\\/www.navi-express.com\\\/shop\\\/mercedes-benz\\\/mercedes-comand-dvd\\\/mercedes-benz-navigations-dvd-comand-aps-ntg-2-5-europa-2019-a2198272700-zitrus\\\/\",\"name\":\"Mercedes-Benz Navi DVD Comand APS NTG2.5 Europa 2019\",\"isPartOf\":{\"@id\":\"https:\\\/\\\/www.navi-express.com\\\/#website\"},\"primaryImageOfPage\":{\"@id\":\"https:\\\/\\\/www.navi-express.com\\\/shop\\\/mercedes-benz\\\/mercedes-comand-dvd\\\/mercedes-benz-navigations-dvd-comand-aps-ntg-2-5-europa-2019-a2198272700-zitrus\\\/#primaryimage\"},\"image\":{\"@id\":\"https:\\\/\\\/www.navi-express.com\\\/shop\\\/mercedes-benz\\\/mercedes-comand-dvd\\\/mercedes-benz-navigations-dvd-comand-aps-ntg-2-5-europa-2019-a2198272700-zitrus\\\/#primaryimage\"},\"thumbnailUrl\":\"https:\\\/\\\/www.navi-express.com\\\/wp-content\\\/uploads\\\/2020\\\/03\\\/IMG_20250723_112954-scaled.jpg\",\"datePublished\":\"2020-03-24T18:12:29+00:00\",\"dateModified\":\"2026-04-27T20:20:09+00:00\",\"description\":\"Original Mercedes-Benz Navigations-DVD geeignet f\u00fcr das Navigationssystem Comand APS NTG2.5. Detailkarten f\u00fcr Europa von 2019 (Final Update).\",\"breadcrumb\":{\"@id\":\"https:\\\/\\\/www.navi-express.com\\\/shop\\\/mercedes-benz\\\/mercedes-comand-dvd\\\/mercedes-benz-navigations-dvd-comand-aps-ntg-2-5-europa-2019-a2198272700-zitrus\\\/#breadcrumb\"},\"inLanguage\":\"en-US\",\"potentialAction\":[{\"@type\":\"ReadAction\",\"target\":[\"https:\\\/\\\/www.navi-express.com\\\/shop\\\/mercedes-benz\\\/mercedes-comand-dvd\\\/mercedes-benz-navigations-dvd-comand-aps-ntg-2-5-europa-2019-a2198272700-zitrus\\\/\"]}]},{\"@type\":\"ImageObject\",\"inLanguage\":\"en-US\",\"@id\":\"https:\\\/\\\/www.navi-express.com\\\/shop\\\/mercedes-benz\\\/mercedes-comand-dvd\\\/mercedes-benz-navigations-dvd-comand-aps-ntg-2-5-europa-2019-a2198272700-zitrus\\\/#primaryimage\",\"url\":\"https:\\\/\\\/www.navi-express.com\\\/wp-content\\\/uploads\\\/2020\\\/03\\\/IMG_20250723_112954-scaled.jpg\",\"contentUrl\":\"https:\\\/\\\/www.navi-express.com\\\/wp-content\\\/uploads\\\/2020\\\/03\\\/IMG_20250723_112954-scaled.jpg\",\"width\":2560,\"height\":1920},{\"@type\":\"BreadcrumbList\",\"@id\":\"https:\\\/\\\/www.navi-express.com\\\/shop\\\/mercedes-benz\\\/mercedes-comand-dvd\\\/mercedes-benz-navigations-dvd-comand-aps-ntg-2-5-europa-2019-a2198272700-zitrus\\\/#breadcrumb\",\"itemListElement\":[{\"@type\":\"ListItem\",\"position\":1,\"name\":\"Startseite\",\"item\":\"https:\\\/\\\/www.navi-express.com\\\/\"},{\"@type\":\"ListItem\",\"position\":2,\"name\":\"Shop\",\"item\":\"https:\\\/\\\/www.navi-express.com\\\/shop\\\/\"},{\"@type\":\"ListItem\",\"position\":3,\"name\":\"Mercedes-Benz Navigations-DVD COMAND APS NTG 2.5 Europa 2019 A2198272700 zitrus\"}]},{\"@type\":\"WebSite\",\"@id\":\"https:\\\/\\\/www.navi-express.com\\\/#website\",\"url\":\"https:\\\/\\\/www.navi-express.com\\\/\",\"name\":\"Navi-Express\",\"description\":\"Ihr Experte f\u00fcr Navigation\",\"publisher\":{\"@id\":\"https:\\\/\\\/www.navi-express.com\\\/#organization\"},\"alternateName\":\"NE\",\"potentialAction\":[{\"@type\":\"SearchAction\",\"target\":{\"@type\":\"EntryPoint\",\"urlTemplate\":\"https:\\\/\\\/www.navi-express.com\\\/?s={search_term_string}\"},\"query-input\":{\"@type\":\"PropertyValueSpecification\",\"valueRequired\":true,\"valueName\":\"search_term_string\"}}],\"inLanguage\":\"en-US\"},{\"@type\":\"Organization\",\"@id\":\"https:\\\/\\\/www.navi-express.com\\\/#organization\",\"name\":\"Navi-Express\",\"alternateName\":\"NE\",\"url\":\"https:\\\/\\\/www.navi-express.com\\\/\",\"logo\":{\"@type\":\"ImageObject\",\"inLanguage\":\"en-US\",\"@id\":\"https:\\\/\\\/www.navi-express.com\\\/#\\\/schema\\\/logo\\\/image\\\/\",\"url\":\"https:\\\/\\\/www.navi-express.com\\\/wp-content\\\/uploads\\\/2019\\\/03\\\/cropped-logo-transpbearb-1.png\",\"contentUrl\":\"https:\\\/\\\/www.navi-express.com\\\/wp-content\\\/uploads\\\/2019\\\/03\\\/cropped-logo-transpbearb-1.png\",\"width\":512,\"height\":512,\"caption\":\"Navi-Express\"},\"image\":{\"@id\":\"https:\\\/\\\/www.navi-express.com\\\/#\\\/schema\\\/logo\\\/image\\\/\"}}]}<\/script>\n<!-- \/ Yoast SEO plugin. -->","yoast_head_json":{"title":"Mercedes-Benz Navi DVD Comand APS NTG2.5 Europa 2019","description":"Original Mercedes-Benz Navigations-DVD geeignet f\u00fcr das Navigationssystem Comand APS NTG2.5. Detailkarten f\u00fcr Europa von 2019 (Final Update).","robots":{"index":"index","follow":"follow","max-snippet":"max-snippet:-1","max-image-preview":"max-image-preview:large","max-video-preview":"max-video-preview:-1"},"canonical":"https:\/\/www.navi-express.com\/en\/shop\/mercedes-benz\/mercedes-comand-dvd\/mercedes-benz-navigations-dvd-comand-aps-ntg-2-5-europa-2019-a2198272700-zitrus\/","og_locale":"en_US","og_type":"article","og_title":"Mercedes-Benz Navi DVD Comand APS NTG2.5 Europa 2019","og_description":"Original Mercedes-Benz Navigations-DVD geeignet f\u00fcr das Navigationssystem Comand APS NTG2.5. Detailkarten f\u00fcr Europa von 2019 (Final Update).","og_url":"https:\/\/www.navi-express.com\/en\/shop\/mercedes-benz\/mercedes-comand-dvd\/mercedes-benz-navigations-dvd-comand-aps-ntg-2-5-europa-2019-a2198272700-zitrus\/","og_site_name":"Navi-Express","article_modified_time":"2026-04-27T20:20:09+00:00","og_image":[{"width":2560,"height":1920,"url":"https:\/\/www.navi-express.com\/wp-content\/uploads\/2020\/03\/IMG_20250723_112954-scaled.jpg","type":"image\/jpeg"}],"twitter_card":"summary_large_image","twitter_misc":{"Est. reading time":"3 minutes"},"schema":{"@context":"https:\/\/schema.org","@graph":[{"@type":"WebPage","@id":"https:\/\/www.navi-express.com\/shop\/mercedes-benz\/mercedes-comand-dvd\/mercedes-benz-navigations-dvd-comand-aps-ntg-2-5-europa-2019-a2198272700-zitrus\/","url":"https:\/\/www.navi-express.com\/shop\/mercedes-benz\/mercedes-comand-dvd\/mercedes-benz-navigations-dvd-comand-aps-ntg-2-5-europa-2019-a2198272700-zitrus\/","name":"Mercedes-Benz Navi DVD Comand APS NTG2.5 Europa 2019","isPartOf":{"@id":"https:\/\/www.navi-express.com\/#website"},"primaryImageOfPage":{"@id":"https:\/\/www.navi-express.com\/shop\/mercedes-benz\/mercedes-comand-dvd\/mercedes-benz-navigations-dvd-comand-aps-ntg-2-5-europa-2019-a2198272700-zitrus\/#primaryimage"},"image":{"@id":"https:\/\/www.navi-express.com\/shop\/mercedes-benz\/mercedes-comand-dvd\/mercedes-benz-navigations-dvd-comand-aps-ntg-2-5-europa-2019-a2198272700-zitrus\/#primaryimage"},"thumbnailUrl":"https:\/\/www.navi-express.com\/wp-content\/uploads\/2020\/03\/IMG_20250723_112954-scaled.jpg","datePublished":"2020-03-24T18:12:29+00:00","dateModified":"2026-04-27T20:20:09+00:00","description":"Original Mercedes-Benz Navigations-DVD geeignet f\u00fcr das Navigationssystem Comand APS NTG2.5. Detailkarten f\u00fcr Europa von 2019 (Final Update).","breadcrumb":{"@id":"https:\/\/www.navi-express.com\/shop\/mercedes-benz\/mercedes-comand-dvd\/mercedes-benz-navigations-dvd-comand-aps-ntg-2-5-europa-2019-a2198272700-zitrus\/#breadcrumb"},"inLanguage":"en-US","potentialAction":[{"@type":"ReadAction","target":["https:\/\/www.navi-express.com\/shop\/mercedes-benz\/mercedes-comand-dvd\/mercedes-benz-navigations-dvd-comand-aps-ntg-2-5-europa-2019-a2198272700-zitrus\/"]}]},{"@type":"ImageObject","inLanguage":"en-US","@id":"https:\/\/www.navi-express.com\/shop\/mercedes-benz\/mercedes-comand-dvd\/mercedes-benz-navigations-dvd-comand-aps-ntg-2-5-europa-2019-a2198272700-zitrus\/#primaryimage","url":"https:\/\/www.navi-express.com\/wp-content\/uploads\/2020\/03\/IMG_20250723_112954-scaled.jpg","contentUrl":"https:\/\/www.navi-express.com\/wp-content\/uploads\/2020\/03\/IMG_20250723_112954-scaled.jpg","width":2560,"height":1920},{"@type":"BreadcrumbList","@id":"https:\/\/www.navi-express.com\/shop\/mercedes-benz\/mercedes-comand-dvd\/mercedes-benz-navigations-dvd-comand-aps-ntg-2-5-europa-2019-a2198272700-zitrus\/#breadcrumb","itemListElement":[{"@type":"ListItem","position":1,"name":"Startseite","item":"https:\/\/www.navi-express.com\/"},{"@type":"ListItem","position":2,"name":"Shop","item":"https:\/\/www.navi-express.com\/shop\/"},{"@type":"ListItem","position":3,"name":"Mercedes-Benz Navigations-DVD COMAND APS NTG 2.5 Europa 2019 A2198272700 zitrus"}]},{"@type":"WebSite","@id":"https:\/\/www.navi-express.com\/#website","url":"https:\/\/www.navi-express.com\/","name":"Navi-Express","description":"Ihr Experte f\u00fcr Navigation","publisher":{"@id":"https:\/\/www.navi-express.com\/#organization"},"alternateName":"NE","potentialAction":[{"@type":"SearchAction","target":{"@type":"EntryPoint","urlTemplate":"https:\/\/www.navi-express.com\/?s={search_term_string}"},"query-input":{"@type":"PropertyValueSpecification","valueRequired":true,"valueName":"search_term_string"}}],"inLanguage":"en-US"},{"@type":"Organization","@id":"https:\/\/www.navi-express.com\/#organization","name":"Navi-Express","alternateName":"NE","url":"https:\/\/www.navi-express.com\/","logo":{"@type":"ImageObject","inLanguage":"en-US","@id":"https:\/\/www.navi-express.com\/#\/schema\/logo\/image\/","url":"https:\/\/www.navi-express.com\/wp-content\/uploads\/2019\/03\/cropped-logo-transpbearb-1.png","contentUrl":"https:\/\/www.navi-express.com\/wp-content\/uploads\/2019\/03\/cropped-logo-transpbearb-1.png","width":512,"height":512,"caption":"Navi-Express"},"image":{"@id":"https:\/\/www.navi-express.com\/#\/schema\/logo\/image\/"}}]}},"_links":{"self":[{"href":"https:\/\/www.navi-express.com\/en\/wp-json\/wp\/v2\/product\/518","targetHints":{"allow":["GET"]}}],"collection":[{"href":"https:\/\/www.navi-express.com\/en\/wp-json\/wp\/v2\/product"}],"about":[{"href":"https:\/\/www.navi-express.com\/en\/wp-json\/wp\/v2\/types\/product"}],"wp:featuredmedia":[{"embeddable":true,"href":"https:\/\/www.navi-express.com\/en\/wp-json\/wp\/v2\/media\/5109"}],"wp:attachment":[{"href":"https:\/\/www.navi-express.com\/en\/wp-json\/wp\/v2\/media?parent=518"}],"wp:term":[{"taxonomy":"product_brand","embeddable":true,"href":"https:\/\/www.navi-express.com\/en\/wp-json\/wp\/v2\/product_brand?post=518"},{"taxonomy":"product_cat","embeddable":true,"href":"https:\/\/www.navi-express.com\/en\/wp-json\/wp\/v2\/product_cat?post=518"},{"taxonomy":"product_tag","embeddable":true,"href":"https:\/\/www.navi-express.com\/en\/wp-json\/wp\/v2\/product_tag?post=518"}],"curies":[{"name":"wp","href":"https:\/\/api.w.org\/{rel}","templated":true}]}}