{"id":5504,"date":"2025-10-16T10:45:20","date_gmt":"2025-10-16T08:45:20","guid":{"rendered":"https:\/\/www.navi-express.com\/?post_type=product&#038;p=5504"},"modified":"2025-12-10T11:30:37","modified_gmt":"2025-12-10T10:30:37","slug":"mercedes-benz-navi-cd-audio-50-aps-ntg2-europa-2009-2010-version-11-0","status":"publish","type":"product","link":"https:\/\/www.navi-express.com\/en\/shop\/mercedes-benz\/mercedes-benz-audio-50-dvd\/mercedes-benz-navi-cd-audio-50-aps-ntg2-europa-2009-2010-version-11-0\/","title":{"rendered":"Mercedes-Benz Navi CD Audio 50 APS NTG2 Europa 2009\/2010 Version 11.0"},"content":{"rendered":"<p style=\"font-weight: 400;\"><span style=\"color: #000000;\"><strong>Original Mercedes-Benz Navigation CD Set f\u00fcr Europa von 2009\/2010<\/strong><\/span><\/p>\n<p style=\"font-weight: 400;\"><span style=\"color: #000000;\"><strong>geeignet f\u00fcr das Navigationssystem AUDIO 50 APS NTG2 (siehe Bilder)<\/strong><\/span><\/p>\n<p>&nbsp;<\/p>\n<p style=\"font-weight: 400;\"><span style=\"color: #000000;\"><strong><u>Teilenummer:<\/u><\/strong><\/span><\/p>\n<p><span style=\"color: #000000;\"><b>A 169 827 66 59 \/ A1698276659<\/b><\/span><\/p>\n<p style=\"font-weight: 400;\"><span style=\"color: #000000;\"><strong>Version 11.0<\/strong><\/span><\/p>\n<p><span style=\"color: #000000;\"><strong>Farbcode: orange<\/strong><\/span><\/p>\n<p>&nbsp;<\/p>\n<p style=\"font-weight: 400;\"><span style=\"color: #000000;\"><strong><u>Folgende L\u00e4nder sind auf den CDs:<\/u><\/strong><\/span><\/p>\n<p style=\"font-weight: 400;\"><span style=\"color: #000000;\"><b>CD1: D\u00e4nemark, Finnland, GB, Irland, Norwegen, Schweden<\/b><\/span><b><\/b><\/p>\n<p><span style=\"color: #000000;\"><b>CD2: Deutschland , \u00d6sterreich, Schweiz, Liechtenstein, Niederlande<\/b><\/span><\/p>\n<p><span style=\"color: #000000;\"><b>CD3: Belgien, Frankreich, Luxemburg, Monaco<\/b><\/span><\/p>\n<p><span style=\"color: #000000;\"><b>CD4: Griechenland, Kroatien, Italien , San Marino, Slowenien, Vatikan<\/b><\/span><\/p>\n<p><span style=\"color: #000000;\"><b>CD5: Andorra, Spanien, Gibraltar, Portugal<\/b><\/span><\/p>\n<p><span style=\"color: #000000;\"><b>CD6: Tschechien, Ungarn, Polen, Slowakei<\/b><\/span><\/p>\n<p>&nbsp;<\/p>\n<p style=\"font-weight: 400;\"><span style=\"color: #000000;\"><strong><u>Passend f\u00fcr folgende Mercedes Modelle \u00a0mit AUDIO 50 NTG2 Navi:<\/u><\/strong><\/span><\/p>\n<p><span style=\"color: #000000;\"><b>A-Klasse C169 W169\u00a0 \u00a0 \u00a0 \u00a0 \u00a0 \u00a0 \u00a0 \u00a0ab Baujahr 09\/2004 &#8211; 07\/2008<\/b><\/span><\/p>\n<p><strong><span style=\"color: #000000;\">B-Klasse W245\u00a0 \u00a0 \u00a0 \u00a0 \u00a0 \u00a0 \u00a0 \u00a0 \u00a0 \u00a0 \u00a0 \u00a0 \u00a0ab Baujahr 06\/2005 &#8211; 07\/2008<\/span><\/strong><\/p>\n<p><strong><span style=\"color: #000000;\">C-Klasse W203 S203\u00a0 \u00a0 \u00a0 \u00a0 \u00a0 \u00a0 \u00a0 \u00a0ab Baujahr 04\/2004 &#8211; 04\/2007<\/span><\/strong><\/p>\n<p><strong><span style=\"color: #000000;\">CLC-Klasse\u00a0 \u00a0 \u00a0 \u00a0 \u00a0 \u00a0 \u00a0 \u00a0 \u00a0 \u00a0 \u00a0 \u00a0 \u00a0 \u00a0 \u00a0 bis Baujahr 10\/2008<\/span><\/strong><\/p>\n<p><strong><span style=\"color: #000000;\">CLK-Klasse C209\u00a0 \u00a0 \u00a0 \u00a0 \u00a0 \u00a0 \u00a0 \u00a0 \u00a0 \u00a0 ab Baujahr 06\/2004 &#8211; 04\/2009<\/span><\/strong><\/p>\n<p><strong><span style=\"color: #000000;\">CLK-Klasse A209\u00a0 \u00a0 \u00a0 \u00a0 \u00a0 \u00a0 \u00a0 \u00a0 \u00a0 \u00a0 ab Baujahr 06\/2004 &#8211; 10\/2009<\/span><\/strong><\/p>\n<p><strong><span style=\"color: #000000;\">GL-Klasse X164\u00a0 \u00a0 \u00a0 \u00a0 \u00a0 \u00a0 \u00a0 \u00a0 \u00a0 \u00a0 \u00a0 \u00a0ab Baujahr 03\/2006 &#8211; 07\/2008<\/span><\/strong><\/p>\n<p><strong><span style=\"color: #000000;\">M-Klasse W164\u00a0 \u00a0 \u00a0 \u00a0 \u00a0 \u00a0 \u00a0 \u00a0 \u00a0 \u00a0 \u00a0 \u00a0 ab Baujahr 07\/2005 &#8211; 07\/2008<\/span><\/strong><\/p>\n<p><strong><span style=\"color: #000000;\">R-Klasse W251 V251\u00a0 \u00a0 \u00a0 \u00a0 \u00a0 \u00a0 \u00a0 \u00a0ab Baujahr 02\/2006 &#8211; 07\/2008<\/span><\/strong><\/p>\n<p><strong><span style=\"color: #000000;\">Smart forfour\u00a0 \u00a0 \u00a0 \u00a0 \u00a0 \u00a0 \u00a0 \u00a0 \u00a0 \u00a0 \u00a0 \u00a0 \u00a0 \u00a0ab Baujahr 03\/2004 &#8211; 07\/2006<\/span><\/strong><\/p>\n<p><strong><span style=\"color: #000000;\">Sprinter\u00a0 \u00a0 \u00a0 \u00a0 \u00a0 \u00a0 \u00a0 \u00a0 \u00a0 \u00a0 \u00a0 \u00a0 \u00a0 \u00a0 \u00a0 \u00a0 \u00a0 \u00a0 ab Baujahr 01\/2006 &#8211; 11\/2009<\/span><\/strong><\/p>\n<p><strong><span style=\"color: #000000;\">Vito und Viano\u00a0 \u00a0 \u00a0 \u00a0 \u00a0 \u00a0 \u00a0 \u00a0 \u00a0 \u00a0 \u00a0 \u00a0 \u00a0ab Baujahr 04\/2006 &#8211; 11\/2010<\/span><\/strong><\/p>\n<p>&nbsp;<\/p>\n<p>____________________________________________________________________________________________________________________<\/p>\n<p><strong><span style=\"color: #000000;\"><u>Hersteller \/ EU verantwortliche Person:<\/u><\/span><\/strong><\/p>\n<p><strong><span style=\"color: #000000;\">Mercedes-Benz AG<\/span><\/strong><\/p>\n<p><strong><span style=\"color: #000000;\">Mercedesstra\u00dfe 120<\/span><\/strong><\/p>\n<p><strong><span style=\"color: #000000;\">70372 Stuttgart<\/span><\/strong><\/p>\n<p><strong><span style=\"color: #000000;\">Deutschland<\/span><\/strong><\/p>\n<p><strong><span style=\"color: #000000;\">Tel.: +49 711 17-0<\/span><\/strong><\/p>\n<p><strong><span style=\"color: #000000;\">E-Mail: dialog.mb@mercedes-benz.com<\/span><\/strong><\/p>","protected":false},"excerpt":{"rendered":"<p>Original Mercedes-Benz Navigation CD Set f\u00fcr Europa von 2009\/2010 geeignet f\u00fcr das Navigationssystem AUDIO 50 APS NTG2 (siehe Bilder) &nbsp; Teilenummer: A 169 827 66 59 \/ A1698276659 Version 11.0 Farbcode: orange &nbsp; Folgende L\u00e4nder sind auf den CDs: CD1: D\u00e4nemark, Finnland, GB, Irland, Norwegen, Schweden CD2: Deutschland , \u00d6sterreich, Schweiz, Liechtenstein, Niederlande CD3: Belgien, [&hellip;]<\/p>\n","protected":false},"featured_media":5505,"template":"","meta":{"ocean_post_layout":"","ocean_both_sidebars_style":"","ocean_both_sidebars_content_width":0,"ocean_both_sidebars_sidebars_width":0,"ocean_sidebar":"0","ocean_second_sidebar":"0","ocean_disable_margins":"enable","ocean_add_body_class":"","ocean_shortcode_before_top_bar":"","ocean_shortcode_after_top_bar":"","ocean_shortcode_before_header":"","ocean_shortcode_after_header":"","ocean_has_shortcode":"","ocean_shortcode_after_title":"","ocean_shortcode_before_footer_widgets":"","ocean_shortcode_after_footer_widgets":"","ocean_shortcode_before_footer_bottom":"","ocean_shortcode_after_footer_bottom":"","ocean_display_top_bar":"default","ocean_display_header":"default","ocean_header_style":"","ocean_center_header_left_menu":"0","ocean_custom_header_template":"0","ocean_custom_logo":0,"ocean_custom_retina_logo":0,"ocean_custom_logo_max_width":0,"ocean_custom_logo_tablet_max_width":0,"ocean_custom_logo_mobile_max_width":0,"ocean_custom_logo_max_height":0,"ocean_custom_logo_tablet_max_height":0,"ocean_custom_logo_mobile_max_height":0,"ocean_header_custom_menu":"0","ocean_menu_typo_font_family":"0","ocean_menu_typo_font_subset":"","ocean_menu_typo_font_size":0,"ocean_menu_typo_font_size_tablet":0,"ocean_menu_typo_font_size_mobile":0,"ocean_menu_typo_font_size_unit":"px","ocean_menu_typo_font_weight":"","ocean_menu_typo_font_weight_tablet":"","ocean_menu_typo_font_weight_mobile":"","ocean_menu_typo_transform":"","ocean_menu_typo_transform_tablet":"","ocean_menu_typo_transform_mobile":"","ocean_menu_typo_line_height":0,"ocean_menu_typo_line_height_tablet":0,"ocean_menu_typo_line_height_mobile":0,"ocean_menu_typo_line_height_unit":"","ocean_menu_typo_spacing":0,"ocean_menu_typo_spacing_tablet":0,"ocean_menu_typo_spacing_mobile":0,"ocean_menu_typo_spacing_unit":"","ocean_menu_link_color":"","ocean_menu_link_color_hover":"","ocean_menu_link_color_active":"","ocean_menu_link_background":"","ocean_menu_link_hover_background":"","ocean_menu_link_active_background":"","ocean_menu_social_links_bg":"","ocean_menu_social_hover_links_bg":"","ocean_menu_social_links_color":"","ocean_menu_social_hover_links_color":"","ocean_disable_title":"default","ocean_disable_heading":"default","ocean_post_title":"","ocean_post_subheading":"","ocean_post_title_style":"","ocean_post_title_background_color":"","ocean_post_title_background":0,"ocean_post_title_bg_image_position":"","ocean_post_title_bg_image_attachment":"","ocean_post_title_bg_image_repeat":"","ocean_post_title_bg_image_size":"","ocean_post_title_height":0,"ocean_post_title_bg_overlay":0.5,"ocean_post_title_bg_overlay_color":"","ocean_disable_breadcrumbs":"default","ocean_breadcrumbs_color":"","ocean_breadcrumbs_separator_color":"","ocean_breadcrumbs_links_color":"","ocean_breadcrumbs_links_hover_color":"","ocean_display_footer_widgets":"default","ocean_display_footer_bottom":"default","ocean_custom_footer_template":"0"},"product_brand":[],"product_cat":[191,590],"product_tag":[895],"class_list":{"0":"post-5504","1":"product","2":"type-product","3":"status-publish","4":"has-post-thumbnail","6":"product_cat-mercedes-benz-audio-50-dvd","7":"product_cat-audio-50-aps-ntg2","8":"product_tag-audio-50-aps-ntg2","10":"entry","11":"has-media","13":"first","14":"outofstock","15":"sold-individually","16":"purchasable","17":"product-type-simple","18":"col","19":"span_1_of_4","20":"owp-content-center","21":"item-entry","22":"owp-thumbs-layout-horizontal","23":"owp-btn-normal","24":"owp-tabs-layout-horizontal"},"yoast_head":"<!-- This site is optimized with the Yoast SEO plugin v27.3 - https:\/\/yoast.com\/product\/yoast-seo-wordpress\/ -->\n<title>Mercedes Navi CD Set Audio 50 APS NTG2 Europa 2009\/2010<\/title>\n<meta name=\"description\" content=\"Original Mercedes-Benz Navigation CD Set Update geeignet f\u00fcr das Audio 50 APS NTG2 Navigationssystem. CD Set mit Detailkarten CDs f\u00fcr Europa von 2009\/2010.\" \/>\n<meta name=\"robots\" content=\"index, follow, max-snippet:-1, max-image-preview:large, max-video-preview:-1\" \/>\n<link rel=\"canonical\" href=\"https:\/\/www.navi-express.com\/en\/shop\/mercedes-benz\/mercedes-benz-audio-50-dvd\/mercedes-benz-navi-cd-audio-50-aps-ntg2-europa-2009-2010-version-11-0\/\" \/>\n<meta property=\"og:locale\" content=\"en_US\" \/>\n<meta property=\"og:type\" content=\"article\" \/>\n<meta property=\"og:title\" content=\"Mercedes Navi CD Set Audio 50 APS NTG2 Europa 2009\/2010\" \/>\n<meta property=\"og:description\" content=\"Original Mercedes-Benz Navigation CD Set Update geeignet f\u00fcr das Audio 50 APS NTG2 Navigationssystem. CD Set mit Detailkarten CDs f\u00fcr Europa von 2009\/2010.\" \/>\n<meta property=\"og:url\" content=\"https:\/\/www.navi-express.com\/en\/shop\/mercedes-benz\/mercedes-benz-audio-50-dvd\/mercedes-benz-navi-cd-audio-50-aps-ntg2-europa-2009-2010-version-11-0\/\" \/>\n<meta property=\"og:site_name\" content=\"Navi-Express\" \/>\n<meta property=\"article:modified_time\" content=\"2025-12-10T10:30:37+00:00\" \/>\n<meta property=\"og:image\" content=\"https:\/\/www.navi-express.com\/wp-content\/uploads\/2025\/10\/MB-Audio-50-APS-NTG2-Europa-2009-2010-1-scaled.jpg\" \/>\n\t<meta property=\"og:image:width\" content=\"2560\" \/>\n\t<meta property=\"og:image:height\" content=\"1920\" \/>\n\t<meta property=\"og:image:type\" content=\"image\/jpeg\" \/>\n<meta name=\"twitter:card\" content=\"summary_large_image\" \/>\n<meta name=\"twitter:label1\" content=\"Est. reading time\" \/>\n\t<meta name=\"twitter:data1\" content=\"2 minutes\" \/>\n<script type=\"application\/ld+json\" class=\"yoast-schema-graph\">{\"@context\":\"https:\\\/\\\/schema.org\",\"@graph\":[{\"@type\":\"WebPage\",\"@id\":\"https:\\\/\\\/www.navi-express.com\\\/shop\\\/mercedes-benz\\\/mercedes-benz-audio-50-dvd\\\/mercedes-benz-navi-cd-audio-50-aps-ntg2-europa-2009-2010-version-11-0\\\/\",\"url\":\"https:\\\/\\\/www.navi-express.com\\\/shop\\\/mercedes-benz\\\/mercedes-benz-audio-50-dvd\\\/mercedes-benz-navi-cd-audio-50-aps-ntg2-europa-2009-2010-version-11-0\\\/\",\"name\":\"Mercedes Navi CD Set Audio 50 APS NTG2 Europa 2009\\\/2010\",\"isPartOf\":{\"@id\":\"https:\\\/\\\/www.navi-express.com\\\/#website\"},\"primaryImageOfPage\":{\"@id\":\"https:\\\/\\\/www.navi-express.com\\\/shop\\\/mercedes-benz\\\/mercedes-benz-audio-50-dvd\\\/mercedes-benz-navi-cd-audio-50-aps-ntg2-europa-2009-2010-version-11-0\\\/#primaryimage\"},\"image\":{\"@id\":\"https:\\\/\\\/www.navi-express.com\\\/shop\\\/mercedes-benz\\\/mercedes-benz-audio-50-dvd\\\/mercedes-benz-navi-cd-audio-50-aps-ntg2-europa-2009-2010-version-11-0\\\/#primaryimage\"},\"thumbnailUrl\":\"https:\\\/\\\/www.navi-express.com\\\/wp-content\\\/uploads\\\/2025\\\/10\\\/MB-Audio-50-APS-NTG2-Europa-2009-2010-1-scaled.jpg\",\"datePublished\":\"2025-10-16T08:45:20+00:00\",\"dateModified\":\"2025-12-10T10:30:37+00:00\",\"description\":\"Original Mercedes-Benz Navigation CD Set Update geeignet f\u00fcr das Audio 50 APS NTG2 Navigationssystem. CD Set mit Detailkarten CDs f\u00fcr Europa von 2009\\\/2010.\",\"breadcrumb\":{\"@id\":\"https:\\\/\\\/www.navi-express.com\\\/shop\\\/mercedes-benz\\\/mercedes-benz-audio-50-dvd\\\/mercedes-benz-navi-cd-audio-50-aps-ntg2-europa-2009-2010-version-11-0\\\/#breadcrumb\"},\"inLanguage\":\"en-US\",\"potentialAction\":[{\"@type\":\"ReadAction\",\"target\":[\"https:\\\/\\\/www.navi-express.com\\\/shop\\\/mercedes-benz\\\/mercedes-benz-audio-50-dvd\\\/mercedes-benz-navi-cd-audio-50-aps-ntg2-europa-2009-2010-version-11-0\\\/\"]}]},{\"@type\":\"ImageObject\",\"inLanguage\":\"en-US\",\"@id\":\"https:\\\/\\\/www.navi-express.com\\\/shop\\\/mercedes-benz\\\/mercedes-benz-audio-50-dvd\\\/mercedes-benz-navi-cd-audio-50-aps-ntg2-europa-2009-2010-version-11-0\\\/#primaryimage\",\"url\":\"https:\\\/\\\/www.navi-express.com\\\/wp-content\\\/uploads\\\/2025\\\/10\\\/MB-Audio-50-APS-NTG2-Europa-2009-2010-1-scaled.jpg\",\"contentUrl\":\"https:\\\/\\\/www.navi-express.com\\\/wp-content\\\/uploads\\\/2025\\\/10\\\/MB-Audio-50-APS-NTG2-Europa-2009-2010-1-scaled.jpg\",\"width\":2560,\"height\":1920},{\"@type\":\"BreadcrumbList\",\"@id\":\"https:\\\/\\\/www.navi-express.com\\\/shop\\\/mercedes-benz\\\/mercedes-benz-audio-50-dvd\\\/mercedes-benz-navi-cd-audio-50-aps-ntg2-europa-2009-2010-version-11-0\\\/#breadcrumb\",\"itemListElement\":[{\"@type\":\"ListItem\",\"position\":1,\"name\":\"Startseite\",\"item\":\"https:\\\/\\\/www.navi-express.com\\\/\"},{\"@type\":\"ListItem\",\"position\":2,\"name\":\"Shop\",\"item\":\"https:\\\/\\\/www.navi-express.com\\\/shop\\\/\"},{\"@type\":\"ListItem\",\"position\":3,\"name\":\"Mercedes-Benz Navi CD Audio 50 APS NTG2 Europa 2009\\\/2010 Version 11.0\"}]},{\"@type\":\"WebSite\",\"@id\":\"https:\\\/\\\/www.navi-express.com\\\/#website\",\"url\":\"https:\\\/\\\/www.navi-express.com\\\/\",\"name\":\"Navi-Express\",\"description\":\"Ihr Experte f\u00fcr Navigation\",\"publisher\":{\"@id\":\"https:\\\/\\\/www.navi-express.com\\\/#organization\"},\"alternateName\":\"NE\",\"potentialAction\":[{\"@type\":\"SearchAction\",\"target\":{\"@type\":\"EntryPoint\",\"urlTemplate\":\"https:\\\/\\\/www.navi-express.com\\\/?s={search_term_string}\"},\"query-input\":{\"@type\":\"PropertyValueSpecification\",\"valueRequired\":true,\"valueName\":\"search_term_string\"}}],\"inLanguage\":\"en-US\"},{\"@type\":\"Organization\",\"@id\":\"https:\\\/\\\/www.navi-express.com\\\/#organization\",\"name\":\"Navi-Express\",\"alternateName\":\"NE\",\"url\":\"https:\\\/\\\/www.navi-express.com\\\/\",\"logo\":{\"@type\":\"ImageObject\",\"inLanguage\":\"en-US\",\"@id\":\"https:\\\/\\\/www.navi-express.com\\\/#\\\/schema\\\/logo\\\/image\\\/\",\"url\":\"https:\\\/\\\/www.navi-express.com\\\/wp-content\\\/uploads\\\/2019\\\/03\\\/cropped-logo-transpbearb-1.png\",\"contentUrl\":\"https:\\\/\\\/www.navi-express.com\\\/wp-content\\\/uploads\\\/2019\\\/03\\\/cropped-logo-transpbearb-1.png\",\"width\":512,\"height\":512,\"caption\":\"Navi-Express\"},\"image\":{\"@id\":\"https:\\\/\\\/www.navi-express.com\\\/#\\\/schema\\\/logo\\\/image\\\/\"}}]}<\/script>\n<!-- \/ Yoast SEO plugin. -->","yoast_head_json":{"title":"Mercedes Navi CD Set Audio 50 APS NTG2 Europa 2009\/2010","description":"Original Mercedes-Benz Navigation CD Set Update geeignet f\u00fcr das Audio 50 APS NTG2 Navigationssystem. CD Set mit Detailkarten CDs f\u00fcr Europa von 2009\/2010.","robots":{"index":"index","follow":"follow","max-snippet":"max-snippet:-1","max-image-preview":"max-image-preview:large","max-video-preview":"max-video-preview:-1"},"canonical":"https:\/\/www.navi-express.com\/en\/shop\/mercedes-benz\/mercedes-benz-audio-50-dvd\/mercedes-benz-navi-cd-audio-50-aps-ntg2-europa-2009-2010-version-11-0\/","og_locale":"en_US","og_type":"article","og_title":"Mercedes Navi CD Set Audio 50 APS NTG2 Europa 2009\/2010","og_description":"Original Mercedes-Benz Navigation CD Set Update geeignet f\u00fcr das Audio 50 APS NTG2 Navigationssystem. CD Set mit Detailkarten CDs f\u00fcr Europa von 2009\/2010.","og_url":"https:\/\/www.navi-express.com\/en\/shop\/mercedes-benz\/mercedes-benz-audio-50-dvd\/mercedes-benz-navi-cd-audio-50-aps-ntg2-europa-2009-2010-version-11-0\/","og_site_name":"Navi-Express","article_modified_time":"2025-12-10T10:30:37+00:00","og_image":[{"width":2560,"height":1920,"url":"https:\/\/www.navi-express.com\/wp-content\/uploads\/2025\/10\/MB-Audio-50-APS-NTG2-Europa-2009-2010-1-scaled.jpg","type":"image\/jpeg"}],"twitter_card":"summary_large_image","twitter_misc":{"Est. reading time":"2 minutes"},"schema":{"@context":"https:\/\/schema.org","@graph":[{"@type":"WebPage","@id":"https:\/\/www.navi-express.com\/shop\/mercedes-benz\/mercedes-benz-audio-50-dvd\/mercedes-benz-navi-cd-audio-50-aps-ntg2-europa-2009-2010-version-11-0\/","url":"https:\/\/www.navi-express.com\/shop\/mercedes-benz\/mercedes-benz-audio-50-dvd\/mercedes-benz-navi-cd-audio-50-aps-ntg2-europa-2009-2010-version-11-0\/","name":"Mercedes Navi CD Set Audio 50 APS NTG2 Europa 2009\/2010","isPartOf":{"@id":"https:\/\/www.navi-express.com\/#website"},"primaryImageOfPage":{"@id":"https:\/\/www.navi-express.com\/shop\/mercedes-benz\/mercedes-benz-audio-50-dvd\/mercedes-benz-navi-cd-audio-50-aps-ntg2-europa-2009-2010-version-11-0\/#primaryimage"},"image":{"@id":"https:\/\/www.navi-express.com\/shop\/mercedes-benz\/mercedes-benz-audio-50-dvd\/mercedes-benz-navi-cd-audio-50-aps-ntg2-europa-2009-2010-version-11-0\/#primaryimage"},"thumbnailUrl":"https:\/\/www.navi-express.com\/wp-content\/uploads\/2025\/10\/MB-Audio-50-APS-NTG2-Europa-2009-2010-1-scaled.jpg","datePublished":"2025-10-16T08:45:20+00:00","dateModified":"2025-12-10T10:30:37+00:00","description":"Original Mercedes-Benz Navigation CD Set Update geeignet f\u00fcr das Audio 50 APS NTG2 Navigationssystem. CD Set mit Detailkarten CDs f\u00fcr Europa von 2009\/2010.","breadcrumb":{"@id":"https:\/\/www.navi-express.com\/shop\/mercedes-benz\/mercedes-benz-audio-50-dvd\/mercedes-benz-navi-cd-audio-50-aps-ntg2-europa-2009-2010-version-11-0\/#breadcrumb"},"inLanguage":"en-US","potentialAction":[{"@type":"ReadAction","target":["https:\/\/www.navi-express.com\/shop\/mercedes-benz\/mercedes-benz-audio-50-dvd\/mercedes-benz-navi-cd-audio-50-aps-ntg2-europa-2009-2010-version-11-0\/"]}]},{"@type":"ImageObject","inLanguage":"en-US","@id":"https:\/\/www.navi-express.com\/shop\/mercedes-benz\/mercedes-benz-audio-50-dvd\/mercedes-benz-navi-cd-audio-50-aps-ntg2-europa-2009-2010-version-11-0\/#primaryimage","url":"https:\/\/www.navi-express.com\/wp-content\/uploads\/2025\/10\/MB-Audio-50-APS-NTG2-Europa-2009-2010-1-scaled.jpg","contentUrl":"https:\/\/www.navi-express.com\/wp-content\/uploads\/2025\/10\/MB-Audio-50-APS-NTG2-Europa-2009-2010-1-scaled.jpg","width":2560,"height":1920},{"@type":"BreadcrumbList","@id":"https:\/\/www.navi-express.com\/shop\/mercedes-benz\/mercedes-benz-audio-50-dvd\/mercedes-benz-navi-cd-audio-50-aps-ntg2-europa-2009-2010-version-11-0\/#breadcrumb","itemListElement":[{"@type":"ListItem","position":1,"name":"Startseite","item":"https:\/\/www.navi-express.com\/"},{"@type":"ListItem","position":2,"name":"Shop","item":"https:\/\/www.navi-express.com\/shop\/"},{"@type":"ListItem","position":3,"name":"Mercedes-Benz Navi CD Audio 50 APS NTG2 Europa 2009\/2010 Version 11.0"}]},{"@type":"WebSite","@id":"https:\/\/www.navi-express.com\/#website","url":"https:\/\/www.navi-express.com\/","name":"Navi-Express","description":"Ihr Experte f\u00fcr Navigation","publisher":{"@id":"https:\/\/www.navi-express.com\/#organization"},"alternateName":"NE","potentialAction":[{"@type":"SearchAction","target":{"@type":"EntryPoint","urlTemplate":"https:\/\/www.navi-express.com\/?s={search_term_string}"},"query-input":{"@type":"PropertyValueSpecification","valueRequired":true,"valueName":"search_term_string"}}],"inLanguage":"en-US"},{"@type":"Organization","@id":"https:\/\/www.navi-express.com\/#organization","name":"Navi-Express","alternateName":"NE","url":"https:\/\/www.navi-express.com\/","logo":{"@type":"ImageObject","inLanguage":"en-US","@id":"https:\/\/www.navi-express.com\/#\/schema\/logo\/image\/","url":"https:\/\/www.navi-express.com\/wp-content\/uploads\/2019\/03\/cropped-logo-transpbearb-1.png","contentUrl":"https:\/\/www.navi-express.com\/wp-content\/uploads\/2019\/03\/cropped-logo-transpbearb-1.png","width":512,"height":512,"caption":"Navi-Express"},"image":{"@id":"https:\/\/www.navi-express.com\/#\/schema\/logo\/image\/"}}]}},"_links":{"self":[{"href":"https:\/\/www.navi-express.com\/en\/wp-json\/wp\/v2\/product\/5504","targetHints":{"allow":["GET"]}}],"collection":[{"href":"https:\/\/www.navi-express.com\/en\/wp-json\/wp\/v2\/product"}],"about":[{"href":"https:\/\/www.navi-express.com\/en\/wp-json\/wp\/v2\/types\/product"}],"wp:featuredmedia":[{"embeddable":true,"href":"https:\/\/www.navi-express.com\/en\/wp-json\/wp\/v2\/media\/5505"}],"wp:attachment":[{"href":"https:\/\/www.navi-express.com\/en\/wp-json\/wp\/v2\/media?parent=5504"}],"wp:term":[{"taxonomy":"product_brand","embeddable":true,"href":"https:\/\/www.navi-express.com\/en\/wp-json\/wp\/v2\/product_brand?post=5504"},{"taxonomy":"product_cat","embeddable":true,"href":"https:\/\/www.navi-express.com\/en\/wp-json\/wp\/v2\/product_cat?post=5504"},{"taxonomy":"product_tag","embeddable":true,"href":"https:\/\/www.navi-express.com\/en\/wp-json\/wp\/v2\/product_tag?post=5504"}],"curies":[{"name":"wp","href":"https:\/\/api.w.org\/{rel}","templated":true}]}}