{"id":5517,"date":"2025-10-20T09:18:19","date_gmt":"2025-10-20T07:18:19","guid":{"rendered":"https:\/\/www.navi-express.com\/?post_type=product&#038;p=5517"},"modified":"2026-03-25T11:59:19","modified_gmt":"2026-03-25T10:59:19","slug":"garmin-saugnapf-halterung-mit-magnetischer-halterung-garmin-fleet-770-780-790","status":"publish","type":"product","link":"https:\/\/www.navi-express.com\/en\/shop\/garmin\/zubehoer-garmin\/garmin-saugnapf-halterung-mit-magnetischer-halterung-garmin-fleet-770-780-790\/","title":{"rendered":"Garmin Magnetische Halterung OHNE SAUGNAPF f\u00fcr Camper 785 dezl 780 785 &#038; Fleet 770 780 790"},"content":{"rendered":"<p>&nbsp;<\/p>\n<div>\n<p><span style=\"color: #000000;\"><b>Originale Garmin magnetische Halterung f\u00fcr die R\u00fcckseite in gebrauchtem Zustand<\/b><\/span><\/p>\n<div><span style=\"color: #000000;\"><b>Spezielle Magnetische Halterung (1x Mini-USB Eingang an der Seite &#8211; KEIN VIDEO IN) passend f\u00fcr:<\/b><\/span><\/div>\n<div><\/div>\n<div>\n<div><b><span style=\"color: #0039f3;\">Garmin Camper 785<\/span><\/b><\/div>\n<div><b><span style=\"color: #0039f3;\">Garmin dezl 780 LMT-D<\/span><\/b><\/div>\n<div><b><span style=\"color: #0039f3;\">Garmin dezl 785 LMT-D<\/span><\/b><\/div>\n<\/div>\n<div><b><span style=\"color: #0039f3;\">Garmin Fleet 770<\/span><\/b><\/div>\n<div><b><span style=\"color: #0039f3;\">Garmin Fleet 780<\/span><\/b><\/div>\n<div><b><span style=\"color: #0039f3;\">Garmin Fleet 790<\/span><\/b><\/div>\n<div><span style=\"color: #0039f3;\"><b>\u00a0<\/b><\/span><\/div>\n<div>\n<div><\/div>\n<div><span style=\"color: #000000;\"><b>&gt;&gt; KEIN Video Ein-Ausgang vorhanden an der Halterung !<\/b><\/span><\/div>\n<\/div>\n<div><span style=\"color: #000000;\"><b>&gt;&gt; NICHT geeignet f\u00fcr andere Garmin Modelle !<\/b><\/span><\/div>\n<\/div>\n<p>&nbsp;<\/p>\n<p>&nbsp;<\/p>\n<div>\n<div>\n<p>_______________________________________________________________________________________________________________________<\/p>\n<p><strong><span style=\"color: #000000;\"><u>Hersteller \/ EU verantwortliche Person:<\/u><\/span><\/strong><\/p>\n<p><strong><span style=\"color: #000000;\">Garmin Deutschland GmbH<\/span><\/strong><\/p>\n<p><strong><span style=\"color: #000000;\">Parkring 35<\/span><\/strong><\/p>\n<p><strong><span style=\"color: #000000;\">85748 Garching<\/span><\/strong><\/p>\n<p><strong><span style=\"color: #000000;\">Deutschland<\/span><\/strong><\/p>\n<p><strong><span style=\"color: #000000;\">Tel.: +49 89 541999-700<\/span><\/strong><\/p>\n<p><strong><span style=\"color: #000000;\">E-Mail: impressum@garmin.de<\/span><\/strong><\/p>\n<\/div>\n<\/div>","protected":false},"excerpt":{"rendered":"<p>&nbsp; Originale Garmin magnetische Halterung f\u00fcr die R\u00fcckseite in gebrauchtem Zustand Spezielle Magnetische Halterung (1x Mini-USB Eingang an der Seite &#8211; KEIN VIDEO IN) passend f\u00fcr: Garmin Camper 785 Garmin dezl 780 LMT-D Garmin dezl 785 LMT-D Garmin Fleet 770 Garmin Fleet 780 Garmin Fleet 790 \u00a0 &gt;&gt; KEIN Video Ein-Ausgang vorhanden an der Halterung [&hellip;]<\/p>\n","protected":false},"featured_media":5911,"template":"","meta":{"ocean_post_layout":"","ocean_both_sidebars_style":"","ocean_both_sidebars_content_width":0,"ocean_both_sidebars_sidebars_width":0,"ocean_sidebar":"0","ocean_second_sidebar":"0","ocean_disable_margins":"enable","ocean_add_body_class":"","ocean_shortcode_before_top_bar":"","ocean_shortcode_after_top_bar":"","ocean_shortcode_before_header":"","ocean_shortcode_after_header":"","ocean_has_shortcode":"","ocean_shortcode_after_title":"","ocean_shortcode_before_footer_widgets":"","ocean_shortcode_after_footer_widgets":"","ocean_shortcode_before_footer_bottom":"","ocean_shortcode_after_footer_bottom":"","ocean_display_top_bar":"default","ocean_display_header":"default","ocean_header_style":"","ocean_center_header_left_menu":"0","ocean_custom_header_template":"0","ocean_custom_logo":0,"ocean_custom_retina_logo":0,"ocean_custom_logo_max_width":0,"ocean_custom_logo_tablet_max_width":0,"ocean_custom_logo_mobile_max_width":0,"ocean_custom_logo_max_height":0,"ocean_custom_logo_tablet_max_height":0,"ocean_custom_logo_mobile_max_height":0,"ocean_header_custom_menu":"0","ocean_menu_typo_font_family":"0","ocean_menu_typo_font_subset":"","ocean_menu_typo_font_size":0,"ocean_menu_typo_font_size_tablet":0,"ocean_menu_typo_font_size_mobile":0,"ocean_menu_typo_font_size_unit":"px","ocean_menu_typo_font_weight":"","ocean_menu_typo_font_weight_tablet":"","ocean_menu_typo_font_weight_mobile":"","ocean_menu_typo_transform":"","ocean_menu_typo_transform_tablet":"","ocean_menu_typo_transform_mobile":"","ocean_menu_typo_line_height":0,"ocean_menu_typo_line_height_tablet":0,"ocean_menu_typo_line_height_mobile":0,"ocean_menu_typo_line_height_unit":"","ocean_menu_typo_spacing":0,"ocean_menu_typo_spacing_tablet":0,"ocean_menu_typo_spacing_mobile":0,"ocean_menu_typo_spacing_unit":"","ocean_menu_link_color":"","ocean_menu_link_color_hover":"","ocean_menu_link_color_active":"","ocean_menu_link_background":"","ocean_menu_link_hover_background":"","ocean_menu_link_active_background":"","ocean_menu_social_links_bg":"","ocean_menu_social_hover_links_bg":"","ocean_menu_social_links_color":"","ocean_menu_social_hover_links_color":"","ocean_disable_title":"default","ocean_disable_heading":"default","ocean_post_title":"","ocean_post_subheading":"","ocean_post_title_style":"","ocean_post_title_background_color":"","ocean_post_title_background":0,"ocean_post_title_bg_image_position":"","ocean_post_title_bg_image_attachment":"","ocean_post_title_bg_image_repeat":"","ocean_post_title_bg_image_size":"","ocean_post_title_height":0,"ocean_post_title_bg_overlay":0.5,"ocean_post_title_bg_overlay_color":"","ocean_disable_breadcrumbs":"default","ocean_breadcrumbs_color":"","ocean_breadcrumbs_separator_color":"","ocean_breadcrumbs_links_color":"","ocean_breadcrumbs_links_hover_color":"","ocean_display_footer_widgets":"default","ocean_display_footer_bottom":"default","ocean_custom_footer_template":"0"},"product_brand":[],"product_cat":[660],"product_tag":[1075,1369,1370,1268,1371,1372,1373],"class_list":{"0":"post-5517","1":"product","2":"type-product","3":"status-publish","4":"has-post-thumbnail","6":"product_cat-zubehoer-garmin","7":"product_tag-camper-760","8":"product_tag-dezl-760","9":"product_tag-dezl-770","10":"product_tag-garmin-halterung","11":"product_tag-nuevi-2797","12":"product_tag-nuevi-2798-plus","13":"product_tag-nuevi-2799","15":"entry","16":"has-media","18":"first","19":"instock","20":"purchasable","21":"product-type-simple","22":"col","23":"span_1_of_4","24":"owp-content-center","25":"item-entry","26":"owp-thumbs-layout-horizontal","27":"owp-btn-normal","28":"owp-tabs-layout-horizontal"},"yoast_head":"<!-- This site is optimized with the Yoast SEO plugin v27.4 - https:\/\/yoast.com\/product\/yoast-seo-wordpress\/ -->\n<title>Garmin magnetische Halterung Camper 785 dezl 780 dezl 785<\/title>\n<meta name=\"description\" content=\"Original Garmin magnetische Halterung f\u00fcr die R\u00fcckseite geeignet f\u00fcr die Garmin Ger\u00e4te Camper 785, dezl 780, dezl 785 und Fleet 770, Fleet 780, Fleet 790.\" \/>\n<meta name=\"robots\" content=\"index, follow, max-snippet:-1, max-image-preview:large, max-video-preview:-1\" \/>\n<link rel=\"canonical\" href=\"https:\/\/www.navi-express.com\/en\/shop\/garmin\/zubehoer-garmin\/garmin-saugnapf-halterung-mit-magnetischer-halterung-garmin-fleet-770-780-790\/\" \/>\n<meta property=\"og:locale\" content=\"en_US\" \/>\n<meta property=\"og:type\" content=\"article\" \/>\n<meta property=\"og:title\" content=\"Garmin magnetische Halterung Camper 785 dezl 780 dezl 785\" \/>\n<meta property=\"og:description\" content=\"Original Garmin magnetische Halterung f\u00fcr die R\u00fcckseite geeignet f\u00fcr die Garmin Ger\u00e4te Camper 785, dezl 780, dezl 785 und Fleet 770, Fleet 780, Fleet 790.\" \/>\n<meta property=\"og:url\" content=\"https:\/\/www.navi-express.com\/en\/shop\/garmin\/zubehoer-garmin\/garmin-saugnapf-halterung-mit-magnetischer-halterung-garmin-fleet-770-780-790\/\" \/>\n<meta property=\"og:site_name\" content=\"Navi-Express\" \/>\n<meta property=\"article:modified_time\" content=\"2026-03-25T10:59:19+00:00\" \/>\n<meta property=\"og:image\" content=\"https:\/\/www.navi-express.com\/wp-content\/uploads\/2025\/10\/IMG_20260115_094029-scaled.jpg\" \/>\n\t<meta property=\"og:image:width\" content=\"2560\" \/>\n\t<meta property=\"og:image:height\" content=\"1920\" \/>\n\t<meta property=\"og:image:type\" content=\"image\/jpeg\" \/>\n<meta name=\"twitter:card\" content=\"summary_large_image\" \/>\n<meta name=\"twitter:label1\" content=\"Est. reading time\" \/>\n\t<meta name=\"twitter:data1\" content=\"1 minute\" \/>\n<script type=\"application\/ld+json\" class=\"yoast-schema-graph\">{\"@context\":\"https:\\\/\\\/schema.org\",\"@graph\":[{\"@type\":\"WebPage\",\"@id\":\"https:\\\/\\\/www.navi-express.com\\\/shop\\\/garmin\\\/zubehoer-garmin\\\/garmin-saugnapf-halterung-mit-magnetischer-halterung-garmin-fleet-770-780-790\\\/\",\"url\":\"https:\\\/\\\/www.navi-express.com\\\/shop\\\/garmin\\\/zubehoer-garmin\\\/garmin-saugnapf-halterung-mit-magnetischer-halterung-garmin-fleet-770-780-790\\\/\",\"name\":\"Garmin magnetische Halterung Camper 785 dezl 780 dezl 785\",\"isPartOf\":{\"@id\":\"https:\\\/\\\/www.navi-express.com\\\/#website\"},\"primaryImageOfPage\":{\"@id\":\"https:\\\/\\\/www.navi-express.com\\\/shop\\\/garmin\\\/zubehoer-garmin\\\/garmin-saugnapf-halterung-mit-magnetischer-halterung-garmin-fleet-770-780-790\\\/#primaryimage\"},\"image\":{\"@id\":\"https:\\\/\\\/www.navi-express.com\\\/shop\\\/garmin\\\/zubehoer-garmin\\\/garmin-saugnapf-halterung-mit-magnetischer-halterung-garmin-fleet-770-780-790\\\/#primaryimage\"},\"thumbnailUrl\":\"https:\\\/\\\/www.navi-express.com\\\/wp-content\\\/uploads\\\/2025\\\/10\\\/IMG_20260115_094029-scaled.jpg\",\"datePublished\":\"2025-10-20T07:18:19+00:00\",\"dateModified\":\"2026-03-25T10:59:19+00:00\",\"description\":\"Original Garmin magnetische Halterung f\u00fcr die R\u00fcckseite geeignet f\u00fcr die Garmin Ger\u00e4te Camper 785, dezl 780, dezl 785 und Fleet 770, Fleet 780, Fleet 790.\",\"breadcrumb\":{\"@id\":\"https:\\\/\\\/www.navi-express.com\\\/shop\\\/garmin\\\/zubehoer-garmin\\\/garmin-saugnapf-halterung-mit-magnetischer-halterung-garmin-fleet-770-780-790\\\/#breadcrumb\"},\"inLanguage\":\"en-US\",\"potentialAction\":[{\"@type\":\"ReadAction\",\"target\":[\"https:\\\/\\\/www.navi-express.com\\\/shop\\\/garmin\\\/zubehoer-garmin\\\/garmin-saugnapf-halterung-mit-magnetischer-halterung-garmin-fleet-770-780-790\\\/\"]}]},{\"@type\":\"ImageObject\",\"inLanguage\":\"en-US\",\"@id\":\"https:\\\/\\\/www.navi-express.com\\\/shop\\\/garmin\\\/zubehoer-garmin\\\/garmin-saugnapf-halterung-mit-magnetischer-halterung-garmin-fleet-770-780-790\\\/#primaryimage\",\"url\":\"https:\\\/\\\/www.navi-express.com\\\/wp-content\\\/uploads\\\/2025\\\/10\\\/IMG_20260115_094029-scaled.jpg\",\"contentUrl\":\"https:\\\/\\\/www.navi-express.com\\\/wp-content\\\/uploads\\\/2025\\\/10\\\/IMG_20260115_094029-scaled.jpg\",\"width\":2560,\"height\":1920},{\"@type\":\"BreadcrumbList\",\"@id\":\"https:\\\/\\\/www.navi-express.com\\\/shop\\\/garmin\\\/zubehoer-garmin\\\/garmin-saugnapf-halterung-mit-magnetischer-halterung-garmin-fleet-770-780-790\\\/#breadcrumb\",\"itemListElement\":[{\"@type\":\"ListItem\",\"position\":1,\"name\":\"Startseite\",\"item\":\"https:\\\/\\\/www.navi-express.com\\\/\"},{\"@type\":\"ListItem\",\"position\":2,\"name\":\"Shop\",\"item\":\"https:\\\/\\\/www.navi-express.com\\\/shop\\\/\"},{\"@type\":\"ListItem\",\"position\":3,\"name\":\"Garmin Magnetische Halterung OHNE SAUGNAPF f\u00fcr Camper 785 dezl 780 785 &#038; Fleet 770 780 790\"}]},{\"@type\":\"WebSite\",\"@id\":\"https:\\\/\\\/www.navi-express.com\\\/#website\",\"url\":\"https:\\\/\\\/www.navi-express.com\\\/\",\"name\":\"Navi-Express\",\"description\":\"Ihr Experte f\u00fcr Navigation\",\"publisher\":{\"@id\":\"https:\\\/\\\/www.navi-express.com\\\/#organization\"},\"alternateName\":\"NE\",\"potentialAction\":[{\"@type\":\"SearchAction\",\"target\":{\"@type\":\"EntryPoint\",\"urlTemplate\":\"https:\\\/\\\/www.navi-express.com\\\/?s={search_term_string}\"},\"query-input\":{\"@type\":\"PropertyValueSpecification\",\"valueRequired\":true,\"valueName\":\"search_term_string\"}}],\"inLanguage\":\"en-US\"},{\"@type\":\"Organization\",\"@id\":\"https:\\\/\\\/www.navi-express.com\\\/#organization\",\"name\":\"Navi-Express\",\"alternateName\":\"NE\",\"url\":\"https:\\\/\\\/www.navi-express.com\\\/\",\"logo\":{\"@type\":\"ImageObject\",\"inLanguage\":\"en-US\",\"@id\":\"https:\\\/\\\/www.navi-express.com\\\/#\\\/schema\\\/logo\\\/image\\\/\",\"url\":\"https:\\\/\\\/www.navi-express.com\\\/wp-content\\\/uploads\\\/2019\\\/03\\\/cropped-logo-transpbearb-1.png\",\"contentUrl\":\"https:\\\/\\\/www.navi-express.com\\\/wp-content\\\/uploads\\\/2019\\\/03\\\/cropped-logo-transpbearb-1.png\",\"width\":512,\"height\":512,\"caption\":\"Navi-Express\"},\"image\":{\"@id\":\"https:\\\/\\\/www.navi-express.com\\\/#\\\/schema\\\/logo\\\/image\\\/\"}}]}<\/script>\n<!-- \/ Yoast SEO plugin. -->","yoast_head_json":{"title":"Garmin magnetische Halterung Camper 785 dezl 780 dezl 785","description":"Original Garmin magnetische Halterung f\u00fcr die R\u00fcckseite geeignet f\u00fcr die Garmin Ger\u00e4te Camper 785, dezl 780, dezl 785 und Fleet 770, Fleet 780, Fleet 790.","robots":{"index":"index","follow":"follow","max-snippet":"max-snippet:-1","max-image-preview":"max-image-preview:large","max-video-preview":"max-video-preview:-1"},"canonical":"https:\/\/www.navi-express.com\/en\/shop\/garmin\/zubehoer-garmin\/garmin-saugnapf-halterung-mit-magnetischer-halterung-garmin-fleet-770-780-790\/","og_locale":"en_US","og_type":"article","og_title":"Garmin magnetische Halterung Camper 785 dezl 780 dezl 785","og_description":"Original Garmin magnetische Halterung f\u00fcr die R\u00fcckseite geeignet f\u00fcr die Garmin Ger\u00e4te Camper 785, dezl 780, dezl 785 und Fleet 770, Fleet 780, Fleet 790.","og_url":"https:\/\/www.navi-express.com\/en\/shop\/garmin\/zubehoer-garmin\/garmin-saugnapf-halterung-mit-magnetischer-halterung-garmin-fleet-770-780-790\/","og_site_name":"Navi-Express","article_modified_time":"2026-03-25T10:59:19+00:00","og_image":[{"width":2560,"height":1920,"url":"https:\/\/www.navi-express.com\/wp-content\/uploads\/2025\/10\/IMG_20260115_094029-scaled.jpg","type":"image\/jpeg"}],"twitter_card":"summary_large_image","twitter_misc":{"Est. reading time":"1 minute"},"schema":{"@context":"https:\/\/schema.org","@graph":[{"@type":"WebPage","@id":"https:\/\/www.navi-express.com\/shop\/garmin\/zubehoer-garmin\/garmin-saugnapf-halterung-mit-magnetischer-halterung-garmin-fleet-770-780-790\/","url":"https:\/\/www.navi-express.com\/shop\/garmin\/zubehoer-garmin\/garmin-saugnapf-halterung-mit-magnetischer-halterung-garmin-fleet-770-780-790\/","name":"Garmin magnetische Halterung Camper 785 dezl 780 dezl 785","isPartOf":{"@id":"https:\/\/www.navi-express.com\/#website"},"primaryImageOfPage":{"@id":"https:\/\/www.navi-express.com\/shop\/garmin\/zubehoer-garmin\/garmin-saugnapf-halterung-mit-magnetischer-halterung-garmin-fleet-770-780-790\/#primaryimage"},"image":{"@id":"https:\/\/www.navi-express.com\/shop\/garmin\/zubehoer-garmin\/garmin-saugnapf-halterung-mit-magnetischer-halterung-garmin-fleet-770-780-790\/#primaryimage"},"thumbnailUrl":"https:\/\/www.navi-express.com\/wp-content\/uploads\/2025\/10\/IMG_20260115_094029-scaled.jpg","datePublished":"2025-10-20T07:18:19+00:00","dateModified":"2026-03-25T10:59:19+00:00","description":"Original Garmin magnetische Halterung f\u00fcr die R\u00fcckseite geeignet f\u00fcr die Garmin Ger\u00e4te Camper 785, dezl 780, dezl 785 und Fleet 770, Fleet 780, Fleet 790.","breadcrumb":{"@id":"https:\/\/www.navi-express.com\/shop\/garmin\/zubehoer-garmin\/garmin-saugnapf-halterung-mit-magnetischer-halterung-garmin-fleet-770-780-790\/#breadcrumb"},"inLanguage":"en-US","potentialAction":[{"@type":"ReadAction","target":["https:\/\/www.navi-express.com\/shop\/garmin\/zubehoer-garmin\/garmin-saugnapf-halterung-mit-magnetischer-halterung-garmin-fleet-770-780-790\/"]}]},{"@type":"ImageObject","inLanguage":"en-US","@id":"https:\/\/www.navi-express.com\/shop\/garmin\/zubehoer-garmin\/garmin-saugnapf-halterung-mit-magnetischer-halterung-garmin-fleet-770-780-790\/#primaryimage","url":"https:\/\/www.navi-express.com\/wp-content\/uploads\/2025\/10\/IMG_20260115_094029-scaled.jpg","contentUrl":"https:\/\/www.navi-express.com\/wp-content\/uploads\/2025\/10\/IMG_20260115_094029-scaled.jpg","width":2560,"height":1920},{"@type":"BreadcrumbList","@id":"https:\/\/www.navi-express.com\/shop\/garmin\/zubehoer-garmin\/garmin-saugnapf-halterung-mit-magnetischer-halterung-garmin-fleet-770-780-790\/#breadcrumb","itemListElement":[{"@type":"ListItem","position":1,"name":"Startseite","item":"https:\/\/www.navi-express.com\/"},{"@type":"ListItem","position":2,"name":"Shop","item":"https:\/\/www.navi-express.com\/shop\/"},{"@type":"ListItem","position":3,"name":"Garmin Magnetische Halterung OHNE SAUGNAPF f\u00fcr Camper 785 dezl 780 785 &#038; Fleet 770 780 790"}]},{"@type":"WebSite","@id":"https:\/\/www.navi-express.com\/#website","url":"https:\/\/www.navi-express.com\/","name":"Navi-Express","description":"Ihr Experte f\u00fcr Navigation","publisher":{"@id":"https:\/\/www.navi-express.com\/#organization"},"alternateName":"NE","potentialAction":[{"@type":"SearchAction","target":{"@type":"EntryPoint","urlTemplate":"https:\/\/www.navi-express.com\/?s={search_term_string}"},"query-input":{"@type":"PropertyValueSpecification","valueRequired":true,"valueName":"search_term_string"}}],"inLanguage":"en-US"},{"@type":"Organization","@id":"https:\/\/www.navi-express.com\/#organization","name":"Navi-Express","alternateName":"NE","url":"https:\/\/www.navi-express.com\/","logo":{"@type":"ImageObject","inLanguage":"en-US","@id":"https:\/\/www.navi-express.com\/#\/schema\/logo\/image\/","url":"https:\/\/www.navi-express.com\/wp-content\/uploads\/2019\/03\/cropped-logo-transpbearb-1.png","contentUrl":"https:\/\/www.navi-express.com\/wp-content\/uploads\/2019\/03\/cropped-logo-transpbearb-1.png","width":512,"height":512,"caption":"Navi-Express"},"image":{"@id":"https:\/\/www.navi-express.com\/#\/schema\/logo\/image\/"}}]}},"_links":{"self":[{"href":"https:\/\/www.navi-express.com\/en\/wp-json\/wp\/v2\/product\/5517","targetHints":{"allow":["GET"]}}],"collection":[{"href":"https:\/\/www.navi-express.com\/en\/wp-json\/wp\/v2\/product"}],"about":[{"href":"https:\/\/www.navi-express.com\/en\/wp-json\/wp\/v2\/types\/product"}],"wp:featuredmedia":[{"embeddable":true,"href":"https:\/\/www.navi-express.com\/en\/wp-json\/wp\/v2\/media\/5911"}],"wp:attachment":[{"href":"https:\/\/www.navi-express.com\/en\/wp-json\/wp\/v2\/media?parent=5517"}],"wp:term":[{"taxonomy":"product_brand","embeddable":true,"href":"https:\/\/www.navi-express.com\/en\/wp-json\/wp\/v2\/product_brand?post=5517"},{"taxonomy":"product_cat","embeddable":true,"href":"https:\/\/www.navi-express.com\/en\/wp-json\/wp\/v2\/product_cat?post=5517"},{"taxonomy":"product_tag","embeddable":true,"href":"https:\/\/www.navi-express.com\/en\/wp-json\/wp\/v2\/product_tag?post=5517"}],"curies":[{"name":"wp","href":"https:\/\/api.w.org\/{rel}","templated":true}]}}