{"id":5742,"date":"2025-12-06T13:26:38","date_gmt":"2025-12-06T12:26:38","guid":{"rendered":"https:\/\/www.navi-express.com\/?post_type=product&#038;p=5742"},"modified":"2026-03-18T16:35:57","modified_gmt":"2026-03-18T15:35:57","slug":"ooono-2-co-driver-no2-blitzerwarner-verkehrsgefahren-warner-traffic-safety-device","status":"publish","type":"product","link":"https:\/\/www.navi-express.com\/en\/shop\/ooono\/ooono-2-co-driver-no2-blitzerwarner-verkehrsgefahren-warner-traffic-safety-device\/","title":{"rendered":"OOONO 2 CO DRIVER NO2 Blitzerwarner Verkehrsgefahren Warner Traffic Safety Device"},"content":{"rendered":"<p>&nbsp;<\/p>\n<div><span style=\"color: #000000;\"><b><span style=\"font-size: large;\">Neues Originalprodukt OOONO CO-DRIVER NO2 (Farbe: Schwarz)<\/span><\/b><\/span><\/div>\n<div><span style=\"color: #000000;\"><b><span style=\"font-size: large;\">\u00a0<\/span><\/b><\/span><\/div>\n<div><span style=\"color: #000000;\"><strong><span style=\"font-size: large;\">Der OOONO CO-DRIVER NO2 ist das beste Ger\u00e4t f\u00fcr mehr Sicherheit im Stra\u00dfenverkehr<\/span><\/strong><\/span><\/div>\n<div><span style=\"font-size: large; color: #000000;\">\u00a0<\/span><\/div>\n<div><span style=\"color: #000000;\"><strong><span style=\"font-size: large;\">Das Set enth\u00e4lt: OOONO CO-DRIVER NO2, USB-C Kabel, USB Adapter und Magnethalterung<\/span><\/strong><\/span><\/div>\n<div><span style=\"color: #000000;\"><strong><span style=\"font-size: large;\">\u00a0<\/span><\/strong><\/span><\/div>\n<div><span style=\"color: #000000;\"><strong><span style=\"font-size: large;\">\u00a0<\/span><\/strong><\/span><\/div>\n<div><span style=\"color: #000000;\"><strong><span style=\"font-size: large;\"><u>1.) Features \/ Eigenschaften:<\/u><\/span><\/strong><\/span><\/div>\n<div>\n<ul>\n<li><span style=\"color: #000000; font-size: large;\">Relevante Verkehrsinformationen: Sie erhalten Informationen zu Geschwindigkeitskontrollen und Gefahrenstellen auf Ihrer Strecke<\/span><\/li>\n<\/ul>\n<ul>\n<li><span style=\"font-size: large; color: #000000;\">Wiederaufladbar f\u00fcr ein noch besseres Fahrerlebnis<\/span><\/li>\n<\/ul>\n<ul>\n<li><span style=\"font-size: large; color: #000000;\">Mit Millionen verbunden: Hinter dem CO-DRIVER NO2 steht eine Community aus Millionen von Autofahrern, die Sie mit Echtzeit-Daten versorgen<\/span><\/li>\n<\/ul>\n<ul>\n<li><span style=\"font-size: large; color: #000000;\">Bequem und ablenkungsfrei: Sie konzentrieren sich auf das Fahren. Der CO-DRIVER NO2 macht den Rest. Er startet automatisch und lenkt Sie nicht vom Verkehrsgeschehen ab.<\/span><\/li>\n<\/ul>\n<ul>\n<li><span style=\"font-size: large; color: #000000;\">Warnungen vor Geschwindigkeitskontrollen: Warnungen zu allen Arten von Geschwindigkeitskontrollen in mehr als 80 L\u00e4ndern. Mehr als 100.000 registrierte Kameras umfassend aus station\u00e4ren Kontrollen, mobilen Kontrollen, Abschnittskontrollen und Ampelkontrollen.<\/span><\/li>\n<\/ul>\n<ul>\n<li><span style=\"font-size: large; color: #000000;\">Warnungen vor Gefahrenstellen: Der CO-DRIVER NO2 informiert Sie \u00fcber Vorf\u00e4lle auf deiner Strecke in mehr als 80 L\u00e4ndern. Warnungen zu Baustellen &amp; Unf\u00e4llen, Liegengebliebene Fahrzeuge, pl\u00f6tzliche Stauenden und mehr<\/span><\/li>\n<\/ul>\n<ul>\n<li><span style=\"font-size: large; color: #000000;\">Navigation: Lassen Sie sich Ihre Verkehrswarnungen dort anzeigen, wo Sie am meisten Sinn machen. Der CO-DRIVER NO2 ist kompatibel mit APPLE CARPLAY und ANDROID AUTO und hat eine eigene Navigationsfunktion.<\/span><\/li>\n<\/ul>\n<ul>\n<li><span style=\"font-size: large; color: #000000;\">Mit verbesserten Licht- und Tonwarnungen<\/span><\/li>\n<\/ul>\n<ul>\n<li><span style=\"font-size: large; color: #000000;\">Melden Sie Geschwindigkeitskontrollen: Geben und Nehmen: So funktioniert der CO-DRIVER NO2 am besten. Sie erhalten Warnungen von der Community und k\u00f6nnen auch selbst warnen, wenn Sie etwas entdecken. Kommen Sie an einer Geschwindigkeitskontrolle vorbei, einfach einmal auf Ihren CO-DRIVER NO2 klicken.<\/span><\/li>\n<\/ul>\n<ul>\n<li><span style=\"font-size: large; color: #000000;\">Keine Abo-Geb\u00fchren oder App-Kosten<\/span><\/li>\n<\/ul>\n<\/div>\n<div><span style=\"color: #000000;\"><strong><span style=\"font-size: large;\">\u00a0<\/span><\/strong><\/span><\/div>\n<div><span style=\"color: #000000;\"><strong><span style=\"font-size: large;\">\u00a0<\/span><\/strong><\/span><\/div>\n<div><span style=\"color: #000000;\"><strong><span style=\"font-size: large;\"><u>2.) Die wichtigsten Fragen im \u00dcberblick<\/u><\/span><\/strong><\/span><\/div>\n<div>\n<ul>\n<li><span style=\"font-size: large; color: #000000;\">Was ist der Unterschied zwischen NO1 und NO2?<\/span><\/li>\n<\/ul>\n<p><span style=\"color: #000000;\">Beide CO-DRIVER warnen Sie in Echtzeit vor\u00a0Geschwindigkeitskontrollen und Gefahrenstellen. Der NO2 hat ein paar Extras, die der NO1 nicht hat, zum Beispiel eine wiederaufladbare Batterie. Er ist au\u00dferdem kompatibel mit Apple CarPlay und Android Auto und zeigt Ihnen Warnungen direkt im Navi an.<\/span><\/p>\n<\/div>\n<div><\/div>\n<div>\n<ul>\n<li><span style=\"font-size: large; color: #000000;\">Ben\u00f6tige ich mein Telefon, um das Ger\u00e4t zu nutzen?<\/span><\/li>\n<\/ul>\n<p><span style=\"color: #000000;\">Jein. W\u00e4hrend der Fahrt sollten Sie Ihr Handy in der Tasche lassen, aber es muss eine Verbindung zum CO-DRIVER NO2 bestehen. Beim ersten Mal m\u00fcssen Sie Ihr Telefon manuell verbinden. Danach verbindet es sich immer automatisch.<\/span><\/p>\n<\/div>\n<div>\n<ul>\n<li><span style=\"font-size: large; color: #000000;\">Wie funktionieren Apple CarPlay\/Android Auto ?<\/span><\/li>\n<\/ul>\n<p><span style=\"color: #000000;\">Falls Sie Apple CarPlay oder Android Auto schon kennen: Sie k\u00f6nnen die OOONO App genauso darauf nutzen wie Ihre anderen Apps.<b>\u00a0<\/b><\/span>Falls Sie Apple CarPlay und Android Auto noch nicht kennen: Sie k\u00f6nnen die Systeme dazu nutzen, Ihr Smartphone \u00fcber Bluetooth oder USB mit dem Bildschirm Ihres Autos zu verbinden. So k\u00f6nnen Sie Ihre Apps, einschlie\u00dflich der OOONO App, direkt \u00fcber diesen Bildschirm nutzen statt \u00fcber Ihr Telefon.<\/p>\n<\/div>\n<div><\/div>\n<div>\n<ul>\n<li><span style=\"color: #000000; font-size: large;\">Wie funktioniert die Navigation ?<\/span><\/li>\n<\/ul>\n<p><span style=\"color: #000000;\">Ganz einfach. Gehen Sie zur Navigationsoption, geben Sie Ihr Ziel ein, und Sie erhalten Ihre Routenf\u00fchrung direkt in der OOONO App. Genauso wie bei jeder anderen Navigations-App &#8211; mit dem dicken Plus, dass au\u00dferdem Ihre hei\u00dfgeliebten Verkehrswarnungen in der Karte angezeigt werden.<\/span><\/p>\n<\/div>\n<div><\/div>\n<div><\/div>\n<div>\n<ul>\n<li><span style=\"font-size: large; color: #000000;\">Was, wenn mein Auto kein Apple CarPlay\/Android Auto hat?<\/span><\/li>\n<\/ul>\n<p><span style=\"color: #000000;\">Auch ohne Apple CarPlay\/Android Auto k\u00f6nnen Sie alle anderen Funktionen des CO-DRIVER NO2 nutzen.<\/span><\/p>\n<\/div>\n<div><\/div>\n<div><\/div>\n<div>\n<ul>\n<li><span style=\"font-size: large; color: #000000;\">Woher bekommt ihr die Verkehrsdaten?<\/span><\/li>\n<\/ul>\n<p><span style=\"color: #000000;\">In erster Linie kommen die Daten von Millionen von CO-DRIVER Nutzern. Um die bestm\u00f6gliche Abdeckung zu gew\u00e4hrleisten, werden zus\u00e4tzlich dazu Daten von Partnern wie Blitzer.de bezogen.<\/span><\/p>\n<\/div>\n<div><\/div>\n<p>&nbsp;<\/p>\n<div><span style=\"color: #000000;\"><strong><span style=\"font-size: large;\"><u>3.) Sonstiges<\/u><\/span><\/strong><\/span><\/div>\n<div><\/div>\n<div><span style=\"font-size: large; color: #000000;\">Bitte achten Sie auf die geltenden Verkehrsregeln, Bestimmungen und Gesetze der Stra\u00dfenverkehrsordnung in Ihrem Land.<\/span><\/div>\n<div><span style=\"font-size: large; color: #000000;\">Die Nutzung von Gefahrenwarnern erfolgt auf eigene Verantwortung und Gefahr.<\/span><\/div>\n<div><\/div>\n<p>&nbsp;<\/p>\n<div><span style=\"font-size: large; color: #000000;\">Bedienungsanleitung unter:<\/span><\/div>\n<div><span style=\"font-size: large; color: #000000;\">https:\/\/m.media-amazon.com\/images\/I\/C13dh-rDmGL.pdf<\/span><\/div>\n<p>&nbsp;<\/p>\n<p>&nbsp;<\/p>\n<p>&nbsp;<\/p>\n<p>____________________________________________________________________________________________________________________<\/p>\n<p><strong><span style=\"color: #000000;\"><u>Hersteller \/ EU verantwortliche Person:<\/u><\/span><\/strong><\/p>\n<p><strong><span style=\"color: #000000;\">OOONO A\/S<\/span><\/strong><\/p>\n<p><strong><span style=\"color: #000000;\">Gearhalsvej 1<\/span><\/strong><\/p>\n<p><strong><span style=\"color: #000000;\">2500 Valby<\/span><\/strong><\/p>\n<p><strong><span style=\"color: #000000;\">Denmark<\/span><\/strong><\/p>\n<p><strong><span style=\"color: #000000;\">Tel.: 493041735003<\/span><\/strong><\/p>\n<p><strong><span style=\"color: #000000;\">E-Mail: support@ooono.de<\/span><\/strong><\/p>","protected":false},"excerpt":{"rendered":"<p>&nbsp; Neues Originalprodukt OOONO CO-DRIVER NO2 (Farbe: Schwarz) \u00a0 Der OOONO CO-DRIVER NO2 ist das beste Ger\u00e4t f\u00fcr mehr Sicherheit im Stra\u00dfenverkehr \u00a0 Das Set enth\u00e4lt: OOONO CO-DRIVER NO2, USB-C Kabel, USB Adapter und Magnethalterung \u00a0 \u00a0 1.) Features \/ Eigenschaften: Relevante Verkehrsinformationen: Sie erhalten Informationen zu Geschwindigkeitskontrollen und Gefahrenstellen auf Ihrer Strecke Wiederaufladbar f\u00fcr [&hellip;]<\/p>\n","protected":false},"featured_media":5743,"template":"","meta":{"ocean_post_layout":"","ocean_both_sidebars_style":"","ocean_both_sidebars_content_width":0,"ocean_both_sidebars_sidebars_width":0,"ocean_sidebar":"0","ocean_second_sidebar":"0","ocean_disable_margins":"enable","ocean_add_body_class":"","ocean_shortcode_before_top_bar":"","ocean_shortcode_after_top_bar":"","ocean_shortcode_before_header":"","ocean_shortcode_after_header":"","ocean_has_shortcode":"","ocean_shortcode_after_title":"","ocean_shortcode_before_footer_widgets":"","ocean_shortcode_after_footer_widgets":"","ocean_shortcode_before_footer_bottom":"","ocean_shortcode_after_footer_bottom":"","ocean_display_top_bar":"default","ocean_display_header":"default","ocean_header_style":"","ocean_center_header_left_menu":"0","ocean_custom_header_template":"0","ocean_custom_logo":0,"ocean_custom_retina_logo":0,"ocean_custom_logo_max_width":0,"ocean_custom_logo_tablet_max_width":0,"ocean_custom_logo_mobile_max_width":0,"ocean_custom_logo_max_height":0,"ocean_custom_logo_tablet_max_height":0,"ocean_custom_logo_mobile_max_height":0,"ocean_header_custom_menu":"0","ocean_menu_typo_font_family":"0","ocean_menu_typo_font_subset":"","ocean_menu_typo_font_size":0,"ocean_menu_typo_font_size_tablet":0,"ocean_menu_typo_font_size_mobile":0,"ocean_menu_typo_font_size_unit":"px","ocean_menu_typo_font_weight":"","ocean_menu_typo_font_weight_tablet":"","ocean_menu_typo_font_weight_mobile":"","ocean_menu_typo_transform":"","ocean_menu_typo_transform_tablet":"","ocean_menu_typo_transform_mobile":"","ocean_menu_typo_line_height":0,"ocean_menu_typo_line_height_tablet":0,"ocean_menu_typo_line_height_mobile":0,"ocean_menu_typo_line_height_unit":"","ocean_menu_typo_spacing":0,"ocean_menu_typo_spacing_tablet":0,"ocean_menu_typo_spacing_mobile":0,"ocean_menu_typo_spacing_unit":"","ocean_menu_link_color":"","ocean_menu_link_color_hover":"","ocean_menu_link_color_active":"","ocean_menu_link_background":"","ocean_menu_link_hover_background":"","ocean_menu_link_active_background":"","ocean_menu_social_links_bg":"","ocean_menu_social_hover_links_bg":"","ocean_menu_social_links_color":"","ocean_menu_social_hover_links_color":"","ocean_disable_title":"default","ocean_disable_heading":"default","ocean_post_title":"","ocean_post_subheading":"","ocean_post_title_style":"","ocean_post_title_background_color":"","ocean_post_title_background":0,"ocean_post_title_bg_image_position":"","ocean_post_title_bg_image_attachment":"","ocean_post_title_bg_image_repeat":"","ocean_post_title_bg_image_size":"","ocean_post_title_height":0,"ocean_post_title_bg_overlay":0.5,"ocean_post_title_bg_overlay_color":"","ocean_disable_breadcrumbs":"default","ocean_breadcrumbs_color":"","ocean_breadcrumbs_separator_color":"","ocean_breadcrumbs_links_color":"","ocean_breadcrumbs_links_hover_color":"","ocean_display_footer_widgets":"default","ocean_display_footer_bottom":"default","ocean_custom_footer_template":"0"},"product_brand":[],"product_cat":[1443],"product_tag":[1445,1444],"class_list":{"0":"post-5742","1":"product","2":"type-product","3":"status-publish","4":"has-post-thumbnail","6":"product_cat-ooono","7":"product_tag-ooono-2","8":"product_tag-ooono-co-driver-2","10":"entry","11":"has-media","13":"first","14":"instock","15":"sold-individually","16":"purchasable","17":"product-type-simple","18":"col","19":"span_1_of_4","20":"owp-content-center","21":"item-entry","22":"owp-thumbs-layout-horizontal","23":"owp-btn-normal","24":"owp-tabs-layout-horizontal"},"yoast_head":"<!-- This site is optimized with the Yoast SEO plugin v27.3 - https:\/\/yoast.com\/product\/yoast-seo-wordpress\/ -->\n<title>OOONO CO DRIVER 2 BLITZERWARNER GEFAHRENWARNER<\/title>\n<meta name=\"description\" content=\"Original OOONO CO DRIVER NO2\" \/>\n<meta name=\"robots\" content=\"index, follow, max-snippet:-1, max-image-preview:large, max-video-preview:-1\" \/>\n<link rel=\"canonical\" href=\"https:\/\/www.navi-express.com\/en\/shop\/ooono\/ooono-2-co-driver-no2-blitzerwarner-verkehrsgefahren-warner-traffic-safety-device\/\" \/>\n<meta property=\"og:locale\" content=\"en_US\" \/>\n<meta property=\"og:type\" content=\"article\" \/>\n<meta property=\"og:title\" content=\"OOONO CO DRIVER 2 BLITZERWARNER GEFAHRENWARNER\" \/>\n<meta property=\"og:description\" content=\"Original OOONO CO DRIVER NO2\" \/>\n<meta property=\"og:url\" content=\"https:\/\/www.navi-express.com\/en\/shop\/ooono\/ooono-2-co-driver-no2-blitzerwarner-verkehrsgefahren-warner-traffic-safety-device\/\" \/>\n<meta property=\"og:site_name\" content=\"Navi-Express\" \/>\n<meta property=\"article:modified_time\" content=\"2026-03-18T15:35:57+00:00\" \/>\n<meta property=\"og:image\" content=\"https:\/\/www.navi-express.com\/wp-content\/uploads\/2025\/12\/IMG_20251205_131303-scaled.jpg\" \/>\n\t<meta property=\"og:image:width\" content=\"2560\" \/>\n\t<meta property=\"og:image:height\" content=\"1920\" \/>\n\t<meta property=\"og:image:type\" content=\"image\/jpeg\" \/>\n<meta name=\"twitter:card\" content=\"summary_large_image\" \/>\n<meta name=\"twitter:label1\" content=\"Est. reading time\" \/>\n\t<meta name=\"twitter:data1\" content=\"4 minutes\" \/>\n<script type=\"application\/ld+json\" class=\"yoast-schema-graph\">{\"@context\":\"https:\\\/\\\/schema.org\",\"@graph\":[{\"@type\":\"WebPage\",\"@id\":\"https:\\\/\\\/www.navi-express.com\\\/shop\\\/ooono\\\/ooono-2-co-driver-no2-blitzerwarner-verkehrsgefahren-warner-traffic-safety-device\\\/\",\"url\":\"https:\\\/\\\/www.navi-express.com\\\/shop\\\/ooono\\\/ooono-2-co-driver-no2-blitzerwarner-verkehrsgefahren-warner-traffic-safety-device\\\/\",\"name\":\"OOONO CO DRIVER 2 BLITZERWARNER GEFAHRENWARNER\",\"isPartOf\":{\"@id\":\"https:\\\/\\\/www.navi-express.com\\\/#website\"},\"primaryImageOfPage\":{\"@id\":\"https:\\\/\\\/www.navi-express.com\\\/shop\\\/ooono\\\/ooono-2-co-driver-no2-blitzerwarner-verkehrsgefahren-warner-traffic-safety-device\\\/#primaryimage\"},\"image\":{\"@id\":\"https:\\\/\\\/www.navi-express.com\\\/shop\\\/ooono\\\/ooono-2-co-driver-no2-blitzerwarner-verkehrsgefahren-warner-traffic-safety-device\\\/#primaryimage\"},\"thumbnailUrl\":\"https:\\\/\\\/www.navi-express.com\\\/wp-content\\\/uploads\\\/2025\\\/12\\\/IMG_20251205_131303-scaled.jpg\",\"datePublished\":\"2025-12-06T12:26:38+00:00\",\"dateModified\":\"2026-03-18T15:35:57+00:00\",\"description\":\"Original OOONO CO DRIVER NO2\",\"breadcrumb\":{\"@id\":\"https:\\\/\\\/www.navi-express.com\\\/shop\\\/ooono\\\/ooono-2-co-driver-no2-blitzerwarner-verkehrsgefahren-warner-traffic-safety-device\\\/#breadcrumb\"},\"inLanguage\":\"en-US\",\"potentialAction\":[{\"@type\":\"ReadAction\",\"target\":[\"https:\\\/\\\/www.navi-express.com\\\/shop\\\/ooono\\\/ooono-2-co-driver-no2-blitzerwarner-verkehrsgefahren-warner-traffic-safety-device\\\/\"]}]},{\"@type\":\"ImageObject\",\"inLanguage\":\"en-US\",\"@id\":\"https:\\\/\\\/www.navi-express.com\\\/shop\\\/ooono\\\/ooono-2-co-driver-no2-blitzerwarner-verkehrsgefahren-warner-traffic-safety-device\\\/#primaryimage\",\"url\":\"https:\\\/\\\/www.navi-express.com\\\/wp-content\\\/uploads\\\/2025\\\/12\\\/IMG_20251205_131303-scaled.jpg\",\"contentUrl\":\"https:\\\/\\\/www.navi-express.com\\\/wp-content\\\/uploads\\\/2025\\\/12\\\/IMG_20251205_131303-scaled.jpg\",\"width\":2560,\"height\":1920},{\"@type\":\"BreadcrumbList\",\"@id\":\"https:\\\/\\\/www.navi-express.com\\\/shop\\\/ooono\\\/ooono-2-co-driver-no2-blitzerwarner-verkehrsgefahren-warner-traffic-safety-device\\\/#breadcrumb\",\"itemListElement\":[{\"@type\":\"ListItem\",\"position\":1,\"name\":\"Startseite\",\"item\":\"https:\\\/\\\/www.navi-express.com\\\/\"},{\"@type\":\"ListItem\",\"position\":2,\"name\":\"Shop\",\"item\":\"https:\\\/\\\/www.navi-express.com\\\/shop\\\/\"},{\"@type\":\"ListItem\",\"position\":3,\"name\":\"OOONO 2 CO DRIVER NO2 Blitzerwarner Verkehrsgefahren Warner Traffic Safety Device\"}]},{\"@type\":\"WebSite\",\"@id\":\"https:\\\/\\\/www.navi-express.com\\\/#website\",\"url\":\"https:\\\/\\\/www.navi-express.com\\\/\",\"name\":\"Navi-Express\",\"description\":\"Ihr Experte f\u00fcr Navigation\",\"publisher\":{\"@id\":\"https:\\\/\\\/www.navi-express.com\\\/#organization\"},\"alternateName\":\"NE\",\"potentialAction\":[{\"@type\":\"SearchAction\",\"target\":{\"@type\":\"EntryPoint\",\"urlTemplate\":\"https:\\\/\\\/www.navi-express.com\\\/?s={search_term_string}\"},\"query-input\":{\"@type\":\"PropertyValueSpecification\",\"valueRequired\":true,\"valueName\":\"search_term_string\"}}],\"inLanguage\":\"en-US\"},{\"@type\":\"Organization\",\"@id\":\"https:\\\/\\\/www.navi-express.com\\\/#organization\",\"name\":\"Navi-Express\",\"alternateName\":\"NE\",\"url\":\"https:\\\/\\\/www.navi-express.com\\\/\",\"logo\":{\"@type\":\"ImageObject\",\"inLanguage\":\"en-US\",\"@id\":\"https:\\\/\\\/www.navi-express.com\\\/#\\\/schema\\\/logo\\\/image\\\/\",\"url\":\"https:\\\/\\\/www.navi-express.com\\\/wp-content\\\/uploads\\\/2019\\\/03\\\/cropped-logo-transpbearb-1.png\",\"contentUrl\":\"https:\\\/\\\/www.navi-express.com\\\/wp-content\\\/uploads\\\/2019\\\/03\\\/cropped-logo-transpbearb-1.png\",\"width\":512,\"height\":512,\"caption\":\"Navi-Express\"},\"image\":{\"@id\":\"https:\\\/\\\/www.navi-express.com\\\/#\\\/schema\\\/logo\\\/image\\\/\"}}]}<\/script>\n<!-- \/ Yoast SEO plugin. -->","yoast_head_json":{"title":"OOONO CO DRIVER 2 BLITZERWARNER GEFAHRENWARNER","description":"Original OOONO CO DRIVER NO2","robots":{"index":"index","follow":"follow","max-snippet":"max-snippet:-1","max-image-preview":"max-image-preview:large","max-video-preview":"max-video-preview:-1"},"canonical":"https:\/\/www.navi-express.com\/en\/shop\/ooono\/ooono-2-co-driver-no2-blitzerwarner-verkehrsgefahren-warner-traffic-safety-device\/","og_locale":"en_US","og_type":"article","og_title":"OOONO CO DRIVER 2 BLITZERWARNER GEFAHRENWARNER","og_description":"Original OOONO CO DRIVER NO2","og_url":"https:\/\/www.navi-express.com\/en\/shop\/ooono\/ooono-2-co-driver-no2-blitzerwarner-verkehrsgefahren-warner-traffic-safety-device\/","og_site_name":"Navi-Express","article_modified_time":"2026-03-18T15:35:57+00:00","og_image":[{"width":2560,"height":1920,"url":"https:\/\/www.navi-express.com\/wp-content\/uploads\/2025\/12\/IMG_20251205_131303-scaled.jpg","type":"image\/jpeg"}],"twitter_card":"summary_large_image","twitter_misc":{"Est. reading time":"4 minutes"},"schema":{"@context":"https:\/\/schema.org","@graph":[{"@type":"WebPage","@id":"https:\/\/www.navi-express.com\/shop\/ooono\/ooono-2-co-driver-no2-blitzerwarner-verkehrsgefahren-warner-traffic-safety-device\/","url":"https:\/\/www.navi-express.com\/shop\/ooono\/ooono-2-co-driver-no2-blitzerwarner-verkehrsgefahren-warner-traffic-safety-device\/","name":"OOONO CO DRIVER 2 BLITZERWARNER GEFAHRENWARNER","isPartOf":{"@id":"https:\/\/www.navi-express.com\/#website"},"primaryImageOfPage":{"@id":"https:\/\/www.navi-express.com\/shop\/ooono\/ooono-2-co-driver-no2-blitzerwarner-verkehrsgefahren-warner-traffic-safety-device\/#primaryimage"},"image":{"@id":"https:\/\/www.navi-express.com\/shop\/ooono\/ooono-2-co-driver-no2-blitzerwarner-verkehrsgefahren-warner-traffic-safety-device\/#primaryimage"},"thumbnailUrl":"https:\/\/www.navi-express.com\/wp-content\/uploads\/2025\/12\/IMG_20251205_131303-scaled.jpg","datePublished":"2025-12-06T12:26:38+00:00","dateModified":"2026-03-18T15:35:57+00:00","description":"Original OOONO CO DRIVER NO2","breadcrumb":{"@id":"https:\/\/www.navi-express.com\/shop\/ooono\/ooono-2-co-driver-no2-blitzerwarner-verkehrsgefahren-warner-traffic-safety-device\/#breadcrumb"},"inLanguage":"en-US","potentialAction":[{"@type":"ReadAction","target":["https:\/\/www.navi-express.com\/shop\/ooono\/ooono-2-co-driver-no2-blitzerwarner-verkehrsgefahren-warner-traffic-safety-device\/"]}]},{"@type":"ImageObject","inLanguage":"en-US","@id":"https:\/\/www.navi-express.com\/shop\/ooono\/ooono-2-co-driver-no2-blitzerwarner-verkehrsgefahren-warner-traffic-safety-device\/#primaryimage","url":"https:\/\/www.navi-express.com\/wp-content\/uploads\/2025\/12\/IMG_20251205_131303-scaled.jpg","contentUrl":"https:\/\/www.navi-express.com\/wp-content\/uploads\/2025\/12\/IMG_20251205_131303-scaled.jpg","width":2560,"height":1920},{"@type":"BreadcrumbList","@id":"https:\/\/www.navi-express.com\/shop\/ooono\/ooono-2-co-driver-no2-blitzerwarner-verkehrsgefahren-warner-traffic-safety-device\/#breadcrumb","itemListElement":[{"@type":"ListItem","position":1,"name":"Startseite","item":"https:\/\/www.navi-express.com\/"},{"@type":"ListItem","position":2,"name":"Shop","item":"https:\/\/www.navi-express.com\/shop\/"},{"@type":"ListItem","position":3,"name":"OOONO 2 CO DRIVER NO2 Blitzerwarner Verkehrsgefahren Warner Traffic Safety Device"}]},{"@type":"WebSite","@id":"https:\/\/www.navi-express.com\/#website","url":"https:\/\/www.navi-express.com\/","name":"Navi-Express","description":"Ihr Experte f\u00fcr Navigation","publisher":{"@id":"https:\/\/www.navi-express.com\/#organization"},"alternateName":"NE","potentialAction":[{"@type":"SearchAction","target":{"@type":"EntryPoint","urlTemplate":"https:\/\/www.navi-express.com\/?s={search_term_string}"},"query-input":{"@type":"PropertyValueSpecification","valueRequired":true,"valueName":"search_term_string"}}],"inLanguage":"en-US"},{"@type":"Organization","@id":"https:\/\/www.navi-express.com\/#organization","name":"Navi-Express","alternateName":"NE","url":"https:\/\/www.navi-express.com\/","logo":{"@type":"ImageObject","inLanguage":"en-US","@id":"https:\/\/www.navi-express.com\/#\/schema\/logo\/image\/","url":"https:\/\/www.navi-express.com\/wp-content\/uploads\/2019\/03\/cropped-logo-transpbearb-1.png","contentUrl":"https:\/\/www.navi-express.com\/wp-content\/uploads\/2019\/03\/cropped-logo-transpbearb-1.png","width":512,"height":512,"caption":"Navi-Express"},"image":{"@id":"https:\/\/www.navi-express.com\/#\/schema\/logo\/image\/"}}]}},"_links":{"self":[{"href":"https:\/\/www.navi-express.com\/en\/wp-json\/wp\/v2\/product\/5742","targetHints":{"allow":["GET"]}}],"collection":[{"href":"https:\/\/www.navi-express.com\/en\/wp-json\/wp\/v2\/product"}],"about":[{"href":"https:\/\/www.navi-express.com\/en\/wp-json\/wp\/v2\/types\/product"}],"wp:featuredmedia":[{"embeddable":true,"href":"https:\/\/www.navi-express.com\/en\/wp-json\/wp\/v2\/media\/5743"}],"wp:attachment":[{"href":"https:\/\/www.navi-express.com\/en\/wp-json\/wp\/v2\/media?parent=5742"}],"wp:term":[{"taxonomy":"product_brand","embeddable":true,"href":"https:\/\/www.navi-express.com\/en\/wp-json\/wp\/v2\/product_brand?post=5742"},{"taxonomy":"product_cat","embeddable":true,"href":"https:\/\/www.navi-express.com\/en\/wp-json\/wp\/v2\/product_cat?post=5742"},{"taxonomy":"product_tag","embeddable":true,"href":"https:\/\/www.navi-express.com\/en\/wp-json\/wp\/v2\/product_tag?post=5742"}],"curies":[{"name":"wp","href":"https:\/\/api.w.org\/{rel}","templated":true}]}}