{"id":5782,"date":"2025-12-11T10:22:38","date_gmt":"2025-12-11T09:22:38","guid":{"rendered":"https:\/\/www.navi-express.com\/?post_type=product&#038;p=5782"},"modified":"2025-12-11T10:26:39","modified_gmt":"2025-12-11T09:26:39","slug":"here-navi-cd-deutschland-2014-2015-opel-cd70-bmw-mk1-mk2-mk3-mk4","status":"publish","type":"product","link":"https:\/\/www.navi-express.com\/en\/shop\/opel\/opel-cd70-vdo-dayton\/here-navi-cd-deutschland-2014-2015-opel-cd70-bmw-mk1-mk2-mk3-mk4\/","title":{"rendered":"HERE Navi CD Deutschland 2014\/2015 Opel CD70 BMW MK1 MK2 MK3 MK4"},"content":{"rendered":"<p>&nbsp;<\/p>\n<p><strong><span style=\"color: #000000;\">Original Navigations-CD in gebrauchtem, funktionalen Zustand vom Hersteller HERE (fr\u00fcher NAVTEQ)<\/span><\/strong><\/p>\n<p><strong><span style=\"color: #000000;\">geeignet f\u00fcr verschiedene Fahrzeugmodelle bzw. Navigationssysteme<\/span><\/strong><\/p>\n<p><strong><span style=\"color: #000000;\">Detailkarten CD f\u00fcr Deutschland von 2014\/2015 (final Update)<\/span><\/strong><\/p>\n<p>&nbsp;<\/p>\n<p><span style=\"color: #000000;\"><b><u>Die Navi-CD eignet sich f\u00fcr folgende Navigationssysteme:<\/u><\/b><\/span><\/p>\n<p><strong><span style=\"color: #000000;\">OPEL CD70 NAVI in Astra , Combo C , Corsa C , Meriva A , Signum , Tigra , Vectra C , Vivaro und Zafira B<\/span><\/strong><\/p>\n<p><strong><span style=\"color: #000000;\">BMW MK1 MK2 MK3 MK4 in\u00a03er E46 bis 03\/2005 ;\u00a05er E39 bis 07\/2003 ;\u00a07er E65 und E66 bis 10\/2005 ;\u00a0X3 E83 von 2001 &#8211; 2007 ;\u00a0X5 E53 von 1999 &#8211; 2005<\/span><\/strong><\/p>\n<p><strong><span style=\"color: #000000;\">Z4 E85 und Z8 E52 unbekannt<\/span><\/strong><\/p>\n<p><strong><span style=\"color: #000000;\">Bentley mit CD Navigation in Continental GT von 2003 &#8211; KW22\/2007 ; Bentely Continental Flying Spur von 2005 &#8211; KW22\/2007 ; Continental GTC von 2006 &#8211; KW22\/2007<\/span><\/strong><\/p>\n<p><strong><span style=\"color: #000000;\">Citr\u00f6en C5 mit Farbbildschirm &#8230; bis 06\/2004<\/span><\/strong><\/p>\n<p><strong><span style=\"color: #000000;\">Land Rover mit CD Navigation in Range Rover , Discovery und Freelander von 1999 &#8211; 2004<\/span><\/strong><\/p>\n<p><strong><span style=\"color: #000000;\">Ford Lincoln von 1999 &#8211; 2004<\/span><\/strong><\/p>\n<p><strong><span style=\"color: #000000;\">MINI mit Farbbildschirm\u00a0 &#8230; bis 10\/2005<\/span><\/strong><\/p>\n<p><strong><span style=\"color: #000000;\">Peugeot 607 &#8230; bis 09\/2004 (NICHT geeignet f\u00fcr RT3)<\/span><\/strong><\/p>\n<p><strong><span style=\"color: #000000;\">Rover 75 mit Farbbildschirm &#8230; bis 10\/2005<\/span><\/strong><\/p>\n<p><strong><span style=\"color: #000000;\">Volkswagen Phaeton GP0 mit CD Navigation &#8230; bis 05\/2007<\/span><\/strong><\/p>\n<p><strong><span style=\"color: #000000;\">MG ZT &#8230; bis 10\/2005<\/span><\/strong><\/p>\n<p><strong><span style=\"color: #000000;\">Nissan Primastar &#8230; bis 10\/2005<\/span><\/strong><\/p>\n<p>&nbsp;<\/p>\n<p><strong><span style=\"color: #000000;\">VDO Dayton Ger\u00e4te (NON C-IQ):<\/span><\/strong><\/p>\n<p><strong><span style=\"color: #000000;\">MS 3000 ; MS 3100 ; MS 4000 ; MS 4050 ; MS 4100 ; MS 4200 ; MS 5000 ; MS 5100 und MS 6000<\/span><\/strong><\/p>\n<p>&nbsp;<\/p>\n<p><strong><span style=\"color: #000000;\">Philips Carin Ger\u00e4te (NON C-IQ):<\/span><\/strong><\/p>\n<p><strong><span style=\"color: #000000;\">Carin 520 ; Carin 522 ; Opel Modelle Astra, Corsa, Omega, Vectra und Zafira &#8230; bis 06\/2000 ( NICHT Geeignet f\u00fcr NCDR\/NCDC ! )<\/span><\/strong><\/p>\n<p>&nbsp;<\/p>\n<p>&nbsp;<\/p>\n<p>____________________________________________________________________________________________________________________<\/p>\n<p><strong><span style=\"color: #000000;\"><u>Hersteller \/ EU verantwortliche Person:<\/u><\/span><\/strong><\/p>\n<p><strong><span style=\"color: #000000;\">HERE Global B.V. (Fr\u00fcher: Navteq)<\/span><\/strong><\/p>\n<p><strong><span style=\"color: #000000;\">Kennedyplein 222-226<\/span><\/strong><\/p>\n<p><strong><span style=\"color: #000000;\">5611 ZT Eindhoven<\/span><\/strong><\/p>\n<p><strong><span style=\"color: #000000;\">The Netherlands<\/span><\/strong><\/p>\n<p><strong><span style=\"color: #000000;\">Tel.: +31 40 298 14 00<\/span><\/strong><\/p>\n<p><strong><span style=\"color: #000000;\">E-Mail: info@here.com<\/span><\/strong><\/p>\n<p>&nbsp;<\/p>","protected":false},"excerpt":{"rendered":"<p>&nbsp; Original Navigations-CD in gebrauchtem, funktionalen Zustand vom Hersteller HERE (fr\u00fcher NAVTEQ) geeignet f\u00fcr verschiedene Fahrzeugmodelle bzw. Navigationssysteme Detailkarten CD f\u00fcr Deutschland von 2014\/2015 (final Update) &nbsp; Die Navi-CD eignet sich f\u00fcr folgende Navigationssysteme: OPEL CD70 NAVI in Astra , Combo C , Corsa C , Meriva A , Signum , Tigra , Vectra C [&hellip;]<\/p>\n","protected":false},"featured_media":5783,"template":"","meta":{"ocean_post_layout":"","ocean_both_sidebars_style":"","ocean_both_sidebars_content_width":0,"ocean_both_sidebars_sidebars_width":0,"ocean_sidebar":"0","ocean_second_sidebar":"0","ocean_disable_margins":"enable","ocean_add_body_class":"","ocean_shortcode_before_top_bar":"","ocean_shortcode_after_top_bar":"","ocean_shortcode_before_header":"","ocean_shortcode_after_header":"","ocean_has_shortcode":"","ocean_shortcode_after_title":"","ocean_shortcode_before_footer_widgets":"","ocean_shortcode_after_footer_widgets":"","ocean_shortcode_before_footer_bottom":"","ocean_shortcode_after_footer_bottom":"","ocean_display_top_bar":"default","ocean_display_header":"default","ocean_header_style":"","ocean_center_header_left_menu":"0","ocean_custom_header_template":"0","ocean_custom_logo":0,"ocean_custom_retina_logo":0,"ocean_custom_logo_max_width":0,"ocean_custom_logo_tablet_max_width":0,"ocean_custom_logo_mobile_max_width":0,"ocean_custom_logo_max_height":0,"ocean_custom_logo_tablet_max_height":0,"ocean_custom_logo_mobile_max_height":0,"ocean_header_custom_menu":"0","ocean_menu_typo_font_family":"0","ocean_menu_typo_font_subset":"","ocean_menu_typo_font_size":0,"ocean_menu_typo_font_size_tablet":0,"ocean_menu_typo_font_size_mobile":0,"ocean_menu_typo_font_size_unit":"px","ocean_menu_typo_font_weight":"","ocean_menu_typo_font_weight_tablet":"","ocean_menu_typo_font_weight_mobile":"","ocean_menu_typo_transform":"","ocean_menu_typo_transform_tablet":"","ocean_menu_typo_transform_mobile":"","ocean_menu_typo_line_height":0,"ocean_menu_typo_line_height_tablet":0,"ocean_menu_typo_line_height_mobile":0,"ocean_menu_typo_line_height_unit":"","ocean_menu_typo_spacing":0,"ocean_menu_typo_spacing_tablet":0,"ocean_menu_typo_spacing_mobile":0,"ocean_menu_typo_spacing_unit":"","ocean_menu_link_color":"","ocean_menu_link_color_hover":"","ocean_menu_link_color_active":"","ocean_menu_link_background":"","ocean_menu_link_hover_background":"","ocean_menu_link_active_background":"","ocean_menu_social_links_bg":"","ocean_menu_social_hover_links_bg":"","ocean_menu_social_links_color":"","ocean_menu_social_hover_links_color":"","ocean_disable_title":"default","ocean_disable_heading":"default","ocean_post_title":"","ocean_post_subheading":"","ocean_post_title_style":"","ocean_post_title_background_color":"","ocean_post_title_background":0,"ocean_post_title_bg_image_position":"","ocean_post_title_bg_image_attachment":"","ocean_post_title_bg_image_repeat":"","ocean_post_title_bg_image_size":"","ocean_post_title_height":0,"ocean_post_title_bg_overlay":0.5,"ocean_post_title_bg_overlay_color":"","ocean_disable_breadcrumbs":"default","ocean_breadcrumbs_color":"","ocean_breadcrumbs_separator_color":"","ocean_breadcrumbs_links_color":"","ocean_breadcrumbs_links_hover_color":"","ocean_display_footer_widgets":"default","ocean_display_footer_bottom":"default","ocean_custom_footer_template":"0"},"product_brand":[],"product_cat":[100,429,460,461],"product_tag":[388,389,390,391,1448,1449],"class_list":{"0":"post-5782","1":"product","2":"type-product","3":"status-publish","4":"has-post-thumbnail","6":"product_cat-opel-cd70-vdo-dayton","7":"product_cat-land-rover","8":"product_cat-mk1-mk2-mk3-mk4-navigation-cd","9":"product_cat-vdo-dayton-bj-1999-2004","10":"product_tag-bmw-mk1","11":"product_tag-bmw-mk2","12":"product_tag-bmw-mk3","13":"product_tag-bmw-mk4","14":"product_tag-deutschland-2014-2015","15":"product_tag-opl-cd70-navi","17":"entry","18":"has-media","20":"first","21":"instock","22":"purchasable","23":"product-type-simple","24":"col","25":"span_1_of_4","26":"owp-content-center","27":"item-entry","28":"owp-thumbs-layout-horizontal","29":"owp-btn-normal","30":"owp-tabs-layout-horizontal","31":"has-no-thumbnails"},"yoast_head":"<!-- This site is optimized with the Yoast SEO plugin v27.4 - https:\/\/yoast.com\/product\/yoast-seo-wordpress\/ -->\n<title>HERE Navigation CD Deutschland 2014\/2015 CD70 Navi MK1-4<\/title>\n<meta name=\"description\" content=\"Original Navigations-CD von HERE geeignet f\u00fcr verschiedene Navi-Systeme wie Opel CD70 Navi oder BMW MK1 MK2 MK3 MK4. Detailkarten Deutschland von 2014\/2015.\" \/>\n<meta name=\"robots\" content=\"index, follow, max-snippet:-1, max-image-preview:large, max-video-preview:-1\" \/>\n<link rel=\"canonical\" href=\"https:\/\/www.navi-express.com\/en\/shop\/opel\/opel-cd70-vdo-dayton\/here-navi-cd-deutschland-2014-2015-opel-cd70-bmw-mk1-mk2-mk3-mk4\/\" \/>\n<meta property=\"og:locale\" content=\"en_US\" \/>\n<meta property=\"og:type\" content=\"article\" \/>\n<meta property=\"og:title\" content=\"HERE Navigation CD Deutschland 2014\/2015 CD70 Navi MK1-4\" \/>\n<meta property=\"og:description\" content=\"Original Navigations-CD von HERE geeignet f\u00fcr verschiedene Navi-Systeme wie Opel CD70 Navi oder BMW MK1 MK2 MK3 MK4. Detailkarten Deutschland von 2014\/2015.\" \/>\n<meta property=\"og:url\" content=\"https:\/\/www.navi-express.com\/en\/shop\/opel\/opel-cd70-vdo-dayton\/here-navi-cd-deutschland-2014-2015-opel-cd70-bmw-mk1-mk2-mk3-mk4\/\" \/>\n<meta property=\"og:site_name\" content=\"Navi-Express\" \/>\n<meta property=\"article:modified_time\" content=\"2025-12-11T09:26:39+00:00\" \/>\n<meta property=\"og:image\" content=\"https:\/\/www.navi-express.com\/wp-content\/uploads\/2025\/12\/HERE-Navi-CD-Deutschland-2014-2015-scaled.jpg\" \/>\n\t<meta property=\"og:image:width\" content=\"2560\" \/>\n\t<meta property=\"og:image:height\" content=\"1920\" \/>\n\t<meta property=\"og:image:type\" content=\"image\/jpeg\" \/>\n<meta name=\"twitter:card\" content=\"summary_large_image\" \/>\n<meta name=\"twitter:label1\" content=\"Est. reading time\" \/>\n\t<meta name=\"twitter:data1\" content=\"2 minutes\" \/>\n<script type=\"application\/ld+json\" class=\"yoast-schema-graph\">{\"@context\":\"https:\\\/\\\/schema.org\",\"@graph\":[{\"@type\":\"WebPage\",\"@id\":\"https:\\\/\\\/www.navi-express.com\\\/shop\\\/opel\\\/opel-cd70-vdo-dayton\\\/here-navi-cd-deutschland-2014-2015-opel-cd70-bmw-mk1-mk2-mk3-mk4\\\/\",\"url\":\"https:\\\/\\\/www.navi-express.com\\\/shop\\\/opel\\\/opel-cd70-vdo-dayton\\\/here-navi-cd-deutschland-2014-2015-opel-cd70-bmw-mk1-mk2-mk3-mk4\\\/\",\"name\":\"HERE Navigation CD Deutschland 2014\\\/2015 CD70 Navi MK1-4\",\"isPartOf\":{\"@id\":\"https:\\\/\\\/www.navi-express.com\\\/#website\"},\"primaryImageOfPage\":{\"@id\":\"https:\\\/\\\/www.navi-express.com\\\/shop\\\/opel\\\/opel-cd70-vdo-dayton\\\/here-navi-cd-deutschland-2014-2015-opel-cd70-bmw-mk1-mk2-mk3-mk4\\\/#primaryimage\"},\"image\":{\"@id\":\"https:\\\/\\\/www.navi-express.com\\\/shop\\\/opel\\\/opel-cd70-vdo-dayton\\\/here-navi-cd-deutschland-2014-2015-opel-cd70-bmw-mk1-mk2-mk3-mk4\\\/#primaryimage\"},\"thumbnailUrl\":\"https:\\\/\\\/www.navi-express.com\\\/wp-content\\\/uploads\\\/2025\\\/12\\\/HERE-Navi-CD-Deutschland-2014-2015-scaled.jpg\",\"datePublished\":\"2025-12-11T09:22:38+00:00\",\"dateModified\":\"2025-12-11T09:26:39+00:00\",\"description\":\"Original Navigations-CD von HERE geeignet f\u00fcr verschiedene Navi-Systeme wie Opel CD70 Navi oder BMW MK1 MK2 MK3 MK4. Detailkarten Deutschland von 2014\\\/2015.\",\"breadcrumb\":{\"@id\":\"https:\\\/\\\/www.navi-express.com\\\/shop\\\/opel\\\/opel-cd70-vdo-dayton\\\/here-navi-cd-deutschland-2014-2015-opel-cd70-bmw-mk1-mk2-mk3-mk4\\\/#breadcrumb\"},\"inLanguage\":\"en-US\",\"potentialAction\":[{\"@type\":\"ReadAction\",\"target\":[\"https:\\\/\\\/www.navi-express.com\\\/shop\\\/opel\\\/opel-cd70-vdo-dayton\\\/here-navi-cd-deutschland-2014-2015-opel-cd70-bmw-mk1-mk2-mk3-mk4\\\/\"]}]},{\"@type\":\"ImageObject\",\"inLanguage\":\"en-US\",\"@id\":\"https:\\\/\\\/www.navi-express.com\\\/shop\\\/opel\\\/opel-cd70-vdo-dayton\\\/here-navi-cd-deutschland-2014-2015-opel-cd70-bmw-mk1-mk2-mk3-mk4\\\/#primaryimage\",\"url\":\"https:\\\/\\\/www.navi-express.com\\\/wp-content\\\/uploads\\\/2025\\\/12\\\/HERE-Navi-CD-Deutschland-2014-2015-scaled.jpg\",\"contentUrl\":\"https:\\\/\\\/www.navi-express.com\\\/wp-content\\\/uploads\\\/2025\\\/12\\\/HERE-Navi-CD-Deutschland-2014-2015-scaled.jpg\",\"width\":2560,\"height\":1920},{\"@type\":\"BreadcrumbList\",\"@id\":\"https:\\\/\\\/www.navi-express.com\\\/shop\\\/opel\\\/opel-cd70-vdo-dayton\\\/here-navi-cd-deutschland-2014-2015-opel-cd70-bmw-mk1-mk2-mk3-mk4\\\/#breadcrumb\",\"itemListElement\":[{\"@type\":\"ListItem\",\"position\":1,\"name\":\"Startseite\",\"item\":\"https:\\\/\\\/www.navi-express.com\\\/\"},{\"@type\":\"ListItem\",\"position\":2,\"name\":\"Shop\",\"item\":\"https:\\\/\\\/www.navi-express.com\\\/shop\\\/\"},{\"@type\":\"ListItem\",\"position\":3,\"name\":\"HERE Navi CD Deutschland 2014\\\/2015 Opel CD70 BMW MK1 MK2 MK3 MK4\"}]},{\"@type\":\"WebSite\",\"@id\":\"https:\\\/\\\/www.navi-express.com\\\/#website\",\"url\":\"https:\\\/\\\/www.navi-express.com\\\/\",\"name\":\"Navi-Express\",\"description\":\"Ihr Experte f\u00fcr Navigation\",\"publisher\":{\"@id\":\"https:\\\/\\\/www.navi-express.com\\\/#organization\"},\"alternateName\":\"NE\",\"potentialAction\":[{\"@type\":\"SearchAction\",\"target\":{\"@type\":\"EntryPoint\",\"urlTemplate\":\"https:\\\/\\\/www.navi-express.com\\\/?s={search_term_string}\"},\"query-input\":{\"@type\":\"PropertyValueSpecification\",\"valueRequired\":true,\"valueName\":\"search_term_string\"}}],\"inLanguage\":\"en-US\"},{\"@type\":\"Organization\",\"@id\":\"https:\\\/\\\/www.navi-express.com\\\/#organization\",\"name\":\"Navi-Express\",\"alternateName\":\"NE\",\"url\":\"https:\\\/\\\/www.navi-express.com\\\/\",\"logo\":{\"@type\":\"ImageObject\",\"inLanguage\":\"en-US\",\"@id\":\"https:\\\/\\\/www.navi-express.com\\\/#\\\/schema\\\/logo\\\/image\\\/\",\"url\":\"https:\\\/\\\/www.navi-express.com\\\/wp-content\\\/uploads\\\/2019\\\/03\\\/cropped-logo-transpbearb-1.png\",\"contentUrl\":\"https:\\\/\\\/www.navi-express.com\\\/wp-content\\\/uploads\\\/2019\\\/03\\\/cropped-logo-transpbearb-1.png\",\"width\":512,\"height\":512,\"caption\":\"Navi-Express\"},\"image\":{\"@id\":\"https:\\\/\\\/www.navi-express.com\\\/#\\\/schema\\\/logo\\\/image\\\/\"}}]}<\/script>\n<!-- \/ Yoast SEO plugin. -->","yoast_head_json":{"title":"HERE Navigation CD Deutschland 2014\/2015 CD70 Navi MK1-4","description":"Original Navigations-CD von HERE geeignet f\u00fcr verschiedene Navi-Systeme wie Opel CD70 Navi oder BMW MK1 MK2 MK3 MK4. Detailkarten Deutschland von 2014\/2015.","robots":{"index":"index","follow":"follow","max-snippet":"max-snippet:-1","max-image-preview":"max-image-preview:large","max-video-preview":"max-video-preview:-1"},"canonical":"https:\/\/www.navi-express.com\/en\/shop\/opel\/opel-cd70-vdo-dayton\/here-navi-cd-deutschland-2014-2015-opel-cd70-bmw-mk1-mk2-mk3-mk4\/","og_locale":"en_US","og_type":"article","og_title":"HERE Navigation CD Deutschland 2014\/2015 CD70 Navi MK1-4","og_description":"Original Navigations-CD von HERE geeignet f\u00fcr verschiedene Navi-Systeme wie Opel CD70 Navi oder BMW MK1 MK2 MK3 MK4. Detailkarten Deutschland von 2014\/2015.","og_url":"https:\/\/www.navi-express.com\/en\/shop\/opel\/opel-cd70-vdo-dayton\/here-navi-cd-deutschland-2014-2015-opel-cd70-bmw-mk1-mk2-mk3-mk4\/","og_site_name":"Navi-Express","article_modified_time":"2025-12-11T09:26:39+00:00","og_image":[{"width":2560,"height":1920,"url":"https:\/\/www.navi-express.com\/wp-content\/uploads\/2025\/12\/HERE-Navi-CD-Deutschland-2014-2015-scaled.jpg","type":"image\/jpeg"}],"twitter_card":"summary_large_image","twitter_misc":{"Est. reading time":"2 minutes"},"schema":{"@context":"https:\/\/schema.org","@graph":[{"@type":"WebPage","@id":"https:\/\/www.navi-express.com\/shop\/opel\/opel-cd70-vdo-dayton\/here-navi-cd-deutschland-2014-2015-opel-cd70-bmw-mk1-mk2-mk3-mk4\/","url":"https:\/\/www.navi-express.com\/shop\/opel\/opel-cd70-vdo-dayton\/here-navi-cd-deutschland-2014-2015-opel-cd70-bmw-mk1-mk2-mk3-mk4\/","name":"HERE Navigation CD Deutschland 2014\/2015 CD70 Navi MK1-4","isPartOf":{"@id":"https:\/\/www.navi-express.com\/#website"},"primaryImageOfPage":{"@id":"https:\/\/www.navi-express.com\/shop\/opel\/opel-cd70-vdo-dayton\/here-navi-cd-deutschland-2014-2015-opel-cd70-bmw-mk1-mk2-mk3-mk4\/#primaryimage"},"image":{"@id":"https:\/\/www.navi-express.com\/shop\/opel\/opel-cd70-vdo-dayton\/here-navi-cd-deutschland-2014-2015-opel-cd70-bmw-mk1-mk2-mk3-mk4\/#primaryimage"},"thumbnailUrl":"https:\/\/www.navi-express.com\/wp-content\/uploads\/2025\/12\/HERE-Navi-CD-Deutschland-2014-2015-scaled.jpg","datePublished":"2025-12-11T09:22:38+00:00","dateModified":"2025-12-11T09:26:39+00:00","description":"Original Navigations-CD von HERE geeignet f\u00fcr verschiedene Navi-Systeme wie Opel CD70 Navi oder BMW MK1 MK2 MK3 MK4. Detailkarten Deutschland von 2014\/2015.","breadcrumb":{"@id":"https:\/\/www.navi-express.com\/shop\/opel\/opel-cd70-vdo-dayton\/here-navi-cd-deutschland-2014-2015-opel-cd70-bmw-mk1-mk2-mk3-mk4\/#breadcrumb"},"inLanguage":"en-US","potentialAction":[{"@type":"ReadAction","target":["https:\/\/www.navi-express.com\/shop\/opel\/opel-cd70-vdo-dayton\/here-navi-cd-deutschland-2014-2015-opel-cd70-bmw-mk1-mk2-mk3-mk4\/"]}]},{"@type":"ImageObject","inLanguage":"en-US","@id":"https:\/\/www.navi-express.com\/shop\/opel\/opel-cd70-vdo-dayton\/here-navi-cd-deutschland-2014-2015-opel-cd70-bmw-mk1-mk2-mk3-mk4\/#primaryimage","url":"https:\/\/www.navi-express.com\/wp-content\/uploads\/2025\/12\/HERE-Navi-CD-Deutschland-2014-2015-scaled.jpg","contentUrl":"https:\/\/www.navi-express.com\/wp-content\/uploads\/2025\/12\/HERE-Navi-CD-Deutschland-2014-2015-scaled.jpg","width":2560,"height":1920},{"@type":"BreadcrumbList","@id":"https:\/\/www.navi-express.com\/shop\/opel\/opel-cd70-vdo-dayton\/here-navi-cd-deutschland-2014-2015-opel-cd70-bmw-mk1-mk2-mk3-mk4\/#breadcrumb","itemListElement":[{"@type":"ListItem","position":1,"name":"Startseite","item":"https:\/\/www.navi-express.com\/"},{"@type":"ListItem","position":2,"name":"Shop","item":"https:\/\/www.navi-express.com\/shop\/"},{"@type":"ListItem","position":3,"name":"HERE Navi CD Deutschland 2014\/2015 Opel CD70 BMW MK1 MK2 MK3 MK4"}]},{"@type":"WebSite","@id":"https:\/\/www.navi-express.com\/#website","url":"https:\/\/www.navi-express.com\/","name":"Navi-Express","description":"Ihr Experte f\u00fcr Navigation","publisher":{"@id":"https:\/\/www.navi-express.com\/#organization"},"alternateName":"NE","potentialAction":[{"@type":"SearchAction","target":{"@type":"EntryPoint","urlTemplate":"https:\/\/www.navi-express.com\/?s={search_term_string}"},"query-input":{"@type":"PropertyValueSpecification","valueRequired":true,"valueName":"search_term_string"}}],"inLanguage":"en-US"},{"@type":"Organization","@id":"https:\/\/www.navi-express.com\/#organization","name":"Navi-Express","alternateName":"NE","url":"https:\/\/www.navi-express.com\/","logo":{"@type":"ImageObject","inLanguage":"en-US","@id":"https:\/\/www.navi-express.com\/#\/schema\/logo\/image\/","url":"https:\/\/www.navi-express.com\/wp-content\/uploads\/2019\/03\/cropped-logo-transpbearb-1.png","contentUrl":"https:\/\/www.navi-express.com\/wp-content\/uploads\/2019\/03\/cropped-logo-transpbearb-1.png","width":512,"height":512,"caption":"Navi-Express"},"image":{"@id":"https:\/\/www.navi-express.com\/#\/schema\/logo\/image\/"}}]}},"_links":{"self":[{"href":"https:\/\/www.navi-express.com\/en\/wp-json\/wp\/v2\/product\/5782","targetHints":{"allow":["GET"]}}],"collection":[{"href":"https:\/\/www.navi-express.com\/en\/wp-json\/wp\/v2\/product"}],"about":[{"href":"https:\/\/www.navi-express.com\/en\/wp-json\/wp\/v2\/types\/product"}],"wp:featuredmedia":[{"embeddable":true,"href":"https:\/\/www.navi-express.com\/en\/wp-json\/wp\/v2\/media\/5783"}],"wp:attachment":[{"href":"https:\/\/www.navi-express.com\/en\/wp-json\/wp\/v2\/media?parent=5782"}],"wp:term":[{"taxonomy":"product_brand","embeddable":true,"href":"https:\/\/www.navi-express.com\/en\/wp-json\/wp\/v2\/product_brand?post=5782"},{"taxonomy":"product_cat","embeddable":true,"href":"https:\/\/www.navi-express.com\/en\/wp-json\/wp\/v2\/product_cat?post=5782"},{"taxonomy":"product_tag","embeddable":true,"href":"https:\/\/www.navi-express.com\/en\/wp-json\/wp\/v2\/product_tag?post=5782"}],"curies":[{"name":"wp","href":"https:\/\/api.w.org\/{rel}","templated":true}]}}