{"id":5807,"date":"2025-12-15T09:00:28","date_gmt":"2025-12-15T08:00:28","guid":{"rendered":"https:\/\/www.navi-express.com\/?post_type=product&#038;p=5807"},"modified":"2026-04-16T12:38:59","modified_gmt":"2026-04-16T10:38:59","slug":"apple-airtag-1-stueck-tracker-ortungsgeraet-neu-original-mx532zm-a","status":"publish","type":"product","link":"https:\/\/www.navi-express.com\/en\/shop\/apple\/apple-airtag-1-stueck-tracker-ortungsgeraet-neu-original-mx532zm-a\/","title":{"rendered":"APPLE AIRTAG 1. GENERATION 1 ST\u00dcCK WEI\u00df NEU ORIGINAL"},"content":{"rendered":"<p>&nbsp;<\/p>\n<p style=\"font-weight: 400;\"><span style=\"color: #000000;\"><strong>Originaler und Neuer Apple AirTag (1. Generation) Tracker Ortungsger\u00e4t <\/strong><\/span><span style=\"color: #000000;\"><strong>(Ohne OVP, ist aus dem 4er Set)<\/strong><\/span><\/p>\n<p style=\"font-weight: 400;\"><span style=\"color: #000000;\"><strong>Der AirTag ist eine super einfache Art, deine Sachen im Blick zu behalten !<\/strong><\/span><\/p>\n<p style=\"font-weight: 400;\"><span style=\"color: #000000;\"><strong>Befestigen oder bringen Sie diesen unter am Schl\u00fcssel, Brieftasche, Fahrrad, Auto, Haustier oder auch im Rucksack.<\/strong><\/span><\/p>\n<p style=\"font-weight: 400;\"><span style=\"color: #000000;\"><strong>Und schon sind Sie in der &#8222;Wo ist?&#8220; App auf deinem Radar, wo du auch deine Apple Ger\u00e4te finden und mit deinen Freunden\/Freundinnen und deiner Familie in Verbindung bleiben kannst.<\/strong><\/span><\/p>\n<p style=\"font-weight: 400;\"><span style=\"color: #000000;\"><strong>Mit iOS 18 kannst du sogar den AirTag mit bis zu f\u00fcnf anderen Personen teilen.<\/strong><\/span><\/p>\n<p style=\"font-weight: 400;\"><span style=\"color: #000000;\"><strong>Lass einen Ton \u00fcber den integrierten Laut\u00adsprecher abspielen, indem du in der \u201eWo\u00a0ist?\u201c App einfach auf den neuen Tab \u201eObjekte\u201c gehst, oder sag \u201eHey Siri, wo ist meine Brief\u00ad\u00adtasche?\u201c. Wenn sie in der N\u00e4he ist \u2013 etwa unter der Couch oder im Zimmer nebenan\u00a0\u2013 dann folge dem Ton und schon hast du sie wieder.<\/strong><\/span><\/p>\n<p style=\"font-weight: 400;\"><span style=\"color: #000000;\"><strong>Wenn dein AirTag in der N\u00e4he ist, kann dein iPhone dich mit der Genauen Suche direkt zu ihm f\u00fchren (1)\u00a0Durch die Ultra\u00adbreitband-Technologie siehst du dabei die Entfernung zu deinem AirTag und die Richtung, in die du gehen musst.<\/strong><\/span><\/p>\n<p style=\"font-weight: 400;\"><span style=\"color: #000000;\">(zu 1) das Feature &#8222;Genaue Suche&#8220; ist kompatibel mit dem iPhone 11, 11 Pro, 11 Pro Max, 12 , 12 mini , 12 Pro , 12 Pro Max , 13 , 13 mini , 13 Pro , 13 Pro Max , 14 , 14 Plus , 14 Pro , 14 Pro Max , 15 , 15 Plus , 15 Pro und 15 Pro Max<\/span><\/p>\n<p>&nbsp;<\/p>\n<p style=\"font-weight: 400;\"><span style=\"color: #000000;\"><strong>Funktionsweise:\u00a0<\/strong><\/span><\/p>\n<p><span style=\"color: #000000;\">Der Apple AirTag ist ein kleines, rundes Ger\u00e4t, das \u00fcber Bluetooth mit Ihrem iPhone kommuniziert. Wenn sich der AirTag in der N\u00e4he Ihres Ger\u00e4ts befindet, k\u00f6nnen Sie ihn in der &#8222;Wo ist?&#8220;-App sehen und seinen genauen Standort herausfinden. Falls der AirTag weiter entfernt ist, k\u00f6nnen andere Apple-Ger\u00e4te im &#8222;Find My&#8220;-Netzwerk den Standort anonym an Sie \u00fcbermitteln.<\/span><\/p>\n<p><span style=\"color: #000000;\"><strong>Einrichtung:<\/strong><\/span><\/p>\n<ol>\n<li><span style=\"color: #000000;\">Bevor es los geht, bitte Ihr iPhone auf den neuesten iOS Stand updaten<\/span><\/li>\n<li><span style=\"color: #000000;\">Bluetooth und \u201eWo ist?\u201c m\u00fcssen aktiviert sein und das iPhone ben\u00f6tigt eine Internetverbindung \u00fcber WLAN oder das Mobile Datennetz.<\/span><\/li>\n<li><span style=\"color: #000000;\">Entfernen Sie die Schutzfolie am Apple AirTag<\/span><\/li>\n<li><span style=\"color: #000000;\">Halten oder legen Sie den Apple AirTag neben Ihr iPhone<\/span><\/li>\n<li><span style=\"color: #000000;\">Ihr iPhone sollte nun eine Benachrichtigung automatisch \u00f6ffnen<\/span><\/li>\n<li><span style=\"color: #000000;\">Folgen Sie die auf dem Bildschirm eingeblendeten Schritte, um die Einrichtung abzuschlie\u00dfen<\/span><\/li>\n<li><span style=\"color: #000000;\">Nachdem die Konfigurierung abgeschlossen ist, k\u00f6nnen Sie den AirTag an Ihrem gew\u00fcnschten Gegenstand befestigen<\/span><\/li>\n<li><span style=\"color: #000000;\">\u00dcber die \u201eWo ist?\u201c App k\u00f6nnen Sie dann Ihren AirTag suchen<\/span><\/li>\n<\/ol>\n<p><span style=\"color: #000000;\"><strong>Reichweite:\u00a0<\/strong><\/span><\/p>\n<p><span style=\"color: #000000;\">Die direkte Bluetooth-Reichweite betr\u00e4gt etwa 10 bis 30 Meter. Doch der wahre Vorteil des AirTags liegt im weltweiten &#8222;Find My&#8220;-Netzwerk. Es besteht aus Millionen von Apple-Ger\u00e4ten, die automatisch helfen k\u00f6nnen, den Standort Ihres AirTags zu \u00fcbermitteln, auch wenn Sie sich nicht in der N\u00e4he befinden.<\/span><\/p>\n<p><span style=\"color: #000000;\"><strong>Voraussetzungen:<\/strong><\/span><\/p>\n<ul>\n<li><span style=\"color: #000000;\">Sie ben\u00f6tigen ein Apple-Ger\u00e4t (iPhone) mit mindestens iOS 14.5.<\/span><\/li>\n<li><span style=\"color: #000000;\">Der AirTag muss mit Ihrer Apple-ID verkn\u00fcpft werden.<\/span><\/li>\n<li><span style=\"color: #000000;\">Bluetooth und Standortdienste m\u00fcssen auf Ihrem Ger\u00e4t aktiviert sein.<\/span><\/li>\n<\/ul>\n<p>&nbsp;<\/p>\n<p><span style=\"color: #000000;\"><strong>Vorteile:\u00a0<\/strong><\/span><\/p>\n<ul>\n<li><span style=\"color: #000000;\">Einfache Einrichtung und Nutzung, speziell f\u00fcr Apple-Nutzer (einmal tippen reicht, um dein AirTag mit deinem iPhone zu koppeln)<\/span><\/li>\n<li><span style=\"color: #000000;\">Sehr genaues Auffinden im Nahbereich (mit der \u201eGenaue Suche\u201c-Funktion).<\/span><\/li>\n<li><span style=\"color: #000000;\">Keine monatlichen Abonnementkosten.<\/span><\/li>\n<li><span style=\"color: #000000;\">Weltweites &#8222;Find My&#8220;-Netzwerk zur Standortermittlung.<\/span><\/li>\n<\/ul>\n<p>&nbsp;<\/p>\n<p><span style=\"color: #000000;\"><strong>Nachteile:\u00a0<\/strong><\/span><\/p>\n<ul>\n<li><span style=\"color: #000000;\">Funktioniert nur mit Apple-Ger\u00e4ten.<\/span><\/li>\n<li><span style=\"color: #000000;\">Keine direkte GPS-Ortung, sondern abh\u00e4ngig von anderen Apple-Ger\u00e4ten in der N\u00e4he.<\/span><\/li>\n<li><span style=\"color: #000000;\">Begrenzte Reichweite, wenn kein anderes Apple-Ger\u00e4t in der N\u00e4he ist.<\/span><\/li>\n<li><span style=\"color: #000000;\">Kein Live-Tracking wenn kein anderes Apple Ger\u00e4t in der N\u00e4he ist.<\/span><\/li>\n<\/ul>\n<p>&nbsp;<\/p>\n<p style=\"font-weight: 400;\"><span style=\"color: #000000;\"><strong>Alle Infos finden Sie auch auf der offiziellen Apple Webseite\u00a0<\/strong><\/span><\/p>\n<p style=\"font-weight: 400;\"><span style=\"color: #000000;\"><strong>unter &#8222;Zubeh\u00f6r &#8211; AirTag&#8220;<\/strong><\/span><\/p>\n<p style=\"font-weight: 400;\"><span style=\"color: #000000;\"><strong>Zur Einrichtung finden auch Sie bei YouTube Videos<\/strong><\/span><\/p>\n<p>&nbsp;<\/p>\n<p><strong><span style=\"color: #000000;\">Safety and Handling \/ Gebrauchsanleitung unter:<\/span><\/strong><\/p>\n<p><strong><span style=\"color: #000000;\">https:\/\/cdsassets.apple.com\/live\/6GJYWVAV\/user\/locale\/fr-fr\/airtag-ug.pdf<\/span><\/strong><\/p>\n<p>&nbsp;<\/p>\n<p>____________________________________________________________________________________________________________________<\/p>\n<p><strong><span style=\"color: #000000;\"><u>Hersteller \/ EU verantwortliche Person:<\/u><\/span><\/strong><\/p>\n<p><strong><span style=\"color: #000000;\">Apple Distribution International Ltd.<\/span><\/strong><\/p>\n<p><strong><span style=\"color: #000000;\">Hollyhill Ln, Hollyhill Industrial Estate<\/span><\/strong><\/p>\n<p><strong><span style=\"color: #000000;\">T23YK84 Hollyhill, Cork<\/span><\/strong><\/p>\n<p><strong><span style=\"color: #000000;\">Ireland<\/span><\/strong><\/p>\n<p><strong><span style=\"color: #000000;\">Tel.: 08002000136<\/span><\/strong><\/p>\n<p><strong><span style=\"color: #000000;\">E-Mail: contactus.de@euro.apple.com<\/span><\/strong><\/p>","protected":false},"excerpt":{"rendered":"<p>&nbsp; Originaler und Neuer Apple AirTag (1. Generation) Tracker Ortungsger\u00e4t (Ohne OVP, ist aus dem 4er Set) Der AirTag ist eine super einfache Art, deine Sachen im Blick zu behalten ! Befestigen oder bringen Sie diesen unter am Schl\u00fcssel, Brieftasche, Fahrrad, Auto, Haustier oder auch im Rucksack. Und schon sind Sie in der &#8222;Wo ist?&#8220; [&hellip;]<\/p>\n","protected":false},"featured_media":6130,"template":"","meta":{"ocean_post_layout":"","ocean_both_sidebars_style":"","ocean_both_sidebars_content_width":0,"ocean_both_sidebars_sidebars_width":0,"ocean_sidebar":"0","ocean_second_sidebar":"0","ocean_disable_margins":"enable","ocean_add_body_class":"","ocean_shortcode_before_top_bar":"","ocean_shortcode_after_top_bar":"","ocean_shortcode_before_header":"","ocean_shortcode_after_header":"","ocean_has_shortcode":"","ocean_shortcode_after_title":"","ocean_shortcode_before_footer_widgets":"","ocean_shortcode_after_footer_widgets":"","ocean_shortcode_before_footer_bottom":"","ocean_shortcode_after_footer_bottom":"","ocean_display_top_bar":"default","ocean_display_header":"default","ocean_header_style":"","ocean_center_header_left_menu":"0","ocean_custom_header_template":"0","ocean_custom_logo":0,"ocean_custom_retina_logo":0,"ocean_custom_logo_max_width":0,"ocean_custom_logo_tablet_max_width":0,"ocean_custom_logo_mobile_max_width":0,"ocean_custom_logo_max_height":0,"ocean_custom_logo_tablet_max_height":0,"ocean_custom_logo_mobile_max_height":0,"ocean_header_custom_menu":"0","ocean_menu_typo_font_family":"0","ocean_menu_typo_font_subset":"","ocean_menu_typo_font_size":0,"ocean_menu_typo_font_size_tablet":0,"ocean_menu_typo_font_size_mobile":0,"ocean_menu_typo_font_size_unit":"px","ocean_menu_typo_font_weight":"","ocean_menu_typo_font_weight_tablet":"","ocean_menu_typo_font_weight_mobile":"","ocean_menu_typo_transform":"","ocean_menu_typo_transform_tablet":"","ocean_menu_typo_transform_mobile":"","ocean_menu_typo_line_height":0,"ocean_menu_typo_line_height_tablet":0,"ocean_menu_typo_line_height_mobile":0,"ocean_menu_typo_line_height_unit":"","ocean_menu_typo_spacing":0,"ocean_menu_typo_spacing_tablet":0,"ocean_menu_typo_spacing_mobile":0,"ocean_menu_typo_spacing_unit":"","ocean_menu_link_color":"","ocean_menu_link_color_hover":"","ocean_menu_link_color_active":"","ocean_menu_link_background":"","ocean_menu_link_hover_background":"","ocean_menu_link_active_background":"","ocean_menu_social_links_bg":"","ocean_menu_social_hover_links_bg":"","ocean_menu_social_links_color":"","ocean_menu_social_hover_links_color":"","ocean_disable_title":"default","ocean_disable_heading":"default","ocean_post_title":"","ocean_post_subheading":"","ocean_post_title_style":"","ocean_post_title_background_color":"","ocean_post_title_background":0,"ocean_post_title_bg_image_position":"","ocean_post_title_bg_image_attachment":"","ocean_post_title_bg_image_repeat":"","ocean_post_title_bg_image_size":"","ocean_post_title_height":0,"ocean_post_title_bg_overlay":0.5,"ocean_post_title_bg_overlay_color":"","ocean_disable_breadcrumbs":"default","ocean_breadcrumbs_color":"","ocean_breadcrumbs_separator_color":"","ocean_breadcrumbs_links_color":"","ocean_breadcrumbs_links_hover_color":"","ocean_display_footer_widgets":"default","ocean_display_footer_bottom":"default","ocean_custom_footer_template":"0"},"product_brand":[],"product_cat":[1451],"product_tag":[1455,1452,1454],"class_list":{"0":"post-5807","1":"product","2":"type-product","3":"status-publish","4":"has-post-thumbnail","6":"product_cat-apple","7":"product_tag-airtag","8":"product_tag-apple-airtag","9":"product_tag-apple-tracker","11":"entry","12":"has-media","14":"first","15":"instock","16":"sold-individually","17":"purchasable","18":"product-type-simple","19":"col","20":"span_1_of_4","21":"owp-content-center","22":"item-entry","23":"owp-thumbs-layout-horizontal","24":"owp-btn-normal","25":"owp-tabs-layout-horizontal"},"yoast_head":"<!-- This site is optimized with the Yoast SEO plugin v27.4 - https:\/\/yoast.com\/product\/yoast-seo-wordpress\/ -->\n<title>Original Apple Airtag Tracker Ortungsger\u00e4t MX532ZM\/A<\/title>\n<meta name=\"description\" content=\"Originales und Neues Apple Produkt. Apple Airtag Tracker Ortungsger\u00e4t Ortungstracker. AirTag in Verbindung mit dem iPhone. Teilenummer MX532ZM\/A\" \/>\n<meta name=\"robots\" content=\"index, follow, max-snippet:-1, max-image-preview:large, max-video-preview:-1\" \/>\n<link rel=\"canonical\" href=\"https:\/\/www.navi-express.com\/en\/shop\/apple\/apple-airtag-1-stueck-tracker-ortungsgeraet-neu-original-mx532zm-a\/\" \/>\n<meta property=\"og:locale\" content=\"en_US\" \/>\n<meta property=\"og:type\" content=\"article\" \/>\n<meta property=\"og:title\" content=\"Original Apple Airtag Tracker Ortungsger\u00e4t MX532ZM\/A\" \/>\n<meta property=\"og:description\" content=\"Originales und Neues Apple Produkt. Apple Airtag Tracker Ortungsger\u00e4t Ortungstracker. AirTag in Verbindung mit dem iPhone. Teilenummer MX532ZM\/A\" \/>\n<meta property=\"og:url\" content=\"https:\/\/www.navi-express.com\/en\/shop\/apple\/apple-airtag-1-stueck-tracker-ortungsgeraet-neu-original-mx532zm-a\/\" \/>\n<meta property=\"og:site_name\" content=\"Navi-Express\" \/>\n<meta property=\"article:modified_time\" content=\"2026-04-16T10:38:59+00:00\" \/>\n<meta property=\"og:image\" content=\"https:\/\/www.navi-express.com\/wp-content\/uploads\/2025\/12\/1-scaled.jpg\" \/>\n\t<meta property=\"og:image:width\" content=\"2016\" \/>\n\t<meta property=\"og:image:height\" content=\"2560\" \/>\n\t<meta property=\"og:image:type\" content=\"image\/jpeg\" \/>\n<meta name=\"twitter:card\" content=\"summary_large_image\" \/>\n<meta name=\"twitter:label1\" content=\"Est. reading time\" \/>\n\t<meta name=\"twitter:data1\" content=\"4 minutes\" \/>\n<script type=\"application\/ld+json\" class=\"yoast-schema-graph\">{\"@context\":\"https:\\\/\\\/schema.org\",\"@graph\":[{\"@type\":\"WebPage\",\"@id\":\"https:\\\/\\\/www.navi-express.com\\\/shop\\\/apple\\\/apple-airtag-1-stueck-tracker-ortungsgeraet-neu-original-mx532zm-a\\\/\",\"url\":\"https:\\\/\\\/www.navi-express.com\\\/shop\\\/apple\\\/apple-airtag-1-stueck-tracker-ortungsgeraet-neu-original-mx532zm-a\\\/\",\"name\":\"Original Apple Airtag Tracker Ortungsger\u00e4t MX532ZM\\\/A\",\"isPartOf\":{\"@id\":\"https:\\\/\\\/www.navi-express.com\\\/#website\"},\"primaryImageOfPage\":{\"@id\":\"https:\\\/\\\/www.navi-express.com\\\/shop\\\/apple\\\/apple-airtag-1-stueck-tracker-ortungsgeraet-neu-original-mx532zm-a\\\/#primaryimage\"},\"image\":{\"@id\":\"https:\\\/\\\/www.navi-express.com\\\/shop\\\/apple\\\/apple-airtag-1-stueck-tracker-ortungsgeraet-neu-original-mx532zm-a\\\/#primaryimage\"},\"thumbnailUrl\":\"https:\\\/\\\/www.navi-express.com\\\/wp-content\\\/uploads\\\/2025\\\/12\\\/1-scaled.jpg\",\"datePublished\":\"2025-12-15T08:00:28+00:00\",\"dateModified\":\"2026-04-16T10:38:59+00:00\",\"description\":\"Originales und Neues Apple Produkt. Apple Airtag Tracker Ortungsger\u00e4t Ortungstracker. AirTag in Verbindung mit dem iPhone. Teilenummer MX532ZM\\\/A\",\"breadcrumb\":{\"@id\":\"https:\\\/\\\/www.navi-express.com\\\/shop\\\/apple\\\/apple-airtag-1-stueck-tracker-ortungsgeraet-neu-original-mx532zm-a\\\/#breadcrumb\"},\"inLanguage\":\"en-US\",\"potentialAction\":[{\"@type\":\"ReadAction\",\"target\":[\"https:\\\/\\\/www.navi-express.com\\\/shop\\\/apple\\\/apple-airtag-1-stueck-tracker-ortungsgeraet-neu-original-mx532zm-a\\\/\"]}]},{\"@type\":\"ImageObject\",\"inLanguage\":\"en-US\",\"@id\":\"https:\\\/\\\/www.navi-express.com\\\/shop\\\/apple\\\/apple-airtag-1-stueck-tracker-ortungsgeraet-neu-original-mx532zm-a\\\/#primaryimage\",\"url\":\"https:\\\/\\\/www.navi-express.com\\\/wp-content\\\/uploads\\\/2025\\\/12\\\/1-scaled.jpg\",\"contentUrl\":\"https:\\\/\\\/www.navi-express.com\\\/wp-content\\\/uploads\\\/2025\\\/12\\\/1-scaled.jpg\",\"width\":2016,\"height\":2560,\"caption\":\"dav\"},{\"@type\":\"BreadcrumbList\",\"@id\":\"https:\\\/\\\/www.navi-express.com\\\/shop\\\/apple\\\/apple-airtag-1-stueck-tracker-ortungsgeraet-neu-original-mx532zm-a\\\/#breadcrumb\",\"itemListElement\":[{\"@type\":\"ListItem\",\"position\":1,\"name\":\"Startseite\",\"item\":\"https:\\\/\\\/www.navi-express.com\\\/\"},{\"@type\":\"ListItem\",\"position\":2,\"name\":\"Shop\",\"item\":\"https:\\\/\\\/www.navi-express.com\\\/shop\\\/\"},{\"@type\":\"ListItem\",\"position\":3,\"name\":\"APPLE AIRTAG 1. GENERATION 1 ST\u00dcCK WEI\u00df NEU ORIGINAL\"}]},{\"@type\":\"WebSite\",\"@id\":\"https:\\\/\\\/www.navi-express.com\\\/#website\",\"url\":\"https:\\\/\\\/www.navi-express.com\\\/\",\"name\":\"Navi-Express\",\"description\":\"Ihr Experte f\u00fcr Navigation\",\"publisher\":{\"@id\":\"https:\\\/\\\/www.navi-express.com\\\/#organization\"},\"alternateName\":\"NE\",\"potentialAction\":[{\"@type\":\"SearchAction\",\"target\":{\"@type\":\"EntryPoint\",\"urlTemplate\":\"https:\\\/\\\/www.navi-express.com\\\/?s={search_term_string}\"},\"query-input\":{\"@type\":\"PropertyValueSpecification\",\"valueRequired\":true,\"valueName\":\"search_term_string\"}}],\"inLanguage\":\"en-US\"},{\"@type\":\"Organization\",\"@id\":\"https:\\\/\\\/www.navi-express.com\\\/#organization\",\"name\":\"Navi-Express\",\"alternateName\":\"NE\",\"url\":\"https:\\\/\\\/www.navi-express.com\\\/\",\"logo\":{\"@type\":\"ImageObject\",\"inLanguage\":\"en-US\",\"@id\":\"https:\\\/\\\/www.navi-express.com\\\/#\\\/schema\\\/logo\\\/image\\\/\",\"url\":\"https:\\\/\\\/www.navi-express.com\\\/wp-content\\\/uploads\\\/2019\\\/03\\\/cropped-logo-transpbearb-1.png\",\"contentUrl\":\"https:\\\/\\\/www.navi-express.com\\\/wp-content\\\/uploads\\\/2019\\\/03\\\/cropped-logo-transpbearb-1.png\",\"width\":512,\"height\":512,\"caption\":\"Navi-Express\"},\"image\":{\"@id\":\"https:\\\/\\\/www.navi-express.com\\\/#\\\/schema\\\/logo\\\/image\\\/\"}}]}<\/script>\n<!-- \/ Yoast SEO plugin. -->","yoast_head_json":{"title":"Original Apple Airtag Tracker Ortungsger\u00e4t MX532ZM\/A","description":"Originales und Neues Apple Produkt. Apple Airtag Tracker Ortungsger\u00e4t Ortungstracker. AirTag in Verbindung mit dem iPhone. Teilenummer MX532ZM\/A","robots":{"index":"index","follow":"follow","max-snippet":"max-snippet:-1","max-image-preview":"max-image-preview:large","max-video-preview":"max-video-preview:-1"},"canonical":"https:\/\/www.navi-express.com\/en\/shop\/apple\/apple-airtag-1-stueck-tracker-ortungsgeraet-neu-original-mx532zm-a\/","og_locale":"en_US","og_type":"article","og_title":"Original Apple Airtag Tracker Ortungsger\u00e4t MX532ZM\/A","og_description":"Originales und Neues Apple Produkt. Apple Airtag Tracker Ortungsger\u00e4t Ortungstracker. AirTag in Verbindung mit dem iPhone. Teilenummer MX532ZM\/A","og_url":"https:\/\/www.navi-express.com\/en\/shop\/apple\/apple-airtag-1-stueck-tracker-ortungsgeraet-neu-original-mx532zm-a\/","og_site_name":"Navi-Express","article_modified_time":"2026-04-16T10:38:59+00:00","og_image":[{"width":2016,"height":2560,"url":"https:\/\/www.navi-express.com\/wp-content\/uploads\/2025\/12\/1-scaled.jpg","type":"image\/jpeg"}],"twitter_card":"summary_large_image","twitter_misc":{"Est. reading time":"4 minutes"},"schema":{"@context":"https:\/\/schema.org","@graph":[{"@type":"WebPage","@id":"https:\/\/www.navi-express.com\/shop\/apple\/apple-airtag-1-stueck-tracker-ortungsgeraet-neu-original-mx532zm-a\/","url":"https:\/\/www.navi-express.com\/shop\/apple\/apple-airtag-1-stueck-tracker-ortungsgeraet-neu-original-mx532zm-a\/","name":"Original Apple Airtag Tracker Ortungsger\u00e4t MX532ZM\/A","isPartOf":{"@id":"https:\/\/www.navi-express.com\/#website"},"primaryImageOfPage":{"@id":"https:\/\/www.navi-express.com\/shop\/apple\/apple-airtag-1-stueck-tracker-ortungsgeraet-neu-original-mx532zm-a\/#primaryimage"},"image":{"@id":"https:\/\/www.navi-express.com\/shop\/apple\/apple-airtag-1-stueck-tracker-ortungsgeraet-neu-original-mx532zm-a\/#primaryimage"},"thumbnailUrl":"https:\/\/www.navi-express.com\/wp-content\/uploads\/2025\/12\/1-scaled.jpg","datePublished":"2025-12-15T08:00:28+00:00","dateModified":"2026-04-16T10:38:59+00:00","description":"Originales und Neues Apple Produkt. Apple Airtag Tracker Ortungsger\u00e4t Ortungstracker. AirTag in Verbindung mit dem iPhone. Teilenummer MX532ZM\/A","breadcrumb":{"@id":"https:\/\/www.navi-express.com\/shop\/apple\/apple-airtag-1-stueck-tracker-ortungsgeraet-neu-original-mx532zm-a\/#breadcrumb"},"inLanguage":"en-US","potentialAction":[{"@type":"ReadAction","target":["https:\/\/www.navi-express.com\/shop\/apple\/apple-airtag-1-stueck-tracker-ortungsgeraet-neu-original-mx532zm-a\/"]}]},{"@type":"ImageObject","inLanguage":"en-US","@id":"https:\/\/www.navi-express.com\/shop\/apple\/apple-airtag-1-stueck-tracker-ortungsgeraet-neu-original-mx532zm-a\/#primaryimage","url":"https:\/\/www.navi-express.com\/wp-content\/uploads\/2025\/12\/1-scaled.jpg","contentUrl":"https:\/\/www.navi-express.com\/wp-content\/uploads\/2025\/12\/1-scaled.jpg","width":2016,"height":2560,"caption":"dav"},{"@type":"BreadcrumbList","@id":"https:\/\/www.navi-express.com\/shop\/apple\/apple-airtag-1-stueck-tracker-ortungsgeraet-neu-original-mx532zm-a\/#breadcrumb","itemListElement":[{"@type":"ListItem","position":1,"name":"Startseite","item":"https:\/\/www.navi-express.com\/"},{"@type":"ListItem","position":2,"name":"Shop","item":"https:\/\/www.navi-express.com\/shop\/"},{"@type":"ListItem","position":3,"name":"APPLE AIRTAG 1. GENERATION 1 ST\u00dcCK WEI\u00df NEU ORIGINAL"}]},{"@type":"WebSite","@id":"https:\/\/www.navi-express.com\/#website","url":"https:\/\/www.navi-express.com\/","name":"Navi-Express","description":"Ihr Experte f\u00fcr Navigation","publisher":{"@id":"https:\/\/www.navi-express.com\/#organization"},"alternateName":"NE","potentialAction":[{"@type":"SearchAction","target":{"@type":"EntryPoint","urlTemplate":"https:\/\/www.navi-express.com\/?s={search_term_string}"},"query-input":{"@type":"PropertyValueSpecification","valueRequired":true,"valueName":"search_term_string"}}],"inLanguage":"en-US"},{"@type":"Organization","@id":"https:\/\/www.navi-express.com\/#organization","name":"Navi-Express","alternateName":"NE","url":"https:\/\/www.navi-express.com\/","logo":{"@type":"ImageObject","inLanguage":"en-US","@id":"https:\/\/www.navi-express.com\/#\/schema\/logo\/image\/","url":"https:\/\/www.navi-express.com\/wp-content\/uploads\/2019\/03\/cropped-logo-transpbearb-1.png","contentUrl":"https:\/\/www.navi-express.com\/wp-content\/uploads\/2019\/03\/cropped-logo-transpbearb-1.png","width":512,"height":512,"caption":"Navi-Express"},"image":{"@id":"https:\/\/www.navi-express.com\/#\/schema\/logo\/image\/"}}]}},"_links":{"self":[{"href":"https:\/\/www.navi-express.com\/en\/wp-json\/wp\/v2\/product\/5807","targetHints":{"allow":["GET"]}}],"collection":[{"href":"https:\/\/www.navi-express.com\/en\/wp-json\/wp\/v2\/product"}],"about":[{"href":"https:\/\/www.navi-express.com\/en\/wp-json\/wp\/v2\/types\/product"}],"wp:featuredmedia":[{"embeddable":true,"href":"https:\/\/www.navi-express.com\/en\/wp-json\/wp\/v2\/media\/6130"}],"wp:attachment":[{"href":"https:\/\/www.navi-express.com\/en\/wp-json\/wp\/v2\/media?parent=5807"}],"wp:term":[{"taxonomy":"product_brand","embeddable":true,"href":"https:\/\/www.navi-express.com\/en\/wp-json\/wp\/v2\/product_brand?post=5807"},{"taxonomy":"product_cat","embeddable":true,"href":"https:\/\/www.navi-express.com\/en\/wp-json\/wp\/v2\/product_cat?post=5807"},{"taxonomy":"product_tag","embeddable":true,"href":"https:\/\/www.navi-express.com\/en\/wp-json\/wp\/v2\/product_tag?post=5807"}],"curies":[{"name":"wp","href":"https:\/\/api.w.org\/{rel}","templated":true}]}}