{"id":591,"date":"2020-08-06T11:24:33","date_gmt":"2020-08-06T09:24:33","guid":{"rendered":"https:\/\/www.navi-express.com\/?post_type=product&#038;p=591"},"modified":"2024-12-13T16:35:21","modified_gmt":"2024-12-13T15:35:21","slug":"mercedes-update-sd-karte-navigation-2020-2021-europa-audio-20-ntg5-5","status":"publish","type":"product","link":"https:\/\/www.navi-express.com\/en\/shop\/mercedes-benz\/sd-karte-mercedes-benz-audio-20-ntg-5-5\/mercedes-update-sd-karte-navigation-2020-2021-europa-audio-20-ntg5-5\/","title":{"rendered":"Mercedes Update SD Karte Navigation 2020\/2021 EUROPA AUDIO 20 NTG5.5"},"content":{"rendered":"<p><span style=\"color: #000000;\"><strong>Original + NEU + IN FOLIE VERSCHWEI\u00dfT<\/strong><\/span><\/p>\n<p><span style=\"color: #000000;\"><strong><br \/>\nMercedes-Benz\u00a0<\/strong><\/span><\/p>\n<p><span style=\"color: #000000;\"><strong>Map Update SD CARD \/ SD KARTE<\/strong><\/span><\/p>\n<p><span style=\"color: #000000;\"><strong>EUROPA 2020\/2021<\/strong><\/span><\/p>\n<p><span style=\"color: #000000;\"><strong>f\u00fcr<\/strong><\/span><\/p>\n<p><span style=\"color: #000000;\"><strong>Audio 20<\/strong><\/span><\/p>\n<p><span style=\"color: #000000;\"><strong>NTG5.5<\/strong><\/span><\/p>\n<ul>\n<li><span style=\"color: #000000;\"><strong><u>Code 357<\/u>\u00a0(vorhandene Vorr\u00fcstung + bereits aktiviertes Navi) muss vorhanden sein !<\/strong><\/span><\/li>\n<li><span style=\"color: #000000;\"><strong><u>Code 506<\/u> (Audio 20 mir gr\u00f6\u00dferem Display) muss vorhanden sein !<\/strong><\/span><\/li>\n<\/ul>\n<ul>\n<li style=\"list-style-type: none;\"><\/li>\n<\/ul>\n<ul>\n<li style=\"list-style-type: none;\"><\/li>\n<\/ul>\n<p><span style=\"color: #000000;\"><strong>Da die SD Karte Navigation nach Einschub mit der Head-Unit verheiratet wird, ist diese nicht in andere Fahrzeuge \u00fcbertragbar<\/strong><\/span><\/p>\n<p><span style=\"color: #000000;\"><strong><u>&gt;&gt; Wenn Sie sich nicht sicher sind, k\u00f6nnen Sie uns gerne (mit Angabe Ihrer FIN\/VIN)) kontaktieren\u00a0<\/u><\/strong><\/span><span style=\"color: #000000;\"><strong><u>und wir \u00fcberpr\u00fcfen die Kompatibilit\u00e4t !<\/u><\/strong><\/span><\/p>\n<p>&nbsp;<\/p>\n<p style=\"font-weight: 400;\"><span style=\"color: #000000;\"><strong><u>Baureihe C-Klasse:<\/u><\/strong><\/span><\/p>\n<p style=\"font-weight: 400;\"><span style=\"color: #000000;\"><strong>&#8211; A205 ( BJ ab 07\/2018 &#8211; &#8230; )<\/strong><\/span><\/p>\n<p style=\"font-weight: 400;\"><span style=\"color: #000000;\"><strong>&#8211; C205 ( BJ ab 07\/2018 &#8211; &#8230; )<\/strong><\/span><\/p>\n<p style=\"font-weight: 400;\"><span style=\"color: #000000;\"><strong>&#8211; S205 ( BJ ab 07\/2018 &#8211; &#8230; )<\/strong><\/span><\/p>\n<p style=\"font-weight: 400;\"><span style=\"color: #000000;\"><strong>&#8211; W205 ( BJ ab 07\/2018 &#8211; &#8230; )<\/strong><\/span><\/p>\n<p style=\"font-weight: 400;\"><span style=\"color: #000000;\"><strong><u>Baureihe E-Klasse:<\/u><\/strong><\/span><\/p>\n<p style=\"font-weight: 400;\"><span style=\"color: #000000;\"><strong>&#8211; S213 ( BJ ab 10\/2016 &#8211; &#8230; )<\/strong><\/span><\/p>\n<p style=\"font-weight: 400;\"><span style=\"color: #000000;\"><strong>&#8211; V213 ( BJ ab 09\/2016 &#8211; &#8230; )<\/strong><\/span><\/p>\n<p style=\"font-weight: 400;\"><span style=\"color: #000000;\"><strong>&#8211; W213 ( BJ ab 04\/2016 &#8211; &#8230; )<\/strong><\/span><\/p>\n<p style=\"font-weight: 400;\"><span style=\"color: #000000;\"><strong>&#8211; A238 (BJ ab 09\/2017 &#8211; &#8230;)<\/strong><\/span><\/p>\n<p style=\"font-weight: 400;\"><span style=\"color: #000000;\"><strong>&#8211; C238 (BJ ab 09\/2017 &#8211; &#8230;)<\/strong><\/span><\/p>\n<p style=\"font-weight: 400;\"><span style=\"color: #000000;\"><strong><u>Baureihe CLS:<\/u><\/strong><\/span><\/p>\n<p style=\"font-weight: 400;\"><span style=\"color: #000000;\"><strong>&#8211; C257 ( BJ ab 03\/2018 &#8211; &#8230; )<\/strong><\/span><\/p>\n<p>&nbsp;<\/p>\n<blockquote>\n<p style=\"font-weight: 400;\"><span style=\"color: #000000;\"><strong>&gt; Live Traffic geht nur wenn &#8220; ab Werk &#8220; geliefert<\/strong><\/span><\/p>\n<p style=\"font-weight: 400;\"><span style=\"color: #000000;\"><strong>&gt;&gt;&gt; Mit dieser SD Karte gilt der Dienst &#8220; Live Traffic &#8220; f\u00fcr 3 Jahre !<\/strong><\/span><\/p>\n<p style=\"font-weight: 400;\"><span style=\"color: #000000;\"><strong>( NUR m\u00f6glich, wenn Life Traffic aktiviert ist \/ gebucht wurde bei Mercedes)<\/strong><\/span><\/p>\n<\/blockquote>\n<p>&nbsp;<\/p>\n<p><span style=\"color: #000000;\"><u><strong>Verf\u00fcgbare L\u00e4nder \/ Available countries:<\/strong><\/u><\/span><\/p>\n<p style=\"font-weight: 400;\"><span style=\"color: #000000;\"><strong>Albanien, Andorra, Aserbaidschan, Belarus, Belgien, Bosnien und Herzegowina, Bulgarien, D\u00e4nemark, Deutschland, Estland, F\u00e4r\u00f6er Inseln, Finnland, Frankreich, Gibraltar, Gro\u00dfbritannien, Griechenland, Irland, Island, Israel, Italien, Kasachstan, Kosovo, Kroatien, Lettland, Liechtenstein, Litauen, Luxemburg, Mazedonien F.Y.R.O., Malta, Moldawien, Monaco, Montenegro, Niederlande, Norwegen, \u00d6sterreich, Polen, Portugal, Rum\u00e4nien, Russland, San Marino, Serbien, Slowakei, Slowenien, Spanien, Schweden, Schweiz, T\u00fcrkei , Tschechische Republik, Ukraine, Ungarn, Vatikanstaat, Zypern<\/strong><\/span><\/p>\n<p style=\"font-weight: 400;\">\n<p>____________________________________________________________________________________________________________________<\/p>\n<p><strong><span style=\"color: #000000;\"><u>Hersteller \/ EU verantwortliche Person:<\/u><\/span><\/strong><\/p>\n<p><strong><span style=\"color: #000000;\">Mercedes-Benz AG<\/span><\/strong><\/p>\n<p><strong><span style=\"color: #000000;\">Mercedesstra\u00dfe 120<\/span><\/strong><\/p>\n<p><strong><span style=\"color: #000000;\">70372 Stuttgart<\/span><\/strong><\/p>\n<p><strong><span style=\"color: #000000;\">Deutschland<\/span><\/strong><\/p>\n<p><strong><span style=\"color: #000000;\">Tel.: +49 711 17-0<\/span><\/strong><\/p>\n<p><strong><span style=\"color: #000000;\">E-Mail: dialog.mb@mercedes-benz.com<\/span><\/strong><\/p>","protected":false},"excerpt":{"rendered":"<p><span style=\"color: #000000;\"><strong>Original + NEU + IN FOLIE VERSCHWEI\u00dfT<\/strong><\/span><\/p>\n<p><span style=\"color: #000000;\"><strong>Mercedes-Benz\u00a0<\/strong><\/span><\/p>\n<p><span style=\"color: #000000;\"><strong>Map Update SD CARD \/ SD KARTE<\/strong><\/span><\/p>\n<p><span style=\"color: #000000;\"><strong>EUROPA 2020\/2021<\/strong><\/span><\/p>\n<p><span style=\"color: #000000;\"><strong>f\u00fcr<\/strong><\/span><\/p>\n<p><span style=\"color: #000000;\"><strong>Audio 20<\/strong><\/span><\/p>\n<p><span style=\"color: #000000;\"><strong>NTG5.5<\/strong><\/span><\/p>\n<ul>\n<li><span style=\"color: #000000;\"><strong><u>Code 357<\/u>\u00a0(vorhandene Vorr\u00fcstung + bereits aktiviertes Navi) muss vorhanden sein !<\/strong><\/span><\/li>\n<li><span style=\"color: #000000;\"><strong><u>Code 506<\/u> (Audio 20 mir gr\u00f6\u00dferem Display) muss vorhanden sein !<\/strong><\/span><\/li>\n<\/ul>\n<ul>\n<li style=\"list-style-type: none;\">\n<ul>\n<li><span style=\"color: #000000;\"><strong><u>NICHT GEEIGNET<\/u>\u00a0f\u00fcr Code 522 (Radio Audio 20 USB)<\/strong><\/span><\/li>\n<\/ul>\n<\/li>\n<\/ul>","protected":false},"featured_media":685,"template":"","meta":{"ocean_post_layout":"","ocean_both_sidebars_style":"","ocean_both_sidebars_content_width":0,"ocean_both_sidebars_sidebars_width":0,"ocean_sidebar":"0","ocean_second_sidebar":"0","ocean_disable_margins":"enable","ocean_add_body_class":"","ocean_shortcode_before_top_bar":"","ocean_shortcode_after_top_bar":"","ocean_shortcode_before_header":"","ocean_shortcode_after_header":"","ocean_has_shortcode":"","ocean_shortcode_after_title":"","ocean_shortcode_before_footer_widgets":"","ocean_shortcode_after_footer_widgets":"","ocean_shortcode_before_footer_bottom":"","ocean_shortcode_after_footer_bottom":"","ocean_display_top_bar":"default","ocean_display_header":"default","ocean_header_style":"","ocean_center_header_left_menu":"0","ocean_custom_header_template":"0","ocean_custom_logo":0,"ocean_custom_retina_logo":0,"ocean_custom_logo_max_width":0,"ocean_custom_logo_tablet_max_width":0,"ocean_custom_logo_mobile_max_width":0,"ocean_custom_logo_max_height":0,"ocean_custom_logo_tablet_max_height":0,"ocean_custom_logo_mobile_max_height":0,"ocean_header_custom_menu":"0","ocean_menu_typo_font_family":"0","ocean_menu_typo_font_subset":"","ocean_menu_typo_font_size":0,"ocean_menu_typo_font_size_tablet":0,"ocean_menu_typo_font_size_mobile":0,"ocean_menu_typo_font_size_unit":"px","ocean_menu_typo_font_weight":"","ocean_menu_typo_font_weight_tablet":"","ocean_menu_typo_font_weight_mobile":"","ocean_menu_typo_transform":"","ocean_menu_typo_transform_tablet":"","ocean_menu_typo_transform_mobile":"","ocean_menu_typo_line_height":0,"ocean_menu_typo_line_height_tablet":0,"ocean_menu_typo_line_height_mobile":0,"ocean_menu_typo_line_height_unit":"","ocean_menu_typo_spacing":0,"ocean_menu_typo_spacing_tablet":0,"ocean_menu_typo_spacing_mobile":0,"ocean_menu_typo_spacing_unit":"","ocean_menu_link_color":"","ocean_menu_link_color_hover":"","ocean_menu_link_color_active":"","ocean_menu_link_background":"","ocean_menu_link_hover_background":"","ocean_menu_link_active_background":"","ocean_menu_social_links_bg":"","ocean_menu_social_hover_links_bg":"","ocean_menu_social_links_color":"","ocean_menu_social_hover_links_color":"","ocean_disable_title":"default","ocean_disable_heading":"default","ocean_post_title":"","ocean_post_subheading":"","ocean_post_title_style":"","ocean_post_title_background_color":"","ocean_post_title_background":0,"ocean_post_title_bg_image_position":"","ocean_post_title_bg_image_attachment":"","ocean_post_title_bg_image_repeat":"","ocean_post_title_bg_image_size":"","ocean_post_title_height":0,"ocean_post_title_bg_overlay":0.5,"ocean_post_title_bg_overlay_color":"","ocean_disable_breadcrumbs":"default","ocean_breadcrumbs_color":"","ocean_breadcrumbs_separator_color":"","ocean_breadcrumbs_links_color":"","ocean_breadcrumbs_links_hover_color":"","ocean_display_footer_widgets":"default","ocean_display_footer_bottom":"default","ocean_custom_footer_template":"0"},"product_brand":[],"product_cat":[253],"product_tag":[188,228,225,224,227,229],"class_list":{"0":"post-591","1":"product","2":"type-product","3":"status-publish","4":"has-post-thumbnail","6":"product_cat-sd-karte-mercedes-benz-audio-20-ntg-5-5","7":"product_tag-audio-20","8":"product_tag-europa-2020","9":"product_tag-ntg-5-5","10":"product_tag-ntg5-5","11":"product_tag-schwarz","12":"product_tag-sd-karte-navigation","14":"entry","15":"has-media","17":"first","18":"outofstock","19":"purchasable","20":"product-type-simple","21":"col","22":"span_1_of_4","23":"owp-content-center","24":"item-entry","25":"owp-thumbs-layout-horizontal","26":"owp-btn-normal","27":"owp-tabs-layout-horizontal","28":"has-no-thumbnails"},"yoast_head":"<!-- This site is optimized with the Yoast SEO plugin v27.5 - https:\/\/yoast.com\/product\/yoast-seo-wordpress\/ -->\n<title>Mercedes Update SD Karte Navigation 2020\/2021 EUROPA AUDIO 20 NTG5.5 - Navi-Express<\/title>\n<meta name=\"robots\" content=\"index, follow, max-snippet:-1, max-image-preview:large, max-video-preview:-1\" \/>\n<link rel=\"canonical\" href=\"https:\/\/www.navi-express.com\/en\/shop\/mercedes-benz\/sd-karte-mercedes-benz-audio-20-ntg-5-5\/mercedes-update-sd-karte-navigation-2020-2021-europa-audio-20-ntg5-5\/\" \/>\n<meta property=\"og:locale\" content=\"en_US\" \/>\n<meta property=\"og:type\" content=\"article\" \/>\n<meta property=\"og:title\" content=\"Mercedes Update SD Karte Navigation 2020\/2021 EUROPA AUDIO 20 NTG5.5 - Navi-Express\" \/>\n<meta property=\"og:description\" content=\"Original + NEU + IN FOLIE VERSCHWEI\u00dfT  Mercedes-Benz\u00a0  Map Update SD CARD \/ SD KARTE  EUROPA 2020\/2021  f\u00fcr  Audio 20  NTG5.5   Code 357\u00a0(vorhandene Vorr\u00fcstung + bereits aktiviertes Navi) muss vorhanden sein !  Code 506 (Audio 20 mir gr\u00f6\u00dferem Display) muss vorhanden sein !       NICHT GEEIGNET\u00a0f\u00fcr Code 522 (Radio Audio 20 USB)\" \/>\n<meta property=\"og:url\" content=\"https:\/\/www.navi-express.com\/en\/shop\/mercedes-benz\/sd-karte-mercedes-benz-audio-20-ntg-5-5\/mercedes-update-sd-karte-navigation-2020-2021-europa-audio-20-ntg5-5\/\" \/>\n<meta property=\"og:site_name\" content=\"Navi-Express\" \/>\n<meta property=\"article:modified_time\" content=\"2024-12-13T15:35:21+00:00\" \/>\n<meta property=\"og:image\" content=\"https:\/\/www.navi-express.com\/wp-content\/uploads\/2021\/03\/Mercedes-SD-Karte-Navigation-2020-2021-Map-Update-1--scaled.jpg\" \/>\n\t<meta property=\"og:image:width\" content=\"1920\" \/>\n\t<meta property=\"og:image:height\" content=\"2560\" \/>\n\t<meta property=\"og:image:type\" content=\"image\/jpeg\" \/>\n<meta name=\"twitter:card\" content=\"summary_large_image\" \/>\n<meta name=\"twitter:label1\" content=\"Est. reading time\" \/>\n\t<meta name=\"twitter:data1\" content=\"2 minutes\" \/>\n<script type=\"application\/ld+json\" class=\"yoast-schema-graph\">{\"@context\":\"https:\\\/\\\/schema.org\",\"@graph\":[{\"@type\":\"WebPage\",\"@id\":\"https:\\\/\\\/www.navi-express.com\\\/shop\\\/mercedes-benz\\\/sd-karte-mercedes-benz-audio-20-ntg-5-5\\\/mercedes-update-sd-karte-navigation-2020-2021-europa-audio-20-ntg5-5\\\/\",\"url\":\"https:\\\/\\\/www.navi-express.com\\\/shop\\\/mercedes-benz\\\/sd-karte-mercedes-benz-audio-20-ntg-5-5\\\/mercedes-update-sd-karte-navigation-2020-2021-europa-audio-20-ntg5-5\\\/\",\"name\":\"Mercedes Update SD Karte Navigation 2020\\\/2021 EUROPA AUDIO 20 NTG5.5 - Navi-Express\",\"isPartOf\":{\"@id\":\"https:\\\/\\\/www.navi-express.com\\\/#website\"},\"primaryImageOfPage\":{\"@id\":\"https:\\\/\\\/www.navi-express.com\\\/shop\\\/mercedes-benz\\\/sd-karte-mercedes-benz-audio-20-ntg-5-5\\\/mercedes-update-sd-karte-navigation-2020-2021-europa-audio-20-ntg5-5\\\/#primaryimage\"},\"image\":{\"@id\":\"https:\\\/\\\/www.navi-express.com\\\/shop\\\/mercedes-benz\\\/sd-karte-mercedes-benz-audio-20-ntg-5-5\\\/mercedes-update-sd-karte-navigation-2020-2021-europa-audio-20-ntg5-5\\\/#primaryimage\"},\"thumbnailUrl\":\"https:\\\/\\\/www.navi-express.com\\\/wp-content\\\/uploads\\\/2021\\\/03\\\/Mercedes-SD-Karte-Navigation-2020-2021-Map-Update-1--scaled.jpg\",\"datePublished\":\"2020-08-06T09:24:33+00:00\",\"dateModified\":\"2024-12-13T15:35:21+00:00\",\"breadcrumb\":{\"@id\":\"https:\\\/\\\/www.navi-express.com\\\/shop\\\/mercedes-benz\\\/sd-karte-mercedes-benz-audio-20-ntg-5-5\\\/mercedes-update-sd-karte-navigation-2020-2021-europa-audio-20-ntg5-5\\\/#breadcrumb\"},\"inLanguage\":\"en-US\",\"potentialAction\":[{\"@type\":\"ReadAction\",\"target\":[\"https:\\\/\\\/www.navi-express.com\\\/shop\\\/mercedes-benz\\\/sd-karte-mercedes-benz-audio-20-ntg-5-5\\\/mercedes-update-sd-karte-navigation-2020-2021-europa-audio-20-ntg5-5\\\/\"]}]},{\"@type\":\"ImageObject\",\"inLanguage\":\"en-US\",\"@id\":\"https:\\\/\\\/www.navi-express.com\\\/shop\\\/mercedes-benz\\\/sd-karte-mercedes-benz-audio-20-ntg-5-5\\\/mercedes-update-sd-karte-navigation-2020-2021-europa-audio-20-ntg5-5\\\/#primaryimage\",\"url\":\"https:\\\/\\\/www.navi-express.com\\\/wp-content\\\/uploads\\\/2021\\\/03\\\/Mercedes-SD-Karte-Navigation-2020-2021-Map-Update-1--scaled.jpg\",\"contentUrl\":\"https:\\\/\\\/www.navi-express.com\\\/wp-content\\\/uploads\\\/2021\\\/03\\\/Mercedes-SD-Karte-Navigation-2020-2021-Map-Update-1--scaled.jpg\",\"width\":1920,\"height\":2560,\"caption\":\"dav\"},{\"@type\":\"BreadcrumbList\",\"@id\":\"https:\\\/\\\/www.navi-express.com\\\/shop\\\/mercedes-benz\\\/sd-karte-mercedes-benz-audio-20-ntg-5-5\\\/mercedes-update-sd-karte-navigation-2020-2021-europa-audio-20-ntg5-5\\\/#breadcrumb\",\"itemListElement\":[{\"@type\":\"ListItem\",\"position\":1,\"name\":\"Startseite\",\"item\":\"https:\\\/\\\/www.navi-express.com\\\/\"},{\"@type\":\"ListItem\",\"position\":2,\"name\":\"Shop\",\"item\":\"https:\\\/\\\/www.navi-express.com\\\/shop\\\/\"},{\"@type\":\"ListItem\",\"position\":3,\"name\":\"Mercedes Update SD Karte Navigation 2020\\\/2021 EUROPA AUDIO 20 NTG5.5\"}]},{\"@type\":\"WebSite\",\"@id\":\"https:\\\/\\\/www.navi-express.com\\\/#website\",\"url\":\"https:\\\/\\\/www.navi-express.com\\\/\",\"name\":\"Navi-Express\",\"description\":\"Ihr Experte f\u00fcr Navigation\",\"publisher\":{\"@id\":\"https:\\\/\\\/www.navi-express.com\\\/#organization\"},\"alternateName\":\"NE\",\"potentialAction\":[{\"@type\":\"SearchAction\",\"target\":{\"@type\":\"EntryPoint\",\"urlTemplate\":\"https:\\\/\\\/www.navi-express.com\\\/?s={search_term_string}\"},\"query-input\":{\"@type\":\"PropertyValueSpecification\",\"valueRequired\":true,\"valueName\":\"search_term_string\"}}],\"inLanguage\":\"en-US\"},{\"@type\":\"Organization\",\"@id\":\"https:\\\/\\\/www.navi-express.com\\\/#organization\",\"name\":\"Navi-Express\",\"alternateName\":\"NE\",\"url\":\"https:\\\/\\\/www.navi-express.com\\\/\",\"logo\":{\"@type\":\"ImageObject\",\"inLanguage\":\"en-US\",\"@id\":\"https:\\\/\\\/www.navi-express.com\\\/#\\\/schema\\\/logo\\\/image\\\/\",\"url\":\"https:\\\/\\\/www.navi-express.com\\\/wp-content\\\/uploads\\\/2019\\\/03\\\/cropped-logo-transpbearb-1.png\",\"contentUrl\":\"https:\\\/\\\/www.navi-express.com\\\/wp-content\\\/uploads\\\/2019\\\/03\\\/cropped-logo-transpbearb-1.png\",\"width\":512,\"height\":512,\"caption\":\"Navi-Express\"},\"image\":{\"@id\":\"https:\\\/\\\/www.navi-express.com\\\/#\\\/schema\\\/logo\\\/image\\\/\"}}]}<\/script>\n<!-- \/ Yoast SEO plugin. -->","yoast_head_json":{"title":"Mercedes Update SD Karte Navigation 2020\/2021 EUROPA AUDIO 20 NTG5.5 - Navi-Express","robots":{"index":"index","follow":"follow","max-snippet":"max-snippet:-1","max-image-preview":"max-image-preview:large","max-video-preview":"max-video-preview:-1"},"canonical":"https:\/\/www.navi-express.com\/en\/shop\/mercedes-benz\/sd-karte-mercedes-benz-audio-20-ntg-5-5\/mercedes-update-sd-karte-navigation-2020-2021-europa-audio-20-ntg5-5\/","og_locale":"en_US","og_type":"article","og_title":"Mercedes Update SD Karte Navigation 2020\/2021 EUROPA AUDIO 20 NTG5.5 - Navi-Express","og_description":"Original + NEU + IN FOLIE VERSCHWEI\u00dfT  Mercedes-Benz\u00a0  Map Update SD CARD \/ SD KARTE  EUROPA 2020\/2021  f\u00fcr  Audio 20  NTG5.5   Code 357\u00a0(vorhandene Vorr\u00fcstung + bereits aktiviertes Navi) muss vorhanden sein !  Code 506 (Audio 20 mir gr\u00f6\u00dferem Display) muss vorhanden sein !       NICHT GEEIGNET\u00a0f\u00fcr Code 522 (Radio Audio 20 USB)","og_url":"https:\/\/www.navi-express.com\/en\/shop\/mercedes-benz\/sd-karte-mercedes-benz-audio-20-ntg-5-5\/mercedes-update-sd-karte-navigation-2020-2021-europa-audio-20-ntg5-5\/","og_site_name":"Navi-Express","article_modified_time":"2024-12-13T15:35:21+00:00","og_image":[{"width":1920,"height":2560,"url":"https:\/\/www.navi-express.com\/wp-content\/uploads\/2021\/03\/Mercedes-SD-Karte-Navigation-2020-2021-Map-Update-1--scaled.jpg","type":"image\/jpeg"}],"twitter_card":"summary_large_image","twitter_misc":{"Est. reading time":"2 minutes"},"schema":{"@context":"https:\/\/schema.org","@graph":[{"@type":"WebPage","@id":"https:\/\/www.navi-express.com\/shop\/mercedes-benz\/sd-karte-mercedes-benz-audio-20-ntg-5-5\/mercedes-update-sd-karte-navigation-2020-2021-europa-audio-20-ntg5-5\/","url":"https:\/\/www.navi-express.com\/shop\/mercedes-benz\/sd-karte-mercedes-benz-audio-20-ntg-5-5\/mercedes-update-sd-karte-navigation-2020-2021-europa-audio-20-ntg5-5\/","name":"Mercedes Update SD Karte Navigation 2020\/2021 EUROPA AUDIO 20 NTG5.5 - Navi-Express","isPartOf":{"@id":"https:\/\/www.navi-express.com\/#website"},"primaryImageOfPage":{"@id":"https:\/\/www.navi-express.com\/shop\/mercedes-benz\/sd-karte-mercedes-benz-audio-20-ntg-5-5\/mercedes-update-sd-karte-navigation-2020-2021-europa-audio-20-ntg5-5\/#primaryimage"},"image":{"@id":"https:\/\/www.navi-express.com\/shop\/mercedes-benz\/sd-karte-mercedes-benz-audio-20-ntg-5-5\/mercedes-update-sd-karte-navigation-2020-2021-europa-audio-20-ntg5-5\/#primaryimage"},"thumbnailUrl":"https:\/\/www.navi-express.com\/wp-content\/uploads\/2021\/03\/Mercedes-SD-Karte-Navigation-2020-2021-Map-Update-1--scaled.jpg","datePublished":"2020-08-06T09:24:33+00:00","dateModified":"2024-12-13T15:35:21+00:00","breadcrumb":{"@id":"https:\/\/www.navi-express.com\/shop\/mercedes-benz\/sd-karte-mercedes-benz-audio-20-ntg-5-5\/mercedes-update-sd-karte-navigation-2020-2021-europa-audio-20-ntg5-5\/#breadcrumb"},"inLanguage":"en-US","potentialAction":[{"@type":"ReadAction","target":["https:\/\/www.navi-express.com\/shop\/mercedes-benz\/sd-karte-mercedes-benz-audio-20-ntg-5-5\/mercedes-update-sd-karte-navigation-2020-2021-europa-audio-20-ntg5-5\/"]}]},{"@type":"ImageObject","inLanguage":"en-US","@id":"https:\/\/www.navi-express.com\/shop\/mercedes-benz\/sd-karte-mercedes-benz-audio-20-ntg-5-5\/mercedes-update-sd-karte-navigation-2020-2021-europa-audio-20-ntg5-5\/#primaryimage","url":"https:\/\/www.navi-express.com\/wp-content\/uploads\/2021\/03\/Mercedes-SD-Karte-Navigation-2020-2021-Map-Update-1--scaled.jpg","contentUrl":"https:\/\/www.navi-express.com\/wp-content\/uploads\/2021\/03\/Mercedes-SD-Karte-Navigation-2020-2021-Map-Update-1--scaled.jpg","width":1920,"height":2560,"caption":"dav"},{"@type":"BreadcrumbList","@id":"https:\/\/www.navi-express.com\/shop\/mercedes-benz\/sd-karte-mercedes-benz-audio-20-ntg-5-5\/mercedes-update-sd-karte-navigation-2020-2021-europa-audio-20-ntg5-5\/#breadcrumb","itemListElement":[{"@type":"ListItem","position":1,"name":"Startseite","item":"https:\/\/www.navi-express.com\/"},{"@type":"ListItem","position":2,"name":"Shop","item":"https:\/\/www.navi-express.com\/shop\/"},{"@type":"ListItem","position":3,"name":"Mercedes Update SD Karte Navigation 2020\/2021 EUROPA AUDIO 20 NTG5.5"}]},{"@type":"WebSite","@id":"https:\/\/www.navi-express.com\/#website","url":"https:\/\/www.navi-express.com\/","name":"Navi-Express","description":"Ihr Experte f\u00fcr Navigation","publisher":{"@id":"https:\/\/www.navi-express.com\/#organization"},"alternateName":"NE","potentialAction":[{"@type":"SearchAction","target":{"@type":"EntryPoint","urlTemplate":"https:\/\/www.navi-express.com\/?s={search_term_string}"},"query-input":{"@type":"PropertyValueSpecification","valueRequired":true,"valueName":"search_term_string"}}],"inLanguage":"en-US"},{"@type":"Organization","@id":"https:\/\/www.navi-express.com\/#organization","name":"Navi-Express","alternateName":"NE","url":"https:\/\/www.navi-express.com\/","logo":{"@type":"ImageObject","inLanguage":"en-US","@id":"https:\/\/www.navi-express.com\/#\/schema\/logo\/image\/","url":"https:\/\/www.navi-express.com\/wp-content\/uploads\/2019\/03\/cropped-logo-transpbearb-1.png","contentUrl":"https:\/\/www.navi-express.com\/wp-content\/uploads\/2019\/03\/cropped-logo-transpbearb-1.png","width":512,"height":512,"caption":"Navi-Express"},"image":{"@id":"https:\/\/www.navi-express.com\/#\/schema\/logo\/image\/"}}]}},"_links":{"self":[{"href":"https:\/\/www.navi-express.com\/en\/wp-json\/wp\/v2\/product\/591","targetHints":{"allow":["GET"]}}],"collection":[{"href":"https:\/\/www.navi-express.com\/en\/wp-json\/wp\/v2\/product"}],"about":[{"href":"https:\/\/www.navi-express.com\/en\/wp-json\/wp\/v2\/types\/product"}],"wp:featuredmedia":[{"embeddable":true,"href":"https:\/\/www.navi-express.com\/en\/wp-json\/wp\/v2\/media\/685"}],"wp:attachment":[{"href":"https:\/\/www.navi-express.com\/en\/wp-json\/wp\/v2\/media?parent=591"}],"wp:term":[{"taxonomy":"product_brand","embeddable":true,"href":"https:\/\/www.navi-express.com\/en\/wp-json\/wp\/v2\/product_brand?post=591"},{"taxonomy":"product_cat","embeddable":true,"href":"https:\/\/www.navi-express.com\/en\/wp-json\/wp\/v2\/product_cat?post=591"},{"taxonomy":"product_tag","embeddable":true,"href":"https:\/\/www.navi-express.com\/en\/wp-json\/wp\/v2\/product_tag?post=591"}],"curies":[{"name":"wp","href":"https:\/\/api.w.org\/{rel}","templated":true}]}}