{"id":5995,"date":"2026-01-30T08:49:49","date_gmt":"2026-01-30T07:49:49","guid":{"rendered":"https:\/\/www.navi-express.com\/?post_type=product&#038;p=5995"},"modified":"2026-01-30T08:58:11","modified_gmt":"2026-01-30T07:58:11","slug":"mercedes-benz-navi-dvd-set-audio-50-aps-ntg2-5-europa-2008","status":"publish","type":"product","link":"https:\/\/www.navi-express.com\/en\/shop\/mercedes-benz\/mercedes-benz-audio-50-dvd\/mercedes-benz-navi-dvd-set-audio-50-aps-ntg2-5-europa-2008\/","title":{"rendered":"Mercedes-Benz Navi DVD Set AUDIO 50 APS NTG2.5 EUROPA 2008"},"content":{"rendered":"<p style=\"font-weight: 400;\"><span style=\"color: #000000;\"><strong>Original Mercedes-Benz Navigation DVD Set<\/strong><\/span><\/p>\n<blockquote><p><span style=\"color: #00ccff;\"><strong>Gebrauchter, funktionaler Zustand<\/strong><\/span><\/p>\n<p><span style=\"color: #00ccff;\"><strong>DVD2 mit Deutschland hat Kratzer und Risse am Innenring (funktionierte beim Test)<\/strong><\/span><\/p><\/blockquote>\n<p style=\"font-weight: 400;\"><span style=\"color: #000000;\"><strong>geeignet f\u00fcr das AUDIO 50 APS NTG2.5 (siehe Fotos)<\/strong><\/span><\/p>\n<p><span style=\"color: #000000;\"><b>Europa DVD Set mit3 DVDs von 2008 (die exakte L\u00e4nderabdeckung sehen Sie bei den Fotos)<\/b><\/span><\/p>\n<p style=\"font-weight: 400;\"><span style=\"color: #000000;\"><strong>Farbcode: t\u00fcrkis<\/strong><\/span><\/p>\n<p style=\"font-weight: 400;\"><span style=\"color: #000000;\"><strong><u>Teilenummer:<\/u><\/strong><\/span><\/p>\n<p><span style=\"color: #000000;\"><b>A171 827 38 59<\/b><\/span><\/p>\n<p style=\"font-weight: 400;\"><span style=\"color: #000000;\"><strong>Version 1.2<\/strong><\/span><\/p>\n<p>&nbsp;<\/p>\n<p style=\"font-weight: 400;\"><span style=\"color: #000000;\"><strong><u>Passend f\u00fcr folgende Mercedes Modelle mit AUDIO 50 NTG 2.5 Navi:<\/u><\/strong><\/span><\/p>\n<p style=\"text-align: left;\" align=\"center\"><strong><span style=\"color: #000000;\">A-Klasse C169 W169 mit Baujahr ab 06\/2008 &#8211; 08\/2012<\/span><\/strong><\/p>\n<p style=\"text-align: left;\" align=\"center\"><strong><span style=\"color: #000000;\">B-Klasse W245 mit Baujahr ab 06\/2008 &#8211; 10\/2011<\/span><\/strong><\/p>\n<p style=\"text-align: left;\" align=\"center\"><strong><span style=\"color: #000000;\">CLC-Klasse mit Baujahr ab 09\/2008 &#8211; 12\/2011<\/span><\/strong><\/p>\n<p style=\"text-align: left;\" align=\"center\"><strong><span style=\"color: #000000;\">CLS-Klasse C219 mit Baujahr ab 03\/2008 &#8211; 01\/2011<\/span><\/strong><\/p>\n<p style=\"text-align: left;\" align=\"center\"><strong><span style=\"color: #000000;\">E-Klasse S211 W211 mit Baujahr ab 06\/2008 &#8211; 04\/2009<\/span><\/strong><\/p>\n<p style=\"text-align: left;\" align=\"center\"><strong><span style=\"color: #000000;\">GL-Klasse X164 mit Baujahr ab 06\/2008 &#8211; 11\/2012<\/span><\/strong><\/p>\n<p style=\"text-align: left;\" align=\"center\"><strong><span style=\"color: #000000;\">M-Klasse W164 mit Baujahr ab 08\/2008 &#8211; 11\/2011<\/span><\/strong><\/p>\n<p style=\"text-align: left;\" align=\"center\"><strong><span style=\"color: #000000;\">R-Klasse W251 mit Baujahr ab 06\/2008 &#8211; 08\/2010<\/span><\/strong><\/p>\n<p style=\"text-align: left;\" align=\"center\"><strong><span style=\"color: #000000;\">SLK-Klasse R171 mit Baujahr ab 03\/2008 &#8211; 03\/2011<\/span><\/strong><\/p>\n<p style=\"text-align: left;\" align=\"center\"><strong><span style=\"color: #000000;\">Sprinter C906 mit Baujahr ab 11\/2009 &#8211; ..\/&#8230;. ?<\/span><\/strong><\/p>\n<p style=\"text-align: left;\" align=\"center\"><strong><span style=\"color: #000000;\">Vito und Viano C639 mit Baujahr ab 09\/2010 &#8211; ..\/&#8230;. ?<\/span><\/strong><\/p>\n<p>&nbsp;<\/p>\n<p>____________________________________________________________________________________________________________________<\/p>\n<p><strong><span style=\"color: #000000;\"><u>Hersteller \/ EU verantwortliche Person:<\/u><\/span><\/strong><\/p>\n<p><strong><span style=\"color: #000000;\">Mercedes-Benz AG<\/span><\/strong><\/p>\n<p><strong><span style=\"color: #000000;\">Mercedesstra\u00dfe 120<\/span><\/strong><\/p>\n<p><strong><span style=\"color: #000000;\">70372 Stuttgart<\/span><\/strong><\/p>\n<p><strong><span style=\"color: #000000;\">Deutschland<\/span><\/strong><\/p>\n<p><strong><span style=\"color: #000000;\">Tel.: +49 711 17-0<\/span><\/strong><\/p>\n<p><strong><span style=\"color: #000000;\">E-Mail: dialog.mb@mercedes-benz.com<\/span><\/strong><\/p>","protected":false},"excerpt":{"rendered":"<p>Original Mercedes-Benz Navigation DVD Set Gebrauchter, funktionaler Zustand DVD2 mit Deutschland hat Kratzer und Risse am Innenring (funktionierte beim Test) geeignet f\u00fcr das AUDIO 50 APS NTG2.5 (siehe Fotos) Europa DVD Set mit3 DVDs von 2008 (die exakte L\u00e4nderabdeckung sehen Sie bei den Fotos) Farbcode: t\u00fcrkis Teilenummer: A171 827 38 59 Version 1.2 &nbsp; Passend [&hellip;]<\/p>\n","protected":false},"featured_media":5996,"template":"","meta":{"ocean_post_layout":"","ocean_both_sidebars_style":"","ocean_both_sidebars_content_width":0,"ocean_both_sidebars_sidebars_width":0,"ocean_sidebar":"0","ocean_second_sidebar":"0","ocean_disable_margins":"enable","ocean_add_body_class":"","ocean_shortcode_before_top_bar":"","ocean_shortcode_after_top_bar":"","ocean_shortcode_before_header":"","ocean_shortcode_after_header":"","ocean_has_shortcode":"","ocean_shortcode_after_title":"","ocean_shortcode_before_footer_widgets":"","ocean_shortcode_after_footer_widgets":"","ocean_shortcode_before_footer_bottom":"","ocean_shortcode_after_footer_bottom":"","ocean_display_top_bar":"default","ocean_display_header":"default","ocean_header_style":"","ocean_center_header_left_menu":"0","ocean_custom_header_template":"0","ocean_custom_logo":0,"ocean_custom_retina_logo":0,"ocean_custom_logo_max_width":0,"ocean_custom_logo_tablet_max_width":0,"ocean_custom_logo_mobile_max_width":0,"ocean_custom_logo_max_height":0,"ocean_custom_logo_tablet_max_height":0,"ocean_custom_logo_mobile_max_height":0,"ocean_header_custom_menu":"0","ocean_menu_typo_font_family":"0","ocean_menu_typo_font_subset":"","ocean_menu_typo_font_size":0,"ocean_menu_typo_font_size_tablet":0,"ocean_menu_typo_font_size_mobile":0,"ocean_menu_typo_font_size_unit":"px","ocean_menu_typo_font_weight":"","ocean_menu_typo_font_weight_tablet":"","ocean_menu_typo_font_weight_mobile":"","ocean_menu_typo_transform":"","ocean_menu_typo_transform_tablet":"","ocean_menu_typo_transform_mobile":"","ocean_menu_typo_line_height":0,"ocean_menu_typo_line_height_tablet":0,"ocean_menu_typo_line_height_mobile":0,"ocean_menu_typo_line_height_unit":"","ocean_menu_typo_spacing":0,"ocean_menu_typo_spacing_tablet":0,"ocean_menu_typo_spacing_mobile":0,"ocean_menu_typo_spacing_unit":"","ocean_menu_link_color":"","ocean_menu_link_color_hover":"","ocean_menu_link_color_active":"","ocean_menu_link_background":"","ocean_menu_link_hover_background":"","ocean_menu_link_active_background":"","ocean_menu_social_links_bg":"","ocean_menu_social_hover_links_bg":"","ocean_menu_social_links_color":"","ocean_menu_social_hover_links_color":"","ocean_disable_title":"default","ocean_disable_heading":"default","ocean_post_title":"","ocean_post_subheading":"","ocean_post_title_style":"","ocean_post_title_background_color":"","ocean_post_title_background":0,"ocean_post_title_bg_image_position":"","ocean_post_title_bg_image_attachment":"","ocean_post_title_bg_image_repeat":"","ocean_post_title_bg_image_size":"","ocean_post_title_height":0,"ocean_post_title_bg_overlay":0.5,"ocean_post_title_bg_overlay_color":"","ocean_disable_breadcrumbs":"default","ocean_breadcrumbs_color":"","ocean_breadcrumbs_separator_color":"","ocean_breadcrumbs_links_color":"","ocean_breadcrumbs_links_hover_color":"","ocean_display_footer_widgets":"default","ocean_display_footer_bottom":"default","ocean_custom_footer_template":"0"},"product_brand":[],"product_cat":[191,591],"product_tag":[299,136,192],"class_list":{"0":"post-5995","1":"product","2":"type-product","3":"status-publish","4":"has-post-thumbnail","6":"product_cat-mercedes-benz-audio-50-dvd","7":"product_cat-audio-50-aps-ntg2-5","8":"product_tag-audio-50-aps-ntg2-5","9":"product_tag-navigation-dvd","10":"product_tag-tuerkis","12":"entry","13":"has-media","15":"first","16":"instock","17":"sold-individually","18":"purchasable","19":"product-type-simple","20":"col","21":"span_1_of_4","22":"owp-content-center","23":"item-entry","24":"owp-thumbs-layout-horizontal","25":"owp-btn-normal","26":"owp-tabs-layout-horizontal"},"yoast_head":"<!-- This site is optimized with the Yoast SEO plugin v27.6 - https:\/\/yoast.com\/product\/yoast-seo-wordpress\/ -->\n<title>Mercedes-Benz Navi DVD AUDIO 50 APS NTG2.5 Europa 2008<\/title>\n<meta name=\"description\" content=\"Original Mercedes-Benz Navigations-DVD Set geeignet f\u00fcr das Audio 50 APS NTG2.5 Navigationssystem. Detailkarten f\u00fcr Europa von 2008.\" \/>\n<meta name=\"robots\" content=\"index, follow, max-snippet:-1, max-image-preview:large, max-video-preview:-1\" \/>\n<link rel=\"canonical\" href=\"https:\/\/www.navi-express.com\/en\/shop\/mercedes-benz\/mercedes-benz-audio-50-dvd\/mercedes-benz-navi-dvd-set-audio-50-aps-ntg2-5-europa-2008\/\" \/>\n<meta property=\"og:locale\" content=\"en_US\" \/>\n<meta property=\"og:type\" content=\"article\" \/>\n<meta property=\"og:title\" content=\"Mercedes-Benz Navi DVD AUDIO 50 APS NTG2.5 Europa 2008\" \/>\n<meta property=\"og:description\" content=\"Original Mercedes-Benz Navigations-DVD Set geeignet f\u00fcr das Audio 50 APS NTG2.5 Navigationssystem. Detailkarten f\u00fcr Europa von 2008.\" \/>\n<meta property=\"og:url\" content=\"https:\/\/www.navi-express.com\/en\/shop\/mercedes-benz\/mercedes-benz-audio-50-dvd\/mercedes-benz-navi-dvd-set-audio-50-aps-ntg2-5-europa-2008\/\" \/>\n<meta property=\"og:site_name\" content=\"Navi-Express\" \/>\n<meta property=\"article:modified_time\" content=\"2026-01-30T07:58:11+00:00\" \/>\n<meta property=\"og:image\" content=\"https:\/\/www.navi-express.com\/wp-content\/uploads\/2026\/01\/MB-Audio-50-APS-NTG2.5-Europa-2008-1-scaled.jpg\" \/>\n\t<meta property=\"og:image:width\" content=\"2560\" \/>\n\t<meta property=\"og:image:height\" content=\"1920\" \/>\n\t<meta property=\"og:image:type\" content=\"image\/jpeg\" \/>\n<meta name=\"twitter:card\" content=\"summary_large_image\" \/>\n<meta name=\"twitter:label1\" content=\"Est. reading time\" \/>\n\t<meta name=\"twitter:data1\" content=\"2 minutes\" \/>\n<script type=\"application\/ld+json\" class=\"yoast-schema-graph\">{\"@context\":\"https:\\\/\\\/schema.org\",\"@graph\":[{\"@type\":\"WebPage\",\"@id\":\"https:\\\/\\\/www.navi-express.com\\\/shop\\\/mercedes-benz\\\/mercedes-benz-audio-50-dvd\\\/mercedes-benz-navi-dvd-set-audio-50-aps-ntg2-5-europa-2008\\\/\",\"url\":\"https:\\\/\\\/www.navi-express.com\\\/shop\\\/mercedes-benz\\\/mercedes-benz-audio-50-dvd\\\/mercedes-benz-navi-dvd-set-audio-50-aps-ntg2-5-europa-2008\\\/\",\"name\":\"Mercedes-Benz Navi DVD AUDIO 50 APS NTG2.5 Europa 2008\",\"isPartOf\":{\"@id\":\"https:\\\/\\\/www.navi-express.com\\\/#website\"},\"primaryImageOfPage\":{\"@id\":\"https:\\\/\\\/www.navi-express.com\\\/shop\\\/mercedes-benz\\\/mercedes-benz-audio-50-dvd\\\/mercedes-benz-navi-dvd-set-audio-50-aps-ntg2-5-europa-2008\\\/#primaryimage\"},\"image\":{\"@id\":\"https:\\\/\\\/www.navi-express.com\\\/shop\\\/mercedes-benz\\\/mercedes-benz-audio-50-dvd\\\/mercedes-benz-navi-dvd-set-audio-50-aps-ntg2-5-europa-2008\\\/#primaryimage\"},\"thumbnailUrl\":\"https:\\\/\\\/www.navi-express.com\\\/wp-content\\\/uploads\\\/2026\\\/01\\\/MB-Audio-50-APS-NTG2.5-Europa-2008-1-scaled.jpg\",\"datePublished\":\"2026-01-30T07:49:49+00:00\",\"dateModified\":\"2026-01-30T07:58:11+00:00\",\"description\":\"Original Mercedes-Benz Navigations-DVD Set geeignet f\u00fcr das Audio 50 APS NTG2.5 Navigationssystem. Detailkarten f\u00fcr Europa von 2008.\",\"breadcrumb\":{\"@id\":\"https:\\\/\\\/www.navi-express.com\\\/shop\\\/mercedes-benz\\\/mercedes-benz-audio-50-dvd\\\/mercedes-benz-navi-dvd-set-audio-50-aps-ntg2-5-europa-2008\\\/#breadcrumb\"},\"inLanguage\":\"en-US\",\"potentialAction\":[{\"@type\":\"ReadAction\",\"target\":[\"https:\\\/\\\/www.navi-express.com\\\/shop\\\/mercedes-benz\\\/mercedes-benz-audio-50-dvd\\\/mercedes-benz-navi-dvd-set-audio-50-aps-ntg2-5-europa-2008\\\/\"]}]},{\"@type\":\"ImageObject\",\"inLanguage\":\"en-US\",\"@id\":\"https:\\\/\\\/www.navi-express.com\\\/shop\\\/mercedes-benz\\\/mercedes-benz-audio-50-dvd\\\/mercedes-benz-navi-dvd-set-audio-50-aps-ntg2-5-europa-2008\\\/#primaryimage\",\"url\":\"https:\\\/\\\/www.navi-express.com\\\/wp-content\\\/uploads\\\/2026\\\/01\\\/MB-Audio-50-APS-NTG2.5-Europa-2008-1-scaled.jpg\",\"contentUrl\":\"https:\\\/\\\/www.navi-express.com\\\/wp-content\\\/uploads\\\/2026\\\/01\\\/MB-Audio-50-APS-NTG2.5-Europa-2008-1-scaled.jpg\",\"width\":2560,\"height\":1920},{\"@type\":\"BreadcrumbList\",\"@id\":\"https:\\\/\\\/www.navi-express.com\\\/shop\\\/mercedes-benz\\\/mercedes-benz-audio-50-dvd\\\/mercedes-benz-navi-dvd-set-audio-50-aps-ntg2-5-europa-2008\\\/#breadcrumb\",\"itemListElement\":[{\"@type\":\"ListItem\",\"position\":1,\"name\":\"Startseite\",\"item\":\"https:\\\/\\\/www.navi-express.com\\\/\"},{\"@type\":\"ListItem\",\"position\":2,\"name\":\"Shop\",\"item\":\"https:\\\/\\\/www.navi-express.com\\\/shop\\\/\"},{\"@type\":\"ListItem\",\"position\":3,\"name\":\"Mercedes-Benz Navi DVD Set AUDIO 50 APS NTG2.5 EUROPA 2008\"}]},{\"@type\":\"WebSite\",\"@id\":\"https:\\\/\\\/www.navi-express.com\\\/#website\",\"url\":\"https:\\\/\\\/www.navi-express.com\\\/\",\"name\":\"Navi-Express\",\"description\":\"Ihr Experte f\u00fcr Navigation\",\"publisher\":{\"@id\":\"https:\\\/\\\/www.navi-express.com\\\/#organization\"},\"alternateName\":\"NE\",\"potentialAction\":[{\"@type\":\"SearchAction\",\"target\":{\"@type\":\"EntryPoint\",\"urlTemplate\":\"https:\\\/\\\/www.navi-express.com\\\/?s={search_term_string}\"},\"query-input\":{\"@type\":\"PropertyValueSpecification\",\"valueRequired\":true,\"valueName\":\"search_term_string\"}}],\"inLanguage\":\"en-US\"},{\"@type\":\"Organization\",\"@id\":\"https:\\\/\\\/www.navi-express.com\\\/#organization\",\"name\":\"Navi-Express\",\"alternateName\":\"NE\",\"url\":\"https:\\\/\\\/www.navi-express.com\\\/\",\"logo\":{\"@type\":\"ImageObject\",\"inLanguage\":\"en-US\",\"@id\":\"https:\\\/\\\/www.navi-express.com\\\/#\\\/schema\\\/logo\\\/image\\\/\",\"url\":\"https:\\\/\\\/www.navi-express.com\\\/wp-content\\\/uploads\\\/2019\\\/03\\\/cropped-logo-transpbearb-1.png\",\"contentUrl\":\"https:\\\/\\\/www.navi-express.com\\\/wp-content\\\/uploads\\\/2019\\\/03\\\/cropped-logo-transpbearb-1.png\",\"width\":512,\"height\":512,\"caption\":\"Navi-Express\"},\"image\":{\"@id\":\"https:\\\/\\\/www.navi-express.com\\\/#\\\/schema\\\/logo\\\/image\\\/\"}}]}<\/script>\n<!-- \/ Yoast SEO plugin. -->","yoast_head_json":{"title":"Mercedes-Benz Navi DVD AUDIO 50 APS NTG2.5 Europa 2008","description":"Original Mercedes-Benz Navigations-DVD Set geeignet f\u00fcr das Audio 50 APS NTG2.5 Navigationssystem. Detailkarten f\u00fcr Europa von 2008.","robots":{"index":"index","follow":"follow","max-snippet":"max-snippet:-1","max-image-preview":"max-image-preview:large","max-video-preview":"max-video-preview:-1"},"canonical":"https:\/\/www.navi-express.com\/en\/shop\/mercedes-benz\/mercedes-benz-audio-50-dvd\/mercedes-benz-navi-dvd-set-audio-50-aps-ntg2-5-europa-2008\/","og_locale":"en_US","og_type":"article","og_title":"Mercedes-Benz Navi DVD AUDIO 50 APS NTG2.5 Europa 2008","og_description":"Original Mercedes-Benz Navigations-DVD Set geeignet f\u00fcr das Audio 50 APS NTG2.5 Navigationssystem. Detailkarten f\u00fcr Europa von 2008.","og_url":"https:\/\/www.navi-express.com\/en\/shop\/mercedes-benz\/mercedes-benz-audio-50-dvd\/mercedes-benz-navi-dvd-set-audio-50-aps-ntg2-5-europa-2008\/","og_site_name":"Navi-Express","article_modified_time":"2026-01-30T07:58:11+00:00","og_image":[{"width":2560,"height":1920,"url":"https:\/\/www.navi-express.com\/wp-content\/uploads\/2026\/01\/MB-Audio-50-APS-NTG2.5-Europa-2008-1-scaled.jpg","type":"image\/jpeg"}],"twitter_card":"summary_large_image","twitter_misc":{"Est. reading time":"2 minutes"},"schema":{"@context":"https:\/\/schema.org","@graph":[{"@type":"WebPage","@id":"https:\/\/www.navi-express.com\/shop\/mercedes-benz\/mercedes-benz-audio-50-dvd\/mercedes-benz-navi-dvd-set-audio-50-aps-ntg2-5-europa-2008\/","url":"https:\/\/www.navi-express.com\/shop\/mercedes-benz\/mercedes-benz-audio-50-dvd\/mercedes-benz-navi-dvd-set-audio-50-aps-ntg2-5-europa-2008\/","name":"Mercedes-Benz Navi DVD AUDIO 50 APS NTG2.5 Europa 2008","isPartOf":{"@id":"https:\/\/www.navi-express.com\/#website"},"primaryImageOfPage":{"@id":"https:\/\/www.navi-express.com\/shop\/mercedes-benz\/mercedes-benz-audio-50-dvd\/mercedes-benz-navi-dvd-set-audio-50-aps-ntg2-5-europa-2008\/#primaryimage"},"image":{"@id":"https:\/\/www.navi-express.com\/shop\/mercedes-benz\/mercedes-benz-audio-50-dvd\/mercedes-benz-navi-dvd-set-audio-50-aps-ntg2-5-europa-2008\/#primaryimage"},"thumbnailUrl":"https:\/\/www.navi-express.com\/wp-content\/uploads\/2026\/01\/MB-Audio-50-APS-NTG2.5-Europa-2008-1-scaled.jpg","datePublished":"2026-01-30T07:49:49+00:00","dateModified":"2026-01-30T07:58:11+00:00","description":"Original Mercedes-Benz Navigations-DVD Set geeignet f\u00fcr das Audio 50 APS NTG2.5 Navigationssystem. Detailkarten f\u00fcr Europa von 2008.","breadcrumb":{"@id":"https:\/\/www.navi-express.com\/shop\/mercedes-benz\/mercedes-benz-audio-50-dvd\/mercedes-benz-navi-dvd-set-audio-50-aps-ntg2-5-europa-2008\/#breadcrumb"},"inLanguage":"en-US","potentialAction":[{"@type":"ReadAction","target":["https:\/\/www.navi-express.com\/shop\/mercedes-benz\/mercedes-benz-audio-50-dvd\/mercedes-benz-navi-dvd-set-audio-50-aps-ntg2-5-europa-2008\/"]}]},{"@type":"ImageObject","inLanguage":"en-US","@id":"https:\/\/www.navi-express.com\/shop\/mercedes-benz\/mercedes-benz-audio-50-dvd\/mercedes-benz-navi-dvd-set-audio-50-aps-ntg2-5-europa-2008\/#primaryimage","url":"https:\/\/www.navi-express.com\/wp-content\/uploads\/2026\/01\/MB-Audio-50-APS-NTG2.5-Europa-2008-1-scaled.jpg","contentUrl":"https:\/\/www.navi-express.com\/wp-content\/uploads\/2026\/01\/MB-Audio-50-APS-NTG2.5-Europa-2008-1-scaled.jpg","width":2560,"height":1920},{"@type":"BreadcrumbList","@id":"https:\/\/www.navi-express.com\/shop\/mercedes-benz\/mercedes-benz-audio-50-dvd\/mercedes-benz-navi-dvd-set-audio-50-aps-ntg2-5-europa-2008\/#breadcrumb","itemListElement":[{"@type":"ListItem","position":1,"name":"Startseite","item":"https:\/\/www.navi-express.com\/"},{"@type":"ListItem","position":2,"name":"Shop","item":"https:\/\/www.navi-express.com\/shop\/"},{"@type":"ListItem","position":3,"name":"Mercedes-Benz Navi DVD Set AUDIO 50 APS NTG2.5 EUROPA 2008"}]},{"@type":"WebSite","@id":"https:\/\/www.navi-express.com\/#website","url":"https:\/\/www.navi-express.com\/","name":"Navi-Express","description":"Ihr Experte f\u00fcr Navigation","publisher":{"@id":"https:\/\/www.navi-express.com\/#organization"},"alternateName":"NE","potentialAction":[{"@type":"SearchAction","target":{"@type":"EntryPoint","urlTemplate":"https:\/\/www.navi-express.com\/?s={search_term_string}"},"query-input":{"@type":"PropertyValueSpecification","valueRequired":true,"valueName":"search_term_string"}}],"inLanguage":"en-US"},{"@type":"Organization","@id":"https:\/\/www.navi-express.com\/#organization","name":"Navi-Express","alternateName":"NE","url":"https:\/\/www.navi-express.com\/","logo":{"@type":"ImageObject","inLanguage":"en-US","@id":"https:\/\/www.navi-express.com\/#\/schema\/logo\/image\/","url":"https:\/\/www.navi-express.com\/wp-content\/uploads\/2019\/03\/cropped-logo-transpbearb-1.png","contentUrl":"https:\/\/www.navi-express.com\/wp-content\/uploads\/2019\/03\/cropped-logo-transpbearb-1.png","width":512,"height":512,"caption":"Navi-Express"},"image":{"@id":"https:\/\/www.navi-express.com\/#\/schema\/logo\/image\/"}}]}},"_links":{"self":[{"href":"https:\/\/www.navi-express.com\/en\/wp-json\/wp\/v2\/product\/5995","targetHints":{"allow":["GET"]}}],"collection":[{"href":"https:\/\/www.navi-express.com\/en\/wp-json\/wp\/v2\/product"}],"about":[{"href":"https:\/\/www.navi-express.com\/en\/wp-json\/wp\/v2\/types\/product"}],"wp:featuredmedia":[{"embeddable":true,"href":"https:\/\/www.navi-express.com\/en\/wp-json\/wp\/v2\/media\/5996"}],"wp:attachment":[{"href":"https:\/\/www.navi-express.com\/en\/wp-json\/wp\/v2\/media?parent=5995"}],"wp:term":[{"taxonomy":"product_brand","embeddable":true,"href":"https:\/\/www.navi-express.com\/en\/wp-json\/wp\/v2\/product_brand?post=5995"},{"taxonomy":"product_cat","embeddable":true,"href":"https:\/\/www.navi-express.com\/en\/wp-json\/wp\/v2\/product_cat?post=5995"},{"taxonomy":"product_tag","embeddable":true,"href":"https:\/\/www.navi-express.com\/en\/wp-json\/wp\/v2\/product_tag?post=5995"}],"curies":[{"name":"wp","href":"https:\/\/api.w.org\/{rel}","templated":true}]}}