{"id":6019,"date":"2026-02-04T12:41:27","date_gmt":"2026-02-04T11:41:27","guid":{"rendered":"https:\/\/www.navi-express.com\/?post_type=product&#038;p=6019"},"modified":"2026-02-04T12:46:45","modified_gmt":"2026-02-04T11:46:45","slug":"volvo-rti-navigation-dvd-deutschland-westeuropa-2003","status":"publish","type":"product","link":"https:\/\/www.navi-express.com\/en\/shop\/volvo\/rti-dvd-my2002-2007\/volvo-rti-navigation-dvd-deutschland-westeuropa-2003\/","title":{"rendered":"Volvo RTI Navigation DVD Deutschland Westeuropa 2003"},"content":{"rendered":"<p>&nbsp;<\/p>\n<p><strong><span style=\"color: #000000;\">Original Volvo Navigations-DVD<\/span><\/strong><\/p>\n<p><strong><span style=\"color: #000000;\">geeignet f\u00fcr Volvo RTI und Volvo Modelle mit Modelljahr 2002 bis 2007 (S60 bis 2009)<\/span><\/strong><\/p>\n<p><strong><span style=\"color: #000000;\">Detailkarten f\u00fcr Deutschland und Westeuropa von 2003<\/span><\/strong><\/p>\n<p><strong><span style=\"color: #000000;\">Genaue L\u00e4nderabdeckung in hellblau siehe Bild Vorderseite<\/span><\/strong><\/p>\n<p><span style=\"color: #000000;\"><strong>&gt;&gt; Bei Versand in ein NICHT-EU-LAND entstehen zus\u00e4tzliche Kosten f\u00fcr Sie !<\/strong><\/span><\/p>\n<p>&nbsp;<\/p>\n<p><strong><span style=\"color: #000000;\"><u>Geeignet f\u00fcr folgende Volvo Modelle:<\/u><\/span><\/strong><\/p>\n<p><span style=\"color: #0000ff;\"><strong>Das Modelljahr \/ Model Year wird definiert \u00fcber die 10. Ziffer Ihrer Fahrzeugidentifikationsnummer ( FIN \/ VIN )<\/strong><\/span><\/p>\n<p><span style=\"color: #0000ff;\"><strong>2 = 2002 ; 3 = 2003 ; 4 = 2004 ; 5 = 2005 ; 6 = 2006 ; 7 = 2007 ; 8 = 2008 ; 9 = 2009<\/strong><\/span><\/p>\n<p><strong><span style=\"color: #000000;\">S40 mit Modelljahr 2004 &#8211; 2007<\/span><\/strong><\/p>\n<p><strong><span style=\"color: #000000;\">S60 mit Modelljahr 2002 &#8211; 2009<\/span><\/strong><\/p>\n<p><strong><span style=\"color: #000000;\">S80 mit Modelljahr 2002 &#8211; 2006<\/span><\/strong><\/p>\n<p><strong><span style=\"color: #000000;\">V50 mit Modelljahr 2004 &#8211; 2007<\/span><\/strong><\/p>\n<p><strong><span style=\"color: #000000;\">V70 mit Modelljahr 2002 &#8211; 2007<\/span><\/strong><\/p>\n<p><strong><span style=\"color: #000000;\">XC70 mit Modelljahr 2002 -2007<\/span><\/strong><\/p>\n<p><strong><span style=\"color: #000000;\">XC90 mit Modelljahr 2003 &#8211; 2006<\/span><\/strong><\/p>\n<p><strong><span style=\"color: #000000;\">C30 mit Modelljahr 2007<\/span><\/strong><\/p>\n<p><strong><span style=\"color: #000000;\">C70 mit Modelljahr 2006 &#8211; 2007<\/span><\/strong><\/p>\n<p>&nbsp;<\/p>\n<p>____________________________________________________________________________________________________________________<\/p>\n<p><strong><span style=\"color: #000000;\"><u>Hersteller \/ EU verantwortliche Person:<\/u><\/span><\/strong><\/p>\n<p><strong><span style=\"color: #000000;\">Volvo Car Germany GmbH<\/span><\/strong><\/p>\n<p><strong><span style=\"color: #000000;\">Siegburger Stra\u00dfe 229<\/span><\/strong><\/p>\n<p><strong><span style=\"color: #000000;\">50679 K\u00f6ln<\/span><\/strong><\/p>\n<p><strong><span style=\"color: #000000;\">Deutschland<\/span><\/strong><\/p>\n<p><strong><span style=\"color: #000000;\">Tel.: +49 221 9393 393<\/span><\/strong><\/p>\n<p><strong><span style=\"color: #000000;\">E-Mail: Impressum-DE@volvocars.com<\/span><\/strong><\/p>","protected":false},"excerpt":{"rendered":"<p>&nbsp; Original Volvo Navigations-DVD geeignet f\u00fcr Volvo RTI und Volvo Modelle mit Modelljahr 2002 bis 2007 (S60 bis 2009) Detailkarten f\u00fcr Deutschland und Westeuropa von 2003 Genaue L\u00e4nderabdeckung in hellblau siehe Bild Vorderseite &gt;&gt; Bei Versand in ein NICHT-EU-LAND entstehen zus\u00e4tzliche Kosten f\u00fcr Sie ! &nbsp; Geeignet f\u00fcr folgende Volvo Modelle: Das Modelljahr \/ Model [&hellip;]<\/p>\n","protected":false},"featured_media":6020,"template":"","meta":{"ocean_post_layout":"","ocean_both_sidebars_style":"","ocean_both_sidebars_content_width":0,"ocean_both_sidebars_sidebars_width":0,"ocean_sidebar":"0","ocean_second_sidebar":"0","ocean_disable_margins":"enable","ocean_add_body_class":"","ocean_shortcode_before_top_bar":"","ocean_shortcode_after_top_bar":"","ocean_shortcode_before_header":"","ocean_shortcode_after_header":"","ocean_has_shortcode":"","ocean_shortcode_after_title":"","ocean_shortcode_before_footer_widgets":"","ocean_shortcode_after_footer_widgets":"","ocean_shortcode_before_footer_bottom":"","ocean_shortcode_after_footer_bottom":"","ocean_display_top_bar":"default","ocean_display_header":"default","ocean_header_style":"","ocean_center_header_left_menu":"0","ocean_custom_header_template":"0","ocean_custom_logo":0,"ocean_custom_retina_logo":0,"ocean_custom_logo_max_width":0,"ocean_custom_logo_tablet_max_width":0,"ocean_custom_logo_mobile_max_width":0,"ocean_custom_logo_max_height":0,"ocean_custom_logo_tablet_max_height":0,"ocean_custom_logo_mobile_max_height":0,"ocean_header_custom_menu":"0","ocean_menu_typo_font_family":"0","ocean_menu_typo_font_subset":"","ocean_menu_typo_font_size":0,"ocean_menu_typo_font_size_tablet":0,"ocean_menu_typo_font_size_mobile":0,"ocean_menu_typo_font_size_unit":"px","ocean_menu_typo_font_weight":"","ocean_menu_typo_font_weight_tablet":"","ocean_menu_typo_font_weight_mobile":"","ocean_menu_typo_transform":"","ocean_menu_typo_transform_tablet":"","ocean_menu_typo_transform_mobile":"","ocean_menu_typo_line_height":0,"ocean_menu_typo_line_height_tablet":0,"ocean_menu_typo_line_height_mobile":0,"ocean_menu_typo_line_height_unit":"","ocean_menu_typo_spacing":0,"ocean_menu_typo_spacing_tablet":0,"ocean_menu_typo_spacing_mobile":0,"ocean_menu_typo_spacing_unit":"","ocean_menu_link_color":"","ocean_menu_link_color_hover":"","ocean_menu_link_color_active":"","ocean_menu_link_background":"","ocean_menu_link_hover_background":"","ocean_menu_link_active_background":"","ocean_menu_social_links_bg":"","ocean_menu_social_hover_links_bg":"","ocean_menu_social_links_color":"","ocean_menu_social_hover_links_color":"","ocean_disable_title":"default","ocean_disable_heading":"default","ocean_post_title":"","ocean_post_subheading":"","ocean_post_title_style":"","ocean_post_title_background_color":"","ocean_post_title_background":0,"ocean_post_title_bg_image_position":"","ocean_post_title_bg_image_attachment":"","ocean_post_title_bg_image_repeat":"","ocean_post_title_bg_image_size":"","ocean_post_title_height":0,"ocean_post_title_bg_overlay":0.5,"ocean_post_title_bg_overlay_color":"","ocean_disable_breadcrumbs":"default","ocean_breadcrumbs_color":"","ocean_breadcrumbs_separator_color":"","ocean_breadcrumbs_links_color":"","ocean_breadcrumbs_links_hover_color":"","ocean_display_footer_widgets":"default","ocean_display_footer_bottom":"default","ocean_custom_footer_template":"0"},"product_brand":[],"product_cat":[630],"product_tag":[632,631],"class_list":{"0":"post-6019","1":"product","2":"type-product","3":"status-publish","4":"has-post-thumbnail","6":"product_cat-rti-dvd-my2002-2007","7":"product_tag-modelljahr-2002-2007","8":"product_tag-volvo-rti","10":"entry","11":"has-media","13":"first","14":"instock","15":"purchasable","16":"product-type-simple","17":"col","18":"span_1_of_4","19":"owp-content-center","20":"item-entry","21":"owp-thumbs-layout-horizontal","22":"owp-btn-normal","23":"owp-tabs-layout-horizontal","24":"has-no-thumbnails"},"yoast_head":"<!-- This site is optimized with the Yoast SEO plugin v27.4 - https:\/\/yoast.com\/product\/yoast-seo-wordpress\/ -->\n<title>Volvo RTI Navigation DVD Deutschland Westeuropa 2003<\/title>\n<meta name=\"description\" content=\"Original Volvo Navigation DVD f\u00fcr Volvo RTI mit Modelljahr 2002 - 2007 (S60 bis 2009). Karten f\u00fcr Deutschland und Westeuropa von 2003.\" \/>\n<meta name=\"robots\" content=\"index, follow, max-snippet:-1, max-image-preview:large, max-video-preview:-1\" \/>\n<link rel=\"canonical\" href=\"https:\/\/www.navi-express.com\/en\/shop\/volvo\/rti-dvd-my2002-2007\/volvo-rti-navigation-dvd-deutschland-westeuropa-2003\/\" \/>\n<meta property=\"og:locale\" content=\"en_US\" \/>\n<meta property=\"og:type\" content=\"article\" \/>\n<meta property=\"og:title\" content=\"Volvo RTI Navigation DVD Deutschland Westeuropa 2003\" \/>\n<meta property=\"og:description\" content=\"Original Volvo Navigation DVD f\u00fcr Volvo RTI mit Modelljahr 2002 - 2007 (S60 bis 2009). Karten f\u00fcr Deutschland und Westeuropa von 2003.\" \/>\n<meta property=\"og:url\" content=\"https:\/\/www.navi-express.com\/en\/shop\/volvo\/rti-dvd-my2002-2007\/volvo-rti-navigation-dvd-deutschland-westeuropa-2003\/\" \/>\n<meta property=\"og:site_name\" content=\"Navi-Express\" \/>\n<meta property=\"article:modified_time\" content=\"2026-02-04T11:46:45+00:00\" \/>\n<meta property=\"og:image\" content=\"https:\/\/www.navi-express.com\/wp-content\/uploads\/2026\/02\/20260204_115216-scaled.jpg\" \/>\n\t<meta property=\"og:image:width\" content=\"2560\" \/>\n\t<meta property=\"og:image:height\" content=\"1920\" \/>\n\t<meta property=\"og:image:type\" content=\"image\/jpeg\" \/>\n<meta name=\"twitter:card\" content=\"summary_large_image\" \/>\n<meta name=\"twitter:label1\" content=\"Est. reading time\" \/>\n\t<meta name=\"twitter:data1\" content=\"2 minutes\" \/>\n<script type=\"application\/ld+json\" class=\"yoast-schema-graph\">{\"@context\":\"https:\\\/\\\/schema.org\",\"@graph\":[{\"@type\":\"WebPage\",\"@id\":\"https:\\\/\\\/www.navi-express.com\\\/shop\\\/volvo\\\/rti-dvd-my2002-2007\\\/volvo-rti-navigation-dvd-deutschland-westeuropa-2003\\\/\",\"url\":\"https:\\\/\\\/www.navi-express.com\\\/shop\\\/volvo\\\/rti-dvd-my2002-2007\\\/volvo-rti-navigation-dvd-deutschland-westeuropa-2003\\\/\",\"name\":\"Volvo RTI Navigation DVD Deutschland Westeuropa 2003\",\"isPartOf\":{\"@id\":\"https:\\\/\\\/www.navi-express.com\\\/#website\"},\"primaryImageOfPage\":{\"@id\":\"https:\\\/\\\/www.navi-express.com\\\/shop\\\/volvo\\\/rti-dvd-my2002-2007\\\/volvo-rti-navigation-dvd-deutschland-westeuropa-2003\\\/#primaryimage\"},\"image\":{\"@id\":\"https:\\\/\\\/www.navi-express.com\\\/shop\\\/volvo\\\/rti-dvd-my2002-2007\\\/volvo-rti-navigation-dvd-deutschland-westeuropa-2003\\\/#primaryimage\"},\"thumbnailUrl\":\"https:\\\/\\\/www.navi-express.com\\\/wp-content\\\/uploads\\\/2026\\\/02\\\/20260204_115216-scaled.jpg\",\"datePublished\":\"2026-02-04T11:41:27+00:00\",\"dateModified\":\"2026-02-04T11:46:45+00:00\",\"description\":\"Original Volvo Navigation DVD f\u00fcr Volvo RTI mit Modelljahr 2002 - 2007 (S60 bis 2009). Karten f\u00fcr Deutschland und Westeuropa von 2003.\",\"breadcrumb\":{\"@id\":\"https:\\\/\\\/www.navi-express.com\\\/shop\\\/volvo\\\/rti-dvd-my2002-2007\\\/volvo-rti-navigation-dvd-deutschland-westeuropa-2003\\\/#breadcrumb\"},\"inLanguage\":\"en-US\",\"potentialAction\":[{\"@type\":\"ReadAction\",\"target\":[\"https:\\\/\\\/www.navi-express.com\\\/shop\\\/volvo\\\/rti-dvd-my2002-2007\\\/volvo-rti-navigation-dvd-deutschland-westeuropa-2003\\\/\"]}]},{\"@type\":\"ImageObject\",\"inLanguage\":\"en-US\",\"@id\":\"https:\\\/\\\/www.navi-express.com\\\/shop\\\/volvo\\\/rti-dvd-my2002-2007\\\/volvo-rti-navigation-dvd-deutschland-westeuropa-2003\\\/#primaryimage\",\"url\":\"https:\\\/\\\/www.navi-express.com\\\/wp-content\\\/uploads\\\/2026\\\/02\\\/20260204_115216-scaled.jpg\",\"contentUrl\":\"https:\\\/\\\/www.navi-express.com\\\/wp-content\\\/uploads\\\/2026\\\/02\\\/20260204_115216-scaled.jpg\",\"width\":2560,\"height\":1920},{\"@type\":\"BreadcrumbList\",\"@id\":\"https:\\\/\\\/www.navi-express.com\\\/shop\\\/volvo\\\/rti-dvd-my2002-2007\\\/volvo-rti-navigation-dvd-deutschland-westeuropa-2003\\\/#breadcrumb\",\"itemListElement\":[{\"@type\":\"ListItem\",\"position\":1,\"name\":\"Startseite\",\"item\":\"https:\\\/\\\/www.navi-express.com\\\/\"},{\"@type\":\"ListItem\",\"position\":2,\"name\":\"Shop\",\"item\":\"https:\\\/\\\/www.navi-express.com\\\/shop\\\/\"},{\"@type\":\"ListItem\",\"position\":3,\"name\":\"Volvo RTI Navigation DVD Deutschland Westeuropa 2003\"}]},{\"@type\":\"WebSite\",\"@id\":\"https:\\\/\\\/www.navi-express.com\\\/#website\",\"url\":\"https:\\\/\\\/www.navi-express.com\\\/\",\"name\":\"Navi-Express\",\"description\":\"Ihr Experte f\u00fcr Navigation\",\"publisher\":{\"@id\":\"https:\\\/\\\/www.navi-express.com\\\/#organization\"},\"alternateName\":\"NE\",\"potentialAction\":[{\"@type\":\"SearchAction\",\"target\":{\"@type\":\"EntryPoint\",\"urlTemplate\":\"https:\\\/\\\/www.navi-express.com\\\/?s={search_term_string}\"},\"query-input\":{\"@type\":\"PropertyValueSpecification\",\"valueRequired\":true,\"valueName\":\"search_term_string\"}}],\"inLanguage\":\"en-US\"},{\"@type\":\"Organization\",\"@id\":\"https:\\\/\\\/www.navi-express.com\\\/#organization\",\"name\":\"Navi-Express\",\"alternateName\":\"NE\",\"url\":\"https:\\\/\\\/www.navi-express.com\\\/\",\"logo\":{\"@type\":\"ImageObject\",\"inLanguage\":\"en-US\",\"@id\":\"https:\\\/\\\/www.navi-express.com\\\/#\\\/schema\\\/logo\\\/image\\\/\",\"url\":\"https:\\\/\\\/www.navi-express.com\\\/wp-content\\\/uploads\\\/2019\\\/03\\\/cropped-logo-transpbearb-1.png\",\"contentUrl\":\"https:\\\/\\\/www.navi-express.com\\\/wp-content\\\/uploads\\\/2019\\\/03\\\/cropped-logo-transpbearb-1.png\",\"width\":512,\"height\":512,\"caption\":\"Navi-Express\"},\"image\":{\"@id\":\"https:\\\/\\\/www.navi-express.com\\\/#\\\/schema\\\/logo\\\/image\\\/\"}}]}<\/script>\n<!-- \/ Yoast SEO plugin. -->","yoast_head_json":{"title":"Volvo RTI Navigation DVD Deutschland Westeuropa 2003","description":"Original Volvo Navigation DVD f\u00fcr Volvo RTI mit Modelljahr 2002 - 2007 (S60 bis 2009). Karten f\u00fcr Deutschland und Westeuropa von 2003.","robots":{"index":"index","follow":"follow","max-snippet":"max-snippet:-1","max-image-preview":"max-image-preview:large","max-video-preview":"max-video-preview:-1"},"canonical":"https:\/\/www.navi-express.com\/en\/shop\/volvo\/rti-dvd-my2002-2007\/volvo-rti-navigation-dvd-deutschland-westeuropa-2003\/","og_locale":"en_US","og_type":"article","og_title":"Volvo RTI Navigation DVD Deutschland Westeuropa 2003","og_description":"Original Volvo Navigation DVD f\u00fcr Volvo RTI mit Modelljahr 2002 - 2007 (S60 bis 2009). Karten f\u00fcr Deutschland und Westeuropa von 2003.","og_url":"https:\/\/www.navi-express.com\/en\/shop\/volvo\/rti-dvd-my2002-2007\/volvo-rti-navigation-dvd-deutschland-westeuropa-2003\/","og_site_name":"Navi-Express","article_modified_time":"2026-02-04T11:46:45+00:00","og_image":[{"width":2560,"height":1920,"url":"https:\/\/www.navi-express.com\/wp-content\/uploads\/2026\/02\/20260204_115216-scaled.jpg","type":"image\/jpeg"}],"twitter_card":"summary_large_image","twitter_misc":{"Est. reading time":"2 minutes"},"schema":{"@context":"https:\/\/schema.org","@graph":[{"@type":"WebPage","@id":"https:\/\/www.navi-express.com\/shop\/volvo\/rti-dvd-my2002-2007\/volvo-rti-navigation-dvd-deutschland-westeuropa-2003\/","url":"https:\/\/www.navi-express.com\/shop\/volvo\/rti-dvd-my2002-2007\/volvo-rti-navigation-dvd-deutschland-westeuropa-2003\/","name":"Volvo RTI Navigation DVD Deutschland Westeuropa 2003","isPartOf":{"@id":"https:\/\/www.navi-express.com\/#website"},"primaryImageOfPage":{"@id":"https:\/\/www.navi-express.com\/shop\/volvo\/rti-dvd-my2002-2007\/volvo-rti-navigation-dvd-deutschland-westeuropa-2003\/#primaryimage"},"image":{"@id":"https:\/\/www.navi-express.com\/shop\/volvo\/rti-dvd-my2002-2007\/volvo-rti-navigation-dvd-deutschland-westeuropa-2003\/#primaryimage"},"thumbnailUrl":"https:\/\/www.navi-express.com\/wp-content\/uploads\/2026\/02\/20260204_115216-scaled.jpg","datePublished":"2026-02-04T11:41:27+00:00","dateModified":"2026-02-04T11:46:45+00:00","description":"Original Volvo Navigation DVD f\u00fcr Volvo RTI mit Modelljahr 2002 - 2007 (S60 bis 2009). Karten f\u00fcr Deutschland und Westeuropa von 2003.","breadcrumb":{"@id":"https:\/\/www.navi-express.com\/shop\/volvo\/rti-dvd-my2002-2007\/volvo-rti-navigation-dvd-deutschland-westeuropa-2003\/#breadcrumb"},"inLanguage":"en-US","potentialAction":[{"@type":"ReadAction","target":["https:\/\/www.navi-express.com\/shop\/volvo\/rti-dvd-my2002-2007\/volvo-rti-navigation-dvd-deutschland-westeuropa-2003\/"]}]},{"@type":"ImageObject","inLanguage":"en-US","@id":"https:\/\/www.navi-express.com\/shop\/volvo\/rti-dvd-my2002-2007\/volvo-rti-navigation-dvd-deutschland-westeuropa-2003\/#primaryimage","url":"https:\/\/www.navi-express.com\/wp-content\/uploads\/2026\/02\/20260204_115216-scaled.jpg","contentUrl":"https:\/\/www.navi-express.com\/wp-content\/uploads\/2026\/02\/20260204_115216-scaled.jpg","width":2560,"height":1920},{"@type":"BreadcrumbList","@id":"https:\/\/www.navi-express.com\/shop\/volvo\/rti-dvd-my2002-2007\/volvo-rti-navigation-dvd-deutschland-westeuropa-2003\/#breadcrumb","itemListElement":[{"@type":"ListItem","position":1,"name":"Startseite","item":"https:\/\/www.navi-express.com\/"},{"@type":"ListItem","position":2,"name":"Shop","item":"https:\/\/www.navi-express.com\/shop\/"},{"@type":"ListItem","position":3,"name":"Volvo RTI Navigation DVD Deutschland Westeuropa 2003"}]},{"@type":"WebSite","@id":"https:\/\/www.navi-express.com\/#website","url":"https:\/\/www.navi-express.com\/","name":"Navi-Express","description":"Ihr Experte f\u00fcr Navigation","publisher":{"@id":"https:\/\/www.navi-express.com\/#organization"},"alternateName":"NE","potentialAction":[{"@type":"SearchAction","target":{"@type":"EntryPoint","urlTemplate":"https:\/\/www.navi-express.com\/?s={search_term_string}"},"query-input":{"@type":"PropertyValueSpecification","valueRequired":true,"valueName":"search_term_string"}}],"inLanguage":"en-US"},{"@type":"Organization","@id":"https:\/\/www.navi-express.com\/#organization","name":"Navi-Express","alternateName":"NE","url":"https:\/\/www.navi-express.com\/","logo":{"@type":"ImageObject","inLanguage":"en-US","@id":"https:\/\/www.navi-express.com\/#\/schema\/logo\/image\/","url":"https:\/\/www.navi-express.com\/wp-content\/uploads\/2019\/03\/cropped-logo-transpbearb-1.png","contentUrl":"https:\/\/www.navi-express.com\/wp-content\/uploads\/2019\/03\/cropped-logo-transpbearb-1.png","width":512,"height":512,"caption":"Navi-Express"},"image":{"@id":"https:\/\/www.navi-express.com\/#\/schema\/logo\/image\/"}}]}},"_links":{"self":[{"href":"https:\/\/www.navi-express.com\/en\/wp-json\/wp\/v2\/product\/6019","targetHints":{"allow":["GET"]}}],"collection":[{"href":"https:\/\/www.navi-express.com\/en\/wp-json\/wp\/v2\/product"}],"about":[{"href":"https:\/\/www.navi-express.com\/en\/wp-json\/wp\/v2\/types\/product"}],"wp:featuredmedia":[{"embeddable":true,"href":"https:\/\/www.navi-express.com\/en\/wp-json\/wp\/v2\/media\/6020"}],"wp:attachment":[{"href":"https:\/\/www.navi-express.com\/en\/wp-json\/wp\/v2\/media?parent=6019"}],"wp:term":[{"taxonomy":"product_brand","embeddable":true,"href":"https:\/\/www.navi-express.com\/en\/wp-json\/wp\/v2\/product_brand?post=6019"},{"taxonomy":"product_cat","embeddable":true,"href":"https:\/\/www.navi-express.com\/en\/wp-json\/wp\/v2\/product_cat?post=6019"},{"taxonomy":"product_tag","embeddable":true,"href":"https:\/\/www.navi-express.com\/en\/wp-json\/wp\/v2\/product_tag?post=6019"}],"curies":[{"name":"wp","href":"https:\/\/api.w.org\/{rel}","templated":true}]}}