{"id":6039,"date":"2026-02-06T15:42:12","date_gmt":"2026-02-06T14:42:12","guid":{"rendered":"https:\/\/www.navi-express.com\/?post_type=product&#038;p=6039"},"modified":"2026-04-01T10:59:09","modified_gmt":"2026-04-01T08:59:09","slug":"apple-airtag-2-generation-1-stueck-tracker-ortungsgeraet-neu-original","status":"publish","type":"product","link":"https:\/\/www.navi-express.com\/en\/shop\/apple\/apple-airtag-2-generation-1-stueck-tracker-ortungsgeraet-neu-original\/","title":{"rendered":"APPLE AIRTAG 2. GENERATION 1 ST\u00dcCK WEI\u00df NEU ORIGINAL"},"content":{"rendered":"<div>\n<div><span style=\"color: #000000;\"><b><span style=\"font-size: x-large;\">Originaler und Neuer Apple AirTag 2 Tracker Ortungsger\u00e4t\u00a0<\/span><\/b><\/span><\/div>\n<div><span style=\"color: #000000;\"><b><span style=\"font-size: x-large;\">(2. Generation, Ohne Originalverpackung, ist aus dem offiziellen 4er Set)<\/span><\/b><\/span><\/div>\n<\/div>\n<div><span style=\"color: #000000;\"><b><span style=\"font-size: x-large;\">\u00a0<\/span><\/b><\/span><\/div>\n<div><span style=\"color: #000000;\"><b>Systemvoraussetzungen: Apple Account und ein iPhone mit iOS 26.2.1 oder neuer; iPad Modelle mit iPadOS 26.1 oder neuer (Kein MacBook)<\/b><\/span><\/div>\n<div><span style=\"color: #000000;\"><b>\u00a0<\/b><\/span><\/div>\n<div><span style=\"color: #000000;\"><b>Jetzt mit einem 50% lauteren Lautsprecher und einer bis zu 1,5x gr\u00f6\u00dferen Reichweite f\u00fcr die Genau Suche im Vergleich zum Vorg\u00e4ngermodell<\/b><\/span><\/div>\n<div><span style=\"color: #000000;\"><b>\u00a0<\/b><\/span><\/div>\n<div><span style=\"color: #000000;\"><b>&gt;&gt; Die verbesserte Genaue Suche funktioniert nur mit dem AirTag 2, das mit einem\u00a0iPhone Air,\u00a0iPhone 15 oder neuer\u00a0[ausgenommen iPhone 16e] gekoppelt ist.\u00a0<\/b><\/span><\/div>\n<div><span style=\"color: #000000;\"><b>Genaue Suche auf der Apple Watch erfordert eine\u00a0Apple Watch Series 9\u00a0oder neuer\u00a0oder eine\u00a0Apple Watch Ultra 2 oder neuer mit watchOS 26.2.1.<\/b><\/span><\/div>\n<div><span style=\"color: #000000;\"><b>\u00a0<\/b><\/span><\/div>\n<div><span style=\"color: #000000;\"><b>Einfache Einrichtung wie beim Vorg\u00e4ngermodell<\/b><\/span><\/div>\n<div><span style=\"color: #000000;\"><b><span style=\"font-size: large;\">\u00a0<\/span><\/b><\/span><\/div>\n<div><span style=\"color: #000000;\"><b><span style=\"font-size: large;\">\u00a0<\/span><\/b><\/span><\/div>\n<div><span style=\"font-size: large; color: #000000;\"><b>Der AirTag 2 ist eine super einfache Art, deine Sachen im Blick zu behalten !<\/b><\/span><\/div>\n<div><span style=\"font-size: large; color: #000000;\"><b>Befestigen oder bringen Sie diesen unter am Schl\u00fcssel, Brieftasche, Fahrrad, Auto, Haustier oder auch im Rucksack.<\/b><\/span><\/div>\n<div><span style=\"font-size: large; color: #000000;\"><b>\u00a0<\/b><\/span><\/div>\n<div><span style=\"font-size: large; color: #000000;\"><b>Und schon sind Sie in der &#8222;Wo ist?&#8220; App auf deinem Radar, wo du auch deine Apple Ger\u00e4te finden und mit deinen Freunden\/Freundinnen und deiner Familie in Verbindung bleiben kannst.<\/b><\/span><\/div>\n<div><span style=\"font-size: large; color: #000000;\"><b>\u00a0<\/b><\/span><\/div>\n<div><\/div>\n<div><span style=\"font-size: large; color: #000000;\"><b>Teile einen AirTag 2 mit bis zu f\u00fcnf Personen. So k\u00f6nnen die Objekte, die alle benutzen von Freund:innen und der Familie im Blick behalten werden.<\/b><\/span><\/div>\n<div><span style=\"font-size: large; color: #000000;\"><b>\u00a0<\/b><\/span><\/div>\n<div><span style=\"font-size: large; color: #000000;\"><b>Wenn dein AirTag2 in der N\u00e4he ist, kann dich dein iPhone oder deine Apple Watch direkt zu ihm f\u00fchren. Mit der erweiterten Genauen Suche* und der integrierten Ultrabreitband-Technologie siehst du exakt die Entfernung und die Richtung, in die du gehen musst &#8211; egal, ob du den Gegenstand auf dem Tisch oder im Auto liegen lassen hast.<\/b><\/span><\/div>\n<div><span style=\"font-size: large; color: #000000;\"><b>\u00a0<\/b><\/span><\/div>\n<div><span style=\"font-size: large; color: #000000;\"><b>Wenn du etwas \u00fcber eine etwas gr\u00f6\u00dfere Entfernung verloren hast, hilft dir das &#8222;Wo ist?&#8220; Netzwerk aus \u00fcber einer Milliarde iPhone, iPad und Mac Ger\u00e4ten bei der Suche &#8211; w\u00e4hrend deine Privatsph\u00e4re bei jedem Schritt gesch\u00fctzt bleibt.<\/b><\/span><\/div>\n<div><\/div>\n<div><span style=\"font-size: large; color: #000000;\"><b>So funktioniert es:<\/b><\/span><\/div>\n<div><span style=\"font-size: large; color: #000000;\"><b>Dein AirTag 2 sendet ein sicheres Bluetooth Signal, das Ger\u00e4te aus dem &#8222;Wo ist?&#8220; Netzwerk empfangen k\u00f6nnen, wenn Sie in der N\u00e4he sind. Diese Ger\u00e4te senden den Standort deines AirTags 2 an iCloud und du siehst in der &#8222;Wo ist?&#8220; App auf einer Karte, wo sich dein AirTag 2 befindet.<\/b><\/span><\/div>\n<div><span style=\"font-size: large; color: #000000;\"><b>\u00a0<\/b><\/span><\/div>\n<div><span style=\"font-size: large; color: #000000;\"><b>Genau wie deine anderen Apple Ger\u00e4te kannst du auch den AirTag 2 in den Modus &#8222;Verloren&#8220; schalten. Wenn es dann von einem anderen Ger\u00e4t im Netzwerk erkannt wird, bekommst du automatisch eine Mitteilung.<\/b><\/span><\/div>\n<div><span style=\"font-size: large; color: #000000;\"><b>Du kannst es auch so einrichten, dass jemand, der mit einem NFC-f\u00e4higen Smartphone deinen AirTag 2 ber\u00fchrt, deine Kontaktdaten einsehen kann.<\/b><\/span><\/div>\n<div><span style=\"font-size: large; color: #000000;\"><b>\u00a0<\/b><\/span><\/div>\n<div><span style=\"font-size: large; color: #000000;\"><b>Teile den Standort deines verlorenen Gegenstands.<\/b><\/span><\/div>\n<div><span style=\"font-size: large; color: #000000;\"><b>Wenn du etwas verlierst, kannst du den Standort deines AirTag 2 oder &#8222;Wo ist?&#8220; Netzwerkzubeh\u00f6rs vor\u00fcbergehend mit anderen teilen, um es zu finden &#8211; u.a. mit mehr als 50 Fluggesellschaften wie Condor, Eurowings und Lufthansa.<\/b><\/span><\/div>\n<p>&nbsp;<\/p>\n<p style=\"font-weight: 400;\"><span style=\"color: #000000;\"><strong>Alle Infos finden Sie auch auf der offiziellen Apple Webseite\u00a0<\/strong><\/span><\/p>\n<p style=\"font-weight: 400;\"><span style=\"color: #000000;\"><strong>unter &#8222;Zubeh\u00f6r &#8211; AirTag&#8220;<\/strong><\/span><\/p>\n<p style=\"font-weight: 400;\"><span style=\"color: #000000;\"><strong>Zur Einrichtung finden auch Sie bei YouTube Videos<\/strong><\/span><\/p>\n<p>&nbsp;<\/p>\n<p><strong><span style=\"color: #000000;\">Safety and Handling \/ Gebrauchsanleitung unter:<\/span><\/strong><\/p>\n<p><strong><span style=\"color: #000000;\">https:\/\/assets.mmsrg.com\/ada\/166325\/c1\/-\/-\/ASSET_MMS_169880031<\/span><\/strong><\/p>\n<p>&nbsp;<\/p>\n<p>____________________________________________________________________________________________________________________<\/p>\n<p><strong><span style=\"color: #000000;\"><u>Hersteller \/ EU verantwortliche Person:<\/u><\/span><\/strong><\/p>\n<p><strong><span style=\"color: #000000;\">Apple Distribution International Ltd.<\/span><\/strong><\/p>\n<p><strong><span style=\"color: #000000;\">Hollyhill Ln, Hollyhill Industrial Estate<\/span><\/strong><\/p>\n<p><strong><span style=\"color: #000000;\">T23YK84 Hollyhill, Cork<\/span><\/strong><\/p>\n<p><strong><span style=\"color: #000000;\">Ireland<\/span><\/strong><\/p>\n<p><strong><span style=\"color: #000000;\">Tel.: 08002000136<\/span><\/strong><\/p>\n<p><strong><span style=\"color: #000000;\">E-Mail: contactus.de@euro.apple.com<\/span><\/strong><\/p>\n","protected":false},"excerpt":{"rendered":"<p>Originaler und Neuer Apple AirTag 2 Tracker Ortungsger\u00e4t\u00a0 (2. Generation, Ohne Originalverpackung, ist aus dem offiziellen 4er Set) \u00a0 Systemvoraussetzungen: Apple Account und ein iPhone mit iOS 26.2.1 oder neuer; iPad Modelle mit iPadOS 26.1 oder neuer (Kein MacBook) \u00a0 Jetzt mit einem 50% lauteren Lautsprecher und einer bis zu 1,5x gr\u00f6\u00dferen Reichweite f\u00fcr die [&hellip;]<\/p>\n","protected":false},"featured_media":6137,"template":"","meta":{"ocean_post_layout":"","ocean_both_sidebars_style":"","ocean_both_sidebars_content_width":0,"ocean_both_sidebars_sidebars_width":0,"ocean_sidebar":"0","ocean_second_sidebar":"0","ocean_disable_margins":"enable","ocean_add_body_class":"","ocean_shortcode_before_top_bar":"","ocean_shortcode_after_top_bar":"","ocean_shortcode_before_header":"","ocean_shortcode_after_header":"","ocean_has_shortcode":"","ocean_shortcode_after_title":"","ocean_shortcode_before_footer_widgets":"","ocean_shortcode_after_footer_widgets":"","ocean_shortcode_before_footer_bottom":"","ocean_shortcode_after_footer_bottom":"","ocean_display_top_bar":"default","ocean_display_header":"default","ocean_header_style":"","ocean_center_header_left_menu":"0","ocean_custom_header_template":"0","ocean_custom_logo":0,"ocean_custom_retina_logo":0,"ocean_custom_logo_max_width":0,"ocean_custom_logo_tablet_max_width":0,"ocean_custom_logo_mobile_max_width":0,"ocean_custom_logo_max_height":0,"ocean_custom_logo_tablet_max_height":0,"ocean_custom_logo_mobile_max_height":0,"ocean_header_custom_menu":"0","ocean_menu_typo_font_family":"0","ocean_menu_typo_font_subset":"","ocean_menu_typo_font_size":0,"ocean_menu_typo_font_size_tablet":0,"ocean_menu_typo_font_size_mobile":0,"ocean_menu_typo_font_size_unit":"px","ocean_menu_typo_font_weight":"","ocean_menu_typo_font_weight_tablet":"","ocean_menu_typo_font_weight_mobile":"","ocean_menu_typo_transform":"","ocean_menu_typo_transform_tablet":"","ocean_menu_typo_transform_mobile":"","ocean_menu_typo_line_height":0,"ocean_menu_typo_line_height_tablet":0,"ocean_menu_typo_line_height_mobile":0,"ocean_menu_typo_line_height_unit":"","ocean_menu_typo_spacing":0,"ocean_menu_typo_spacing_tablet":0,"ocean_menu_typo_spacing_mobile":0,"ocean_menu_typo_spacing_unit":"","ocean_menu_link_color":"","ocean_menu_link_color_hover":"","ocean_menu_link_color_active":"","ocean_menu_link_background":"","ocean_menu_link_hover_background":"","ocean_menu_link_active_background":"","ocean_menu_social_links_bg":"","ocean_menu_social_hover_links_bg":"","ocean_menu_social_links_color":"","ocean_menu_social_hover_links_color":"","ocean_disable_title":"default","ocean_disable_heading":"default","ocean_post_title":"","ocean_post_subheading":"","ocean_post_title_style":"","ocean_post_title_background_color":"","ocean_post_title_background":0,"ocean_post_title_bg_image_position":"","ocean_post_title_bg_image_attachment":"","ocean_post_title_bg_image_repeat":"","ocean_post_title_bg_image_size":"","ocean_post_title_height":0,"ocean_post_title_bg_overlay":0.5,"ocean_post_title_bg_overlay_color":"","ocean_disable_breadcrumbs":"default","ocean_breadcrumbs_color":"","ocean_breadcrumbs_separator_color":"","ocean_breadcrumbs_links_color":"","ocean_breadcrumbs_links_hover_color":"","ocean_display_footer_widgets":"default","ocean_display_footer_bottom":"default","ocean_custom_footer_template":"0"},"product_brand":[],"product_cat":[1451],"product_tag":[1455,1490,1489,1454],"class_list":{"0":"post-6039","1":"product","2":"type-product","3":"status-publish","4":"has-post-thumbnail","6":"product_cat-apple","7":"product_tag-airtag","8":"product_tag-airtag-2-generation","9":"product_tag-apple-airtag-2","10":"product_tag-apple-tracker","12":"entry","13":"has-media","15":"first","16":"instock","17":"sold-individually","18":"purchasable","19":"product-type-simple","20":"col","21":"span_1_of_4","22":"owp-content-center","23":"item-entry","24":"owp-thumbs-layout-horizontal","25":"owp-btn-normal","26":"owp-tabs-layout-horizontal"},"yoast_head":"<!-- This site is optimized with the Yoast SEO plugin v27.4 - https:\/\/yoast.com\/product\/yoast-seo-wordpress\/ -->\n<title>Original Apple Airtag 2. Generation Tracker Ortungsger\u00e4t<\/title>\n<meta name=\"description\" content=\"Originales und Neues Apple Produkt. Apple Airtag 2 Tracker Ortungsger\u00e4t Ortungstracker. AirTag 2 in Verbindung mit dem iPhone, iPad.\" \/>\n<meta name=\"robots\" content=\"index, follow, max-snippet:-1, max-image-preview:large, max-video-preview:-1\" \/>\n<link rel=\"canonical\" href=\"https:\/\/www.navi-express.com\/en\/shop\/apple\/apple-airtag-2-generation-1-stueck-tracker-ortungsgeraet-neu-original\/\" \/>\n<meta property=\"og:locale\" content=\"en_US\" \/>\n<meta property=\"og:type\" content=\"article\" \/>\n<meta property=\"og:title\" content=\"Original Apple Airtag 2. Generation Tracker Ortungsger\u00e4t\" \/>\n<meta property=\"og:description\" content=\"Originales und Neues Apple Produkt. Apple Airtag 2 Tracker Ortungsger\u00e4t Ortungstracker. AirTag 2 in Verbindung mit dem iPhone, iPad.\" \/>\n<meta property=\"og:url\" content=\"https:\/\/www.navi-express.com\/en\/shop\/apple\/apple-airtag-2-generation-1-stueck-tracker-ortungsgeraet-neu-original\/\" \/>\n<meta property=\"og:site_name\" content=\"Navi-Express\" \/>\n<meta property=\"article:modified_time\" content=\"2026-04-01T08:59:09+00:00\" \/>\n<meta property=\"og:image\" content=\"https:\/\/www.navi-express.com\/wp-content\/uploads\/2026\/02\/1-scaled.jpg\" \/>\n\t<meta property=\"og:image:width\" content=\"2016\" \/>\n\t<meta property=\"og:image:height\" content=\"2560\" \/>\n\t<meta property=\"og:image:type\" content=\"image\/jpeg\" \/>\n<meta name=\"twitter:card\" content=\"summary_large_image\" \/>\n<meta name=\"twitter:label1\" content=\"Est. reading time\" \/>\n\t<meta name=\"twitter:data1\" content=\"3 minutes\" \/>\n<script type=\"application\/ld+json\" class=\"yoast-schema-graph\">{\"@context\":\"https:\\\/\\\/schema.org\",\"@graph\":[{\"@type\":\"WebPage\",\"@id\":\"https:\\\/\\\/www.navi-express.com\\\/shop\\\/apple\\\/apple-airtag-2-generation-1-stueck-tracker-ortungsgeraet-neu-original\\\/\",\"url\":\"https:\\\/\\\/www.navi-express.com\\\/shop\\\/apple\\\/apple-airtag-2-generation-1-stueck-tracker-ortungsgeraet-neu-original\\\/\",\"name\":\"Original Apple Airtag 2. Generation Tracker Ortungsger\u00e4t\",\"isPartOf\":{\"@id\":\"https:\\\/\\\/www.navi-express.com\\\/#website\"},\"primaryImageOfPage\":{\"@id\":\"https:\\\/\\\/www.navi-express.com\\\/shop\\\/apple\\\/apple-airtag-2-generation-1-stueck-tracker-ortungsgeraet-neu-original\\\/#primaryimage\"},\"image\":{\"@id\":\"https:\\\/\\\/www.navi-express.com\\\/shop\\\/apple\\\/apple-airtag-2-generation-1-stueck-tracker-ortungsgeraet-neu-original\\\/#primaryimage\"},\"thumbnailUrl\":\"https:\\\/\\\/www.navi-express.com\\\/wp-content\\\/uploads\\\/2026\\\/02\\\/1-scaled.jpg\",\"datePublished\":\"2026-02-06T14:42:12+00:00\",\"dateModified\":\"2026-04-01T08:59:09+00:00\",\"description\":\"Originales und Neues Apple Produkt. Apple Airtag 2 Tracker Ortungsger\u00e4t Ortungstracker. AirTag 2 in Verbindung mit dem iPhone, iPad.\",\"breadcrumb\":{\"@id\":\"https:\\\/\\\/www.navi-express.com\\\/shop\\\/apple\\\/apple-airtag-2-generation-1-stueck-tracker-ortungsgeraet-neu-original\\\/#breadcrumb\"},\"inLanguage\":\"en-US\",\"potentialAction\":[{\"@type\":\"ReadAction\",\"target\":[\"https:\\\/\\\/www.navi-express.com\\\/shop\\\/apple\\\/apple-airtag-2-generation-1-stueck-tracker-ortungsgeraet-neu-original\\\/\"]}]},{\"@type\":\"ImageObject\",\"inLanguage\":\"en-US\",\"@id\":\"https:\\\/\\\/www.navi-express.com\\\/shop\\\/apple\\\/apple-airtag-2-generation-1-stueck-tracker-ortungsgeraet-neu-original\\\/#primaryimage\",\"url\":\"https:\\\/\\\/www.navi-express.com\\\/wp-content\\\/uploads\\\/2026\\\/02\\\/1-scaled.jpg\",\"contentUrl\":\"https:\\\/\\\/www.navi-express.com\\\/wp-content\\\/uploads\\\/2026\\\/02\\\/1-scaled.jpg\",\"width\":2016,\"height\":2560,\"caption\":\"dav\"},{\"@type\":\"BreadcrumbList\",\"@id\":\"https:\\\/\\\/www.navi-express.com\\\/shop\\\/apple\\\/apple-airtag-2-generation-1-stueck-tracker-ortungsgeraet-neu-original\\\/#breadcrumb\",\"itemListElement\":[{\"@type\":\"ListItem\",\"position\":1,\"name\":\"Startseite\",\"item\":\"https:\\\/\\\/www.navi-express.com\\\/\"},{\"@type\":\"ListItem\",\"position\":2,\"name\":\"Shop\",\"item\":\"https:\\\/\\\/www.navi-express.com\\\/shop\\\/\"},{\"@type\":\"ListItem\",\"position\":3,\"name\":\"APPLE AIRTAG 2. GENERATION 1 ST\u00dcCK WEI\u00df NEU ORIGINAL\"}]},{\"@type\":\"WebSite\",\"@id\":\"https:\\\/\\\/www.navi-express.com\\\/#website\",\"url\":\"https:\\\/\\\/www.navi-express.com\\\/\",\"name\":\"Navi-Express\",\"description\":\"Ihr Experte f\u00fcr Navigation\",\"publisher\":{\"@id\":\"https:\\\/\\\/www.navi-express.com\\\/#organization\"},\"alternateName\":\"NE\",\"potentialAction\":[{\"@type\":\"SearchAction\",\"target\":{\"@type\":\"EntryPoint\",\"urlTemplate\":\"https:\\\/\\\/www.navi-express.com\\\/?s={search_term_string}\"},\"query-input\":{\"@type\":\"PropertyValueSpecification\",\"valueRequired\":true,\"valueName\":\"search_term_string\"}}],\"inLanguage\":\"en-US\"},{\"@type\":\"Organization\",\"@id\":\"https:\\\/\\\/www.navi-express.com\\\/#organization\",\"name\":\"Navi-Express\",\"alternateName\":\"NE\",\"url\":\"https:\\\/\\\/www.navi-express.com\\\/\",\"logo\":{\"@type\":\"ImageObject\",\"inLanguage\":\"en-US\",\"@id\":\"https:\\\/\\\/www.navi-express.com\\\/#\\\/schema\\\/logo\\\/image\\\/\",\"url\":\"https:\\\/\\\/www.navi-express.com\\\/wp-content\\\/uploads\\\/2019\\\/03\\\/cropped-logo-transpbearb-1.png\",\"contentUrl\":\"https:\\\/\\\/www.navi-express.com\\\/wp-content\\\/uploads\\\/2019\\\/03\\\/cropped-logo-transpbearb-1.png\",\"width\":512,\"height\":512,\"caption\":\"Navi-Express\"},\"image\":{\"@id\":\"https:\\\/\\\/www.navi-express.com\\\/#\\\/schema\\\/logo\\\/image\\\/\"}}]}<\/script>\n<!-- \/ Yoast SEO plugin. -->","yoast_head_json":{"title":"Original Apple Airtag 2. Generation Tracker Ortungsger\u00e4t","description":"Originales und Neues Apple Produkt. Apple Airtag 2 Tracker Ortungsger\u00e4t Ortungstracker. AirTag 2 in Verbindung mit dem iPhone, iPad.","robots":{"index":"index","follow":"follow","max-snippet":"max-snippet:-1","max-image-preview":"max-image-preview:large","max-video-preview":"max-video-preview:-1"},"canonical":"https:\/\/www.navi-express.com\/en\/shop\/apple\/apple-airtag-2-generation-1-stueck-tracker-ortungsgeraet-neu-original\/","og_locale":"en_US","og_type":"article","og_title":"Original Apple Airtag 2. Generation Tracker Ortungsger\u00e4t","og_description":"Originales und Neues Apple Produkt. Apple Airtag 2 Tracker Ortungsger\u00e4t Ortungstracker. AirTag 2 in Verbindung mit dem iPhone, iPad.","og_url":"https:\/\/www.navi-express.com\/en\/shop\/apple\/apple-airtag-2-generation-1-stueck-tracker-ortungsgeraet-neu-original\/","og_site_name":"Navi-Express","article_modified_time":"2026-04-01T08:59:09+00:00","og_image":[{"width":2016,"height":2560,"url":"https:\/\/www.navi-express.com\/wp-content\/uploads\/2026\/02\/1-scaled.jpg","type":"image\/jpeg"}],"twitter_card":"summary_large_image","twitter_misc":{"Est. reading time":"3 minutes"},"schema":{"@context":"https:\/\/schema.org","@graph":[{"@type":"WebPage","@id":"https:\/\/www.navi-express.com\/shop\/apple\/apple-airtag-2-generation-1-stueck-tracker-ortungsgeraet-neu-original\/","url":"https:\/\/www.navi-express.com\/shop\/apple\/apple-airtag-2-generation-1-stueck-tracker-ortungsgeraet-neu-original\/","name":"Original Apple Airtag 2. Generation Tracker Ortungsger\u00e4t","isPartOf":{"@id":"https:\/\/www.navi-express.com\/#website"},"primaryImageOfPage":{"@id":"https:\/\/www.navi-express.com\/shop\/apple\/apple-airtag-2-generation-1-stueck-tracker-ortungsgeraet-neu-original\/#primaryimage"},"image":{"@id":"https:\/\/www.navi-express.com\/shop\/apple\/apple-airtag-2-generation-1-stueck-tracker-ortungsgeraet-neu-original\/#primaryimage"},"thumbnailUrl":"https:\/\/www.navi-express.com\/wp-content\/uploads\/2026\/02\/1-scaled.jpg","datePublished":"2026-02-06T14:42:12+00:00","dateModified":"2026-04-01T08:59:09+00:00","description":"Originales und Neues Apple Produkt. Apple Airtag 2 Tracker Ortungsger\u00e4t Ortungstracker. AirTag 2 in Verbindung mit dem iPhone, iPad.","breadcrumb":{"@id":"https:\/\/www.navi-express.com\/shop\/apple\/apple-airtag-2-generation-1-stueck-tracker-ortungsgeraet-neu-original\/#breadcrumb"},"inLanguage":"en-US","potentialAction":[{"@type":"ReadAction","target":["https:\/\/www.navi-express.com\/shop\/apple\/apple-airtag-2-generation-1-stueck-tracker-ortungsgeraet-neu-original\/"]}]},{"@type":"ImageObject","inLanguage":"en-US","@id":"https:\/\/www.navi-express.com\/shop\/apple\/apple-airtag-2-generation-1-stueck-tracker-ortungsgeraet-neu-original\/#primaryimage","url":"https:\/\/www.navi-express.com\/wp-content\/uploads\/2026\/02\/1-scaled.jpg","contentUrl":"https:\/\/www.navi-express.com\/wp-content\/uploads\/2026\/02\/1-scaled.jpg","width":2016,"height":2560,"caption":"dav"},{"@type":"BreadcrumbList","@id":"https:\/\/www.navi-express.com\/shop\/apple\/apple-airtag-2-generation-1-stueck-tracker-ortungsgeraet-neu-original\/#breadcrumb","itemListElement":[{"@type":"ListItem","position":1,"name":"Startseite","item":"https:\/\/www.navi-express.com\/"},{"@type":"ListItem","position":2,"name":"Shop","item":"https:\/\/www.navi-express.com\/shop\/"},{"@type":"ListItem","position":3,"name":"APPLE AIRTAG 2. GENERATION 1 ST\u00dcCK WEI\u00df NEU ORIGINAL"}]},{"@type":"WebSite","@id":"https:\/\/www.navi-express.com\/#website","url":"https:\/\/www.navi-express.com\/","name":"Navi-Express","description":"Ihr Experte f\u00fcr Navigation","publisher":{"@id":"https:\/\/www.navi-express.com\/#organization"},"alternateName":"NE","potentialAction":[{"@type":"SearchAction","target":{"@type":"EntryPoint","urlTemplate":"https:\/\/www.navi-express.com\/?s={search_term_string}"},"query-input":{"@type":"PropertyValueSpecification","valueRequired":true,"valueName":"search_term_string"}}],"inLanguage":"en-US"},{"@type":"Organization","@id":"https:\/\/www.navi-express.com\/#organization","name":"Navi-Express","alternateName":"NE","url":"https:\/\/www.navi-express.com\/","logo":{"@type":"ImageObject","inLanguage":"en-US","@id":"https:\/\/www.navi-express.com\/#\/schema\/logo\/image\/","url":"https:\/\/www.navi-express.com\/wp-content\/uploads\/2019\/03\/cropped-logo-transpbearb-1.png","contentUrl":"https:\/\/www.navi-express.com\/wp-content\/uploads\/2019\/03\/cropped-logo-transpbearb-1.png","width":512,"height":512,"caption":"Navi-Express"},"image":{"@id":"https:\/\/www.navi-express.com\/#\/schema\/logo\/image\/"}}]}},"_links":{"self":[{"href":"https:\/\/www.navi-express.com\/en\/wp-json\/wp\/v2\/product\/6039","targetHints":{"allow":["GET"]}}],"collection":[{"href":"https:\/\/www.navi-express.com\/en\/wp-json\/wp\/v2\/product"}],"about":[{"href":"https:\/\/www.navi-express.com\/en\/wp-json\/wp\/v2\/types\/product"}],"wp:featuredmedia":[{"embeddable":true,"href":"https:\/\/www.navi-express.com\/en\/wp-json\/wp\/v2\/media\/6137"}],"wp:attachment":[{"href":"https:\/\/www.navi-express.com\/en\/wp-json\/wp\/v2\/media?parent=6039"}],"wp:term":[{"taxonomy":"product_brand","embeddable":true,"href":"https:\/\/www.navi-express.com\/en\/wp-json\/wp\/v2\/product_brand?post=6039"},{"taxonomy":"product_cat","embeddable":true,"href":"https:\/\/www.navi-express.com\/en\/wp-json\/wp\/v2\/product_cat?post=6039"},{"taxonomy":"product_tag","embeddable":true,"href":"https:\/\/www.navi-express.com\/en\/wp-json\/wp\/v2\/product_tag?post=6039"}],"curies":[{"name":"wp","href":"https:\/\/api.w.org\/{rel}","templated":true}]}}