{"id":615,"date":"2020-09-17T11:56:34","date_gmt":"2020-09-17T09:56:34","guid":{"rendered":"https:\/\/www.navi-express.com\/?post_type=product&#038;p=615"},"modified":"2024-12-30T10:42:49","modified_gmt":"2024-12-30T09:42:49","slug":"sd-karte-garmin-map-pilot-2018-2019-europa-erstinstallation-aktivierung-speicherkarte-audio-20-ntg5-star2","status":"publish","type":"product","link":"https:\/\/www.navi-express.com\/en\/shop\/mercedes-benz\/mercedes-benz-navigation-sd-karte-garmin-map-pilot\/ntg5-star2\/sd-karte-garmin-map-pilot-2018-2019-europa-erstinstallation-aktivierung-speicherkarte-audio-20-ntg5-star2\/","title":{"rendered":"SD Karte Garmin MAP PILOT 2018\/2019 EUROPA Erstinstallation Aktivierung Speicherkarte Audio 20 NTG5 Star2"},"content":{"rendered":"<p style=\"font-weight: 400;\"><span style=\"color: #000000;\"><strong>Original + NEU + IN FOLIE VERSCHWEI\u00dfT<\/strong><\/span><\/p>\n<p><span style=\"color: #000000;\"><strong>Mercedes-Benz\u00a0<\/strong><\/span><\/p>\n<p style=\"font-weight: 400;\"><span style=\"color: #000000;\"><strong>Erstinstallation \/ Erstinbetriebnahme \/ Aktivierung SD Speicherkarte<\/strong><\/span><\/p>\n<p style=\"font-weight: 400;\"><span style=\"color: #000000;\"><strong>Garmin MAP PILOT 2018\/2019<\/strong><\/span><\/p>\n<p style=\"font-weight: 400;\"><span style=\"color: #000000;\"><strong>EUROPA<\/strong><\/span><\/p>\n<p style=\"font-weight: 400;\"><span style=\"color: #000000;\"><strong>Audio 20<\/strong><\/span><\/p>\n<p style=\"font-weight: 400;\"><span style=\"color: #000000;\"><strong>NTG5 Star2<\/strong><\/span><\/p>\n<p style=\"font-weight: 400;\"><span style=\"color: #000000;\"><strong>bei vorhandener Vorr\u00fcstung -&gt; CODE 355<\/strong><\/span><\/p>\n<p>&nbsp;<\/p>\n<p>&nbsp;<\/p>\n<p><span style=\"color: #000000;\"><strong>Wichtige Hinweise:<\/strong><\/span><\/p>\n<ul>\n<li><span style=\"color: #000000;\"><strong>Dies ist eine Originale und initiale SD Karte Garmin MAP PILOT 2018\/2019 Europa , welche Ihr Navigationsger\u00e4t Audio 20 NTG5 Star2 aktiviert<\/strong><\/span><\/li>\n<li><span style=\"color: #000000;\"><strong>Diese SD Karte ist absolut NICHT geeignet f\u00fcr Audio 20 NTG5 Star1 , Audio 20 NTG5.5 , COMAND ONLINE oder andere Navigationssysteme!<\/strong><\/span><\/li>\n<li><span style=\"color: #000000;\"><strong>Nur passend bei vorhandener Vorr\u00fcstung ( Code 355 ) und Telematikgeneration NTG 5 Star 2<\/strong><\/span><\/li>\n<li><span style=\"color: #000000;\"><strong>Die SD Karte muss zur Navigation im entsprechenden Slot bleiben<\/strong><\/span><\/li>\n<li><span style=\"color: #000000;\"><strong>Da die SD Karte nach Einschub mit dem Fahrzeug bzw. dem Navigationssystem verheiratet wird, ist diese NICHT in andere Fahrzeuge \u00fcbertragbar<\/strong><\/span><\/li>\n<\/ul>\n<p>&nbsp;<\/p>\n<blockquote><p><span style=\"color: #ff0000;\"><strong>Wenn Sie sich nicht sicher sind, bitte fragen Sie bei uns vor dem Kauf an !<\/strong><\/span><\/p>\n<p><strong><span style=\"color: #ff0000;\">Bitte dabei uns Fahrzeugmodell und Baujahr sowie die Fahrzeugnummer (FIN) mitteilen !<\/span><\/strong><\/p><\/blockquote>\n<p>&nbsp;<\/p>\n<p>&nbsp;<\/p>\n<p><span style=\"color: #000000;\"><strong><u>Geeignete Fahrzeuge mit NTG5 Star2 :<\/u><\/strong><\/span><\/p>\n<p style=\"font-weight: 400;\"><span style=\"color: #000000;\"><strong>C-Klasse Cabrio A205 ab Baujahr 09\/2016 &#8211; 08\/2017<\/strong><\/span><\/p>\n<p style=\"font-weight: 400;\"><span style=\"color: #000000;\"><strong>C-Klasse W205 ab\u00a0Baujahr\u00a003\/2014 &#8211; 08\/2017<\/strong><\/span><\/p>\n<p style=\"font-weight: 400;\"><span style=\"color: #000000;\"><strong>C-Klasse T-Modell S205 ab\u00a0Baujahr\u00a009\/2014 &#8211; 08\/2017<\/strong><\/span><\/p>\n<p style=\"font-weight: 400;\"><span style=\"color: #000000;\"><strong>C-Klasse Coupe C205 ab\u00a0Baujahr\u00a012\/2015 &#8211; 08\/2017<\/strong><\/span><\/p>\n<blockquote><p><span style=\"color: #ff0000;\"><strong>NICHT geeignet f\u00fcr die C-Klasse mit Code 506 (gr\u00f6\u00dferes Display &#8211; NTG5.5)<\/strong><\/span><\/p>\n<p><span style=\"color: #ff0000;\"><strong>Bitte anfragen bei C-Klasse !<\/strong><\/span><\/p><\/blockquote>\n<p>&nbsp;<\/p>\n<p style=\"font-weight: 400;\"><span style=\"color: #000000;\"><strong>E-Klasse W213 ab Baujahr 04\/2016 &#8211; 05\/2018<\/strong><\/span><\/p>\n<p style=\"font-weight: 400;\"><span style=\"color: #000000;\"><strong>E-Klasse S213 ab Baujahr 10\/2016 &#8211; 05\/2018<\/strong><\/span><\/p>\n<p style=\"font-weight: 400;\"><span style=\"color: #000000;\"><strong>E-Klasse A238 ab Baujahr 09\/2017 &#8211; 05\/2018<\/strong><\/span><\/p>\n<p style=\"font-weight: 400;\"><span style=\"color: #000000;\"><strong>E-Klasse C238 ab Baujahr 04\/2017 &#8211; 05\/2018<\/strong><\/span><\/p>\n<blockquote>\n<p style=\"font-weight: 400;\"><span style=\"color: #ff0000;\"><strong>&gt; NICHT geeignet f\u00fcr die E-Klasse mit Code 506 (gr\u00f6\u00dferes Display &#8211; NTG5.5)<\/strong><\/span><\/p>\n<\/blockquote>\n<p>&nbsp;<\/p>\n<p><span style=\"color: #000000;\"><strong>GLC X253 ab\u00a0Baujahr\u00a009\/2015 &#8211; 08\/2017<\/strong><\/span><\/p>\n<p style=\"font-weight: 400;\"><span style=\"color: #000000;\"><strong>GLC C253 ab\u00a0Baujahr\u00a009\/2016 &#8211; 08\/2017<\/strong><\/span><\/p>\n<p>&nbsp;<\/p>\n<p><span style=\"color: #000000;\"><strong>V-Klasse BR447 ab\u00a0Baujahr\u00a005\/2014 &#8211; 06\/2019<\/strong><\/span><\/p>\n<p style=\"font-weight: 400;\"><span style=\"color: #000000;\"><strong>V-Klasse BR447 ab\u00a0Baujahr\u00a006\/2019 &#8211; &#8230;<\/strong><\/span><\/p>\n<p>&nbsp;<\/p>\n<p style=\"font-weight: 400;\"><span style=\"color: #000000;\"><strong>X-Klasse BR470 ab Baujahr 11\/2017 &#8211; &#8230;<\/strong><\/span><\/p>\n<p>&nbsp;<\/p>\n<p>&nbsp;<\/p>\n<p>&nbsp;<\/p>\n<p style=\"font-weight: 400;\"><span style=\"color: #000000;\"><u>Enthaltene Kartendaten:<\/u><\/span><\/p>\n<p style=\"font-weight: 400;\"><span style=\"color: #000000;\">Albanien, Andorra, Belgien, Bosnien und Herzegowina, Bulgarien, D\u00e4nemark, Deutschland, Estland, Finnland, Frankreich, Gibraltar, Griechenland, Gro\u00dfbritannien, Island, Israel, Irland, Italien, Kasachstan, Kosovo, Kroatien, Lettland, Liechtenstein, Litauen, Luxemburg, Mazedonien, Malta, Monaco, Montenegro, Niederlande, Norwegen, Polen, Portugal, Rum\u00e4nien, Russland (einschlie\u00dflich Kaliningrad Oblast), San Marino, Serbien, Slowakei, Slowenien, Spanien (einschlie\u00dflich der Kanarischen Inseln), Schweden, Schweiz, Ungarn, Ukraine, Vatikanstadt, Wei\u00dfrussland (Belarus)<\/span><\/p>\n<p style=\"font-weight: 400;\"><span style=\"color: #000000;\">* <\/span>KEINE<span style=\"color: #000000;\"> KARTENDATEN F\u00dcR DIE T\u00dcRKEI !<\/span><\/p>\n<p>&nbsp;<\/p>\n<p>____________________________________________________________________________________________________________________<\/p>\n<p><strong><span style=\"color: #000000;\"><u>Hersteller \/ EU verantwortliche Person:<\/u><\/span><\/strong><\/p>\n<p><strong><span style=\"color: #000000;\">Mercedes-Benz AG<\/span><\/strong><\/p>\n<p><strong><span style=\"color: #000000;\">Mercedesstra\u00dfe 120<\/span><\/strong><\/p>\n<p><strong><span style=\"color: #000000;\">70372 Stuttgart<\/span><\/strong><\/p>\n<p><strong><span style=\"color: #000000;\">Deutschland<\/span><\/strong><\/p>\n<p><strong><span style=\"color: #000000;\">Tel.: +49 711 17-0<\/span><\/strong><\/p>\n<p><strong><span style=\"color: #000000;\">E-Mail: dialog.mb@mercedes-benz.com<\/span><\/strong><\/p>","protected":false},"excerpt":{"rendered":"<p style=\"font-weight: 400;\"><span style=\"color: #000000;\"><strong>Original + NEU + IN FOLIE VERSCHWEI\u00dfT<\/strong><\/span><\/p>\n<p><span style=\"color: #000000;\"><strong>Mercedes-Benz\u00a0<\/strong><\/span><\/p>\n<p style=\"font-weight: 400;\"><span style=\"color: #000000;\"><strong>Erstinstallation \/ Erstinbetriebnahme \/ Aktivierung SD Speicherkarte<\/strong><\/span><\/p>\n<p style=\"font-weight: 400;\"><span style=\"color: #000000;\"><strong>Garmin MAP PILOT 2018\/2019<\/strong><\/span><\/p>\n<p style=\"font-weight: 400;\"><span style=\"color: #000000;\"><strong>EUROPA<\/strong><\/span><\/p>\n<p style=\"font-weight: 400;\"><span style=\"color: #000000;\"><strong>Audio 20<\/strong><\/span><\/p>\n<p style=\"font-weight: 400;\"><span style=\"color: #000000;\"><strong>NTG5 Star2<\/strong><\/span><\/p>\n<p style=\"font-weight: 400;\"><span style=\"color: #000000;\"><strong>bei vorhandener Vorr\u00fcstung -&gt; CODE 355<\/strong><\/span><\/p>","protected":false},"featured_media":823,"template":"","meta":{"ocean_post_layout":"","ocean_both_sidebars_style":"","ocean_both_sidebars_content_width":0,"ocean_both_sidebars_sidebars_width":0,"ocean_sidebar":"0","ocean_second_sidebar":"0","ocean_disable_margins":"enable","ocean_add_body_class":"","ocean_shortcode_before_top_bar":"","ocean_shortcode_after_top_bar":"","ocean_shortcode_before_header":"","ocean_shortcode_after_header":"","ocean_has_shortcode":"","ocean_shortcode_after_title":"","ocean_shortcode_before_footer_widgets":"","ocean_shortcode_after_footer_widgets":"","ocean_shortcode_before_footer_bottom":"","ocean_shortcode_after_footer_bottom":"","ocean_display_top_bar":"default","ocean_display_header":"default","ocean_header_style":"","ocean_center_header_left_menu":"0","ocean_custom_header_template":"0","ocean_custom_logo":0,"ocean_custom_retina_logo":0,"ocean_custom_logo_max_width":0,"ocean_custom_logo_tablet_max_width":0,"ocean_custom_logo_mobile_max_width":0,"ocean_custom_logo_max_height":0,"ocean_custom_logo_tablet_max_height":0,"ocean_custom_logo_mobile_max_height":0,"ocean_header_custom_menu":"0","ocean_menu_typo_font_family":"0","ocean_menu_typo_font_subset":"","ocean_menu_typo_font_size":0,"ocean_menu_typo_font_size_tablet":0,"ocean_menu_typo_font_size_mobile":0,"ocean_menu_typo_font_size_unit":"px","ocean_menu_typo_font_weight":"","ocean_menu_typo_font_weight_tablet":"","ocean_menu_typo_font_weight_mobile":"","ocean_menu_typo_transform":"","ocean_menu_typo_transform_tablet":"","ocean_menu_typo_transform_mobile":"","ocean_menu_typo_line_height":0,"ocean_menu_typo_line_height_tablet":0,"ocean_menu_typo_line_height_mobile":0,"ocean_menu_typo_line_height_unit":"","ocean_menu_typo_spacing":0,"ocean_menu_typo_spacing_tablet":0,"ocean_menu_typo_spacing_mobile":0,"ocean_menu_typo_spacing_unit":"","ocean_menu_link_color":"","ocean_menu_link_color_hover":"","ocean_menu_link_color_active":"","ocean_menu_link_background":"","ocean_menu_link_hover_background":"","ocean_menu_link_active_background":"","ocean_menu_social_links_bg":"","ocean_menu_social_hover_links_bg":"","ocean_menu_social_links_color":"","ocean_menu_social_hover_links_color":"","ocean_disable_title":"default","ocean_disable_heading":"default","ocean_post_title":"","ocean_post_subheading":"","ocean_post_title_style":"","ocean_post_title_background_color":"","ocean_post_title_background":0,"ocean_post_title_bg_image_position":"","ocean_post_title_bg_image_attachment":"","ocean_post_title_bg_image_repeat":"","ocean_post_title_bg_image_size":"","ocean_post_title_height":0,"ocean_post_title_bg_overlay":0.5,"ocean_post_title_bg_overlay_color":"","ocean_disable_breadcrumbs":"default","ocean_breadcrumbs_color":"","ocean_breadcrumbs_separator_color":"","ocean_breadcrumbs_links_color":"","ocean_breadcrumbs_links_hover_color":"","ocean_display_footer_widgets":"default","ocean_display_footer_bottom":"default","ocean_custom_footer_template":"0"},"product_brand":[],"product_cat":[1090],"product_tag":[235,188,236,234,22,264,183,231,182,232],"class_list":{"0":"post-615","1":"product","2":"type-product","3":"status-publish","4":"has-post-thumbnail","6":"product_cat-ntg5-star2","7":"product_tag-aktivierung","8":"product_tag-audio-20","9":"product_tag-erstinbetriebnahme","10":"product_tag-erstinstallation","11":"product_tag-europa","12":"product_tag-europa-2018-2019","13":"product_tag-garmin-map-pilot","14":"product_tag-ntg5-star2","15":"product_tag-sd-karte","16":"product_tag-speicherkarte","18":"entry","19":"has-media","21":"first","22":"outofstock","23":"sale","24":"sold-individually","25":"purchasable","26":"product-type-simple","27":"col","28":"span_1_of_4","29":"owp-content-center","30":"item-entry","31":"owp-thumbs-layout-horizontal","32":"owp-btn-normal","33":"owp-tabs-layout-horizontal"},"yoast_head":"<!-- This site is optimized with the Yoast SEO plugin v27.4 - https:\/\/yoast.com\/product\/yoast-seo-wordpress\/ -->\n<title>SD Karte Garmin MAP PILOT 2018\/2019 EUROPA Erstinstallation Aktivierung Speicherkarte Audio 20 NTG5 Star2 - Navi-Express<\/title>\n<meta name=\"robots\" content=\"index, follow, max-snippet:-1, max-image-preview:large, max-video-preview:-1\" \/>\n<link rel=\"canonical\" href=\"https:\/\/www.navi-express.com\/en\/shop\/mercedes-benz\/mercedes-benz-navigation-sd-karte-garmin-map-pilot\/ntg5-star2\/sd-karte-garmin-map-pilot-2018-2019-europa-erstinstallation-aktivierung-speicherkarte-audio-20-ntg5-star2\/\" \/>\n<meta property=\"og:locale\" content=\"en_US\" \/>\n<meta property=\"og:type\" content=\"article\" \/>\n<meta property=\"og:title\" content=\"SD Karte Garmin MAP PILOT 2018\/2019 EUROPA Erstinstallation Aktivierung Speicherkarte Audio 20 NTG5 Star2 - Navi-Express\" \/>\n<meta property=\"og:description\" content=\"Original + NEU + IN FOLIE VERSCHWEI\u00dfT Mercedes-Benz\u00a0 Erstinstallation \/ Erstinbetriebnahme \/ Aktivierung SD Speicherkarte Garmin MAP PILOT 2018\/2019 EUROPA Audio 20 NTG5 Star2 bei vorhandener Vorr\u00fcstung -&gt; CODE 355\" \/>\n<meta property=\"og:url\" content=\"https:\/\/www.navi-express.com\/en\/shop\/mercedes-benz\/mercedes-benz-navigation-sd-karte-garmin-map-pilot\/ntg5-star2\/sd-karte-garmin-map-pilot-2018-2019-europa-erstinstallation-aktivierung-speicherkarte-audio-20-ntg5-star2\/\" \/>\n<meta property=\"og:site_name\" content=\"Navi-Express\" \/>\n<meta property=\"article:modified_time\" content=\"2024-12-30T09:42:49+00:00\" \/>\n<meta property=\"og:image\" content=\"https:\/\/www.navi-express.com\/wp-content\/uploads\/2020\/09\/IMG_20210930_133117-scaled.jpg\" \/>\n\t<meta property=\"og:image:width\" content=\"1920\" \/>\n\t<meta property=\"og:image:height\" content=\"2560\" \/>\n\t<meta property=\"og:image:type\" content=\"image\/jpeg\" \/>\n<meta name=\"twitter:card\" content=\"summary_large_image\" \/>\n<meta name=\"twitter:label1\" content=\"Est. reading time\" \/>\n\t<meta name=\"twitter:data1\" content=\"2 minutes\" \/>\n<script type=\"application\/ld+json\" class=\"yoast-schema-graph\">{\"@context\":\"https:\\\/\\\/schema.org\",\"@graph\":[{\"@type\":\"WebPage\",\"@id\":\"https:\\\/\\\/www.navi-express.com\\\/shop\\\/mercedes-benz\\\/mercedes-benz-navigation-sd-karte-garmin-map-pilot\\\/ntg5-star2\\\/sd-karte-garmin-map-pilot-2018-2019-europa-erstinstallation-aktivierung-speicherkarte-audio-20-ntg5-star2\\\/\",\"url\":\"https:\\\/\\\/www.navi-express.com\\\/shop\\\/mercedes-benz\\\/mercedes-benz-navigation-sd-karte-garmin-map-pilot\\\/ntg5-star2\\\/sd-karte-garmin-map-pilot-2018-2019-europa-erstinstallation-aktivierung-speicherkarte-audio-20-ntg5-star2\\\/\",\"name\":\"SD Karte Garmin MAP PILOT 2018\\\/2019 EUROPA Erstinstallation Aktivierung Speicherkarte Audio 20 NTG5 Star2 - Navi-Express\",\"isPartOf\":{\"@id\":\"https:\\\/\\\/www.navi-express.com\\\/#website\"},\"primaryImageOfPage\":{\"@id\":\"https:\\\/\\\/www.navi-express.com\\\/shop\\\/mercedes-benz\\\/mercedes-benz-navigation-sd-karte-garmin-map-pilot\\\/ntg5-star2\\\/sd-karte-garmin-map-pilot-2018-2019-europa-erstinstallation-aktivierung-speicherkarte-audio-20-ntg5-star2\\\/#primaryimage\"},\"image\":{\"@id\":\"https:\\\/\\\/www.navi-express.com\\\/shop\\\/mercedes-benz\\\/mercedes-benz-navigation-sd-karte-garmin-map-pilot\\\/ntg5-star2\\\/sd-karte-garmin-map-pilot-2018-2019-europa-erstinstallation-aktivierung-speicherkarte-audio-20-ntg5-star2\\\/#primaryimage\"},\"thumbnailUrl\":\"https:\\\/\\\/www.navi-express.com\\\/wp-content\\\/uploads\\\/2020\\\/09\\\/IMG_20210930_133117-scaled.jpg\",\"datePublished\":\"2020-09-17T09:56:34+00:00\",\"dateModified\":\"2024-12-30T09:42:49+00:00\",\"breadcrumb\":{\"@id\":\"https:\\\/\\\/www.navi-express.com\\\/shop\\\/mercedes-benz\\\/mercedes-benz-navigation-sd-karte-garmin-map-pilot\\\/ntg5-star2\\\/sd-karte-garmin-map-pilot-2018-2019-europa-erstinstallation-aktivierung-speicherkarte-audio-20-ntg5-star2\\\/#breadcrumb\"},\"inLanguage\":\"en-US\",\"potentialAction\":[{\"@type\":\"ReadAction\",\"target\":[\"https:\\\/\\\/www.navi-express.com\\\/shop\\\/mercedes-benz\\\/mercedes-benz-navigation-sd-karte-garmin-map-pilot\\\/ntg5-star2\\\/sd-karte-garmin-map-pilot-2018-2019-europa-erstinstallation-aktivierung-speicherkarte-audio-20-ntg5-star2\\\/\"]}]},{\"@type\":\"ImageObject\",\"inLanguage\":\"en-US\",\"@id\":\"https:\\\/\\\/www.navi-express.com\\\/shop\\\/mercedes-benz\\\/mercedes-benz-navigation-sd-karte-garmin-map-pilot\\\/ntg5-star2\\\/sd-karte-garmin-map-pilot-2018-2019-europa-erstinstallation-aktivierung-speicherkarte-audio-20-ntg5-star2\\\/#primaryimage\",\"url\":\"https:\\\/\\\/www.navi-express.com\\\/wp-content\\\/uploads\\\/2020\\\/09\\\/IMG_20210930_133117-scaled.jpg\",\"contentUrl\":\"https:\\\/\\\/www.navi-express.com\\\/wp-content\\\/uploads\\\/2020\\\/09\\\/IMG_20210930_133117-scaled.jpg\",\"width\":1920,\"height\":2560},{\"@type\":\"BreadcrumbList\",\"@id\":\"https:\\\/\\\/www.navi-express.com\\\/shop\\\/mercedes-benz\\\/mercedes-benz-navigation-sd-karte-garmin-map-pilot\\\/ntg5-star2\\\/sd-karte-garmin-map-pilot-2018-2019-europa-erstinstallation-aktivierung-speicherkarte-audio-20-ntg5-star2\\\/#breadcrumb\",\"itemListElement\":[{\"@type\":\"ListItem\",\"position\":1,\"name\":\"Startseite\",\"item\":\"https:\\\/\\\/www.navi-express.com\\\/\"},{\"@type\":\"ListItem\",\"position\":2,\"name\":\"Shop\",\"item\":\"https:\\\/\\\/www.navi-express.com\\\/shop\\\/\"},{\"@type\":\"ListItem\",\"position\":3,\"name\":\"SD Karte Garmin MAP PILOT 2018\\\/2019 EUROPA Erstinstallation Aktivierung Speicherkarte Audio 20 NTG5 Star2\"}]},{\"@type\":\"WebSite\",\"@id\":\"https:\\\/\\\/www.navi-express.com\\\/#website\",\"url\":\"https:\\\/\\\/www.navi-express.com\\\/\",\"name\":\"Navi-Express\",\"description\":\"Ihr Experte f\u00fcr Navigation\",\"publisher\":{\"@id\":\"https:\\\/\\\/www.navi-express.com\\\/#organization\"},\"alternateName\":\"NE\",\"potentialAction\":[{\"@type\":\"SearchAction\",\"target\":{\"@type\":\"EntryPoint\",\"urlTemplate\":\"https:\\\/\\\/www.navi-express.com\\\/?s={search_term_string}\"},\"query-input\":{\"@type\":\"PropertyValueSpecification\",\"valueRequired\":true,\"valueName\":\"search_term_string\"}}],\"inLanguage\":\"en-US\"},{\"@type\":\"Organization\",\"@id\":\"https:\\\/\\\/www.navi-express.com\\\/#organization\",\"name\":\"Navi-Express\",\"alternateName\":\"NE\",\"url\":\"https:\\\/\\\/www.navi-express.com\\\/\",\"logo\":{\"@type\":\"ImageObject\",\"inLanguage\":\"en-US\",\"@id\":\"https:\\\/\\\/www.navi-express.com\\\/#\\\/schema\\\/logo\\\/image\\\/\",\"url\":\"https:\\\/\\\/www.navi-express.com\\\/wp-content\\\/uploads\\\/2019\\\/03\\\/cropped-logo-transpbearb-1.png\",\"contentUrl\":\"https:\\\/\\\/www.navi-express.com\\\/wp-content\\\/uploads\\\/2019\\\/03\\\/cropped-logo-transpbearb-1.png\",\"width\":512,\"height\":512,\"caption\":\"Navi-Express\"},\"image\":{\"@id\":\"https:\\\/\\\/www.navi-express.com\\\/#\\\/schema\\\/logo\\\/image\\\/\"}}]}<\/script>\n<!-- \/ Yoast SEO plugin. -->","yoast_head_json":{"title":"SD Karte Garmin MAP PILOT 2018\/2019 EUROPA Erstinstallation Aktivierung Speicherkarte Audio 20 NTG5 Star2 - Navi-Express","robots":{"index":"index","follow":"follow","max-snippet":"max-snippet:-1","max-image-preview":"max-image-preview:large","max-video-preview":"max-video-preview:-1"},"canonical":"https:\/\/www.navi-express.com\/en\/shop\/mercedes-benz\/mercedes-benz-navigation-sd-karte-garmin-map-pilot\/ntg5-star2\/sd-karte-garmin-map-pilot-2018-2019-europa-erstinstallation-aktivierung-speicherkarte-audio-20-ntg5-star2\/","og_locale":"en_US","og_type":"article","og_title":"SD Karte Garmin MAP PILOT 2018\/2019 EUROPA Erstinstallation Aktivierung Speicherkarte Audio 20 NTG5 Star2 - Navi-Express","og_description":"Original + NEU + IN FOLIE VERSCHWEI\u00dfT Mercedes-Benz\u00a0 Erstinstallation \/ Erstinbetriebnahme \/ Aktivierung SD Speicherkarte Garmin MAP PILOT 2018\/2019 EUROPA Audio 20 NTG5 Star2 bei vorhandener Vorr\u00fcstung -&gt; CODE 355","og_url":"https:\/\/www.navi-express.com\/en\/shop\/mercedes-benz\/mercedes-benz-navigation-sd-karte-garmin-map-pilot\/ntg5-star2\/sd-karte-garmin-map-pilot-2018-2019-europa-erstinstallation-aktivierung-speicherkarte-audio-20-ntg5-star2\/","og_site_name":"Navi-Express","article_modified_time":"2024-12-30T09:42:49+00:00","og_image":[{"width":1920,"height":2560,"url":"https:\/\/www.navi-express.com\/wp-content\/uploads\/2020\/09\/IMG_20210930_133117-scaled.jpg","type":"image\/jpeg"}],"twitter_card":"summary_large_image","twitter_misc":{"Est. reading time":"2 minutes"},"schema":{"@context":"https:\/\/schema.org","@graph":[{"@type":"WebPage","@id":"https:\/\/www.navi-express.com\/shop\/mercedes-benz\/mercedes-benz-navigation-sd-karte-garmin-map-pilot\/ntg5-star2\/sd-karte-garmin-map-pilot-2018-2019-europa-erstinstallation-aktivierung-speicherkarte-audio-20-ntg5-star2\/","url":"https:\/\/www.navi-express.com\/shop\/mercedes-benz\/mercedes-benz-navigation-sd-karte-garmin-map-pilot\/ntg5-star2\/sd-karte-garmin-map-pilot-2018-2019-europa-erstinstallation-aktivierung-speicherkarte-audio-20-ntg5-star2\/","name":"SD Karte Garmin MAP PILOT 2018\/2019 EUROPA Erstinstallation Aktivierung Speicherkarte Audio 20 NTG5 Star2 - Navi-Express","isPartOf":{"@id":"https:\/\/www.navi-express.com\/#website"},"primaryImageOfPage":{"@id":"https:\/\/www.navi-express.com\/shop\/mercedes-benz\/mercedes-benz-navigation-sd-karte-garmin-map-pilot\/ntg5-star2\/sd-karte-garmin-map-pilot-2018-2019-europa-erstinstallation-aktivierung-speicherkarte-audio-20-ntg5-star2\/#primaryimage"},"image":{"@id":"https:\/\/www.navi-express.com\/shop\/mercedes-benz\/mercedes-benz-navigation-sd-karte-garmin-map-pilot\/ntg5-star2\/sd-karte-garmin-map-pilot-2018-2019-europa-erstinstallation-aktivierung-speicherkarte-audio-20-ntg5-star2\/#primaryimage"},"thumbnailUrl":"https:\/\/www.navi-express.com\/wp-content\/uploads\/2020\/09\/IMG_20210930_133117-scaled.jpg","datePublished":"2020-09-17T09:56:34+00:00","dateModified":"2024-12-30T09:42:49+00:00","breadcrumb":{"@id":"https:\/\/www.navi-express.com\/shop\/mercedes-benz\/mercedes-benz-navigation-sd-karte-garmin-map-pilot\/ntg5-star2\/sd-karte-garmin-map-pilot-2018-2019-europa-erstinstallation-aktivierung-speicherkarte-audio-20-ntg5-star2\/#breadcrumb"},"inLanguage":"en-US","potentialAction":[{"@type":"ReadAction","target":["https:\/\/www.navi-express.com\/shop\/mercedes-benz\/mercedes-benz-navigation-sd-karte-garmin-map-pilot\/ntg5-star2\/sd-karte-garmin-map-pilot-2018-2019-europa-erstinstallation-aktivierung-speicherkarte-audio-20-ntg5-star2\/"]}]},{"@type":"ImageObject","inLanguage":"en-US","@id":"https:\/\/www.navi-express.com\/shop\/mercedes-benz\/mercedes-benz-navigation-sd-karte-garmin-map-pilot\/ntg5-star2\/sd-karte-garmin-map-pilot-2018-2019-europa-erstinstallation-aktivierung-speicherkarte-audio-20-ntg5-star2\/#primaryimage","url":"https:\/\/www.navi-express.com\/wp-content\/uploads\/2020\/09\/IMG_20210930_133117-scaled.jpg","contentUrl":"https:\/\/www.navi-express.com\/wp-content\/uploads\/2020\/09\/IMG_20210930_133117-scaled.jpg","width":1920,"height":2560},{"@type":"BreadcrumbList","@id":"https:\/\/www.navi-express.com\/shop\/mercedes-benz\/mercedes-benz-navigation-sd-karte-garmin-map-pilot\/ntg5-star2\/sd-karte-garmin-map-pilot-2018-2019-europa-erstinstallation-aktivierung-speicherkarte-audio-20-ntg5-star2\/#breadcrumb","itemListElement":[{"@type":"ListItem","position":1,"name":"Startseite","item":"https:\/\/www.navi-express.com\/"},{"@type":"ListItem","position":2,"name":"Shop","item":"https:\/\/www.navi-express.com\/shop\/"},{"@type":"ListItem","position":3,"name":"SD Karte Garmin MAP PILOT 2018\/2019 EUROPA Erstinstallation Aktivierung Speicherkarte Audio 20 NTG5 Star2"}]},{"@type":"WebSite","@id":"https:\/\/www.navi-express.com\/#website","url":"https:\/\/www.navi-express.com\/","name":"Navi-Express","description":"Ihr Experte f\u00fcr Navigation","publisher":{"@id":"https:\/\/www.navi-express.com\/#organization"},"alternateName":"NE","potentialAction":[{"@type":"SearchAction","target":{"@type":"EntryPoint","urlTemplate":"https:\/\/www.navi-express.com\/?s={search_term_string}"},"query-input":{"@type":"PropertyValueSpecification","valueRequired":true,"valueName":"search_term_string"}}],"inLanguage":"en-US"},{"@type":"Organization","@id":"https:\/\/www.navi-express.com\/#organization","name":"Navi-Express","alternateName":"NE","url":"https:\/\/www.navi-express.com\/","logo":{"@type":"ImageObject","inLanguage":"en-US","@id":"https:\/\/www.navi-express.com\/#\/schema\/logo\/image\/","url":"https:\/\/www.navi-express.com\/wp-content\/uploads\/2019\/03\/cropped-logo-transpbearb-1.png","contentUrl":"https:\/\/www.navi-express.com\/wp-content\/uploads\/2019\/03\/cropped-logo-transpbearb-1.png","width":512,"height":512,"caption":"Navi-Express"},"image":{"@id":"https:\/\/www.navi-express.com\/#\/schema\/logo\/image\/"}}]}},"_links":{"self":[{"href":"https:\/\/www.navi-express.com\/en\/wp-json\/wp\/v2\/product\/615","targetHints":{"allow":["GET"]}}],"collection":[{"href":"https:\/\/www.navi-express.com\/en\/wp-json\/wp\/v2\/product"}],"about":[{"href":"https:\/\/www.navi-express.com\/en\/wp-json\/wp\/v2\/types\/product"}],"wp:featuredmedia":[{"embeddable":true,"href":"https:\/\/www.navi-express.com\/en\/wp-json\/wp\/v2\/media\/823"}],"wp:attachment":[{"href":"https:\/\/www.navi-express.com\/en\/wp-json\/wp\/v2\/media?parent=615"}],"wp:term":[{"taxonomy":"product_brand","embeddable":true,"href":"https:\/\/www.navi-express.com\/en\/wp-json\/wp\/v2\/product_brand?post=615"},{"taxonomy":"product_cat","embeddable":true,"href":"https:\/\/www.navi-express.com\/en\/wp-json\/wp\/v2\/product_cat?post=615"},{"taxonomy":"product_tag","embeddable":true,"href":"https:\/\/www.navi-express.com\/en\/wp-json\/wp\/v2\/product_tag?post=615"}],"curies":[{"name":"wp","href":"https:\/\/api.w.org\/{rel}","templated":true}]}}