{"id":6267,"date":"2026-03-27T10:15:57","date_gmt":"2026-03-27T09:15:57","guid":{"rendered":"https:\/\/www.navi-express.com\/?post_type=product&#038;p=6267"},"modified":"2026-04-11T09:55:13","modified_gmt":"2026-04-11T07:55:13","slug":"tomtom-halterung-clip-7-zoll-geraete-discover-expert-camper-max-1-ohne-saugnapf","status":"publish","type":"product","link":"https:\/\/www.navi-express.com\/en\/shop\/tomtom\/zubehoer\/tomtom-halterung-clip-7-zoll-geraete-discover-expert-camper-max-1-ohne-saugnapf\/","title":{"rendered":"TomTom Halterung Clip 7 Zoll Ger\u00e4te Discover Expert Camper Max 1 (OHNE SAUGNAPF)"},"content":{"rendered":"<p>&nbsp;<\/p>\n<div>\n<div><b><span style=\"font-size: large;\">Originaler und Neuer TomTom Aktiv Magnet Halterungsclip f\u00fcr die R\u00fcckseite<\/span><\/b><\/div>\n<div><b><span style=\"font-size: large;\">geeignet f\u00fcr verschiedene 7 Zoll TomTom Ger\u00e4te (Siehe weiter unten)<\/span><\/b><\/div>\n<div><b><span style=\"color: #0039f3; font-size: large;\">\u00a0<\/span><\/b><\/div>\n<div><b><span style=\"color: #0039f3; font-size: large;\">&gt;&gt; KEIN Saugnapf mit dabei !<\/span><\/b><\/div>\n<div><b><span style=\"color: #0039f3; font-size: large;\">&gt;&gt; Micro-USB Anschluss an der R\u00fcckseite (KEIN USB-C!)<\/span><\/b><\/div>\n<div><b><span style=\"color: #0039f3; font-size: large;\">&gt;&gt; NICHT geeignet f\u00fcr 5 oder 6 Zoll TomTom Ger\u00e4te (PASST NICHT!)<\/span><\/b><\/div>\n<div>\n<p>&nbsp;<\/p>\n<\/div>\n<div><\/div>\n<div><\/div>\n<div>\n<div>\n<p><b><u><span style=\"font-size: large;\">Geeignet f\u00fcr die folgenden TomTom Ger\u00e4te mit 7 Zoll:<\/span><\/u><\/b><\/p>\n<\/div>\n<div>\n<ul>\n<li><b><span style=\"font-size: large;\">GO Discover mit 7 Zoll<\/span><\/b><\/li>\n<li><b><span style=\"font-size: large;\">GO Expert mit 7 Zoll<\/span><\/b><\/li>\n<li><b><span style=\"font-size: large;\">GO Camper Max (1. Generation) mit 7 Zoll<\/span><\/b><\/li>\n<li><b><span style=\"font-size: large;\">GO Exclusive mit 7 Zoll<\/span><\/b><\/li>\n<\/ul>\n<\/div>\n<\/div>\n<\/div>\n<p>&nbsp;<\/p>\n<p>&nbsp;<\/p>\n<p>____________________________________________________________________________________________________________________<\/p>\n<p><strong><span style=\"color: #000000;\"><u>Hersteller \/ EU verantwortliche Person:<\/u><\/span><\/strong><\/p>\n<p><strong><span style=\"color: #000000;\">TomTom N.V.<\/span><\/strong><\/p>\n<p><strong><span style=\"color: #000000;\">De Ruijterkade 154<\/span><\/strong><\/p>\n<p><strong><span style=\"color: #000000;\">1011 AC Amsterdam<\/span><\/strong><\/p>\n<p><strong><span style=\"color: #000000;\">The Netherlands<\/span><\/strong><\/p>\n<p><strong><span style=\"color: #000000;\">Tel.: +31 20-757-5000<\/span><\/strong><\/p>\n<p><strong><span style=\"color: #000000;\">E-Mail: IR@tomtom.com<\/span><\/strong><\/p>","protected":false},"excerpt":{"rendered":"<p>&nbsp; Originaler und Neuer TomTom Aktiv Magnet Halterungsclip f\u00fcr die R\u00fcckseite geeignet f\u00fcr verschiedene 7 Zoll TomTom Ger\u00e4te (Siehe weiter unten) \u00a0 &gt;&gt; KEIN Saugnapf mit dabei ! &gt;&gt; Micro-USB Anschluss an der R\u00fcckseite (KEIN USB-C!) &gt;&gt; NICHT geeignet f\u00fcr 5 oder 6 Zoll TomTom Ger\u00e4te (PASST NICHT!) &nbsp; Geeignet f\u00fcr die folgenden TomTom Ger\u00e4te [&hellip;]<\/p>\n","protected":false},"featured_media":6268,"template":"","meta":{"ocean_post_layout":"","ocean_both_sidebars_style":"","ocean_both_sidebars_content_width":0,"ocean_both_sidebars_sidebars_width":0,"ocean_sidebar":"0","ocean_second_sidebar":"0","ocean_disable_margins":"enable","ocean_add_body_class":"","ocean_shortcode_before_top_bar":"","ocean_shortcode_after_top_bar":"","ocean_shortcode_before_header":"","ocean_shortcode_after_header":"","ocean_has_shortcode":"","ocean_shortcode_after_title":"","ocean_shortcode_before_footer_widgets":"","ocean_shortcode_after_footer_widgets":"","ocean_shortcode_before_footer_bottom":"","ocean_shortcode_after_footer_bottom":"","ocean_display_top_bar":"default","ocean_display_header":"default","ocean_header_style":"","ocean_center_header_left_menu":"0","ocean_custom_header_template":"0","ocean_custom_logo":0,"ocean_custom_retina_logo":0,"ocean_custom_logo_max_width":0,"ocean_custom_logo_tablet_max_width":0,"ocean_custom_logo_mobile_max_width":0,"ocean_custom_logo_max_height":0,"ocean_custom_logo_tablet_max_height":0,"ocean_custom_logo_mobile_max_height":0,"ocean_header_custom_menu":"0","ocean_menu_typo_font_family":"0","ocean_menu_typo_font_subset":"","ocean_menu_typo_font_size":0,"ocean_menu_typo_font_size_tablet":0,"ocean_menu_typo_font_size_mobile":0,"ocean_menu_typo_font_size_unit":"px","ocean_menu_typo_font_weight":"","ocean_menu_typo_font_weight_tablet":"","ocean_menu_typo_font_weight_mobile":"","ocean_menu_typo_transform":"","ocean_menu_typo_transform_tablet":"","ocean_menu_typo_transform_mobile":"","ocean_menu_typo_line_height":0,"ocean_menu_typo_line_height_tablet":0,"ocean_menu_typo_line_height_mobile":0,"ocean_menu_typo_line_height_unit":"","ocean_menu_typo_spacing":0,"ocean_menu_typo_spacing_tablet":0,"ocean_menu_typo_spacing_mobile":0,"ocean_menu_typo_spacing_unit":"","ocean_menu_link_color":"","ocean_menu_link_color_hover":"","ocean_menu_link_color_active":"","ocean_menu_link_background":"","ocean_menu_link_hover_background":"","ocean_menu_link_active_background":"","ocean_menu_social_links_bg":"","ocean_menu_social_hover_links_bg":"","ocean_menu_social_links_color":"","ocean_menu_social_hover_links_color":"","ocean_disable_title":"default","ocean_disable_heading":"default","ocean_post_title":"","ocean_post_subheading":"","ocean_post_title_style":"","ocean_post_title_background_color":"","ocean_post_title_background":0,"ocean_post_title_bg_image_position":"","ocean_post_title_bg_image_attachment":"","ocean_post_title_bg_image_repeat":"","ocean_post_title_bg_image_size":"","ocean_post_title_height":0,"ocean_post_title_bg_overlay":0.5,"ocean_post_title_bg_overlay_color":"","ocean_disable_breadcrumbs":"default","ocean_breadcrumbs_color":"","ocean_breadcrumbs_separator_color":"","ocean_breadcrumbs_links_color":"","ocean_breadcrumbs_links_hover_color":"","ocean_display_footer_widgets":"default","ocean_display_footer_bottom":"default","ocean_custom_footer_template":"0"},"product_brand":[],"product_cat":[639],"product_tag":[1527,1335],"class_list":{"0":"post-6267","1":"product","2":"type-product","3":"status-publish","4":"has-post-thumbnail","6":"product_cat-zubehoer","7":"product_tag-7-zoll","8":"product_tag-halterung-aufnahme","10":"entry","11":"has-media","13":"first","14":"outofstock","15":"purchasable","16":"product-type-simple","17":"col","18":"span_1_of_4","19":"owp-content-center","20":"item-entry","21":"owp-thumbs-layout-horizontal","22":"owp-btn-normal","23":"owp-tabs-layout-horizontal"},"yoast_head":"<!-- This site is optimized with the Yoast SEO plugin v27.3 - https:\/\/yoast.com\/product\/yoast-seo-wordpress\/ -->\n<title>TomTom Halterung Aufnahme f\u00fcr verschiedene 7 Zoll Ger\u00e4te<\/title>\n<meta name=\"description\" content=\"Originale und Neue TomTom Halterungsaufnahme geeignet f\u00fcr TomTom Ger\u00e4te mit 7 Zoll wie Go Discover, Expert, Camper Max (1. GEN), Exclusive.\" \/>\n<meta name=\"robots\" content=\"index, follow, max-snippet:-1, max-image-preview:large, max-video-preview:-1\" \/>\n<link rel=\"canonical\" href=\"https:\/\/www.navi-express.com\/en\/shop\/tomtom\/zubehoer\/tomtom-halterung-clip-7-zoll-geraete-discover-expert-camper-max-1-ohne-saugnapf\/\" \/>\n<meta property=\"og:locale\" content=\"en_US\" \/>\n<meta property=\"og:type\" content=\"article\" \/>\n<meta property=\"og:title\" content=\"TomTom Halterung Aufnahme f\u00fcr verschiedene 7 Zoll Ger\u00e4te\" \/>\n<meta property=\"og:description\" content=\"Originale und Neue TomTom Halterungsaufnahme geeignet f\u00fcr TomTom Ger\u00e4te mit 7 Zoll wie Go Discover, Expert, Camper Max (1. GEN), Exclusive.\" \/>\n<meta property=\"og:url\" content=\"https:\/\/www.navi-express.com\/en\/shop\/tomtom\/zubehoer\/tomtom-halterung-clip-7-zoll-geraete-discover-expert-camper-max-1-ohne-saugnapf\/\" \/>\n<meta property=\"og:site_name\" content=\"Navi-Express\" \/>\n<meta property=\"article:modified_time\" content=\"2026-04-11T07:55:13+00:00\" \/>\n<meta property=\"og:image\" content=\"https:\/\/www.navi-express.com\/wp-content\/uploads\/2026\/03\/Screenshot_2.jpg\" \/>\n\t<meta property=\"og:image:width\" content=\"1256\" \/>\n\t<meta property=\"og:image:height\" content=\"946\" \/>\n\t<meta property=\"og:image:type\" content=\"image\/jpeg\" \/>\n<meta name=\"twitter:card\" content=\"summary_large_image\" \/>\n<meta name=\"twitter:label1\" content=\"Est. reading time\" \/>\n\t<meta name=\"twitter:data1\" content=\"1 minute\" \/>\n<script type=\"application\/ld+json\" class=\"yoast-schema-graph\">{\"@context\":\"https:\\\/\\\/schema.org\",\"@graph\":[{\"@type\":\"WebPage\",\"@id\":\"https:\\\/\\\/www.navi-express.com\\\/shop\\\/tomtom\\\/zubehoer\\\/tomtom-halterung-clip-7-zoll-geraete-discover-expert-camper-max-1-ohne-saugnapf\\\/\",\"url\":\"https:\\\/\\\/www.navi-express.com\\\/shop\\\/tomtom\\\/zubehoer\\\/tomtom-halterung-clip-7-zoll-geraete-discover-expert-camper-max-1-ohne-saugnapf\\\/\",\"name\":\"TomTom Halterung Aufnahme f\u00fcr verschiedene 7 Zoll Ger\u00e4te\",\"isPartOf\":{\"@id\":\"https:\\\/\\\/www.navi-express.com\\\/#website\"},\"primaryImageOfPage\":{\"@id\":\"https:\\\/\\\/www.navi-express.com\\\/shop\\\/tomtom\\\/zubehoer\\\/tomtom-halterung-clip-7-zoll-geraete-discover-expert-camper-max-1-ohne-saugnapf\\\/#primaryimage\"},\"image\":{\"@id\":\"https:\\\/\\\/www.navi-express.com\\\/shop\\\/tomtom\\\/zubehoer\\\/tomtom-halterung-clip-7-zoll-geraete-discover-expert-camper-max-1-ohne-saugnapf\\\/#primaryimage\"},\"thumbnailUrl\":\"https:\\\/\\\/www.navi-express.com\\\/wp-content\\\/uploads\\\/2026\\\/03\\\/Screenshot_2.jpg\",\"datePublished\":\"2026-03-27T09:15:57+00:00\",\"dateModified\":\"2026-04-11T07:55:13+00:00\",\"description\":\"Originale und Neue TomTom Halterungsaufnahme geeignet f\u00fcr TomTom Ger\u00e4te mit 7 Zoll wie Go Discover, Expert, Camper Max (1. GEN), Exclusive.\",\"breadcrumb\":{\"@id\":\"https:\\\/\\\/www.navi-express.com\\\/shop\\\/tomtom\\\/zubehoer\\\/tomtom-halterung-clip-7-zoll-geraete-discover-expert-camper-max-1-ohne-saugnapf\\\/#breadcrumb\"},\"inLanguage\":\"en-US\",\"potentialAction\":[{\"@type\":\"ReadAction\",\"target\":[\"https:\\\/\\\/www.navi-express.com\\\/shop\\\/tomtom\\\/zubehoer\\\/tomtom-halterung-clip-7-zoll-geraete-discover-expert-camper-max-1-ohne-saugnapf\\\/\"]}]},{\"@type\":\"ImageObject\",\"inLanguage\":\"en-US\",\"@id\":\"https:\\\/\\\/www.navi-express.com\\\/shop\\\/tomtom\\\/zubehoer\\\/tomtom-halterung-clip-7-zoll-geraete-discover-expert-camper-max-1-ohne-saugnapf\\\/#primaryimage\",\"url\":\"https:\\\/\\\/www.navi-express.com\\\/wp-content\\\/uploads\\\/2026\\\/03\\\/Screenshot_2.jpg\",\"contentUrl\":\"https:\\\/\\\/www.navi-express.com\\\/wp-content\\\/uploads\\\/2026\\\/03\\\/Screenshot_2.jpg\",\"width\":1256,\"height\":946},{\"@type\":\"BreadcrumbList\",\"@id\":\"https:\\\/\\\/www.navi-express.com\\\/shop\\\/tomtom\\\/zubehoer\\\/tomtom-halterung-clip-7-zoll-geraete-discover-expert-camper-max-1-ohne-saugnapf\\\/#breadcrumb\",\"itemListElement\":[{\"@type\":\"ListItem\",\"position\":1,\"name\":\"Startseite\",\"item\":\"https:\\\/\\\/www.navi-express.com\\\/\"},{\"@type\":\"ListItem\",\"position\":2,\"name\":\"Shop\",\"item\":\"https:\\\/\\\/www.navi-express.com\\\/shop\\\/\"},{\"@type\":\"ListItem\",\"position\":3,\"name\":\"TomTom Halterung Clip 7 Zoll Ger\u00e4te Discover Expert Camper Max 1 (OHNE SAUGNAPF)\"}]},{\"@type\":\"WebSite\",\"@id\":\"https:\\\/\\\/www.navi-express.com\\\/#website\",\"url\":\"https:\\\/\\\/www.navi-express.com\\\/\",\"name\":\"Navi-Express\",\"description\":\"Ihr Experte f\u00fcr Navigation\",\"publisher\":{\"@id\":\"https:\\\/\\\/www.navi-express.com\\\/#organization\"},\"alternateName\":\"NE\",\"potentialAction\":[{\"@type\":\"SearchAction\",\"target\":{\"@type\":\"EntryPoint\",\"urlTemplate\":\"https:\\\/\\\/www.navi-express.com\\\/?s={search_term_string}\"},\"query-input\":{\"@type\":\"PropertyValueSpecification\",\"valueRequired\":true,\"valueName\":\"search_term_string\"}}],\"inLanguage\":\"en-US\"},{\"@type\":\"Organization\",\"@id\":\"https:\\\/\\\/www.navi-express.com\\\/#organization\",\"name\":\"Navi-Express\",\"alternateName\":\"NE\",\"url\":\"https:\\\/\\\/www.navi-express.com\\\/\",\"logo\":{\"@type\":\"ImageObject\",\"inLanguage\":\"en-US\",\"@id\":\"https:\\\/\\\/www.navi-express.com\\\/#\\\/schema\\\/logo\\\/image\\\/\",\"url\":\"https:\\\/\\\/www.navi-express.com\\\/wp-content\\\/uploads\\\/2019\\\/03\\\/cropped-logo-transpbearb-1.png\",\"contentUrl\":\"https:\\\/\\\/www.navi-express.com\\\/wp-content\\\/uploads\\\/2019\\\/03\\\/cropped-logo-transpbearb-1.png\",\"width\":512,\"height\":512,\"caption\":\"Navi-Express\"},\"image\":{\"@id\":\"https:\\\/\\\/www.navi-express.com\\\/#\\\/schema\\\/logo\\\/image\\\/\"}}]}<\/script>\n<!-- \/ Yoast SEO plugin. -->","yoast_head_json":{"title":"TomTom Halterung Aufnahme f\u00fcr verschiedene 7 Zoll Ger\u00e4te","description":"Originale und Neue TomTom Halterungsaufnahme geeignet f\u00fcr TomTom Ger\u00e4te mit 7 Zoll wie Go Discover, Expert, Camper Max (1. GEN), Exclusive.","robots":{"index":"index","follow":"follow","max-snippet":"max-snippet:-1","max-image-preview":"max-image-preview:large","max-video-preview":"max-video-preview:-1"},"canonical":"https:\/\/www.navi-express.com\/en\/shop\/tomtom\/zubehoer\/tomtom-halterung-clip-7-zoll-geraete-discover-expert-camper-max-1-ohne-saugnapf\/","og_locale":"en_US","og_type":"article","og_title":"TomTom Halterung Aufnahme f\u00fcr verschiedene 7 Zoll Ger\u00e4te","og_description":"Originale und Neue TomTom Halterungsaufnahme geeignet f\u00fcr TomTom Ger\u00e4te mit 7 Zoll wie Go Discover, Expert, Camper Max (1. GEN), Exclusive.","og_url":"https:\/\/www.navi-express.com\/en\/shop\/tomtom\/zubehoer\/tomtom-halterung-clip-7-zoll-geraete-discover-expert-camper-max-1-ohne-saugnapf\/","og_site_name":"Navi-Express","article_modified_time":"2026-04-11T07:55:13+00:00","og_image":[{"width":1256,"height":946,"url":"https:\/\/www.navi-express.com\/wp-content\/uploads\/2026\/03\/Screenshot_2.jpg","type":"image\/jpeg"}],"twitter_card":"summary_large_image","twitter_misc":{"Est. reading time":"1 minute"},"schema":{"@context":"https:\/\/schema.org","@graph":[{"@type":"WebPage","@id":"https:\/\/www.navi-express.com\/shop\/tomtom\/zubehoer\/tomtom-halterung-clip-7-zoll-geraete-discover-expert-camper-max-1-ohne-saugnapf\/","url":"https:\/\/www.navi-express.com\/shop\/tomtom\/zubehoer\/tomtom-halterung-clip-7-zoll-geraete-discover-expert-camper-max-1-ohne-saugnapf\/","name":"TomTom Halterung Aufnahme f\u00fcr verschiedene 7 Zoll Ger\u00e4te","isPartOf":{"@id":"https:\/\/www.navi-express.com\/#website"},"primaryImageOfPage":{"@id":"https:\/\/www.navi-express.com\/shop\/tomtom\/zubehoer\/tomtom-halterung-clip-7-zoll-geraete-discover-expert-camper-max-1-ohne-saugnapf\/#primaryimage"},"image":{"@id":"https:\/\/www.navi-express.com\/shop\/tomtom\/zubehoer\/tomtom-halterung-clip-7-zoll-geraete-discover-expert-camper-max-1-ohne-saugnapf\/#primaryimage"},"thumbnailUrl":"https:\/\/www.navi-express.com\/wp-content\/uploads\/2026\/03\/Screenshot_2.jpg","datePublished":"2026-03-27T09:15:57+00:00","dateModified":"2026-04-11T07:55:13+00:00","description":"Originale und Neue TomTom Halterungsaufnahme geeignet f\u00fcr TomTom Ger\u00e4te mit 7 Zoll wie Go Discover, Expert, Camper Max (1. GEN), Exclusive.","breadcrumb":{"@id":"https:\/\/www.navi-express.com\/shop\/tomtom\/zubehoer\/tomtom-halterung-clip-7-zoll-geraete-discover-expert-camper-max-1-ohne-saugnapf\/#breadcrumb"},"inLanguage":"en-US","potentialAction":[{"@type":"ReadAction","target":["https:\/\/www.navi-express.com\/shop\/tomtom\/zubehoer\/tomtom-halterung-clip-7-zoll-geraete-discover-expert-camper-max-1-ohne-saugnapf\/"]}]},{"@type":"ImageObject","inLanguage":"en-US","@id":"https:\/\/www.navi-express.com\/shop\/tomtom\/zubehoer\/tomtom-halterung-clip-7-zoll-geraete-discover-expert-camper-max-1-ohne-saugnapf\/#primaryimage","url":"https:\/\/www.navi-express.com\/wp-content\/uploads\/2026\/03\/Screenshot_2.jpg","contentUrl":"https:\/\/www.navi-express.com\/wp-content\/uploads\/2026\/03\/Screenshot_2.jpg","width":1256,"height":946},{"@type":"BreadcrumbList","@id":"https:\/\/www.navi-express.com\/shop\/tomtom\/zubehoer\/tomtom-halterung-clip-7-zoll-geraete-discover-expert-camper-max-1-ohne-saugnapf\/#breadcrumb","itemListElement":[{"@type":"ListItem","position":1,"name":"Startseite","item":"https:\/\/www.navi-express.com\/"},{"@type":"ListItem","position":2,"name":"Shop","item":"https:\/\/www.navi-express.com\/shop\/"},{"@type":"ListItem","position":3,"name":"TomTom Halterung Clip 7 Zoll Ger\u00e4te Discover Expert Camper Max 1 (OHNE SAUGNAPF)"}]},{"@type":"WebSite","@id":"https:\/\/www.navi-express.com\/#website","url":"https:\/\/www.navi-express.com\/","name":"Navi-Express","description":"Ihr Experte f\u00fcr Navigation","publisher":{"@id":"https:\/\/www.navi-express.com\/#organization"},"alternateName":"NE","potentialAction":[{"@type":"SearchAction","target":{"@type":"EntryPoint","urlTemplate":"https:\/\/www.navi-express.com\/?s={search_term_string}"},"query-input":{"@type":"PropertyValueSpecification","valueRequired":true,"valueName":"search_term_string"}}],"inLanguage":"en-US"},{"@type":"Organization","@id":"https:\/\/www.navi-express.com\/#organization","name":"Navi-Express","alternateName":"NE","url":"https:\/\/www.navi-express.com\/","logo":{"@type":"ImageObject","inLanguage":"en-US","@id":"https:\/\/www.navi-express.com\/#\/schema\/logo\/image\/","url":"https:\/\/www.navi-express.com\/wp-content\/uploads\/2019\/03\/cropped-logo-transpbearb-1.png","contentUrl":"https:\/\/www.navi-express.com\/wp-content\/uploads\/2019\/03\/cropped-logo-transpbearb-1.png","width":512,"height":512,"caption":"Navi-Express"},"image":{"@id":"https:\/\/www.navi-express.com\/#\/schema\/logo\/image\/"}}]}},"_links":{"self":[{"href":"https:\/\/www.navi-express.com\/en\/wp-json\/wp\/v2\/product\/6267","targetHints":{"allow":["GET"]}}],"collection":[{"href":"https:\/\/www.navi-express.com\/en\/wp-json\/wp\/v2\/product"}],"about":[{"href":"https:\/\/www.navi-express.com\/en\/wp-json\/wp\/v2\/types\/product"}],"wp:featuredmedia":[{"embeddable":true,"href":"https:\/\/www.navi-express.com\/en\/wp-json\/wp\/v2\/media\/6268"}],"wp:attachment":[{"href":"https:\/\/www.navi-express.com\/en\/wp-json\/wp\/v2\/media?parent=6267"}],"wp:term":[{"taxonomy":"product_brand","embeddable":true,"href":"https:\/\/www.navi-express.com\/en\/wp-json\/wp\/v2\/product_brand?post=6267"},{"taxonomy":"product_cat","embeddable":true,"href":"https:\/\/www.navi-express.com\/en\/wp-json\/wp\/v2\/product_cat?post=6267"},{"taxonomy":"product_tag","embeddable":true,"href":"https:\/\/www.navi-express.com\/en\/wp-json\/wp\/v2\/product_tag?post=6267"}],"curies":[{"name":"wp","href":"https:\/\/api.w.org\/{rel}","templated":true}]}}